
{"id":979,"date":"2023-01-08T21:14:34","date_gmt":"2023-01-08T21:14:34","guid":{"rendered":"https:\/\/imeba.clinic\/?page_id=979"},"modified":"2024-04-05T11:27:06","modified_gmt":"2024-04-05T10:27:06","slug":"varices-aranas-vasculares","status":"publish","type":"page","link":"https:\/\/imeba.clinic\/en\/corporal\/varices-aranas-vasculares\/","title":{"rendered":"Varicose \/ spider veins"},"content":{"rendered":"<div data-elementor-type=\"wp-page\" data-elementor-id=\"979\" class=\"elementor elementor-979\" data-elementor-post-type=\"page\">\n\t\t\t\t\t\t<section class=\"elementor-section elementor-top-section elementor-element elementor-element-0af064f elementor-section-height-min-height elementor-section-boxed elementor-section-height-default elementor-section-items-middle\" data-id=\"0af064f\" data-element_type=\"section\" data-settings=\"{&quot;background_background&quot;:&quot;classic&quot;,&quot;background_motion_fx_motion_fx_scrolling&quot;:&quot;yes&quot;,&quot;background_motion_fx_translateY_effect&quot;:&quot;yes&quot;,&quot;jet_parallax_layout_list&quot;:[],&quot;background_motion_fx_translateY_speed&quot;:{&quot;unit&quot;:&quot;px&quot;,&quot;size&quot;:4,&quot;sizes&quot;:[]},&quot;background_motion_fx_translateY_affectedRange&quot;:{&quot;unit&quot;:&quot;%&quot;,&quot;size&quot;:&quot;&quot;,&quot;sizes&quot;:{&quot;start&quot;:0,&quot;end&quot;:100}},&quot;background_motion_fx_devices&quot;:[&quot;desktop&quot;,&quot;tablet&quot;,&quot;mobile&quot;]}\">\n\t\t\t\t\t\t\t<div class=\"elementor-background-overlay\"><\/div>\n\t\t\t\t\t\t\t<div class=\"elementor-container elementor-column-gap-default\">\n\t\t\t\t\t<div class=\"elementor-column elementor-col-100 elementor-top-column elementor-element elementor-element-c5d3f66\" data-id=\"c5d3f66\" data-element_type=\"column\">\n\t\t\t<div class=\"elementor-widget-wrap elementor-element-populated\">\n\t\t\t\t\t\t<div class=\"elementor-element elementor-element-18ce09a elementor-widget elementor-widget-heading\" data-id=\"18ce09a\" data-element_type=\"widget\" data-widget_type=\"heading.default\">\n\t\t\t\t\t<h5 class=\"elementor-heading-title elementor-size-default\">Body<\/h5>\t\t\t\t<\/div>\n\t\t\t\t\t<\/div>\n\t\t<\/div>\n\t\t\t\t\t<\/div>\n\t\t<\/section>\n\t\t\t\t<section class=\"elementor-section elementor-top-section elementor-element elementor-element-eb7288d elementor-section-boxed elementor-section-height-default elementor-section-height-default\" data-id=\"eb7288d\" data-element_type=\"section\" data-settings=\"{&quot;jet_parallax_layout_list&quot;:[]}\">\n\t\t\t\t\t\t<div class=\"elementor-container elementor-column-gap-default\">\n\t\t\t\t\t<div class=\"elementor-column elementor-col-50 elementor-top-column elementor-element elementor-element-3b18133\" data-id=\"3b18133\" data-element_type=\"column\">\n\t\t\t<div class=\"elementor-widget-wrap elementor-element-populated\">\n\t\t\t\t\t\t<div class=\"elementor-element elementor-element-82f68aa elementor-widget elementor-widget-image\" data-id=\"82f68aa\" data-element_type=\"widget\" data-widget_type=\"image.default\">\n\t\t\t\t\t\t\t\t\t\t\t\t\t\t\t<img fetchpriority=\"high\" decoding=\"async\" width=\"800\" height=\"534\" src=\"https:\/\/imeba.clinic\/wp-content\/uploads\/2023\/01\/Varices-aranas-Vasculares-1024x684.jpg\" class=\"attachment-large size-large wp-image-984\" alt=\"\" srcset=\"https:\/\/imeba.clinic\/wp-content\/uploads\/2023\/01\/Varices-aranas-Vasculares-1024x684.jpg 1024w, https:\/\/imeba.clinic\/wp-content\/uploads\/2023\/01\/Varices-aranas-Vasculares-300x200.jpg 300w, https:\/\/imeba.clinic\/wp-content\/uploads\/2023\/01\/Varices-aranas-Vasculares-768x513.jpg 768w, https:\/\/imeba.clinic\/wp-content\/uploads\/2023\/01\/Varices-aranas-Vasculares-1536x1025.jpg 1536w, https:\/\/imeba.clinic\/wp-content\/uploads\/2023\/01\/Varices-aranas-Vasculares.jpg 2000w\" sizes=\"(max-width: 800px) 100vw, 800px\" \/>\t\t\t\t\t\t\t\t\t\t\t\t\t\t\t<\/div>\n\t\t\t\t<div class=\"elementor-element elementor-element-7007099 elementor-widget elementor-widget-heading\" data-id=\"7007099\" data-element_type=\"widget\" data-widget_type=\"heading.default\">\n\t\t\t\t\t<h2 class=\"elementor-heading-title elementor-size-default\">Remove varicose veins, spider veins, couperose veins, rosacea and ruby spots.<\/h2>\t\t\t\t<\/div>\n\t\t\t\t<div class=\"elementor-element elementor-element-d5bafa4 elementor-widget elementor-widget-text-editor\" data-id=\"d5bafa4\" data-element_type=\"widget\" data-widget_type=\"text-editor.default\">\n\t\t\t\t\t\t\t\t\t<p>A new technology for the treatment of telangiectasias, varicose veins, spider veins, couperose veins, rosacea and ruby spots.<\/p>\t\t\t\t\t\t\t\t<\/div>\n\t\t\t\t<div class=\"elementor-element elementor-element-ba59dc7 advance-lists elementor-widget elementor-widget-text-editor\" data-id=\"ba59dc7\" data-element_type=\"widget\" data-widget_type=\"text-editor.default\">\n\t\t\t\t\t\t\t\t\t<ul>\n<li>Long-lasting and immediate results.<\/li>\n<li>Quick sessions (usually less than 30 minutes).<\/li>\n<li>It can be used all over the body, including the most sensitive areas such as the ankles, knees and face.<\/li>\n<li>No bandages are needed.<\/li>\n<li>Highly tolerable treatment, with minimal discomfort.<\/li>\n<li>For all skin types.<\/li>\n<li>Without side effects.<\/li>\n<li>No risk of hyper- or hypopigmentation.<\/li>\n<li>No scars.<\/li>\n<li>No bruising.<\/li>\n<li>No allergic reactions.<\/li>\n<li>No burns.<\/li>\n<li>No necrosis.<\/li>\n<li>No inflammation.<\/li>\n<li>Immediate recovery.<\/li>\n<\/ul><div><b style=\"color: var( --e-global-color-secondary ); font-family: var( --e-global-typography-9ecb02f-font-family ), Sans-serif; font-size: var( --e-global-typography-9ecb02f-font-size ); letter-spacing: var( --e-global-typography-9ecb02f-letter-spacing ); word-spacing: var( --e-global-typography-9ecb02f-word-spacing );\"><br><\/b><\/div><div><b style=\"color: var( --e-global-color-secondary ); font-family: var( --e-global-typography-9ecb02f-font-family ), Sans-serif; font-size: var( --e-global-typography-9ecb02f-font-size ); letter-spacing: var( --e-global-typography-9ecb02f-letter-spacing ); word-spacing: var( --e-global-typography-9ecb02f-word-spacing );\">RECOMENDAMOS EL TRATAMIENTO ENTRE OCTUBRE Y MARZO!<\/b><br><\/div>\t\t\t\t\t\t\t\t<\/div>\n\t\t\t\t\t<\/div>\n\t\t<\/div>\n\t\t\t\t<div class=\"elementor-column elementor-col-50 elementor-top-column elementor-element elementor-element-a7fd0f5\" data-id=\"a7fd0f5\" data-element_type=\"column\">\n\t\t\t<div class=\"elementor-widget-wrap elementor-element-populated\">\n\t\t\t\t\t\t<section class=\"elementor-section elementor-inner-section elementor-element elementor-element-395c5b5 elementor-section-boxed elementor-section-height-default elementor-section-height-default\" data-id=\"395c5b5\" data-element_type=\"section\" data-settings=\"{&quot;background_background&quot;:&quot;classic&quot;,&quot;sticky&quot;:&quot;top&quot;,&quot;sticky_offset&quot;:120,&quot;sticky_parent&quot;:&quot;yes&quot;,&quot;jet_parallax_layout_list&quot;:[],&quot;sticky_on&quot;:[&quot;desktop&quot;,&quot;tablet&quot;,&quot;mobile&quot;],&quot;sticky_effects_offset&quot;:0,&quot;sticky_anchor_link_offset&quot;:0}\">\n\t\t\t\t\t\t<div class=\"elementor-container elementor-column-gap-default\">\n\t\t\t\t\t<div class=\"elementor-column elementor-col-100 elementor-inner-column elementor-element elementor-element-af02d86\" data-id=\"af02d86\" data-element_type=\"column\">\n\t\t\t<div class=\"elementor-widget-wrap elementor-element-populated\">\n\t\t\t\t\t\t<div class=\"elementor-element elementor-element-9918fe1 elementor-widget elementor-widget-heading\" data-id=\"9918fe1\" data-element_type=\"widget\" data-widget_type=\"heading.default\">\n\t\t\t\t\t<h2 class=\"elementor-heading-title elementor-size-default\">Price starting at:<\/h2>\t\t\t\t<\/div>\n\t\t\t\t<div class=\"elementor-element elementor-element-cb4a5e5 Price elementor-widget elementor-widget-heading\" data-id=\"cb4a5e5\" data-element_type=\"widget\" data-widget_type=\"heading.default\">\n\t\t\t\t\t<h2 class=\"elementor-heading-title elementor-size-default\">295\u20ac<span>\/ sesi\u00f3n un vial<\/span><\/h2>\t\t\t\t<\/div>\n\t\t\t\t<div class=\"elementor-element elementor-element-e07fa54 elementor-widget elementor-widget-text-editor\" data-id=\"e07fa54\" data-element_type=\"widget\" data-widget_type=\"text-editor.default\">\n\t\t\t\t\t\t\t\t\t<p>Eliminar varices y ara\u00f1as vasculares \/ cada vial m\u00e1s en el mismo tratamiento es 200\u20ac<\/p>\t\t\t\t\t\t\t\t<\/div>\n\t\t\t\t<div class=\"elementor-element elementor-element-e13c130 Price elementor-widget elementor-widget-heading\" data-id=\"e13c130\" data-element_type=\"widget\" data-widget_type=\"heading.default\">\n\t\t\t\t\t<h2 class=\"elementor-heading-title elementor-size-default\">295\u20ac<span>\/ sesi\u00f3n de un vial<\/span><\/h2>\t\t\t\t<\/div>\n\t\t\t\t<div class=\"elementor-element elementor-element-1414707 elementor-widget elementor-widget-text-editor\" data-id=\"1414707\" data-element_type=\"widget\" data-widget_type=\"text-editor.default\">\n\t\t\t\t\t\t\t\t\t<p>Remove couperosis, rosacea, etc.<\/p>\t\t\t\t\t\t\t\t<\/div>\n\t\t\t\t<div class=\"elementor-element elementor-element-8e0fe70 elementor-widget elementor-widget-text-editor\" data-id=\"8e0fe70\" data-element_type=\"widget\" data-widget_type=\"text-editor.default\">\n\t\t\t\t\t\t\t\t\t<p>You may also message us through WhatsApp.<\/p>\t\t\t\t\t\t\t\t<\/div>\n\t\t\t\t<div class=\"elementor-element elementor-element-2af80d2 elementor-mobile-align-justify elementor-widget-mobile__width-inherit elementor-tablet-align-justify elementor-widget-tablet__width-inherit elementor-align-justify elementor-widget elementor-widget-button\" data-id=\"2af80d2\" data-element_type=\"widget\" data-widget_type=\"button.default\">\n\t\t\t\t\t\t\t\t\t\t<a class=\"elementor-button elementor-button-link elementor-size-sm\" href=\"https:\/\/api.whatsapp.com\/send?phone=34653620509&#038;text=Hola%20Cl%C3%ADnicas%20IMEBA,%20ponte%20en%20contacto%20conmigo.%20(Varices%20\/%20Ara\u00f1as%20vasculares)%20Muchas%20gracias.%20\">\n\t\t\t\t\t\t<span class=\"elementor-button-content-wrapper\">\n\t\t\t\t\t\t\t\t\t<span class=\"elementor-button-text\">BOOK NOW<\/span>\n\t\t\t\t\t<\/span>\n\t\t\t\t\t<\/a>\n\t\t\t\t\t\t\t\t<\/div>\n\t\t\t\t\t<\/div>\n\t\t<\/div>\n\t\t\t\t\t<\/div>\n\t\t<\/section>\n\t\t\t\t\t<\/div>\n\t\t<\/div>\n\t\t\t\t\t<\/div>\n\t\t<\/section>\n\t\t\t\t<section class=\"elementor-section elementor-top-section elementor-element elementor-element-0cabffc elementor-section-content-middle elementor-section-boxed elementor-section-height-default elementor-section-height-default\" data-id=\"0cabffc\" data-element_type=\"section\" data-settings=\"{&quot;jet_parallax_layout_list&quot;:[]}\">\n\t\t\t\t\t\t<div class=\"elementor-container elementor-column-gap-default\">\n\t\t\t\t\t<div class=\"elementor-column elementor-col-50 elementor-top-column elementor-element elementor-element-8b13cd5 center-divider top\" data-id=\"8b13cd5\" data-element_type=\"column\">\n\t\t\t<div class=\"elementor-widget-wrap elementor-element-populated\">\n\t\t\t\t\t\t<div class=\"elementor-element elementor-element-5d1939b divider-symbol elementor-widget__width-auto elementor-widget elementor-widget-image\" data-id=\"5d1939b\" data-element_type=\"widget\" data-widget_type=\"image.default\">\n\t\t\t\t\t\t\t\t\t\t\t\t\t\t\t<img decoding=\"async\" width=\"800\" height=\"800\" src=\"https:\/\/imeba.clinic\/wp-content\/uploads\/2022\/12\/divider-symbol.svg\" class=\"attachment-large size-large wp-image-122\" alt=\"\" srcset=\"https:\/\/imeba.clinic\/wp-content\/uploads\/\/2022\/12\/divider-symbol.svg 150w, https:\/\/imeba.clinic\/wp-content\/uploads\/\/2022\/12\/divider-symbol.svg 300w, https:\/\/imeba.clinic\/wp-content\/uploads\/\/2022\/12\/divider-symbol.svg 1024w\" sizes=\"(max-width: 800px) 100vw, 800px\" \/>\t\t\t\t\t\t\t\t\t\t\t\t\t\t\t<\/div>\n\t\t\t\t<div class=\"elementor-element elementor-element-6680c96 elementor-widget elementor-widget-image\" data-id=\"6680c96\" data-element_type=\"widget\" data-widget_type=\"image.default\">\n\t\t\t\t\t\t\t\t\t\t\t\t\t\t\t<img decoding=\"async\" width=\"800\" height=\"533\" src=\"https:\/\/imeba.clinic\/wp-content\/uploads\/2023\/01\/beautiful-female-legs-isolated-white-beauty-fitness-concept-1024x682.jpg\" class=\"attachment-large size-large wp-image-943\" alt=\"\" srcset=\"https:\/\/imeba.clinic\/wp-content\/uploads\/2023\/01\/beautiful-female-legs-isolated-white-beauty-fitness-concept-1024x682.jpg 1024w, https:\/\/imeba.clinic\/wp-content\/uploads\/2023\/01\/beautiful-female-legs-isolated-white-beauty-fitness-concept-300x200.jpg 300w, https:\/\/imeba.clinic\/wp-content\/uploads\/2023\/01\/beautiful-female-legs-isolated-white-beauty-fitness-concept-768x512.jpg 768w, https:\/\/imeba.clinic\/wp-content\/uploads\/2023\/01\/beautiful-female-legs-isolated-white-beauty-fitness-concept-1536x1024.jpg 1536w, https:\/\/imeba.clinic\/wp-content\/uploads\/2023\/01\/beautiful-female-legs-isolated-white-beauty-fitness-concept.jpg 2000w\" sizes=\"(max-width: 800px) 100vw, 800px\" \/>\t\t\t\t\t\t\t\t\t\t\t\t\t\t\t<\/div>\n\t\t\t\t\t<\/div>\n\t\t<\/div>\n\t\t\t\t<div class=\"elementor-column elementor-col-50 elementor-top-column elementor-element elementor-element-2c68ea2\" data-id=\"2c68ea2\" data-element_type=\"column\">\n\t\t\t<div class=\"elementor-widget-wrap elementor-element-populated\">\n\t\t\t\t\t\t<div class=\"elementor-element elementor-element-140446b elementor-widget elementor-widget-heading\" data-id=\"140446b\" data-element_type=\"widget\" data-widget_type=\"heading.default\">\n\t\t\t\t\t<h2 class=\"elementor-heading-title elementor-size-default\">Get rid of those unsightly veins, our specialists will make it happen.\n\n<\/h2>\t\t\t\t<\/div>\n\t\t\t\t\t<\/div>\n\t\t<\/div>\n\t\t\t\t\t<\/div>\n\t\t<\/section>\n\t\t\t\t<\/div>","protected":false},"excerpt":{"rendered":"<p>Corporal Eliminar Varices, Ara\u00f1as vasculares, Cuperosis, Ros\u00e1cea y Puntos rub\u00ed. Una nueva tecnolog\u00eda para el tratamiento de telangiectasias, varices, ara\u00f1as vasculares, cuperosis, ros\u00e1cea y puntos rub\u00ed. Resultados duraderos e inmediatos. Sesiones r\u00e1pidas (menos de 30 minutos habitualmente). Puede ser utilizado en todo el cuerpo, incluyendo las \u00e1reas m\u00e1s sensibles como los tobillos, las rodillas y [&hellip;]<\/p>","protected":false},"author":1,"featured_media":984,"parent":920,"menu_order":7,"comment_status":"closed","ping_status":"closed","template":"elementor_header_footer","meta":{"footnotes":""},"class_list":["post-979","page","type-page","status-publish","has-post-thumbnail","hentry"],"yoast_head":"<!-- This site is optimized with the Yoast SEO plugin v25.8 - https:\/\/yoast.com\/wordpress\/plugins\/seo\/ -->\n<title>Varices \/ Ara\u00f1as vasculares - Clinicas IMEBA\u00ae<\/title>\n<meta name=\"robots\" content=\"index, follow, max-snippet:-1, max-image-preview:large, max-video-preview:-1\" \/>\n<link rel=\"canonical\" href=\"https:\/\/imeba.clinic\/en\/corporal\/varices-aranas-vasculares\/\" \/>\n<meta property=\"og:locale\" content=\"en_US\" \/>\n<meta property=\"og:type\" content=\"article\" \/>\n<meta property=\"og:title\" content=\"Varices \/ Ara\u00f1as vasculares - Clinicas IMEBA\u00ae\" \/>\n<meta property=\"og:description\" content=\"Corporal Eliminar Varices, Ara\u00f1as vasculares, Cuperosis, Ros\u00e1cea y Puntos rub\u00ed. Una nueva tecnolog\u00eda para el tratamiento de telangiectasias, varices, ara\u00f1as vasculares, cuperosis, ros\u00e1cea y puntos rub\u00ed. Resultados duraderos e inmediatos. Sesiones r\u00e1pidas (menos de 30 minutos habitualmente). Puede ser utilizado en todo el cuerpo, incluyendo las \u00e1reas m\u00e1s sensibles como los tobillos, las rodillas y [&hellip;]\" \/>\n<meta property=\"og:url\" content=\"https:\/\/imeba.clinic\/en\/corporal\/varices-aranas-vasculares\/\" \/>\n<meta property=\"og:site_name\" content=\"Clinicas IMEBA\u00ae\" \/>\n<meta property=\"article:publisher\" content=\"https:\/\/www.facebook.com\/clinicasimebamallorca\" \/>\n<meta property=\"article:modified_time\" content=\"2024-04-05T10:27:06+00:00\" \/>\n<meta property=\"og:image\" content=\"http:\/\/imeba.clinic\/wp-content\/uploads\/2023\/01\/Varices-aranas-Vasculares.jpg\" \/>\n\t<meta property=\"og:image:width\" content=\"2000\" \/>\n\t<meta property=\"og:image:height\" content=\"1335\" \/>\n\t<meta property=\"og:image:type\" content=\"image\/jpeg\" \/>\n<meta name=\"twitter:card\" content=\"summary_large_image\" \/>\n<meta name=\"twitter:site\" content=\"@IMEBAInfo\" \/>\n<meta name=\"twitter:label1\" content=\"Est. reading time\" \/>\n\t<meta name=\"twitter:data1\" content=\"2 minutes\" \/>\n<script type=\"application\/ld+json\" class=\"yoast-schema-graph\">{\"@context\":\"https:\/\/schema.org\",\"@graph\":[{\"@type\":\"WebPage\",\"@id\":\"https:\/\/imeba.clinic\/corporal\/varices-aranas-vasculares\/\",\"url\":\"https:\/\/imeba.clinic\/corporal\/varices-aranas-vasculares\/\",\"name\":\"Varices \/ Ara\u00f1as vasculares - Clinicas IMEBA\u00ae\",\"isPartOf\":{\"@id\":\"https:\/\/imeba.clinic\/#website\"},\"primaryImageOfPage\":{\"@id\":\"https:\/\/imeba.clinic\/corporal\/varices-aranas-vasculares\/#primaryimage\"},\"image\":{\"@id\":\"https:\/\/imeba.clinic\/corporal\/varices-aranas-vasculares\/#primaryimage\"},\"thumbnailUrl\":\"https:\/\/imeba.clinic\/wp-content\/uploads\/2023\/01\/Varices-aranas-Vasculares.jpg\",\"datePublished\":\"2023-01-08T21:14:34+00:00\",\"dateModified\":\"2024-04-05T10:27:06+00:00\",\"breadcrumb\":{\"@id\":\"https:\/\/imeba.clinic\/corporal\/varices-aranas-vasculares\/#breadcrumb\"},\"inLanguage\":\"en-US\",\"potentialAction\":[{\"@type\":\"ReadAction\",\"target\":[\"https:\/\/imeba.clinic\/corporal\/varices-aranas-vasculares\/\"]}]},{\"@type\":\"ImageObject\",\"inLanguage\":\"en-US\",\"@id\":\"https:\/\/imeba.clinic\/corporal\/varices-aranas-vasculares\/#primaryimage\",\"url\":\"https:\/\/imeba.clinic\/wp-content\/uploads\/2023\/01\/Varices-aranas-Vasculares.jpg\",\"contentUrl\":\"https:\/\/imeba.clinic\/wp-content\/uploads\/2023\/01\/Varices-aranas-Vasculares.jpg\",\"width\":2000,\"height\":1335,\"caption\":\"Female legs with varicose veins and leg spiders. The concept of human health and illness. White background. Vascular diseases, problems of varicose veins\"},{\"@type\":\"BreadcrumbList\",\"@id\":\"https:\/\/imeba.clinic\/corporal\/varices-aranas-vasculares\/#breadcrumb\",\"itemListElement\":[{\"@type\":\"ListItem\",\"position\":1,\"name\":\"Portada\",\"item\":\"https:\/\/imeba.clinic\/\"},{\"@type\":\"ListItem\",\"position\":2,\"name\":\"Corporal\",\"item\":\"https:\/\/imeba.clinic\/corporal\/\"},{\"@type\":\"ListItem\",\"position\":3,\"name\":\"Varices \/ Ara\u00f1as vasculares\"}]},{\"@type\":\"WebSite\",\"@id\":\"https:\/\/imeba.clinic\/#website\",\"url\":\"https:\/\/imeba.clinic\/\",\"name\":\"Clinicas IMEBA\u00ae\",\"description\":\"Medicina estetica cirugia facial\",\"publisher\":{\"@id\":\"https:\/\/imeba.clinic\/#organization\"},\"potentialAction\":[{\"@type\":\"SearchAction\",\"target\":{\"@type\":\"EntryPoint\",\"urlTemplate\":\"https:\/\/imeba.clinic\/?s={search_term_string}\"},\"query-input\":{\"@type\":\"PropertyValueSpecification\",\"valueRequired\":true,\"valueName\":\"search_term_string\"}}],\"inLanguage\":\"en-US\"},{\"@type\":\"Organization\",\"@id\":\"https:\/\/imeba.clinic\/#organization\",\"name\":\"Clinicas IMEBA\u00ae\",\"url\":\"https:\/\/imeba.clinic\/\",\"logo\":{\"@type\":\"ImageObject\",\"inLanguage\":\"en-US\",\"@id\":\"https:\/\/imeba.clinic\/#\/schema\/logo\/image\/\",\"url\":\"https:\/\/imeba.clinic\/wp-content\/uploads\/2023\/01\/cropped-11722351_740325796094007_2206264894896353109_o.jpg\",\"contentUrl\":\"https:\/\/imeba.clinic\/wp-content\/uploads\/2023\/01\/cropped-11722351_740325796094007_2206264894896353109_o.jpg\",\"width\":1221,\"height\":349,\"caption\":\"Clinicas IMEBA\u00ae\"},\"image\":{\"@id\":\"https:\/\/imeba.clinic\/#\/schema\/logo\/image\/\"},\"sameAs\":[\"https:\/\/www.facebook.com\/clinicasimebamallorca\",\"https:\/\/x.com\/IMEBAInfo\",\"https:\/\/www.youtube.com\/@TorstenMarin\"]}]}<\/script>\n<!-- \/ Yoast SEO plugin. -->","yoast_head_json":{"title":"Varices \/ Ara\u00f1as vasculares - Clinicas IMEBA\u00ae","robots":{"index":"index","follow":"follow","max-snippet":"max-snippet:-1","max-image-preview":"max-image-preview:large","max-video-preview":"max-video-preview:-1"},"canonical":"https:\/\/imeba.clinic\/en\/corporal\/varices-aranas-vasculares\/","og_locale":"en_US","og_type":"article","og_title":"Varices \/ Ara\u00f1as vasculares - Clinicas IMEBA\u00ae","og_description":"Corporal Eliminar Varices, Ara\u00f1as vasculares, Cuperosis, Ros\u00e1cea y Puntos rub\u00ed. Una nueva tecnolog\u00eda para el tratamiento de telangiectasias, varices, ara\u00f1as vasculares, cuperosis, ros\u00e1cea y puntos rub\u00ed. Resultados duraderos e inmediatos. Sesiones r\u00e1pidas (menos de 30 minutos habitualmente). Puede ser utilizado en todo el cuerpo, incluyendo las \u00e1reas m\u00e1s sensibles como los tobillos, las rodillas y [&hellip;]","og_url":"https:\/\/imeba.clinic\/en\/corporal\/varices-aranas-vasculares\/","og_site_name":"Clinicas IMEBA\u00ae","article_publisher":"https:\/\/www.facebook.com\/clinicasimebamallorca","article_modified_time":"2024-04-05T10:27:06+00:00","og_image":[{"width":2000,"height":1335,"url":"http:\/\/imeba.clinic\/wp-content\/uploads\/2023\/01\/Varices-aranas-Vasculares.jpg","type":"image\/jpeg"}],"twitter_card":"summary_large_image","twitter_site":"@IMEBAInfo","twitter_misc":{"Est. reading time":"2 minutes"},"schema":{"@context":"https:\/\/schema.org","@graph":[{"@type":"WebPage","@id":"https:\/\/imeba.clinic\/corporal\/varices-aranas-vasculares\/","url":"https:\/\/imeba.clinic\/corporal\/varices-aranas-vasculares\/","name":"Varices \/ Ara\u00f1as vasculares - Clinicas IMEBA\u00ae","isPartOf":{"@id":"https:\/\/imeba.clinic\/#website"},"primaryImageOfPage":{"@id":"https:\/\/imeba.clinic\/corporal\/varices-aranas-vasculares\/#primaryimage"},"image":{"@id":"https:\/\/imeba.clinic\/corporal\/varices-aranas-vasculares\/#primaryimage"},"thumbnailUrl":"https:\/\/imeba.clinic\/wp-content\/uploads\/2023\/01\/Varices-aranas-Vasculares.jpg","datePublished":"2023-01-08T21:14:34+00:00","dateModified":"2024-04-05T10:27:06+00:00","breadcrumb":{"@id":"https:\/\/imeba.clinic\/corporal\/varices-aranas-vasculares\/#breadcrumb"},"inLanguage":"en-US","potentialAction":[{"@type":"ReadAction","target":["https:\/\/imeba.clinic\/corporal\/varices-aranas-vasculares\/"]}]},{"@type":"ImageObject","inLanguage":"en-US","@id":"https:\/\/imeba.clinic\/corporal\/varices-aranas-vasculares\/#primaryimage","url":"https:\/\/imeba.clinic\/wp-content\/uploads\/2023\/01\/Varices-aranas-Vasculares.jpg","contentUrl":"https:\/\/imeba.clinic\/wp-content\/uploads\/2023\/01\/Varices-aranas-Vasculares.jpg","width":2000,"height":1335,"caption":"Female legs with varicose veins and leg spiders. The concept of human health and illness. White background. Vascular diseases, problems of varicose veins"},{"@type":"BreadcrumbList","@id":"https:\/\/imeba.clinic\/corporal\/varices-aranas-vasculares\/#breadcrumb","itemListElement":[{"@type":"ListItem","position":1,"name":"Portada","item":"https:\/\/imeba.clinic\/"},{"@type":"ListItem","position":2,"name":"Corporal","item":"https:\/\/imeba.clinic\/corporal\/"},{"@type":"ListItem","position":3,"name":"Varices \/ Ara\u00f1as vasculares"}]},{"@type":"WebSite","@id":"https:\/\/imeba.clinic\/#website","url":"https:\/\/imeba.clinic\/","name":"Clinicas IMEBA\u00ae","description":"Medicina estetica cirugia facial","publisher":{"@id":"https:\/\/imeba.clinic\/#organization"},"potentialAction":[{"@type":"SearchAction","target":{"@type":"EntryPoint","urlTemplate":"https:\/\/imeba.clinic\/?s={search_term_string}"},"query-input":{"@type":"PropertyValueSpecification","valueRequired":true,"valueName":"search_term_string"}}],"inLanguage":"en-US"},{"@type":"Organization","@id":"https:\/\/imeba.clinic\/#organization","name":"Clinicas IMEBA\u00ae","url":"https:\/\/imeba.clinic\/","logo":{"@type":"ImageObject","inLanguage":"en-US","@id":"https:\/\/imeba.clinic\/#\/schema\/logo\/image\/","url":"https:\/\/imeba.clinic\/wp-content\/uploads\/2023\/01\/cropped-11722351_740325796094007_2206264894896353109_o.jpg","contentUrl":"https:\/\/imeba.clinic\/wp-content\/uploads\/2023\/01\/cropped-11722351_740325796094007_2206264894896353109_o.jpg","width":1221,"height":349,"caption":"Clinicas IMEBA\u00ae"},"image":{"@id":"https:\/\/imeba.clinic\/#\/schema\/logo\/image\/"},"sameAs":["https:\/\/www.facebook.com\/clinicasimebamallorca","https:\/\/x.com\/IMEBAInfo","https:\/\/www.youtube.com\/@TorstenMarin"]}]}},"_links":{"self":[{"href":"https:\/\/imeba.clinic\/en\/wp-json\/wp\/v2\/pages\/979","targetHints":{"allow":["GET"]}}],"collection":[{"href":"https:\/\/imeba.clinic\/en\/wp-json\/wp\/v2\/pages"}],"about":[{"href":"https:\/\/imeba.clinic\/en\/wp-json\/wp\/v2\/types\/page"}],"author":[{"embeddable":true,"href":"https:\/\/imeba.clinic\/en\/wp-json\/wp\/v2\/users\/1"}],"replies":[{"embeddable":true,"href":"https:\/\/imeba.clinic\/en\/wp-json\/wp\/v2\/comments?post=979"}],"version-history":[{"count":0,"href":"https:\/\/imeba.clinic\/en\/wp-json\/wp\/v2\/pages\/979\/revisions"}],"up":[{"embeddable":true,"href":"https:\/\/imeba.clinic\/en\/wp-json\/wp\/v2\/pages\/920"}],"wp:featuredmedia":[{"embeddable":true,"href":"https:\/\/imeba.clinic\/en\/wp-json\/wp\/v2\/media\/984"}],"wp:attachment":[{"href":"https:\/\/imeba.clinic\/en\/wp-json\/wp\/v2\/media?parent=979"}],"curies":[{"name":"wp","href":"https:\/\/api.w.org\/{rel}","templated":true}]}}