
{"id":791,"date":"2023-01-06T17:32:27","date_gmt":"2023-01-06T17:32:27","guid":{"rendered":"https:\/\/imeba.clinic\/?page_id=791"},"modified":"2023-10-06T13:23:43","modified_gmt":"2023-10-06T12:23:43","slug":"sin-cirugia","status":"publish","type":"page","link":"https:\/\/imeba.clinic\/en\/sin-cirugia\/","title":{"rendered":"Without surgery"},"content":{"rendered":"<div data-elementor-type=\"wp-page\" data-elementor-id=\"791\" class=\"elementor elementor-791\" data-elementor-post-type=\"page\">\n\t\t\t\t\t\t<section class=\"elementor-section elementor-top-section elementor-element elementor-element-ac6f5be elementor-section-height-min-height elementor-section-boxed elementor-section-height-default elementor-section-items-middle\" data-id=\"ac6f5be\" data-element_type=\"section\" data-settings=\"{&quot;background_background&quot;:&quot;classic&quot;,&quot;background_motion_fx_motion_fx_scrolling&quot;:&quot;yes&quot;,&quot;background_motion_fx_translateY_effect&quot;:&quot;yes&quot;,&quot;jet_parallax_layout_list&quot;:[],&quot;background_motion_fx_translateY_speed&quot;:{&quot;unit&quot;:&quot;px&quot;,&quot;size&quot;:4,&quot;sizes&quot;:[]},&quot;background_motion_fx_translateY_affectedRange&quot;:{&quot;unit&quot;:&quot;%&quot;,&quot;size&quot;:&quot;&quot;,&quot;sizes&quot;:{&quot;start&quot;:0,&quot;end&quot;:100}},&quot;background_motion_fx_devices&quot;:[&quot;desktop&quot;,&quot;tablet&quot;,&quot;mobile&quot;]}\">\n\t\t\t\t\t\t\t<div class=\"elementor-background-overlay\"><\/div>\n\t\t\t\t\t\t\t<div class=\"elementor-container elementor-column-gap-default\">\n\t\t\t\t\t<div class=\"elementor-column elementor-col-100 elementor-top-column elementor-element elementor-element-78ebf19\" data-id=\"78ebf19\" data-element_type=\"column\">\n\t\t\t<div class=\"elementor-widget-wrap elementor-element-populated\">\n\t\t\t\t\t\t\t<\/div>\n\t\t<\/div>\n\t\t\t\t\t<\/div>\n\t\t<\/section>\n\t\t\t\t<section class=\"elementor-section elementor-top-section elementor-element elementor-element-d262dd6 elementor-section-boxed elementor-section-height-default elementor-section-height-default\" data-id=\"d262dd6\" data-element_type=\"section\" data-settings=\"{&quot;jet_parallax_layout_list&quot;:[]}\">\n\t\t\t\t\t\t<div class=\"elementor-container elementor-column-gap-default\">\n\t\t\t\t\t<div class=\"elementor-column elementor-col-100 elementor-top-column elementor-element elementor-element-8848cd7\" data-id=\"8848cd7\" data-element_type=\"column\">\n\t\t\t<div class=\"elementor-widget-wrap elementor-element-populated\">\n\t\t\t\t\t\t<div class=\"elementor-element elementor-element-bf8cda8 elementor-widget elementor-widget-heading\" data-id=\"bf8cda8\" data-element_type=\"widget\" data-widget_type=\"heading.default\">\n\t\t\t\t\t<h2 class=\"elementor-heading-title elementor-size-default\">Face<\/h2>\t\t\t\t<\/div>\n\t\t\t\t<div class=\"elementor-element elementor-element-d40bf51 link-hover page-links elementor-widget elementor-widget-text-editor\" data-id=\"d40bf51\" data-element_type=\"widget\" data-widget_type=\"text-editor.default\">\n\t\t\t\t\t\t\t\t\t<ul><li><a href=\"\/en\/facial\/botox-anti-arrugas-de-expresion\/\">Anti expression wrinkles<\/a><\/li><li><a href=\"\/en\/facial\/aumento-de-labios\/\">Lip augmentation<\/a><\/li><li><a href=\"\/en\/facial\/acido-hialuronico\/\">Hyaluronic acid<\/a><\/li><li><a href=\"\/en\/facial\/rinomodelacion\/\">Rhinomodelation<\/a><\/li><li><a href=\"\/en\/facial\/prp-facial\/\">PRP Face<\/a><\/li><li><a href=\"\/en\/cabello\/prp-capilar\/\">PRP Hair<\/a><\/li><li><a href=\"\/en\/facial\/hair-care\/\">Hair Care<\/a><\/li><li><a href=\"\/en\/facial\/mesoterapia-facial\/\">Mesotherapy face<\/a><\/li><li><a href=\"\/en\/facial\/peeling-quimico\/\">Chemical Peel<\/a><\/li><li><a href=\"\/en\/corporal\/laser-co2-fraccionado\/\">Fractional CO2 Laser<\/a><\/li><li><a href=\"\/en\/corporal\/ipl\/\">IPL<\/a><\/li><li><a href=\"\/en\/facial\/vascular\/\">Vascular<\/a><\/li><li><a href=\"\/en\/corporal\/picolaser\/\">Picolaser<\/a><\/li><li><a href=\"\/en\/facial\/manchas\/\">Skin spots<\/a><\/li><li><a href=\"\/en\/facial\/ojeras\/\">Dark circles (eyes)<\/a><\/li><li><a href=\"\/en\/facial\/imeba-gun\/\">IMEBA\u00ae Gun<\/a><\/li><li><a href=\"\/en\/corporal\/hifu\/\">Hifu<\/a><\/li><li><a href=\"\/en\/corporal\/imeba-oya\/\">IMEBA Oya<\/a><\/li><li><a href=\"https:\/\/imeba.clinic\/en\/facial\/pack-de-iniciacion\/\">Starter pack<\/a><\/li><li><a href=\"\/en\/facial\/hilos-tensores\/\">Threads<\/a><\/li><li><a href=\"\/en\/facial\/mega-hilos\/\">Mega Threads<\/a><\/li><li><a href=\"\/en\/corporal\/lipolaser\/\">Lipolaser<\/a><\/li><li><a href=\"\/en\/facial\/pack-estetica\/\">Aesthetics pack<\/a><\/li><li><a href=\"\/en\/facial\/weekend-peel\/\">Weekend Peel<\/a><\/li><li><a href=\"\/en\/facial\/elro-imeba\/\">ELRO IMEBA\u00ae<\/a><\/li><li><a href=\"\/en\/facial\/imeba-ex\/\">IMEBA\u00ae EX<\/a><\/li><li><a href=\"https:\/\/imeba.clinic\/en\/facial\/radiofrecuencia-medica\/\">MFR Medical Radiofrenquency<\/a><\/li><\/ul>\t\t\t\t\t\t\t\t<\/div>\n\t\t\t\t\t<\/div>\n\t\t<\/div>\n\t\t\t\t\t<\/div>\n\t\t<\/section>\n\t\t\t\t<section class=\"elementor-section elementor-top-section elementor-element elementor-element-d826f9f elementor-section-boxed elementor-section-height-default elementor-section-height-default\" data-id=\"d826f9f\" data-element_type=\"section\" data-settings=\"{&quot;background_background&quot;:&quot;classic&quot;,&quot;jet_parallax_layout_list&quot;:[]}\">\n\t\t\t\t\t\t<div class=\"elementor-container elementor-column-gap-default\">\n\t\t\t\t\t<div class=\"elementor-column elementor-col-100 elementor-top-column elementor-element elementor-element-2f2008a\" data-id=\"2f2008a\" data-element_type=\"column\">\n\t\t\t<div class=\"elementor-widget-wrap elementor-element-populated\">\n\t\t\t\t\t\t<div class=\"elementor-element elementor-element-1b769dd elementor-widget elementor-widget-heading\" data-id=\"1b769dd\" data-element_type=\"widget\" data-widget_type=\"heading.default\">\n\t\t\t\t\t<h2 class=\"elementor-heading-title elementor-size-default\">Body<\/h2>\t\t\t\t<\/div>\n\t\t\t\t<div class=\"elementor-element elementor-element-423362e link-hover page-links elementor-widget elementor-widget-text-editor\" data-id=\"423362e\" data-element_type=\"widget\" data-widget_type=\"text-editor.default\">\n\t\t\t\t\t\t\t\t\t<ul>\n<li><a href=\"\/en\/corporal\/hifu\/\">Hifu<\/a><\/li>\n<li><a href=\"\/en\/corporal\/mesoterapia-corporal\/\">Mesotherapy body<\/a><\/li>\n<li><a href=\"\/en\/corporal\/liposonix\/\">Liposonix<\/a><\/li>\n<li><a class=\"row-title\" href=\"https:\/\/imeba.clinic\/wp-admin\/post.php?post=694&amp;action=edit\" aria-label=\"\u201cLipol\u00e1ser\u201d (Edit)\">Lipolaser<\/a><\/li>\n<li><a href=\"\/en\/corporal\/imeba-acapulco\/\">MEBA Acapulco<\/a><\/li>\n<li><a href=\"\/en\/corporal\/imeba-oya\/\">IMEBA Oya<\/a><\/li>\n<li><a href=\"\/en\/corporal\/celulite\/\">Cellulite<\/a>&nbsp;6+6<\/li>\n<li><a href=\"\/en\/corporal\/varices-aranas-vasculares\/\">Varicose \/ spider veins<\/a><\/li>\n<li><a href=\"\/en\/corporal\/aumento-de-gluteos\/\">Buttock augmentation<\/a><\/li>\n<li><a href=\"\/en\/corporal\/laser-co2-fraccionado\/\">Fractional CO2 Laser<\/a><\/li>\n<li><a href=\"\/en\/corporal\/cicatrices\/\">Scars<\/a><\/li>\n<li><a href=\"\/en\/corporal\/estrias\/\">Stretch marks<\/a><\/li>\n<li><a href=\"\/en\/corporal\/adelgazar\/\">Adelgazar<\/a><\/li>\n<li><a href=\"\/en\/corporal\/hiperhidrosis-sudoracion-excesivo\/\">Hyperhidrosis \/ Excessive sweating<\/a><\/li>\n<li><a href=\"\/en\/corporal\/ipl\/\">IPL<\/a><\/li>\n<li><a href=\"\/en\/corporal\/picolaser\/\">Picolaser<\/a><\/li>\n<li><a href=\"\/en\/corporal\/cuello\/\">Neck<\/a><\/li>\n<li><a href=\"\/en\/corporal\/manos\/\">Hands<\/a><\/li>\n<\/ul>\t\t\t\t\t\t\t\t<\/div>\n\t\t\t\t\t<\/div>\n\t\t<\/div>\n\t\t\t\t\t<\/div>\n\t\t<\/section>\n\t\t\t\t<section class=\"elementor-section elementor-top-section elementor-element elementor-element-be237b6 elementor-section-content-middle elementor-section-boxed elementor-section-height-default elementor-section-height-default\" data-id=\"be237b6\" data-element_type=\"section\" data-settings=\"{&quot;background_background&quot;:&quot;classic&quot;,&quot;jet_parallax_layout_list&quot;:[]}\">\n\t\t\t\t\t\t<div class=\"elementor-container elementor-column-gap-default\">\n\t\t\t\t\t<div class=\"elementor-column elementor-col-50 elementor-top-column elementor-element elementor-element-c7b798d\" data-id=\"c7b798d\" data-element_type=\"column\">\n\t\t\t<div class=\"elementor-widget-wrap elementor-element-populated\">\n\t\t\t\t\t\t<div class=\"elementor-element elementor-element-656b216 elementor-widget elementor-widget-heading\" data-id=\"656b216\" data-element_type=\"widget\" data-widget_type=\"heading.default\">\n\t\t\t\t\t<h2 class=\"elementor-heading-title elementor-size-default\">Hair<\/h2>\t\t\t\t<\/div>\n\t\t\t\t<div class=\"elementor-element elementor-element-412ec38 link-hover elementor-widget elementor-widget-text-editor\" data-id=\"412ec38\" data-element_type=\"widget\" data-widget_type=\"text-editor.default\">\n\t\t\t\t\t\t\t\t\t<ul class=\"not-more\"><li><a href=\"\/en\/cabello\/prp-capilar\/\">PRP Hair<\/a><\/li><li><a href=\"\/en\/cabello\/alopecia\/\">Alopecia<\/a><\/li><li><a href=\"\/en\/cabello\/hair-care-plus\/\">Hair Care Plus<\/a><\/li><li><a href=\"\/en\/cabello\/microinjertos-capilar\/\">Hair transplant<\/a><\/li><li><a href=\"https:\/\/imeba.clinic\/en\/cabello\/ex-cabello\/\">IMEBA\u00ae EX Hair<\/a><\/li><\/ul>\t\t\t\t\t\t\t\t<\/div>\n\t\t\t\t\t<\/div>\n\t\t<\/div>\n\t\t\t\t<div class=\"elementor-column elementor-col-50 elementor-top-column elementor-element elementor-element-04072ca\" data-id=\"04072ca\" data-element_type=\"column\">\n\t\t\t<div class=\"elementor-widget-wrap elementor-element-populated\">\n\t\t\t\t\t\t<div class=\"elementor-element elementor-element-be8319b elementor-widget elementor-widget-heading\" data-id=\"be8319b\" data-element_type=\"widget\" data-widget_type=\"heading.default\">\n\t\t\t\t\t<h2 class=\"elementor-heading-title elementor-size-default\">Women's special<\/h2>\t\t\t\t<\/div>\n\t\t\t\t<div class=\"elementor-element elementor-element-7093199 link-hover elementor-widget elementor-widget-text-editor\" data-id=\"7093199\" data-element_type=\"widget\" data-widget_type=\"text-editor.default\">\n\t\t\t\t\t\t\t\t\t<ul class=\"not-more\">\n \t<li><a href=\"\/en\/corporal\/celulite\/\">Cellulite<\/a><\/li>\n \t<li><a href=\"\/en\/mujeres-especial\/imebagina\/\">IMEBAgina<\/a><\/li>\n \t<li><a href=\"\/en\/mujeres-especial\/verrugas-genitales\/\">Genital warts<\/a><\/li>\n \t<li><a href=\"\/en\/mujeres-especial\/blanqueamiento-genitales\/\">Genital bleaching<\/a><\/li>\n<\/ul>\t\t\t\t\t\t\t\t<\/div>\n\t\t\t\t\t<\/div>\n\t\t<\/div>\n\t\t\t\t\t<\/div>\n\t\t<\/section>\n\t\t\t\t<section class=\"elementor-section elementor-top-section elementor-element elementor-element-8adfde2 elementor-section-boxed elementor-section-height-default elementor-section-height-default\" data-id=\"8adfde2\" data-element_type=\"section\" data-settings=\"{&quot;background_background&quot;:&quot;classic&quot;,&quot;jet_parallax_layout_list&quot;:[]}\">\n\t\t\t\t\t\t<div class=\"elementor-container elementor-column-gap-default\">\n\t\t\t\t\t<div class=\"elementor-column elementor-col-100 elementor-top-column elementor-element elementor-element-c6e5503\" data-id=\"c6e5503\" data-element_type=\"column\">\n\t\t\t<div class=\"elementor-widget-wrap elementor-element-populated\">\n\t\t\t\t\t\t<div class=\"elementor-element elementor-element-a2a9d3d elementor-widget elementor-widget-heading\" data-id=\"a2a9d3d\" data-element_type=\"widget\" data-widget_type=\"heading.default\">\n\t\t\t\t\t<h2 class=\"elementor-heading-title elementor-size-default\">Men's special<\/h2>\t\t\t\t<\/div>\n\t\t\t\t<div class=\"elementor-element elementor-element-e456690 link-hover page-links elementor-widget elementor-widget-text-editor\" data-id=\"e456690\" data-element_type=\"widget\" data-widget_type=\"text-editor.default\">\n\t\t\t\t\t\t\t\t\t<ul><li><a href=\"\/en\/cabello\/hair-care-plus\/\">Hair Care Plus<\/a><\/li><li><a href=\"\/en\/cabello\/prp-capilar\/\">PRP Hair<\/a><\/li><li><a href=\"\/en\/cabello\/alopecia\/\">Alopecia<\/a><\/li><li><a href=\"\/en\/cabello\/microinjertos-capilar\/\">Hair transplant<\/a><\/li><li><a href=\"\/en\/hombres-especial\/mascuface\/\">MASCUface<\/a><\/li><li><a href=\"\/en\/hombres-especial\/engrosamiento-de-pene\/\">Penis enlargement<\/a><\/li><li><a href=\"\/en\/hombres-especial\/disfuncion-erectil\/\">Erectile dysfunction<\/a><\/li><li><a href=\"\/en\/hombres-especial\/ereccion-mas-fuerte\/\">Stronger erection<\/a><\/li><li><a href=\"\/en\/hombres-especial\/pshot\/\">PShot<\/a><\/li><li><a href=\"\/en\/hombres-especial\/verrugas-genitales\/\">Genital warts<\/a><\/li><li><a href=\"\/en\/hombres-especial\/blanqueamiento-genitales\/\">Genital bleaching<\/a><\/li><li><a href=\"\/en\/hombres-especial\/ondas-de-choque\/\">Shockwaves<\/a><\/li><li><a href=\"https:\/\/imeba.clinic\/en\/hombres-especial\/ex-de\/\">IMEBA\u00ae EX DE<\/a><\/li><\/ul>\t\t\t\t\t\t\t\t<\/div>\n\t\t\t\t\t<\/div>\n\t\t<\/div>\n\t\t\t\t\t<\/div>\n\t\t<\/section>\n\t\t\t\t<\/div>","protected":false},"excerpt":{"rendered":"<p>Facial Anti arrugas de expresi\u00f3n Aumento de labios \u00c1cido hialur\u00f3nico Rinomodelaci\u00f3n PRP facial PRP capilar Hair Care Mesoterapia facial Peeling Qu\u00edmico L\u00e1ser CO2 fraccionado IPL Vascular Picolaser Manchas Ojeras IMEBA\u00ae Gun Hifu IMEBA Oya Pack de inicaci\u00f3n Hilos Tensores Mega Hilos Lipol\u00e1ser Pack Est\u00e9tica Weekend Peel ELRO IMEBA\u00ae IMEBA\u00ae EX MFR Radiofrecuencia M\u00e9dica Corporal Hifu [&hellip;]<\/p>","protected":false},"author":1,"featured_media":943,"parent":0,"menu_order":0,"comment_status":"closed","ping_status":"closed","template":"elementor_header_footer","meta":{"footnotes":""},"class_list":["post-791","page","type-page","status-publish","has-post-thumbnail","hentry"],"yoast_head":"<!-- This site is optimized with the Yoast SEO plugin v25.8 - https:\/\/yoast.com\/wordpress\/plugins\/seo\/ -->\n<title>Sin cirugia - Clinicas IMEBA\u00ae<\/title>\n<meta name=\"robots\" content=\"index, follow, max-snippet:-1, max-image-preview:large, max-video-preview:-1\" \/>\n<link rel=\"canonical\" href=\"https:\/\/imeba.clinic\/en\/sin-cirugia\/\" \/>\n<meta property=\"og:locale\" content=\"en_US\" \/>\n<meta property=\"og:type\" content=\"article\" \/>\n<meta property=\"og:title\" content=\"Sin cirugia - Clinicas IMEBA\u00ae\" \/>\n<meta property=\"og:description\" content=\"Facial Anti arrugas de expresi\u00f3n Aumento de labios \u00c1cido hialur\u00f3nico Rinomodelaci\u00f3n PRP facial PRP capilar Hair Care Mesoterapia facial Peeling Qu\u00edmico L\u00e1ser CO2 fraccionado IPL Vascular Picolaser Manchas Ojeras IMEBA\u00ae Gun Hifu IMEBA Oya Pack de inicaci\u00f3n Hilos Tensores Mega Hilos Lipol\u00e1ser Pack Est\u00e9tica Weekend Peel ELRO IMEBA\u00ae IMEBA\u00ae EX MFR Radiofrecuencia M\u00e9dica Corporal Hifu [&hellip;]\" \/>\n<meta property=\"og:url\" content=\"https:\/\/imeba.clinic\/en\/sin-cirugia\/\" \/>\n<meta property=\"og:site_name\" content=\"Clinicas IMEBA\u00ae\" \/>\n<meta property=\"article:publisher\" content=\"https:\/\/www.facebook.com\/clinicasimebamallorca\" \/>\n<meta property=\"article:modified_time\" content=\"2023-10-06T12:23:43+00:00\" \/>\n<meta property=\"og:image\" content=\"http:\/\/imeba.clinic\/wp-content\/uploads\/2023\/01\/beautiful-female-legs-isolated-white-beauty-fitness-concept.jpg\" \/>\n\t<meta property=\"og:image:width\" content=\"2000\" \/>\n\t<meta property=\"og:image:height\" content=\"1333\" \/>\n\t<meta property=\"og:image:type\" content=\"image\/jpeg\" \/>\n<meta name=\"twitter:card\" content=\"summary_large_image\" \/>\n<meta name=\"twitter:site\" content=\"@IMEBAInfo\" \/>\n<meta name=\"twitter:label1\" content=\"Est. reading time\" \/>\n\t<meta name=\"twitter:data1\" content=\"1 minute\" \/>\n<script type=\"application\/ld+json\" class=\"yoast-schema-graph\">{\"@context\":\"https:\/\/schema.org\",\"@graph\":[{\"@type\":\"WebPage\",\"@id\":\"https:\/\/imeba.clinic\/sin-cirugia\/\",\"url\":\"https:\/\/imeba.clinic\/sin-cirugia\/\",\"name\":\"Sin cirugia - Clinicas IMEBA\u00ae\",\"isPartOf\":{\"@id\":\"https:\/\/imeba.clinic\/#website\"},\"primaryImageOfPage\":{\"@id\":\"https:\/\/imeba.clinic\/sin-cirugia\/#primaryimage\"},\"image\":{\"@id\":\"https:\/\/imeba.clinic\/sin-cirugia\/#primaryimage\"},\"thumbnailUrl\":\"https:\/\/imeba.clinic\/wp-content\/uploads\/2023\/01\/beautiful-female-legs-isolated-white-beauty-fitness-concept.jpg\",\"datePublished\":\"2023-01-06T17:32:27+00:00\",\"dateModified\":\"2023-10-06T12:23:43+00:00\",\"breadcrumb\":{\"@id\":\"https:\/\/imeba.clinic\/sin-cirugia\/#breadcrumb\"},\"inLanguage\":\"en-US\",\"potentialAction\":[{\"@type\":\"ReadAction\",\"target\":[\"https:\/\/imeba.clinic\/sin-cirugia\/\"]}]},{\"@type\":\"ImageObject\",\"inLanguage\":\"en-US\",\"@id\":\"https:\/\/imeba.clinic\/sin-cirugia\/#primaryimage\",\"url\":\"https:\/\/imeba.clinic\/wp-content\/uploads\/2023\/01\/beautiful-female-legs-isolated-white-beauty-fitness-concept.jpg\",\"contentUrl\":\"https:\/\/imeba.clinic\/wp-content\/uploads\/2023\/01\/beautiful-female-legs-isolated-white-beauty-fitness-concept.jpg\",\"width\":2000,\"height\":1333},{\"@type\":\"BreadcrumbList\",\"@id\":\"https:\/\/imeba.clinic\/sin-cirugia\/#breadcrumb\",\"itemListElement\":[{\"@type\":\"ListItem\",\"position\":1,\"name\":\"Portada\",\"item\":\"https:\/\/imeba.clinic\/\"},{\"@type\":\"ListItem\",\"position\":2,\"name\":\"Sin cirugia\"}]},{\"@type\":\"WebSite\",\"@id\":\"https:\/\/imeba.clinic\/#website\",\"url\":\"https:\/\/imeba.clinic\/\",\"name\":\"Clinicas IMEBA\u00ae\",\"description\":\"Medicina estetica cirugia facial\",\"publisher\":{\"@id\":\"https:\/\/imeba.clinic\/#organization\"},\"potentialAction\":[{\"@type\":\"SearchAction\",\"target\":{\"@type\":\"EntryPoint\",\"urlTemplate\":\"https:\/\/imeba.clinic\/?s={search_term_string}\"},\"query-input\":{\"@type\":\"PropertyValueSpecification\",\"valueRequired\":true,\"valueName\":\"search_term_string\"}}],\"inLanguage\":\"en-US\"},{\"@type\":\"Organization\",\"@id\":\"https:\/\/imeba.clinic\/#organization\",\"name\":\"Clinicas IMEBA\u00ae\",\"url\":\"https:\/\/imeba.clinic\/\",\"logo\":{\"@type\":\"ImageObject\",\"inLanguage\":\"en-US\",\"@id\":\"https:\/\/imeba.clinic\/#\/schema\/logo\/image\/\",\"url\":\"https:\/\/imeba.clinic\/wp-content\/uploads\/2023\/01\/cropped-11722351_740325796094007_2206264894896353109_o.jpg\",\"contentUrl\":\"https:\/\/imeba.clinic\/wp-content\/uploads\/2023\/01\/cropped-11722351_740325796094007_2206264894896353109_o.jpg\",\"width\":1221,\"height\":349,\"caption\":\"Clinicas IMEBA\u00ae\"},\"image\":{\"@id\":\"https:\/\/imeba.clinic\/#\/schema\/logo\/image\/\"},\"sameAs\":[\"https:\/\/www.facebook.com\/clinicasimebamallorca\",\"https:\/\/x.com\/IMEBAInfo\",\"https:\/\/www.youtube.com\/@TorstenMarin\"]}]}<\/script>\n<!-- \/ Yoast SEO plugin. -->","yoast_head_json":{"title":"Sin cirugia - Clinicas IMEBA\u00ae","robots":{"index":"index","follow":"follow","max-snippet":"max-snippet:-1","max-image-preview":"max-image-preview:large","max-video-preview":"max-video-preview:-1"},"canonical":"https:\/\/imeba.clinic\/en\/sin-cirugia\/","og_locale":"en_US","og_type":"article","og_title":"Sin cirugia - Clinicas IMEBA\u00ae","og_description":"Facial Anti arrugas de expresi\u00f3n Aumento de labios \u00c1cido hialur\u00f3nico Rinomodelaci\u00f3n PRP facial PRP capilar Hair Care Mesoterapia facial Peeling Qu\u00edmico L\u00e1ser CO2 fraccionado IPL Vascular Picolaser Manchas Ojeras IMEBA\u00ae Gun Hifu IMEBA Oya Pack de inicaci\u00f3n Hilos Tensores Mega Hilos Lipol\u00e1ser Pack Est\u00e9tica Weekend Peel ELRO IMEBA\u00ae IMEBA\u00ae EX MFR Radiofrecuencia M\u00e9dica Corporal Hifu [&hellip;]","og_url":"https:\/\/imeba.clinic\/en\/sin-cirugia\/","og_site_name":"Clinicas IMEBA\u00ae","article_publisher":"https:\/\/www.facebook.com\/clinicasimebamallorca","article_modified_time":"2023-10-06T12:23:43+00:00","og_image":[{"width":2000,"height":1333,"url":"http:\/\/imeba.clinic\/wp-content\/uploads\/2023\/01\/beautiful-female-legs-isolated-white-beauty-fitness-concept.jpg","type":"image\/jpeg"}],"twitter_card":"summary_large_image","twitter_site":"@IMEBAInfo","twitter_misc":{"Est. reading time":"1 minute"},"schema":{"@context":"https:\/\/schema.org","@graph":[{"@type":"WebPage","@id":"https:\/\/imeba.clinic\/sin-cirugia\/","url":"https:\/\/imeba.clinic\/sin-cirugia\/","name":"Sin cirugia - Clinicas IMEBA\u00ae","isPartOf":{"@id":"https:\/\/imeba.clinic\/#website"},"primaryImageOfPage":{"@id":"https:\/\/imeba.clinic\/sin-cirugia\/#primaryimage"},"image":{"@id":"https:\/\/imeba.clinic\/sin-cirugia\/#primaryimage"},"thumbnailUrl":"https:\/\/imeba.clinic\/wp-content\/uploads\/2023\/01\/beautiful-female-legs-isolated-white-beauty-fitness-concept.jpg","datePublished":"2023-01-06T17:32:27+00:00","dateModified":"2023-10-06T12:23:43+00:00","breadcrumb":{"@id":"https:\/\/imeba.clinic\/sin-cirugia\/#breadcrumb"},"inLanguage":"en-US","potentialAction":[{"@type":"ReadAction","target":["https:\/\/imeba.clinic\/sin-cirugia\/"]}]},{"@type":"ImageObject","inLanguage":"en-US","@id":"https:\/\/imeba.clinic\/sin-cirugia\/#primaryimage","url":"https:\/\/imeba.clinic\/wp-content\/uploads\/2023\/01\/beautiful-female-legs-isolated-white-beauty-fitness-concept.jpg","contentUrl":"https:\/\/imeba.clinic\/wp-content\/uploads\/2023\/01\/beautiful-female-legs-isolated-white-beauty-fitness-concept.jpg","width":2000,"height":1333},{"@type":"BreadcrumbList","@id":"https:\/\/imeba.clinic\/sin-cirugia\/#breadcrumb","itemListElement":[{"@type":"ListItem","position":1,"name":"Portada","item":"https:\/\/imeba.clinic\/"},{"@type":"ListItem","position":2,"name":"Sin cirugia"}]},{"@type":"WebSite","@id":"https:\/\/imeba.clinic\/#website","url":"https:\/\/imeba.clinic\/","name":"Clinicas IMEBA\u00ae","description":"Medicina estetica cirugia facial","publisher":{"@id":"https:\/\/imeba.clinic\/#organization"},"potentialAction":[{"@type":"SearchAction","target":{"@type":"EntryPoint","urlTemplate":"https:\/\/imeba.clinic\/?s={search_term_string}"},"query-input":{"@type":"PropertyValueSpecification","valueRequired":true,"valueName":"search_term_string"}}],"inLanguage":"en-US"},{"@type":"Organization","@id":"https:\/\/imeba.clinic\/#organization","name":"Clinicas IMEBA\u00ae","url":"https:\/\/imeba.clinic\/","logo":{"@type":"ImageObject","inLanguage":"en-US","@id":"https:\/\/imeba.clinic\/#\/schema\/logo\/image\/","url":"https:\/\/imeba.clinic\/wp-content\/uploads\/2023\/01\/cropped-11722351_740325796094007_2206264894896353109_o.jpg","contentUrl":"https:\/\/imeba.clinic\/wp-content\/uploads\/2023\/01\/cropped-11722351_740325796094007_2206264894896353109_o.jpg","width":1221,"height":349,"caption":"Clinicas IMEBA\u00ae"},"image":{"@id":"https:\/\/imeba.clinic\/#\/schema\/logo\/image\/"},"sameAs":["https:\/\/www.facebook.com\/clinicasimebamallorca","https:\/\/x.com\/IMEBAInfo","https:\/\/www.youtube.com\/@TorstenMarin"]}]}},"_links":{"self":[{"href":"https:\/\/imeba.clinic\/en\/wp-json\/wp\/v2\/pages\/791","targetHints":{"allow":["GET"]}}],"collection":[{"href":"https:\/\/imeba.clinic\/en\/wp-json\/wp\/v2\/pages"}],"about":[{"href":"https:\/\/imeba.clinic\/en\/wp-json\/wp\/v2\/types\/page"}],"author":[{"embeddable":true,"href":"https:\/\/imeba.clinic\/en\/wp-json\/wp\/v2\/users\/1"}],"replies":[{"embeddable":true,"href":"https:\/\/imeba.clinic\/en\/wp-json\/wp\/v2\/comments?post=791"}],"version-history":[{"count":0,"href":"https:\/\/imeba.clinic\/en\/wp-json\/wp\/v2\/pages\/791\/revisions"}],"wp:featuredmedia":[{"embeddable":true,"href":"https:\/\/imeba.clinic\/en\/wp-json\/wp\/v2\/media\/943"}],"wp:attachment":[{"href":"https:\/\/imeba.clinic\/en\/wp-json\/wp\/v2\/media?parent=791"}],"curies":[{"name":"wp","href":"https:\/\/api.w.org\/{rel}","templated":true}]}}