
{"id":666,"date":"2023-01-05T21:35:06","date_gmt":"2023-01-05T21:35:06","guid":{"rendered":"https:\/\/imeba.clinic\/?page_id=666"},"modified":"2023-09-07T14:57:30","modified_gmt":"2023-09-07T13:57:30","slug":"liposonix","status":"publish","type":"page","link":"https:\/\/imeba.clinic\/en\/corporal\/liposonix\/","title":{"rendered":"Liposonix"},"content":{"rendered":"<div data-elementor-type=\"wp-page\" data-elementor-id=\"666\" class=\"elementor elementor-666\" data-elementor-post-type=\"page\">\n\t\t\t\t\t\t<section class=\"elementor-section elementor-top-section elementor-element elementor-element-af5f204 elementor-section-height-min-height elementor-section-boxed elementor-section-height-default elementor-section-items-middle\" data-id=\"af5f204\" data-element_type=\"section\" data-settings=\"{&quot;background_background&quot;:&quot;classic&quot;,&quot;background_motion_fx_motion_fx_scrolling&quot;:&quot;yes&quot;,&quot;background_motion_fx_translateY_effect&quot;:&quot;yes&quot;,&quot;jet_parallax_layout_list&quot;:[],&quot;background_motion_fx_translateY_speed&quot;:{&quot;unit&quot;:&quot;px&quot;,&quot;size&quot;:4,&quot;sizes&quot;:[]},&quot;background_motion_fx_translateY_affectedRange&quot;:{&quot;unit&quot;:&quot;%&quot;,&quot;size&quot;:&quot;&quot;,&quot;sizes&quot;:{&quot;start&quot;:0,&quot;end&quot;:100}},&quot;background_motion_fx_devices&quot;:[&quot;desktop&quot;,&quot;tablet&quot;,&quot;mobile&quot;]}\">\n\t\t\t\t\t\t\t<div class=\"elementor-background-overlay\"><\/div>\n\t\t\t\t\t\t\t<div class=\"elementor-container elementor-column-gap-default\">\n\t\t\t\t\t<div class=\"elementor-column elementor-col-100 elementor-top-column elementor-element elementor-element-971d0ba\" data-id=\"971d0ba\" data-element_type=\"column\">\n\t\t\t<div class=\"elementor-widget-wrap elementor-element-populated\">\n\t\t\t\t\t\t<div class=\"elementor-element elementor-element-d050f63 elementor-widget elementor-widget-heading\" data-id=\"d050f63\" data-element_type=\"widget\" data-widget_type=\"heading.default\">\n\t\t\t\t\t<h2 class=\"elementor-heading-title elementor-size-default\">Body<\/h2>\t\t\t\t<\/div>\n\t\t\t\t<div class=\"elementor-element elementor-element-6ad3acb elementor-widget elementor-widget-heading\" data-id=\"6ad3acb\" data-element_type=\"widget\" data-widget_type=\"heading.default\">\n\t\t\t\t\t<h2 class=\"elementor-heading-title elementor-size-default\">\u00a1NEW! LIPOSONIX WITH IMEBA\u00ae<\/h2>\t\t\t\t<\/div>\n\t\t\t\t<div class=\"elementor-element elementor-element-5dd6da6 elementor-widget elementor-widget-heading\" data-id=\"5dd6da6\" data-element_type=\"widget\" data-widget_type=\"heading.default\">\n\t\t\t\t\t<h5 class=\"elementor-heading-title elementor-size-default\">Remove localised fat without surgery<\/h5>\t\t\t\t<\/div>\n\t\t\t\t\t<\/div>\n\t\t<\/div>\n\t\t\t\t\t<\/div>\n\t\t<\/section>\n\t\t\t\t<section class=\"elementor-section elementor-top-section elementor-element elementor-element-ef25c85 elementor-section-boxed elementor-section-height-default elementor-section-height-default\" data-id=\"ef25c85\" data-element_type=\"section\" data-settings=\"{&quot;jet_parallax_layout_list&quot;:[]}\">\n\t\t\t\t\t\t<div class=\"elementor-container elementor-column-gap-default\">\n\t\t\t\t\t<div class=\"elementor-column elementor-col-50 elementor-top-column elementor-element elementor-element-9ed7922\" data-id=\"9ed7922\" data-element_type=\"column\">\n\t\t\t<div class=\"elementor-widget-wrap elementor-element-populated\">\n\t\t\t\t\t\t<div class=\"elementor-element elementor-element-9fbf5a0 elementor-widget elementor-widget-image\" data-id=\"9fbf5a0\" data-element_type=\"widget\" data-widget_type=\"image.default\">\n\t\t\t\t\t\t\t\t\t\t\t\t\t\t\t<img fetchpriority=\"high\" decoding=\"async\" width=\"800\" height=\"534\" src=\"https:\/\/imeba.clinic\/wp-content\/uploads\/2023\/01\/Liposonix-1024x683.jpg\" class=\"attachment-large size-large wp-image-684\" alt=\"\" srcset=\"https:\/\/imeba.clinic\/wp-content\/uploads\/2023\/01\/Liposonix-1024x683.jpg 1024w, https:\/\/imeba.clinic\/wp-content\/uploads\/2023\/01\/Liposonix-300x200.jpg 300w, https:\/\/imeba.clinic\/wp-content\/uploads\/2023\/01\/Liposonix-768x512.jpg 768w, https:\/\/imeba.clinic\/wp-content\/uploads\/2023\/01\/Liposonix-1536x1024.jpg 1536w, https:\/\/imeba.clinic\/wp-content\/uploads\/2023\/01\/Liposonix-2048x1365.jpg 2048w\" sizes=\"(max-width: 800px) 100vw, 800px\" \/>\t\t\t\t\t\t\t\t\t\t\t\t\t\t\t<\/div>\n\t\t\t\t<div class=\"elementor-element elementor-element-692c323 elementor-widget elementor-widget-heading\" data-id=\"692c323\" data-element_type=\"widget\" data-widget_type=\"heading.default\">\n\t\t\t\t\t<h2 class=\"elementor-heading-title elementor-size-default\">WHAT IS THE LIPOSONIX TREATMENT?<\/h2>\t\t\t\t<\/div>\n\t\t\t\t<div class=\"elementor-element elementor-element-68110d3 elementor-widget elementor-widget-text-editor\" data-id=\"68110d3\" data-element_type=\"widget\" data-widget_type=\"text-editor.default\">\n\t\t\t\t\t\t\t\t\tLiposonix is a patented medical equipment approved by the FDA for the reduction of fatty tissue within fat deposits.\t\t\t\t\t\t\t\t<\/div>\n\t\t\t\t<div class=\"elementor-element elementor-element-b8e7674 elementor-widget elementor-widget-text-editor\" data-id=\"b8e7674\" data-element_type=\"widget\" data-widget_type=\"text-editor.default\">\n\t\t\t\t\t\t\t\t\tIt's not indicated for weight loss or large fat accumulations. Its indication is very clear: to reduce accumulated fat in specific areas.\n\n\t\t\t\t\t\t\t\t<\/div>\n\t\t\t\t<div class=\"elementor-element elementor-element-f1c60b9 elementor-widget elementor-widget-text-editor\" data-id=\"f1c60b9\" data-element_type=\"widget\" data-widget_type=\"text-editor.default\">\n\t\t\t\t\t\t\t\t\tThat area that's resistant to diet, exercise or shaping machines. These areas respond very well to Liposonix. In a single session and in just a few minutes, say goodbye to these small fat deposits.\n\n\t\t\t\t\t\t\t\t<\/div>\n\t\t\t\t<div class=\"elementor-element elementor-element-12edbde elementor-widget elementor-widget-heading\" data-id=\"12edbde\" data-element_type=\"widget\" data-widget_type=\"heading.default\">\n\t\t\t\t\t<h2 class=\"elementor-heading-title elementor-size-default\">HOW DOES IT ACT?<\/h2>\t\t\t\t<\/div>\n\t\t\t\t<div class=\"elementor-element elementor-element-02f6704 elementor-widget elementor-widget-text-editor\" data-id=\"02f6704\" data-element_type=\"widget\" data-widget_type=\"text-editor.default\">\n\t\t\t\t\t\t\t\t\tLiposonix works by using ultrasound energy to exert its action. After the application of the transducer that emits the energy, bubbles are produced inside the fat cells (adipocytes) that cause them to burst, releasing the fatty acids inside, which are eliminated through the respiratory system and the lymph.\n\n\t\t\t\t\t\t\t\t<\/div>\n\t\t\t\t<div class=\"elementor-element elementor-element-c31c41d elementor-widget elementor-widget-text-editor\" data-id=\"c31c41d\" data-element_type=\"widget\" data-widget_type=\"text-editor.default\">\n\t\t\t\t\t\t\t\t\tThe destroyed cells are in turn eliminated from the body by the action of macrophages (cells responsible for cleansing the human body).\n\n\t\t\t\t\t\t\t\t<\/div>\n\t\t\t\t<div class=\"elementor-element elementor-element-4483075 elementor-widget elementor-widget-text-editor\" data-id=\"4483075\" data-element_type=\"widget\" data-widget_type=\"text-editor.default\">\n\t\t\t\t\t\t\t\t\tIn turn, it tightens the fibrous bands around the fatty tissue, making the treated area tighter.\n\n\t\t\t\t\t\t\t\t<\/div>\n\t\t\t\t<div class=\"elementor-element elementor-element-0558376 elementor-widget elementor-widget-heading\" data-id=\"0558376\" data-element_type=\"widget\" data-widget_type=\"heading.default\">\n\t\t\t\t\t<h2 class=\"elementor-heading-title elementor-size-default\">WHO'S THE IDEAL PATIENT?\n\n<\/h2>\t\t\t\t<\/div>\n\t\t\t\t<div class=\"elementor-element elementor-element-dc2107b elementor-widget elementor-widget-text-editor\" data-id=\"dc2107b\" data-element_type=\"widget\" data-widget_type=\"text-editor.default\">\n\t\t\t\t\t\t\t\t\tMen or women who take care of their image, who are not obese and who wish to eliminate the stubborn fat that does not disappear with any type of diet or exercise.\n\n\t\t\t\t\t\t\t\t<\/div>\n\t\t\t\t<div class=\"elementor-element elementor-element-db88e49 elementor-widget elementor-widget-text-editor\" data-id=\"db88e49\" data-element_type=\"widget\" data-widget_type=\"text-editor.default\">\n\t\t\t\t\t\t\t\t\tIf you want to do some quick checks, you can try to \"pinch\" the fat, and see whether it doesn't exceed 2.5 cm in the area where you want to have the treatment. It's also important that your body mass index does not exceed 30 points.\n\n\t\t\t\t\t\t\t\t<\/div>\n\t\t\t\t<div class=\"elementor-element elementor-element-1710f70 elementor-widget elementor-widget-text-editor\" data-id=\"1710f70\" data-element_type=\"widget\" data-widget_type=\"text-editor.default\">\n\t\t\t\t\t\t\t\t\tIf you have any doubts about this, or are not convinced about what to expect from the treatment, we recommend that you do a free consultation.\n\n\t\t\t\t\t\t\t\t<\/div>\n\t\t\t\t<div class=\"elementor-element elementor-element-d4c4d2b elementor-widget elementor-widget-heading\" data-id=\"d4c4d2b\" data-element_type=\"widget\" data-widget_type=\"heading.default\">\n\t\t\t\t\t<h2 class=\"elementor-heading-title elementor-size-default\">HOW LIPOSONIX WORKS\n\n\n<\/h2>\t\t\t\t<\/div>\n\t\t\t\t<div class=\"elementor-element elementor-element-79bbc3e elementor-widget elementor-widget-text-editor\" data-id=\"79bbc3e\" data-element_type=\"widget\" data-widget_type=\"text-editor.default\">\n\t\t\t\t\t\t\t\t\tLiposonix is perfect for reducing localised fat in small areas. The inner thigh, the inner knee, the buttocks as long as they are small, and the flanks.\n\n\t\t\t\t\t\t\t\t<\/div>\n\t\t\t\t<div class=\"elementor-element elementor-element-cb9f734 elementor-widget elementor-widget-text-editor\" data-id=\"cb9f734\" data-element_type=\"widget\" data-widget_type=\"text-editor.default\">\n\t\t\t\t\t\t\t\t\tThe first thing that is done in a Liposonix treatment is to mark the area to be worked on. In each of these areas, energy is applied 3 times and the fat is automatically destroyed.\n\n\t\t\t\t\t\t\t\t<\/div>\n\t\t\t\t<div class=\"elementor-element elementor-element-00addfc elementor-widget elementor-widget-text-editor\" data-id=\"00addfc\" data-element_type=\"widget\" data-widget_type=\"text-editor.default\">\n\t\t\t\t\t\t\t\t\tAnd it not only eliminates it, but also tightens all the surrounding tissue. Without leaving the dreaded flaccidity.\n\n\t\t\t\t\t\t\t\t<\/div>\n\t\t\t\t<div class=\"elementor-element elementor-element-3693308 elementor-widget elementor-widget-heading\" data-id=\"3693308\" data-element_type=\"widget\" data-widget_type=\"heading.default\">\n\t\t\t\t\t<h2 class=\"elementor-heading-title elementor-size-default\">HOW MANY SESSIONS DO I NEED?\n\n\n\n<\/h2>\t\t\t\t<\/div>\n\t\t\t\t<div class=\"elementor-element elementor-element-8225729 elementor-widget elementor-widget-text-editor\" data-id=\"8225729\" data-element_type=\"widget\" data-widget_type=\"text-editor.default\">\n\t\t\t\t\t\t\t\t\tThe treatment is carried out in 1 single session of about 30 - 60 minutes, but if the patient wishes a greater reduction, the treatment can be repeated after the 3 months necessary for the total elimination of the destroyed cell residues.\n\n\t\t\t\t\t\t\t\t<\/div>\n\t\t\t\t<div class=\"elementor-element elementor-element-c783d26 elementor-widget elementor-widget-text-editor\" data-id=\"c783d26\" data-element_type=\"widget\" data-widget_type=\"text-editor.default\">\n\t\t\t\t\t\t\t\t\tDuring the treatment you may feel some tingling or itching, but this is very mild and without major consequences.  \t\t\t\t\t\t\t\t<\/div>\n\t\t\t\t\t<\/div>\n\t\t<\/div>\n\t\t\t\t<div class=\"elementor-column elementor-col-50 elementor-top-column elementor-element elementor-element-f3b6ff6\" data-id=\"f3b6ff6\" data-element_type=\"column\">\n\t\t\t<div class=\"elementor-widget-wrap elementor-element-populated\">\n\t\t\t\t\t\t<section class=\"elementor-section elementor-inner-section elementor-element elementor-element-0ffd3b2 elementor-section-boxed elementor-section-height-default elementor-section-height-default\" data-id=\"0ffd3b2\" data-element_type=\"section\" data-settings=\"{&quot;background_background&quot;:&quot;classic&quot;,&quot;sticky&quot;:&quot;top&quot;,&quot;sticky_offset&quot;:120,&quot;sticky_parent&quot;:&quot;yes&quot;,&quot;jet_parallax_layout_list&quot;:[],&quot;sticky_on&quot;:[&quot;desktop&quot;,&quot;tablet&quot;,&quot;mobile&quot;],&quot;sticky_effects_offset&quot;:0,&quot;sticky_anchor_link_offset&quot;:0}\">\n\t\t\t\t\t\t<div class=\"elementor-container elementor-column-gap-default\">\n\t\t\t\t\t<div class=\"elementor-column elementor-col-100 elementor-inner-column elementor-element elementor-element-b6e161a\" data-id=\"b6e161a\" data-element_type=\"column\">\n\t\t\t<div class=\"elementor-widget-wrap elementor-element-populated\">\n\t\t\t\t\t\t<div class=\"elementor-element elementor-element-d8676c6 elementor-widget elementor-widget-heading\" data-id=\"d8676c6\" data-element_type=\"widget\" data-widget_type=\"heading.default\">\n\t\t\t\t\t<h2 class=\"elementor-heading-title elementor-size-default\">Price<\/h2>\t\t\t\t<\/div>\n\t\t\t\t<div class=\"elementor-element elementor-element-a53e41d Price elementor-widget elementor-widget-heading\" data-id=\"a53e41d\" data-element_type=\"widget\" data-widget_type=\"heading.default\">\n\t\t\t\t\t<h2 class=\"elementor-heading-title elementor-size-default\">399\u20ac<span>\/ session and area<\/span><\/h2>\t\t\t\t<\/div>\n\t\t\t\t<div class=\"elementor-element elementor-element-9a8e899 elementor-widget elementor-widget-text-editor\" data-id=\"9a8e899\" data-element_type=\"widget\" data-widget_type=\"text-editor.default\">\n\t\t\t\t\t\t\t\t\t<p>Abdomen for example<\/p>\t\t\t\t\t\t\t\t<\/div>\n\t\t\t\t<div class=\"elementor-element elementor-element-41d6b58 elementor-widget-divider--view-line elementor-widget elementor-widget-divider\" data-id=\"41d6b58\" data-element_type=\"widget\" data-widget_type=\"divider.default\">\n\t\t\t\t\t\t\t<div class=\"elementor-divider\">\n\t\t\t<span class=\"elementor-divider-separator\">\n\t\t\t\t\t\t<\/span>\n\t\t<\/div>\n\t\t\t\t\t\t<\/div>\n\t\t\t\t<div class=\"elementor-element elementor-element-363190d Price elementor-widget elementor-widget-heading\" data-id=\"363190d\" data-element_type=\"widget\" data-widget_type=\"heading.default\">\n\t\t\t\t\t<h2 class=\"elementor-heading-title elementor-size-default\">600\u20ac<span>\/ session<\/span><\/h2>\t\t\t\t<\/div>\n\t\t\t\t<div class=\"elementor-element elementor-element-c9c0b8f elementor-widget elementor-widget-text-editor\" data-id=\"c9c0b8f\" data-element_type=\"widget\" data-widget_type=\"text-editor.default\">\n\t\t\t\t\t\t\t\t\t<p>Abdomen and flancs for example<\/p>\t\t\t\t\t\t\t\t<\/div>\n\t\t\t\t<div class=\"elementor-element elementor-element-f0b0c8e elementor-widget__width-inherit elementor-mobile-align-justify elementor-widget-mobile__width-inherit elementor-tablet-align-justify elementor-widget-tablet__width-inherit elementor-align-justify elementor-widget elementor-widget-button\" data-id=\"f0b0c8e\" data-element_type=\"widget\" data-widget_type=\"button.default\">\n\t\t\t\t\t\t\t\t\t\t<a class=\"elementor-button elementor-button-link elementor-size-sm\" href=\"https:\/\/api.whatsapp.com\/send?phone=34653620509&#038;text=Hola%20Cl%C3%ADnicas%20IMEBA,%20ponte%20en%20contacto%20conmigo.%20(Liposonix)%20Muchas%20gracias.%20\">\n\t\t\t\t\t\t<span class=\"elementor-button-content-wrapper\">\n\t\t\t\t\t\t\t\t\t<span class=\"elementor-button-text\">BOOK NOW<\/span>\n\t\t\t\t\t<\/span>\n\t\t\t\t\t<\/a>\n\t\t\t\t\t\t\t\t<\/div>\n\t\t\t\t\t<\/div>\n\t\t<\/div>\n\t\t\t\t\t<\/div>\n\t\t<\/section>\n\t\t\t\t\t<\/div>\n\t\t<\/div>\n\t\t\t\t\t<\/div>\n\t\t<\/section>\n\t\t\t\t<\/div>","protected":false},"excerpt":{"rendered":"<p>Corporal \u00a1NUEVO! LIPOSONIX CON IMEBA\u00ae Elimina grasa localizada sin cirug\u00eda \u00bfQU\u00c9 ES EL TRATAMIENTO LIPOSONIX? El Liposonix es un Equipo M\u00e9dico de patente Norteamericana aprobado por la FDA para la reducci\u00f3n del tejido graso en la grasa localizada.No est\u00e1 indicado para bajar de peso, ni para las grandes adiposidades. Su indicaci\u00f3n est\u00e1 muy clara, reducir [&hellip;]<\/p>","protected":false},"author":1,"featured_media":684,"parent":920,"menu_order":2,"comment_status":"closed","ping_status":"closed","template":"elementor_header_footer","meta":{"footnotes":""},"class_list":["post-666","page","type-page","status-publish","has-post-thumbnail","hentry"],"yoast_head":"<!-- This site is optimized with the Yoast SEO plugin v25.8 - https:\/\/yoast.com\/wordpress\/plugins\/seo\/ -->\n<title>Liposonix - Clinicas IMEBA\u00ae<\/title>\n<meta name=\"robots\" content=\"index, follow, max-snippet:-1, max-image-preview:large, max-video-preview:-1\" \/>\n<link rel=\"canonical\" href=\"https:\/\/imeba.clinic\/en\/corporal\/liposonix\/\" \/>\n<meta property=\"og:locale\" content=\"en_US\" \/>\n<meta property=\"og:type\" content=\"article\" \/>\n<meta property=\"og:title\" content=\"Liposonix - Clinicas IMEBA\u00ae\" \/>\n<meta property=\"og:description\" content=\"Corporal \u00a1NUEVO! LIPOSONIX CON IMEBA\u00ae Elimina grasa localizada sin cirug\u00eda \u00bfQU\u00c9 ES EL TRATAMIENTO LIPOSONIX? El Liposonix es un Equipo M\u00e9dico de patente Norteamericana aprobado por la FDA para la reducci\u00f3n del tejido graso en la grasa localizada.No est\u00e1 indicado para bajar de peso, ni para las grandes adiposidades. Su indicaci\u00f3n est\u00e1 muy clara, reducir [&hellip;]\" \/>\n<meta property=\"og:url\" content=\"https:\/\/imeba.clinic\/en\/corporal\/liposonix\/\" \/>\n<meta property=\"og:site_name\" content=\"Clinicas IMEBA\u00ae\" \/>\n<meta property=\"article:publisher\" content=\"https:\/\/www.facebook.com\/clinicasimebamallorca\" \/>\n<meta property=\"article:modified_time\" content=\"2023-09-07T13:57:30+00:00\" \/>\n<meta property=\"og:image\" content=\"http:\/\/imeba.clinic\/wp-content\/uploads\/2023\/01\/Liposonix-scaled.jpg\" \/>\n\t<meta property=\"og:image:width\" content=\"2560\" \/>\n\t<meta property=\"og:image:height\" content=\"1707\" \/>\n\t<meta property=\"og:image:type\" content=\"image\/jpeg\" \/>\n<meta name=\"twitter:card\" content=\"summary_large_image\" \/>\n<meta name=\"twitter:site\" content=\"@IMEBAInfo\" \/>\n<meta name=\"twitter:label1\" content=\"Est. reading time\" \/>\n\t<meta name=\"twitter:data1\" content=\"3 minutes\" \/>\n<script type=\"application\/ld+json\" class=\"yoast-schema-graph\">{\"@context\":\"https:\/\/schema.org\",\"@graph\":[{\"@type\":\"WebPage\",\"@id\":\"https:\/\/imeba.clinic\/corporal\/liposonix\/\",\"url\":\"https:\/\/imeba.clinic\/corporal\/liposonix\/\",\"name\":\"Liposonix - Clinicas IMEBA\u00ae\",\"isPartOf\":{\"@id\":\"https:\/\/imeba.clinic\/#website\"},\"primaryImageOfPage\":{\"@id\":\"https:\/\/imeba.clinic\/corporal\/liposonix\/#primaryimage\"},\"image\":{\"@id\":\"https:\/\/imeba.clinic\/corporal\/liposonix\/#primaryimage\"},\"thumbnailUrl\":\"https:\/\/imeba.clinic\/wp-content\/uploads\/2023\/01\/Liposonix-scaled.jpg\",\"datePublished\":\"2023-01-05T21:35:06+00:00\",\"dateModified\":\"2023-09-07T13:57:30+00:00\",\"breadcrumb\":{\"@id\":\"https:\/\/imeba.clinic\/corporal\/liposonix\/#breadcrumb\"},\"inLanguage\":\"en-US\",\"potentialAction\":[{\"@type\":\"ReadAction\",\"target\":[\"https:\/\/imeba.clinic\/corporal\/liposonix\/\"]}]},{\"@type\":\"ImageObject\",\"inLanguage\":\"en-US\",\"@id\":\"https:\/\/imeba.clinic\/corporal\/liposonix\/#primaryimage\",\"url\":\"https:\/\/imeba.clinic\/wp-content\/uploads\/2023\/01\/Liposonix-scaled.jpg\",\"contentUrl\":\"https:\/\/imeba.clinic\/wp-content\/uploads\/2023\/01\/Liposonix-scaled.jpg\",\"width\":2560,\"height\":1707},{\"@type\":\"BreadcrumbList\",\"@id\":\"https:\/\/imeba.clinic\/corporal\/liposonix\/#breadcrumb\",\"itemListElement\":[{\"@type\":\"ListItem\",\"position\":1,\"name\":\"Portada\",\"item\":\"https:\/\/imeba.clinic\/\"},{\"@type\":\"ListItem\",\"position\":2,\"name\":\"Corporal\",\"item\":\"https:\/\/imeba.clinic\/corporal\/\"},{\"@type\":\"ListItem\",\"position\":3,\"name\":\"Liposonix\"}]},{\"@type\":\"WebSite\",\"@id\":\"https:\/\/imeba.clinic\/#website\",\"url\":\"https:\/\/imeba.clinic\/\",\"name\":\"Clinicas IMEBA\u00ae\",\"description\":\"Medicina estetica cirugia facial\",\"publisher\":{\"@id\":\"https:\/\/imeba.clinic\/#organization\"},\"potentialAction\":[{\"@type\":\"SearchAction\",\"target\":{\"@type\":\"EntryPoint\",\"urlTemplate\":\"https:\/\/imeba.clinic\/?s={search_term_string}\"},\"query-input\":{\"@type\":\"PropertyValueSpecification\",\"valueRequired\":true,\"valueName\":\"search_term_string\"}}],\"inLanguage\":\"en-US\"},{\"@type\":\"Organization\",\"@id\":\"https:\/\/imeba.clinic\/#organization\",\"name\":\"Clinicas IMEBA\u00ae\",\"url\":\"https:\/\/imeba.clinic\/\",\"logo\":{\"@type\":\"ImageObject\",\"inLanguage\":\"en-US\",\"@id\":\"https:\/\/imeba.clinic\/#\/schema\/logo\/image\/\",\"url\":\"https:\/\/imeba.clinic\/wp-content\/uploads\/2023\/01\/cropped-11722351_740325796094007_2206264894896353109_o.jpg\",\"contentUrl\":\"https:\/\/imeba.clinic\/wp-content\/uploads\/2023\/01\/cropped-11722351_740325796094007_2206264894896353109_o.jpg\",\"width\":1221,\"height\":349,\"caption\":\"Clinicas IMEBA\u00ae\"},\"image\":{\"@id\":\"https:\/\/imeba.clinic\/#\/schema\/logo\/image\/\"},\"sameAs\":[\"https:\/\/www.facebook.com\/clinicasimebamallorca\",\"https:\/\/x.com\/IMEBAInfo\",\"https:\/\/www.youtube.com\/@TorstenMarin\"]}]}<\/script>\n<!-- \/ Yoast SEO plugin. -->","yoast_head_json":{"title":"Liposonix - Clinicas IMEBA\u00ae","robots":{"index":"index","follow":"follow","max-snippet":"max-snippet:-1","max-image-preview":"max-image-preview:large","max-video-preview":"max-video-preview:-1"},"canonical":"https:\/\/imeba.clinic\/en\/corporal\/liposonix\/","og_locale":"en_US","og_type":"article","og_title":"Liposonix - Clinicas IMEBA\u00ae","og_description":"Corporal \u00a1NUEVO! LIPOSONIX CON IMEBA\u00ae Elimina grasa localizada sin cirug\u00eda \u00bfQU\u00c9 ES EL TRATAMIENTO LIPOSONIX? El Liposonix es un Equipo M\u00e9dico de patente Norteamericana aprobado por la FDA para la reducci\u00f3n del tejido graso en la grasa localizada.No est\u00e1 indicado para bajar de peso, ni para las grandes adiposidades. Su indicaci\u00f3n est\u00e1 muy clara, reducir [&hellip;]","og_url":"https:\/\/imeba.clinic\/en\/corporal\/liposonix\/","og_site_name":"Clinicas IMEBA\u00ae","article_publisher":"https:\/\/www.facebook.com\/clinicasimebamallorca","article_modified_time":"2023-09-07T13:57:30+00:00","og_image":[{"width":2560,"height":1707,"url":"http:\/\/imeba.clinic\/wp-content\/uploads\/2023\/01\/Liposonix-scaled.jpg","type":"image\/jpeg"}],"twitter_card":"summary_large_image","twitter_site":"@IMEBAInfo","twitter_misc":{"Est. reading time":"3 minutes"},"schema":{"@context":"https:\/\/schema.org","@graph":[{"@type":"WebPage","@id":"https:\/\/imeba.clinic\/corporal\/liposonix\/","url":"https:\/\/imeba.clinic\/corporal\/liposonix\/","name":"Liposonix - Clinicas IMEBA\u00ae","isPartOf":{"@id":"https:\/\/imeba.clinic\/#website"},"primaryImageOfPage":{"@id":"https:\/\/imeba.clinic\/corporal\/liposonix\/#primaryimage"},"image":{"@id":"https:\/\/imeba.clinic\/corporal\/liposonix\/#primaryimage"},"thumbnailUrl":"https:\/\/imeba.clinic\/wp-content\/uploads\/2023\/01\/Liposonix-scaled.jpg","datePublished":"2023-01-05T21:35:06+00:00","dateModified":"2023-09-07T13:57:30+00:00","breadcrumb":{"@id":"https:\/\/imeba.clinic\/corporal\/liposonix\/#breadcrumb"},"inLanguage":"en-US","potentialAction":[{"@type":"ReadAction","target":["https:\/\/imeba.clinic\/corporal\/liposonix\/"]}]},{"@type":"ImageObject","inLanguage":"en-US","@id":"https:\/\/imeba.clinic\/corporal\/liposonix\/#primaryimage","url":"https:\/\/imeba.clinic\/wp-content\/uploads\/2023\/01\/Liposonix-scaled.jpg","contentUrl":"https:\/\/imeba.clinic\/wp-content\/uploads\/2023\/01\/Liposonix-scaled.jpg","width":2560,"height":1707},{"@type":"BreadcrumbList","@id":"https:\/\/imeba.clinic\/corporal\/liposonix\/#breadcrumb","itemListElement":[{"@type":"ListItem","position":1,"name":"Portada","item":"https:\/\/imeba.clinic\/"},{"@type":"ListItem","position":2,"name":"Corporal","item":"https:\/\/imeba.clinic\/corporal\/"},{"@type":"ListItem","position":3,"name":"Liposonix"}]},{"@type":"WebSite","@id":"https:\/\/imeba.clinic\/#website","url":"https:\/\/imeba.clinic\/","name":"Clinicas IMEBA\u00ae","description":"Medicina estetica cirugia facial","publisher":{"@id":"https:\/\/imeba.clinic\/#organization"},"potentialAction":[{"@type":"SearchAction","target":{"@type":"EntryPoint","urlTemplate":"https:\/\/imeba.clinic\/?s={search_term_string}"},"query-input":{"@type":"PropertyValueSpecification","valueRequired":true,"valueName":"search_term_string"}}],"inLanguage":"en-US"},{"@type":"Organization","@id":"https:\/\/imeba.clinic\/#organization","name":"Clinicas IMEBA\u00ae","url":"https:\/\/imeba.clinic\/","logo":{"@type":"ImageObject","inLanguage":"en-US","@id":"https:\/\/imeba.clinic\/#\/schema\/logo\/image\/","url":"https:\/\/imeba.clinic\/wp-content\/uploads\/2023\/01\/cropped-11722351_740325796094007_2206264894896353109_o.jpg","contentUrl":"https:\/\/imeba.clinic\/wp-content\/uploads\/2023\/01\/cropped-11722351_740325796094007_2206264894896353109_o.jpg","width":1221,"height":349,"caption":"Clinicas IMEBA\u00ae"},"image":{"@id":"https:\/\/imeba.clinic\/#\/schema\/logo\/image\/"},"sameAs":["https:\/\/www.facebook.com\/clinicasimebamallorca","https:\/\/x.com\/IMEBAInfo","https:\/\/www.youtube.com\/@TorstenMarin"]}]}},"_links":{"self":[{"href":"https:\/\/imeba.clinic\/en\/wp-json\/wp\/v2\/pages\/666","targetHints":{"allow":["GET"]}}],"collection":[{"href":"https:\/\/imeba.clinic\/en\/wp-json\/wp\/v2\/pages"}],"about":[{"href":"https:\/\/imeba.clinic\/en\/wp-json\/wp\/v2\/types\/page"}],"author":[{"embeddable":true,"href":"https:\/\/imeba.clinic\/en\/wp-json\/wp\/v2\/users\/1"}],"replies":[{"embeddable":true,"href":"https:\/\/imeba.clinic\/en\/wp-json\/wp\/v2\/comments?post=666"}],"version-history":[{"count":0,"href":"https:\/\/imeba.clinic\/en\/wp-json\/wp\/v2\/pages\/666\/revisions"}],"up":[{"embeddable":true,"href":"https:\/\/imeba.clinic\/en\/wp-json\/wp\/v2\/pages\/920"}],"wp:featuredmedia":[{"embeddable":true,"href":"https:\/\/imeba.clinic\/en\/wp-json\/wp\/v2\/media\/684"}],"wp:attachment":[{"href":"https:\/\/imeba.clinic\/en\/wp-json\/wp\/v2\/media?parent=666"}],"curies":[{"name":"wp","href":"https:\/\/api.w.org\/{rel}","templated":true}]}}