
{"id":5456,"date":"2024-04-03T13:19:05","date_gmt":"2024-04-03T12:19:05","guid":{"rendered":"https:\/\/imeba.clinic\/?page_id=5456"},"modified":"2026-02-27T07:42:03","modified_gmt":"2026-02-27T06:42:03","slug":"sculptra","status":"publish","type":"page","link":"https:\/\/imeba.clinic\/en\/facial\/sculptra\/","title":{"rendered":"SCULPTRA"},"content":{"rendered":"<div data-elementor-type=\"wp-page\" data-elementor-id=\"5456\" class=\"elementor elementor-5456\" data-elementor-post-type=\"page\">\n\t\t\t\t\t\t<section class=\"elementor-section elementor-top-section elementor-element elementor-element-14f7ea6 elementor-section-height-min-height elementor-section-boxed elementor-section-height-default elementor-section-items-middle\" data-id=\"14f7ea6\" data-element_type=\"section\" data-settings=\"{&quot;background_background&quot;:&quot;classic&quot;,&quot;background_motion_fx_motion_fx_scrolling&quot;:&quot;yes&quot;,&quot;background_motion_fx_translateY_effect&quot;:&quot;yes&quot;,&quot;jet_parallax_layout_list&quot;:[],&quot;background_motion_fx_translateY_speed&quot;:{&quot;unit&quot;:&quot;px&quot;,&quot;size&quot;:4,&quot;sizes&quot;:[]},&quot;background_motion_fx_translateY_affectedRange&quot;:{&quot;unit&quot;:&quot;%&quot;,&quot;size&quot;:&quot;&quot;,&quot;sizes&quot;:{&quot;start&quot;:0,&quot;end&quot;:100}},&quot;background_motion_fx_devices&quot;:[&quot;desktop&quot;,&quot;tablet&quot;,&quot;mobile&quot;]}\">\n\t\t\t\t\t\t\t<div class=\"elementor-background-overlay\"><\/div>\n\t\t\t\t\t\t\t<div class=\"elementor-container elementor-column-gap-default\">\n\t\t\t\t\t<div class=\"elementor-column elementor-col-100 elementor-top-column elementor-element elementor-element-8578ffc\" data-id=\"8578ffc\" data-element_type=\"column\">\n\t\t\t<div class=\"elementor-widget-wrap elementor-element-populated\">\n\t\t\t\t\t\t<div class=\"elementor-element elementor-element-92078a0 elementor-widget elementor-widget-heading\" data-id=\"92078a0\" data-element_type=\"widget\" data-widget_type=\"heading.default\">\n\t\t\t\t\t<h5 class=\"elementor-heading-title elementor-size-default\">Face<\/h5>\t\t\t\t<\/div>\n\t\t\t\t\t<\/div>\n\t\t<\/div>\n\t\t\t\t\t<\/div>\n\t\t<\/section>\n\t\t\t\t<section class=\"elementor-section elementor-top-section elementor-element elementor-element-6a854a6 elementor-section-boxed elementor-section-height-default elementor-section-height-default\" data-id=\"6a854a6\" data-element_type=\"section\" data-settings=\"{&quot;jet_parallax_layout_list&quot;:[]}\">\n\t\t\t\t\t\t<div class=\"elementor-container elementor-column-gap-default\">\n\t\t\t\t\t<div class=\"elementor-column elementor-col-50 elementor-top-column elementor-element elementor-element-422799f\" data-id=\"422799f\" data-element_type=\"column\">\n\t\t\t<div class=\"elementor-widget-wrap elementor-element-populated\">\n\t\t\t\t\t\t<div class=\"elementor-element elementor-element-82fbfd5 elementor-widget elementor-widget-image\" data-id=\"82fbfd5\" data-element_type=\"widget\" data-widget_type=\"image.default\">\n\t\t\t\t\t\t\t\t\t\t\t\t\t\t\t<img fetchpriority=\"high\" decoding=\"async\" width=\"800\" height=\"492\" src=\"https:\/\/imeba.clinic\/wp-content\/uploads\/2023\/02\/postblogpapa31052017-1024x630.jpg\" class=\"attachment-large size-large wp-image-2534\" alt=\"\" srcset=\"https:\/\/imeba.clinic\/wp-content\/uploads\/2023\/02\/postblogpapa31052017-1024x630.jpg 1024w, https:\/\/imeba.clinic\/wp-content\/uploads\/2023\/02\/postblogpapa31052017-300x185.jpg 300w, https:\/\/imeba.clinic\/wp-content\/uploads\/2023\/02\/postblogpapa31052017-768x473.jpg 768w, https:\/\/imeba.clinic\/wp-content\/uploads\/2023\/02\/postblogpapa31052017-18x12.jpg 18w, https:\/\/imeba.clinic\/wp-content\/uploads\/2023\/02\/postblogpapa31052017.jpg 1362w\" sizes=\"(max-width: 800px) 100vw, 800px\" \/>\t\t\t\t\t\t\t\t\t\t\t\t\t\t\t<\/div>\n\t\t\t\t<div class=\"elementor-element elementor-element-0dbd1d9 elementor-widget elementor-widget-heading\" data-id=\"0dbd1d9\" data-element_type=\"widget\" data-widget_type=\"heading.default\">\n\t\t\t\t\t<h2 class=\"elementor-heading-title elementor-size-default\">SCULPTRA with Cl\u00ednicas IMEBA\u00ae<\/h2>\t\t\t\t<\/div>\n\t\t\t\t<div class=\"elementor-element elementor-element-17ade99 elementor-widget elementor-widget-text-editor\" data-id=\"17ade99\" data-element_type=\"widget\" data-widget_type=\"text-editor.default\">\n\t\t\t\t\t\t\t\t\t<p>Polylactic acid.<\/p>\t\t\t\t\t\t\t\t<\/div>\n\t\t\t\t<div class=\"elementor-element elementor-element-1aac492 elementor-widget elementor-widget-heading\" data-id=\"1aac492\" data-element_type=\"widget\" data-widget_type=\"heading.default\">\n\t\t\t\t\t<h2 class=\"elementor-heading-title elementor-size-default\">About this treatment<\/h2>\t\t\t\t<\/div>\n\t\t\t\t<div class=\"elementor-element elementor-element-9fbdb03 elementor-widget elementor-widget-text-editor\" data-id=\"9fbdb03\" data-element_type=\"widget\" data-widget_type=\"text-editor.default\">\n\t\t\t\t\t\t\t\t\tThe treatment with polylactic acid reverts facial ageing in a progressive way, without recurring to aggressive procedures or surgical interventions. It's injected into the dermis through small infiltrations that cause minimal discomfort. Afterwards, the product induces the formation of new collagen in a natural and progressive way, in a way that the patient perceives a gradually improved appearance.\n\nSeveral sessions are required (3 on average) to obtain the desired aesthetic result. Once the treatment is finished, the results are very long lasting, with a durability of up to 2 years. It's possible to perform maintenance sessions after this period of time.\n\nAreas of application: dark circles, cheeckbones, nasolabial, chin, etc.\t\t\t\t\t\t\t\t<\/div>\n\t\t\t\t\t<\/div>\n\t\t<\/div>\n\t\t\t\t<div class=\"elementor-column elementor-col-50 elementor-top-column elementor-element elementor-element-ac1a05d\" data-id=\"ac1a05d\" data-element_type=\"column\">\n\t\t\t<div class=\"elementor-widget-wrap elementor-element-populated\">\n\t\t\t\t\t\t<section class=\"elementor-section elementor-inner-section elementor-element elementor-element-0449f5b elementor-section-boxed elementor-section-height-default elementor-section-height-default\" data-id=\"0449f5b\" data-element_type=\"section\" data-settings=\"{&quot;background_background&quot;:&quot;classic&quot;,&quot;sticky&quot;:&quot;top&quot;,&quot;sticky_offset&quot;:120,&quot;sticky_parent&quot;:&quot;yes&quot;,&quot;jet_parallax_layout_list&quot;:[],&quot;sticky_on&quot;:[&quot;desktop&quot;,&quot;tablet&quot;,&quot;mobile&quot;],&quot;sticky_effects_offset&quot;:0,&quot;sticky_anchor_link_offset&quot;:0}\">\n\t\t\t\t\t\t<div class=\"elementor-container elementor-column-gap-default\">\n\t\t\t\t\t<div class=\"elementor-column elementor-col-100 elementor-inner-column elementor-element elementor-element-da8d40e\" data-id=\"da8d40e\" data-element_type=\"column\">\n\t\t\t<div class=\"elementor-widget-wrap elementor-element-populated\">\n\t\t\t\t\t\t<div class=\"elementor-element elementor-element-a2091af elementor-widget elementor-widget-heading\" data-id=\"a2091af\" data-element_type=\"widget\" data-widget_type=\"heading.default\">\n\t\t\t\t\t<h2 class=\"elementor-heading-title elementor-size-default\">Price<\/h2>\t\t\t\t<\/div>\n\t\t\t\t<div class=\"elementor-element elementor-element-120ebcd Price elementor-widget elementor-widget-heading\" data-id=\"120ebcd\" data-element_type=\"widget\" data-widget_type=\"heading.default\">\n\t\t\t\t\t<h2 class=\"elementor-heading-title elementor-size-default\">379\u20ac<span>\/ session<\/span><\/h2>\t\t\t\t<\/div>\n\t\t\t\t<div class=\"elementor-element elementor-element-793aa8e elementor-widget-divider--view-line elementor-widget elementor-widget-divider\" data-id=\"793aa8e\" data-element_type=\"widget\" data-widget_type=\"divider.default\">\n\t\t\t\t\t\t\t<div class=\"elementor-divider\">\n\t\t\t<span class=\"elementor-divider-separator\">\n\t\t\t\t\t\t<\/span>\n\t\t<\/div>\n\t\t\t\t\t\t<\/div>\n\t\t\t\t<div class=\"elementor-element elementor-element-433a3e1 Price elementor-widget elementor-widget-heading\" data-id=\"433a3e1\" data-element_type=\"widget\" data-widget_type=\"heading.default\">\n\t\t\t\t\t<h2 class=\"elementor-heading-title elementor-size-default\">650\u20ac\/2 sesiones<br>900\u20ac<span>\/ 3 sessions<\/span><\/h2>\t\t\t\t<\/div>\n\t\t\t\t<div class=\"elementor-element elementor-element-8b1ceb3 elementor-widget elementor-widget-text-editor\" data-id=\"8b1ceb3\" data-element_type=\"widget\" data-widget_type=\"text-editor.default\">\n\t\t\t\t\t\t\t\t\t<p>You may also message us through WhatsApp.<\/p>\t\t\t\t\t\t\t\t<\/div>\n\t\t\t\t<div class=\"elementor-element elementor-element-03edf27 elementor-widget__width-inherit elementor-mobile-align-justify elementor-widget-mobile__width-inherit elementor-tablet-align-justify elementor-widget-tablet__width-inherit elementor-align-justify elementor-widget elementor-widget-button\" data-id=\"03edf27\" data-element_type=\"widget\" data-widget_type=\"button.default\">\n\t\t\t\t\t\t\t\t\t\t<a class=\"elementor-button elementor-button-link elementor-size-sm\" href=\"https:\/\/api.whatsapp.com\/send?phone=34653620509&#038;text=Hola%20Cl%C3%ADnicas%20IMEBA,%20ponte%20en%20contacto%20conmigo.%20(Ojeras)%20Muchas%20gracias.%20\">\n\t\t\t\t\t\t<span class=\"elementor-button-content-wrapper\">\n\t\t\t\t\t\t\t\t\t<span class=\"elementor-button-text\">BOOK NOW<\/span>\n\t\t\t\t\t<\/span>\n\t\t\t\t\t<\/a>\n\t\t\t\t\t\t\t\t<\/div>\n\t\t\t\t\t<\/div>\n\t\t<\/div>\n\t\t\t\t\t<\/div>\n\t\t<\/section>\n\t\t\t\t\t<\/div>\n\t\t<\/div>\n\t\t\t\t\t<\/div>\n\t\t<\/section>\n\t\t\t\t<\/div>","protected":false},"excerpt":{"rendered":"<p>Facial SCULPTRA con Cl\u00ednicas IMEBA\u00ae \u00c1cido Polil\u00e1ctico. Sobre este tratamiento El tratamiento con \u00e1cido polil\u00e1ctico revierte el envejecimiento facial de forma progresiva, sin recurrir a procedimientos agresivos o intervenciones quir\u00fargicas. Se inyecta en la dermis, mediante peque\u00f1as infiltraciones que ocasionan m\u00ednimas molestias. Posteriormente, el producto induce la formaci\u00f3n de nuevo col\u00e1geno de manera natural y [&hellip;]<\/p>","protected":false},"author":2,"featured_media":2534,"parent":1327,"menu_order":1,"comment_status":"closed","ping_status":"closed","template":"elementor_header_footer","meta":{"footnotes":""},"class_list":["post-5456","page","type-page","status-publish","has-post-thumbnail","hentry"],"yoast_head":"<!-- This site is optimized with the Yoast SEO plugin v25.8 - https:\/\/yoast.com\/wordpress\/plugins\/seo\/ -->\n<title>SCULPTRA - Clinicas IMEBA\u00ae<\/title>\n<meta name=\"robots\" content=\"index, follow, max-snippet:-1, max-image-preview:large, max-video-preview:-1\" \/>\n<link rel=\"canonical\" href=\"https:\/\/imeba.clinic\/en\/facial\/sculptra\/\" \/>\n<meta property=\"og:locale\" content=\"en_US\" \/>\n<meta property=\"og:type\" content=\"article\" \/>\n<meta property=\"og:title\" content=\"SCULPTRA - Clinicas IMEBA\u00ae\" \/>\n<meta property=\"og:description\" content=\"Facial SCULPTRA con Cl\u00ednicas IMEBA\u00ae \u00c1cido Polil\u00e1ctico. Sobre este tratamiento El tratamiento con \u00e1cido polil\u00e1ctico revierte el envejecimiento facial de forma progresiva, sin recurrir a procedimientos agresivos o intervenciones quir\u00fargicas. Se inyecta en la dermis, mediante peque\u00f1as infiltraciones que ocasionan m\u00ednimas molestias. Posteriormente, el producto induce la formaci\u00f3n de nuevo col\u00e1geno de manera natural y [&hellip;]\" \/>\n<meta property=\"og:url\" content=\"https:\/\/imeba.clinic\/en\/facial\/sculptra\/\" \/>\n<meta property=\"og:site_name\" content=\"Clinicas IMEBA\u00ae\" \/>\n<meta property=\"article:publisher\" content=\"https:\/\/www.facebook.com\/clinicasimebamallorca\" \/>\n<meta property=\"article:modified_time\" content=\"2026-02-27T06:42:03+00:00\" \/>\n<meta property=\"og:image\" content=\"http:\/\/imeba.clinic\/wp-content\/uploads\/2023\/02\/postblogpapa31052017.jpg\" \/>\n\t<meta property=\"og:image:width\" content=\"1362\" \/>\n\t<meta property=\"og:image:height\" content=\"838\" \/>\n\t<meta property=\"og:image:type\" content=\"image\/jpeg\" \/>\n<meta name=\"twitter:card\" content=\"summary_large_image\" \/>\n<meta name=\"twitter:site\" content=\"@IMEBAInfo\" \/>\n<meta name=\"twitter:label1\" content=\"Est. reading time\" \/>\n\t<meta name=\"twitter:data1\" content=\"1 minute\" \/>\n<script type=\"application\/ld+json\" class=\"yoast-schema-graph\">{\"@context\":\"https:\/\/schema.org\",\"@graph\":[{\"@type\":\"WebPage\",\"@id\":\"https:\/\/imeba.clinic\/facial\/sculptra\/\",\"url\":\"https:\/\/imeba.clinic\/facial\/sculptra\/\",\"name\":\"SCULPTRA - Clinicas IMEBA\u00ae\",\"isPartOf\":{\"@id\":\"https:\/\/imeba.clinic\/#website\"},\"primaryImageOfPage\":{\"@id\":\"https:\/\/imeba.clinic\/facial\/sculptra\/#primaryimage\"},\"image\":{\"@id\":\"https:\/\/imeba.clinic\/facial\/sculptra\/#primaryimage\"},\"thumbnailUrl\":\"https:\/\/imeba.clinic\/wp-content\/uploads\/2023\/02\/postblogpapa31052017.jpg\",\"datePublished\":\"2024-04-03T12:19:05+00:00\",\"dateModified\":\"2026-02-27T06:42:03+00:00\",\"breadcrumb\":{\"@id\":\"https:\/\/imeba.clinic\/facial\/sculptra\/#breadcrumb\"},\"inLanguage\":\"en-US\",\"potentialAction\":[{\"@type\":\"ReadAction\",\"target\":[\"https:\/\/imeba.clinic\/facial\/sculptra\/\"]}]},{\"@type\":\"ImageObject\",\"inLanguage\":\"en-US\",\"@id\":\"https:\/\/imeba.clinic\/facial\/sculptra\/#primaryimage\",\"url\":\"https:\/\/imeba.clinic\/wp-content\/uploads\/2023\/02\/postblogpapa31052017.jpg\",\"contentUrl\":\"https:\/\/imeba.clinic\/wp-content\/uploads\/2023\/02\/postblogpapa31052017.jpg\",\"width\":1362,\"height\":838},{\"@type\":\"BreadcrumbList\",\"@id\":\"https:\/\/imeba.clinic\/facial\/sculptra\/#breadcrumb\",\"itemListElement\":[{\"@type\":\"ListItem\",\"position\":1,\"name\":\"Portada\",\"item\":\"https:\/\/imeba.clinic\/\"},{\"@type\":\"ListItem\",\"position\":2,\"name\":\"Facial\",\"item\":\"https:\/\/imeba.clinic\/facial\/\"},{\"@type\":\"ListItem\",\"position\":3,\"name\":\"SCULPTRA\"}]},{\"@type\":\"WebSite\",\"@id\":\"https:\/\/imeba.clinic\/#website\",\"url\":\"https:\/\/imeba.clinic\/\",\"name\":\"Clinicas IMEBA\u00ae\",\"description\":\"Medicina estetica cirugia facial\",\"publisher\":{\"@id\":\"https:\/\/imeba.clinic\/#organization\"},\"potentialAction\":[{\"@type\":\"SearchAction\",\"target\":{\"@type\":\"EntryPoint\",\"urlTemplate\":\"https:\/\/imeba.clinic\/?s={search_term_string}\"},\"query-input\":{\"@type\":\"PropertyValueSpecification\",\"valueRequired\":true,\"valueName\":\"search_term_string\"}}],\"inLanguage\":\"en-US\"},{\"@type\":\"Organization\",\"@id\":\"https:\/\/imeba.clinic\/#organization\",\"name\":\"Clinicas IMEBA\u00ae\",\"url\":\"https:\/\/imeba.clinic\/\",\"logo\":{\"@type\":\"ImageObject\",\"inLanguage\":\"en-US\",\"@id\":\"https:\/\/imeba.clinic\/#\/schema\/logo\/image\/\",\"url\":\"https:\/\/imeba.clinic\/wp-content\/uploads\/2023\/01\/cropped-11722351_740325796094007_2206264894896353109_o.jpg\",\"contentUrl\":\"https:\/\/imeba.clinic\/wp-content\/uploads\/2023\/01\/cropped-11722351_740325796094007_2206264894896353109_o.jpg\",\"width\":1221,\"height\":349,\"caption\":\"Clinicas IMEBA\u00ae\"},\"image\":{\"@id\":\"https:\/\/imeba.clinic\/#\/schema\/logo\/image\/\"},\"sameAs\":[\"https:\/\/www.facebook.com\/clinicasimebamallorca\",\"https:\/\/x.com\/IMEBAInfo\",\"https:\/\/www.youtube.com\/@TorstenMarin\"]}]}<\/script>\n<!-- \/ Yoast SEO plugin. -->","yoast_head_json":{"title":"SCULPTRA - Clinicas IMEBA\u00ae","robots":{"index":"index","follow":"follow","max-snippet":"max-snippet:-1","max-image-preview":"max-image-preview:large","max-video-preview":"max-video-preview:-1"},"canonical":"https:\/\/imeba.clinic\/en\/facial\/sculptra\/","og_locale":"en_US","og_type":"article","og_title":"SCULPTRA - Clinicas IMEBA\u00ae","og_description":"Facial SCULPTRA con Cl\u00ednicas IMEBA\u00ae \u00c1cido Polil\u00e1ctico. Sobre este tratamiento El tratamiento con \u00e1cido polil\u00e1ctico revierte el envejecimiento facial de forma progresiva, sin recurrir a procedimientos agresivos o intervenciones quir\u00fargicas. Se inyecta en la dermis, mediante peque\u00f1as infiltraciones que ocasionan m\u00ednimas molestias. Posteriormente, el producto induce la formaci\u00f3n de nuevo col\u00e1geno de manera natural y [&hellip;]","og_url":"https:\/\/imeba.clinic\/en\/facial\/sculptra\/","og_site_name":"Clinicas IMEBA\u00ae","article_publisher":"https:\/\/www.facebook.com\/clinicasimebamallorca","article_modified_time":"2026-02-27T06:42:03+00:00","og_image":[{"width":1362,"height":838,"url":"http:\/\/imeba.clinic\/wp-content\/uploads\/2023\/02\/postblogpapa31052017.jpg","type":"image\/jpeg"}],"twitter_card":"summary_large_image","twitter_site":"@IMEBAInfo","twitter_misc":{"Est. reading time":"1 minute"},"schema":{"@context":"https:\/\/schema.org","@graph":[{"@type":"WebPage","@id":"https:\/\/imeba.clinic\/facial\/sculptra\/","url":"https:\/\/imeba.clinic\/facial\/sculptra\/","name":"SCULPTRA - Clinicas IMEBA\u00ae","isPartOf":{"@id":"https:\/\/imeba.clinic\/#website"},"primaryImageOfPage":{"@id":"https:\/\/imeba.clinic\/facial\/sculptra\/#primaryimage"},"image":{"@id":"https:\/\/imeba.clinic\/facial\/sculptra\/#primaryimage"},"thumbnailUrl":"https:\/\/imeba.clinic\/wp-content\/uploads\/2023\/02\/postblogpapa31052017.jpg","datePublished":"2024-04-03T12:19:05+00:00","dateModified":"2026-02-27T06:42:03+00:00","breadcrumb":{"@id":"https:\/\/imeba.clinic\/facial\/sculptra\/#breadcrumb"},"inLanguage":"en-US","potentialAction":[{"@type":"ReadAction","target":["https:\/\/imeba.clinic\/facial\/sculptra\/"]}]},{"@type":"ImageObject","inLanguage":"en-US","@id":"https:\/\/imeba.clinic\/facial\/sculptra\/#primaryimage","url":"https:\/\/imeba.clinic\/wp-content\/uploads\/2023\/02\/postblogpapa31052017.jpg","contentUrl":"https:\/\/imeba.clinic\/wp-content\/uploads\/2023\/02\/postblogpapa31052017.jpg","width":1362,"height":838},{"@type":"BreadcrumbList","@id":"https:\/\/imeba.clinic\/facial\/sculptra\/#breadcrumb","itemListElement":[{"@type":"ListItem","position":1,"name":"Portada","item":"https:\/\/imeba.clinic\/"},{"@type":"ListItem","position":2,"name":"Facial","item":"https:\/\/imeba.clinic\/facial\/"},{"@type":"ListItem","position":3,"name":"SCULPTRA"}]},{"@type":"WebSite","@id":"https:\/\/imeba.clinic\/#website","url":"https:\/\/imeba.clinic\/","name":"Clinicas IMEBA\u00ae","description":"Medicina estetica cirugia facial","publisher":{"@id":"https:\/\/imeba.clinic\/#organization"},"potentialAction":[{"@type":"SearchAction","target":{"@type":"EntryPoint","urlTemplate":"https:\/\/imeba.clinic\/?s={search_term_string}"},"query-input":{"@type":"PropertyValueSpecification","valueRequired":true,"valueName":"search_term_string"}}],"inLanguage":"en-US"},{"@type":"Organization","@id":"https:\/\/imeba.clinic\/#organization","name":"Clinicas IMEBA\u00ae","url":"https:\/\/imeba.clinic\/","logo":{"@type":"ImageObject","inLanguage":"en-US","@id":"https:\/\/imeba.clinic\/#\/schema\/logo\/image\/","url":"https:\/\/imeba.clinic\/wp-content\/uploads\/2023\/01\/cropped-11722351_740325796094007_2206264894896353109_o.jpg","contentUrl":"https:\/\/imeba.clinic\/wp-content\/uploads\/2023\/01\/cropped-11722351_740325796094007_2206264894896353109_o.jpg","width":1221,"height":349,"caption":"Clinicas IMEBA\u00ae"},"image":{"@id":"https:\/\/imeba.clinic\/#\/schema\/logo\/image\/"},"sameAs":["https:\/\/www.facebook.com\/clinicasimebamallorca","https:\/\/x.com\/IMEBAInfo","https:\/\/www.youtube.com\/@TorstenMarin"]}]}},"_links":{"self":[{"href":"https:\/\/imeba.clinic\/en\/wp-json\/wp\/v2\/pages\/5456","targetHints":{"allow":["GET"]}}],"collection":[{"href":"https:\/\/imeba.clinic\/en\/wp-json\/wp\/v2\/pages"}],"about":[{"href":"https:\/\/imeba.clinic\/en\/wp-json\/wp\/v2\/types\/page"}],"author":[{"embeddable":true,"href":"https:\/\/imeba.clinic\/en\/wp-json\/wp\/v2\/users\/2"}],"replies":[{"embeddable":true,"href":"https:\/\/imeba.clinic\/en\/wp-json\/wp\/v2\/comments?post=5456"}],"version-history":[{"count":3,"href":"https:\/\/imeba.clinic\/en\/wp-json\/wp\/v2\/pages\/5456\/revisions"}],"predecessor-version":[{"id":12068,"href":"https:\/\/imeba.clinic\/en\/wp-json\/wp\/v2\/pages\/5456\/revisions\/12068"}],"up":[{"embeddable":true,"href":"https:\/\/imeba.clinic\/en\/wp-json\/wp\/v2\/pages\/1327"}],"wp:featuredmedia":[{"embeddable":true,"href":"https:\/\/imeba.clinic\/en\/wp-json\/wp\/v2\/media\/2534"}],"wp:attachment":[{"href":"https:\/\/imeba.clinic\/en\/wp-json\/wp\/v2\/media?parent=5456"}],"curies":[{"name":"wp","href":"https:\/\/api.w.org\/{rel}","templated":true}]}}