
{"id":4467,"date":"2023-10-06T12:41:55","date_gmt":"2023-10-06T11:41:55","guid":{"rendered":"https:\/\/imeba.clinic\/?page_id=4467"},"modified":"2025-01-30T15:42:29","modified_gmt":"2025-01-30T14:42:29","slug":"radiofrecuencia-medica","status":"publish","type":"page","link":"https:\/\/imeba.clinic\/en\/facial\/radiofrecuencia-medica\/","title":{"rendered":"MFR MEDICAL RADIOFREQUENCY"},"content":{"rendered":"<div data-elementor-type=\"wp-page\" data-elementor-id=\"4467\" class=\"elementor elementor-4467\" data-elementor-post-type=\"page\">\n\t\t\t\t\t\t<section class=\"elementor-section elementor-top-section elementor-element elementor-element-14f7ea6 elementor-section-height-min-height elementor-section-boxed elementor-section-height-default elementor-section-items-middle\" data-id=\"14f7ea6\" data-element_type=\"section\" data-settings=\"{&quot;background_background&quot;:&quot;classic&quot;,&quot;background_motion_fx_motion_fx_scrolling&quot;:&quot;yes&quot;,&quot;background_motion_fx_translateY_effect&quot;:&quot;yes&quot;,&quot;jet_parallax_layout_list&quot;:[],&quot;background_motion_fx_translateY_speed&quot;:{&quot;unit&quot;:&quot;px&quot;,&quot;size&quot;:4,&quot;sizes&quot;:[]},&quot;background_motion_fx_translateY_affectedRange&quot;:{&quot;unit&quot;:&quot;%&quot;,&quot;size&quot;:&quot;&quot;,&quot;sizes&quot;:{&quot;start&quot;:0,&quot;end&quot;:100}},&quot;background_motion_fx_devices&quot;:[&quot;desktop&quot;,&quot;tablet&quot;,&quot;mobile&quot;]}\">\n\t\t\t\t\t\t\t<div class=\"elementor-background-overlay\"><\/div>\n\t\t\t\t\t\t\t<div class=\"elementor-container elementor-column-gap-default\">\n\t\t\t\t\t<div class=\"elementor-column elementor-col-100 elementor-top-column elementor-element elementor-element-8578ffc\" data-id=\"8578ffc\" data-element_type=\"column\">\n\t\t\t<div class=\"elementor-widget-wrap elementor-element-populated\">\n\t\t\t\t\t\t<div class=\"elementor-element elementor-element-92078a0 elementor-widget elementor-widget-heading\" data-id=\"92078a0\" data-element_type=\"widget\" data-widget_type=\"heading.default\">\n\t\t\t\t\t<h5 class=\"elementor-heading-title elementor-size-default\">Face<\/h5>\t\t\t\t<\/div>\n\t\t\t\t\t<\/div>\n\t\t<\/div>\n\t\t\t\t\t<\/div>\n\t\t<\/section>\n\t\t\t\t<section class=\"elementor-section elementor-top-section elementor-element elementor-element-6a854a6 elementor-section-boxed elementor-section-height-default elementor-section-height-default\" data-id=\"6a854a6\" data-element_type=\"section\" data-settings=\"{&quot;jet_parallax_layout_list&quot;:[]}\">\n\t\t\t\t\t\t<div class=\"elementor-container elementor-column-gap-default\">\n\t\t\t\t\t<div class=\"elementor-column elementor-col-50 elementor-top-column elementor-element elementor-element-422799f\" data-id=\"422799f\" data-element_type=\"column\">\n\t\t\t<div class=\"elementor-widget-wrap elementor-element-populated\">\n\t\t\t\t\t\t<div class=\"elementor-element elementor-element-82fbfd5 elementor-widget elementor-widget-image\" data-id=\"82fbfd5\" data-element_type=\"widget\" data-widget_type=\"image.default\">\n\t\t\t\t\t\t\t\t\t\t\t\t\t\t\t<img fetchpriority=\"high\" decoding=\"async\" width=\"800\" height=\"534\" src=\"https:\/\/imeba.clinic\/wp-content\/uploads\/2023\/01\/WITH-A-SINGLE-NON-INVASIVE-TREATMENT-1024x683.jpg\" class=\"attachment-large size-large wp-image-621\" alt=\"\" srcset=\"https:\/\/imeba.clinic\/wp-content\/uploads\/2023\/01\/WITH-A-SINGLE-NON-INVASIVE-TREATMENT-1024x683.jpg 1024w, https:\/\/imeba.clinic\/wp-content\/uploads\/2023\/01\/WITH-A-SINGLE-NON-INVASIVE-TREATMENT-300x200.jpg 300w, https:\/\/imeba.clinic\/wp-content\/uploads\/2023\/01\/WITH-A-SINGLE-NON-INVASIVE-TREATMENT-768x512.jpg 768w, https:\/\/imeba.clinic\/wp-content\/uploads\/2023\/01\/WITH-A-SINGLE-NON-INVASIVE-TREATMENT-1536x1024.jpg 1536w, https:\/\/imeba.clinic\/wp-content\/uploads\/2023\/01\/WITH-A-SINGLE-NON-INVASIVE-TREATMENT-2048x1365.jpg 2048w\" sizes=\"(max-width: 800px) 100vw, 800px\" \/>\t\t\t\t\t\t\t\t\t\t\t\t\t\t\t<\/div>\n\t\t\t\t<div class=\"elementor-element elementor-element-0dbd1d9 elementor-widget elementor-widget-heading\" data-id=\"0dbd1d9\" data-element_type=\"widget\" data-widget_type=\"heading.default\">\n\t\t\t\t\t<h2 class=\"elementor-heading-title elementor-size-default\">IMEBA\u00ae MEDICAL RADIOFREQUENCY<\/h2>\t\t\t\t<\/div>\n\t\t\t\t<div class=\"elementor-element elementor-element-9c651a7 advance-lists elementor-widget__width-initial elementor-widget elementor-widget-text-editor\" data-id=\"9c651a7\" data-element_type=\"widget\" data-widget_type=\"text-editor.default\">\n\t\t\t\t\t\t\t\t\t<div>\n<div><b>What is medical radiofrequency?<\/b><\/div>\n<div>Radiofrequency consists of the application of high-frequency electromagnetic waves on the skin which causes the controlled heating of the different layers of the dermis, which favours: The formation of new collagen. Lymphatic drainage. Circulation of the skin and subcutaneous tissue.<\/div>\n<div><b>&nbsp;<\/b><\/div>\n<div><b>&nbsp;What is radiofrequency and what are its benefits?<\/b><\/div>\n<div>Therefore, the main benefit of radiofrequency is the rejuvenating effect it achieves by triggering cell renewal. By activating the creation of collagen and elastin, it prevents premature ageing and erases the signs of ageing in the skin.<\/div>\n<div>&nbsp;<\/div>\n<div><b>How many radiofrequency sessions are needed to see results?<\/b><\/div>\n<div>The number of radiofrequency sessions needed to see results will depend on the desired effects. To eliminate flaccidity, eliminate cellulite and reduce localised fat, between 6 and 8 radiofrequency sessions are recommended.<\/div>\n<div>&nbsp;<\/div>\n<div><b>What to do after a radiofrequency session?<\/b><\/div>\n<div>Do not expose to heat sources or sunlight for the first 24-48 hours. Follow the recommendations of the medical expert regarding the application of creams immediately after the end of the treatment. It's normal for some redness to appear during the first hours after the session.<\/div>\n<div>&nbsp;<\/div>\n<div><b>Does radiofrequency hurt?<\/b><\/div>\n<div>Radiofrequency is an analgesic procedure that aims to produce heat in the affected tissue to reduce or eliminate pain. This technique has been used in the Pain Unit for several years, but has been refined over the last decade, especially in terms of its effectiveness and safety.<\/div>\n<div>&nbsp;<\/div>\n<div><b>ADVANTAGES OF RADIOFREQUENCY<\/b><\/div>\n<div>Radiofrequency is one of the most successful treatments in aesthetic medicine, due to the numerous and notable advantages it offers patients. Firstly, it is easy and quick to apply.<\/div>\n<div>The various radiofrequency treatments we use are performed without anaesthesia, so that the patient can return to their daily routine immediately.<\/div>\n<div>Radiofrequency treatment also has great practical advantages. It stimulates the creation of new collagen to tighten the skin. It also promotes circulation of the skin and subcutaneous tissue.<\/div>\n<div>The visual effects of radiofrequency are highly valued by patients who appreciate a smoother and rejuvenated skin.<\/div>\n<div>Another advantage of the radiofrequency we offer is that it's compatible with other treatments. Our aesthetic doctors will be able to suggest the best treatments to combat cellulite and improve skin flaccidity, which you can take advantage of together with radiofrequency, for more noticeable and long-lasting results.<\/div>\n<div>&nbsp;<\/div>\n<div><b>What's the treatment like?<\/b><\/div>\n<div>This technique is based on heating the tissue to an external temperature of between 45-55 degrees Celsius. The tissue heating induced by radiofrequency produces several effects:<\/div>\n<div>&nbsp;<\/div>\n<div>Heating of fatty tissue: The temperature stimulates the lymphatic and arteriovenous system and improves the metabolism of the fatty tissue which induces improvement in cellulite problems.<\/div>\n<div>Skin contraction: Controlled heat can produce an immediate contraction of tissue structures at the level of the dermis and fibrous septa of the hypodermis.<\/div>\n<div>Collagen synthesis: The so-called neocollagenesis or collagen synthesis is produced by the release of HSP molecules (Heat Shock Proteins). These heat shock proteins are produced when there is an increase in temperature in the tissues and induce tissue repair with the generation of new collagen.&nbsp;<\/div>\n<\/div>\t\t\t\t\t\t\t\t<\/div>\n\t\t\t\t\t<\/div>\n\t\t<\/div>\n\t\t\t\t<div class=\"elementor-column elementor-col-50 elementor-top-column elementor-element elementor-element-ac1a05d\" data-id=\"ac1a05d\" data-element_type=\"column\">\n\t\t\t<div class=\"elementor-widget-wrap elementor-element-populated\">\n\t\t\t\t\t\t<section class=\"elementor-section elementor-inner-section elementor-element elementor-element-0449f5b elementor-section-boxed elementor-section-height-default elementor-section-height-default\" data-id=\"0449f5b\" data-element_type=\"section\" data-settings=\"{&quot;background_background&quot;:&quot;classic&quot;,&quot;sticky&quot;:&quot;top&quot;,&quot;sticky_offset&quot;:120,&quot;sticky_parent&quot;:&quot;yes&quot;,&quot;jet_parallax_layout_list&quot;:[],&quot;sticky_on&quot;:[&quot;desktop&quot;,&quot;tablet&quot;,&quot;mobile&quot;],&quot;sticky_effects_offset&quot;:0,&quot;sticky_anchor_link_offset&quot;:0}\">\n\t\t\t\t\t\t<div class=\"elementor-container elementor-column-gap-default\">\n\t\t\t\t\t<div class=\"elementor-column elementor-col-100 elementor-inner-column elementor-element elementor-element-da8d40e\" data-id=\"da8d40e\" data-element_type=\"column\">\n\t\t\t<div class=\"elementor-widget-wrap elementor-element-populated\">\n\t\t\t\t\t\t<div class=\"elementor-element elementor-element-a2091af elementor-widget elementor-widget-heading\" data-id=\"a2091af\" data-element_type=\"widget\" data-widget_type=\"heading.default\">\n\t\t\t\t\t<h2 class=\"elementor-heading-title elementor-size-default\">Precio MFR:<\/h2>\t\t\t\t<\/div>\n\t\t\t\t<div class=\"elementor-element elementor-element-120ebcd Price elementor-widget__width-initial elementor-widget elementor-widget-heading\" data-id=\"120ebcd\" data-element_type=\"widget\" data-widget_type=\"heading.default\">\n\t\t\t\t\t<h2 class=\"elementor-heading-title elementor-size-default\">150\u20ac<span>\/ session face<\/span><br><br>750\u20ac<span>\/ 6 sessions face<\/span><br><\/h2>\t\t\t\t<\/div>\n\t\t\t\t<div class=\"elementor-element elementor-element-3cec791 elementor-widget elementor-widget-text-editor\" data-id=\"3cec791\" data-element_type=\"widget\" data-widget_type=\"text-editor.default\">\n\t\t\t\t\t\t\t\t\t<p>Depends on the treatment, the area, etc.<\/p>\t\t\t\t\t\t\t\t<\/div>\n\t\t\t\t<div class=\"elementor-element elementor-element-f1c645e elementor-widget-divider--view-line elementor-widget elementor-widget-divider\" data-id=\"f1c645e\" data-element_type=\"widget\" data-widget_type=\"divider.default\">\n\t\t\t\t\t\t\t<div class=\"elementor-divider\">\n\t\t\t<span class=\"elementor-divider-separator\">\n\t\t\t\t\t\t<\/span>\n\t\t<\/div>\n\t\t\t\t\t\t<\/div>\n\t\t\t\t<div class=\"elementor-element elementor-element-1ac18c2 elementor-widget elementor-widget-text-editor\" data-id=\"1ac18c2\" data-element_type=\"widget\" data-widget_type=\"text-editor.default\">\n\t\t\t\t\t\t\t\t\t<p><em>All treatment packages must be completed within one year, as the entitlement to treatment sessions not completed up to that point expires after one year.<\/em><\/p>\t\t\t\t\t\t\t\t<\/div>\n\t\t\t\t<div class=\"elementor-element elementor-element-78fbac8 elementor-widget elementor-widget-text-editor\" data-id=\"78fbac8\" data-element_type=\"widget\" data-widget_type=\"text-editor.default\">\n\t\t\t\t\t\t\t\t\t<p>Requires a prior consultation.<\/p>\t\t\t\t\t\t\t\t<\/div>\n\t\t\t\t<div class=\"elementor-element elementor-element-03edf27 elementor-widget__width-inherit elementor-mobile-align-justify elementor-widget-mobile__width-inherit elementor-tablet-align-justify elementor-widget-tablet__width-inherit elementor-align-justify elementor-widget elementor-widget-button\" data-id=\"03edf27\" data-element_type=\"widget\" data-widget_type=\"button.default\">\n\t\t\t\t\t\t\t\t\t\t<a class=\"elementor-button elementor-button-link elementor-size-sm\" href=\"https:\/\/api.whatsapp.com\/send?phone=34653620509&#038;text=Hola%20Cl%C3%ADnicas%20IMEBA,%20ponte%20en%20contacto%20conmigo.%20(HIFU)%20Muchas%20gracias.%20\">\n\t\t\t\t\t\t<span class=\"elementor-button-content-wrapper\">\n\t\t\t\t\t\t\t\t\t<span class=\"elementor-button-text\">BOOK NOW<\/span>\n\t\t\t\t\t<\/span>\n\t\t\t\t\t<\/a>\n\t\t\t\t\t\t\t\t<\/div>\n\t\t\t\t<div class=\"elementor-element elementor-element-8b1ceb3 elementor-widget elementor-widget-text-editor\" data-id=\"8b1ceb3\" data-element_type=\"widget\" data-widget_type=\"text-editor.default\">\n\t\t\t\t\t\t\t\t\t<p>You may also message us through WhatsApp.<\/p>\t\t\t\t\t\t\t\t<\/div>\n\t\t\t\t\t<\/div>\n\t\t<\/div>\n\t\t\t\t\t<\/div>\n\t\t<\/section>\n\t\t\t\t\t<\/div>\n\t\t<\/div>\n\t\t\t\t\t<\/div>\n\t\t<\/section>\n\t\t\t\t<\/div>","protected":false},"excerpt":{"rendered":"<p>Facial IMEBA\u00ae RADIOFRECUENCIA M\u00c9DICA \u00bfQu\u00e9 es la radiofrecuencia m\u00e9dica? La radiofrecuencia consiste en la aplicaci\u00f3n de ondas electromagn\u00e9ticas de alta frecuencia sobre la piel que provoca el calentamiento controlado de las diferentes capas de la dermis, lo que favorece: La formaci\u00f3n de nuevo col\u00e1geno. El drenaje linf\u00e1tico. La circulaci\u00f3n de la piel y el tejido [&hellip;]<\/p>","protected":false},"author":2,"featured_media":621,"parent":1327,"menu_order":1,"comment_status":"closed","ping_status":"closed","template":"elementor_header_footer","meta":{"footnotes":""},"class_list":["post-4467","page","type-page","status-publish","has-post-thumbnail","hentry"],"yoast_head":"<!-- This site is optimized with the Yoast SEO plugin v25.8 - https:\/\/yoast.com\/wordpress\/plugins\/seo\/ -->\n<title>MFR RADIOFRECUENCIA MEDICA - Clinicas IMEBA\u00ae<\/title>\n<meta name=\"robots\" content=\"index, follow, max-snippet:-1, max-image-preview:large, max-video-preview:-1\" \/>\n<link rel=\"canonical\" href=\"https:\/\/imeba.clinic\/en\/facial\/radiofrecuencia-medica\/\" \/>\n<meta property=\"og:locale\" content=\"en_US\" \/>\n<meta property=\"og:type\" content=\"article\" \/>\n<meta property=\"og:title\" content=\"MFR RADIOFRECUENCIA MEDICA - Clinicas IMEBA\u00ae\" \/>\n<meta property=\"og:description\" content=\"Facial IMEBA\u00ae RADIOFRECUENCIA M\u00c9DICA \u00bfQu\u00e9 es la radiofrecuencia m\u00e9dica? La radiofrecuencia consiste en la aplicaci\u00f3n de ondas electromagn\u00e9ticas de alta frecuencia sobre la piel que provoca el calentamiento controlado de las diferentes capas de la dermis, lo que favorece: La formaci\u00f3n de nuevo col\u00e1geno. El drenaje linf\u00e1tico. La circulaci\u00f3n de la piel y el tejido [&hellip;]\" \/>\n<meta property=\"og:url\" content=\"https:\/\/imeba.clinic\/en\/facial\/radiofrecuencia-medica\/\" \/>\n<meta property=\"og:site_name\" content=\"Clinicas IMEBA\u00ae\" \/>\n<meta property=\"article:publisher\" content=\"https:\/\/www.facebook.com\/clinicasimebamallorca\" \/>\n<meta property=\"article:modified_time\" content=\"2025-01-30T14:42:29+00:00\" \/>\n<meta property=\"og:image\" content=\"http:\/\/imeba.clinic\/wp-content\/uploads\/2023\/01\/WITH-A-SINGLE-NON-INVASIVE-TREATMENT.jpg\" \/>\n\t<meta property=\"og:image:width\" content=\"2121\" \/>\n\t<meta property=\"og:image:height\" content=\"1414\" \/>\n\t<meta property=\"og:image:type\" content=\"image\/jpeg\" \/>\n<meta name=\"twitter:card\" content=\"summary_large_image\" \/>\n<meta name=\"twitter:site\" content=\"@IMEBAInfo\" \/>\n<meta name=\"twitter:label1\" content=\"Est. reading time\" \/>\n\t<meta name=\"twitter:data1\" content=\"4 minutes\" \/>\n<script type=\"application\/ld+json\" class=\"yoast-schema-graph\">{\"@context\":\"https:\/\/schema.org\",\"@graph\":[{\"@type\":\"WebPage\",\"@id\":\"https:\/\/imeba.clinic\/facial\/radiofrecuencia-medica\/\",\"url\":\"https:\/\/imeba.clinic\/facial\/radiofrecuencia-medica\/\",\"name\":\"MFR RADIOFRECUENCIA MEDICA - Clinicas IMEBA\u00ae\",\"isPartOf\":{\"@id\":\"https:\/\/imeba.clinic\/#website\"},\"primaryImageOfPage\":{\"@id\":\"https:\/\/imeba.clinic\/facial\/radiofrecuencia-medica\/#primaryimage\"},\"image\":{\"@id\":\"https:\/\/imeba.clinic\/facial\/radiofrecuencia-medica\/#primaryimage\"},\"thumbnailUrl\":\"https:\/\/imeba.clinic\/wp-content\/uploads\/2023\/01\/WITH-A-SINGLE-NON-INVASIVE-TREATMENT.jpg\",\"datePublished\":\"2023-10-06T11:41:55+00:00\",\"dateModified\":\"2025-01-30T14:42:29+00:00\",\"breadcrumb\":{\"@id\":\"https:\/\/imeba.clinic\/facial\/radiofrecuencia-medica\/#breadcrumb\"},\"inLanguage\":\"en-US\",\"potentialAction\":[{\"@type\":\"ReadAction\",\"target\":[\"https:\/\/imeba.clinic\/facial\/radiofrecuencia-medica\/\"]}]},{\"@type\":\"ImageObject\",\"inLanguage\":\"en-US\",\"@id\":\"https:\/\/imeba.clinic\/facial\/radiofrecuencia-medica\/#primaryimage\",\"url\":\"https:\/\/imeba.clinic\/wp-content\/uploads\/2023\/01\/WITH-A-SINGLE-NON-INVASIVE-TREATMENT.jpg\",\"contentUrl\":\"https:\/\/imeba.clinic\/wp-content\/uploads\/2023\/01\/WITH-A-SINGLE-NON-INVASIVE-TREATMENT.jpg\",\"width\":2121,\"height\":1414},{\"@type\":\"BreadcrumbList\",\"@id\":\"https:\/\/imeba.clinic\/facial\/radiofrecuencia-medica\/#breadcrumb\",\"itemListElement\":[{\"@type\":\"ListItem\",\"position\":1,\"name\":\"Portada\",\"item\":\"https:\/\/imeba.clinic\/\"},{\"@type\":\"ListItem\",\"position\":2,\"name\":\"Facial\",\"item\":\"https:\/\/imeba.clinic\/facial\/\"},{\"@type\":\"ListItem\",\"position\":3,\"name\":\"MFR RADIOFRECUENCIA MEDICA\"}]},{\"@type\":\"WebSite\",\"@id\":\"https:\/\/imeba.clinic\/#website\",\"url\":\"https:\/\/imeba.clinic\/\",\"name\":\"Clinicas IMEBA\u00ae\",\"description\":\"Medicina estetica cirugia facial\",\"publisher\":{\"@id\":\"https:\/\/imeba.clinic\/#organization\"},\"potentialAction\":[{\"@type\":\"SearchAction\",\"target\":{\"@type\":\"EntryPoint\",\"urlTemplate\":\"https:\/\/imeba.clinic\/?s={search_term_string}\"},\"query-input\":{\"@type\":\"PropertyValueSpecification\",\"valueRequired\":true,\"valueName\":\"search_term_string\"}}],\"inLanguage\":\"en-US\"},{\"@type\":\"Organization\",\"@id\":\"https:\/\/imeba.clinic\/#organization\",\"name\":\"Clinicas IMEBA\u00ae\",\"url\":\"https:\/\/imeba.clinic\/\",\"logo\":{\"@type\":\"ImageObject\",\"inLanguage\":\"en-US\",\"@id\":\"https:\/\/imeba.clinic\/#\/schema\/logo\/image\/\",\"url\":\"https:\/\/imeba.clinic\/wp-content\/uploads\/2023\/01\/cropped-11722351_740325796094007_2206264894896353109_o.jpg\",\"contentUrl\":\"https:\/\/imeba.clinic\/wp-content\/uploads\/2023\/01\/cropped-11722351_740325796094007_2206264894896353109_o.jpg\",\"width\":1221,\"height\":349,\"caption\":\"Clinicas IMEBA\u00ae\"},\"image\":{\"@id\":\"https:\/\/imeba.clinic\/#\/schema\/logo\/image\/\"},\"sameAs\":[\"https:\/\/www.facebook.com\/clinicasimebamallorca\",\"https:\/\/x.com\/IMEBAInfo\",\"https:\/\/www.youtube.com\/@TorstenMarin\"]}]}<\/script>\n<!-- \/ Yoast SEO plugin. -->","yoast_head_json":{"title":"MFR RADIOFRECUENCIA MEDICA - Clinicas IMEBA\u00ae","robots":{"index":"index","follow":"follow","max-snippet":"max-snippet:-1","max-image-preview":"max-image-preview:large","max-video-preview":"max-video-preview:-1"},"canonical":"https:\/\/imeba.clinic\/en\/facial\/radiofrecuencia-medica\/","og_locale":"en_US","og_type":"article","og_title":"MFR RADIOFRECUENCIA MEDICA - Clinicas IMEBA\u00ae","og_description":"Facial IMEBA\u00ae RADIOFRECUENCIA M\u00c9DICA \u00bfQu\u00e9 es la radiofrecuencia m\u00e9dica? La radiofrecuencia consiste en la aplicaci\u00f3n de ondas electromagn\u00e9ticas de alta frecuencia sobre la piel que provoca el calentamiento controlado de las diferentes capas de la dermis, lo que favorece: La formaci\u00f3n de nuevo col\u00e1geno. El drenaje linf\u00e1tico. La circulaci\u00f3n de la piel y el tejido [&hellip;]","og_url":"https:\/\/imeba.clinic\/en\/facial\/radiofrecuencia-medica\/","og_site_name":"Clinicas IMEBA\u00ae","article_publisher":"https:\/\/www.facebook.com\/clinicasimebamallorca","article_modified_time":"2025-01-30T14:42:29+00:00","og_image":[{"width":2121,"height":1414,"url":"http:\/\/imeba.clinic\/wp-content\/uploads\/2023\/01\/WITH-A-SINGLE-NON-INVASIVE-TREATMENT.jpg","type":"image\/jpeg"}],"twitter_card":"summary_large_image","twitter_site":"@IMEBAInfo","twitter_misc":{"Est. reading time":"4 minutes"},"schema":{"@context":"https:\/\/schema.org","@graph":[{"@type":"WebPage","@id":"https:\/\/imeba.clinic\/facial\/radiofrecuencia-medica\/","url":"https:\/\/imeba.clinic\/facial\/radiofrecuencia-medica\/","name":"MFR RADIOFRECUENCIA MEDICA - Clinicas IMEBA\u00ae","isPartOf":{"@id":"https:\/\/imeba.clinic\/#website"},"primaryImageOfPage":{"@id":"https:\/\/imeba.clinic\/facial\/radiofrecuencia-medica\/#primaryimage"},"image":{"@id":"https:\/\/imeba.clinic\/facial\/radiofrecuencia-medica\/#primaryimage"},"thumbnailUrl":"https:\/\/imeba.clinic\/wp-content\/uploads\/2023\/01\/WITH-A-SINGLE-NON-INVASIVE-TREATMENT.jpg","datePublished":"2023-10-06T11:41:55+00:00","dateModified":"2025-01-30T14:42:29+00:00","breadcrumb":{"@id":"https:\/\/imeba.clinic\/facial\/radiofrecuencia-medica\/#breadcrumb"},"inLanguage":"en-US","potentialAction":[{"@type":"ReadAction","target":["https:\/\/imeba.clinic\/facial\/radiofrecuencia-medica\/"]}]},{"@type":"ImageObject","inLanguage":"en-US","@id":"https:\/\/imeba.clinic\/facial\/radiofrecuencia-medica\/#primaryimage","url":"https:\/\/imeba.clinic\/wp-content\/uploads\/2023\/01\/WITH-A-SINGLE-NON-INVASIVE-TREATMENT.jpg","contentUrl":"https:\/\/imeba.clinic\/wp-content\/uploads\/2023\/01\/WITH-A-SINGLE-NON-INVASIVE-TREATMENT.jpg","width":2121,"height":1414},{"@type":"BreadcrumbList","@id":"https:\/\/imeba.clinic\/facial\/radiofrecuencia-medica\/#breadcrumb","itemListElement":[{"@type":"ListItem","position":1,"name":"Portada","item":"https:\/\/imeba.clinic\/"},{"@type":"ListItem","position":2,"name":"Facial","item":"https:\/\/imeba.clinic\/facial\/"},{"@type":"ListItem","position":3,"name":"MFR RADIOFRECUENCIA MEDICA"}]},{"@type":"WebSite","@id":"https:\/\/imeba.clinic\/#website","url":"https:\/\/imeba.clinic\/","name":"Clinicas IMEBA\u00ae","description":"Medicina estetica cirugia facial","publisher":{"@id":"https:\/\/imeba.clinic\/#organization"},"potentialAction":[{"@type":"SearchAction","target":{"@type":"EntryPoint","urlTemplate":"https:\/\/imeba.clinic\/?s={search_term_string}"},"query-input":{"@type":"PropertyValueSpecification","valueRequired":true,"valueName":"search_term_string"}}],"inLanguage":"en-US"},{"@type":"Organization","@id":"https:\/\/imeba.clinic\/#organization","name":"Clinicas IMEBA\u00ae","url":"https:\/\/imeba.clinic\/","logo":{"@type":"ImageObject","inLanguage":"en-US","@id":"https:\/\/imeba.clinic\/#\/schema\/logo\/image\/","url":"https:\/\/imeba.clinic\/wp-content\/uploads\/2023\/01\/cropped-11722351_740325796094007_2206264894896353109_o.jpg","contentUrl":"https:\/\/imeba.clinic\/wp-content\/uploads\/2023\/01\/cropped-11722351_740325796094007_2206264894896353109_o.jpg","width":1221,"height":349,"caption":"Clinicas IMEBA\u00ae"},"image":{"@id":"https:\/\/imeba.clinic\/#\/schema\/logo\/image\/"},"sameAs":["https:\/\/www.facebook.com\/clinicasimebamallorca","https:\/\/x.com\/IMEBAInfo","https:\/\/www.youtube.com\/@TorstenMarin"]}]}},"_links":{"self":[{"href":"https:\/\/imeba.clinic\/en\/wp-json\/wp\/v2\/pages\/4467","targetHints":{"allow":["GET"]}}],"collection":[{"href":"https:\/\/imeba.clinic\/en\/wp-json\/wp\/v2\/pages"}],"about":[{"href":"https:\/\/imeba.clinic\/en\/wp-json\/wp\/v2\/types\/page"}],"author":[{"embeddable":true,"href":"https:\/\/imeba.clinic\/en\/wp-json\/wp\/v2\/users\/2"}],"replies":[{"embeddable":true,"href":"https:\/\/imeba.clinic\/en\/wp-json\/wp\/v2\/comments?post=4467"}],"version-history":[{"count":0,"href":"https:\/\/imeba.clinic\/en\/wp-json\/wp\/v2\/pages\/4467\/revisions"}],"up":[{"embeddable":true,"href":"https:\/\/imeba.clinic\/en\/wp-json\/wp\/v2\/pages\/1327"}],"wp:featuredmedia":[{"embeddable":true,"href":"https:\/\/imeba.clinic\/en\/wp-json\/wp\/v2\/media\/621"}],"wp:attachment":[{"href":"https:\/\/imeba.clinic\/en\/wp-json\/wp\/v2\/media?parent=4467"}],"curies":[{"name":"wp","href":"https:\/\/api.w.org\/{rel}","templated":true}]}}