
{"id":3072,"date":"2023-05-12T13:51:40","date_gmt":"2023-05-12T12:51:40","guid":{"rendered":"https:\/\/imeba.clinic\/?page_id=3072"},"modified":"2023-07-11T11:07:33","modified_gmt":"2023-07-11T10:07:33","slug":"elro-imeba","status":"publish","type":"page","link":"https:\/\/imeba.clinic\/en\/facial\/elro-imeba\/","title":{"rendered":"ELRO IMEBA\u00ae"},"content":{"rendered":"<div data-elementor-type=\"wp-page\" data-elementor-id=\"3072\" class=\"elementor elementor-3072\" data-elementor-post-type=\"page\">\n\t\t\t\t\t\t<section class=\"elementor-section elementor-top-section elementor-element elementor-element-14f7ea6 elementor-section-height-min-height elementor-section-boxed elementor-section-height-default elementor-section-items-middle\" data-id=\"14f7ea6\" data-element_type=\"section\" data-settings=\"{&quot;background_background&quot;:&quot;classic&quot;,&quot;background_motion_fx_motion_fx_scrolling&quot;:&quot;yes&quot;,&quot;background_motion_fx_translateY_effect&quot;:&quot;yes&quot;,&quot;jet_parallax_layout_list&quot;:[],&quot;background_motion_fx_translateY_speed&quot;:{&quot;unit&quot;:&quot;px&quot;,&quot;size&quot;:4,&quot;sizes&quot;:[]},&quot;background_motion_fx_translateY_affectedRange&quot;:{&quot;unit&quot;:&quot;%&quot;,&quot;size&quot;:&quot;&quot;,&quot;sizes&quot;:{&quot;start&quot;:0,&quot;end&quot;:100}},&quot;background_motion_fx_devices&quot;:[&quot;desktop&quot;,&quot;tablet&quot;,&quot;mobile&quot;]}\">\n\t\t\t\t\t\t\t<div class=\"elementor-background-overlay\"><\/div>\n\t\t\t\t\t\t\t<div class=\"elementor-container elementor-column-gap-default\">\n\t\t\t\t\t<div class=\"elementor-column elementor-col-100 elementor-top-column elementor-element elementor-element-8578ffc\" data-id=\"8578ffc\" data-element_type=\"column\">\n\t\t\t<div class=\"elementor-widget-wrap elementor-element-populated\">\n\t\t\t\t\t\t<div class=\"elementor-element elementor-element-92078a0 elementor-widget elementor-widget-heading\" data-id=\"92078a0\" data-element_type=\"widget\" data-widget_type=\"heading.default\">\n\t\t\t\t\t<h5 class=\"elementor-heading-title elementor-size-default\">Face<\/h5>\t\t\t\t<\/div>\n\t\t\t\t\t<\/div>\n\t\t<\/div>\n\t\t\t\t\t<\/div>\n\t\t<\/section>\n\t\t\t\t<section class=\"elementor-section elementor-top-section elementor-element elementor-element-6a854a6 elementor-section-boxed elementor-section-height-default elementor-section-height-default\" data-id=\"6a854a6\" data-element_type=\"section\" data-settings=\"{&quot;jet_parallax_layout_list&quot;:[]}\">\n\t\t\t\t\t\t<div class=\"elementor-container elementor-column-gap-default\">\n\t\t\t\t\t<div class=\"elementor-column elementor-col-50 elementor-top-column elementor-element elementor-element-422799f\" data-id=\"422799f\" data-element_type=\"column\">\n\t\t\t<div class=\"elementor-widget-wrap elementor-element-populated\">\n\t\t\t\t\t\t<div class=\"elementor-element elementor-element-82fbfd5 elementor-widget elementor-widget-image\" data-id=\"82fbfd5\" data-element_type=\"widget\" data-widget_type=\"image.default\">\n\t\t\t\t\t\t\t\t\t\t\t\t\t\t\t<img fetchpriority=\"high\" decoding=\"async\" width=\"800\" height=\"533\" src=\"https:\/\/imeba.clinic\/wp-content\/uploads\/2023\/01\/Rinomodelacion-1024x682.jpg\" class=\"attachment-large size-large wp-image-1521\" alt=\"\" srcset=\"https:\/\/imeba.clinic\/wp-content\/uploads\/2023\/01\/Rinomodelacion-1024x682.jpg 1024w, https:\/\/imeba.clinic\/wp-content\/uploads\/2023\/01\/Rinomodelacion-300x200.jpg 300w, https:\/\/imeba.clinic\/wp-content\/uploads\/2023\/01\/Rinomodelacion-768x512.jpg 768w, https:\/\/imeba.clinic\/wp-content\/uploads\/2023\/01\/Rinomodelacion-1536x1024.jpg 1536w, https:\/\/imeba.clinic\/wp-content\/uploads\/2023\/01\/Rinomodelacion.jpg 2000w\" sizes=\"(max-width: 800px) 100vw, 800px\" \/>\t\t\t\t\t\t\t\t\t\t\t\t\t\t\t<\/div>\n\t\t\t\t<div class=\"elementor-element elementor-element-0dbd1d9 elementor-widget elementor-widget-heading\" data-id=\"0dbd1d9\" data-element_type=\"widget\" data-widget_type=\"heading.default\">\n\t\t\t\t\t<h2 class=\"elementor-heading-title elementor-size-default\">ELRO IMEBA\u00ae WITHOUT PAIN AND WITHOUT NEEDLES<br><b>REVOLUTION AND LAUNCHING OFFER<\/b><\/h2>\t\t\t\t<\/div>\n\t\t\t\t<div class=\"elementor-element elementor-element-9c651a7 advance-lists elementor-widget elementor-widget-text-editor\" data-id=\"9c651a7\" data-element_type=\"widget\" data-widget_type=\"text-editor.default\">\n\t\t\t\t\t\t\t\t\tELRO IMEBA\u00ae is becoming an increasingly popular alternative to plastic surgery or surgical facelift because it provides patients with a restored appearance to a more youthful state without needles or recovery time.\t\t\t\t\t\t\t\t<\/div>\n\t\t\t\t<div class=\"elementor-element elementor-element-14d8d20 advance-lists elementor-widget elementor-widget-text-editor\" data-id=\"14d8d20\" data-element_type=\"widget\" data-widget_type=\"text-editor.default\">\n\t\t\t\t\t\t\t\t\tThe entire ELRO IMEBA\u00ae procedure takes about 20 minutes and patients can resume their daily activities immediately with no tenderness, redness or discomfort in the area. Many of the more than 700 patients who have already tried it report feeling relaxed during the procedure because the ELRO IMEBA\u00ae applicators vibrate, which, together with the pleasant heat emitted by the radiofrequency, is reminiscent of a hot stone massage.\n\n\t\t\t\t\t\t\t\t<\/div>\n\t\t\t\t<div class=\"elementor-element elementor-element-c8986c1 advance-lists elementor-widget elementor-widget-text-editor\" data-id=\"c8986c1\" data-element_type=\"widget\" data-widget_type=\"text-editor.default\">\n\t\t\t\t\t\t\t\t\tELRO IMEBA\u00ae emits two types of energy: AESRF, which is high frequency electrical stimulation, and Synchronized Radiofrequency. These two energies work synergistically and simultaneously, so ELRO IMEBA\u00ae not only smoothes wrinkles, but also tightens the skin and plumps up volumes by increasing facial muscle tone. The effect looks natural and, with proper aftercare, can last for months.\n\n\t\t\t\t\t\t\t\t<\/div>\n\t\t\t\t<div class=\"elementor-element elementor-element-d458121 advance-lists elementor-widget elementor-widget-text-editor\" data-id=\"d458121\" data-element_type=\"widget\" data-widget_type=\"text-editor.default\">\n\t\t\t\t\t\t\t\t\tELRO IMEBA\u00ae Synchronized Radiofrequency stimulates collagen growth to plump the skin and smooth wrinkles. Collagen is an essential protein that retains moisture, preventing transepidermal water loss. The result is a 26% increase in collagen and a doubling of elastin fibers.\n\n\t\t\t\t\t\t\t\t<\/div>\n\t\t\t\t<div class=\"elementor-element elementor-element-d791931 advance-lists elementor-widget elementor-widget-text-editor\" data-id=\"d791931\" data-element_type=\"widget\" data-widget_type=\"text-editor.default\">\n\t\t\t\t\t\t\t\t\tAESRF technology stimulates the delicate underlying muscles to tone and sculpt the face, giving the patient a chiseled jaw arch and cheekbones, and even reduces jowls. AESRF selectively targets the facial tensor muscles, those that people use most often and that cause both the well-known expression wrinkles and deeper wrinkles. And all this in a completely non-invasive way.\n\n\t\t\t\t\t\t\t\t<\/div>\n\t\t\t\t<div class=\"elementor-element elementor-element-d015d3b advance-lists elementor-widget elementor-widget-text-editor\" data-id=\"d015d3b\" data-element_type=\"widget\" data-widget_type=\"text-editor.default\">\n\t\t\t\t\t\t\t\t\tAccording to the experience of the clinics that already have ELRO IMEBA\u00ae, the treatment works well as a stand-alone procedure, but when combined with other techniques such as fillers and neurotoxins, results are accelerated. The recommended ELRO IMEBA\u00ae protocol consists of at least four sessions with an average rest period of one week between sessions, depending on diagnosis. For deeper wrinkles and moderate to severe volume loss, treatment can be extended with maintenance sessions.\n\n\t\t\t\t\t\t\t\t<\/div>\n\t\t\t\t<div class=\"elementor-element elementor-element-3ca795a elementor-widget elementor-widget-text-editor\" data-id=\"3ca795a\" data-element_type=\"widget\" data-widget_type=\"text-editor.default\">\n\t\t\t\t\t\t\t\t\tA treatment is about 20 minutes. We recommend: 4 sessions, each week one session. The full effects will be visible in 12 weeks (or six weeks after your last appointment) and will last for one year.\n\t\t\t\t\t\t\t\t<\/div>\n\t\t\t\t<div class=\"elementor-element elementor-element-52a3416 elementor-widget elementor-widget-heading\" data-id=\"52a3416\" data-element_type=\"widget\" data-widget_type=\"heading.default\">\n\t\t\t\t\t<h2 class=\"elementor-heading-title elementor-size-default\">TIME<\/h2>\t\t\t\t<\/div>\n\t\t\t\t<div class=\"elementor-element elementor-element-6dcf622 advance-lists elementor-widget elementor-widget-text-editor\" data-id=\"6dcf622\" data-element_type=\"widget\" data-widget_type=\"text-editor.default\">\n\t\t\t\t\t\t\t\t\tThe treatment usually lasts 20 minutes.\nThe result obtained after the application can reach one year or even exceed it (it's not permanent).\t\t\t\t\t\t\t\t<\/div>\n\t\t\t\t<div class=\"elementor-element elementor-element-5d578bd elementor-widget elementor-widget-heading\" data-id=\"5d578bd\" data-element_type=\"widget\" data-widget_type=\"heading.default\">\n\t\t\t\t\t<h2 class=\"elementor-heading-title elementor-size-default\">WHO IS IT FOR?\n<\/h2>\t\t\t\t<\/div>\n\t\t\t\t<div class=\"elementor-element elementor-element-371cdc4 advance-lists elementor-widget elementor-widget-text-editor\" data-id=\"371cdc4\" data-element_type=\"widget\" data-widget_type=\"text-editor.default\">\n\t\t\t\t\t\t\t\t\tThe ELRO IMEBA\u00ae service is one of the most demanded in aesthetic medicine.\t\t\t\t\t\t\t\t<\/div>\n\t\t\t\t<div class=\"elementor-element elementor-element-2b79998 advance-lists elementor-widget elementor-widget-text-editor\" data-id=\"2b79998\" data-element_type=\"widget\" data-widget_type=\"text-editor.default\">\n\t\t\t\t\t\t\t\t\t\nThis treatment is ideal for all those women and men who want to show off their face without irregularities.\t\t\t\t\t\t\t\t<\/div>\n\t\t\t\t<div class=\"elementor-element elementor-element-e8af8cd advance-lists elementor-widget elementor-widget-text-editor\" data-id=\"e8af8cd\" data-element_type=\"widget\" data-widget_type=\"text-editor.default\">\n\t\t\t\t\t\t\t\t\tMinimum age 18 years.\t\t\t\t\t\t\t\t<\/div>\n\t\t\t\t\t<\/div>\n\t\t<\/div>\n\t\t\t\t<div class=\"elementor-column elementor-col-50 elementor-top-column elementor-element elementor-element-ac1a05d\" data-id=\"ac1a05d\" data-element_type=\"column\">\n\t\t\t<div class=\"elementor-widget-wrap elementor-element-populated\">\n\t\t\t\t\t\t<section class=\"elementor-section elementor-inner-section elementor-element elementor-element-0449f5b elementor-section-boxed elementor-section-height-default elementor-section-height-default\" data-id=\"0449f5b\" data-element_type=\"section\" data-settings=\"{&quot;background_background&quot;:&quot;classic&quot;,&quot;sticky&quot;:&quot;top&quot;,&quot;sticky_offset&quot;:120,&quot;sticky_parent&quot;:&quot;yes&quot;,&quot;sticky_on&quot;:[&quot;desktop&quot;,&quot;tablet&quot;],&quot;jet_parallax_layout_list&quot;:[],&quot;sticky_effects_offset&quot;:0,&quot;sticky_anchor_link_offset&quot;:0}\">\n\t\t\t\t\t\t<div class=\"elementor-container elementor-column-gap-default\">\n\t\t\t\t\t<div class=\"elementor-column elementor-col-100 elementor-inner-column elementor-element elementor-element-da8d40e\" data-id=\"da8d40e\" data-element_type=\"column\">\n\t\t\t<div class=\"elementor-widget-wrap elementor-element-populated\">\n\t\t\t\t\t\t<div class=\"elementor-element elementor-element-a2091af elementor-widget elementor-widget-heading\" data-id=\"a2091af\" data-element_type=\"widget\" data-widget_type=\"heading.default\">\n\t\t\t\t\t<h2 class=\"elementor-heading-title elementor-size-default\">Price<\/h2>\t\t\t\t<\/div>\n\t\t\t\t<div class=\"elementor-element elementor-element-120ebcd Price elementor-widget__width-initial elementor-widget elementor-widget-heading\" data-id=\"120ebcd\" data-element_type=\"widget\" data-widget_type=\"heading.default\">\n\t\t\t\t\t<h2 class=\"elementor-heading-title elementor-size-default\">599\u20ac<\/h2>\t\t\t\t<\/div>\n\t\t\t\t<div class=\"elementor-element elementor-element-3cec791 elementor-widget elementor-widget-text-editor\" data-id=\"3cec791\" data-element_type=\"widget\" data-widget_type=\"text-editor.default\">\n\t\t\t\t\t\t\t\t\t<p>Package of 4 sessions Launching Offer - regular price 999\u20ac.<\/p>\t\t\t\t\t\t\t\t<\/div>\n\t\t\t\t<div class=\"elementor-element elementor-element-8b1ceb3 elementor-widget elementor-widget-text-editor\" data-id=\"8b1ceb3\" data-element_type=\"widget\" data-widget_type=\"text-editor.default\">\n\t\t\t\t\t\t\t\t\t<p>You may also message us through WhatsApp.<\/p>\t\t\t\t\t\t\t\t<\/div>\n\t\t\t\t<div class=\"elementor-element elementor-element-03edf27 elementor-widget__width-inherit elementor-mobile-align-justify elementor-widget-mobile__width-inherit elementor-tablet-align-justify elementor-widget-tablet__width-inherit elementor-align-justify elementor-widget elementor-widget-button\" data-id=\"03edf27\" data-element_type=\"widget\" data-widget_type=\"button.default\">\n\t\t\t\t\t\t\t\t\t\t<a class=\"elementor-button elementor-button-link elementor-size-sm\" href=\"https:\/\/api.whatsapp.com\/send?phone=34653620509&#038;text=Hola%20Cl%C3%ADnicas%20IMEBA,%20ponte%20en%20contacto%20conmigo.%20(Weekend%20Peel)%20Muchas%20gracias.%20\">\n\t\t\t\t\t\t<span class=\"elementor-button-content-wrapper\">\n\t\t\t\t\t\t\t\t\t<span class=\"elementor-button-text\">BOOK NOW<\/span>\n\t\t\t\t\t<\/span>\n\t\t\t\t\t<\/a>\n\t\t\t\t\t\t\t\t<\/div>\n\t\t\t\t\t<\/div>\n\t\t<\/div>\n\t\t\t\t\t<\/div>\n\t\t<\/section>\n\t\t\t\t\t<\/div>\n\t\t<\/div>\n\t\t\t\t\t<\/div>\n\t\t<\/section>\n\t\t\t\t<\/div>","protected":false},"excerpt":{"rendered":"<p>Facial ELRO IMEBA\u00ae SIN DOLOR Y SIN AGUJASREVOLUCI\u00d3N Y OFERTA DE LANZAMIENTO Seg\u00fan los impresiones en medios, ELRO IMEBA\u00ae se est\u00e1 convirtiendo en una alternativa cada vez m\u00e1s popular a la cirug\u00eda pl\u00e1stica o lifting quir\u00fargico porque brinda a los pacientes una apariencia restaurada a un estado m\u00e1s joven sin agujas ni tiempos de recuperaci\u00f3n.El [&hellip;]<\/p>","protected":false},"author":2,"featured_media":1521,"parent":1327,"menu_order":1,"comment_status":"closed","ping_status":"closed","template":"elementor_header_footer","meta":{"footnotes":""},"class_list":["post-3072","page","type-page","status-publish","has-post-thumbnail","hentry"],"yoast_head":"<!-- This site is optimized with the Yoast SEO plugin v25.8 - https:\/\/yoast.com\/wordpress\/plugins\/seo\/ -->\n<title>ELRO IMEBA\u00ae - Clinicas IMEBA\u00ae<\/title>\n<meta name=\"robots\" content=\"index, follow, max-snippet:-1, max-image-preview:large, max-video-preview:-1\" \/>\n<link rel=\"canonical\" href=\"https:\/\/imeba.clinic\/en\/facial\/elro-imeba\/\" \/>\n<meta property=\"og:locale\" content=\"en_US\" \/>\n<meta property=\"og:type\" content=\"article\" \/>\n<meta property=\"og:title\" content=\"ELRO IMEBA\u00ae - Clinicas IMEBA\u00ae\" \/>\n<meta property=\"og:description\" content=\"Facial ELRO IMEBA\u00ae SIN DOLOR Y SIN AGUJASREVOLUCI\u00d3N Y OFERTA DE LANZAMIENTO Seg\u00fan los impresiones en medios, ELRO IMEBA\u00ae se est\u00e1 convirtiendo en una alternativa cada vez m\u00e1s popular a la cirug\u00eda pl\u00e1stica o lifting quir\u00fargico porque brinda a los pacientes una apariencia restaurada a un estado m\u00e1s joven sin agujas ni tiempos de recuperaci\u00f3n.El [&hellip;]\" \/>\n<meta property=\"og:url\" content=\"https:\/\/imeba.clinic\/en\/facial\/elro-imeba\/\" \/>\n<meta property=\"og:site_name\" content=\"Clinicas IMEBA\u00ae\" \/>\n<meta property=\"article:publisher\" content=\"https:\/\/www.facebook.com\/clinicasimebamallorca\" \/>\n<meta property=\"article:modified_time\" content=\"2023-07-11T10:07:33+00:00\" \/>\n<meta property=\"og:image\" content=\"http:\/\/imeba.clinic\/wp-content\/uploads\/2023\/01\/Rinomodelacion.jpg\" \/>\n\t<meta property=\"og:image:width\" content=\"2000\" \/>\n\t<meta property=\"og:image:height\" content=\"1333\" \/>\n\t<meta property=\"og:image:type\" content=\"image\/jpeg\" \/>\n<meta name=\"twitter:card\" content=\"summary_large_image\" \/>\n<meta name=\"twitter:site\" content=\"@IMEBAInfo\" \/>\n<meta name=\"twitter:label1\" content=\"Est. reading time\" \/>\n\t<meta name=\"twitter:data1\" content=\"3 minutes\" \/>\n<script type=\"application\/ld+json\" class=\"yoast-schema-graph\">{\"@context\":\"https:\/\/schema.org\",\"@graph\":[{\"@type\":\"WebPage\",\"@id\":\"https:\/\/imeba.clinic\/facial\/elro-imeba\/\",\"url\":\"https:\/\/imeba.clinic\/facial\/elro-imeba\/\",\"name\":\"ELRO IMEBA\u00ae - Clinicas IMEBA\u00ae\",\"isPartOf\":{\"@id\":\"https:\/\/imeba.clinic\/#website\"},\"primaryImageOfPage\":{\"@id\":\"https:\/\/imeba.clinic\/facial\/elro-imeba\/#primaryimage\"},\"image\":{\"@id\":\"https:\/\/imeba.clinic\/facial\/elro-imeba\/#primaryimage\"},\"thumbnailUrl\":\"https:\/\/imeba.clinic\/wp-content\/uploads\/2023\/01\/Rinomodelacion.jpg\",\"datePublished\":\"2023-05-12T12:51:40+00:00\",\"dateModified\":\"2023-07-11T10:07:33+00:00\",\"breadcrumb\":{\"@id\":\"https:\/\/imeba.clinic\/facial\/elro-imeba\/#breadcrumb\"},\"inLanguage\":\"en-US\",\"potentialAction\":[{\"@type\":\"ReadAction\",\"target\":[\"https:\/\/imeba.clinic\/facial\/elro-imeba\/\"]}]},{\"@type\":\"ImageObject\",\"inLanguage\":\"en-US\",\"@id\":\"https:\/\/imeba.clinic\/facial\/elro-imeba\/#primaryimage\",\"url\":\"https:\/\/imeba.clinic\/wp-content\/uploads\/2023\/01\/Rinomodelacion.jpg\",\"contentUrl\":\"https:\/\/imeba.clinic\/wp-content\/uploads\/2023\/01\/Rinomodelacion.jpg\",\"width\":2000,\"height\":1333},{\"@type\":\"BreadcrumbList\",\"@id\":\"https:\/\/imeba.clinic\/facial\/elro-imeba\/#breadcrumb\",\"itemListElement\":[{\"@type\":\"ListItem\",\"position\":1,\"name\":\"Portada\",\"item\":\"https:\/\/imeba.clinic\/\"},{\"@type\":\"ListItem\",\"position\":2,\"name\":\"Facial\",\"item\":\"https:\/\/imeba.clinic\/facial\/\"},{\"@type\":\"ListItem\",\"position\":3,\"name\":\"ELRO IMEBA\u00ae\"}]},{\"@type\":\"WebSite\",\"@id\":\"https:\/\/imeba.clinic\/#website\",\"url\":\"https:\/\/imeba.clinic\/\",\"name\":\"Clinicas IMEBA\u00ae\",\"description\":\"Medicina estetica cirugia facial\",\"publisher\":{\"@id\":\"https:\/\/imeba.clinic\/#organization\"},\"potentialAction\":[{\"@type\":\"SearchAction\",\"target\":{\"@type\":\"EntryPoint\",\"urlTemplate\":\"https:\/\/imeba.clinic\/?s={search_term_string}\"},\"query-input\":{\"@type\":\"PropertyValueSpecification\",\"valueRequired\":true,\"valueName\":\"search_term_string\"}}],\"inLanguage\":\"en-US\"},{\"@type\":\"Organization\",\"@id\":\"https:\/\/imeba.clinic\/#organization\",\"name\":\"Clinicas IMEBA\u00ae\",\"url\":\"https:\/\/imeba.clinic\/\",\"logo\":{\"@type\":\"ImageObject\",\"inLanguage\":\"en-US\",\"@id\":\"https:\/\/imeba.clinic\/#\/schema\/logo\/image\/\",\"url\":\"https:\/\/imeba.clinic\/wp-content\/uploads\/2023\/01\/cropped-11722351_740325796094007_2206264894896353109_o.jpg\",\"contentUrl\":\"https:\/\/imeba.clinic\/wp-content\/uploads\/2023\/01\/cropped-11722351_740325796094007_2206264894896353109_o.jpg\",\"width\":1221,\"height\":349,\"caption\":\"Clinicas IMEBA\u00ae\"},\"image\":{\"@id\":\"https:\/\/imeba.clinic\/#\/schema\/logo\/image\/\"},\"sameAs\":[\"https:\/\/www.facebook.com\/clinicasimebamallorca\",\"https:\/\/x.com\/IMEBAInfo\",\"https:\/\/www.youtube.com\/@TorstenMarin\"]}]}<\/script>\n<!-- \/ Yoast SEO plugin. -->","yoast_head_json":{"title":"ELRO IMEBA\u00ae - Clinicas IMEBA\u00ae","robots":{"index":"index","follow":"follow","max-snippet":"max-snippet:-1","max-image-preview":"max-image-preview:large","max-video-preview":"max-video-preview:-1"},"canonical":"https:\/\/imeba.clinic\/en\/facial\/elro-imeba\/","og_locale":"en_US","og_type":"article","og_title":"ELRO IMEBA\u00ae - Clinicas IMEBA\u00ae","og_description":"Facial ELRO IMEBA\u00ae SIN DOLOR Y SIN AGUJASREVOLUCI\u00d3N Y OFERTA DE LANZAMIENTO Seg\u00fan los impresiones en medios, ELRO IMEBA\u00ae se est\u00e1 convirtiendo en una alternativa cada vez m\u00e1s popular a la cirug\u00eda pl\u00e1stica o lifting quir\u00fargico porque brinda a los pacientes una apariencia restaurada a un estado m\u00e1s joven sin agujas ni tiempos de recuperaci\u00f3n.El [&hellip;]","og_url":"https:\/\/imeba.clinic\/en\/facial\/elro-imeba\/","og_site_name":"Clinicas IMEBA\u00ae","article_publisher":"https:\/\/www.facebook.com\/clinicasimebamallorca","article_modified_time":"2023-07-11T10:07:33+00:00","og_image":[{"width":2000,"height":1333,"url":"http:\/\/imeba.clinic\/wp-content\/uploads\/2023\/01\/Rinomodelacion.jpg","type":"image\/jpeg"}],"twitter_card":"summary_large_image","twitter_site":"@IMEBAInfo","twitter_misc":{"Est. reading time":"3 minutes"},"schema":{"@context":"https:\/\/schema.org","@graph":[{"@type":"WebPage","@id":"https:\/\/imeba.clinic\/facial\/elro-imeba\/","url":"https:\/\/imeba.clinic\/facial\/elro-imeba\/","name":"ELRO IMEBA\u00ae - Clinicas IMEBA\u00ae","isPartOf":{"@id":"https:\/\/imeba.clinic\/#website"},"primaryImageOfPage":{"@id":"https:\/\/imeba.clinic\/facial\/elro-imeba\/#primaryimage"},"image":{"@id":"https:\/\/imeba.clinic\/facial\/elro-imeba\/#primaryimage"},"thumbnailUrl":"https:\/\/imeba.clinic\/wp-content\/uploads\/2023\/01\/Rinomodelacion.jpg","datePublished":"2023-05-12T12:51:40+00:00","dateModified":"2023-07-11T10:07:33+00:00","breadcrumb":{"@id":"https:\/\/imeba.clinic\/facial\/elro-imeba\/#breadcrumb"},"inLanguage":"en-US","potentialAction":[{"@type":"ReadAction","target":["https:\/\/imeba.clinic\/facial\/elro-imeba\/"]}]},{"@type":"ImageObject","inLanguage":"en-US","@id":"https:\/\/imeba.clinic\/facial\/elro-imeba\/#primaryimage","url":"https:\/\/imeba.clinic\/wp-content\/uploads\/2023\/01\/Rinomodelacion.jpg","contentUrl":"https:\/\/imeba.clinic\/wp-content\/uploads\/2023\/01\/Rinomodelacion.jpg","width":2000,"height":1333},{"@type":"BreadcrumbList","@id":"https:\/\/imeba.clinic\/facial\/elro-imeba\/#breadcrumb","itemListElement":[{"@type":"ListItem","position":1,"name":"Portada","item":"https:\/\/imeba.clinic\/"},{"@type":"ListItem","position":2,"name":"Facial","item":"https:\/\/imeba.clinic\/facial\/"},{"@type":"ListItem","position":3,"name":"ELRO IMEBA\u00ae"}]},{"@type":"WebSite","@id":"https:\/\/imeba.clinic\/#website","url":"https:\/\/imeba.clinic\/","name":"Clinicas IMEBA\u00ae","description":"Medicina estetica cirugia facial","publisher":{"@id":"https:\/\/imeba.clinic\/#organization"},"potentialAction":[{"@type":"SearchAction","target":{"@type":"EntryPoint","urlTemplate":"https:\/\/imeba.clinic\/?s={search_term_string}"},"query-input":{"@type":"PropertyValueSpecification","valueRequired":true,"valueName":"search_term_string"}}],"inLanguage":"en-US"},{"@type":"Organization","@id":"https:\/\/imeba.clinic\/#organization","name":"Clinicas IMEBA\u00ae","url":"https:\/\/imeba.clinic\/","logo":{"@type":"ImageObject","inLanguage":"en-US","@id":"https:\/\/imeba.clinic\/#\/schema\/logo\/image\/","url":"https:\/\/imeba.clinic\/wp-content\/uploads\/2023\/01\/cropped-11722351_740325796094007_2206264894896353109_o.jpg","contentUrl":"https:\/\/imeba.clinic\/wp-content\/uploads\/2023\/01\/cropped-11722351_740325796094007_2206264894896353109_o.jpg","width":1221,"height":349,"caption":"Clinicas IMEBA\u00ae"},"image":{"@id":"https:\/\/imeba.clinic\/#\/schema\/logo\/image\/"},"sameAs":["https:\/\/www.facebook.com\/clinicasimebamallorca","https:\/\/x.com\/IMEBAInfo","https:\/\/www.youtube.com\/@TorstenMarin"]}]}},"_links":{"self":[{"href":"https:\/\/imeba.clinic\/en\/wp-json\/wp\/v2\/pages\/3072","targetHints":{"allow":["GET"]}}],"collection":[{"href":"https:\/\/imeba.clinic\/en\/wp-json\/wp\/v2\/pages"}],"about":[{"href":"https:\/\/imeba.clinic\/en\/wp-json\/wp\/v2\/types\/page"}],"author":[{"embeddable":true,"href":"https:\/\/imeba.clinic\/en\/wp-json\/wp\/v2\/users\/2"}],"replies":[{"embeddable":true,"href":"https:\/\/imeba.clinic\/en\/wp-json\/wp\/v2\/comments?post=3072"}],"version-history":[{"count":0,"href":"https:\/\/imeba.clinic\/en\/wp-json\/wp\/v2\/pages\/3072\/revisions"}],"up":[{"embeddable":true,"href":"https:\/\/imeba.clinic\/en\/wp-json\/wp\/v2\/pages\/1327"}],"wp:featuredmedia":[{"embeddable":true,"href":"https:\/\/imeba.clinic\/en\/wp-json\/wp\/v2\/media\/1521"}],"wp:attachment":[{"href":"https:\/\/imeba.clinic\/en\/wp-json\/wp\/v2\/media?parent=3072"}],"curies":[{"name":"wp","href":"https:\/\/api.w.org\/{rel}","templated":true}]}}