
{"id":2477,"date":"2023-02-08T08:57:05","date_gmt":"2023-02-08T08:57:05","guid":{"rendered":"https:\/\/imeba.clinic\/?page_id=2477"},"modified":"2024-02-27T18:59:56","modified_gmt":"2024-02-27T17:59:56","slug":"rinoplastia-ultrasonica","status":"publish","type":"page","link":"https:\/\/imeba.clinic\/en\/cirugia\/rinoplastia-ultrasonica\/","title":{"rendered":"Ultrasonic rhinoplasty"},"content":{"rendered":"<div data-elementor-type=\"wp-page\" data-elementor-id=\"2477\" class=\"elementor elementor-2477\" data-elementor-post-type=\"page\">\n\t\t\t\t\t\t<section class=\"elementor-section elementor-top-section elementor-element elementor-element-bda6fe1 elementor-section-height-min-height elementor-section-boxed elementor-section-height-default elementor-section-items-middle\" data-id=\"bda6fe1\" data-element_type=\"section\" data-settings=\"{&quot;background_background&quot;:&quot;classic&quot;,&quot;background_motion_fx_motion_fx_scrolling&quot;:&quot;yes&quot;,&quot;background_motion_fx_translateY_effect&quot;:&quot;yes&quot;,&quot;jet_parallax_layout_list&quot;:[],&quot;background_motion_fx_translateY_speed&quot;:{&quot;unit&quot;:&quot;px&quot;,&quot;size&quot;:4,&quot;sizes&quot;:[]},&quot;background_motion_fx_translateY_affectedRange&quot;:{&quot;unit&quot;:&quot;%&quot;,&quot;size&quot;:&quot;&quot;,&quot;sizes&quot;:{&quot;start&quot;:0,&quot;end&quot;:100}},&quot;background_motion_fx_devices&quot;:[&quot;desktop&quot;,&quot;tablet&quot;,&quot;mobile&quot;]}\">\n\t\t\t\t\t\t\t<div class=\"elementor-background-overlay\"><\/div>\n\t\t\t\t\t\t\t<div class=\"elementor-container elementor-column-gap-default\">\n\t\t\t\t\t<div class=\"elementor-column elementor-col-100 elementor-top-column elementor-element elementor-element-4047d78\" data-id=\"4047d78\" data-element_type=\"column\">\n\t\t\t<div class=\"elementor-widget-wrap elementor-element-populated\">\n\t\t\t\t\t\t\t<\/div>\n\t\t<\/div>\n\t\t\t\t\t<\/div>\n\t\t<\/section>\n\t\t\t\t<section class=\"elementor-section elementor-top-section elementor-element elementor-element-86fc8d9 elementor-section-boxed elementor-section-height-default elementor-section-height-default\" data-id=\"86fc8d9\" data-element_type=\"section\" data-settings=\"{&quot;jet_parallax_layout_list&quot;:[]}\">\n\t\t\t\t\t\t<div class=\"elementor-container elementor-column-gap-default\">\n\t\t\t\t\t<div class=\"elementor-column elementor-col-50 elementor-top-column elementor-element elementor-element-06ba101\" data-id=\"06ba101\" data-element_type=\"column\">\n\t\t\t<div class=\"elementor-widget-wrap elementor-element-populated\">\n\t\t\t\t\t\t<div class=\"elementor-element elementor-element-e05810c elementor-widget elementor-widget-image\" data-id=\"e05810c\" data-element_type=\"widget\" data-widget_type=\"image.default\">\n\t\t\t\t\t\t\t\t\t\t\t\t\t\t\t<img fetchpriority=\"high\" decoding=\"async\" width=\"800\" height=\"646\" src=\"https:\/\/imeba.clinic\/wp-content\/uploads\/2023\/01\/ultrasonic-rhinoplasty-1024x827.jpg\" class=\"attachment-large size-large wp-image-861\" alt=\"\" srcset=\"https:\/\/imeba.clinic\/wp-content\/uploads\/2023\/01\/ultrasonic-rhinoplasty-1024x827.jpg 1024w, https:\/\/imeba.clinic\/wp-content\/uploads\/2023\/01\/ultrasonic-rhinoplasty-300x242.jpg 300w, https:\/\/imeba.clinic\/wp-content\/uploads\/2023\/01\/ultrasonic-rhinoplasty-768x621.jpg 768w, https:\/\/imeba.clinic\/wp-content\/uploads\/2023\/01\/ultrasonic-rhinoplasty-1536x1241.jpg 1536w, https:\/\/imeba.clinic\/wp-content\/uploads\/2023\/01\/ultrasonic-rhinoplasty.jpg 1573w\" sizes=\"(max-width: 800px) 100vw, 800px\" \/>\t\t\t\t\t\t\t\t\t\t\t\t\t\t\t<\/div>\n\t\t\t\t<div class=\"elementor-element elementor-element-5db2cb7 elementor-widget elementor-widget-heading\" data-id=\"5db2cb7\" data-element_type=\"widget\" data-widget_type=\"heading.default\">\n\t\t\t\t\t<h2 class=\"elementor-heading-title elementor-size-default\">What is ultrasonic rhinoplasty?<\/h2>\t\t\t\t<\/div>\n\t\t\t\t<div class=\"elementor-element elementor-element-f208bc9 elementor-widget elementor-widget-text-editor\" data-id=\"f208bc9\" data-element_type=\"widget\" data-widget_type=\"text-editor.default\">\n\t\t\t\t\t\t\t\t\t<p class=\"translation-block\">Ultrasonic rhinoplasty is a surgical procedure aimed at correcting both aesthetic and functional nasal deformities using piezoelectric technology and can work with maximum safety, reducing postoperative recovery time.<\/p><p>This is one of the most demanded facial aesthetic surgeries nowadays, as it implies an immediate improvement in facial harmony and balance, with a quick recovery thanks to the use of piezoelectrics.<\/p>\t\t\t\t\t\t\t\t<\/div>\n\t\t\t\t<div class=\"elementor-element elementor-element-ce6e0df elementor-widget elementor-widget-heading\" data-id=\"ce6e0df\" data-element_type=\"widget\" data-widget_type=\"heading.default\">\n\t\t\t\t\t<h2 class=\"elementor-heading-title elementor-size-default\">What is piezoelectric technology?<\/h2>\t\t\t\t<\/div>\n\t\t\t\t<div class=\"elementor-element elementor-element-c786e1c elementor-widget elementor-widget-text-editor\" data-id=\"c786e1c\" data-element_type=\"widget\" data-widget_type=\"text-editor.default\">\n\t\t\t\t\t\t\t\t\t<p class=\"translation-block\">It is based on the use of a piezoelectric scalpel which, by means of ultrasonic vibrations, has the capacity to cut and reshape the bone precisely and safely. This device isn't capable of injuring other tissues such as cartilage, mucosa, muscle or blood vessels. In this way we are able to perform a rhinoplasty without the risk of injury to nearby tissues, reducing post-operative oedema and haematomas. In addition, it is not necessary to use postoperative nasal packing.<\/p>\t\t\t\t\t\t\t\t<\/div>\n\t\t\t\t<div class=\"elementor-element elementor-element-23538f7 elementor-widget elementor-widget-heading\" data-id=\"23538f7\" data-element_type=\"widget\" data-widget_type=\"heading.default\">\n\t\t\t\t\t<h2 class=\"elementor-heading-title elementor-size-default\">Which patients are candidates?<\/h2>\t\t\t\t<\/div>\n\t\t\t\t<div class=\"elementor-element elementor-element-1102337 elementor-widget elementor-widget-text-editor\" data-id=\"1102337\" data-element_type=\"widget\" data-widget_type=\"text-editor.default\">\n\t\t\t\t\t\t\t\t\t<p class=\"translation-block\">Any patient who wishes to modify the shape or function of their <strong>nose<\/strong>, from 18 years of age onwards and with no age limit.<\/p><p>Sometimes, if there are major dysfunctions or aesthetic problems during adolescence, it may be possible to undergo surgery from the age of 16 with the permission of both parents. More and more middle-aged adult patients (around 40-50 years of age) are deciding to undergo ultrasonic rhinoplasty, encouraged by the advantages of this technology.\u00a0<\/p>\t\t\t\t\t\t\t\t<\/div>\n\t\t\t\t\t<\/div>\n\t\t<\/div>\n\t\t\t\t<div class=\"elementor-column elementor-col-50 elementor-top-column elementor-element elementor-element-2a7a2c0\" data-id=\"2a7a2c0\" data-element_type=\"column\">\n\t\t\t<div class=\"elementor-widget-wrap elementor-element-populated\">\n\t\t\t\t\t\t<section class=\"elementor-section elementor-inner-section elementor-element elementor-element-e2b824f elementor-section-boxed elementor-section-height-default elementor-section-height-default\" data-id=\"e2b824f\" data-element_type=\"section\" data-settings=\"{&quot;background_background&quot;:&quot;classic&quot;,&quot;sticky&quot;:&quot;top&quot;,&quot;sticky_offset&quot;:120,&quot;sticky_parent&quot;:&quot;yes&quot;,&quot;jet_parallax_layout_list&quot;:[],&quot;sticky_on&quot;:[&quot;desktop&quot;,&quot;tablet&quot;,&quot;mobile&quot;],&quot;sticky_effects_offset&quot;:0,&quot;sticky_anchor_link_offset&quot;:0}\">\n\t\t\t\t\t\t<div class=\"elementor-container elementor-column-gap-default\">\n\t\t\t\t\t<div class=\"elementor-column elementor-col-100 elementor-inner-column elementor-element elementor-element-236415d\" data-id=\"236415d\" data-element_type=\"column\">\n\t\t\t<div class=\"elementor-widget-wrap elementor-element-populated\">\n\t\t\t\t\t\t<div class=\"elementor-element elementor-element-15a64fa elementor-widget elementor-widget-heading\" data-id=\"15a64fa\" data-element_type=\"widget\" data-widget_type=\"heading.default\">\n\t\t\t\t\t<h2 class=\"elementor-heading-title elementor-size-default\">Precio Regular: pide consulta<\/h2>\t\t\t\t<\/div>\n\t\t\t\t<div class=\"elementor-element elementor-element-f295770 elementor-widget elementor-widget-text-editor\" data-id=\"f295770\" data-element_type=\"widget\" data-widget_type=\"text-editor.default\">\n\t\t\t\t\t\t\t\t\t<p>Please ask for a consultation with our surgeon to get a quote. The consultation costs 60\u20ac, which will be deducted from the total amount if the procedure is performed.<\/p>\t\t\t\t\t\t\t\t<\/div>\n\t\t\t\t<div class=\"elementor-element elementor-element-0bf8815 elementor-mobile-align-justify elementor-widget-mobile__width-inherit elementor-tablet-align-justify elementor-widget-tablet__width-inherit elementor-align-justify elementor-widget elementor-widget-button\" data-id=\"0bf8815\" data-element_type=\"widget\" data-widget_type=\"button.default\">\n\t\t\t\t\t\t\t\t\t\t<a class=\"elementor-button elementor-button-link elementor-size-sm\" href=\"https:\/\/api.whatsapp.com\/send?phone=34653620509&#038;text=Hola%20Cl%C3%ADnicas%20IMEBA,%20ponte%20en%20contacto%20conmigo.%20(Rinoplastia)%20Muchas%20gracias.%20\">\n\t\t\t\t\t\t<span class=\"elementor-button-content-wrapper\">\n\t\t\t\t\t\t\t\t\t<span class=\"elementor-button-text\">Consultation<\/span>\n\t\t\t\t\t<\/span>\n\t\t\t\t\t<\/a>\n\t\t\t\t\t\t\t\t<\/div>\n\t\t\t\t<div class=\"elementor-element elementor-element-a5c52ae elementor-widget elementor-widget-text-editor\" data-id=\"a5c52ae\" data-element_type=\"widget\" data-widget_type=\"text-editor.default\">\n\t\t\t\t\t\t\t\t\t<p>You may also message us through WhatsApp.<\/p>\t\t\t\t\t\t\t\t<\/div>\n\t\t\t\t\t<\/div>\n\t\t<\/div>\n\t\t\t\t\t<\/div>\n\t\t<\/section>\n\t\t\t\t\t<\/div>\n\t\t<\/div>\n\t\t\t\t\t<\/div>\n\t\t<\/section>\n\t\t\t\t<\/div>","protected":false},"excerpt":{"rendered":"<p>\u00bfQu\u00e9 es la rinoplastia ultras\u00f3nica? La rinoplastia ultras\u00f3nica es la intervenci\u00f3n quir\u00fargica destinada a corregir las\u00a0deformidades nasales\u00a0tanto\u00a0est\u00e9ticas como funcionales mediante la tecnolog\u00eda piezoel\u00e9ctrica\u00a0pudiendo trabajar con la m\u00e1xima seguridad disminuyendo el tiempo de recuperaci\u00f3n postoperatorio. Se trata de una de las cirug\u00edas est\u00e9ticas faciales m\u00e1s demandadas, actualmente ya que implica una mejor\u00eda inmediata en la armon\u00eda [&hellip;]<\/p>","protected":false},"author":2,"featured_media":861,"parent":1442,"menu_order":0,"comment_status":"closed","ping_status":"closed","template":"elementor_header_footer","meta":{"footnotes":""},"class_list":["post-2477","page","type-page","status-publish","has-post-thumbnail","hentry"],"yoast_head":"<!-- This site is optimized with the Yoast SEO plugin v25.8 - https:\/\/yoast.com\/wordpress\/plugins\/seo\/ -->\n<title>Rinoplastia ultras\u00f3nica - Clinicas IMEBA\u00ae<\/title>\n<meta name=\"robots\" content=\"index, follow, max-snippet:-1, max-image-preview:large, max-video-preview:-1\" \/>\n<link rel=\"canonical\" href=\"https:\/\/imeba.clinic\/en\/cirugia\/rinoplastia-ultrasonica\/\" \/>\n<meta property=\"og:locale\" content=\"en_US\" \/>\n<meta property=\"og:type\" content=\"article\" \/>\n<meta property=\"og:title\" content=\"Rinoplastia ultras\u00f3nica - Clinicas IMEBA\u00ae\" \/>\n<meta property=\"og:description\" content=\"\u00bfQu\u00e9 es la rinoplastia ultras\u00f3nica? La rinoplastia ultras\u00f3nica es la intervenci\u00f3n quir\u00fargica destinada a corregir las\u00a0deformidades nasales\u00a0tanto\u00a0est\u00e9ticas como funcionales mediante la tecnolog\u00eda piezoel\u00e9ctrica\u00a0pudiendo trabajar con la m\u00e1xima seguridad disminuyendo el tiempo de recuperaci\u00f3n postoperatorio. Se trata de una de las cirug\u00edas est\u00e9ticas faciales m\u00e1s demandadas, actualmente ya que implica una mejor\u00eda inmediata en la armon\u00eda [&hellip;]\" \/>\n<meta property=\"og:url\" content=\"https:\/\/imeba.clinic\/en\/cirugia\/rinoplastia-ultrasonica\/\" \/>\n<meta property=\"og:site_name\" content=\"Clinicas IMEBA\u00ae\" \/>\n<meta property=\"article:publisher\" content=\"https:\/\/www.facebook.com\/clinicasimebamallorca\" \/>\n<meta property=\"article:modified_time\" content=\"2024-02-27T17:59:56+00:00\" \/>\n<meta property=\"og:image\" content=\"http:\/\/imeba.clinic\/wp-content\/uploads\/2023\/01\/ultrasonic-rhinoplasty.jpg\" \/>\n\t<meta property=\"og:image:width\" content=\"1573\" \/>\n\t<meta property=\"og:image:height\" content=\"1271\" \/>\n\t<meta property=\"og:image:type\" content=\"image\/jpeg\" \/>\n<meta name=\"twitter:card\" content=\"summary_large_image\" \/>\n<meta name=\"twitter:site\" content=\"@IMEBAInfo\" \/>\n<meta name=\"twitter:label1\" content=\"Est. reading time\" \/>\n\t<meta name=\"twitter:data1\" content=\"2 minutes\" \/>\n<script type=\"application\/ld+json\" class=\"yoast-schema-graph\">{\"@context\":\"https:\/\/schema.org\",\"@graph\":[{\"@type\":\"WebPage\",\"@id\":\"https:\/\/imeba.clinic\/cirugia\/rinoplastia-ultrasonica\/\",\"url\":\"https:\/\/imeba.clinic\/cirugia\/rinoplastia-ultrasonica\/\",\"name\":\"Rinoplastia ultras\u00f3nica - Clinicas IMEBA\u00ae\",\"isPartOf\":{\"@id\":\"https:\/\/imeba.clinic\/#website\"},\"primaryImageOfPage\":{\"@id\":\"https:\/\/imeba.clinic\/cirugia\/rinoplastia-ultrasonica\/#primaryimage\"},\"image\":{\"@id\":\"https:\/\/imeba.clinic\/cirugia\/rinoplastia-ultrasonica\/#primaryimage\"},\"thumbnailUrl\":\"https:\/\/imeba.clinic\/wp-content\/uploads\/2023\/01\/ultrasonic-rhinoplasty.jpg\",\"datePublished\":\"2023-02-08T08:57:05+00:00\",\"dateModified\":\"2024-02-27T17:59:56+00:00\",\"breadcrumb\":{\"@id\":\"https:\/\/imeba.clinic\/cirugia\/rinoplastia-ultrasonica\/#breadcrumb\"},\"inLanguage\":\"en-US\",\"potentialAction\":[{\"@type\":\"ReadAction\",\"target\":[\"https:\/\/imeba.clinic\/cirugia\/rinoplastia-ultrasonica\/\"]}]},{\"@type\":\"ImageObject\",\"inLanguage\":\"en-US\",\"@id\":\"https:\/\/imeba.clinic\/cirugia\/rinoplastia-ultrasonica\/#primaryimage\",\"url\":\"https:\/\/imeba.clinic\/wp-content\/uploads\/2023\/01\/ultrasonic-rhinoplasty.jpg\",\"contentUrl\":\"https:\/\/imeba.clinic\/wp-content\/uploads\/2023\/01\/ultrasonic-rhinoplasty.jpg\",\"width\":1573,\"height\":1271},{\"@type\":\"BreadcrumbList\",\"@id\":\"https:\/\/imeba.clinic\/cirugia\/rinoplastia-ultrasonica\/#breadcrumb\",\"itemListElement\":[{\"@type\":\"ListItem\",\"position\":1,\"name\":\"Portada\",\"item\":\"https:\/\/imeba.clinic\/\"},{\"@type\":\"ListItem\",\"position\":2,\"name\":\"Cirug\u00eda\",\"item\":\"https:\/\/imeba.clinic\/cirugia\/\"},{\"@type\":\"ListItem\",\"position\":3,\"name\":\"Rinoplastia ultras\u00f3nica\"}]},{\"@type\":\"WebSite\",\"@id\":\"https:\/\/imeba.clinic\/#website\",\"url\":\"https:\/\/imeba.clinic\/\",\"name\":\"Clinicas IMEBA\u00ae\",\"description\":\"Medicina estetica cirugia facial\",\"publisher\":{\"@id\":\"https:\/\/imeba.clinic\/#organization\"},\"potentialAction\":[{\"@type\":\"SearchAction\",\"target\":{\"@type\":\"EntryPoint\",\"urlTemplate\":\"https:\/\/imeba.clinic\/?s={search_term_string}\"},\"query-input\":{\"@type\":\"PropertyValueSpecification\",\"valueRequired\":true,\"valueName\":\"search_term_string\"}}],\"inLanguage\":\"en-US\"},{\"@type\":\"Organization\",\"@id\":\"https:\/\/imeba.clinic\/#organization\",\"name\":\"Clinicas IMEBA\u00ae\",\"url\":\"https:\/\/imeba.clinic\/\",\"logo\":{\"@type\":\"ImageObject\",\"inLanguage\":\"en-US\",\"@id\":\"https:\/\/imeba.clinic\/#\/schema\/logo\/image\/\",\"url\":\"https:\/\/imeba.clinic\/wp-content\/uploads\/2023\/01\/cropped-11722351_740325796094007_2206264894896353109_o.jpg\",\"contentUrl\":\"https:\/\/imeba.clinic\/wp-content\/uploads\/2023\/01\/cropped-11722351_740325796094007_2206264894896353109_o.jpg\",\"width\":1221,\"height\":349,\"caption\":\"Clinicas IMEBA\u00ae\"},\"image\":{\"@id\":\"https:\/\/imeba.clinic\/#\/schema\/logo\/image\/\"},\"sameAs\":[\"https:\/\/www.facebook.com\/clinicasimebamallorca\",\"https:\/\/x.com\/IMEBAInfo\",\"https:\/\/www.youtube.com\/@TorstenMarin\"]}]}<\/script>\n<!-- \/ Yoast SEO plugin. -->","yoast_head_json":{"title":"Rinoplastia ultras\u00f3nica - Clinicas IMEBA\u00ae","robots":{"index":"index","follow":"follow","max-snippet":"max-snippet:-1","max-image-preview":"max-image-preview:large","max-video-preview":"max-video-preview:-1"},"canonical":"https:\/\/imeba.clinic\/en\/cirugia\/rinoplastia-ultrasonica\/","og_locale":"en_US","og_type":"article","og_title":"Rinoplastia ultras\u00f3nica - Clinicas IMEBA\u00ae","og_description":"\u00bfQu\u00e9 es la rinoplastia ultras\u00f3nica? La rinoplastia ultras\u00f3nica es la intervenci\u00f3n quir\u00fargica destinada a corregir las\u00a0deformidades nasales\u00a0tanto\u00a0est\u00e9ticas como funcionales mediante la tecnolog\u00eda piezoel\u00e9ctrica\u00a0pudiendo trabajar con la m\u00e1xima seguridad disminuyendo el tiempo de recuperaci\u00f3n postoperatorio. Se trata de una de las cirug\u00edas est\u00e9ticas faciales m\u00e1s demandadas, actualmente ya que implica una mejor\u00eda inmediata en la armon\u00eda [&hellip;]","og_url":"https:\/\/imeba.clinic\/en\/cirugia\/rinoplastia-ultrasonica\/","og_site_name":"Clinicas IMEBA\u00ae","article_publisher":"https:\/\/www.facebook.com\/clinicasimebamallorca","article_modified_time":"2024-02-27T17:59:56+00:00","og_image":[{"width":1573,"height":1271,"url":"http:\/\/imeba.clinic\/wp-content\/uploads\/2023\/01\/ultrasonic-rhinoplasty.jpg","type":"image\/jpeg"}],"twitter_card":"summary_large_image","twitter_site":"@IMEBAInfo","twitter_misc":{"Est. reading time":"2 minutes"},"schema":{"@context":"https:\/\/schema.org","@graph":[{"@type":"WebPage","@id":"https:\/\/imeba.clinic\/cirugia\/rinoplastia-ultrasonica\/","url":"https:\/\/imeba.clinic\/cirugia\/rinoplastia-ultrasonica\/","name":"Rinoplastia ultras\u00f3nica - Clinicas IMEBA\u00ae","isPartOf":{"@id":"https:\/\/imeba.clinic\/#website"},"primaryImageOfPage":{"@id":"https:\/\/imeba.clinic\/cirugia\/rinoplastia-ultrasonica\/#primaryimage"},"image":{"@id":"https:\/\/imeba.clinic\/cirugia\/rinoplastia-ultrasonica\/#primaryimage"},"thumbnailUrl":"https:\/\/imeba.clinic\/wp-content\/uploads\/2023\/01\/ultrasonic-rhinoplasty.jpg","datePublished":"2023-02-08T08:57:05+00:00","dateModified":"2024-02-27T17:59:56+00:00","breadcrumb":{"@id":"https:\/\/imeba.clinic\/cirugia\/rinoplastia-ultrasonica\/#breadcrumb"},"inLanguage":"en-US","potentialAction":[{"@type":"ReadAction","target":["https:\/\/imeba.clinic\/cirugia\/rinoplastia-ultrasonica\/"]}]},{"@type":"ImageObject","inLanguage":"en-US","@id":"https:\/\/imeba.clinic\/cirugia\/rinoplastia-ultrasonica\/#primaryimage","url":"https:\/\/imeba.clinic\/wp-content\/uploads\/2023\/01\/ultrasonic-rhinoplasty.jpg","contentUrl":"https:\/\/imeba.clinic\/wp-content\/uploads\/2023\/01\/ultrasonic-rhinoplasty.jpg","width":1573,"height":1271},{"@type":"BreadcrumbList","@id":"https:\/\/imeba.clinic\/cirugia\/rinoplastia-ultrasonica\/#breadcrumb","itemListElement":[{"@type":"ListItem","position":1,"name":"Portada","item":"https:\/\/imeba.clinic\/"},{"@type":"ListItem","position":2,"name":"Cirug\u00eda","item":"https:\/\/imeba.clinic\/cirugia\/"},{"@type":"ListItem","position":3,"name":"Rinoplastia ultras\u00f3nica"}]},{"@type":"WebSite","@id":"https:\/\/imeba.clinic\/#website","url":"https:\/\/imeba.clinic\/","name":"Clinicas IMEBA\u00ae","description":"Medicina estetica cirugia facial","publisher":{"@id":"https:\/\/imeba.clinic\/#organization"},"potentialAction":[{"@type":"SearchAction","target":{"@type":"EntryPoint","urlTemplate":"https:\/\/imeba.clinic\/?s={search_term_string}"},"query-input":{"@type":"PropertyValueSpecification","valueRequired":true,"valueName":"search_term_string"}}],"inLanguage":"en-US"},{"@type":"Organization","@id":"https:\/\/imeba.clinic\/#organization","name":"Clinicas IMEBA\u00ae","url":"https:\/\/imeba.clinic\/","logo":{"@type":"ImageObject","inLanguage":"en-US","@id":"https:\/\/imeba.clinic\/#\/schema\/logo\/image\/","url":"https:\/\/imeba.clinic\/wp-content\/uploads\/2023\/01\/cropped-11722351_740325796094007_2206264894896353109_o.jpg","contentUrl":"https:\/\/imeba.clinic\/wp-content\/uploads\/2023\/01\/cropped-11722351_740325796094007_2206264894896353109_o.jpg","width":1221,"height":349,"caption":"Clinicas IMEBA\u00ae"},"image":{"@id":"https:\/\/imeba.clinic\/#\/schema\/logo\/image\/"},"sameAs":["https:\/\/www.facebook.com\/clinicasimebamallorca","https:\/\/x.com\/IMEBAInfo","https:\/\/www.youtube.com\/@TorstenMarin"]}]}},"_links":{"self":[{"href":"https:\/\/imeba.clinic\/en\/wp-json\/wp\/v2\/pages\/2477","targetHints":{"allow":["GET"]}}],"collection":[{"href":"https:\/\/imeba.clinic\/en\/wp-json\/wp\/v2\/pages"}],"about":[{"href":"https:\/\/imeba.clinic\/en\/wp-json\/wp\/v2\/types\/page"}],"author":[{"embeddable":true,"href":"https:\/\/imeba.clinic\/en\/wp-json\/wp\/v2\/users\/2"}],"replies":[{"embeddable":true,"href":"https:\/\/imeba.clinic\/en\/wp-json\/wp\/v2\/comments?post=2477"}],"version-history":[{"count":0,"href":"https:\/\/imeba.clinic\/en\/wp-json\/wp\/v2\/pages\/2477\/revisions"}],"up":[{"embeddable":true,"href":"https:\/\/imeba.clinic\/en\/wp-json\/wp\/v2\/pages\/1442"}],"wp:featuredmedia":[{"embeddable":true,"href":"https:\/\/imeba.clinic\/en\/wp-json\/wp\/v2\/media\/861"}],"wp:attachment":[{"href":"https:\/\/imeba.clinic\/en\/wp-json\/wp\/v2\/media?parent=2477"}],"curies":[{"name":"wp","href":"https:\/\/api.w.org\/{rel}","templated":true}]}}