
{"id":2418,"date":"2023-02-03T15:06:42","date_gmt":"2023-02-03T15:06:42","guid":{"rendered":"https:\/\/imeba.clinic\/?page_id=2418"},"modified":"2023-06-13T11:55:57","modified_gmt":"2023-06-13T10:55:57","slug":"hiperhidrosis-sudoracion-excesiva","status":"publish","type":"page","link":"https:\/\/imeba.clinic\/en\/corporal\/hiperhidrosis-sudoracion-excesiva\/","title":{"rendered":"Hiperhidrosis \/ Sudoraci\u00f3n excesiva"},"content":{"rendered":"<div data-elementor-type=\"wp-page\" data-elementor-id=\"2418\" class=\"elementor elementor-2418\" data-elementor-post-type=\"page\">\n\t\t\t\t\t\t<section class=\"elementor-section elementor-top-section elementor-element elementor-element-af5f204 elementor-section-height-min-height elementor-section-boxed elementor-section-height-default elementor-section-items-middle\" data-id=\"af5f204\" data-element_type=\"section\" data-settings=\"{&quot;background_background&quot;:&quot;classic&quot;,&quot;background_motion_fx_motion_fx_scrolling&quot;:&quot;yes&quot;,&quot;background_motion_fx_translateY_effect&quot;:&quot;yes&quot;,&quot;jet_parallax_layout_list&quot;:[],&quot;background_motion_fx_translateY_speed&quot;:{&quot;unit&quot;:&quot;px&quot;,&quot;size&quot;:4,&quot;sizes&quot;:[]},&quot;background_motion_fx_translateY_affectedRange&quot;:{&quot;unit&quot;:&quot;%&quot;,&quot;size&quot;:&quot;&quot;,&quot;sizes&quot;:{&quot;start&quot;:0,&quot;end&quot;:100}},&quot;background_motion_fx_devices&quot;:[&quot;desktop&quot;,&quot;tablet&quot;,&quot;mobile&quot;]}\">\n\t\t\t\t\t\t\t<div class=\"elementor-background-overlay\"><\/div>\n\t\t\t\t\t\t\t<div class=\"elementor-container elementor-column-gap-default\">\n\t\t\t\t\t<div class=\"elementor-column elementor-col-100 elementor-top-column elementor-element elementor-element-971d0ba\" data-id=\"971d0ba\" data-element_type=\"column\">\n\t\t\t<div class=\"elementor-widget-wrap elementor-element-populated\">\n\t\t\t\t\t\t<div class=\"elementor-element elementor-element-d050f63 elementor-widget elementor-widget-heading\" data-id=\"d050f63\" data-element_type=\"widget\" data-widget_type=\"heading.default\">\n\t\t\t\t\t<h2 class=\"elementor-heading-title elementor-size-default\">Body<\/h2>\t\t\t\t<\/div>\n\t\t\t\t<div class=\"elementor-element elementor-element-6ad3acb elementor-widget elementor-widget-heading\" data-id=\"6ad3acb\" data-element_type=\"widget\" data-widget_type=\"heading.default\">\n\t\t\t\t\t<h2 class=\"elementor-heading-title elementor-size-default\">Hyperhidrosis<\/h2>\t\t\t\t<\/div>\n\t\t\t\t\t<\/div>\n\t\t<\/div>\n\t\t\t\t\t<\/div>\n\t\t<\/section>\n\t\t\t\t<section class=\"elementor-section elementor-top-section elementor-element elementor-element-ef25c85 elementor-section-boxed elementor-section-height-default elementor-section-height-default\" data-id=\"ef25c85\" data-element_type=\"section\" data-settings=\"{&quot;jet_parallax_layout_list&quot;:[]}\">\n\t\t\t\t\t\t<div class=\"elementor-container elementor-column-gap-default\">\n\t\t\t\t\t<div class=\"elementor-column elementor-col-50 elementor-top-column elementor-element elementor-element-9ed7922\" data-id=\"9ed7922\" data-element_type=\"column\">\n\t\t\t<div class=\"elementor-widget-wrap elementor-element-populated\">\n\t\t\t\t\t\t<div class=\"elementor-element elementor-element-9fbf5a0 elementor-widget elementor-widget-image\" data-id=\"9fbf5a0\" data-element_type=\"widget\" data-widget_type=\"image.default\">\n\t\t\t\t\t\t\t\t\t\t\t\t\t\t\t<img fetchpriority=\"high\" decoding=\"async\" width=\"800\" height=\"600\" src=\"https:\/\/imeba.clinic\/wp-content\/uploads\/2023\/02\/f.elconfidencial.com_original_6e4_a98_574_6e4a98574982b86b520bf09ea99f7f5f-1024x768.jpg\" class=\"attachment-large size-large wp-image-2423\" alt=\"\" srcset=\"https:\/\/imeba.clinic\/wp-content\/uploads\/2023\/02\/f.elconfidencial.com_original_6e4_a98_574_6e4a98574982b86b520bf09ea99f7f5f-1024x768.jpg 1024w, https:\/\/imeba.clinic\/wp-content\/uploads\/2023\/02\/f.elconfidencial.com_original_6e4_a98_574_6e4a98574982b86b520bf09ea99f7f5f-300x225.jpg 300w, https:\/\/imeba.clinic\/wp-content\/uploads\/2023\/02\/f.elconfidencial.com_original_6e4_a98_574_6e4a98574982b86b520bf09ea99f7f5f-768x576.jpg 768w, https:\/\/imeba.clinic\/wp-content\/uploads\/2023\/02\/f.elconfidencial.com_original_6e4_a98_574_6e4a98574982b86b520bf09ea99f7f5f-16x12.jpg 16w, https:\/\/imeba.clinic\/wp-content\/uploads\/2023\/02\/f.elconfidencial.com_original_6e4_a98_574_6e4a98574982b86b520bf09ea99f7f5f.jpg 1200w\" sizes=\"(max-width: 800px) 100vw, 800px\" \/>\t\t\t\t\t\t\t\t\t\t\t\t\t\t\t<\/div>\n\t\t\t\t<div class=\"elementor-element elementor-element-692c323 elementor-widget elementor-widget-heading\" data-id=\"692c323\" data-element_type=\"widget\" data-widget_type=\"heading.default\">\n\t\t\t\t\t<h2 class=\"elementor-heading-title elementor-size-default\">What is hyperhidrosis or excess sweating?<\/h2>\t\t\t\t<\/div>\n\t\t\t\t<div class=\"elementor-element elementor-element-68110d3 elementor-widget elementor-widget-text-editor\" data-id=\"68110d3\" data-element_type=\"widget\" data-widget_type=\"text-editor.default\">\n\t\t\t\t\t\t\t\t\t<p>Hyperhidrosis is excessive sweating that is usually located in the armpits, palms of the hands and soles of the feet. It can sometimes occur in other areas of the body such as the head and face.<\/p><p>Hypersweating treatment is the only non-surgical solution to temporarily eliminate overactive sweat glands that significantly reduces sweating in the treated area, such as the armpits.<\/p><p>It is a well-tolerated, safe and highly effective treatment that improves the patient's quality of life.<\/p>\t\t\t\t\t\t\t\t<\/div>\n\t\t\t\t<div class=\"elementor-element elementor-element-12edbde elementor-widget elementor-widget-heading\" data-id=\"12edbde\" data-element_type=\"widget\" data-widget_type=\"heading.default\">\n\t\t\t\t\t<h2 class=\"elementor-heading-title elementor-size-default\">Treatment of hyperhidrosis<\/h2>\t\t\t\t<\/div>\n\t\t\t\t<div class=\"elementor-element elementor-element-02f6704 elementor-widget elementor-widget-text-editor\" data-id=\"02f6704\" data-element_type=\"widget\" data-widget_type=\"text-editor.default\">\n\t\t\t\t\t\t\t\t\t<p>After taking a thorough medical history to determine whether or not treatment for hyperhidrosis is indicated, a test is performed to delimit the area of sweating.<\/p><p>Microinjections are then administered into the defined area using very fine needles.<\/p><p>The patient can immediately return to normal life.<\/p>\t\t\t\t\t\t\t\t<\/div>\n\t\t\t\t<div class=\"elementor-element elementor-element-0558376 elementor-widget elementor-widget-heading\" data-id=\"0558376\" data-element_type=\"widget\" data-widget_type=\"heading.default\">\n\t\t\t\t\t<h2 class=\"elementor-heading-title elementor-size-default\">Results\n\n<\/h2>\t\t\t\t<\/div>\n\t\t\t\t<div class=\"elementor-element elementor-element-dc2107b elementor-widget elementor-widget-text-editor\" data-id=\"dc2107b\" data-element_type=\"widget\" data-widget_type=\"text-editor.default\">\n\t\t\t\t\t\t\t\t\t<p>It has been scientifically proven that about 90% of patients sweat much less or not at all after a single session.<\/p><p>The decrease in sweating begins to be noticed after two or three days in a progressive manner and can last between four months and a year, depending on the particular characteristics of each case.<\/p><p>In the case of axillary hypersweating, the average duration of effects is about seven months.<\/p>\t\t\t\t\t\t\t\t<\/div>\n\t\t\t\t<div class=\"elementor-element elementor-element-d4c4d2b elementor-widget elementor-widget-heading\" data-id=\"d4c4d2b\" data-element_type=\"widget\" data-widget_type=\"heading.default\">\n\t\t\t\t\t<h2 class=\"elementor-heading-title elementor-size-default\">Frequently Asked Questions\n\n\n<\/h2>\t\t\t\t<\/div>\n\t\t\t\t<div class=\"elementor-element elementor-element-7698bf6 advance-lists elementor-widget elementor-widget-text-editor\" data-id=\"7698bf6\" data-element_type=\"widget\" data-widget_type=\"text-editor.default\">\n\t\t\t\t\t\t\t\t\t<ul><li><strong>Does it require anaesthesia?<\/strong><\/li><\/ul><p>It's a treatment that doesn't require anaesthesia. The needles used are very fine and the treatment is virtually painless.<\/p><ul><li><strong>How many sessions do you usually do?<\/strong><\/li><\/ul><p class=\"translation-block\">In most cases, patients usually have this treatment once a year, when the heat starts (from May onwards) and the effect lasts until November, to be repeated again when the heat returns.<br>For more severe cases, the treatment can be repeated up to three times a year.<\/p><ul><li><strong>How long do I need to stay at the clinic for this treatment?<\/strong><\/li><\/ul><p>In the case of excess sweating, the treatment is very simple, quick, practically painless and is carried out in a single session of about 30 minutes.<\/p><ul><li><strong>Is it possible to enter working and social life immediately?<\/strong><\/li><\/ul><p>The injections are virtually painless, so the patient can return to normal activities immediately after the procedure.<\/p><ul><li><strong>Do I have to take any precautions afterwards?<\/strong><\/li><\/ul><p>It's recommended not to do intense physical exercise and not to use saunas or hot baths for two hours after the treatment.<\/p><ul><li><strong>Will I have any side effects?<\/strong><\/li><\/ul><p>There is a small risk of mild flu-like symptoms that usually disappear within a few days. You may also experience mild pain at the injection sites.<\/p><ul><li><strong>How long do the effects last?<\/strong><\/li><\/ul><p>The average duration of effects in excess sweating is about seven months, but can last up to a year, depending on the particular characteristics of each case.<\/p><ul><li><strong>What other treatments can it be combined with?<\/strong><\/li><\/ul><p>With any treatment.<\/p>\t\t\t\t\t\t\t\t<\/div>\n\t\t\t\t\t<\/div>\n\t\t<\/div>\n\t\t\t\t<div class=\"elementor-column elementor-col-50 elementor-top-column elementor-element elementor-element-f3b6ff6\" data-id=\"f3b6ff6\" data-element_type=\"column\">\n\t\t\t<div class=\"elementor-widget-wrap elementor-element-populated\">\n\t\t\t\t\t\t<section class=\"elementor-section elementor-inner-section elementor-element elementor-element-0ffd3b2 elementor-section-boxed elementor-section-height-default elementor-section-height-default\" data-id=\"0ffd3b2\" data-element_type=\"section\" data-settings=\"{&quot;background_background&quot;:&quot;classic&quot;,&quot;sticky&quot;:&quot;top&quot;,&quot;sticky_offset&quot;:120,&quot;sticky_parent&quot;:&quot;yes&quot;,&quot;jet_parallax_layout_list&quot;:[],&quot;sticky_on&quot;:[&quot;desktop&quot;,&quot;tablet&quot;,&quot;mobile&quot;],&quot;sticky_effects_offset&quot;:0,&quot;sticky_anchor_link_offset&quot;:0}\">\n\t\t\t\t\t\t<div class=\"elementor-container elementor-column-gap-default\">\n\t\t\t\t\t<div class=\"elementor-column elementor-col-100 elementor-inner-column elementor-element elementor-element-b6e161a\" data-id=\"b6e161a\" data-element_type=\"column\">\n\t\t\t<div class=\"elementor-widget-wrap elementor-element-populated\">\n\t\t\t\t\t\t<div class=\"elementor-element elementor-element-d8676c6 elementor-widget elementor-widget-heading\" data-id=\"d8676c6\" data-element_type=\"widget\" data-widget_type=\"heading.default\">\n\t\t\t\t\t<h2 class=\"elementor-heading-title elementor-size-default\">Price<\/h2>\t\t\t\t<\/div>\n\t\t\t\t<div class=\"elementor-element elementor-element-a53e41d Price elementor-widget elementor-widget-heading\" data-id=\"a53e41d\" data-element_type=\"widget\" data-widget_type=\"heading.default\">\n\t\t\t\t\t<h2 class=\"elementor-heading-title elementor-size-default\">495\u20ac<\/h2>\t\t\t\t<\/div>\n\t\t\t\t<div class=\"elementor-element elementor-element-9a8e899 elementor-widget elementor-widget-text-editor\" data-id=\"9a8e899\" data-element_type=\"widget\" data-widget_type=\"text-editor.default\">\n\t\t\t\t\t\t\t\t\t<p>Armpits, hands or feet<\/p>\t\t\t\t\t\t\t\t<\/div>\n\t\t\t\t<div class=\"elementor-element elementor-element-c244c23 elementor-widget elementor-widget-text-editor\" data-id=\"c244c23\" data-element_type=\"widget\" data-widget_type=\"text-editor.default\">\n\t\t\t\t\t\t\t\t\t<p>You may also message us through WhatsApp.<\/p>\t\t\t\t\t\t\t\t<\/div>\n\t\t\t\t<div class=\"elementor-element elementor-element-f0b0c8e elementor-widget__width-inherit elementor-mobile-align-justify elementor-widget-mobile__width-inherit elementor-tablet-align-justify elementor-widget-tablet__width-inherit elementor-align-justify elementor-widget elementor-widget-button\" data-id=\"f0b0c8e\" data-element_type=\"widget\" data-widget_type=\"button.default\">\n\t\t\t\t\t\t\t\t\t\t<a class=\"elementor-button elementor-button-link elementor-size-sm\" href=\"https:\/\/api.whatsapp.com\/send?phone=34653620509&#038;text=Hola%20Cl%C3%ADnicas%20IMEBA,%20ponte%20en%20contacto%20conmigo.%20(Hiperhidrosis)%20Muchas%20gracias.%20\">\n\t\t\t\t\t\t<span class=\"elementor-button-content-wrapper\">\n\t\t\t\t\t\t\t\t\t<span class=\"elementor-button-text\">BOOK NOW<\/span>\n\t\t\t\t\t<\/span>\n\t\t\t\t\t<\/a>\n\t\t\t\t\t\t\t\t<\/div>\n\t\t\t\t\t<\/div>\n\t\t<\/div>\n\t\t\t\t\t<\/div>\n\t\t<\/section>\n\t\t\t\t\t<\/div>\n\t\t<\/div>\n\t\t\t\t\t<\/div>\n\t\t<\/section>\n\t\t\t\t<\/div>","protected":false},"excerpt":{"rendered":"<p>Corporal Hiperhidrosis \u00bfQu\u00e9 es la hiperhidrosis o hipersudoraci\u00f3n? La hiperhidrosis es un exceso de sudoraci\u00f3n que se localiza generalmente en axilas, palmas de las manos y plantas de los pies. A veces puede darse en otras zonas del cuerpo como la cabeza y el rostro. El tratamiento contra la hipersudoraci\u00f3n es la \u00fanica soluci\u00f3n no [&hellip;]<\/p>","protected":false},"author":2,"featured_media":684,"parent":920,"menu_order":2,"comment_status":"closed","ping_status":"closed","template":"elementor_header_footer","meta":{"footnotes":""},"class_list":["post-2418","page","type-page","status-publish","has-post-thumbnail","hentry"],"yoast_head":"<!-- This site is optimized with the Yoast SEO plugin v25.8 - https:\/\/yoast.com\/wordpress\/plugins\/seo\/ -->\n<title>Hiperhidrosis \/ Sudoraci\u00f3n excesiva - Clinicas IMEBA\u00ae<\/title>\n<meta name=\"robots\" content=\"index, follow, max-snippet:-1, max-image-preview:large, max-video-preview:-1\" \/>\n<link rel=\"canonical\" href=\"https:\/\/imeba.clinic\/en\/corporal\/hiperhidrosis-sudoracion-excesiva\/\" \/>\n<meta property=\"og:locale\" content=\"en_US\" \/>\n<meta property=\"og:type\" content=\"article\" \/>\n<meta property=\"og:title\" content=\"Hiperhidrosis \/ Sudoraci\u00f3n excesiva - Clinicas IMEBA\u00ae\" \/>\n<meta property=\"og:description\" content=\"Corporal Hiperhidrosis \u00bfQu\u00e9 es la hiperhidrosis o hipersudoraci\u00f3n? La hiperhidrosis es un exceso de sudoraci\u00f3n que se localiza generalmente en axilas, palmas de las manos y plantas de los pies. A veces puede darse en otras zonas del cuerpo como la cabeza y el rostro. El tratamiento contra la hipersudoraci\u00f3n es la \u00fanica soluci\u00f3n no [&hellip;]\" \/>\n<meta property=\"og:url\" content=\"https:\/\/imeba.clinic\/en\/corporal\/hiperhidrosis-sudoracion-excesiva\/\" \/>\n<meta property=\"og:site_name\" content=\"Clinicas IMEBA\u00ae\" \/>\n<meta property=\"article:publisher\" content=\"https:\/\/www.facebook.com\/clinicasimebamallorca\" \/>\n<meta property=\"article:modified_time\" content=\"2023-06-13T10:55:57+00:00\" \/>\n<meta property=\"og:image\" content=\"http:\/\/imeba.clinic\/wp-content\/uploads\/2023\/01\/Liposonix-scaled.jpg\" \/>\n\t<meta property=\"og:image:width\" content=\"2560\" \/>\n\t<meta property=\"og:image:height\" content=\"1707\" \/>\n\t<meta property=\"og:image:type\" content=\"image\/jpeg\" \/>\n<meta name=\"twitter:card\" content=\"summary_large_image\" \/>\n<meta name=\"twitter:site\" content=\"@IMEBAInfo\" \/>\n<meta name=\"twitter:label1\" content=\"Est. reading time\" \/>\n\t<meta name=\"twitter:data1\" content=\"3 minutes\" \/>\n<script type=\"application\/ld+json\" class=\"yoast-schema-graph\">{\"@context\":\"https:\/\/schema.org\",\"@graph\":[{\"@type\":\"WebPage\",\"@id\":\"https:\/\/imeba.clinic\/corporal\/hiperhidrosis-sudoracion-excesiva\/\",\"url\":\"https:\/\/imeba.clinic\/corporal\/hiperhidrosis-sudoracion-excesiva\/\",\"name\":\"Hiperhidrosis \/ Sudoraci\u00f3n excesiva - Clinicas IMEBA\u00ae\",\"isPartOf\":{\"@id\":\"https:\/\/imeba.clinic\/#website\"},\"primaryImageOfPage\":{\"@id\":\"https:\/\/imeba.clinic\/corporal\/hiperhidrosis-sudoracion-excesiva\/#primaryimage\"},\"image\":{\"@id\":\"https:\/\/imeba.clinic\/corporal\/hiperhidrosis-sudoracion-excesiva\/#primaryimage\"},\"thumbnailUrl\":\"https:\/\/imeba.clinic\/wp-content\/uploads\/2023\/01\/Liposonix-scaled.jpg\",\"datePublished\":\"2023-02-03T15:06:42+00:00\",\"dateModified\":\"2023-06-13T10:55:57+00:00\",\"breadcrumb\":{\"@id\":\"https:\/\/imeba.clinic\/corporal\/hiperhidrosis-sudoracion-excesiva\/#breadcrumb\"},\"inLanguage\":\"en-US\",\"potentialAction\":[{\"@type\":\"ReadAction\",\"target\":[\"https:\/\/imeba.clinic\/corporal\/hiperhidrosis-sudoracion-excesiva\/\"]}]},{\"@type\":\"ImageObject\",\"inLanguage\":\"en-US\",\"@id\":\"https:\/\/imeba.clinic\/corporal\/hiperhidrosis-sudoracion-excesiva\/#primaryimage\",\"url\":\"https:\/\/imeba.clinic\/wp-content\/uploads\/2023\/01\/Liposonix-scaled.jpg\",\"contentUrl\":\"https:\/\/imeba.clinic\/wp-content\/uploads\/2023\/01\/Liposonix-scaled.jpg\",\"width\":2560,\"height\":1707},{\"@type\":\"BreadcrumbList\",\"@id\":\"https:\/\/imeba.clinic\/corporal\/hiperhidrosis-sudoracion-excesiva\/#breadcrumb\",\"itemListElement\":[{\"@type\":\"ListItem\",\"position\":1,\"name\":\"Portada\",\"item\":\"https:\/\/imeba.clinic\/\"},{\"@type\":\"ListItem\",\"position\":2,\"name\":\"Corporal\",\"item\":\"https:\/\/imeba.clinic\/corporal\/\"},{\"@type\":\"ListItem\",\"position\":3,\"name\":\"Hiperhidrosis \/ Sudoraci\u00f3n excesiva\"}]},{\"@type\":\"WebSite\",\"@id\":\"https:\/\/imeba.clinic\/#website\",\"url\":\"https:\/\/imeba.clinic\/\",\"name\":\"Clinicas IMEBA\u00ae\",\"description\":\"Medicina estetica cirugia facial\",\"publisher\":{\"@id\":\"https:\/\/imeba.clinic\/#organization\"},\"potentialAction\":[{\"@type\":\"SearchAction\",\"target\":{\"@type\":\"EntryPoint\",\"urlTemplate\":\"https:\/\/imeba.clinic\/?s={search_term_string}\"},\"query-input\":{\"@type\":\"PropertyValueSpecification\",\"valueRequired\":true,\"valueName\":\"search_term_string\"}}],\"inLanguage\":\"en-US\"},{\"@type\":\"Organization\",\"@id\":\"https:\/\/imeba.clinic\/#organization\",\"name\":\"Clinicas IMEBA\u00ae\",\"url\":\"https:\/\/imeba.clinic\/\",\"logo\":{\"@type\":\"ImageObject\",\"inLanguage\":\"en-US\",\"@id\":\"https:\/\/imeba.clinic\/#\/schema\/logo\/image\/\",\"url\":\"https:\/\/imeba.clinic\/wp-content\/uploads\/2023\/01\/cropped-11722351_740325796094007_2206264894896353109_o.jpg\",\"contentUrl\":\"https:\/\/imeba.clinic\/wp-content\/uploads\/2023\/01\/cropped-11722351_740325796094007_2206264894896353109_o.jpg\",\"width\":1221,\"height\":349,\"caption\":\"Clinicas IMEBA\u00ae\"},\"image\":{\"@id\":\"https:\/\/imeba.clinic\/#\/schema\/logo\/image\/\"},\"sameAs\":[\"https:\/\/www.facebook.com\/clinicasimebamallorca\",\"https:\/\/x.com\/IMEBAInfo\",\"https:\/\/www.youtube.com\/@TorstenMarin\"]}]}<\/script>\n<!-- \/ Yoast SEO plugin. -->","yoast_head_json":{"title":"Hiperhidrosis \/ Sudoraci\u00f3n excesiva - Clinicas IMEBA\u00ae","robots":{"index":"index","follow":"follow","max-snippet":"max-snippet:-1","max-image-preview":"max-image-preview:large","max-video-preview":"max-video-preview:-1"},"canonical":"https:\/\/imeba.clinic\/en\/corporal\/hiperhidrosis-sudoracion-excesiva\/","og_locale":"en_US","og_type":"article","og_title":"Hiperhidrosis \/ Sudoraci\u00f3n excesiva - Clinicas IMEBA\u00ae","og_description":"Corporal Hiperhidrosis \u00bfQu\u00e9 es la hiperhidrosis o hipersudoraci\u00f3n? La hiperhidrosis es un exceso de sudoraci\u00f3n que se localiza generalmente en axilas, palmas de las manos y plantas de los pies. A veces puede darse en otras zonas del cuerpo como la cabeza y el rostro. El tratamiento contra la hipersudoraci\u00f3n es la \u00fanica soluci\u00f3n no [&hellip;]","og_url":"https:\/\/imeba.clinic\/en\/corporal\/hiperhidrosis-sudoracion-excesiva\/","og_site_name":"Clinicas IMEBA\u00ae","article_publisher":"https:\/\/www.facebook.com\/clinicasimebamallorca","article_modified_time":"2023-06-13T10:55:57+00:00","og_image":[{"width":2560,"height":1707,"url":"http:\/\/imeba.clinic\/wp-content\/uploads\/2023\/01\/Liposonix-scaled.jpg","type":"image\/jpeg"}],"twitter_card":"summary_large_image","twitter_site":"@IMEBAInfo","twitter_misc":{"Est. reading time":"3 minutes"},"schema":{"@context":"https:\/\/schema.org","@graph":[{"@type":"WebPage","@id":"https:\/\/imeba.clinic\/corporal\/hiperhidrosis-sudoracion-excesiva\/","url":"https:\/\/imeba.clinic\/corporal\/hiperhidrosis-sudoracion-excesiva\/","name":"Hiperhidrosis \/ Sudoraci\u00f3n excesiva - Clinicas IMEBA\u00ae","isPartOf":{"@id":"https:\/\/imeba.clinic\/#website"},"primaryImageOfPage":{"@id":"https:\/\/imeba.clinic\/corporal\/hiperhidrosis-sudoracion-excesiva\/#primaryimage"},"image":{"@id":"https:\/\/imeba.clinic\/corporal\/hiperhidrosis-sudoracion-excesiva\/#primaryimage"},"thumbnailUrl":"https:\/\/imeba.clinic\/wp-content\/uploads\/2023\/01\/Liposonix-scaled.jpg","datePublished":"2023-02-03T15:06:42+00:00","dateModified":"2023-06-13T10:55:57+00:00","breadcrumb":{"@id":"https:\/\/imeba.clinic\/corporal\/hiperhidrosis-sudoracion-excesiva\/#breadcrumb"},"inLanguage":"en-US","potentialAction":[{"@type":"ReadAction","target":["https:\/\/imeba.clinic\/corporal\/hiperhidrosis-sudoracion-excesiva\/"]}]},{"@type":"ImageObject","inLanguage":"en-US","@id":"https:\/\/imeba.clinic\/corporal\/hiperhidrosis-sudoracion-excesiva\/#primaryimage","url":"https:\/\/imeba.clinic\/wp-content\/uploads\/2023\/01\/Liposonix-scaled.jpg","contentUrl":"https:\/\/imeba.clinic\/wp-content\/uploads\/2023\/01\/Liposonix-scaled.jpg","width":2560,"height":1707},{"@type":"BreadcrumbList","@id":"https:\/\/imeba.clinic\/corporal\/hiperhidrosis-sudoracion-excesiva\/#breadcrumb","itemListElement":[{"@type":"ListItem","position":1,"name":"Portada","item":"https:\/\/imeba.clinic\/"},{"@type":"ListItem","position":2,"name":"Corporal","item":"https:\/\/imeba.clinic\/corporal\/"},{"@type":"ListItem","position":3,"name":"Hiperhidrosis \/ Sudoraci\u00f3n excesiva"}]},{"@type":"WebSite","@id":"https:\/\/imeba.clinic\/#website","url":"https:\/\/imeba.clinic\/","name":"Clinicas IMEBA\u00ae","description":"Medicina estetica cirugia facial","publisher":{"@id":"https:\/\/imeba.clinic\/#organization"},"potentialAction":[{"@type":"SearchAction","target":{"@type":"EntryPoint","urlTemplate":"https:\/\/imeba.clinic\/?s={search_term_string}"},"query-input":{"@type":"PropertyValueSpecification","valueRequired":true,"valueName":"search_term_string"}}],"inLanguage":"en-US"},{"@type":"Organization","@id":"https:\/\/imeba.clinic\/#organization","name":"Clinicas IMEBA\u00ae","url":"https:\/\/imeba.clinic\/","logo":{"@type":"ImageObject","inLanguage":"en-US","@id":"https:\/\/imeba.clinic\/#\/schema\/logo\/image\/","url":"https:\/\/imeba.clinic\/wp-content\/uploads\/2023\/01\/cropped-11722351_740325796094007_2206264894896353109_o.jpg","contentUrl":"https:\/\/imeba.clinic\/wp-content\/uploads\/2023\/01\/cropped-11722351_740325796094007_2206264894896353109_o.jpg","width":1221,"height":349,"caption":"Clinicas IMEBA\u00ae"},"image":{"@id":"https:\/\/imeba.clinic\/#\/schema\/logo\/image\/"},"sameAs":["https:\/\/www.facebook.com\/clinicasimebamallorca","https:\/\/x.com\/IMEBAInfo","https:\/\/www.youtube.com\/@TorstenMarin"]}]}},"_links":{"self":[{"href":"https:\/\/imeba.clinic\/en\/wp-json\/wp\/v2\/pages\/2418","targetHints":{"allow":["GET"]}}],"collection":[{"href":"https:\/\/imeba.clinic\/en\/wp-json\/wp\/v2\/pages"}],"about":[{"href":"https:\/\/imeba.clinic\/en\/wp-json\/wp\/v2\/types\/page"}],"author":[{"embeddable":true,"href":"https:\/\/imeba.clinic\/en\/wp-json\/wp\/v2\/users\/2"}],"replies":[{"embeddable":true,"href":"https:\/\/imeba.clinic\/en\/wp-json\/wp\/v2\/comments?post=2418"}],"version-history":[{"count":0,"href":"https:\/\/imeba.clinic\/en\/wp-json\/wp\/v2\/pages\/2418\/revisions"}],"up":[{"embeddable":true,"href":"https:\/\/imeba.clinic\/en\/wp-json\/wp\/v2\/pages\/920"}],"wp:featuredmedia":[{"embeddable":true,"href":"https:\/\/imeba.clinic\/en\/wp-json\/wp\/v2\/media\/684"}],"wp:attachment":[{"href":"https:\/\/imeba.clinic\/en\/wp-json\/wp\/v2\/media?parent=2418"}],"curies":[{"name":"wp","href":"https:\/\/api.w.org\/{rel}","templated":true}]}}