
{"id":2100,"date":"2023-01-30T16:50:39","date_gmt":"2023-01-30T16:50:39","guid":{"rendered":"https:\/\/imeba.clinic\/?page_id=2100"},"modified":"2023-03-15T09:24:27","modified_gmt":"2023-03-15T08:24:27","slug":"manchas","status":"publish","type":"page","link":"https:\/\/imeba.clinic\/en\/facial\/manchas\/","title":{"rendered":"Skin spots"},"content":{"rendered":"<div data-elementor-type=\"wp-page\" data-elementor-id=\"2100\" class=\"elementor elementor-2100\" data-elementor-post-type=\"page\">\n\t\t\t\t\t\t<section class=\"elementor-section elementor-top-section elementor-element elementor-element-14f7ea6 elementor-section-height-min-height elementor-section-boxed elementor-section-height-default elementor-section-items-middle\" data-id=\"14f7ea6\" data-element_type=\"section\" data-settings=\"{&quot;background_background&quot;:&quot;classic&quot;,&quot;background_motion_fx_motion_fx_scrolling&quot;:&quot;yes&quot;,&quot;background_motion_fx_translateY_effect&quot;:&quot;yes&quot;,&quot;jet_parallax_layout_list&quot;:[],&quot;background_motion_fx_translateY_speed&quot;:{&quot;unit&quot;:&quot;px&quot;,&quot;size&quot;:4,&quot;sizes&quot;:[]},&quot;background_motion_fx_translateY_affectedRange&quot;:{&quot;unit&quot;:&quot;%&quot;,&quot;size&quot;:&quot;&quot;,&quot;sizes&quot;:{&quot;start&quot;:0,&quot;end&quot;:100}},&quot;background_motion_fx_devices&quot;:[&quot;desktop&quot;,&quot;tablet&quot;,&quot;mobile&quot;]}\">\n\t\t\t\t\t\t\t<div class=\"elementor-background-overlay\"><\/div>\n\t\t\t\t\t\t\t<div class=\"elementor-container elementor-column-gap-default\">\n\t\t\t\t\t<div class=\"elementor-column elementor-col-100 elementor-top-column elementor-element elementor-element-8578ffc\" data-id=\"8578ffc\" data-element_type=\"column\">\n\t\t\t<div class=\"elementor-widget-wrap elementor-element-populated\">\n\t\t\t\t\t\t<div class=\"elementor-element elementor-element-92078a0 elementor-widget elementor-widget-heading\" data-id=\"92078a0\" data-element_type=\"widget\" data-widget_type=\"heading.default\">\n\t\t\t\t\t<h5 class=\"elementor-heading-title elementor-size-default\">Face<\/h5>\t\t\t\t<\/div>\n\t\t\t\t\t<\/div>\n\t\t<\/div>\n\t\t\t\t\t<\/div>\n\t\t<\/section>\n\t\t\t\t<section class=\"elementor-section elementor-top-section elementor-element elementor-element-6a854a6 elementor-section-boxed elementor-section-height-default elementor-section-height-default\" data-id=\"6a854a6\" data-element_type=\"section\" data-settings=\"{&quot;jet_parallax_layout_list&quot;:[]}\">\n\t\t\t\t\t\t<div class=\"elementor-container elementor-column-gap-default\">\n\t\t\t\t\t<div class=\"elementor-column elementor-col-50 elementor-top-column elementor-element elementor-element-422799f\" data-id=\"422799f\" data-element_type=\"column\">\n\t\t\t<div class=\"elementor-widget-wrap elementor-element-populated\">\n\t\t\t\t\t\t<div class=\"elementor-element elementor-element-82fbfd5 elementor-widget elementor-widget-image\" data-id=\"82fbfd5\" data-element_type=\"widget\" data-widget_type=\"image.default\">\n\t\t\t\t\t\t\t\t\t\t\t\t\t\t\t<img fetchpriority=\"high\" decoding=\"async\" width=\"800\" height=\"531\" src=\"https:\/\/imeba.clinic\/wp-content\/uploads\/2023\/01\/shutterstock_76581949.jpg.pagespeed.ce_.UMkrpSWRJI-1024x680-1.jpg\" class=\"attachment-large size-large wp-image-2105\" alt=\"\" srcset=\"https:\/\/imeba.clinic\/wp-content\/uploads\/2023\/01\/shutterstock_76581949.jpg.pagespeed.ce_.UMkrpSWRJI-1024x680-1.jpg 1024w, https:\/\/imeba.clinic\/wp-content\/uploads\/2023\/01\/shutterstock_76581949.jpg.pagespeed.ce_.UMkrpSWRJI-1024x680-1-300x199.jpg 300w, https:\/\/imeba.clinic\/wp-content\/uploads\/2023\/01\/shutterstock_76581949.jpg.pagespeed.ce_.UMkrpSWRJI-1024x680-1-768x510.jpg 768w, https:\/\/imeba.clinic\/wp-content\/uploads\/2023\/01\/shutterstock_76581949.jpg.pagespeed.ce_.UMkrpSWRJI-1024x680-1-18x12.jpg 18w\" sizes=\"(max-width: 800px) 100vw, 800px\" \/>\t\t\t\t\t\t\t\t\t\t\t\t\t\t\t<\/div>\n\t\t\t\t<div class=\"elementor-element elementor-element-0dbd1d9 elementor-widget elementor-widget-heading\" data-id=\"0dbd1d9\" data-element_type=\"widget\" data-widget_type=\"heading.default\">\n\t\t\t\t\t<h2 class=\"elementor-heading-title elementor-size-default\">Skin spots \u00b7 IPL \u00b7 Fractional CO2 Laser \u00b7 Picolaser\n<\/h2>\t\t\t\t<\/div>\n\t\t\t\t<div class=\"elementor-element elementor-element-17ade99 elementor-widget elementor-widget-text-editor\" data-id=\"17ade99\" data-element_type=\"widget\" data-widget_type=\"text-editor.default\">\n\t\t\t\t\t\t\t\t\t<p>Before starting the treatment, numbing cream is applied for the patient's comfort. After the laser session, the treated area reddens slightly and sometimes a thin crust may appear, which disappears on its own after a few days. The patient can return to normal activity after the treatment and can even apply make-up. After the session it is recommended to moisturise the treated area well and apply a high sun protection factor. Depending on the type of skin spot it may be necessary to carry out more sessions.<\/p>\t\t\t\t\t\t\t\t<\/div>\n\t\t\t\t<div class=\"elementor-element elementor-element-1aac492 elementor-widget elementor-widget-heading\" data-id=\"1aac492\" data-element_type=\"widget\" data-widget_type=\"heading.default\">\n\t\t\t\t\t<h2 class=\"elementor-heading-title elementor-size-default\">Removing skin spots\n<\/h2>\t\t\t\t<\/div>\n\t\t\t\t<div class=\"elementor-element elementor-element-9fbdb03 elementor-widget elementor-widget-text-editor\" data-id=\"9fbdb03\" data-element_type=\"widget\" data-widget_type=\"text-editor.default\">\n\t\t\t\t\t\t\t\t\t<p>The treatment with Picolaser, Fractional CO2 Laser or IPL Laser helps to remove existing spots, but cannot prevent the generation of future spots. If the patient is exposed to solar radiation again, their cells will be stimulated again, producing pigment and generating other spots different from the ones that have already been eliminated.<\/p>\t\t\t\t\t\t\t\t<\/div>\n\t\t\t\t\t<\/div>\n\t\t<\/div>\n\t\t\t\t<div class=\"elementor-column elementor-col-50 elementor-top-column elementor-element elementor-element-ac1a05d\" data-id=\"ac1a05d\" data-element_type=\"column\">\n\t\t\t<div class=\"elementor-widget-wrap elementor-element-populated\">\n\t\t\t\t\t\t<section class=\"elementor-section elementor-inner-section elementor-element elementor-element-0449f5b elementor-section-boxed elementor-section-height-default elementor-section-height-default\" data-id=\"0449f5b\" data-element_type=\"section\" data-settings=\"{&quot;background_background&quot;:&quot;classic&quot;,&quot;sticky&quot;:&quot;top&quot;,&quot;sticky_offset&quot;:120,&quot;sticky_parent&quot;:&quot;yes&quot;,&quot;jet_parallax_layout_list&quot;:[],&quot;sticky_on&quot;:[&quot;desktop&quot;,&quot;tablet&quot;,&quot;mobile&quot;],&quot;sticky_effects_offset&quot;:0,&quot;sticky_anchor_link_offset&quot;:0}\">\n\t\t\t\t\t\t<div class=\"elementor-container elementor-column-gap-default\">\n\t\t\t\t\t<div class=\"elementor-column elementor-col-100 elementor-inner-column elementor-element elementor-element-da8d40e\" data-id=\"da8d40e\" data-element_type=\"column\">\n\t\t\t<div class=\"elementor-widget-wrap elementor-element-populated\">\n\t\t\t\t\t\t<div class=\"elementor-element elementor-element-a2091af elementor-widget elementor-widget-heading\" data-id=\"a2091af\" data-element_type=\"widget\" data-widget_type=\"heading.default\">\n\t\t\t\t\t<h2 class=\"elementor-heading-title elementor-size-default\">Price starting at:<\/h2>\t\t\t\t<\/div>\n\t\t\t\t<div class=\"elementor-element elementor-element-120ebcd Price elementor-widget elementor-widget-heading\" data-id=\"120ebcd\" data-element_type=\"widget\" data-widget_type=\"heading.default\">\n\t\t\t\t\t<h2 class=\"elementor-heading-title elementor-size-default\">150\u20ac<span>\/ session<\/span><\/h2>\t\t\t\t<\/div>\n\t\t\t\t<div class=\"elementor-element elementor-element-3cec791 elementor-widget elementor-widget-text-editor\" data-id=\"3cec791\" data-element_type=\"widget\" data-widget_type=\"text-editor.default\">\n\t\t\t\t\t\t\t\t\t<p>Requires a free consultation.<\/p>\t\t\t\t\t\t\t\t<\/div>\n\t\t\t\t<div class=\"elementor-element elementor-element-8b1ceb3 elementor-widget elementor-widget-text-editor\" data-id=\"8b1ceb3\" data-element_type=\"widget\" data-widget_type=\"text-editor.default\">\n\t\t\t\t\t\t\t\t\t<p>You may also message us through WhatsApp.<\/p>\t\t\t\t\t\t\t\t<\/div>\n\t\t\t\t<div class=\"elementor-element elementor-element-03edf27 elementor-widget__width-inherit elementor-mobile-align-justify elementor-widget-mobile__width-inherit elementor-tablet-align-justify elementor-widget-tablet__width-inherit elementor-align-justify elementor-widget elementor-widget-button\" data-id=\"03edf27\" data-element_type=\"widget\" data-widget_type=\"button.default\">\n\t\t\t\t\t\t\t\t\t\t<a class=\"elementor-button elementor-button-link elementor-size-sm\" href=\"https:\/\/api.whatsapp.com\/send?phone=34653620509&#038;text=Hola%20Cl%C3%ADnicas%20IMEBA,%20ponte%20en%20contacto%20conmigo.%20(Manchas)%20Muchas%20gracias.%20\">\n\t\t\t\t\t\t<span class=\"elementor-button-content-wrapper\">\n\t\t\t\t\t\t\t\t\t<span class=\"elementor-button-text\">BOOK NOW<\/span>\n\t\t\t\t\t<\/span>\n\t\t\t\t\t<\/a>\n\t\t\t\t\t\t\t\t<\/div>\n\t\t\t\t\t<\/div>\n\t\t<\/div>\n\t\t\t\t\t<\/div>\n\t\t<\/section>\n\t\t\t\t\t<\/div>\n\t\t<\/div>\n\t\t\t\t\t<\/div>\n\t\t<\/section>\n\t\t\t\t<\/div>","protected":false},"excerpt":{"rendered":"<p>Facial Manchas \u00b7 IPL \u00b7 L\u00e1ser CO2 fraccionado \u00b7 Picol\u00e1ser Antes de iniciar el tratamiento se aplica crema anest\u00e9sica para mayor comfort del paciente. Tras la sesi\u00f3n con el l\u00e1ser la zona tratada se enrojece un poco y en algunas ocasiones puede aparecer una fina costra la cual desaparece por s\u00ed sola al cabo de [&hellip;]<\/p>","protected":false},"author":2,"featured_media":2105,"parent":1327,"menu_order":1,"comment_status":"closed","ping_status":"closed","template":"elementor_header_footer","meta":{"footnotes":""},"class_list":["post-2100","page","type-page","status-publish","has-post-thumbnail","hentry"],"yoast_head":"<!-- This site is optimized with the Yoast SEO plugin v25.8 - https:\/\/yoast.com\/wordpress\/plugins\/seo\/ -->\n<title>Manchas - Clinicas IMEBA\u00ae<\/title>\n<meta name=\"robots\" content=\"index, follow, max-snippet:-1, max-image-preview:large, max-video-preview:-1\" \/>\n<link rel=\"canonical\" href=\"https:\/\/imeba.clinic\/en\/facial\/manchas\/\" \/>\n<meta property=\"og:locale\" content=\"en_US\" \/>\n<meta property=\"og:type\" content=\"article\" \/>\n<meta property=\"og:title\" content=\"Manchas - Clinicas IMEBA\u00ae\" \/>\n<meta property=\"og:description\" content=\"Facial Manchas \u00b7 IPL \u00b7 L\u00e1ser CO2 fraccionado \u00b7 Picol\u00e1ser Antes de iniciar el tratamiento se aplica crema anest\u00e9sica para mayor comfort del paciente. Tras la sesi\u00f3n con el l\u00e1ser la zona tratada se enrojece un poco y en algunas ocasiones puede aparecer una fina costra la cual desaparece por s\u00ed sola al cabo de [&hellip;]\" \/>\n<meta property=\"og:url\" content=\"https:\/\/imeba.clinic\/en\/facial\/manchas\/\" \/>\n<meta property=\"og:site_name\" content=\"Clinicas IMEBA\u00ae\" \/>\n<meta property=\"article:publisher\" content=\"https:\/\/www.facebook.com\/clinicasimebamallorca\" \/>\n<meta property=\"article:modified_time\" content=\"2023-03-15T08:24:27+00:00\" \/>\n<meta property=\"og:image\" content=\"http:\/\/imeba.clinic\/wp-content\/uploads\/2023\/01\/shutterstock_76581949.jpg.pagespeed.ce_.UMkrpSWRJI-1024x680-1.jpg\" \/>\n\t<meta property=\"og:image:width\" content=\"1024\" \/>\n\t<meta property=\"og:image:height\" content=\"680\" \/>\n\t<meta property=\"og:image:type\" content=\"image\/jpeg\" \/>\n<meta name=\"twitter:card\" content=\"summary_large_image\" \/>\n<meta name=\"twitter:site\" content=\"@IMEBAInfo\" \/>\n<meta name=\"twitter:label1\" content=\"Est. reading time\" \/>\n\t<meta name=\"twitter:data1\" content=\"1 minute\" \/>\n<script type=\"application\/ld+json\" class=\"yoast-schema-graph\">{\"@context\":\"https:\/\/schema.org\",\"@graph\":[{\"@type\":\"WebPage\",\"@id\":\"https:\/\/imeba.clinic\/facial\/manchas\/\",\"url\":\"https:\/\/imeba.clinic\/facial\/manchas\/\",\"name\":\"Manchas - Clinicas IMEBA\u00ae\",\"isPartOf\":{\"@id\":\"https:\/\/imeba.clinic\/#website\"},\"primaryImageOfPage\":{\"@id\":\"https:\/\/imeba.clinic\/facial\/manchas\/#primaryimage\"},\"image\":{\"@id\":\"https:\/\/imeba.clinic\/facial\/manchas\/#primaryimage\"},\"thumbnailUrl\":\"https:\/\/imeba.clinic\/wp-content\/uploads\/2023\/01\/shutterstock_76581949.jpg.pagespeed.ce_.UMkrpSWRJI-1024x680-1.jpg\",\"datePublished\":\"2023-01-30T16:50:39+00:00\",\"dateModified\":\"2023-03-15T08:24:27+00:00\",\"breadcrumb\":{\"@id\":\"https:\/\/imeba.clinic\/facial\/manchas\/#breadcrumb\"},\"inLanguage\":\"en-US\",\"potentialAction\":[{\"@type\":\"ReadAction\",\"target\":[\"https:\/\/imeba.clinic\/facial\/manchas\/\"]}]},{\"@type\":\"ImageObject\",\"inLanguage\":\"en-US\",\"@id\":\"https:\/\/imeba.clinic\/facial\/manchas\/#primaryimage\",\"url\":\"https:\/\/imeba.clinic\/wp-content\/uploads\/2023\/01\/shutterstock_76581949.jpg.pagespeed.ce_.UMkrpSWRJI-1024x680-1.jpg\",\"contentUrl\":\"https:\/\/imeba.clinic\/wp-content\/uploads\/2023\/01\/shutterstock_76581949.jpg.pagespeed.ce_.UMkrpSWRJI-1024x680-1.jpg\",\"width\":1024,\"height\":680},{\"@type\":\"BreadcrumbList\",\"@id\":\"https:\/\/imeba.clinic\/facial\/manchas\/#breadcrumb\",\"itemListElement\":[{\"@type\":\"ListItem\",\"position\":1,\"name\":\"Portada\",\"item\":\"https:\/\/imeba.clinic\/\"},{\"@type\":\"ListItem\",\"position\":2,\"name\":\"Facial\",\"item\":\"https:\/\/imeba.clinic\/facial\/\"},{\"@type\":\"ListItem\",\"position\":3,\"name\":\"Manchas\"}]},{\"@type\":\"WebSite\",\"@id\":\"https:\/\/imeba.clinic\/#website\",\"url\":\"https:\/\/imeba.clinic\/\",\"name\":\"Clinicas IMEBA\u00ae\",\"description\":\"Medicina estetica cirugia facial\",\"publisher\":{\"@id\":\"https:\/\/imeba.clinic\/#organization\"},\"potentialAction\":[{\"@type\":\"SearchAction\",\"target\":{\"@type\":\"EntryPoint\",\"urlTemplate\":\"https:\/\/imeba.clinic\/?s={search_term_string}\"},\"query-input\":{\"@type\":\"PropertyValueSpecification\",\"valueRequired\":true,\"valueName\":\"search_term_string\"}}],\"inLanguage\":\"en-US\"},{\"@type\":\"Organization\",\"@id\":\"https:\/\/imeba.clinic\/#organization\",\"name\":\"Clinicas IMEBA\u00ae\",\"url\":\"https:\/\/imeba.clinic\/\",\"logo\":{\"@type\":\"ImageObject\",\"inLanguage\":\"en-US\",\"@id\":\"https:\/\/imeba.clinic\/#\/schema\/logo\/image\/\",\"url\":\"https:\/\/imeba.clinic\/wp-content\/uploads\/2023\/01\/cropped-11722351_740325796094007_2206264894896353109_o.jpg\",\"contentUrl\":\"https:\/\/imeba.clinic\/wp-content\/uploads\/2023\/01\/cropped-11722351_740325796094007_2206264894896353109_o.jpg\",\"width\":1221,\"height\":349,\"caption\":\"Clinicas IMEBA\u00ae\"},\"image\":{\"@id\":\"https:\/\/imeba.clinic\/#\/schema\/logo\/image\/\"},\"sameAs\":[\"https:\/\/www.facebook.com\/clinicasimebamallorca\",\"https:\/\/x.com\/IMEBAInfo\",\"https:\/\/www.youtube.com\/@TorstenMarin\"]}]}<\/script>\n<!-- \/ Yoast SEO plugin. -->","yoast_head_json":{"title":"Manchas - Clinicas IMEBA\u00ae","robots":{"index":"index","follow":"follow","max-snippet":"max-snippet:-1","max-image-preview":"max-image-preview:large","max-video-preview":"max-video-preview:-1"},"canonical":"https:\/\/imeba.clinic\/en\/facial\/manchas\/","og_locale":"en_US","og_type":"article","og_title":"Manchas - Clinicas IMEBA\u00ae","og_description":"Facial Manchas \u00b7 IPL \u00b7 L\u00e1ser CO2 fraccionado \u00b7 Picol\u00e1ser Antes de iniciar el tratamiento se aplica crema anest\u00e9sica para mayor comfort del paciente. Tras la sesi\u00f3n con el l\u00e1ser la zona tratada se enrojece un poco y en algunas ocasiones puede aparecer una fina costra la cual desaparece por s\u00ed sola al cabo de [&hellip;]","og_url":"https:\/\/imeba.clinic\/en\/facial\/manchas\/","og_site_name":"Clinicas IMEBA\u00ae","article_publisher":"https:\/\/www.facebook.com\/clinicasimebamallorca","article_modified_time":"2023-03-15T08:24:27+00:00","og_image":[{"width":1024,"height":680,"url":"http:\/\/imeba.clinic\/wp-content\/uploads\/2023\/01\/shutterstock_76581949.jpg.pagespeed.ce_.UMkrpSWRJI-1024x680-1.jpg","type":"image\/jpeg"}],"twitter_card":"summary_large_image","twitter_site":"@IMEBAInfo","twitter_misc":{"Est. reading time":"1 minute"},"schema":{"@context":"https:\/\/schema.org","@graph":[{"@type":"WebPage","@id":"https:\/\/imeba.clinic\/facial\/manchas\/","url":"https:\/\/imeba.clinic\/facial\/manchas\/","name":"Manchas - Clinicas IMEBA\u00ae","isPartOf":{"@id":"https:\/\/imeba.clinic\/#website"},"primaryImageOfPage":{"@id":"https:\/\/imeba.clinic\/facial\/manchas\/#primaryimage"},"image":{"@id":"https:\/\/imeba.clinic\/facial\/manchas\/#primaryimage"},"thumbnailUrl":"https:\/\/imeba.clinic\/wp-content\/uploads\/2023\/01\/shutterstock_76581949.jpg.pagespeed.ce_.UMkrpSWRJI-1024x680-1.jpg","datePublished":"2023-01-30T16:50:39+00:00","dateModified":"2023-03-15T08:24:27+00:00","breadcrumb":{"@id":"https:\/\/imeba.clinic\/facial\/manchas\/#breadcrumb"},"inLanguage":"en-US","potentialAction":[{"@type":"ReadAction","target":["https:\/\/imeba.clinic\/facial\/manchas\/"]}]},{"@type":"ImageObject","inLanguage":"en-US","@id":"https:\/\/imeba.clinic\/facial\/manchas\/#primaryimage","url":"https:\/\/imeba.clinic\/wp-content\/uploads\/2023\/01\/shutterstock_76581949.jpg.pagespeed.ce_.UMkrpSWRJI-1024x680-1.jpg","contentUrl":"https:\/\/imeba.clinic\/wp-content\/uploads\/2023\/01\/shutterstock_76581949.jpg.pagespeed.ce_.UMkrpSWRJI-1024x680-1.jpg","width":1024,"height":680},{"@type":"BreadcrumbList","@id":"https:\/\/imeba.clinic\/facial\/manchas\/#breadcrumb","itemListElement":[{"@type":"ListItem","position":1,"name":"Portada","item":"https:\/\/imeba.clinic\/"},{"@type":"ListItem","position":2,"name":"Facial","item":"https:\/\/imeba.clinic\/facial\/"},{"@type":"ListItem","position":3,"name":"Manchas"}]},{"@type":"WebSite","@id":"https:\/\/imeba.clinic\/#website","url":"https:\/\/imeba.clinic\/","name":"Clinicas IMEBA\u00ae","description":"Medicina estetica cirugia facial","publisher":{"@id":"https:\/\/imeba.clinic\/#organization"},"potentialAction":[{"@type":"SearchAction","target":{"@type":"EntryPoint","urlTemplate":"https:\/\/imeba.clinic\/?s={search_term_string}"},"query-input":{"@type":"PropertyValueSpecification","valueRequired":true,"valueName":"search_term_string"}}],"inLanguage":"en-US"},{"@type":"Organization","@id":"https:\/\/imeba.clinic\/#organization","name":"Clinicas IMEBA\u00ae","url":"https:\/\/imeba.clinic\/","logo":{"@type":"ImageObject","inLanguage":"en-US","@id":"https:\/\/imeba.clinic\/#\/schema\/logo\/image\/","url":"https:\/\/imeba.clinic\/wp-content\/uploads\/2023\/01\/cropped-11722351_740325796094007_2206264894896353109_o.jpg","contentUrl":"https:\/\/imeba.clinic\/wp-content\/uploads\/2023\/01\/cropped-11722351_740325796094007_2206264894896353109_o.jpg","width":1221,"height":349,"caption":"Clinicas IMEBA\u00ae"},"image":{"@id":"https:\/\/imeba.clinic\/#\/schema\/logo\/image\/"},"sameAs":["https:\/\/www.facebook.com\/clinicasimebamallorca","https:\/\/x.com\/IMEBAInfo","https:\/\/www.youtube.com\/@TorstenMarin"]}]}},"_links":{"self":[{"href":"https:\/\/imeba.clinic\/en\/wp-json\/wp\/v2\/pages\/2100","targetHints":{"allow":["GET"]}}],"collection":[{"href":"https:\/\/imeba.clinic\/en\/wp-json\/wp\/v2\/pages"}],"about":[{"href":"https:\/\/imeba.clinic\/en\/wp-json\/wp\/v2\/types\/page"}],"author":[{"embeddable":true,"href":"https:\/\/imeba.clinic\/en\/wp-json\/wp\/v2\/users\/2"}],"replies":[{"embeddable":true,"href":"https:\/\/imeba.clinic\/en\/wp-json\/wp\/v2\/comments?post=2100"}],"version-history":[{"count":0,"href":"https:\/\/imeba.clinic\/en\/wp-json\/wp\/v2\/pages\/2100\/revisions"}],"up":[{"embeddable":true,"href":"https:\/\/imeba.clinic\/en\/wp-json\/wp\/v2\/pages\/1327"}],"wp:featuredmedia":[{"embeddable":true,"href":"https:\/\/imeba.clinic\/en\/wp-json\/wp\/v2\/media\/2105"}],"wp:attachment":[{"href":"https:\/\/imeba.clinic\/en\/wp-json\/wp\/v2\/media?parent=2100"}],"curies":[{"name":"wp","href":"https:\/\/api.w.org\/{rel}","templated":true}]}}