
{"id":2032,"date":"2023-01-27T14:24:07","date_gmt":"2023-01-27T14:24:07","guid":{"rendered":"https:\/\/imeba.clinic\/?page_id=2032"},"modified":"2023-11-08T19:10:14","modified_gmt":"2023-11-08T18:10:14","slug":"labios","status":"publish","type":"page","link":"https:\/\/imeba.clinic\/en\/labios\/","title":{"rendered":"Lips"},"content":{"rendered":"<div data-elementor-type=\"wp-page\" data-elementor-id=\"2032\" class=\"elementor elementor-2032\" data-elementor-post-type=\"page\">\n\t\t\t\t\t\t<section class=\"elementor-section elementor-top-section elementor-element elementor-element-14f7ea6 elementor-section-height-min-height elementor-section-boxed elementor-section-height-default elementor-section-items-middle\" data-id=\"14f7ea6\" data-element_type=\"section\" data-settings=\"{&quot;background_background&quot;:&quot;classic&quot;,&quot;background_motion_fx_motion_fx_scrolling&quot;:&quot;yes&quot;,&quot;background_motion_fx_translateY_effect&quot;:&quot;yes&quot;,&quot;jet_parallax_layout_list&quot;:[],&quot;background_motion_fx_translateY_speed&quot;:{&quot;unit&quot;:&quot;px&quot;,&quot;size&quot;:4,&quot;sizes&quot;:[]},&quot;background_motion_fx_translateY_affectedRange&quot;:{&quot;unit&quot;:&quot;%&quot;,&quot;size&quot;:&quot;&quot;,&quot;sizes&quot;:{&quot;start&quot;:0,&quot;end&quot;:100}},&quot;background_motion_fx_devices&quot;:[&quot;desktop&quot;,&quot;tablet&quot;,&quot;mobile&quot;]}\">\n\t\t\t\t\t\t\t<div class=\"elementor-background-overlay\"><\/div>\n\t\t\t\t\t\t\t<div class=\"elementor-container elementor-column-gap-default\">\n\t\t\t\t\t<div class=\"elementor-column elementor-col-100 elementor-top-column elementor-element elementor-element-8578ffc\" data-id=\"8578ffc\" data-element_type=\"column\">\n\t\t\t<div class=\"elementor-widget-wrap elementor-element-populated\">\n\t\t\t\t\t\t<div class=\"elementor-element elementor-element-92078a0 elementor-widget elementor-widget-heading\" data-id=\"92078a0\" data-element_type=\"widget\" data-widget_type=\"heading.default\">\n\t\t\t\t\t<h5 class=\"elementor-heading-title elementor-size-default\">Face<\/h5>\t\t\t\t<\/div>\n\t\t\t\t\t<\/div>\n\t\t<\/div>\n\t\t\t\t\t<\/div>\n\t\t<\/section>\n\t\t\t\t<section class=\"elementor-section elementor-top-section elementor-element elementor-element-6a854a6 elementor-section-boxed elementor-section-height-default elementor-section-height-default\" data-id=\"6a854a6\" data-element_type=\"section\" data-settings=\"{&quot;jet_parallax_layout_list&quot;:[]}\">\n\t\t\t\t\t\t<div class=\"elementor-container elementor-column-gap-default\">\n\t\t\t\t\t<div class=\"elementor-column elementor-col-50 elementor-top-column elementor-element elementor-element-422799f\" data-id=\"422799f\" data-element_type=\"column\">\n\t\t\t<div class=\"elementor-widget-wrap elementor-element-populated\">\n\t\t\t\t\t\t<div class=\"elementor-element elementor-element-82fbfd5 elementor-widget elementor-widget-image\" data-id=\"82fbfd5\" data-element_type=\"widget\" data-widget_type=\"image.default\">\n\t\t\t\t\t\t\t\t\t\t\t\t\t\t\t<img fetchpriority=\"high\" decoding=\"async\" width=\"800\" height=\"450\" src=\"https:\/\/imeba.clinic\/wp-content\/uploads\/2023\/01\/PermanentMakeupLipColorLipBlushing-1024x576.jpeg\" class=\"attachment-large size-large wp-image-2034\" alt=\"\" srcset=\"https:\/\/imeba.clinic\/wp-content\/uploads\/2023\/01\/PermanentMakeupLipColorLipBlushing-1024x576.jpeg 1024w, https:\/\/imeba.clinic\/wp-content\/uploads\/2023\/01\/PermanentMakeupLipColorLipBlushing-300x169.jpeg 300w, https:\/\/imeba.clinic\/wp-content\/uploads\/2023\/01\/PermanentMakeupLipColorLipBlushing-768x432.jpeg 768w, https:\/\/imeba.clinic\/wp-content\/uploads\/2023\/01\/PermanentMakeupLipColorLipBlushing-18x10.jpeg 18w, https:\/\/imeba.clinic\/wp-content\/uploads\/2023\/01\/PermanentMakeupLipColorLipBlushing.jpeg 1500w\" sizes=\"(max-width: 800px) 100vw, 800px\" \/>\t\t\t\t\t\t\t\t\t\t\t\t\t\t\t<\/div>\n\t\t\t\t<div class=\"elementor-element elementor-element-0dbd1d9 elementor-widget elementor-widget-heading\" data-id=\"0dbd1d9\" data-element_type=\"widget\" data-widget_type=\"heading.default\">\n\t\t\t\t\t<h2 class=\"elementor-heading-title elementor-size-default\">IMEBA\u00ae MAQUILLAJE PERMANENTE LABIOS<\/h2>\t\t\t\t<\/div>\n\t\t\t\t<div class=\"elementor-element elementor-element-17ade99 elementor-widget elementor-widget-text-editor\" data-id=\"17ade99\" data-element_type=\"widget\" data-widget_type=\"text-editor.default\">\n\t\t\t\t\t\t\t\t\t<p><span style=\"color: #ff0000;\">\u00bfNuestra ventaja como parte de una cl\u00ednica? Nuestros m\u00e9dicos siempre pueden utilizar anestesia local. Esto no est\u00e1 permitido en estudios o centros.<\/span><\/p><p>IMEBA\u00ae Maquillaje Permanente de los labios, sin importar si solo el contorno o los labios completos, hace que sus labios tengan un aspecto m\u00e1s lleno y m\u00e1s sensual sin haber realizado un aumento de labios. Rectificamos sus labios, los hacemos sim\u00e9tricos, y usando los colores adecuados le damos a sus labios la apariencia deseada por usted. Los labios llenos y sensuales expresan juventud y sensualidad, esto es posible con Cl\u00ednica IMEBA\u00ae.<\/p><p>Los labios desempe\u00f1an un papel importante en nuestra vida f\u00edsica y emocional: los labios son una de las primeras cosas que se ven: rodean tu sonrisa y expresan tu atractivo y juventud.<\/p><p>En el precio est\u00e1 incluido un retoque hasta 2 meses despu\u00e9s del tratamiento.<\/p><p>Un retoque a partir de un a\u00f1o son 180\u20ac para Labios contorno, 250\u20ac para Labios contorno + un poco de sombreado, 350\u20ac para Labios completo (todos sin otro retoque posterior).<\/p><p>From 2 years onwards it's a completely new treatment.<\/p>\t\t\t\t\t\t\t\t<\/div>\n\t\t\t\t<div class=\"elementor-element elementor-element-3c94033 elementor-widget elementor-widget-heading\" data-id=\"3c94033\" data-element_type=\"widget\" data-widget_type=\"heading.default\">\n\t\t\t\t\t<h2 class=\"elementor-heading-title elementor-size-default\">IMEBA\u00ae Permanent make-up without side effects. Because we are professionals.<\/h2>\t\t\t\t<\/div>\n\t\t\t\t<div class=\"elementor-element elementor-element-36bb287 advance-lists elementor-widget elementor-widget-text-editor\" data-id=\"36bb287\" data-element_type=\"widget\" data-widget_type=\"text-editor.default\">\n\t\t\t\t\t\t\t\t\t<ul><li><strong>STEP 1: THE DESIGN<\/strong><\/li><\/ul><p>Sus labios se dise\u00f1ar\u00e1n seg\u00fan su estilo personal. Se toman medidas detalladas y se dibujan los labios para su aprobaci\u00f3n. Sus labios pueden ser completamente reformados y parecer m\u00e1s llenos.<\/p><ul><li><strong>STEP 2: THE COLOUR<\/strong><\/li><\/ul><p class=\"translation-block\"><span class=\"\">Le ayudamos a elegir el color de aspecto m\u00e1s natural para usted.<\/span>&nbsp;<span class=\"\">Nuestros colores est\u00e1n mezclados a medida, no son t\u00f3xicos, est\u00e1n dermatol\u00f3gicamente probados, y est\u00e1n hechos de pigmentos minerales naturales.<\/span><\/p><ul><li><strong>STEP 3: THE PIGMENTATION<\/strong><\/li><\/ul><p class=\"translation-block\"><span class=\"\">El pigmento se aplica con precisi\u00f3n en capas finas hasta lograr el color y la forma ideales, creando un aspecto completamente natural.<\/span>&nbsp;<span class=\"\">Durante la primera sesi\u00f3n, nos decantamos por el lado de la precauci\u00f3n.<\/span>&nbsp;Menos es m\u00e1s.&nbsp;<span class=\"\">En esta sesi\u00f3n se trata de crear una buena base, el repaso de los detalles tiene lugar en la segunda cita.<\/span><\/p><ul><li><strong>STEP 4: THE TOUCH-UP<\/strong><\/li><\/ul><p>A partir de 3-4 semanas y hasta un m\u00e1ximo de 2 meses despu\u00e9s de la primera sesi\u00f3n, volver\u00e1 para una cita de retoque para revisar el color y la forma con su estilista y realizar los ajustes necesarios para asegurar que tiene la apariencia que desea lograr.<\/p>\t\t\t\t\t\t\t\t<\/div>\n\t\t\t\t<div class=\"elementor-element elementor-element-8cf6f69 elementor-widget elementor-widget-heading\" data-id=\"8cf6f69\" data-element_type=\"widget\" data-widget_type=\"heading.default\">\n\t\t\t\t\t<h2 class=\"elementor-heading-title elementor-size-default\">Frequently asked questions\n<\/h2>\t\t\t\t<\/div>\n\t\t\t\t<div class=\"elementor-element elementor-element-4fad1f7 advance-lists elementor-widget elementor-widget-text-editor\" data-id=\"4fad1f7\" data-element_type=\"widget\" data-widget_type=\"text-editor.default\">\n\t\t\t\t\t\t\t\t\t<ul><li><strong>\u00bfMis labios se ver\u00e1n normales al d\u00eda siguiente?<\/strong><\/li><\/ul><p>Sus labios estar\u00e1n hinchados justo despu\u00e9s del procedimiento. El grado de esta hinchaz\u00f3n var\u00eda de persona a persona. En la mayor\u00eda de los clientes, la mayor parte de la hinchaz\u00f3n disminuye en unas pocas horas. Los labios tendr\u00e1n un aspecto m\u00e1s claro durante unos d\u00edas despu\u00e9s del procedimiento y el color comenzar\u00e1 a encenderse.<\/p><ul><li><strong><span class=\"\">\u00bfPuede el maquillaje permanente de Cl\u00ednica IMEBA\u00ae corregir los labios desiguales?<\/span><\/strong><\/li><\/ul><p class=\"translation-block\">\u00a1S\u00ed!&nbsp;<span class=\"\">Podemos crear una forma m\u00e1s completa y\/o m\u00e1s sim\u00e9trica en sus labios.<\/span><\/p><ul><li><strong><span class=\"\">\u00bfSe pueden hacer mis labios m\u00e1s grandes?<\/span><\/strong><\/li><\/ul><p class=\"translation-block\">S\u00ed.&nbsp;<span class=\"\">El estilista dise\u00f1ar\u00e1 la forma de sus labios antes de comenzar el procedimiento para que pueda obtener la forma y el tama\u00f1o exactos que desea. Labios m\u00e1s llenos, bonitos y sensuales sin realizar un aumento de labios.<\/span><\/p>\t\t\t\t\t\t\t\t<\/div>\n\t\t\t\t\t<\/div>\n\t\t<\/div>\n\t\t\t\t<div class=\"elementor-column elementor-col-50 elementor-top-column elementor-element elementor-element-ac1a05d\" data-id=\"ac1a05d\" data-element_type=\"column\">\n\t\t\t<div class=\"elementor-widget-wrap elementor-element-populated\">\n\t\t\t\t\t\t<section class=\"elementor-section elementor-inner-section elementor-element elementor-element-0449f5b elementor-section-boxed elementor-section-height-default elementor-section-height-default\" data-id=\"0449f5b\" data-element_type=\"section\" data-settings=\"{&quot;background_background&quot;:&quot;classic&quot;,&quot;sticky&quot;:&quot;top&quot;,&quot;sticky_offset&quot;:120,&quot;sticky_parent&quot;:&quot;yes&quot;,&quot;jet_parallax_layout_list&quot;:[],&quot;sticky_on&quot;:[&quot;desktop&quot;,&quot;tablet&quot;,&quot;mobile&quot;],&quot;sticky_effects_offset&quot;:0,&quot;sticky_anchor_link_offset&quot;:0}\">\n\t\t\t\t\t\t<div class=\"elementor-container elementor-column-gap-default\">\n\t\t\t\t\t<div class=\"elementor-column elementor-col-100 elementor-inner-column elementor-element elementor-element-da8d40e\" data-id=\"da8d40e\" data-element_type=\"column\">\n\t\t\t<div class=\"elementor-widget-wrap elementor-element-populated\">\n\t\t\t\t\t\t<div class=\"elementor-element elementor-element-a2091af elementor-widget elementor-widget-heading\" data-id=\"a2091af\" data-element_type=\"widget\" data-widget_type=\"heading.default\">\n\t\t\t\t\t<h2 class=\"elementor-heading-title elementor-size-default\">Price<\/h2>\t\t\t\t<\/div>\n\t\t\t\t<div class=\"elementor-element elementor-element-120ebcd Price elementor-widget elementor-widget-heading\" data-id=\"120ebcd\" data-element_type=\"widget\" data-widget_type=\"heading.default\">\n\t\t\t\t\t<h2 class=\"elementor-heading-title elementor-size-default\">280\u20ac<\/h2>\t\t\t\t<\/div>\n\t\t\t\t<div class=\"elementor-element elementor-element-3cec791 elementor-widget elementor-widget-text-editor\" data-id=\"3cec791\" data-element_type=\"widget\" data-widget_type=\"text-editor.default\">\n\t\t\t\t\t\t\t\t\t<p>Contorno<\/p>\t\t\t\t\t\t\t\t<\/div>\n\t\t\t\t<div class=\"elementor-element elementor-element-793aa8e elementor-widget-divider--view-line elementor-widget elementor-widget-divider\" data-id=\"793aa8e\" data-element_type=\"widget\" data-widget_type=\"divider.default\">\n\t\t\t\t\t\t\t<div class=\"elementor-divider\">\n\t\t\t<span class=\"elementor-divider-separator\">\n\t\t\t\t\t\t<\/span>\n\t\t<\/div>\n\t\t\t\t\t\t<\/div>\n\t\t\t\t<div class=\"elementor-element elementor-element-433a3e1 Price elementor-widget elementor-widget-heading\" data-id=\"433a3e1\" data-element_type=\"widget\" data-widget_type=\"heading.default\">\n\t\t\t\t\t<h2 class=\"elementor-heading-title elementor-size-default\">380\u20ac<\/h2>\t\t\t\t<\/div>\n\t\t\t\t<div class=\"elementor-element elementor-element-78fbac8 elementor-widget elementor-widget-text-editor\" data-id=\"78fbac8\" data-element_type=\"widget\" data-widget_type=\"text-editor.default\">\n\t\t\t\t\t\t\t\t\t<p>Contorno con un poco de sombreado<\/p>\t\t\t\t\t\t\t\t<\/div>\n\t\t\t\t<div class=\"elementor-element elementor-element-d29adc4 elementor-widget-divider--view-line elementor-widget elementor-widget-divider\" data-id=\"d29adc4\" data-element_type=\"widget\" data-widget_type=\"divider.default\">\n\t\t\t\t\t\t\t<div class=\"elementor-divider\">\n\t\t\t<span class=\"elementor-divider-separator\">\n\t\t\t\t\t\t<\/span>\n\t\t<\/div>\n\t\t\t\t\t\t<\/div>\n\t\t\t\t<div class=\"elementor-element elementor-element-374b283 Price elementor-widget elementor-widget-heading\" data-id=\"374b283\" data-element_type=\"widget\" data-widget_type=\"heading.default\">\n\t\t\t\t\t<h2 class=\"elementor-heading-title elementor-size-default\">450\u20ac<\/h2>\t\t\t\t<\/div>\n\t\t\t\t<div class=\"elementor-element elementor-element-9ec8b88 elementor-widget elementor-widget-text-editor\" data-id=\"9ec8b88\" data-element_type=\"widget\" data-widget_type=\"text-editor.default\">\n\t\t\t\t\t\t\t\t\t<p>Complete<\/p>\t\t\t\t\t\t\t\t<\/div>\n\t\t\t\t<div class=\"elementor-element elementor-element-03edf27 elementor-widget__width-inherit elementor-mobile-align-justify elementor-widget-mobile__width-inherit elementor-tablet-align-justify elementor-widget-tablet__width-inherit elementor-align-justify elementor-widget elementor-widget-button\" data-id=\"03edf27\" data-element_type=\"widget\" data-widget_type=\"button.default\">\n\t\t\t\t\t\t\t\t\t\t<a class=\"elementor-button elementor-button-link elementor-size-sm\" href=\"https:\/\/api.whatsapp.com\/send?phone=34653620509&#038;text=Hola,%20Clinicas%20IMEBA,%20ponte%20en%20contacto%20conmigo.%20(MP%20Labios)%20Muchas%20gracias...%20\">\n\t\t\t\t\t\t<span class=\"elementor-button-content-wrapper\">\n\t\t\t\t\t\t\t\t\t<span class=\"elementor-button-text\">BOOK NOW<\/span>\n\t\t\t\t\t<\/span>\n\t\t\t\t\t<\/a>\n\t\t\t\t\t\t\t\t<\/div>\n\t\t\t\t<div class=\"elementor-element elementor-element-8b1ceb3 elementor-widget elementor-widget-text-editor\" data-id=\"8b1ceb3\" data-element_type=\"widget\" data-widget_type=\"text-editor.default\">\n\t\t\t\t\t\t\t\t\t<p>You may also message us through WhatsApp.<\/p>\t\t\t\t\t\t\t\t<\/div>\n\t\t\t\t\t<\/div>\n\t\t<\/div>\n\t\t\t\t\t<\/div>\n\t\t<\/section>\n\t\t\t\t\t<\/div>\n\t\t<\/div>\n\t\t\t\t\t<\/div>\n\t\t<\/section>\n\t\t\t\t<\/div>","protected":false},"excerpt":{"rendered":"<p>Facial IMEBA\u00ae MAQUILLAJE PERMANENTE LABIOS \u00bfNuestra ventaja como parte de una cl\u00ednica? Nuestros m\u00e9dicos siempre pueden utilizar anestesia local. Esto no est\u00e1 permitido en estudios o centros. IMEBA\u00ae Maquillaje Permanente de los labios, sin importar si solo el contorno o los labios completos, hace que sus labios tengan un aspecto m\u00e1s lleno y m\u00e1s sensual [&hellip;]<\/p>","protected":false},"author":2,"featured_media":2034,"parent":0,"menu_order":1,"comment_status":"closed","ping_status":"closed","template":"elementor_header_footer","meta":{"footnotes":""},"class_list":["post-2032","page","type-page","status-publish","has-post-thumbnail","hentry"],"yoast_head":"<!-- This site is optimized with the Yoast SEO plugin v25.8 - https:\/\/yoast.com\/wordpress\/plugins\/seo\/ -->\n<title>Labios - Clinicas IMEBA\u00ae<\/title>\n<meta name=\"robots\" content=\"index, follow, max-snippet:-1, max-image-preview:large, max-video-preview:-1\" \/>\n<link rel=\"canonical\" href=\"https:\/\/imeba.clinic\/en\/labios\/\" \/>\n<meta property=\"og:locale\" content=\"en_US\" \/>\n<meta property=\"og:type\" content=\"article\" \/>\n<meta property=\"og:title\" content=\"Labios - Clinicas IMEBA\u00ae\" \/>\n<meta property=\"og:description\" content=\"Facial IMEBA\u00ae MAQUILLAJE PERMANENTE LABIOS \u00bfNuestra ventaja como parte de una cl\u00ednica? Nuestros m\u00e9dicos siempre pueden utilizar anestesia local. Esto no est\u00e1 permitido en estudios o centros. IMEBA\u00ae Maquillaje Permanente de los labios, sin importar si solo el contorno o los labios completos, hace que sus labios tengan un aspecto m\u00e1s lleno y m\u00e1s sensual [&hellip;]\" \/>\n<meta property=\"og:url\" content=\"https:\/\/imeba.clinic\/en\/labios\/\" \/>\n<meta property=\"og:site_name\" content=\"Clinicas IMEBA\u00ae\" \/>\n<meta property=\"article:publisher\" content=\"https:\/\/www.facebook.com\/clinicasimebamallorca\" \/>\n<meta property=\"article:modified_time\" content=\"2023-11-08T18:10:14+00:00\" \/>\n<meta property=\"og:image\" content=\"http:\/\/imeba.clinic\/wp-content\/uploads\/2023\/01\/PermanentMakeupLipColorLipBlushing.jpeg\" \/>\n\t<meta property=\"og:image:width\" content=\"1500\" \/>\n\t<meta property=\"og:image:height\" content=\"844\" \/>\n\t<meta property=\"og:image:type\" content=\"image\/jpeg\" \/>\n<meta name=\"twitter:card\" content=\"summary_large_image\" \/>\n<meta name=\"twitter:site\" content=\"@IMEBAInfo\" \/>\n<meta name=\"twitter:label1\" content=\"Est. reading time\" \/>\n\t<meta name=\"twitter:data1\" content=\"3 minutes\" \/>\n<script type=\"application\/ld+json\" class=\"yoast-schema-graph\">{\"@context\":\"https:\/\/schema.org\",\"@graph\":[{\"@type\":\"WebPage\",\"@id\":\"https:\/\/imeba.clinic\/labios\/\",\"url\":\"https:\/\/imeba.clinic\/labios\/\",\"name\":\"Labios - Clinicas IMEBA\u00ae\",\"isPartOf\":{\"@id\":\"https:\/\/imeba.clinic\/#website\"},\"primaryImageOfPage\":{\"@id\":\"https:\/\/imeba.clinic\/labios\/#primaryimage\"},\"image\":{\"@id\":\"https:\/\/imeba.clinic\/labios\/#primaryimage\"},\"thumbnailUrl\":\"https:\/\/imeba.clinic\/wp-content\/uploads\/2023\/01\/PermanentMakeupLipColorLipBlushing.jpeg\",\"datePublished\":\"2023-01-27T14:24:07+00:00\",\"dateModified\":\"2023-11-08T18:10:14+00:00\",\"breadcrumb\":{\"@id\":\"https:\/\/imeba.clinic\/labios\/#breadcrumb\"},\"inLanguage\":\"en-US\",\"potentialAction\":[{\"@type\":\"ReadAction\",\"target\":[\"https:\/\/imeba.clinic\/labios\/\"]}]},{\"@type\":\"ImageObject\",\"inLanguage\":\"en-US\",\"@id\":\"https:\/\/imeba.clinic\/labios\/#primaryimage\",\"url\":\"https:\/\/imeba.clinic\/wp-content\/uploads\/2023\/01\/PermanentMakeupLipColorLipBlushing.jpeg\",\"contentUrl\":\"https:\/\/imeba.clinic\/wp-content\/uploads\/2023\/01\/PermanentMakeupLipColorLipBlushing.jpeg\",\"width\":1500,\"height\":844},{\"@type\":\"BreadcrumbList\",\"@id\":\"https:\/\/imeba.clinic\/labios\/#breadcrumb\",\"itemListElement\":[{\"@type\":\"ListItem\",\"position\":1,\"name\":\"Portada\",\"item\":\"https:\/\/imeba.clinic\/\"},{\"@type\":\"ListItem\",\"position\":2,\"name\":\"Labios\"}]},{\"@type\":\"WebSite\",\"@id\":\"https:\/\/imeba.clinic\/#website\",\"url\":\"https:\/\/imeba.clinic\/\",\"name\":\"Clinicas IMEBA\u00ae\",\"description\":\"Medicina estetica cirugia facial\",\"publisher\":{\"@id\":\"https:\/\/imeba.clinic\/#organization\"},\"potentialAction\":[{\"@type\":\"SearchAction\",\"target\":{\"@type\":\"EntryPoint\",\"urlTemplate\":\"https:\/\/imeba.clinic\/?s={search_term_string}\"},\"query-input\":{\"@type\":\"PropertyValueSpecification\",\"valueRequired\":true,\"valueName\":\"search_term_string\"}}],\"inLanguage\":\"en-US\"},{\"@type\":\"Organization\",\"@id\":\"https:\/\/imeba.clinic\/#organization\",\"name\":\"Clinicas IMEBA\u00ae\",\"url\":\"https:\/\/imeba.clinic\/\",\"logo\":{\"@type\":\"ImageObject\",\"inLanguage\":\"en-US\",\"@id\":\"https:\/\/imeba.clinic\/#\/schema\/logo\/image\/\",\"url\":\"https:\/\/imeba.clinic\/wp-content\/uploads\/2023\/01\/cropped-11722351_740325796094007_2206264894896353109_o.jpg\",\"contentUrl\":\"https:\/\/imeba.clinic\/wp-content\/uploads\/2023\/01\/cropped-11722351_740325796094007_2206264894896353109_o.jpg\",\"width\":1221,\"height\":349,\"caption\":\"Clinicas IMEBA\u00ae\"},\"image\":{\"@id\":\"https:\/\/imeba.clinic\/#\/schema\/logo\/image\/\"},\"sameAs\":[\"https:\/\/www.facebook.com\/clinicasimebamallorca\",\"https:\/\/x.com\/IMEBAInfo\",\"https:\/\/www.youtube.com\/@TorstenMarin\"]}]}<\/script>\n<!-- \/ Yoast SEO plugin. -->","yoast_head_json":{"title":"Labios - Clinicas IMEBA\u00ae","robots":{"index":"index","follow":"follow","max-snippet":"max-snippet:-1","max-image-preview":"max-image-preview:large","max-video-preview":"max-video-preview:-1"},"canonical":"https:\/\/imeba.clinic\/en\/labios\/","og_locale":"en_US","og_type":"article","og_title":"Labios - Clinicas IMEBA\u00ae","og_description":"Facial IMEBA\u00ae MAQUILLAJE PERMANENTE LABIOS \u00bfNuestra ventaja como parte de una cl\u00ednica? Nuestros m\u00e9dicos siempre pueden utilizar anestesia local. Esto no est\u00e1 permitido en estudios o centros. IMEBA\u00ae Maquillaje Permanente de los labios, sin importar si solo el contorno o los labios completos, hace que sus labios tengan un aspecto m\u00e1s lleno y m\u00e1s sensual [&hellip;]","og_url":"https:\/\/imeba.clinic\/en\/labios\/","og_site_name":"Clinicas IMEBA\u00ae","article_publisher":"https:\/\/www.facebook.com\/clinicasimebamallorca","article_modified_time":"2023-11-08T18:10:14+00:00","og_image":[{"width":1500,"height":844,"url":"http:\/\/imeba.clinic\/wp-content\/uploads\/2023\/01\/PermanentMakeupLipColorLipBlushing.jpeg","type":"image\/jpeg"}],"twitter_card":"summary_large_image","twitter_site":"@IMEBAInfo","twitter_misc":{"Est. reading time":"3 minutes"},"schema":{"@context":"https:\/\/schema.org","@graph":[{"@type":"WebPage","@id":"https:\/\/imeba.clinic\/labios\/","url":"https:\/\/imeba.clinic\/labios\/","name":"Labios - Clinicas IMEBA\u00ae","isPartOf":{"@id":"https:\/\/imeba.clinic\/#website"},"primaryImageOfPage":{"@id":"https:\/\/imeba.clinic\/labios\/#primaryimage"},"image":{"@id":"https:\/\/imeba.clinic\/labios\/#primaryimage"},"thumbnailUrl":"https:\/\/imeba.clinic\/wp-content\/uploads\/2023\/01\/PermanentMakeupLipColorLipBlushing.jpeg","datePublished":"2023-01-27T14:24:07+00:00","dateModified":"2023-11-08T18:10:14+00:00","breadcrumb":{"@id":"https:\/\/imeba.clinic\/labios\/#breadcrumb"},"inLanguage":"en-US","potentialAction":[{"@type":"ReadAction","target":["https:\/\/imeba.clinic\/labios\/"]}]},{"@type":"ImageObject","inLanguage":"en-US","@id":"https:\/\/imeba.clinic\/labios\/#primaryimage","url":"https:\/\/imeba.clinic\/wp-content\/uploads\/2023\/01\/PermanentMakeupLipColorLipBlushing.jpeg","contentUrl":"https:\/\/imeba.clinic\/wp-content\/uploads\/2023\/01\/PermanentMakeupLipColorLipBlushing.jpeg","width":1500,"height":844},{"@type":"BreadcrumbList","@id":"https:\/\/imeba.clinic\/labios\/#breadcrumb","itemListElement":[{"@type":"ListItem","position":1,"name":"Portada","item":"https:\/\/imeba.clinic\/"},{"@type":"ListItem","position":2,"name":"Labios"}]},{"@type":"WebSite","@id":"https:\/\/imeba.clinic\/#website","url":"https:\/\/imeba.clinic\/","name":"Clinicas IMEBA\u00ae","description":"Medicina estetica cirugia facial","publisher":{"@id":"https:\/\/imeba.clinic\/#organization"},"potentialAction":[{"@type":"SearchAction","target":{"@type":"EntryPoint","urlTemplate":"https:\/\/imeba.clinic\/?s={search_term_string}"},"query-input":{"@type":"PropertyValueSpecification","valueRequired":true,"valueName":"search_term_string"}}],"inLanguage":"en-US"},{"@type":"Organization","@id":"https:\/\/imeba.clinic\/#organization","name":"Clinicas IMEBA\u00ae","url":"https:\/\/imeba.clinic\/","logo":{"@type":"ImageObject","inLanguage":"en-US","@id":"https:\/\/imeba.clinic\/#\/schema\/logo\/image\/","url":"https:\/\/imeba.clinic\/wp-content\/uploads\/2023\/01\/cropped-11722351_740325796094007_2206264894896353109_o.jpg","contentUrl":"https:\/\/imeba.clinic\/wp-content\/uploads\/2023\/01\/cropped-11722351_740325796094007_2206264894896353109_o.jpg","width":1221,"height":349,"caption":"Clinicas IMEBA\u00ae"},"image":{"@id":"https:\/\/imeba.clinic\/#\/schema\/logo\/image\/"},"sameAs":["https:\/\/www.facebook.com\/clinicasimebamallorca","https:\/\/x.com\/IMEBAInfo","https:\/\/www.youtube.com\/@TorstenMarin"]}]}},"_links":{"self":[{"href":"https:\/\/imeba.clinic\/en\/wp-json\/wp\/v2\/pages\/2032","targetHints":{"allow":["GET"]}}],"collection":[{"href":"https:\/\/imeba.clinic\/en\/wp-json\/wp\/v2\/pages"}],"about":[{"href":"https:\/\/imeba.clinic\/en\/wp-json\/wp\/v2\/types\/page"}],"author":[{"embeddable":true,"href":"https:\/\/imeba.clinic\/en\/wp-json\/wp\/v2\/users\/2"}],"replies":[{"embeddable":true,"href":"https:\/\/imeba.clinic\/en\/wp-json\/wp\/v2\/comments?post=2032"}],"version-history":[{"count":0,"href":"https:\/\/imeba.clinic\/en\/wp-json\/wp\/v2\/pages\/2032\/revisions"}],"wp:featuredmedia":[{"embeddable":true,"href":"https:\/\/imeba.clinic\/en\/wp-json\/wp\/v2\/media\/2034"}],"wp:attachment":[{"href":"https:\/\/imeba.clinic\/en\/wp-json\/wp\/v2\/media?parent=2032"}],"curies":[{"name":"wp","href":"https:\/\/api.w.org\/{rel}","templated":true}]}}