
{"id":1998,"date":"2023-01-27T08:59:42","date_gmt":"2023-01-27T08:59:42","guid":{"rendered":"https:\/\/imeba.clinic\/?page_id=1998"},"modified":"2023-11-08T19:08:51","modified_gmt":"2023-11-08T18:08:51","slug":"cejas-ombre-microlining","status":"publish","type":"page","link":"https:\/\/imeba.clinic\/en\/cejas-ombre-microlining\/","title":{"rendered":"Eyebrows \/ \u00d3mbre \/ Microlining"},"content":{"rendered":"<div data-elementor-type=\"wp-page\" data-elementor-id=\"1998\" class=\"elementor elementor-1998\" data-elementor-post-type=\"page\">\n\t\t\t\t\t\t<section class=\"elementor-section elementor-top-section elementor-element elementor-element-14f7ea6 elementor-section-height-min-height elementor-section-boxed elementor-section-height-default elementor-section-items-middle\" data-id=\"14f7ea6\" data-element_type=\"section\" data-settings=\"{&quot;background_background&quot;:&quot;classic&quot;,&quot;background_motion_fx_motion_fx_scrolling&quot;:&quot;yes&quot;,&quot;background_motion_fx_translateY_effect&quot;:&quot;yes&quot;,&quot;jet_parallax_layout_list&quot;:[],&quot;background_motion_fx_translateY_speed&quot;:{&quot;unit&quot;:&quot;px&quot;,&quot;size&quot;:4,&quot;sizes&quot;:[]},&quot;background_motion_fx_translateY_affectedRange&quot;:{&quot;unit&quot;:&quot;%&quot;,&quot;size&quot;:&quot;&quot;,&quot;sizes&quot;:{&quot;start&quot;:0,&quot;end&quot;:100}},&quot;background_motion_fx_devices&quot;:[&quot;desktop&quot;,&quot;tablet&quot;,&quot;mobile&quot;]}\">\n\t\t\t\t\t\t\t<div class=\"elementor-background-overlay\"><\/div>\n\t\t\t\t\t\t\t<div class=\"elementor-container elementor-column-gap-default\">\n\t\t\t\t\t<div class=\"elementor-column elementor-col-100 elementor-top-column elementor-element elementor-element-8578ffc\" data-id=\"8578ffc\" data-element_type=\"column\">\n\t\t\t<div class=\"elementor-widget-wrap elementor-element-populated\">\n\t\t\t\t\t\t<div class=\"elementor-element elementor-element-92078a0 elementor-widget elementor-widget-heading\" data-id=\"92078a0\" data-element_type=\"widget\" data-widget_type=\"heading.default\">\n\t\t\t\t\t<h5 class=\"elementor-heading-title elementor-size-default\">Face<\/h5>\t\t\t\t<\/div>\n\t\t\t\t\t<\/div>\n\t\t<\/div>\n\t\t\t\t\t<\/div>\n\t\t<\/section>\n\t\t\t\t<section class=\"elementor-section elementor-top-section elementor-element elementor-element-6a854a6 elementor-section-boxed elementor-section-height-default elementor-section-height-default\" data-id=\"6a854a6\" data-element_type=\"section\" data-settings=\"{&quot;jet_parallax_layout_list&quot;:[]}\">\n\t\t\t\t\t\t<div class=\"elementor-container elementor-column-gap-default\">\n\t\t\t\t\t<div class=\"elementor-column elementor-col-50 elementor-top-column elementor-element elementor-element-422799f\" data-id=\"422799f\" data-element_type=\"column\">\n\t\t\t<div class=\"elementor-widget-wrap elementor-element-populated\">\n\t\t\t\t\t\t<div class=\"elementor-element elementor-element-82fbfd5 elementor-widget elementor-widget-image\" data-id=\"82fbfd5\" data-element_type=\"widget\" data-widget_type=\"image.default\">\n\t\t\t\t\t\t\t\t\t\t\t\t\t\t\t<img decoding=\"async\" src=\"http:\/\/imeba.clinic\/wp-content\/uploads\/2023\/09\/PM2.png\" title=\"\" alt=\"\" loading=\"lazy\" \/>\t\t\t\t\t\t\t\t\t\t\t\t\t\t\t<\/div>\n\t\t\t\t<div class=\"elementor-element elementor-element-0dbd1d9 elementor-widget elementor-widget-heading\" data-id=\"0dbd1d9\" data-element_type=\"widget\" data-widget_type=\"heading.default\">\n\t\t\t\t\t<h2 class=\"elementor-heading-title elementor-size-default\">IMEBA\u00ae PERMANENT EYEBROW MAKE-UP\n<\/h2>\t\t\t\t<\/div>\n\t\t\t\t<div class=\"elementor-element elementor-element-17ade99 elementor-widget elementor-widget-text-editor\" data-id=\"17ade99\" data-element_type=\"widget\" data-widget_type=\"text-editor.default\">\n\t\t\t\t\t\t\t\t\t<p><span style=\"color: #ff0000;\">\u00bfNuestra ventaja como parte de una cl\u00ednica? Nuestros m\u00e9dicos siempre pueden utilizar anestesia local. Esto no est\u00e1 permitido en estudios o centros.<\/span><\/p><p>\u00a0<\/p><p>IMEBA\u00ae permanent eyebrows last up to three years, so as skin ages and fashions change, you have the option to redesign your brows to create a more youthful look or a different style. The procedure takes just one hour, with no downtime. IMEBA\u00ae clients participate fully in creating their desired look, shape and colour. Colours are individually tailored and individually blended for each client, so each procedure is unique, as are our clients.<\/p><p>The price includes a touch-up within 2 months after the treatment.<\/p><p>A touch-up after one year is 150\u20ac (without touch-up) for eyebrows.<\/p><p>From 2 years onwards it's a completely new treatment.<\/p>\t\t\t\t\t\t\t\t<\/div>\n\t\t\t\t<div class=\"elementor-element elementor-element-1aac492 elementor-widget elementor-widget-heading\" data-id=\"1aac492\" data-element_type=\"widget\" data-widget_type=\"heading.default\">\n\t\t\t\t\t<h2 class=\"elementor-heading-title elementor-size-default\">What happens during the procedure\n<\/h2>\t\t\t\t<\/div>\n\t\t\t\t<div class=\"elementor-element elementor-element-9c651a7 advance-lists elementor-widget elementor-widget-text-editor\" data-id=\"9c651a7\" data-element_type=\"widget\" data-widget_type=\"text-editor.default\">\n\t\t\t\t\t\t\t\t\t<ul><li><h5><span lang=\"es\" tabindex=\"-1\">STEP 1: THE DESIGN<\/span><\/h5><\/li><\/ul><div><p>Your eyebrows will be designed according to your bone and muscle structure, the shape of your eyes, nose and face, as well as your personal style. Detailed measurements are taken and the eyebrows are drawn for your approval. Your eyebrows can be completely reshaped to perfectly frame your eyes.<\/p><p>\u00a0<\/p><\/div><ul><li><h5><span id=\"result_box\" class=\"short_text\" lang=\"es\" tabindex=\"-1\">STEP 2: THE COLOUR<\/span><\/h5><\/li><\/ul><div><p>We will help you choose the most natural-looking colour for you. Our colours are custom blended, non-toxic, dermatologically tested, and made with natural mineral pigments.<\/p><p>\u00a0<\/p><\/div><ul><li><h5><span id=\"result_box\" class=\"short_text\" lang=\"es\" tabindex=\"-1\"><span class=\"\">STEP 3: THE PIGMENTATION<\/span><\/span><\/h5><\/li><\/ul><div>Individual 3D hair strokes are layered on top of each other. IMEBA\u00ae uses patented technology and a system that mimics the appearance of normal hair. Our equipment uses a single needle that gently vibrates over the skin layers, introducing the mineral pigments into the skin. The pigment is precisely applied in thin layers to achieve the optimum colour and shape and create a completely natural result. During the first session, we take the side of caution. Less is more. In this session it's all about creating a good base, the details will be gone over in the second session.<\/div><div>\u00a0<\/div><ul><li><h5><span id=\"result_box\" class=\"short_text\" lang=\"es\" tabindex=\"-1\">STEP 4: THE TOUCH-UP<\/span><\/h5><\/li><\/ul><div>From 3 to 4 weeks and up to a maximum of two months after the first session, you will return for a touch-up appointment to review the colour and shape with your stylist and make any necessary adjustments to ensure you have the look you want to achieve.<\/div>\t\t\t\t\t\t\t\t<\/div>\n\t\t\t\t<div class=\"elementor-element elementor-element-3c94033 elementor-widget elementor-widget-heading\" data-id=\"3c94033\" data-element_type=\"widget\" data-widget_type=\"heading.default\">\n\t\t\t\t\t<h2 class=\"elementor-heading-title elementor-size-default\">Frequently asked questions\n<\/h2>\t\t\t\t<\/div>\n\t\t\t\t<div class=\"elementor-element elementor-element-36bb287 advance-lists elementor-widget elementor-widget-text-editor\" data-id=\"36bb287\" data-element_type=\"widget\" data-widget_type=\"text-editor.default\">\n\t\t\t\t\t\t\t\t\t<ul><li><strong>Will my eyebrows look normal the next day at work?<\/strong><\/li><\/ul><p>Yes, there will be slight redness, although no one or almost no one usually notices this. But your eyebrows will look beautiful and natural immediately.<\/p><p>\u00a0<\/p><ul><li><strong>Will I be able to tell the stylist what I want?<\/strong><\/li><\/ul><p>Yes, your stylist will review with you the shape and colour you would like to achieve.<\/p><p>\u00a0<\/p><ul><li><strong>What if I want a more dramatic look for my eyebrows?<\/strong><\/li><\/ul><p>All our work is customised so that we can provide a more dramatic look if our clients wish. However, occasionally additional sessions are required to achieve this.<\/p>\t\t\t\t\t\t\t\t<\/div>\n\t\t\t\t\t<\/div>\n\t\t<\/div>\n\t\t\t\t<div class=\"elementor-column elementor-col-50 elementor-top-column elementor-element elementor-element-ac1a05d\" data-id=\"ac1a05d\" data-element_type=\"column\">\n\t\t\t<div class=\"elementor-widget-wrap elementor-element-populated\">\n\t\t\t\t\t\t<section class=\"elementor-section elementor-inner-section elementor-element elementor-element-0449f5b elementor-section-boxed elementor-section-height-default elementor-section-height-default\" data-id=\"0449f5b\" data-element_type=\"section\" data-settings=\"{&quot;background_background&quot;:&quot;classic&quot;,&quot;sticky&quot;:&quot;top&quot;,&quot;sticky_offset&quot;:120,&quot;sticky_parent&quot;:&quot;yes&quot;,&quot;jet_parallax_layout_list&quot;:[],&quot;sticky_on&quot;:[&quot;desktop&quot;,&quot;tablet&quot;,&quot;mobile&quot;],&quot;sticky_effects_offset&quot;:0,&quot;sticky_anchor_link_offset&quot;:0}\">\n\t\t\t\t\t\t<div class=\"elementor-container elementor-column-gap-default\">\n\t\t\t\t\t<div class=\"elementor-column elementor-col-100 elementor-inner-column elementor-element elementor-element-da8d40e\" data-id=\"da8d40e\" data-element_type=\"column\">\n\t\t\t<div class=\"elementor-widget-wrap elementor-element-populated\">\n\t\t\t\t\t\t<div class=\"elementor-element elementor-element-a2091af elementor-widget elementor-widget-heading\" data-id=\"a2091af\" data-element_type=\"widget\" data-widget_type=\"heading.default\">\n\t\t\t\t\t<h2 class=\"elementor-heading-title elementor-size-default\">Price<\/h2>\t\t\t\t<\/div>\n\t\t\t\t<div class=\"elementor-element elementor-element-120ebcd Price elementor-widget elementor-widget-heading\" data-id=\"120ebcd\" data-element_type=\"widget\" data-widget_type=\"heading.default\">\n\t\t\t\t\t<h2 class=\"elementor-heading-title elementor-size-default\">200\u20ac sin retoque<br><br>250\u20ac con <br>un retoque<\/h2>\t\t\t\t<\/div>\n\t\t\t\t<div class=\"elementor-element elementor-element-3cec791 elementor-widget elementor-widget-text-editor\" data-id=\"3cec791\" data-element_type=\"widget\" data-widget_type=\"text-editor.default\">\n\t\t\t\t\t\t\t\t\t<p>Eyebrows Microlining<\/p>\t\t\t\t\t\t\t\t<\/div>\n\t\t\t\t<div class=\"elementor-element elementor-element-793aa8e elementor-widget-divider--view-line elementor-widget elementor-widget-divider\" data-id=\"793aa8e\" data-element_type=\"widget\" data-widget_type=\"divider.default\">\n\t\t\t\t\t\t\t<div class=\"elementor-divider\">\n\t\t\t<span class=\"elementor-divider-separator\">\n\t\t\t\t\t\t<\/span>\n\t\t<\/div>\n\t\t\t\t\t\t<\/div>\n\t\t\t\t<div class=\"elementor-element elementor-element-03edf27 elementor-widget__width-inherit elementor-mobile-align-justify elementor-widget-mobile__width-inherit elementor-tablet-align-justify elementor-widget-tablet__width-inherit elementor-align-justify elementor-widget elementor-widget-button\" data-id=\"03edf27\" data-element_type=\"widget\" data-widget_type=\"button.default\">\n\t\t\t\t\t\t\t\t\t\t<a class=\"elementor-button elementor-button-link elementor-size-sm\" href=\"https:\/\/api.whatsapp.com\/send?phone=34653620509&#038;text=Hola,%20Clinicas%20IMEBA,%20ponte%20en%20contacto%20conmigo.%20(MP%20Cejas)%20Muchas%20gracias...%20\">\n\t\t\t\t\t\t<span class=\"elementor-button-content-wrapper\">\n\t\t\t\t\t\t\t\t\t<span class=\"elementor-button-text\">BOOK NOW<\/span>\n\t\t\t\t\t<\/span>\n\t\t\t\t\t<\/a>\n\t\t\t\t\t\t\t\t<\/div>\n\t\t\t\t<div class=\"elementor-element elementor-element-8b1ceb3 elementor-widget elementor-widget-text-editor\" data-id=\"8b1ceb3\" data-element_type=\"widget\" data-widget_type=\"text-editor.default\">\n\t\t\t\t\t\t\t\t\t<p>You may also message us through WhatsApp.<\/p>\t\t\t\t\t\t\t\t<\/div>\n\t\t\t\t\t<\/div>\n\t\t<\/div>\n\t\t\t\t\t<\/div>\n\t\t<\/section>\n\t\t\t\t\t<\/div>\n\t\t<\/div>\n\t\t\t\t\t<\/div>\n\t\t<\/section>\n\t\t\t\t<\/div>","protected":false},"excerpt":{"rendered":"<p>Facial IMEBA\u00ae MAQUILLAJE PERMANENTE DE CEJAS \u00bfNuestra ventaja como parte de una cl\u00ednica? Nuestros m\u00e9dicos siempre pueden utilizar anestesia local. Esto no est\u00e1 permitido en estudios o centros. \u00a0 Las cejas permanentes de IMEBA\u00ae tienen una durabilidad de hasta tres a\u00f1os, por lo que, a medida que la piel envejece y las modas cambian, tiene [&hellip;]<\/p>","protected":false},"author":2,"featured_media":2023,"parent":0,"menu_order":1,"comment_status":"closed","ping_status":"closed","template":"elementor_header_footer","meta":{"footnotes":""},"class_list":["post-1998","page","type-page","status-publish","has-post-thumbnail","hentry"],"yoast_head":"<!-- This site is optimized with the Yoast SEO plugin v25.8 - https:\/\/yoast.com\/wordpress\/plugins\/seo\/ -->\n<title>Cejas \/ \u00d3mbre \/ Microlining - Clinicas IMEBA\u00ae<\/title>\n<meta name=\"robots\" content=\"index, follow, max-snippet:-1, max-image-preview:large, max-video-preview:-1\" \/>\n<link rel=\"canonical\" href=\"https:\/\/imeba.clinic\/en\/cejas-ombre-microlining\/\" \/>\n<meta property=\"og:locale\" content=\"en_US\" \/>\n<meta property=\"og:type\" content=\"article\" \/>\n<meta property=\"og:title\" content=\"Cejas \/ \u00d3mbre \/ Microlining - Clinicas IMEBA\u00ae\" \/>\n<meta property=\"og:description\" content=\"Facial IMEBA\u00ae MAQUILLAJE PERMANENTE DE CEJAS \u00bfNuestra ventaja como parte de una cl\u00ednica? Nuestros m\u00e9dicos siempre pueden utilizar anestesia local. Esto no est\u00e1 permitido en estudios o centros. \u00a0 Las cejas permanentes de IMEBA\u00ae tienen una durabilidad de hasta tres a\u00f1os, por lo que, a medida que la piel envejece y las modas cambian, tiene [&hellip;]\" \/>\n<meta property=\"og:url\" content=\"https:\/\/imeba.clinic\/en\/cejas-ombre-microlining\/\" \/>\n<meta property=\"og:site_name\" content=\"Clinicas IMEBA\u00ae\" \/>\n<meta property=\"article:publisher\" content=\"https:\/\/www.facebook.com\/clinicasimebamallorca\" \/>\n<meta property=\"article:modified_time\" content=\"2023-11-08T18:08:51+00:00\" \/>\n<meta property=\"og:image\" content=\"http:\/\/imeba.clinic\/wp-content\/uploads\/2023\/01\/rinomodelacion-imeba-mallorca-SLIDER-1024x320-1.jpg\" \/>\n\t<meta property=\"og:image:width\" content=\"1024\" \/>\n\t<meta property=\"og:image:height\" content=\"320\" \/>\n\t<meta property=\"og:image:type\" content=\"image\/jpeg\" \/>\n<meta name=\"twitter:card\" content=\"summary_large_image\" \/>\n<meta name=\"twitter:site\" content=\"@IMEBAInfo\" \/>\n<meta name=\"twitter:label1\" content=\"Est. reading time\" \/>\n\t<meta name=\"twitter:data1\" content=\"3 minutes\" \/>\n<script type=\"application\/ld+json\" class=\"yoast-schema-graph\">{\"@context\":\"https:\/\/schema.org\",\"@graph\":[{\"@type\":\"WebPage\",\"@id\":\"https:\/\/imeba.clinic\/cejas-ombre-microlining\/\",\"url\":\"https:\/\/imeba.clinic\/cejas-ombre-microlining\/\",\"name\":\"Cejas \/ \u00d3mbre \/ Microlining - Clinicas IMEBA\u00ae\",\"isPartOf\":{\"@id\":\"https:\/\/imeba.clinic\/#website\"},\"primaryImageOfPage\":{\"@id\":\"https:\/\/imeba.clinic\/cejas-ombre-microlining\/#primaryimage\"},\"image\":{\"@id\":\"https:\/\/imeba.clinic\/cejas-ombre-microlining\/#primaryimage\"},\"thumbnailUrl\":\"https:\/\/imeba.clinic\/wp-content\/uploads\/2023\/01\/rinomodelacion-imeba-mallorca-SLIDER-1024x320-1.jpg\",\"datePublished\":\"2023-01-27T08:59:42+00:00\",\"dateModified\":\"2023-11-08T18:08:51+00:00\",\"breadcrumb\":{\"@id\":\"https:\/\/imeba.clinic\/cejas-ombre-microlining\/#breadcrumb\"},\"inLanguage\":\"en-US\",\"potentialAction\":[{\"@type\":\"ReadAction\",\"target\":[\"https:\/\/imeba.clinic\/cejas-ombre-microlining\/\"]}]},{\"@type\":\"ImageObject\",\"inLanguage\":\"en-US\",\"@id\":\"https:\/\/imeba.clinic\/cejas-ombre-microlining\/#primaryimage\",\"url\":\"https:\/\/imeba.clinic\/wp-content\/uploads\/2023\/01\/rinomodelacion-imeba-mallorca-SLIDER-1024x320-1.jpg\",\"contentUrl\":\"https:\/\/imeba.clinic\/wp-content\/uploads\/2023\/01\/rinomodelacion-imeba-mallorca-SLIDER-1024x320-1.jpg\",\"width\":1024,\"height\":320},{\"@type\":\"BreadcrumbList\",\"@id\":\"https:\/\/imeba.clinic\/cejas-ombre-microlining\/#breadcrumb\",\"itemListElement\":[{\"@type\":\"ListItem\",\"position\":1,\"name\":\"Portada\",\"item\":\"https:\/\/imeba.clinic\/\"},{\"@type\":\"ListItem\",\"position\":2,\"name\":\"Cejas \/ \u00d3mbre \/ Microlining\"}]},{\"@type\":\"WebSite\",\"@id\":\"https:\/\/imeba.clinic\/#website\",\"url\":\"https:\/\/imeba.clinic\/\",\"name\":\"Clinicas IMEBA\u00ae\",\"description\":\"Medicina estetica cirugia facial\",\"publisher\":{\"@id\":\"https:\/\/imeba.clinic\/#organization\"},\"potentialAction\":[{\"@type\":\"SearchAction\",\"target\":{\"@type\":\"EntryPoint\",\"urlTemplate\":\"https:\/\/imeba.clinic\/?s={search_term_string}\"},\"query-input\":{\"@type\":\"PropertyValueSpecification\",\"valueRequired\":true,\"valueName\":\"search_term_string\"}}],\"inLanguage\":\"en-US\"},{\"@type\":\"Organization\",\"@id\":\"https:\/\/imeba.clinic\/#organization\",\"name\":\"Clinicas IMEBA\u00ae\",\"url\":\"https:\/\/imeba.clinic\/\",\"logo\":{\"@type\":\"ImageObject\",\"inLanguage\":\"en-US\",\"@id\":\"https:\/\/imeba.clinic\/#\/schema\/logo\/image\/\",\"url\":\"https:\/\/imeba.clinic\/wp-content\/uploads\/2023\/01\/cropped-11722351_740325796094007_2206264894896353109_o.jpg\",\"contentUrl\":\"https:\/\/imeba.clinic\/wp-content\/uploads\/2023\/01\/cropped-11722351_740325796094007_2206264894896353109_o.jpg\",\"width\":1221,\"height\":349,\"caption\":\"Clinicas IMEBA\u00ae\"},\"image\":{\"@id\":\"https:\/\/imeba.clinic\/#\/schema\/logo\/image\/\"},\"sameAs\":[\"https:\/\/www.facebook.com\/clinicasimebamallorca\",\"https:\/\/x.com\/IMEBAInfo\",\"https:\/\/www.youtube.com\/@TorstenMarin\"]}]}<\/script>\n<!-- \/ Yoast SEO plugin. -->","yoast_head_json":{"title":"Cejas \/ \u00d3mbre \/ Microlining - Clinicas IMEBA\u00ae","robots":{"index":"index","follow":"follow","max-snippet":"max-snippet:-1","max-image-preview":"max-image-preview:large","max-video-preview":"max-video-preview:-1"},"canonical":"https:\/\/imeba.clinic\/en\/cejas-ombre-microlining\/","og_locale":"en_US","og_type":"article","og_title":"Cejas \/ \u00d3mbre \/ Microlining - Clinicas IMEBA\u00ae","og_description":"Facial IMEBA\u00ae MAQUILLAJE PERMANENTE DE CEJAS \u00bfNuestra ventaja como parte de una cl\u00ednica? Nuestros m\u00e9dicos siempre pueden utilizar anestesia local. Esto no est\u00e1 permitido en estudios o centros. \u00a0 Las cejas permanentes de IMEBA\u00ae tienen una durabilidad de hasta tres a\u00f1os, por lo que, a medida que la piel envejece y las modas cambian, tiene [&hellip;]","og_url":"https:\/\/imeba.clinic\/en\/cejas-ombre-microlining\/","og_site_name":"Clinicas IMEBA\u00ae","article_publisher":"https:\/\/www.facebook.com\/clinicasimebamallorca","article_modified_time":"2023-11-08T18:08:51+00:00","og_image":[{"width":1024,"height":320,"url":"http:\/\/imeba.clinic\/wp-content\/uploads\/2023\/01\/rinomodelacion-imeba-mallorca-SLIDER-1024x320-1.jpg","type":"image\/jpeg"}],"twitter_card":"summary_large_image","twitter_site":"@IMEBAInfo","twitter_misc":{"Est. reading time":"3 minutes"},"schema":{"@context":"https:\/\/schema.org","@graph":[{"@type":"WebPage","@id":"https:\/\/imeba.clinic\/cejas-ombre-microlining\/","url":"https:\/\/imeba.clinic\/cejas-ombre-microlining\/","name":"Cejas \/ \u00d3mbre \/ Microlining - Clinicas IMEBA\u00ae","isPartOf":{"@id":"https:\/\/imeba.clinic\/#website"},"primaryImageOfPage":{"@id":"https:\/\/imeba.clinic\/cejas-ombre-microlining\/#primaryimage"},"image":{"@id":"https:\/\/imeba.clinic\/cejas-ombre-microlining\/#primaryimage"},"thumbnailUrl":"https:\/\/imeba.clinic\/wp-content\/uploads\/2023\/01\/rinomodelacion-imeba-mallorca-SLIDER-1024x320-1.jpg","datePublished":"2023-01-27T08:59:42+00:00","dateModified":"2023-11-08T18:08:51+00:00","breadcrumb":{"@id":"https:\/\/imeba.clinic\/cejas-ombre-microlining\/#breadcrumb"},"inLanguage":"en-US","potentialAction":[{"@type":"ReadAction","target":["https:\/\/imeba.clinic\/cejas-ombre-microlining\/"]}]},{"@type":"ImageObject","inLanguage":"en-US","@id":"https:\/\/imeba.clinic\/cejas-ombre-microlining\/#primaryimage","url":"https:\/\/imeba.clinic\/wp-content\/uploads\/2023\/01\/rinomodelacion-imeba-mallorca-SLIDER-1024x320-1.jpg","contentUrl":"https:\/\/imeba.clinic\/wp-content\/uploads\/2023\/01\/rinomodelacion-imeba-mallorca-SLIDER-1024x320-1.jpg","width":1024,"height":320},{"@type":"BreadcrumbList","@id":"https:\/\/imeba.clinic\/cejas-ombre-microlining\/#breadcrumb","itemListElement":[{"@type":"ListItem","position":1,"name":"Portada","item":"https:\/\/imeba.clinic\/"},{"@type":"ListItem","position":2,"name":"Cejas \/ \u00d3mbre \/ Microlining"}]},{"@type":"WebSite","@id":"https:\/\/imeba.clinic\/#website","url":"https:\/\/imeba.clinic\/","name":"Clinicas IMEBA\u00ae","description":"Medicina estetica cirugia facial","publisher":{"@id":"https:\/\/imeba.clinic\/#organization"},"potentialAction":[{"@type":"SearchAction","target":{"@type":"EntryPoint","urlTemplate":"https:\/\/imeba.clinic\/?s={search_term_string}"},"query-input":{"@type":"PropertyValueSpecification","valueRequired":true,"valueName":"search_term_string"}}],"inLanguage":"en-US"},{"@type":"Organization","@id":"https:\/\/imeba.clinic\/#organization","name":"Clinicas IMEBA\u00ae","url":"https:\/\/imeba.clinic\/","logo":{"@type":"ImageObject","inLanguage":"en-US","@id":"https:\/\/imeba.clinic\/#\/schema\/logo\/image\/","url":"https:\/\/imeba.clinic\/wp-content\/uploads\/2023\/01\/cropped-11722351_740325796094007_2206264894896353109_o.jpg","contentUrl":"https:\/\/imeba.clinic\/wp-content\/uploads\/2023\/01\/cropped-11722351_740325796094007_2206264894896353109_o.jpg","width":1221,"height":349,"caption":"Clinicas IMEBA\u00ae"},"image":{"@id":"https:\/\/imeba.clinic\/#\/schema\/logo\/image\/"},"sameAs":["https:\/\/www.facebook.com\/clinicasimebamallorca","https:\/\/x.com\/IMEBAInfo","https:\/\/www.youtube.com\/@TorstenMarin"]}]}},"_links":{"self":[{"href":"https:\/\/imeba.clinic\/en\/wp-json\/wp\/v2\/pages\/1998","targetHints":{"allow":["GET"]}}],"collection":[{"href":"https:\/\/imeba.clinic\/en\/wp-json\/wp\/v2\/pages"}],"about":[{"href":"https:\/\/imeba.clinic\/en\/wp-json\/wp\/v2\/types\/page"}],"author":[{"embeddable":true,"href":"https:\/\/imeba.clinic\/en\/wp-json\/wp\/v2\/users\/2"}],"replies":[{"embeddable":true,"href":"https:\/\/imeba.clinic\/en\/wp-json\/wp\/v2\/comments?post=1998"}],"version-history":[{"count":0,"href":"https:\/\/imeba.clinic\/en\/wp-json\/wp\/v2\/pages\/1998\/revisions"}],"wp:featuredmedia":[{"embeddable":true,"href":"https:\/\/imeba.clinic\/en\/wp-json\/wp\/v2\/media\/2023"}],"wp:attachment":[{"href":"https:\/\/imeba.clinic\/en\/wp-json\/wp\/v2\/media?parent=1998"}],"curies":[{"name":"wp","href":"https:\/\/api.w.org\/{rel}","templated":true}]}}