
{"id":1891,"date":"2023-01-25T13:25:59","date_gmt":"2023-01-25T13:25:59","guid":{"rendered":"https:\/\/imeba.clinic\/?page_id=1891"},"modified":"2025-08-07T10:06:52","modified_gmt":"2025-08-07T09:06:52","slug":"botox-anti-arrugas-de-expresion","status":"publish","type":"page","link":"https:\/\/imeba.clinic\/en\/facial\/botox-anti-arrugas-de-expresion\/","title":{"rendered":"Anti expression wrinkles"},"content":{"rendered":"<div data-elementor-type=\"wp-page\" data-elementor-id=\"1891\" class=\"elementor elementor-1891\" data-elementor-post-type=\"page\">\n\t\t\t\t\t\t<section class=\"elementor-section elementor-top-section elementor-element elementor-element-14f7ea6 elementor-section-height-min-height elementor-section-boxed elementor-section-height-default elementor-section-items-middle\" data-id=\"14f7ea6\" data-element_type=\"section\" data-settings=\"{&quot;background_background&quot;:&quot;classic&quot;,&quot;background_motion_fx_motion_fx_scrolling&quot;:&quot;yes&quot;,&quot;background_motion_fx_translateY_effect&quot;:&quot;yes&quot;,&quot;jet_parallax_layout_list&quot;:[],&quot;background_motion_fx_translateY_speed&quot;:{&quot;unit&quot;:&quot;px&quot;,&quot;size&quot;:4,&quot;sizes&quot;:[]},&quot;background_motion_fx_translateY_affectedRange&quot;:{&quot;unit&quot;:&quot;%&quot;,&quot;size&quot;:&quot;&quot;,&quot;sizes&quot;:{&quot;start&quot;:0,&quot;end&quot;:100}},&quot;background_motion_fx_devices&quot;:[&quot;desktop&quot;,&quot;tablet&quot;,&quot;mobile&quot;]}\">\n\t\t\t\t\t\t\t<div class=\"elementor-background-overlay\"><\/div>\n\t\t\t\t\t\t\t<div class=\"elementor-container elementor-column-gap-default\">\n\t\t\t\t\t<div class=\"elementor-column elementor-col-100 elementor-top-column elementor-element elementor-element-8578ffc\" data-id=\"8578ffc\" data-element_type=\"column\">\n\t\t\t<div class=\"elementor-widget-wrap elementor-element-populated\">\n\t\t\t\t\t\t<div class=\"elementor-element elementor-element-92078a0 elementor-widget elementor-widget-heading\" data-id=\"92078a0\" data-element_type=\"widget\" data-widget_type=\"heading.default\">\n\t\t\t\t\t<h5 class=\"elementor-heading-title elementor-size-default\">Face<\/h5>\t\t\t\t<\/div>\n\t\t\t\t\t<\/div>\n\t\t<\/div>\n\t\t\t\t\t<\/div>\n\t\t<\/section>\n\t\t\t\t<section class=\"elementor-section elementor-top-section elementor-element elementor-element-6a854a6 elementor-section-boxed elementor-section-height-default elementor-section-height-default\" data-id=\"6a854a6\" data-element_type=\"section\" data-settings=\"{&quot;jet_parallax_layout_list&quot;:[]}\">\n\t\t\t\t\t\t<div class=\"elementor-container elementor-column-gap-default\">\n\t\t\t\t\t<div class=\"elementor-column elementor-col-50 elementor-top-column elementor-element elementor-element-422799f\" data-id=\"422799f\" data-element_type=\"column\">\n\t\t\t<div class=\"elementor-widget-wrap elementor-element-populated\">\n\t\t\t\t\t\t<div class=\"elementor-element elementor-element-82fbfd5 elementor-widget elementor-widget-image\" data-id=\"82fbfd5\" data-element_type=\"widget\" data-widget_type=\"image.default\">\n\t\t\t\t\t\t\t\t\t\t\t\t\t\t\t<img fetchpriority=\"high\" decoding=\"async\" width=\"800\" height=\"482\" src=\"https:\/\/imeba.clinic\/wp-content\/uploads\/2023\/01\/Sin-titulo-1-1024x617.png\" class=\"attachment-large size-large wp-image-1932\" alt=\"\" srcset=\"https:\/\/imeba.clinic\/wp-content\/uploads\/2023\/01\/Sin-titulo-1-1024x617.png 1024w, https:\/\/imeba.clinic\/wp-content\/uploads\/2023\/01\/Sin-titulo-1-300x181.png 300w, https:\/\/imeba.clinic\/wp-content\/uploads\/2023\/01\/Sin-titulo-1-768x462.png 768w, https:\/\/imeba.clinic\/wp-content\/uploads\/2023\/01\/Sin-titulo-1-18x12.png 18w, https:\/\/imeba.clinic\/wp-content\/uploads\/2023\/01\/Sin-titulo-1.png 1317w\" sizes=\"(max-width: 800px) 100vw, 800px\" \/>\t\t\t\t\t\t\t\t\t\t\t\t\t\t\t<\/div>\n\t\t\t\t<div class=\"elementor-element elementor-element-0dbd1d9 elementor-widget elementor-widget-heading\" data-id=\"0dbd1d9\" data-element_type=\"widget\" data-widget_type=\"heading.default\">\n\t\t\t\t\t<h2 class=\"elementor-heading-title elementor-size-default\">ANTI EXPRESSION WRINKLES<\/h2>\t\t\t\t<\/div>\n\t\t\t\t<div class=\"elementor-element elementor-element-17ade99 elementor-widget elementor-widget-text-editor\" data-id=\"17ade99\" data-element_type=\"widget\" data-widget_type=\"text-editor.default\">\n\t\t\t\t\t\t\t\t\t<p>Anti-wrinkle treatment par excellence due to its presence in the market for more than 20 years. In our clinic we offer you this treatment performed by our expert doctors in aesthetic medicine. We guarantee the best results and an unbeatable price.<\/p>\t\t\t\t\t\t\t\t<\/div>\n\t\t\t\t<div class=\"elementor-element elementor-element-1aac492 elementor-widget elementor-widget-heading\" data-id=\"1aac492\" data-element_type=\"widget\" data-widget_type=\"heading.default\">\n\t\t\t\t\t<h2 class=\"elementor-heading-title elementor-size-default\">Treatment options<\/h2>\t\t\t\t<\/div>\n\t\t\t\t<div class=\"elementor-element elementor-element-9c651a7 advance-lists elementor-widget elementor-widget-text-editor\" data-id=\"9c651a7\" data-element_type=\"widget\" data-widget_type=\"text-editor.default\">\n\t\t\t\t\t\t\t\t\t<p>Anti expression wrinkles treatment: crow's feet, frown, forehead<\/p>\n<ul>\n<li>Complete&nbsp;<strong>275\u20ac<\/strong>&nbsp;1 vial (frente y entrecejo y patas de gallo) (incl. retoque en un plazo de 14 d\u00edas) Neuromoduladores \/ Botulinumtoxin (50UI\/1vial)<\/li><li><br><\/li>\n<li>Complete<strong>&nbsp;320\u20ac<\/strong>&nbsp;1 vial (frente y entrecejo y patas de gallo) (incl. retoque en un plazo de 14 d\u00edas) Vistabel \/ Neuromoduladores \/ Botulinumtoxin (50UI\/1vial)<\/li>\n<\/ul>\t\t\t\t\t\t\t\t<\/div>\n\t\t\t\t<div class=\"elementor-element elementor-element-cbd661c advance-lists elementor-widget elementor-widget-text-editor\" data-id=\"cbd661c\" data-element_type=\"widget\" data-widget_type=\"text-editor.default\">\n\t\t\t\t\t\t\t\t\t<p><\/p>\n<p>Treatment to eliminate excess sweating:<\/p>\n<ul>\n<li><strong>495\u20ac<\/strong>&nbsp;(armpits or hands or feet)<\/li><li><b>345\u20ac<\/b> Bruxismo \/ Masseter<\/li>\n<\/ul><div><br><\/div><div><br><\/div>\t\t\t\t\t\t\t\t<\/div>\n\t\t\t\t<div class=\"elementor-element elementor-element-3c94033 elementor-widget elementor-widget-heading\" data-id=\"3c94033\" data-element_type=\"widget\" data-widget_type=\"heading.default\">\n\t\t\t\t\t<h2 class=\"elementor-heading-title elementor-size-default\">Truths and lies about the treatment<\/h2>\t\t\t\t<\/div>\n\t\t\t\t<div class=\"elementor-element elementor-element-36bb287 advance-lists elementor-widget elementor-widget-text-editor\" data-id=\"36bb287\" data-element_type=\"widget\" data-widget_type=\"text-editor.default\">\n\t\t\t\t\t\t\t\t\t<div>Today we are going to tell you some of the truths and lies surrounding this treatment:<\/div><div>\u00a0<\/div><ul><li><span style=\"color: var( --e-global-color-secondary ); font-family: var( --e-global-typography-9ecb02f-font-family ), Sans-serif; font-size: var( --e-global-typography-9ecb02f-font-size ); font-weight: var( --e-global-typography-9ecb02f-font-weight ); letter-spacing: var( --e-global-typography-9ecb02f-letter-spacing ); word-spacing: var( --e-global-typography-9ecb02f-word-spacing );\">It is a safe treatment: TRUE. It is a treatment with a local effect, highly proven and with years of experience in clinics. It is used in various specialities within the medical field, such as: neurology, ophthalmology, etc. As long as you have this treatment carried out by a trained specialist, it is a safe treatment, and it is probably not the first time you have heard of this treatment. It is one of the most demanded treatments in aesthetic medicine.<\/span><\/li><\/ul><div>\u00a0<\/div><ul><li><span style=\"color: var( --e-global-color-secondary ); font-family: var( --e-global-typography-9ecb02f-font-family ), Sans-serif; font-size: var( --e-global-typography-9ecb02f-font-size ); font-weight: var( --e-global-typography-9ecb02f-font-weight ); letter-spacing: var( --e-global-typography-9ecb02f-letter-spacing ); word-spacing: var( --e-global-typography-9ecb02f-word-spacing );\">It's effective against sweating: TRUE. The product can be applied to eliminate excess sweating (hyperhidrosis) in a fast, safe, comfortable and effective way.<br \/><\/span><\/li><\/ul><div>\u00a0<\/div><ul><li><span style=\"color: var( --e-global-color-secondary ); font-family: var( --e-global-typography-9ecb02f-font-family ), Sans-serif; font-size: var( --e-global-typography-9ecb02f-font-size ); font-weight: var( --e-global-typography-9ecb02f-font-weight ); letter-spacing: var( --e-global-typography-9ecb02f-letter-spacing ); word-spacing: var( --e-global-typography-9ecb02f-word-spacing );\">It shouldn't be injected during pregnancy or lactation: TRUE. There is insufficient data available in women. It is unknown whether it gets excreted in breast milk, and therefore its use is not recommended during pregnancy and lactation.<br \/><\/span><\/li><\/ul><div>\u00a0<\/div><ul><li><span style=\"color: var( --e-global-color-secondary ); font-family: var( --e-global-typography-9ecb02f-font-family ), Sans-serif; font-size: var( --e-global-typography-9ecb02f-font-size ); font-weight: var( --e-global-typography-9ecb02f-font-weight ); letter-spacing: var( --e-global-typography-9ecb02f-letter-spacing ); word-spacing: var( --e-global-typography-9ecb02f-word-spacing );\">It's an effective lip filler treatment: FALSE. This is simply madness. The product helps to relax the muscles and provides absolutely no volume. If you are interested in a lip filler, a hyaluronic acid injection is ideal.<br \/><\/span><\/li><\/ul><div>\u00a0<\/div><ul><li><span style=\"color: var( --e-global-color-secondary ); font-family: var( --e-global-typography-9ecb02f-font-family ), Sans-serif; font-size: var( --e-global-typography-9ecb02f-font-size ); font-weight: var( --e-global-typography-9ecb02f-font-weight ); letter-spacing: var( --e-global-typography-9ecb02f-letter-spacing ); word-spacing: var( --e-global-typography-9ecb02f-word-spacing );\">The product leaves the face expressionless: FALSE. The important thing about these treatments is who performs them. Make sure you put yourself in the hands of professionals who know your facial muscles perfectly and thus avoid unwanted results.<br \/><\/span><\/li><\/ul><div>\u00a0<\/div><ul><li><span style=\"color: var( --e-global-color-secondary ); font-family: var( --e-global-typography-9ecb02f-font-family ), Sans-serif; font-size: var( --e-global-typography-9ecb02f-font-size ); font-weight: var( --e-global-typography-9ecb02f-font-weight ); letter-spacing: var( --e-global-typography-9ecb02f-letter-spacing ); word-spacing: var( --e-global-typography-9ecb02f-word-spacing );\">The injection is painful: FALSE. The needles are very fine and doctors usually apply a numbing cream or ice locally to reduce sensitivity.<br \/><\/span><\/li><\/ul><div>\u00a0<\/div><ul><li><span style=\"color: var( --e-global-color-secondary ); font-family: var( --e-global-typography-9ecb02f-font-family ), Sans-serif; font-size: var( --e-global-typography-9ecb02f-font-size ); font-weight: var( --e-global-typography-9ecb02f-font-weight ); letter-spacing: var( --e-global-typography-9ecb02f-letter-spacing ); word-spacing: var( --e-global-typography-9ecb02f-word-spacing );\">When you stop applying the product, wrinkles become more noticeable: FALSE. It's true that the effect of the product wears off, but the new wrinkles are not more pronounced than the old ones, but less so. We simply get used to the smooth and youthful appearance of our skin, and if a new wrinkle appears, it attracts more attention.<\/span><\/li><\/ul>\t\t\t\t\t\t\t\t<\/div>\n\t\t\t\t\t<\/div>\n\t\t<\/div>\n\t\t\t\t<div class=\"elementor-column elementor-col-50 elementor-top-column elementor-element elementor-element-ac1a05d\" data-id=\"ac1a05d\" data-element_type=\"column\">\n\t\t\t<div class=\"elementor-widget-wrap elementor-element-populated\">\n\t\t\t\t\t\t<section class=\"elementor-section elementor-inner-section elementor-element elementor-element-0449f5b elementor-section-boxed elementor-section-height-default elementor-section-height-default\" data-id=\"0449f5b\" data-element_type=\"section\" data-settings=\"{&quot;background_background&quot;:&quot;classic&quot;,&quot;sticky&quot;:&quot;top&quot;,&quot;sticky_offset&quot;:120,&quot;sticky_parent&quot;:&quot;yes&quot;,&quot;jet_parallax_layout_list&quot;:[],&quot;sticky_on&quot;:[&quot;desktop&quot;,&quot;tablet&quot;,&quot;mobile&quot;],&quot;sticky_effects_offset&quot;:0,&quot;sticky_anchor_link_offset&quot;:0}\">\n\t\t\t\t\t\t<div class=\"elementor-container elementor-column-gap-default\">\n\t\t\t\t\t<div class=\"elementor-column elementor-col-100 elementor-inner-column elementor-element elementor-element-da8d40e\" data-id=\"da8d40e\" data-element_type=\"column\">\n\t\t\t<div class=\"elementor-widget-wrap elementor-element-populated\">\n\t\t\t\t\t\t<div class=\"elementor-element elementor-element-a2091af elementor-widget elementor-widget-heading\" data-id=\"a2091af\" data-element_type=\"widget\" data-widget_type=\"heading.default\">\n\t\t\t\t\t<h2 class=\"elementor-heading-title elementor-size-default\">Price<\/h2>\t\t\t\t<\/div>\n\t\t\t\t<div class=\"elementor-element elementor-element-120ebcd Price elementor-widget elementor-widget-heading\" data-id=\"120ebcd\" data-element_type=\"widget\" data-widget_type=\"heading.default\">\n\t\t\t\t\t<h2 class=\"elementor-heading-title elementor-size-default\">275\u20ac<\/h2>\t\t\t\t<\/div>\n\t\t\t\t<div class=\"elementor-element elementor-element-3cec791 elementor-widget elementor-widget-text-editor\" data-id=\"3cec791\" data-element_type=\"widget\" data-widget_type=\"text-editor.default\">\n\t\t\t\t\t\t\t\t\t<p>Bocouture<\/p>\t\t\t\t\t\t\t\t<\/div>\n\t\t\t\t<div class=\"elementor-element elementor-element-793aa8e elementor-widget-divider--view-line elementor-widget elementor-widget-divider\" data-id=\"793aa8e\" data-element_type=\"widget\" data-widget_type=\"divider.default\">\n\t\t\t\t\t\t\t<div class=\"elementor-divider\">\n\t\t\t<span class=\"elementor-divider-separator\">\n\t\t\t\t\t\t<\/span>\n\t\t<\/div>\n\t\t\t\t\t\t<\/div>\n\t\t\t\t<div class=\"elementor-element elementor-element-433a3e1 Price elementor-widget elementor-widget-heading\" data-id=\"433a3e1\" data-element_type=\"widget\" data-widget_type=\"heading.default\">\n\t\t\t\t\t<h2 class=\"elementor-heading-title elementor-size-default\">320\u20ac<\/h2>\t\t\t\t<\/div>\n\t\t\t\t<div class=\"elementor-element elementor-element-78fbac8 elementor-widget elementor-widget-text-editor\" data-id=\"78fbac8\" data-element_type=\"widget\" data-widget_type=\"text-editor.default\">\n\t\t\t\t\t\t\t\t\t<p>Vistabel<\/p>\t\t\t\t\t\t\t\t<\/div>\n\t\t\t\t<div class=\"elementor-element elementor-element-8b1ceb3 elementor-widget elementor-widget-text-editor\" data-id=\"8b1ceb3\" data-element_type=\"widget\" data-widget_type=\"text-editor.default\">\n\t\t\t\t\t\t\t\t\t<p>You may also message us through WhatsApp.<\/p>\t\t\t\t\t\t\t\t<\/div>\n\t\t\t\t<div class=\"elementor-element elementor-element-03edf27 elementor-widget__width-inherit elementor-mobile-align-justify elementor-widget-mobile__width-inherit elementor-tablet-align-justify elementor-widget-tablet__width-inherit elementor-align-justify elementor-widget elementor-widget-button\" data-id=\"03edf27\" data-element_type=\"widget\" data-widget_type=\"button.default\">\n\t\t\t\t\t\t\t\t\t\t<a class=\"elementor-button elementor-button-link elementor-size-sm\" href=\"https:\/\/api.whatsapp.com\/send?phone=34653620509&#038;text=Hola%20Cl%C3%ADnicas%20IMEBA,%20ponte%20en%20contacto%20conmigo.%20(Anti%20arrugas%20de%20expresi%C3%B3n)%20Muchas%20gracias.%20\">\n\t\t\t\t\t\t<span class=\"elementor-button-content-wrapper\">\n\t\t\t\t\t\t\t\t\t<span class=\"elementor-button-text\">BOOK NOW<\/span>\n\t\t\t\t\t<\/span>\n\t\t\t\t\t<\/a>\n\t\t\t\t\t\t\t\t<\/div>\n\t\t\t\t\t<\/div>\n\t\t<\/div>\n\t\t\t\t\t<\/div>\n\t\t<\/section>\n\t\t\t\t\t<\/div>\n\t\t<\/div>\n\t\t\t\t\t<\/div>\n\t\t<\/section>\n\t\t\t\t<\/div>","protected":false},"excerpt":{"rendered":"<p>Facial ANTI ARRUGAS DE EXPRESI\u00d3N Tratamiento antiarrugas por excelencia debido a su presencia en el mercado desde hace m\u00e1s de 20 a\u00f1os. En nuestra cl\u00ednica le ofrecemos este tratamiento realizado por nuestros m\u00e9dicos expertos en medicina est\u00e9tica. Le garantizamos los mejores resultados adem\u00e1s de un precio inmejorable. Opciones de tratamiento Tratamiento antiarrugas de expresi\u00f3n: patas [&hellip;]<\/p>","protected":false},"author":2,"featured_media":1932,"parent":1327,"menu_order":1,"comment_status":"closed","ping_status":"closed","template":"elementor_header_footer","meta":{"footnotes":""},"class_list":["post-1891","page","type-page","status-publish","has-post-thumbnail","hentry"],"yoast_head":"<!-- This site is optimized with the Yoast SEO plugin v25.8 - https:\/\/yoast.com\/wordpress\/plugins\/seo\/ -->\n<title>Anti arrugas de expresi\u00f3n - Clinicas IMEBA\u00ae<\/title>\n<meta name=\"robots\" content=\"index, follow, max-snippet:-1, max-image-preview:large, max-video-preview:-1\" \/>\n<link rel=\"canonical\" href=\"https:\/\/imeba.clinic\/en\/facial\/botox-anti-arrugas-de-expresion\/\" \/>\n<meta property=\"og:locale\" content=\"en_US\" \/>\n<meta property=\"og:type\" content=\"article\" \/>\n<meta property=\"og:title\" content=\"Anti arrugas de expresi\u00f3n - Clinicas IMEBA\u00ae\" \/>\n<meta property=\"og:description\" content=\"Facial ANTI ARRUGAS DE EXPRESI\u00d3N Tratamiento antiarrugas por excelencia debido a su presencia en el mercado desde hace m\u00e1s de 20 a\u00f1os. En nuestra cl\u00ednica le ofrecemos este tratamiento realizado por nuestros m\u00e9dicos expertos en medicina est\u00e9tica. Le garantizamos los mejores resultados adem\u00e1s de un precio inmejorable. Opciones de tratamiento Tratamiento antiarrugas de expresi\u00f3n: patas [&hellip;]\" \/>\n<meta property=\"og:url\" content=\"https:\/\/imeba.clinic\/en\/facial\/botox-anti-arrugas-de-expresion\/\" \/>\n<meta property=\"og:site_name\" content=\"Clinicas IMEBA\u00ae\" \/>\n<meta property=\"article:publisher\" content=\"https:\/\/www.facebook.com\/clinicasimebamallorca\" \/>\n<meta property=\"article:modified_time\" content=\"2025-08-07T09:06:52+00:00\" \/>\n<meta property=\"og:image\" content=\"http:\/\/imeba.clinic\/wp-content\/uploads\/2023\/01\/Sin-titulo-1.png\" \/>\n\t<meta property=\"og:image:width\" content=\"1317\" \/>\n\t<meta property=\"og:image:height\" content=\"793\" \/>\n\t<meta property=\"og:image:type\" content=\"image\/png\" \/>\n<meta name=\"twitter:card\" content=\"summary_large_image\" \/>\n<meta name=\"twitter:site\" content=\"@IMEBAInfo\" \/>\n<meta name=\"twitter:label1\" content=\"Est. reading time\" \/>\n\t<meta name=\"twitter:data1\" content=\"3 minutes\" \/>\n<script type=\"application\/ld+json\" class=\"yoast-schema-graph\">{\"@context\":\"https:\/\/schema.org\",\"@graph\":[{\"@type\":\"WebPage\",\"@id\":\"https:\/\/imeba.clinic\/facial\/botox-anti-arrugas-de-expresion\/\",\"url\":\"https:\/\/imeba.clinic\/facial\/botox-anti-arrugas-de-expresion\/\",\"name\":\"Anti arrugas de expresi\u00f3n - Clinicas IMEBA\u00ae\",\"isPartOf\":{\"@id\":\"https:\/\/imeba.clinic\/#website\"},\"primaryImageOfPage\":{\"@id\":\"https:\/\/imeba.clinic\/facial\/botox-anti-arrugas-de-expresion\/#primaryimage\"},\"image\":{\"@id\":\"https:\/\/imeba.clinic\/facial\/botox-anti-arrugas-de-expresion\/#primaryimage\"},\"thumbnailUrl\":\"https:\/\/imeba.clinic\/wp-content\/uploads\/2023\/01\/Sin-titulo-1.png\",\"datePublished\":\"2023-01-25T13:25:59+00:00\",\"dateModified\":\"2025-08-07T09:06:52+00:00\",\"breadcrumb\":{\"@id\":\"https:\/\/imeba.clinic\/facial\/botox-anti-arrugas-de-expresion\/#breadcrumb\"},\"inLanguage\":\"en-US\",\"potentialAction\":[{\"@type\":\"ReadAction\",\"target\":[\"https:\/\/imeba.clinic\/facial\/botox-anti-arrugas-de-expresion\/\"]}]},{\"@type\":\"ImageObject\",\"inLanguage\":\"en-US\",\"@id\":\"https:\/\/imeba.clinic\/facial\/botox-anti-arrugas-de-expresion\/#primaryimage\",\"url\":\"https:\/\/imeba.clinic\/wp-content\/uploads\/2023\/01\/Sin-titulo-1.png\",\"contentUrl\":\"https:\/\/imeba.clinic\/wp-content\/uploads\/2023\/01\/Sin-titulo-1.png\",\"width\":1317,\"height\":793},{\"@type\":\"BreadcrumbList\",\"@id\":\"https:\/\/imeba.clinic\/facial\/botox-anti-arrugas-de-expresion\/#breadcrumb\",\"itemListElement\":[{\"@type\":\"ListItem\",\"position\":1,\"name\":\"Portada\",\"item\":\"https:\/\/imeba.clinic\/\"},{\"@type\":\"ListItem\",\"position\":2,\"name\":\"Facial\",\"item\":\"https:\/\/imeba.clinic\/facial\/\"},{\"@type\":\"ListItem\",\"position\":3,\"name\":\"Anti arrugas de expresi\u00f3n\"}]},{\"@type\":\"WebSite\",\"@id\":\"https:\/\/imeba.clinic\/#website\",\"url\":\"https:\/\/imeba.clinic\/\",\"name\":\"Clinicas IMEBA\u00ae\",\"description\":\"Medicina estetica cirugia facial\",\"publisher\":{\"@id\":\"https:\/\/imeba.clinic\/#organization\"},\"potentialAction\":[{\"@type\":\"SearchAction\",\"target\":{\"@type\":\"EntryPoint\",\"urlTemplate\":\"https:\/\/imeba.clinic\/?s={search_term_string}\"},\"query-input\":{\"@type\":\"PropertyValueSpecification\",\"valueRequired\":true,\"valueName\":\"search_term_string\"}}],\"inLanguage\":\"en-US\"},{\"@type\":\"Organization\",\"@id\":\"https:\/\/imeba.clinic\/#organization\",\"name\":\"Clinicas IMEBA\u00ae\",\"url\":\"https:\/\/imeba.clinic\/\",\"logo\":{\"@type\":\"ImageObject\",\"inLanguage\":\"en-US\",\"@id\":\"https:\/\/imeba.clinic\/#\/schema\/logo\/image\/\",\"url\":\"https:\/\/imeba.clinic\/wp-content\/uploads\/2023\/01\/cropped-11722351_740325796094007_2206264894896353109_o.jpg\",\"contentUrl\":\"https:\/\/imeba.clinic\/wp-content\/uploads\/2023\/01\/cropped-11722351_740325796094007_2206264894896353109_o.jpg\",\"width\":1221,\"height\":349,\"caption\":\"Clinicas IMEBA\u00ae\"},\"image\":{\"@id\":\"https:\/\/imeba.clinic\/#\/schema\/logo\/image\/\"},\"sameAs\":[\"https:\/\/www.facebook.com\/clinicasimebamallorca\",\"https:\/\/x.com\/IMEBAInfo\",\"https:\/\/www.youtube.com\/@TorstenMarin\"]}]}<\/script>\n<!-- \/ Yoast SEO plugin. -->","yoast_head_json":{"title":"Anti arrugas de expresi\u00f3n - Clinicas IMEBA\u00ae","robots":{"index":"index","follow":"follow","max-snippet":"max-snippet:-1","max-image-preview":"max-image-preview:large","max-video-preview":"max-video-preview:-1"},"canonical":"https:\/\/imeba.clinic\/en\/facial\/botox-anti-arrugas-de-expresion\/","og_locale":"en_US","og_type":"article","og_title":"Anti arrugas de expresi\u00f3n - Clinicas IMEBA\u00ae","og_description":"Facial ANTI ARRUGAS DE EXPRESI\u00d3N Tratamiento antiarrugas por excelencia debido a su presencia en el mercado desde hace m\u00e1s de 20 a\u00f1os. En nuestra cl\u00ednica le ofrecemos este tratamiento realizado por nuestros m\u00e9dicos expertos en medicina est\u00e9tica. Le garantizamos los mejores resultados adem\u00e1s de un precio inmejorable. Opciones de tratamiento Tratamiento antiarrugas de expresi\u00f3n: patas [&hellip;]","og_url":"https:\/\/imeba.clinic\/en\/facial\/botox-anti-arrugas-de-expresion\/","og_site_name":"Clinicas IMEBA\u00ae","article_publisher":"https:\/\/www.facebook.com\/clinicasimebamallorca","article_modified_time":"2025-08-07T09:06:52+00:00","og_image":[{"width":1317,"height":793,"url":"http:\/\/imeba.clinic\/wp-content\/uploads\/2023\/01\/Sin-titulo-1.png","type":"image\/png"}],"twitter_card":"summary_large_image","twitter_site":"@IMEBAInfo","twitter_misc":{"Est. reading time":"3 minutes"},"schema":{"@context":"https:\/\/schema.org","@graph":[{"@type":"WebPage","@id":"https:\/\/imeba.clinic\/facial\/botox-anti-arrugas-de-expresion\/","url":"https:\/\/imeba.clinic\/facial\/botox-anti-arrugas-de-expresion\/","name":"Anti arrugas de expresi\u00f3n - Clinicas IMEBA\u00ae","isPartOf":{"@id":"https:\/\/imeba.clinic\/#website"},"primaryImageOfPage":{"@id":"https:\/\/imeba.clinic\/facial\/botox-anti-arrugas-de-expresion\/#primaryimage"},"image":{"@id":"https:\/\/imeba.clinic\/facial\/botox-anti-arrugas-de-expresion\/#primaryimage"},"thumbnailUrl":"https:\/\/imeba.clinic\/wp-content\/uploads\/2023\/01\/Sin-titulo-1.png","datePublished":"2023-01-25T13:25:59+00:00","dateModified":"2025-08-07T09:06:52+00:00","breadcrumb":{"@id":"https:\/\/imeba.clinic\/facial\/botox-anti-arrugas-de-expresion\/#breadcrumb"},"inLanguage":"en-US","potentialAction":[{"@type":"ReadAction","target":["https:\/\/imeba.clinic\/facial\/botox-anti-arrugas-de-expresion\/"]}]},{"@type":"ImageObject","inLanguage":"en-US","@id":"https:\/\/imeba.clinic\/facial\/botox-anti-arrugas-de-expresion\/#primaryimage","url":"https:\/\/imeba.clinic\/wp-content\/uploads\/2023\/01\/Sin-titulo-1.png","contentUrl":"https:\/\/imeba.clinic\/wp-content\/uploads\/2023\/01\/Sin-titulo-1.png","width":1317,"height":793},{"@type":"BreadcrumbList","@id":"https:\/\/imeba.clinic\/facial\/botox-anti-arrugas-de-expresion\/#breadcrumb","itemListElement":[{"@type":"ListItem","position":1,"name":"Portada","item":"https:\/\/imeba.clinic\/"},{"@type":"ListItem","position":2,"name":"Facial","item":"https:\/\/imeba.clinic\/facial\/"},{"@type":"ListItem","position":3,"name":"Anti arrugas de expresi\u00f3n"}]},{"@type":"WebSite","@id":"https:\/\/imeba.clinic\/#website","url":"https:\/\/imeba.clinic\/","name":"Clinicas IMEBA\u00ae","description":"Medicina estetica cirugia facial","publisher":{"@id":"https:\/\/imeba.clinic\/#organization"},"potentialAction":[{"@type":"SearchAction","target":{"@type":"EntryPoint","urlTemplate":"https:\/\/imeba.clinic\/?s={search_term_string}"},"query-input":{"@type":"PropertyValueSpecification","valueRequired":true,"valueName":"search_term_string"}}],"inLanguage":"en-US"},{"@type":"Organization","@id":"https:\/\/imeba.clinic\/#organization","name":"Clinicas IMEBA\u00ae","url":"https:\/\/imeba.clinic\/","logo":{"@type":"ImageObject","inLanguage":"en-US","@id":"https:\/\/imeba.clinic\/#\/schema\/logo\/image\/","url":"https:\/\/imeba.clinic\/wp-content\/uploads\/2023\/01\/cropped-11722351_740325796094007_2206264894896353109_o.jpg","contentUrl":"https:\/\/imeba.clinic\/wp-content\/uploads\/2023\/01\/cropped-11722351_740325796094007_2206264894896353109_o.jpg","width":1221,"height":349,"caption":"Clinicas IMEBA\u00ae"},"image":{"@id":"https:\/\/imeba.clinic\/#\/schema\/logo\/image\/"},"sameAs":["https:\/\/www.facebook.com\/clinicasimebamallorca","https:\/\/x.com\/IMEBAInfo","https:\/\/www.youtube.com\/@TorstenMarin"]}]}},"_links":{"self":[{"href":"https:\/\/imeba.clinic\/en\/wp-json\/wp\/v2\/pages\/1891","targetHints":{"allow":["GET"]}}],"collection":[{"href":"https:\/\/imeba.clinic\/en\/wp-json\/wp\/v2\/pages"}],"about":[{"href":"https:\/\/imeba.clinic\/en\/wp-json\/wp\/v2\/types\/page"}],"author":[{"embeddable":true,"href":"https:\/\/imeba.clinic\/en\/wp-json\/wp\/v2\/users\/2"}],"replies":[{"embeddable":true,"href":"https:\/\/imeba.clinic\/en\/wp-json\/wp\/v2\/comments?post=1891"}],"version-history":[{"count":6,"href":"https:\/\/imeba.clinic\/en\/wp-json\/wp\/v2\/pages\/1891\/revisions"}],"predecessor-version":[{"id":10162,"href":"https:\/\/imeba.clinic\/en\/wp-json\/wp\/v2\/pages\/1891\/revisions\/10162"}],"up":[{"embeddable":true,"href":"https:\/\/imeba.clinic\/en\/wp-json\/wp\/v2\/pages\/1327"}],"wp:featuredmedia":[{"embeddable":true,"href":"https:\/\/imeba.clinic\/en\/wp-json\/wp\/v2\/media\/1932"}],"wp:attachment":[{"href":"https:\/\/imeba.clinic\/en\/wp-json\/wp\/v2\/media?parent=1891"}],"curies":[{"name":"wp","href":"https:\/\/api.w.org\/{rel}","templated":true}]}}