
{"id":1462,"date":"2023-01-15T12:10:01","date_gmt":"2023-01-15T12:10:01","guid":{"rendered":"https:\/\/imeba.clinic\/?page_id=1462"},"modified":"2023-01-15T12:30:24","modified_gmt":"2023-01-15T12:30:24","slug":"imeba-tv","status":"publish","type":"page","link":"https:\/\/imeba.clinic\/en\/imeba-tv\/","title":{"rendered":"IMEBA TV"},"content":{"rendered":"<div data-elementor-type=\"wp-page\" data-elementor-id=\"1462\" class=\"elementor elementor-1462\" data-elementor-post-type=\"page\">\n\t\t\t\t\t\t<section class=\"elementor-section elementor-top-section elementor-element elementor-element-e17785f elementor-section-height-min-height elementor-section-boxed elementor-section-height-default elementor-section-items-middle\" data-id=\"e17785f\" data-element_type=\"section\" data-settings=\"{&quot;background_background&quot;:&quot;classic&quot;,&quot;jet_parallax_layout_list&quot;:[]}\">\n\t\t\t\t\t\t\t<div class=\"elementor-background-overlay\"><\/div>\n\t\t\t\t\t\t\t<div class=\"elementor-container elementor-column-gap-default\">\n\t\t\t\t\t<div class=\"elementor-column elementor-col-100 elementor-top-column elementor-element elementor-element-bfad9db\" data-id=\"bfad9db\" data-element_type=\"column\">\n\t\t\t<div class=\"elementor-widget-wrap elementor-element-populated\">\n\t\t\t\t\t\t<div class=\"elementor-element elementor-element-1c18493 elementor-widget-divider--view-line elementor-widget elementor-widget-divider\" data-id=\"1c18493\" data-element_type=\"widget\" data-widget_type=\"divider.default\">\n\t\t\t\t\t\t\t<div class=\"elementor-divider\">\n\t\t\t<span class=\"elementor-divider-separator\">\n\t\t\t\t\t\t<\/span>\n\t\t<\/div>\n\t\t\t\t\t\t<\/div>\n\t\t\t\t\t<\/div>\n\t\t<\/div>\n\t\t\t\t\t<\/div>\n\t\t<\/section>\n\t\t\t\t<section class=\"elementor-section elementor-top-section elementor-element elementor-element-4e46f36 elementor-section-boxed elementor-section-height-default elementor-section-height-default\" data-id=\"4e46f36\" data-element_type=\"section\" data-settings=\"{&quot;jet_parallax_layout_list&quot;:[]}\">\n\t\t\t\t\t\t<div class=\"elementor-container elementor-column-gap-default\">\n\t\t\t\t\t<div class=\"elementor-column elementor-col-100 elementor-top-column elementor-element elementor-element-859eff9\" data-id=\"859eff9\" data-element_type=\"column\">\n\t\t\t<div class=\"elementor-widget-wrap elementor-element-populated\">\n\t\t\t\t\t\t<div class=\"elementor-element elementor-element-a9b4d20 elementor-widget elementor-widget-bdt-video-gallery\" data-id=\"a9b4d20\" data-element_type=\"widget\" data-widget_type=\"bdt-video-gallery.default\">\n\t\t\t\t<div class=\"elementor-widget-container\">\n\t\t\t\t\t\t\t\t\t<div class=\"bdt-video-gallery rvs-container rvs-flat-circle-play\">\n\t\t\t\t\t<div class=\"rvs-item-container\">\n\t\t\t\t\t\t<div class=\"rvs-item-stage\">\n\t\t\t\t\t\t\t\t\t<!-- items go here -->\n\t\t\t<div class=\"rvs-item\" style=\"background-image: url(https:\/\/img.youtube.com\/vi\/Fi7LlEDVtro\/maxresdefault.jpg)\">\n\n\t\t\t\t\t\t\t\t\t<div class=\"rvs-item-text\">\n\n\t\t\t\t\t\t\t\t\t\t\t\t\t<h2 class=\"bdt-vg-video-title\">Consulta gratuita espa\u00f1ol<\/h2>\n\t\t\t\t\t\t\n\t\t\t\t\t\t\t\t\t\t\t\t\t<div class=\"bdt-vg-video-desc\">espa\u00f1ol<\/div>\n\t\t\t\t\t\t\n\t\t\t\t\t<\/div>\n\t\t\t\t\n\t\t\t\t<a href=\"https:\/\/www.youtube.com\/watch?v=Fi7LlEDVtro\" class=\"rvs-play-video\"><\/a>\n\t\t\t<\/div>\n\n\t\t\t\t\t<!-- items go here -->\n\t\t\t<div class=\"rvs-item\" style=\"background-image: url(https:\/\/img.youtube.com\/vi\/ZTcPF6lG7LU\/maxresdefault.jpg)\">\n\n\t\t\t\t\t\t\t\t\t<div class=\"rvs-item-text\">\n\n\t\t\t\t\t\t\t\t\t\t\t\t\t<h2 class=\"bdt-vg-video-title\">Free consultation english<\/h2>\n\t\t\t\t\t\t\n\t\t\t\t\t\t\t\t\t\t\t\t\t<div class=\"bdt-vg-video-desc\">english<\/div>\n\t\t\t\t\t\t\n\t\t\t\t\t<\/div>\n\t\t\t\t\n\t\t\t\t<a href=\"https:\/\/www.youtube.com\/watch?v=ZTcPF6lG7LU\" class=\"rvs-play-video\"><\/a>\n\t\t\t<\/div>\n\n\t\t\t\t\t<!-- items go here -->\n\t\t\t<div class=\"rvs-item\" style=\"background-image: url(https:\/\/img.youtube.com\/vi\/svBFbNVa4ok\/maxresdefault.jpg)\">\n\n\t\t\t\t\t\t\t\t\t<div class=\"rvs-item-text\">\n\n\t\t\t\t\t\t\t\t\t\t\t\t\t<h2 class=\"bdt-vg-video-title\">Kostenfreie Beratung deutsch<\/h2>\n\t\t\t\t\t\t\n\t\t\t\t\t\t\t\t\t\t\t\t\t<div class=\"bdt-vg-video-desc\">deutsch<\/div>\n\t\t\t\t\t\t\n\t\t\t\t\t<\/div>\n\t\t\t\t\n\t\t\t\t<a href=\"https:\/\/www.youtube.com\/watch?v=svBFbNVa4ok\" class=\"rvs-play-video\"><\/a>\n\t\t\t<\/div>\n\n\t\t\t\t\t<!-- items go here -->\n\t\t\t<div class=\"rvs-item\" style=\"background-image: url(https:\/\/img.youtube.com\/vi\/4G9uUtyzCZs\/maxresdefault.jpg)\">\n\n\t\t\t\t\t\t\t\t\t<div class=\"rvs-item-text\">\n\n\t\t\t\t\t\t\t\t\t\t\t\t\t<h2 class=\"bdt-vg-video-title\">kostenfreie Beratung \/ Ablauf deutsch<\/h2>\n\t\t\t\t\t\t\n\t\t\t\t\t\t\t\t\t\t\t\t\t<div class=\"bdt-vg-video-desc\">deutsch<\/div>\n\t\t\t\t\t\t\n\t\t\t\t\t<\/div>\n\t\t\t\t\n\t\t\t\t<a href=\"https:\/\/www.youtube.com\/watch?v=4G9uUtyzCZs\" class=\"rvs-play-video\"><\/a>\n\t\t\t<\/div>\n\n\t\t\t\t\t<!-- items go here -->\n\t\t\t<div class=\"rvs-item\" style=\"background-image: url(https:\/\/img.youtube.com\/vi\/NS2uQdPdHlo\/maxresdefault.jpg)\">\n\n\t\t\t\t\t\t\t\t\t<div class=\"rvs-item-text\">\n\n\t\t\t\t\t\t\t\t\t\t\t\t\t<h2 class=\"bdt-vg-video-title\">Permanent Make Up deutsch<\/h2>\n\t\t\t\t\t\t\n\t\t\t\t\t\t\t\t\t\t\t\t\t<div class=\"bdt-vg-video-desc\">deutsch<\/div>\n\t\t\t\t\t\t\n\t\t\t\t\t<\/div>\n\t\t\t\t\n\t\t\t\t<a href=\"https:\/\/www.youtube.com\/watch?v=NS2uQdPdHlo\" class=\"rvs-play-video\"><\/a>\n\t\t\t<\/div>\n\n\t\t\t\t\t<!-- items go here -->\n\t\t\t<div class=\"rvs-item\" style=\"background-image: url(https:\/\/img.youtube.com\/vi\/TyHpbmd402o\/maxresdefault.jpg)\">\n\n\t\t\t\t\t\t\t\t\t<div class=\"rvs-item-text\">\n\n\t\t\t\t\t\t\t\t\t\t\t\t\t<h2 class=\"bdt-vg-video-title\">Permanent Make Up english<\/h2>\n\t\t\t\t\t\t\n\t\t\t\t\t\t\t\t\t\t\t\t\t<div class=\"bdt-vg-video-desc\">english<\/div>\n\t\t\t\t\t\t\n\t\t\t\t\t<\/div>\n\t\t\t\t\n\t\t\t\t<a href=\"https:\/\/www.youtube.com\/watch?v=TyHpbmd402o\" class=\"rvs-play-video\"><\/a>\n\t\t\t<\/div>\n\n\t\t\t\t\t<!-- items go here -->\n\t\t\t<div class=\"rvs-item\" style=\"background-image: url(https:\/\/img.youtube.com\/vi\/6zMTuBD2jrQ\/maxresdefault.jpg)\">\n\n\t\t\t\t\t\t\t\t\t<div class=\"rvs-item-text\">\n\n\t\t\t\t\t\t\t\t\t\t\t\t\t<h2 class=\"bdt-vg-video-title\">Maquillaje Permanente espa\u00f1ol<\/h2>\n\t\t\t\t\t\t\n\t\t\t\t\t\t\t\t\t\t\t\t\t<div class=\"bdt-vg-video-desc\">espa\u00f1ol<\/div>\n\t\t\t\t\t\t\n\t\t\t\t\t<\/div>\n\t\t\t\t\n\t\t\t\t<a href=\"https:\/\/www.youtube.com\/watch?v=6zMTuBD2jrQ\" class=\"rvs-play-video\"><\/a>\n\t\t\t<\/div>\n\n\t\t\t\t\t<!-- items go here -->\n\t\t\t<div class=\"rvs-item\" style=\"background-image: url(https:\/\/img.youtube.com\/vi\/Mmw23rwYQKM\/maxresdefault.jpg)\">\n\n\t\t\t\t\t\t\t\t\t<div class=\"rvs-item-text\">\n\n\t\t\t\t\t\t\t\t\t\t\t\t\t<h2 class=\"bdt-vg-video-title\">Kostenfreie Beratung deutsch<\/h2>\n\t\t\t\t\t\t\n\t\t\t\t\t\t\t\t\t\t\t\t\t<div class=\"bdt-vg-video-desc\">deutsch<\/div>\n\t\t\t\t\t\t\n\t\t\t\t\t<\/div>\n\t\t\t\t\n\t\t\t\t<a href=\"https:\/\/www.youtube.com\/watch?v=Mmw23rwYQKM\" class=\"rvs-play-video\"><\/a>\n\t\t\t<\/div>\n\n\t\t\t\t\t<!-- items go here -->\n\t\t\t<div class=\"rvs-item\" style=\"background-image: url(https:\/\/img.youtube.com\/vi\/FB5WcjiVHsM\/maxresdefault.jpg)\">\n\n\t\t\t\t\t\t\t\t\t<div class=\"rvs-item-text\">\n\n\t\t\t\t\t\t\t\t\t\t\t\t\t<h2 class=\"bdt-vg-video-title\">Consulta gratuita espa\u00f1ol<\/h2>\n\t\t\t\t\t\t\n\t\t\t\t\t\t\t\t\t\t\t\t\t<div class=\"bdt-vg-video-desc\">espa\u00f1ol<\/div>\n\t\t\t\t\t\t\n\t\t\t\t\t<\/div>\n\t\t\t\t\n\t\t\t\t<a href=\"https:\/\/www.youtube.com\/watch?v=FB5WcjiVHsM\" class=\"rvs-play-video\"><\/a>\n\t\t\t<\/div>\n\n\t\t\n\n\t\t<\/div>\n\t\t<\/div>\n\n\t\t\t\t\t<div class=\"rvs-nav-container\">\n\t\t\t\t<a class=\"rvs-nav-prev\"><\/a>\n\t\t\t\t<div class=\"rvs-nav-stage\">\n\n\t\t\t\t\t\t\t\t\t\t\t<!-- nav items go here -->\n\t\t\t\t\t\t<a class=\"rvs-nav-item\">\n\n\t\t\t\t\t\t\t\t\t\t\t\t\t\t\t<span class=\"rvs-nav-item-thumb\" style=\"background-image: url(https:\/\/img.youtube.com\/vi\/Fi7LlEDVtro\/default.jpg)\"><\/span>\n\t\t\t\t\t\t\t\n\t\t\t\t\t\t\t\t\t\t\t\t\t\t\t<h4 class=\"rvs-nav-item-title\" title=\"Consulta gratuita espa\u00f1ol\">Consulta gratuita espa\u00f1ol<\/h4>\n\t\t\t\t\t\t\t\n\t\t\t\t\t\t\t\t\t\t\t\t\t\t\t<div class=\"rvs-nav-item-credits\" title=\"espa\u00f1ol\">espa\u00f1ol<\/div>\n\t\t\t\t\t\t\t\t\t\t\t\t\t<\/a>\n\n\t\t\t\t\t\t\t\t\t\t\t<!-- nav items go here -->\n\t\t\t\t\t\t<a class=\"rvs-nav-item\">\n\n\t\t\t\t\t\t\t\t\t\t\t\t\t\t\t<span class=\"rvs-nav-item-thumb\" style=\"background-image: url(https:\/\/img.youtube.com\/vi\/ZTcPF6lG7LU\/default.jpg)\"><\/span>\n\t\t\t\t\t\t\t\n\t\t\t\t\t\t\t\t\t\t\t\t\t\t\t<h4 class=\"rvs-nav-item-title\" title=\"Free consultation english\">Free consultation english<\/h4>\n\t\t\t\t\t\t\t\n\t\t\t\t\t\t\t\t\t\t\t\t\t\t\t<div class=\"rvs-nav-item-credits\" title=\"english\">english<\/div>\n\t\t\t\t\t\t\t\t\t\t\t\t\t<\/a>\n\n\t\t\t\t\t\t\t\t\t\t\t<!-- nav items go here -->\n\t\t\t\t\t\t<a class=\"rvs-nav-item\">\n\n\t\t\t\t\t\t\t\t\t\t\t\t\t\t\t<span class=\"rvs-nav-item-thumb\" style=\"background-image: url(https:\/\/img.youtube.com\/vi\/svBFbNVa4ok\/default.jpg)\"><\/span>\n\t\t\t\t\t\t\t\n\t\t\t\t\t\t\t\t\t\t\t\t\t\t\t<h4 class=\"rvs-nav-item-title\" title=\"Kostenfreie Beratung deutsch\">Kostenfreie Beratung deutsch<\/h4>\n\t\t\t\t\t\t\t\n\t\t\t\t\t\t\t\t\t\t\t\t\t\t\t<div class=\"rvs-nav-item-credits\" title=\"deutsch\">deutsch<\/div>\n\t\t\t\t\t\t\t\t\t\t\t\t\t<\/a>\n\n\t\t\t\t\t\t\t\t\t\t\t<!-- nav items go here -->\n\t\t\t\t\t\t<a class=\"rvs-nav-item\">\n\n\t\t\t\t\t\t\t\t\t\t\t\t\t\t\t<span class=\"rvs-nav-item-thumb\" style=\"background-image: url(https:\/\/img.youtube.com\/vi\/4G9uUtyzCZs\/default.jpg)\"><\/span>\n\t\t\t\t\t\t\t\n\t\t\t\t\t\t\t\t\t\t\t\t\t\t\t<h4 class=\"rvs-nav-item-title\" title=\"kostenfreie Beratung \/ Ablauf deutsch\">kostenfreie Beratung \/ Ablauf deutsch<\/h4>\n\t\t\t\t\t\t\t\n\t\t\t\t\t\t\t\t\t\t\t\t\t\t\t<div class=\"rvs-nav-item-credits\" title=\"deutsch\">deutsch<\/div>\n\t\t\t\t\t\t\t\t\t\t\t\t\t<\/a>\n\n\t\t\t\t\t\t\t\t\t\t\t<!-- nav items go here -->\n\t\t\t\t\t\t<a class=\"rvs-nav-item\">\n\n\t\t\t\t\t\t\t\t\t\t\t\t\t\t\t<span class=\"rvs-nav-item-thumb\" style=\"background-image: url(https:\/\/img.youtube.com\/vi\/NS2uQdPdHlo\/default.jpg)\"><\/span>\n\t\t\t\t\t\t\t\n\t\t\t\t\t\t\t\t\t\t\t\t\t\t\t<h4 class=\"rvs-nav-item-title\" title=\"Permanent Make Up deutsch\">Permanent Make Up deutsch<\/h4>\n\t\t\t\t\t\t\t\n\t\t\t\t\t\t\t\t\t\t\t\t\t\t\t<div class=\"rvs-nav-item-credits\" title=\"deutsch\">deutsch<\/div>\n\t\t\t\t\t\t\t\t\t\t\t\t\t<\/a>\n\n\t\t\t\t\t\t\t\t\t\t\t<!-- nav items go here -->\n\t\t\t\t\t\t<a class=\"rvs-nav-item\">\n\n\t\t\t\t\t\t\t\t\t\t\t\t\t\t\t<span class=\"rvs-nav-item-thumb\" style=\"background-image: url(https:\/\/img.youtube.com\/vi\/TyHpbmd402o\/default.jpg)\"><\/span>\n\t\t\t\t\t\t\t\n\t\t\t\t\t\t\t\t\t\t\t\t\t\t\t<h4 class=\"rvs-nav-item-title\" title=\"Permanent Make Up english\">Permanent Make Up english<\/h4>\n\t\t\t\t\t\t\t\n\t\t\t\t\t\t\t\t\t\t\t\t\t\t\t<div class=\"rvs-nav-item-credits\" title=\"english\">english<\/div>\n\t\t\t\t\t\t\t\t\t\t\t\t\t<\/a>\n\n\t\t\t\t\t\t\t\t\t\t\t<!-- nav items go here -->\n\t\t\t\t\t\t<a class=\"rvs-nav-item\">\n\n\t\t\t\t\t\t\t\t\t\t\t\t\t\t\t<span class=\"rvs-nav-item-thumb\" style=\"background-image: url(https:\/\/img.youtube.com\/vi\/6zMTuBD2jrQ\/default.jpg)\"><\/span>\n\t\t\t\t\t\t\t\n\t\t\t\t\t\t\t\t\t\t\t\t\t\t\t<h4 class=\"rvs-nav-item-title\" title=\"Maquillaje Permanente espa\u00f1ol\">Maquillaje Permanente espa\u00f1ol<\/h4>\n\t\t\t\t\t\t\t\n\t\t\t\t\t\t\t\t\t\t\t\t\t\t\t<div class=\"rvs-nav-item-credits\" title=\"espa\u00f1ol\">espa\u00f1ol<\/div>\n\t\t\t\t\t\t\t\t\t\t\t\t\t<\/a>\n\n\t\t\t\t\t\t\t\t\t\t\t<!-- nav items go here -->\n\t\t\t\t\t\t<a class=\"rvs-nav-item\">\n\n\t\t\t\t\t\t\t\t\t\t\t\t\t\t\t<span class=\"rvs-nav-item-thumb\" style=\"background-image: url(https:\/\/img.youtube.com\/vi\/Mmw23rwYQKM\/default.jpg)\"><\/span>\n\t\t\t\t\t\t\t\n\t\t\t\t\t\t\t\t\t\t\t\t\t\t\t<h4 class=\"rvs-nav-item-title\" title=\"Kostenfreie Beratung deutsch\">Kostenfreie Beratung deutsch<\/h4>\n\t\t\t\t\t\t\t\n\t\t\t\t\t\t\t\t\t\t\t\t\t\t\t<div class=\"rvs-nav-item-credits\" title=\"deutsch\">deutsch<\/div>\n\t\t\t\t\t\t\t\t\t\t\t\t\t<\/a>\n\n\t\t\t\t\t\t\t\t\t\t\t<!-- nav items go here -->\n\t\t\t\t\t\t<a class=\"rvs-nav-item\">\n\n\t\t\t\t\t\t\t\t\t\t\t\t\t\t\t<span class=\"rvs-nav-item-thumb\" style=\"background-image: url(https:\/\/img.youtube.com\/vi\/FB5WcjiVHsM\/default.jpg)\"><\/span>\n\t\t\t\t\t\t\t\n\t\t\t\t\t\t\t\t\t\t\t\t\t\t\t<h4 class=\"rvs-nav-item-title\" title=\"Consulta gratuita espa\u00f1ol\">Consulta gratuita espa\u00f1ol<\/h4>\n\t\t\t\t\t\t\t\n\t\t\t\t\t\t\t\t\t\t\t\t\t\t\t<div class=\"rvs-nav-item-credits\" title=\"espa\u00f1ol\">espa\u00f1ol<\/div>\n\t\t\t\t\t\t\t\t\t\t\t\t\t<\/a>\n\n\t\t\t\t\t\n\t\t\t\t\t\t\t\t\t\t<\/div>\n\t\t\t\t\t\t<a class=\"rvs-nav-next\"><\/a>\n\t\t\t\t\t<\/div>\n\t\t\t\t<\/div>\n\t\t\t\t\t\t<\/div>\n\t\t\t\t<\/div>\n\t\t\t\t\t<\/div>\n\t\t<\/div>\n\t\t\t\t\t<\/div>\n\t\t<\/section>\n\t\t\t\t<\/div>","protected":false},"excerpt":{"rendered":"<p>Consulta gratuita espa\u00f1ol espa\u00f1ol Free consultation english english Kostenfreie Beratung deutsch deutsch kostenfreie Beratung \/ Ablauf deutsch deutsch Permanent Make Up deutsch deutsch Permanent Make Up english english Maquillaje Permanente espa\u00f1ol espa\u00f1ol Kostenfreie Beratung deutsch deutsch Consulta gratuita espa\u00f1ol espa\u00f1ol Consulta gratuita espa\u00f1ol espa\u00f1ol Free consultation english english Kostenfreie Beratung deutsch deutsch kostenfreie Beratung \/ [&hellip;]<\/p>","protected":false},"author":1,"featured_media":0,"parent":0,"menu_order":0,"comment_status":"closed","ping_status":"closed","template":"elementor_header_footer","meta":{"footnotes":""},"class_list":["post-1462","page","type-page","status-publish","hentry"],"yoast_head":"<!-- This site is optimized with the Yoast SEO plugin v25.8 - https:\/\/yoast.com\/wordpress\/plugins\/seo\/ -->\n<title>IMEBA TV - Clinicas IMEBA\u00ae<\/title>\n<meta name=\"robots\" content=\"index, follow, max-snippet:-1, max-image-preview:large, max-video-preview:-1\" \/>\n<link rel=\"canonical\" href=\"https:\/\/imeba.clinic\/en\/imeba-tv\/\" \/>\n<meta property=\"og:locale\" content=\"en_US\" \/>\n<meta property=\"og:type\" content=\"article\" \/>\n<meta property=\"og:title\" content=\"IMEBA TV - Clinicas IMEBA\u00ae\" \/>\n<meta property=\"og:description\" content=\"Consulta gratuita espa\u00f1ol espa\u00f1ol Free consultation english english Kostenfreie Beratung deutsch deutsch kostenfreie Beratung \/ Ablauf deutsch deutsch Permanent Make Up deutsch deutsch Permanent Make Up english english Maquillaje Permanente espa\u00f1ol espa\u00f1ol Kostenfreie Beratung deutsch deutsch Consulta gratuita espa\u00f1ol espa\u00f1ol Consulta gratuita espa\u00f1ol espa\u00f1ol Free consultation english english Kostenfreie Beratung deutsch deutsch kostenfreie Beratung \/ [&hellip;]\" \/>\n<meta property=\"og:url\" content=\"https:\/\/imeba.clinic\/en\/imeba-tv\/\" \/>\n<meta property=\"og:site_name\" content=\"Clinicas IMEBA\u00ae\" \/>\n<meta property=\"article:publisher\" content=\"https:\/\/www.facebook.com\/clinicasimebamallorca\" \/>\n<meta property=\"article:modified_time\" content=\"2023-01-15T12:30:24+00:00\" \/>\n<meta name=\"twitter:card\" content=\"summary_large_image\" \/>\n<meta name=\"twitter:site\" content=\"@IMEBAInfo\" \/>\n<script type=\"application\/ld+json\" class=\"yoast-schema-graph\">{\"@context\":\"https:\/\/schema.org\",\"@graph\":[{\"@type\":\"WebPage\",\"@id\":\"https:\/\/imeba.clinic\/imeba-tv\/\",\"url\":\"https:\/\/imeba.clinic\/imeba-tv\/\",\"name\":\"IMEBA TV - Clinicas IMEBA\u00ae\",\"isPartOf\":{\"@id\":\"https:\/\/imeba.clinic\/#website\"},\"datePublished\":\"2023-01-15T12:10:01+00:00\",\"dateModified\":\"2023-01-15T12:30:24+00:00\",\"breadcrumb\":{\"@id\":\"https:\/\/imeba.clinic\/imeba-tv\/#breadcrumb\"},\"inLanguage\":\"en-US\",\"potentialAction\":[{\"@type\":\"ReadAction\",\"target\":[\"https:\/\/imeba.clinic\/imeba-tv\/\"]}]},{\"@type\":\"BreadcrumbList\",\"@id\":\"https:\/\/imeba.clinic\/imeba-tv\/#breadcrumb\",\"itemListElement\":[{\"@type\":\"ListItem\",\"position\":1,\"name\":\"Portada\",\"item\":\"https:\/\/imeba.clinic\/\"},{\"@type\":\"ListItem\",\"position\":2,\"name\":\"IMEBA TV\"}]},{\"@type\":\"WebSite\",\"@id\":\"https:\/\/imeba.clinic\/#website\",\"url\":\"https:\/\/imeba.clinic\/\",\"name\":\"Clinicas IMEBA\u00ae\",\"description\":\"Medicina estetica cirugia facial\",\"publisher\":{\"@id\":\"https:\/\/imeba.clinic\/#organization\"},\"potentialAction\":[{\"@type\":\"SearchAction\",\"target\":{\"@type\":\"EntryPoint\",\"urlTemplate\":\"https:\/\/imeba.clinic\/?s={search_term_string}\"},\"query-input\":{\"@type\":\"PropertyValueSpecification\",\"valueRequired\":true,\"valueName\":\"search_term_string\"}}],\"inLanguage\":\"en-US\"},{\"@type\":\"Organization\",\"@id\":\"https:\/\/imeba.clinic\/#organization\",\"name\":\"Clinicas IMEBA\u00ae\",\"url\":\"https:\/\/imeba.clinic\/\",\"logo\":{\"@type\":\"ImageObject\",\"inLanguage\":\"en-US\",\"@id\":\"https:\/\/imeba.clinic\/#\/schema\/logo\/image\/\",\"url\":\"https:\/\/imeba.clinic\/wp-content\/uploads\/2023\/01\/cropped-11722351_740325796094007_2206264894896353109_o.jpg\",\"contentUrl\":\"https:\/\/imeba.clinic\/wp-content\/uploads\/2023\/01\/cropped-11722351_740325796094007_2206264894896353109_o.jpg\",\"width\":1221,\"height\":349,\"caption\":\"Clinicas IMEBA\u00ae\"},\"image\":{\"@id\":\"https:\/\/imeba.clinic\/#\/schema\/logo\/image\/\"},\"sameAs\":[\"https:\/\/www.facebook.com\/clinicasimebamallorca\",\"https:\/\/x.com\/IMEBAInfo\",\"https:\/\/www.youtube.com\/@TorstenMarin\"]}]}<\/script>\n<!-- \/ Yoast SEO plugin. -->","yoast_head_json":{"title":"IMEBA TV - Clinicas IMEBA\u00ae","robots":{"index":"index","follow":"follow","max-snippet":"max-snippet:-1","max-image-preview":"max-image-preview:large","max-video-preview":"max-video-preview:-1"},"canonical":"https:\/\/imeba.clinic\/en\/imeba-tv\/","og_locale":"en_US","og_type":"article","og_title":"IMEBA TV - Clinicas IMEBA\u00ae","og_description":"Consulta gratuita espa\u00f1ol espa\u00f1ol Free consultation english english Kostenfreie Beratung deutsch deutsch kostenfreie Beratung \/ Ablauf deutsch deutsch Permanent Make Up deutsch deutsch Permanent Make Up english english Maquillaje Permanente espa\u00f1ol espa\u00f1ol Kostenfreie Beratung deutsch deutsch Consulta gratuita espa\u00f1ol espa\u00f1ol Consulta gratuita espa\u00f1ol espa\u00f1ol Free consultation english english Kostenfreie Beratung deutsch deutsch kostenfreie Beratung \/ [&hellip;]","og_url":"https:\/\/imeba.clinic\/en\/imeba-tv\/","og_site_name":"Clinicas IMEBA\u00ae","article_publisher":"https:\/\/www.facebook.com\/clinicasimebamallorca","article_modified_time":"2023-01-15T12:30:24+00:00","twitter_card":"summary_large_image","twitter_site":"@IMEBAInfo","schema":{"@context":"https:\/\/schema.org","@graph":[{"@type":"WebPage","@id":"https:\/\/imeba.clinic\/imeba-tv\/","url":"https:\/\/imeba.clinic\/imeba-tv\/","name":"IMEBA TV - Clinicas IMEBA\u00ae","isPartOf":{"@id":"https:\/\/imeba.clinic\/#website"},"datePublished":"2023-01-15T12:10:01+00:00","dateModified":"2023-01-15T12:30:24+00:00","breadcrumb":{"@id":"https:\/\/imeba.clinic\/imeba-tv\/#breadcrumb"},"inLanguage":"en-US","potentialAction":[{"@type":"ReadAction","target":["https:\/\/imeba.clinic\/imeba-tv\/"]}]},{"@type":"BreadcrumbList","@id":"https:\/\/imeba.clinic\/imeba-tv\/#breadcrumb","itemListElement":[{"@type":"ListItem","position":1,"name":"Portada","item":"https:\/\/imeba.clinic\/"},{"@type":"ListItem","position":2,"name":"IMEBA TV"}]},{"@type":"WebSite","@id":"https:\/\/imeba.clinic\/#website","url":"https:\/\/imeba.clinic\/","name":"Clinicas IMEBA\u00ae","description":"Medicina estetica cirugia facial","publisher":{"@id":"https:\/\/imeba.clinic\/#organization"},"potentialAction":[{"@type":"SearchAction","target":{"@type":"EntryPoint","urlTemplate":"https:\/\/imeba.clinic\/?s={search_term_string}"},"query-input":{"@type":"PropertyValueSpecification","valueRequired":true,"valueName":"search_term_string"}}],"inLanguage":"en-US"},{"@type":"Organization","@id":"https:\/\/imeba.clinic\/#organization","name":"Clinicas IMEBA\u00ae","url":"https:\/\/imeba.clinic\/","logo":{"@type":"ImageObject","inLanguage":"en-US","@id":"https:\/\/imeba.clinic\/#\/schema\/logo\/image\/","url":"https:\/\/imeba.clinic\/wp-content\/uploads\/2023\/01\/cropped-11722351_740325796094007_2206264894896353109_o.jpg","contentUrl":"https:\/\/imeba.clinic\/wp-content\/uploads\/2023\/01\/cropped-11722351_740325796094007_2206264894896353109_o.jpg","width":1221,"height":349,"caption":"Clinicas IMEBA\u00ae"},"image":{"@id":"https:\/\/imeba.clinic\/#\/schema\/logo\/image\/"},"sameAs":["https:\/\/www.facebook.com\/clinicasimebamallorca","https:\/\/x.com\/IMEBAInfo","https:\/\/www.youtube.com\/@TorstenMarin"]}]}},"_links":{"self":[{"href":"https:\/\/imeba.clinic\/en\/wp-json\/wp\/v2\/pages\/1462","targetHints":{"allow":["GET"]}}],"collection":[{"href":"https:\/\/imeba.clinic\/en\/wp-json\/wp\/v2\/pages"}],"about":[{"href":"https:\/\/imeba.clinic\/en\/wp-json\/wp\/v2\/types\/page"}],"author":[{"embeddable":true,"href":"https:\/\/imeba.clinic\/en\/wp-json\/wp\/v2\/users\/1"}],"replies":[{"embeddable":true,"href":"https:\/\/imeba.clinic\/en\/wp-json\/wp\/v2\/comments?post=1462"}],"version-history":[{"count":0,"href":"https:\/\/imeba.clinic\/en\/wp-json\/wp\/v2\/pages\/1462\/revisions"}],"wp:attachment":[{"href":"https:\/\/imeba.clinic\/en\/wp-json\/wp\/v2\/media?parent=1462"}],"curies":[{"name":"wp","href":"https:\/\/api.w.org\/{rel}","templated":true}]}}