
{"id":1343,"date":"2023-01-15T07:05:35","date_gmt":"2023-01-15T07:05:35","guid":{"rendered":"https:\/\/imeba.clinic\/?page_id=1343"},"modified":"2025-01-31T14:29:50","modified_gmt":"2025-01-31T13:29:50","slug":"prp-facial","status":"publish","type":"page","link":"https:\/\/imeba.clinic\/en\/facial\/prp-facial\/","title":{"rendered":"PRP Face"},"content":{"rendered":"<div data-elementor-type=\"wp-page\" data-elementor-id=\"1343\" class=\"elementor elementor-1343\" data-elementor-post-type=\"page\">\n\t\t\t\t\t\t<section class=\"elementor-section elementor-top-section elementor-element elementor-element-cdaec89 elementor-section-height-min-height elementor-section-boxed elementor-section-height-default elementor-section-items-middle\" data-id=\"cdaec89\" data-element_type=\"section\" data-settings=\"{&quot;background_background&quot;:&quot;classic&quot;,&quot;background_motion_fx_motion_fx_scrolling&quot;:&quot;yes&quot;,&quot;background_motion_fx_translateY_effect&quot;:&quot;yes&quot;,&quot;jet_parallax_layout_list&quot;:[],&quot;background_motion_fx_translateY_speed&quot;:{&quot;unit&quot;:&quot;px&quot;,&quot;size&quot;:4,&quot;sizes&quot;:[]},&quot;background_motion_fx_translateY_affectedRange&quot;:{&quot;unit&quot;:&quot;%&quot;,&quot;size&quot;:&quot;&quot;,&quot;sizes&quot;:{&quot;start&quot;:0,&quot;end&quot;:100}},&quot;background_motion_fx_devices&quot;:[&quot;desktop&quot;,&quot;tablet&quot;,&quot;mobile&quot;]}\">\n\t\t\t\t\t\t\t<div class=\"elementor-background-overlay\"><\/div>\n\t\t\t\t\t\t\t<div class=\"elementor-container elementor-column-gap-default\">\n\t\t\t\t\t<div class=\"elementor-column elementor-col-100 elementor-top-column elementor-element elementor-element-5d0725b\" data-id=\"5d0725b\" data-element_type=\"column\">\n\t\t\t<div class=\"elementor-widget-wrap elementor-element-populated\">\n\t\t\t\t\t\t<div class=\"elementor-element elementor-element-89723c3 elementor-widget elementor-widget-heading\" data-id=\"89723c3\" data-element_type=\"widget\" data-widget_type=\"heading.default\">\n\t\t\t\t\t<h2 class=\"elementor-heading-title elementor-size-default\">Face<\/h2>\t\t\t\t<\/div>\n\t\t\t\t\t<\/div>\n\t\t<\/div>\n\t\t\t\t\t<\/div>\n\t\t<\/section>\n\t\t\t\t<section class=\"elementor-section elementor-top-section elementor-element elementor-element-aa973ff elementor-section-boxed elementor-section-height-default elementor-section-height-default\" data-id=\"aa973ff\" data-element_type=\"section\" data-settings=\"{&quot;jet_parallax_layout_list&quot;:[]}\">\n\t\t\t\t\t\t<div class=\"elementor-container elementor-column-gap-default\">\n\t\t\t\t\t<div class=\"elementor-column elementor-col-50 elementor-top-column elementor-element elementor-element-080133b\" data-id=\"080133b\" data-element_type=\"column\">\n\t\t\t<div class=\"elementor-widget-wrap elementor-element-populated\">\n\t\t\t\t\t\t<div class=\"elementor-element elementor-element-fe70c0b elementor-widget elementor-widget-image\" data-id=\"fe70c0b\" data-element_type=\"widget\" data-widget_type=\"image.default\">\n\t\t\t\t\t\t\t\t\t\t\t\t\t\t\t<img fetchpriority=\"high\" decoding=\"async\" width=\"800\" height=\"508\" src=\"https:\/\/imeba.clinic\/wp-content\/uploads\/2023\/01\/PRP-facial-1024x650.jpg\" class=\"attachment-large size-large wp-image-1534\" alt=\"\" srcset=\"https:\/\/imeba.clinic\/wp-content\/uploads\/2023\/01\/PRP-facial-1024x650.jpg 1024w, https:\/\/imeba.clinic\/wp-content\/uploads\/2023\/01\/PRP-facial-300x190.jpg 300w, https:\/\/imeba.clinic\/wp-content\/uploads\/2023\/01\/PRP-facial-768x488.jpg 768w, https:\/\/imeba.clinic\/wp-content\/uploads\/2023\/01\/PRP-facial-1536x975.jpg 1536w, https:\/\/imeba.clinic\/wp-content\/uploads\/2023\/01\/PRP-facial-2048x1300.jpg 2048w\" sizes=\"(max-width: 800px) 100vw, 800px\" \/>\t\t\t\t\t\t\t\t\t\t\t\t\t\t\t<\/div>\n\t\t\t\t<div class=\"elementor-element elementor-element-9f2fb8d elementor-widget elementor-widget-heading\" data-id=\"9f2fb8d\" data-element_type=\"widget\" data-widget_type=\"heading.default\">\n\t\t\t\t\t<h2 class=\"elementor-heading-title elementor-size-default\">PRP+ SUPERIOR FOR THE FACE WITH HYALURONIC ACID\n<\/h2>\t\t\t\t<\/div>\n\t\t\t\t<div class=\"elementor-element elementor-element-4d0bea5 elementor-widget elementor-widget-text-editor\" data-id=\"4d0bea5\" data-element_type=\"widget\" data-widget_type=\"text-editor.default\">\n\t\t\t\t\t\t\t\t\tREJUVENATION WITH PLATELET-RICH PLASMA OR PRP\t\t\t\t\t\t\t\t<\/div>\n\t\t\t\t<div class=\"elementor-element elementor-element-ed31f67 elementor-widget elementor-widget-text-editor translation-block\" data-id=\"ed31f67\" data-element_type=\"widget\" data-widget_type=\"text-editor.default\">The innovative total renewal for your skin. <strong>NEW:<\/strong> with density platelets and hyaluronic acid<\/div>\n\t\t\t\t<div class=\"elementor-element elementor-element-7dd3ddb elementor-widget elementor-widget-text-editor translation-block\" data-id=\"7dd3ddb\" data-element_type=\"widget\" data-widget_type=\"text-editor.default\">Platelet-rich plasma or PRP+ is one of the most advanced treatments available in facial rejuvenation. It's ideal for those cases in which you want to improve the appearance of the skin, increase its firmness and luminosity. It has a very intense rejuvenating and cellular stimulating effect. It is the latest risk-free technique, which stimulates fibroblasts and elastin production to smooth wrinkles.<\/div>\n\t\t\t\t<div class=\"elementor-element elementor-element-ce1feeb elementor-widget elementor-widget-heading\" data-id=\"ce1feeb\" data-element_type=\"widget\" data-widget_type=\"heading.default\">\n\t\t\t\t\t<h5 class=\"elementor-heading-title elementor-size-default\">What is platelet-rich plasma?<\/h5>\t\t\t\t<\/div>\n\t\t\t\t<div class=\"elementor-element elementor-element-14357f4 elementor-widget elementor-widget-text-editor translation-block\" data-id=\"14357f4\" data-element_type=\"widget\" data-widget_type=\"text-editor.default\">Platelets release growth factors that are basically responsible for stimulating cell regeneration, increasing the formation of new blood vessels and producing new tissue. In other words, they activate the organism in the area where they are released, helping to rebuild damaged tissue, a repairing effect that is used to rejuvenate the skin.<\/div>\n\t\t\t\t<div class=\"elementor-element elementor-element-55bc331 elementor-widget elementor-widget-text-editor\" data-id=\"55bc331\" data-element_type=\"widget\" data-widget_type=\"text-editor.default\">\n\t\t\t\t\t\t\t\t\t<p class=\"translation-block\">One of the growth factors, called \"epidermal growth factor\", was the first to be isolated: it stimulates angiogenesis and increases the thickness of the skin, restoring its elasticity and firmness, as well as increasing vascularisation in the area where it is applied, favouring the appearance of new skin, reducing the effects of cell oxidation and eliminating wrinkles. Today, the magnificent results obtained with its application to accelerate the healing of burns, treat keloids, acne and stretch marks, improve the results of all types of treatments (including surgical), favour the consolidation of skin grafts, as well as post-peeling application or as a basic treatment incorporated into cosmetics, continue to surprise experts.<\/p>\t\t\t\t\t\t\t\t<\/div>\n\t\t\t\t<div class=\"elementor-element elementor-element-4311285 elementor-widget elementor-widget-text-editor translation-block\" data-id=\"4311285\" data-element_type=\"widget\" data-widget_type=\"text-editor.default\">It's a natural and physiological treatment that uses our body's own proteins. Selected and concentrated, they are used to repair imperfections caused by the passage of time or sun damage. As it is a product obtained from the patient themselves, there is no risk of allergies or intolerances.<\/div>\n\t\t\t\t<div class=\"elementor-element elementor-element-20b850c elementor-widget elementor-widget-heading\" data-id=\"20b850c\" data-element_type=\"widget\" data-widget_type=\"heading.default\">\n\t\t\t\t\t<h5 class=\"elementor-heading-title elementor-size-default\">How is the rejuvenating treatment with platelet-rich plasma done?\n<\/h5>\t\t\t\t<\/div>\n\t\t\t\t<div class=\"elementor-element elementor-element-e436752 elementor-widget__width-initial elementor-widget elementor-widget-text-editor\" data-id=\"e436752\" data-element_type=\"widget\" data-widget_type=\"text-editor.default\">\n\t\t\t\t\t\t\t\t\t<p class=\"translation-block\">This is an outpatient treatment that is carried out in the consulting room. After cleaning and preparing the area to be treated, an anaesthetic cream is applied. The patient's own blood is extracted from which the PRP is obtained after being centrifuged and activated. Once prepared, it is applied through multi-punctures with a very fine needle, in the form of mesotherapy.<\/p>\t\t\t\t\t\t\t\t<\/div>\n\t\t\t\t<div class=\"elementor-element elementor-element-8794be8 elementor-widget elementor-widget-text-editor translation-block\" data-id=\"8794be8\" data-element_type=\"widget\" data-widget_type=\"text-editor.default\">The number of sessions will depend on the condition of each patient's skin. Usually the proposal is for 3 sessions spaced every 3 or 4 weeks. From one year onwards, maintenance should be carried out, consisting of one session every 6 to 12 months. The growth factors have to act by stimulating the tissue, so there is no instantaneous result. The effects appear as the days pass and increase as the time goes by. The effect is maximum 20\/30 days after treatment.<\/div>\n\t\t\t\t<div class=\"elementor-element elementor-element-7e98c8e elementor-widget elementor-widget-text-editor\" data-id=\"7e98c8e\" data-element_type=\"widget\" data-widget_type=\"text-editor.default\">\n\t\t\t\t\t\t\t\t\t<p>Suitable for mature skin showing signs of ageing or young skin with acne marks.<\/p><p>Platelet Rich Plasma rejuvenation is an advanced medical aesthetic treatment with a high level of satisfaction among our patients.<\/p>\t\t\t\t\t\t\t\t<\/div>\n\t\t\t\t\t<\/div>\n\t\t<\/div>\n\t\t\t\t<div class=\"elementor-column elementor-col-50 elementor-top-column elementor-element elementor-element-9c64632\" data-id=\"9c64632\" data-element_type=\"column\">\n\t\t\t<div class=\"elementor-widget-wrap elementor-element-populated\">\n\t\t\t\t\t\t<section class=\"elementor-section elementor-inner-section elementor-element elementor-element-e310a55 elementor-section-boxed elementor-section-height-default elementor-section-height-default\" data-id=\"e310a55\" data-element_type=\"section\" data-settings=\"{&quot;background_background&quot;:&quot;classic&quot;,&quot;sticky&quot;:&quot;top&quot;,&quot;sticky_offset&quot;:120,&quot;sticky_parent&quot;:&quot;yes&quot;,&quot;jet_parallax_layout_list&quot;:[],&quot;sticky_on&quot;:[&quot;desktop&quot;,&quot;tablet&quot;,&quot;mobile&quot;],&quot;sticky_effects_offset&quot;:0,&quot;sticky_anchor_link_offset&quot;:0}\">\n\t\t\t\t\t\t<div class=\"elementor-container elementor-column-gap-default\">\n\t\t\t\t\t<div class=\"elementor-column elementor-col-100 elementor-inner-column elementor-element elementor-element-d3e5035\" data-id=\"d3e5035\" data-element_type=\"column\">\n\t\t\t<div class=\"elementor-widget-wrap elementor-element-populated\">\n\t\t\t\t\t\t<div class=\"elementor-element elementor-element-08d59c7 elementor-widget elementor-widget-heading\" data-id=\"08d59c7\" data-element_type=\"widget\" data-widget_type=\"heading.default\">\n\t\t\t\t\t<h2 class=\"elementor-heading-title elementor-size-default\">Price<\/h2>\t\t\t\t<\/div>\n\t\t\t\t<div class=\"elementor-element elementor-element-682d356 Price elementor-widget elementor-widget-heading\" data-id=\"682d356\" data-element_type=\"widget\" data-widget_type=\"heading.default\">\n\t\t\t\t\t<h2 class=\"elementor-heading-title elementor-size-default\">200\u20ac<span>\/ session<\/span><\/h2>\t\t\t\t<\/div>\n\t\t\t\t<div class=\"elementor-element elementor-element-b4ae28f elementor-widget-divider--view-line elementor-widget elementor-widget-divider\" data-id=\"b4ae28f\" data-element_type=\"widget\" data-widget_type=\"divider.default\">\n\t\t\t\t\t\t\t<div class=\"elementor-divider\">\n\t\t\t<span class=\"elementor-divider-separator\">\n\t\t\t\t\t\t<\/span>\n\t\t<\/div>\n\t\t\t\t\t\t<\/div>\n\t\t\t\t<div class=\"elementor-element elementor-element-0fbe56e Price elementor-widget elementor-widget-heading\" data-id=\"0fbe56e\" data-element_type=\"widget\" data-widget_type=\"heading.default\">\n\t\t\t\t\t<h2 class=\"elementor-heading-title elementor-size-default\">550\u20ac<span>\/ 3 sessions<\/span><br>es una oferta v\u00e1lida 28.02.25<\/h2>\t\t\t\t<\/div>\n\t\t\t\t<div class=\"elementor-element elementor-element-6aefd75 elementor-widget elementor-widget-text-editor\" data-id=\"6aefd75\" data-element_type=\"widget\" data-widget_type=\"text-editor.default\">\n\t\t\t\t\t\t\t\t\t<p>We recommend 3 sessions with a break of 3 weeks between each session.<\/p>\t\t\t\t\t\t\t\t<\/div>\n\t\t\t\t<div class=\"elementor-element elementor-element-ff6a9f1 elementor-widget-divider--view-line elementor-widget elementor-widget-divider\" data-id=\"ff6a9f1\" data-element_type=\"widget\" data-widget_type=\"divider.default\">\n\t\t\t\t\t\t\t<div class=\"elementor-divider\">\n\t\t\t<span class=\"elementor-divider-separator\">\n\t\t\t\t\t\t<\/span>\n\t\t<\/div>\n\t\t\t\t\t\t<\/div>\n\t\t\t\t<div class=\"elementor-element elementor-element-08ea01d elementor-widget elementor-widget-text-editor\" data-id=\"08ea01d\" data-element_type=\"widget\" data-widget_type=\"text-editor.default\">\n\t\t\t\t\t\t\t\t\t<p><em>All treatment packages must be completed within one year, as the entitlement to treatment sessions not completed up to that point expires after one year.<\/em><\/p>\t\t\t\t\t\t\t\t<\/div>\n\t\t\t\t<div class=\"elementor-element elementor-element-782c063 elementor-widget__width-inherit elementor-mobile-align-justify elementor-widget-mobile__width-inherit elementor-tablet-align-justify elementor-widget-tablet__width-inherit elementor-align-justify elementor-widget elementor-widget-button\" data-id=\"782c063\" data-element_type=\"widget\" data-widget_type=\"button.default\">\n\t\t\t\t\t\t\t\t\t\t<a class=\"elementor-button elementor-button-link elementor-size-sm\" href=\"https:\/\/api.whatsapp.com\/send?phone=34653620509&#038;text=Hola%20Cl%C3%ADnicas%20IMEBA,%20ponte%20en%20contacto%20conmigo.%20(PRP%20Facial)%20Muchas%20gracias.%20\">\n\t\t\t\t\t\t<span class=\"elementor-button-content-wrapper\">\n\t\t\t\t\t\t\t\t\t<span class=\"elementor-button-text\">BOOK NOW<\/span>\n\t\t\t\t\t<\/span>\n\t\t\t\t\t<\/a>\n\t\t\t\t\t\t\t\t<\/div>\n\t\t\t\t<div class=\"elementor-element elementor-element-c320b1c elementor-widget elementor-widget-text-editor\" data-id=\"c320b1c\" data-element_type=\"widget\" data-widget_type=\"text-editor.default\">\n\t\t\t\t\t\t\t\t\t<p>For other areas we always offer a free consultation!<\/p>\t\t\t\t\t\t\t\t<\/div>\n\t\t\t\t\t<\/div>\n\t\t<\/div>\n\t\t\t\t\t<\/div>\n\t\t<\/section>\n\t\t\t\t\t<\/div>\n\t\t<\/div>\n\t\t\t\t\t<\/div>\n\t\t<\/section>\n\t\t\t\t<\/div>","protected":false},"excerpt":{"rendered":"<p>Facial PRP+ SUPERIOR FACIAL CON \u00c1CIDO HIALUR\u00d3NICO REJUVENECIMIENTO CON PLASMA RICO EN PLAQUETAS O PRPLa innovadora renovaci\u00f3n total para su piel. NUEVO: con plaquetas de densidad y \u00e1cido hialur\u00f3nicoEl\u00a0plasma rico en plaquetas\u00a0o\u00a0PRP+ superior\u00a0es uno de los tratamientos m\u00e1s avanzados que hay en\u00a0rejuvenecimiento facial. Es ideal para aquellos casos en los que se desea mejorar el [&hellip;]<\/p>","protected":false},"author":1,"featured_media":1534,"parent":1327,"menu_order":4,"comment_status":"closed","ping_status":"closed","template":"elementor_header_footer","meta":{"footnotes":""},"class_list":["post-1343","page","type-page","status-publish","has-post-thumbnail","hentry"],"yoast_head":"<!-- This site is optimized with the Yoast SEO plugin v25.8 - https:\/\/yoast.com\/wordpress\/plugins\/seo\/ -->\n<title>PRP Facial - Clinicas IMEBA\u00ae<\/title>\n<meta name=\"robots\" content=\"index, follow, max-snippet:-1, max-image-preview:large, max-video-preview:-1\" \/>\n<link rel=\"canonical\" href=\"https:\/\/imeba.clinic\/en\/facial\/prp-facial\/\" \/>\n<meta property=\"og:locale\" content=\"en_US\" \/>\n<meta property=\"og:type\" content=\"article\" \/>\n<meta property=\"og:title\" content=\"PRP Facial - Clinicas IMEBA\u00ae\" \/>\n<meta property=\"og:description\" content=\"Facial PRP+ SUPERIOR FACIAL CON \u00c1CIDO HIALUR\u00d3NICO REJUVENECIMIENTO CON PLASMA RICO EN PLAQUETAS O PRPLa innovadora renovaci\u00f3n total para su piel. NUEVO: con plaquetas de densidad y \u00e1cido hialur\u00f3nicoEl\u00a0plasma rico en plaquetas\u00a0o\u00a0PRP+ superior\u00a0es uno de los tratamientos m\u00e1s avanzados que hay en\u00a0rejuvenecimiento facial. Es ideal para aquellos casos en los que se desea mejorar el [&hellip;]\" \/>\n<meta property=\"og:url\" content=\"https:\/\/imeba.clinic\/en\/facial\/prp-facial\/\" \/>\n<meta property=\"og:site_name\" content=\"Clinicas IMEBA\u00ae\" \/>\n<meta property=\"article:publisher\" content=\"https:\/\/www.facebook.com\/clinicasimebamallorca\" \/>\n<meta property=\"article:modified_time\" content=\"2025-01-31T13:29:50+00:00\" \/>\n<meta property=\"og:image\" content=\"http:\/\/imeba.clinic\/wp-content\/uploads\/2023\/01\/PRP-facial.jpg\" \/>\n\t<meta property=\"og:image:width\" content=\"2500\" \/>\n\t<meta property=\"og:image:height\" content=\"1587\" \/>\n\t<meta property=\"og:image:type\" content=\"image\/jpeg\" \/>\n<meta name=\"twitter:card\" content=\"summary_large_image\" \/>\n<meta name=\"twitter:site\" content=\"@IMEBAInfo\" \/>\n<meta name=\"twitter:label1\" content=\"Est. reading time\" \/>\n\t<meta name=\"twitter:data1\" content=\"4 minutes\" \/>\n<script type=\"application\/ld+json\" class=\"yoast-schema-graph\">{\"@context\":\"https:\/\/schema.org\",\"@graph\":[{\"@type\":\"WebPage\",\"@id\":\"https:\/\/imeba.clinic\/facial\/prp-facial\/\",\"url\":\"https:\/\/imeba.clinic\/facial\/prp-facial\/\",\"name\":\"PRP Facial - Clinicas IMEBA\u00ae\",\"isPartOf\":{\"@id\":\"https:\/\/imeba.clinic\/#website\"},\"primaryImageOfPage\":{\"@id\":\"https:\/\/imeba.clinic\/facial\/prp-facial\/#primaryimage\"},\"image\":{\"@id\":\"https:\/\/imeba.clinic\/facial\/prp-facial\/#primaryimage\"},\"thumbnailUrl\":\"https:\/\/imeba.clinic\/wp-content\/uploads\/2023\/01\/PRP-facial.jpg\",\"datePublished\":\"2023-01-15T07:05:35+00:00\",\"dateModified\":\"2025-01-31T13:29:50+00:00\",\"breadcrumb\":{\"@id\":\"https:\/\/imeba.clinic\/facial\/prp-facial\/#breadcrumb\"},\"inLanguage\":\"en-US\",\"potentialAction\":[{\"@type\":\"ReadAction\",\"target\":[\"https:\/\/imeba.clinic\/facial\/prp-facial\/\"]}]},{\"@type\":\"ImageObject\",\"inLanguage\":\"en-US\",\"@id\":\"https:\/\/imeba.clinic\/facial\/prp-facial\/#primaryimage\",\"url\":\"https:\/\/imeba.clinic\/wp-content\/uploads\/2023\/01\/PRP-facial.jpg\",\"contentUrl\":\"https:\/\/imeba.clinic\/wp-content\/uploads\/2023\/01\/PRP-facial.jpg\",\"width\":2500,\"height\":1587},{\"@type\":\"BreadcrumbList\",\"@id\":\"https:\/\/imeba.clinic\/facial\/prp-facial\/#breadcrumb\",\"itemListElement\":[{\"@type\":\"ListItem\",\"position\":1,\"name\":\"Portada\",\"item\":\"https:\/\/imeba.clinic\/\"},{\"@type\":\"ListItem\",\"position\":2,\"name\":\"Facial\",\"item\":\"https:\/\/imeba.clinic\/facial\/\"},{\"@type\":\"ListItem\",\"position\":3,\"name\":\"PRP Facial\"}]},{\"@type\":\"WebSite\",\"@id\":\"https:\/\/imeba.clinic\/#website\",\"url\":\"https:\/\/imeba.clinic\/\",\"name\":\"Clinicas IMEBA\u00ae\",\"description\":\"Medicina estetica cirugia facial\",\"publisher\":{\"@id\":\"https:\/\/imeba.clinic\/#organization\"},\"potentialAction\":[{\"@type\":\"SearchAction\",\"target\":{\"@type\":\"EntryPoint\",\"urlTemplate\":\"https:\/\/imeba.clinic\/?s={search_term_string}\"},\"query-input\":{\"@type\":\"PropertyValueSpecification\",\"valueRequired\":true,\"valueName\":\"search_term_string\"}}],\"inLanguage\":\"en-US\"},{\"@type\":\"Organization\",\"@id\":\"https:\/\/imeba.clinic\/#organization\",\"name\":\"Clinicas IMEBA\u00ae\",\"url\":\"https:\/\/imeba.clinic\/\",\"logo\":{\"@type\":\"ImageObject\",\"inLanguage\":\"en-US\",\"@id\":\"https:\/\/imeba.clinic\/#\/schema\/logo\/image\/\",\"url\":\"https:\/\/imeba.clinic\/wp-content\/uploads\/2023\/01\/cropped-11722351_740325796094007_2206264894896353109_o.jpg\",\"contentUrl\":\"https:\/\/imeba.clinic\/wp-content\/uploads\/2023\/01\/cropped-11722351_740325796094007_2206264894896353109_o.jpg\",\"width\":1221,\"height\":349,\"caption\":\"Clinicas IMEBA\u00ae\"},\"image\":{\"@id\":\"https:\/\/imeba.clinic\/#\/schema\/logo\/image\/\"},\"sameAs\":[\"https:\/\/www.facebook.com\/clinicasimebamallorca\",\"https:\/\/x.com\/IMEBAInfo\",\"https:\/\/www.youtube.com\/@TorstenMarin\"]}]}<\/script>\n<!-- \/ Yoast SEO plugin. -->","yoast_head_json":{"title":"PRP Facial - Clinicas IMEBA\u00ae","robots":{"index":"index","follow":"follow","max-snippet":"max-snippet:-1","max-image-preview":"max-image-preview:large","max-video-preview":"max-video-preview:-1"},"canonical":"https:\/\/imeba.clinic\/en\/facial\/prp-facial\/","og_locale":"en_US","og_type":"article","og_title":"PRP Facial - Clinicas IMEBA\u00ae","og_description":"Facial PRP+ SUPERIOR FACIAL CON \u00c1CIDO HIALUR\u00d3NICO REJUVENECIMIENTO CON PLASMA RICO EN PLAQUETAS O PRPLa innovadora renovaci\u00f3n total para su piel. NUEVO: con plaquetas de densidad y \u00e1cido hialur\u00f3nicoEl\u00a0plasma rico en plaquetas\u00a0o\u00a0PRP+ superior\u00a0es uno de los tratamientos m\u00e1s avanzados que hay en\u00a0rejuvenecimiento facial. Es ideal para aquellos casos en los que se desea mejorar el [&hellip;]","og_url":"https:\/\/imeba.clinic\/en\/facial\/prp-facial\/","og_site_name":"Clinicas IMEBA\u00ae","article_publisher":"https:\/\/www.facebook.com\/clinicasimebamallorca","article_modified_time":"2025-01-31T13:29:50+00:00","og_image":[{"width":2500,"height":1587,"url":"http:\/\/imeba.clinic\/wp-content\/uploads\/2023\/01\/PRP-facial.jpg","type":"image\/jpeg"}],"twitter_card":"summary_large_image","twitter_site":"@IMEBAInfo","twitter_misc":{"Est. reading time":"4 minutes"},"schema":{"@context":"https:\/\/schema.org","@graph":[{"@type":"WebPage","@id":"https:\/\/imeba.clinic\/facial\/prp-facial\/","url":"https:\/\/imeba.clinic\/facial\/prp-facial\/","name":"PRP Facial - Clinicas IMEBA\u00ae","isPartOf":{"@id":"https:\/\/imeba.clinic\/#website"},"primaryImageOfPage":{"@id":"https:\/\/imeba.clinic\/facial\/prp-facial\/#primaryimage"},"image":{"@id":"https:\/\/imeba.clinic\/facial\/prp-facial\/#primaryimage"},"thumbnailUrl":"https:\/\/imeba.clinic\/wp-content\/uploads\/2023\/01\/PRP-facial.jpg","datePublished":"2023-01-15T07:05:35+00:00","dateModified":"2025-01-31T13:29:50+00:00","breadcrumb":{"@id":"https:\/\/imeba.clinic\/facial\/prp-facial\/#breadcrumb"},"inLanguage":"en-US","potentialAction":[{"@type":"ReadAction","target":["https:\/\/imeba.clinic\/facial\/prp-facial\/"]}]},{"@type":"ImageObject","inLanguage":"en-US","@id":"https:\/\/imeba.clinic\/facial\/prp-facial\/#primaryimage","url":"https:\/\/imeba.clinic\/wp-content\/uploads\/2023\/01\/PRP-facial.jpg","contentUrl":"https:\/\/imeba.clinic\/wp-content\/uploads\/2023\/01\/PRP-facial.jpg","width":2500,"height":1587},{"@type":"BreadcrumbList","@id":"https:\/\/imeba.clinic\/facial\/prp-facial\/#breadcrumb","itemListElement":[{"@type":"ListItem","position":1,"name":"Portada","item":"https:\/\/imeba.clinic\/"},{"@type":"ListItem","position":2,"name":"Facial","item":"https:\/\/imeba.clinic\/facial\/"},{"@type":"ListItem","position":3,"name":"PRP Facial"}]},{"@type":"WebSite","@id":"https:\/\/imeba.clinic\/#website","url":"https:\/\/imeba.clinic\/","name":"Clinicas IMEBA\u00ae","description":"Medicina estetica cirugia facial","publisher":{"@id":"https:\/\/imeba.clinic\/#organization"},"potentialAction":[{"@type":"SearchAction","target":{"@type":"EntryPoint","urlTemplate":"https:\/\/imeba.clinic\/?s={search_term_string}"},"query-input":{"@type":"PropertyValueSpecification","valueRequired":true,"valueName":"search_term_string"}}],"inLanguage":"en-US"},{"@type":"Organization","@id":"https:\/\/imeba.clinic\/#organization","name":"Clinicas IMEBA\u00ae","url":"https:\/\/imeba.clinic\/","logo":{"@type":"ImageObject","inLanguage":"en-US","@id":"https:\/\/imeba.clinic\/#\/schema\/logo\/image\/","url":"https:\/\/imeba.clinic\/wp-content\/uploads\/2023\/01\/cropped-11722351_740325796094007_2206264894896353109_o.jpg","contentUrl":"https:\/\/imeba.clinic\/wp-content\/uploads\/2023\/01\/cropped-11722351_740325796094007_2206264894896353109_o.jpg","width":1221,"height":349,"caption":"Clinicas IMEBA\u00ae"},"image":{"@id":"https:\/\/imeba.clinic\/#\/schema\/logo\/image\/"},"sameAs":["https:\/\/www.facebook.com\/clinicasimebamallorca","https:\/\/x.com\/IMEBAInfo","https:\/\/www.youtube.com\/@TorstenMarin"]}]}},"_links":{"self":[{"href":"https:\/\/imeba.clinic\/en\/wp-json\/wp\/v2\/pages\/1343","targetHints":{"allow":["GET"]}}],"collection":[{"href":"https:\/\/imeba.clinic\/en\/wp-json\/wp\/v2\/pages"}],"about":[{"href":"https:\/\/imeba.clinic\/en\/wp-json\/wp\/v2\/types\/page"}],"author":[{"embeddable":true,"href":"https:\/\/imeba.clinic\/en\/wp-json\/wp\/v2\/users\/1"}],"replies":[{"embeddable":true,"href":"https:\/\/imeba.clinic\/en\/wp-json\/wp\/v2\/comments?post=1343"}],"version-history":[{"count":0,"href":"https:\/\/imeba.clinic\/en\/wp-json\/wp\/v2\/pages\/1343\/revisions"}],"up":[{"embeddable":true,"href":"https:\/\/imeba.clinic\/en\/wp-json\/wp\/v2\/pages\/1327"}],"wp:featuredmedia":[{"embeddable":true,"href":"https:\/\/imeba.clinic\/en\/wp-json\/wp\/v2\/media\/1534"}],"wp:attachment":[{"href":"https:\/\/imeba.clinic\/en\/wp-json\/wp\/v2\/media?parent=1343"}],"curies":[{"name":"wp","href":"https:\/\/api.w.org\/{rel}","templated":true}]}}