
{"id":8256,"date":"2025-02-12T09:42:09","date_gmt":"2025-02-12T08:42:09","guid":{"rendered":"https:\/\/imeba.clinic\/?page_id=8256"},"modified":"2025-10-02T17:31:20","modified_gmt":"2025-10-02T16:31:20","slug":"hifu-22","status":"publish","type":"page","link":"https:\/\/imeba.clinic\/de\/corporal\/hifu-22\/","title":{"rendered":"Hifu &#8211; 22D MAX NEUVO"},"content":{"rendered":"<div data-elementor-type=\"wp-page\" data-elementor-id=\"8256\" class=\"elementor elementor-8256\" data-elementor-post-type=\"page\">\n\t\t\t\t\t\t<section class=\"elementor-section elementor-top-section elementor-element elementor-element-14f7ea6 elementor-section-height-min-height elementor-section-boxed elementor-section-height-default elementor-section-items-middle\" data-id=\"14f7ea6\" data-element_type=\"section\" data-settings=\"{&quot;background_background&quot;:&quot;classic&quot;,&quot;background_motion_fx_motion_fx_scrolling&quot;:&quot;yes&quot;,&quot;background_motion_fx_translateY_effect&quot;:&quot;yes&quot;,&quot;jet_parallax_layout_list&quot;:[],&quot;background_motion_fx_translateY_speed&quot;:{&quot;unit&quot;:&quot;px&quot;,&quot;size&quot;:4,&quot;sizes&quot;:[]},&quot;background_motion_fx_translateY_affectedRange&quot;:{&quot;unit&quot;:&quot;%&quot;,&quot;size&quot;:&quot;&quot;,&quot;sizes&quot;:{&quot;start&quot;:0,&quot;end&quot;:100}},&quot;background_motion_fx_devices&quot;:[&quot;desktop&quot;,&quot;tablet&quot;,&quot;mobile&quot;]}\">\n\t\t\t\t\t\t\t<div class=\"elementor-background-overlay\"><\/div>\n\t\t\t\t\t\t\t<div class=\"elementor-container elementor-column-gap-default\">\n\t\t\t\t\t<div class=\"elementor-column elementor-col-100 elementor-top-column elementor-element elementor-element-8578ffc\" data-id=\"8578ffc\" data-element_type=\"column\">\n\t\t\t<div class=\"elementor-widget-wrap elementor-element-populated\">\n\t\t\t\t\t\t<div class=\"elementor-element elementor-element-92078a0 elementor-widget elementor-widget-heading\" data-id=\"92078a0\" data-element_type=\"widget\" data-widget_type=\"heading.default\">\n\t\t\t\t\t<h5 class=\"elementor-heading-title elementor-size-default\">Gesicht<\/h5>\t\t\t\t<\/div>\n\t\t\t\t\t<\/div>\n\t\t<\/div>\n\t\t\t\t\t<\/div>\n\t\t<\/section>\n\t\t\t\t<section class=\"elementor-section elementor-top-section elementor-element elementor-element-6a854a6 elementor-section-boxed elementor-section-height-default elementor-section-height-default\" data-id=\"6a854a6\" data-element_type=\"section\" data-settings=\"{&quot;jet_parallax_layout_list&quot;:[]}\">\n\t\t\t\t\t\t<div class=\"elementor-container elementor-column-gap-default\">\n\t\t\t\t\t<div class=\"elementor-column elementor-col-50 elementor-top-column elementor-element elementor-element-422799f\" data-id=\"422799f\" data-element_type=\"column\">\n\t\t\t<div class=\"elementor-widget-wrap elementor-element-populated\">\n\t\t\t\t\t\t<div class=\"elementor-element elementor-element-0dbd1d9 elementor-widget elementor-widget-heading\" data-id=\"0dbd1d9\" data-element_type=\"widget\" data-widget_type=\"heading.default\">\n\t\t\t\t\t<h2 class=\"elementor-heading-title elementor-size-default\">IMEBA\u00ae HIFU 22D \u2013 NUEVO LIFTING SIN CIRUG\u00cdA -  T\u00e9cnologia 2025\n<\/h2>\t\t\t\t<\/div>\n\t\t\t\t<div class=\"elementor-element elementor-element-17ade99 elementor-widget elementor-widget-text-editor\" data-id=\"17ade99\" data-element_type=\"widget\" data-widget_type=\"text-editor.default\">\n\t\t\t\t\t\t\t\t\t<p>Die einzige nicht-invasive Behandlung zur Hautstraffung und -festigung, die von der US-amerikanischen Gesundheitsbeh\u00f6rde FDA zugelassen ist und die Haut am Hals und im Gesicht strafft. Ultraschallverfahren, das die Produktion von neuem Kollagen und Elastin in den tiefen Hautschichten anregt. Strafft und festigt das Hautgewebe, einschlie\u00dflich des Dekollet\u00e9s, ohne Operation und ohne Erholungszeit.<\/p>\t\t\t\t\t\t\t\t<\/div>\n\t\t\t\t<div class=\"elementor-element elementor-element-1aac492 elementor-widget elementor-widget-heading\" data-id=\"1aac492\" data-element_type=\"widget\" data-widget_type=\"heading.default\">\n\t\t\t\t\t<h2 class=\"elementor-heading-title elementor-size-default\">INDIKATIONEN F\u00dcR DIE BEHANDLUNG:\n<\/h2>\t\t\t\t<\/div>\n\t\t\t\t<div class=\"elementor-element elementor-element-82fbfd5 elementor-widget elementor-widget-image\" data-id=\"82fbfd5\" data-element_type=\"widget\" data-widget_type=\"image.default\">\n\t\t\t\t\t\t\t\t\t\t\t\t\t\t\t<img fetchpriority=\"high\" decoding=\"async\" width=\"800\" height=\"579\" src=\"https:\/\/imeba.clinic\/wp-content\/uploads\/2025\/02\/22D-Max-catalogue-1-Photoroom-1024x741.png\" class=\"attachment-large size-large wp-image-8262\" alt=\"\" srcset=\"https:\/\/imeba.clinic\/wp-content\/uploads\/2025\/02\/22D-Max-catalogue-1-Photoroom-1024x741.png 1024w, https:\/\/imeba.clinic\/wp-content\/uploads\/2025\/02\/22D-Max-catalogue-1-Photoroom-300x217.png 300w, https:\/\/imeba.clinic\/wp-content\/uploads\/2025\/02\/22D-Max-catalogue-1-Photoroom-150x109.png 150w, https:\/\/imeba.clinic\/wp-content\/uploads\/2025\/02\/22D-Max-catalogue-1-Photoroom-768x556.png 768w, https:\/\/imeba.clinic\/wp-content\/uploads\/2025\/02\/22D-Max-catalogue-1-Photoroom-18x12.png 18w, https:\/\/imeba.clinic\/wp-content\/uploads\/2025\/02\/22D-Max-catalogue-1-Photoroom.png 1280w\" sizes=\"(max-width: 800px) 100vw, 800px\" \/>\t\t\t\t\t\t\t\t\t\t\t\t\t\t\t<\/div>\n\t\t\t\t<div class=\"elementor-element elementor-element-9c651a7 advance-lists elementor-widget elementor-widget-text-editor\" data-id=\"9c651a7\" data-element_type=\"widget\" data-widget_type=\"text-editor.default\">\n\t\t\t\t\t\t\t\t\t<ul><li style=\"margin-bottom: 5px; font-size: 15px;\">Hauterschlaffung, Lifting, Hautstraffung durch Anregung der Kollagenproduktion und Regeneration der elastischen Fasern, Straffung und Lifting der Haut<\/li><li style=\"margin-bottom: 5px; font-size: 15px;\">Faltenentfernung<\/li><li style=\"margin-bottom: 5px; font-size: 15px;\">Beseitigung von Nasolabialfalten<\/li><li style=\"margin-bottom: 5px; font-size: 15px;\">Beseitigung von Ausdruckslinien<\/li><li style=\"margin-bottom: 5px; font-size: 15px;\">Beseitigung von Stirnfalten<\/li><li style=\"margin-bottom: 5px; font-size: 15px;\">Beseitigung von Augenfalten<\/li><li style=\"margin-bottom: 5px; font-size: 15px;\">Straffung, Aufhellung und Verj\u00fcngung der Haut<\/li><li style=\"margin-bottom: 5px; font-size: 15px;\">Augenbrauenlifting<\/li><li style=\"margin-bottom: 5px; font-size: 15px;\">Straffung der Bauchhaut<\/li><li style=\"font-size: 15px;\">Straffung der Haut an den Armen<\/li><\/ul>\t\t\t\t\t\t\t\t<\/div>\n\t\t\t\t<div class=\"elementor-element elementor-element-3c94033 elementor-widget elementor-widget-heading\" data-id=\"3c94033\" data-element_type=\"widget\" data-widget_type=\"heading.default\">\n\t\t\t\t\t<h2 class=\"elementor-heading-title elementor-size-default\">Mit einer einzigen nicht-invasiven Behandlung<\/h2>\t\t\t\t<\/div>\n\t\t\t\t<div class=\"elementor-element elementor-element-36bb287 advance-lists elementor-widget elementor-widget-text-editor\" data-id=\"36bb287\" data-element_type=\"widget\" data-widget_type=\"text-editor.default\">\n\t\t\t\t\t\t\t\t\t<div>Ein einziger Eingriff von 60 bis 90 Minuten Dauer. Vor und nach der Behandlung ist keine Hautpflege erforderlich.<\/div>\n<div>&nbsp;<\/div>\n<ul>\n<li style=\"font-size: 15px;\">Sofortige Erholung<\/li>\n<li style=\"font-size: 15px;\">Nat\u00fcrliche Ergebnisse<\/li>\n<li style=\"font-size: 15px;\">Geeignet f\u00fcr alle Hautt\u00f6ne<\/li>\n<\/ul>\n<div>&nbsp;<\/div>\n<div>Klare Ergebnisse, die sich innerhalb von 90-180 Tagen verbessern und ein Jahr oder l\u00e4nger anhalten.<\/div>\t\t\t\t\t\t\t\t<\/div>\n\t\t\t\t<div class=\"elementor-element elementor-element-9cde4f6 elementor-widget elementor-widget-heading\" data-id=\"9cde4f6\" data-element_type=\"widget\" data-widget_type=\"heading.default\">\n\t\t\t\t\t<h2 class=\"elementor-heading-title elementor-size-default\">WIE FUNKTIONIERT ES?<\/h2>\t\t\t\t<\/div>\n\t\t\t\t<div class=\"elementor-element elementor-element-0fe4957 elementor-widget elementor-widget-text-editor\" data-id=\"0fe4957\" data-element_type=\"widget\" data-widget_type=\"text-editor.default\">\n\t\t\t\t\t\t\t\t\t<div class=\"elementor-element elementor-element-aadfa34 elementor-widget elementor-widget-text-editor\" data-id=\"aadfa34\" data-element_type=\"widget\" data-widget_type=\"text-editor.default\">\n<div class=\"elementor-widget-container\">Mit der Zeit wird das Kollagen in unserer Haut schw\u00e4cher und das Elastin beginnt sich abzubauen, wodurch die Haut schlaffer wird. Ein guter Kandidat f\u00fcr eine HIFU-Behandlung ist jemand, dessen Haut sich so weit \"entspannt\" hat, dass sie weniger straff aussieht oder sich weniger fest anf\u00fchlt. Eine niedrigere Brauenlinie, schlaffe Haut unter dem Kinn oder Falten im Dekollet\u00e9bereich sind alles Anzeichen f\u00fcr eine schlaffe Haut.<\/div>\n<\/div>\n<div class=\"elementor-element elementor-element-e04f1f2 elementor-widget elementor-widget-text-editor\" data-id=\"e04f1f2\" data-element_type=\"widget\" data-widget_type=\"text-editor.default\">\n<div class=\"elementor-widget-container\">Im Gegensatz zu Laser- und Radiofrequenzbehandlungen, die von au\u00dfen in die Haut eindringen, wirkt HIFU von innen nach au\u00dfen, um die Haut nicht-invasiv zu straffen und zu festigen. HIFU vermeidet den Kontakt mit der Hautoberfl\u00e4che und liefert fokussierte Ultraschallenergie in einer Tiefe von bis zu 4,5 mm - in dieselbe Hautschicht, die normalerweise bei einem chirurgischen Facelifting behandelt wird.<\/div>\n<\/div>\t\t\t\t\t\t\t\t<\/div>\n\t\t\t\t\t<\/div>\n\t\t<\/div>\n\t\t\t\t<div class=\"elementor-column elementor-col-50 elementor-top-column elementor-element elementor-element-ac1a05d\" data-id=\"ac1a05d\" data-element_type=\"column\">\n\t\t\t<div class=\"elementor-widget-wrap elementor-element-populated\">\n\t\t\t\t\t\t<section class=\"elementor-section elementor-inner-section elementor-element elementor-element-0449f5b elementor-section-boxed elementor-section-height-default elementor-section-height-default\" data-id=\"0449f5b\" data-element_type=\"section\" data-settings=\"{&quot;background_background&quot;:&quot;classic&quot;,&quot;sticky&quot;:&quot;top&quot;,&quot;sticky_offset&quot;:120,&quot;sticky_parent&quot;:&quot;yes&quot;,&quot;jet_parallax_layout_list&quot;:[],&quot;sticky_on&quot;:[&quot;desktop&quot;,&quot;tablet&quot;,&quot;mobile&quot;],&quot;sticky_effects_offset&quot;:0,&quot;sticky_anchor_link_offset&quot;:0}\">\n\t\t\t\t\t\t<div class=\"elementor-container elementor-column-gap-default\">\n\t\t\t\t\t<div class=\"elementor-column elementor-col-100 elementor-inner-column elementor-element elementor-element-da8d40e\" data-id=\"da8d40e\" data-element_type=\"column\">\n\t\t\t<div class=\"elementor-widget-wrap elementor-element-populated\">\n\t\t\t\t\t\t<div class=\"elementor-element elementor-element-a2091af elementor-widget elementor-widget-heading\" data-id=\"a2091af\" data-element_type=\"widget\" data-widget_type=\"heading.default\">\n\t\t\t\t\t<h2 class=\"elementor-heading-title elementor-size-default\">Preis:<\/h2>\t\t\t\t<\/div>\n\t\t\t\t<div class=\"elementor-element elementor-element-120ebcd Price elementor-widget__width-initial elementor-widget elementor-widget-heading\" data-id=\"120ebcd\" data-element_type=\"widget\" data-widget_type=\"heading.default\">\n\t\t\t\t\t<h2 class=\"elementor-heading-title elementor-size-default\">desde 300\u20ac<\/h2>\t\t\t\t<\/div>\n\t\t\t\t<div class=\"elementor-element elementor-element-3cec791 elementor-widget elementor-widget-text-editor\" data-id=\"3cec791\" data-element_type=\"widget\" data-widget_type=\"text-editor.default\">\n\t\t\t\t\t\t\t\t\t<p><span style=\"color: var( --e-global-color-2c5fc69 ); font-family: var( --e-global-typography-9ecb02f-font-family ), Sans-serif; font-size: var( --e-global-typography-9ecb02f-font-size ); font-weight: var( --e-global-typography-9ecb02f-font-weight ); background-color: var( --e-global-color-secondary );\">Je nach Behandlung, Behandlungsbereich usw.<\/span><\/p>\t\t\t\t\t\t\t\t<\/div>\n\t\t\t\t<div class=\"elementor-element elementor-element-78fbac8 elementor-widget elementor-widget-text-editor\" data-id=\"78fbac8\" data-element_type=\"widget\" data-widget_type=\"text-editor.default\">\n\t\t\t\t\t\t\t\t\t<p>Vorherige Beratung erforderlich.<\/p>\t\t\t\t\t\t\t\t<\/div>\n\t\t\t\t<div class=\"elementor-element elementor-element-03edf27 elementor-widget__width-inherit elementor-mobile-align-justify elementor-widget-mobile__width-inherit elementor-tablet-align-justify elementor-widget-tablet__width-inherit elementor-align-justify elementor-widget elementor-widget-button\" data-id=\"03edf27\" data-element_type=\"widget\" data-widget_type=\"button.default\">\n\t\t\t\t\t\t\t\t\t\t<a class=\"elementor-button elementor-button-link elementor-size-sm\" href=\"https:\/\/api.whatsapp.com\/send?phone=34653620509&#038;text=Hola%20Cl%C3%ADnicas%20IMEBA,%20ponte%20en%20contacto%20conmigo.%20(HIFU)%20Muchas%20gracias.%20\">\n\t\t\t\t\t\t<span class=\"elementor-button-content-wrapper\">\n\t\t\t\t\t\t\t\t\t<span class=\"elementor-button-text\">JETZT BUCHEN<\/span>\n\t\t\t\t\t<\/span>\n\t\t\t\t\t<\/a>\n\t\t\t\t\t\t\t\t<\/div>\n\t\t\t\t<div class=\"elementor-element elementor-element-8b1ceb3 elementor-widget elementor-widget-text-editor\" data-id=\"8b1ceb3\" data-element_type=\"widget\" data-widget_type=\"text-editor.default\">\n\t\t\t\t\t\t\t\t\t<p>Sie k\u00f6nnen uns auch eine Nachricht per WhatsApp schicken.<\/p>\t\t\t\t\t\t\t\t<\/div>\n\t\t\t\t\t<\/div>\n\t\t<\/div>\n\t\t\t\t\t<\/div>\n\t\t<\/section>\n\t\t\t\t\t<\/div>\n\t\t<\/div>\n\t\t\t\t\t<\/div>\n\t\t<\/section>\n\t\t\t\t<\/div>","protected":false},"excerpt":{"rendered":"<p>Facial IMEBA\u00ae HIFU 22D \u2013 NUEVO LIFTING SIN CIRUG\u00cdA &#8211; T\u00e9cnologia 2025 El \u00fanico tratamiento no invasivo para tensar y reafirmar la piel aprobado por la FDA de EE.UU. que tensa la piel del cuello y del rostro. Procedimiento de ultrasonidos que estimula la producci\u00f3n de nuevo col\u00e1geno y elastina en las capas profundas de [&hellip;]<\/p>","protected":false},"author":2,"featured_media":8262,"parent":920,"menu_order":1,"comment_status":"closed","ping_status":"closed","template":"elementor_header_footer","meta":{"footnotes":""},"class_list":["post-8256","page","type-page","status-publish","has-post-thumbnail","hentry"],"yoast_head":"<!-- This site is optimized with the Yoast SEO plugin v25.8 - https:\/\/yoast.com\/wordpress\/plugins\/seo\/ -->\n<title>Hifu - 22D MAX NEUVO - Clinicas IMEBA\u00ae<\/title>\n<meta name=\"robots\" content=\"index, follow, max-snippet:-1, max-image-preview:large, max-video-preview:-1\" \/>\n<link rel=\"canonical\" href=\"https:\/\/imeba.clinic\/de\/corporal\/hifu-22\/\" \/>\n<meta property=\"og:locale\" content=\"de_DE\" \/>\n<meta property=\"og:type\" content=\"article\" \/>\n<meta property=\"og:title\" content=\"Hifu - 22D MAX NEUVO - Clinicas IMEBA\u00ae\" \/>\n<meta property=\"og:description\" content=\"Facial IMEBA\u00ae HIFU 22D \u2013 NUEVO LIFTING SIN CIRUG\u00cdA &#8211; T\u00e9cnologia 2025 El \u00fanico tratamiento no invasivo para tensar y reafirmar la piel aprobado por la FDA de EE.UU. que tensa la piel del cuello y del rostro. Procedimiento de ultrasonidos que estimula la producci\u00f3n de nuevo col\u00e1geno y elastina en las capas profundas de [&hellip;]\" \/>\n<meta property=\"og:url\" content=\"https:\/\/imeba.clinic\/de\/corporal\/hifu-22\/\" \/>\n<meta property=\"og:site_name\" content=\"Clinicas IMEBA\u00ae\" \/>\n<meta property=\"article:publisher\" content=\"https:\/\/www.facebook.com\/clinicasimebamallorca\" \/>\n<meta property=\"article:modified_time\" content=\"2025-10-02T16:31:20+00:00\" \/>\n<meta property=\"og:image\" content=\"http:\/\/imeba.clinic\/wp-content\/uploads\/2025\/02\/22D-Max-catalogue-1-Photoroom.png\" \/>\n\t<meta property=\"og:image:width\" content=\"1280\" \/>\n\t<meta property=\"og:image:height\" content=\"926\" \/>\n\t<meta property=\"og:image:type\" content=\"image\/png\" \/>\n<meta name=\"twitter:card\" content=\"summary_large_image\" \/>\n<meta name=\"twitter:site\" content=\"@IMEBAInfo\" \/>\n<meta name=\"twitter:label1\" content=\"Gesch\u00e4tzte Lesezeit\" \/>\n\t<meta name=\"twitter:data1\" content=\"1\u00a0Minute\" \/>\n<script type=\"application\/ld+json\" class=\"yoast-schema-graph\">{\"@context\":\"https:\/\/schema.org\",\"@graph\":[{\"@type\":\"WebPage\",\"@id\":\"https:\/\/imeba.clinic\/corporal\/hifu-22\/\",\"url\":\"https:\/\/imeba.clinic\/corporal\/hifu-22\/\",\"name\":\"Hifu - 22D MAX NEUVO - Clinicas IMEBA\u00ae\",\"isPartOf\":{\"@id\":\"https:\/\/imeba.clinic\/#website\"},\"primaryImageOfPage\":{\"@id\":\"https:\/\/imeba.clinic\/corporal\/hifu-22\/#primaryimage\"},\"image\":{\"@id\":\"https:\/\/imeba.clinic\/corporal\/hifu-22\/#primaryimage\"},\"thumbnailUrl\":\"https:\/\/imeba.clinic\/wp-content\/uploads\/2025\/02\/22D-Max-catalogue-1-Photoroom.png\",\"datePublished\":\"2025-02-12T08:42:09+00:00\",\"dateModified\":\"2025-10-02T16:31:20+00:00\",\"breadcrumb\":{\"@id\":\"https:\/\/imeba.clinic\/corporal\/hifu-22\/#breadcrumb\"},\"inLanguage\":\"de\",\"potentialAction\":[{\"@type\":\"ReadAction\",\"target\":[\"https:\/\/imeba.clinic\/corporal\/hifu-22\/\"]}]},{\"@type\":\"ImageObject\",\"inLanguage\":\"de\",\"@id\":\"https:\/\/imeba.clinic\/corporal\/hifu-22\/#primaryimage\",\"url\":\"https:\/\/imeba.clinic\/wp-content\/uploads\/2025\/02\/22D-Max-catalogue-1-Photoroom.png\",\"contentUrl\":\"https:\/\/imeba.clinic\/wp-content\/uploads\/2025\/02\/22D-Max-catalogue-1-Photoroom.png\",\"width\":1280,\"height\":926},{\"@type\":\"BreadcrumbList\",\"@id\":\"https:\/\/imeba.clinic\/corporal\/hifu-22\/#breadcrumb\",\"itemListElement\":[{\"@type\":\"ListItem\",\"position\":1,\"name\":\"Portada\",\"item\":\"https:\/\/imeba.clinic\/\"},{\"@type\":\"ListItem\",\"position\":2,\"name\":\"Corporal\",\"item\":\"https:\/\/imeba.clinic\/corporal\/\"},{\"@type\":\"ListItem\",\"position\":3,\"name\":\"Hifu &#8211; 22D MAX NEUVO\"}]},{\"@type\":\"WebSite\",\"@id\":\"https:\/\/imeba.clinic\/#website\",\"url\":\"https:\/\/imeba.clinic\/\",\"name\":\"Clinicas IMEBA\u00ae\",\"description\":\"Medicina estetica cirugia facial\",\"publisher\":{\"@id\":\"https:\/\/imeba.clinic\/#organization\"},\"potentialAction\":[{\"@type\":\"SearchAction\",\"target\":{\"@type\":\"EntryPoint\",\"urlTemplate\":\"https:\/\/imeba.clinic\/?s={search_term_string}\"},\"query-input\":{\"@type\":\"PropertyValueSpecification\",\"valueRequired\":true,\"valueName\":\"search_term_string\"}}],\"inLanguage\":\"de\"},{\"@type\":\"Organization\",\"@id\":\"https:\/\/imeba.clinic\/#organization\",\"name\":\"Clinicas IMEBA\u00ae\",\"url\":\"https:\/\/imeba.clinic\/\",\"logo\":{\"@type\":\"ImageObject\",\"inLanguage\":\"de\",\"@id\":\"https:\/\/imeba.clinic\/#\/schema\/logo\/image\/\",\"url\":\"https:\/\/imeba.clinic\/wp-content\/uploads\/2023\/01\/cropped-11722351_740325796094007_2206264894896353109_o.jpg\",\"contentUrl\":\"https:\/\/imeba.clinic\/wp-content\/uploads\/2023\/01\/cropped-11722351_740325796094007_2206264894896353109_o.jpg\",\"width\":1221,\"height\":349,\"caption\":\"Clinicas IMEBA\u00ae\"},\"image\":{\"@id\":\"https:\/\/imeba.clinic\/#\/schema\/logo\/image\/\"},\"sameAs\":[\"https:\/\/www.facebook.com\/clinicasimebamallorca\",\"https:\/\/x.com\/IMEBAInfo\",\"https:\/\/www.youtube.com\/@TorstenMarin\"]}]}<\/script>\n<!-- \/ Yoast SEO plugin. -->","yoast_head_json":{"title":"Hifu - 22D MAX NEUVO - Clinicas IMEBA\u00ae","robots":{"index":"index","follow":"follow","max-snippet":"max-snippet:-1","max-image-preview":"max-image-preview:large","max-video-preview":"max-video-preview:-1"},"canonical":"https:\/\/imeba.clinic\/de\/corporal\/hifu-22\/","og_locale":"de_DE","og_type":"article","og_title":"Hifu - 22D MAX NEUVO - Clinicas IMEBA\u00ae","og_description":"Facial IMEBA\u00ae HIFU 22D \u2013 NUEVO LIFTING SIN CIRUG\u00cdA &#8211; T\u00e9cnologia 2025 El \u00fanico tratamiento no invasivo para tensar y reafirmar la piel aprobado por la FDA de EE.UU. que tensa la piel del cuello y del rostro. Procedimiento de ultrasonidos que estimula la producci\u00f3n de nuevo col\u00e1geno y elastina en las capas profundas de [&hellip;]","og_url":"https:\/\/imeba.clinic\/de\/corporal\/hifu-22\/","og_site_name":"Clinicas IMEBA\u00ae","article_publisher":"https:\/\/www.facebook.com\/clinicasimebamallorca","article_modified_time":"2025-10-02T16:31:20+00:00","og_image":[{"width":1280,"height":926,"url":"http:\/\/imeba.clinic\/wp-content\/uploads\/2025\/02\/22D-Max-catalogue-1-Photoroom.png","type":"image\/png"}],"twitter_card":"summary_large_image","twitter_site":"@IMEBAInfo","twitter_misc":{"Gesch\u00e4tzte Lesezeit":"1\u00a0Minute"},"schema":{"@context":"https:\/\/schema.org","@graph":[{"@type":"WebPage","@id":"https:\/\/imeba.clinic\/corporal\/hifu-22\/","url":"https:\/\/imeba.clinic\/corporal\/hifu-22\/","name":"Hifu - 22D MAX NEUVO - Clinicas IMEBA\u00ae","isPartOf":{"@id":"https:\/\/imeba.clinic\/#website"},"primaryImageOfPage":{"@id":"https:\/\/imeba.clinic\/corporal\/hifu-22\/#primaryimage"},"image":{"@id":"https:\/\/imeba.clinic\/corporal\/hifu-22\/#primaryimage"},"thumbnailUrl":"https:\/\/imeba.clinic\/wp-content\/uploads\/2025\/02\/22D-Max-catalogue-1-Photoroom.png","datePublished":"2025-02-12T08:42:09+00:00","dateModified":"2025-10-02T16:31:20+00:00","breadcrumb":{"@id":"https:\/\/imeba.clinic\/corporal\/hifu-22\/#breadcrumb"},"inLanguage":"de","potentialAction":[{"@type":"ReadAction","target":["https:\/\/imeba.clinic\/corporal\/hifu-22\/"]}]},{"@type":"ImageObject","inLanguage":"de","@id":"https:\/\/imeba.clinic\/corporal\/hifu-22\/#primaryimage","url":"https:\/\/imeba.clinic\/wp-content\/uploads\/2025\/02\/22D-Max-catalogue-1-Photoroom.png","contentUrl":"https:\/\/imeba.clinic\/wp-content\/uploads\/2025\/02\/22D-Max-catalogue-1-Photoroom.png","width":1280,"height":926},{"@type":"BreadcrumbList","@id":"https:\/\/imeba.clinic\/corporal\/hifu-22\/#breadcrumb","itemListElement":[{"@type":"ListItem","position":1,"name":"Portada","item":"https:\/\/imeba.clinic\/"},{"@type":"ListItem","position":2,"name":"Corporal","item":"https:\/\/imeba.clinic\/corporal\/"},{"@type":"ListItem","position":3,"name":"Hifu &#8211; 22D MAX NEUVO"}]},{"@type":"WebSite","@id":"https:\/\/imeba.clinic\/#website","url":"https:\/\/imeba.clinic\/","name":"Clinicas IMEBA\u00ae","description":"Medicina estetica cirugia facial","publisher":{"@id":"https:\/\/imeba.clinic\/#organization"},"potentialAction":[{"@type":"SearchAction","target":{"@type":"EntryPoint","urlTemplate":"https:\/\/imeba.clinic\/?s={search_term_string}"},"query-input":{"@type":"PropertyValueSpecification","valueRequired":true,"valueName":"search_term_string"}}],"inLanguage":"de"},{"@type":"Organization","@id":"https:\/\/imeba.clinic\/#organization","name":"Clinicas IMEBA\u00ae","url":"https:\/\/imeba.clinic\/","logo":{"@type":"ImageObject","inLanguage":"de","@id":"https:\/\/imeba.clinic\/#\/schema\/logo\/image\/","url":"https:\/\/imeba.clinic\/wp-content\/uploads\/2023\/01\/cropped-11722351_740325796094007_2206264894896353109_o.jpg","contentUrl":"https:\/\/imeba.clinic\/wp-content\/uploads\/2023\/01\/cropped-11722351_740325796094007_2206264894896353109_o.jpg","width":1221,"height":349,"caption":"Clinicas IMEBA\u00ae"},"image":{"@id":"https:\/\/imeba.clinic\/#\/schema\/logo\/image\/"},"sameAs":["https:\/\/www.facebook.com\/clinicasimebamallorca","https:\/\/x.com\/IMEBAInfo","https:\/\/www.youtube.com\/@TorstenMarin"]}]}},"_links":{"self":[{"href":"https:\/\/imeba.clinic\/de\/wp-json\/wp\/v2\/pages\/8256","targetHints":{"allow":["GET"]}}],"collection":[{"href":"https:\/\/imeba.clinic\/de\/wp-json\/wp\/v2\/pages"}],"about":[{"href":"https:\/\/imeba.clinic\/de\/wp-json\/wp\/v2\/types\/page"}],"author":[{"embeddable":true,"href":"https:\/\/imeba.clinic\/de\/wp-json\/wp\/v2\/users\/2"}],"replies":[{"embeddable":true,"href":"https:\/\/imeba.clinic\/de\/wp-json\/wp\/v2\/comments?post=8256"}],"version-history":[{"count":11,"href":"https:\/\/imeba.clinic\/de\/wp-json\/wp\/v2\/pages\/8256\/revisions"}],"predecessor-version":[{"id":10656,"href":"https:\/\/imeba.clinic\/de\/wp-json\/wp\/v2\/pages\/8256\/revisions\/10656"}],"up":[{"embeddable":true,"href":"https:\/\/imeba.clinic\/de\/wp-json\/wp\/v2\/pages\/920"}],"wp:featuredmedia":[{"embeddable":true,"href":"https:\/\/imeba.clinic\/de\/wp-json\/wp\/v2\/media\/8262"}],"wp:attachment":[{"href":"https:\/\/imeba.clinic\/de\/wp-json\/wp\/v2\/media?parent=8256"}],"curies":[{"name":"wp","href":"https:\/\/api.w.org\/{rel}","templated":true}]}}