
{"id":8002,"date":"2025-01-07T13:27:19","date_gmt":"2025-01-07T12:27:19","guid":{"rendered":"https:\/\/imeba.clinic\/?page_id=8002"},"modified":"2025-01-07T16:38:11","modified_gmt":"2025-01-07T15:38:11","slug":"plexr","status":"publish","type":"page","link":"https:\/\/imeba.clinic\/de\/facial\/plexr\/","title":{"rendered":"PLEXR\u00ae"},"content":{"rendered":"<div data-elementor-type=\"wp-page\" data-elementor-id=\"8002\" class=\"elementor elementor-8002\" data-elementor-post-type=\"page\">\n\t\t\t\t\t\t<section class=\"elementor-section elementor-top-section elementor-element elementor-element-14f7ea6 elementor-section-height-min-height elementor-section-boxed elementor-section-height-default elementor-section-items-middle\" data-id=\"14f7ea6\" data-element_type=\"section\" data-settings=\"{&quot;background_background&quot;:&quot;classic&quot;,&quot;background_motion_fx_motion_fx_scrolling&quot;:&quot;yes&quot;,&quot;background_motion_fx_translateY_effect&quot;:&quot;yes&quot;,&quot;jet_parallax_layout_list&quot;:[],&quot;background_motion_fx_translateY_speed&quot;:{&quot;unit&quot;:&quot;px&quot;,&quot;size&quot;:4,&quot;sizes&quot;:[]},&quot;background_motion_fx_translateY_affectedRange&quot;:{&quot;unit&quot;:&quot;%&quot;,&quot;size&quot;:&quot;&quot;,&quot;sizes&quot;:{&quot;start&quot;:0,&quot;end&quot;:100}},&quot;background_motion_fx_devices&quot;:[&quot;desktop&quot;,&quot;tablet&quot;,&quot;mobile&quot;]}\">\n\t\t\t\t\t\t\t<div class=\"elementor-background-overlay\"><\/div>\n\t\t\t\t\t\t\t<div class=\"elementor-container elementor-column-gap-default\">\n\t\t\t\t\t<div class=\"elementor-column elementor-col-100 elementor-top-column elementor-element elementor-element-8578ffc\" data-id=\"8578ffc\" data-element_type=\"column\">\n\t\t\t<div class=\"elementor-widget-wrap elementor-element-populated\">\n\t\t\t\t\t\t<div class=\"elementor-element elementor-element-92078a0 elementor-widget elementor-widget-heading\" data-id=\"92078a0\" data-element_type=\"widget\" data-widget_type=\"heading.default\">\n\t\t\t\t\t<h5 class=\"elementor-heading-title elementor-size-default\">Gesicht<\/h5>\t\t\t\t<\/div>\n\t\t\t\t\t<\/div>\n\t\t<\/div>\n\t\t\t\t\t<\/div>\n\t\t<\/section>\n\t\t\t\t<section class=\"elementor-section elementor-top-section elementor-element elementor-element-6a854a6 elementor-section-boxed elementor-section-height-default elementor-section-height-default\" data-id=\"6a854a6\" data-element_type=\"section\" data-settings=\"{&quot;jet_parallax_layout_list&quot;:[]}\">\n\t\t\t\t\t\t<div class=\"elementor-container elementor-column-gap-default\">\n\t\t\t\t\t<div class=\"elementor-column elementor-col-50 elementor-top-column elementor-element elementor-element-422799f\" data-id=\"422799f\" data-element_type=\"column\">\n\t\t\t<div class=\"elementor-widget-wrap elementor-element-populated\">\n\t\t\t\t\t\t<div class=\"elementor-element elementor-element-82fbfd5 elementor-widget elementor-widget-image\" data-id=\"82fbfd5\" data-element_type=\"widget\" data-widget_type=\"image.default\">\n\t\t\t\t\t\t\t\t\t\t\t\t\t\t\t<img fetchpriority=\"high\" decoding=\"async\" width=\"800\" height=\"600\" src=\"https:\/\/imeba.clinic\/wp-content\/uploads\/2025\/01\/photo-output-12-1024x768.jpg\" class=\"attachment-large size-large wp-image-8004\" alt=\"\" srcset=\"https:\/\/imeba.clinic\/wp-content\/uploads\/2025\/01\/photo-output-12-1024x768.jpg 1024w, https:\/\/imeba.clinic\/wp-content\/uploads\/2025\/01\/photo-output-12-300x225.jpg 300w, https:\/\/imeba.clinic\/wp-content\/uploads\/2025\/01\/photo-output-12-150x113.jpg 150w, https:\/\/imeba.clinic\/wp-content\/uploads\/2025\/01\/photo-output-12-768x576.jpg 768w, https:\/\/imeba.clinic\/wp-content\/uploads\/2025\/01\/photo-output-12-1536x1152.jpg 1536w, https:\/\/imeba.clinic\/wp-content\/uploads\/2025\/01\/photo-output-12-2048x1536.jpg 2048w, https:\/\/imeba.clinic\/wp-content\/uploads\/2025\/01\/photo-output-12-16x12.jpg 16w\" sizes=\"(max-width: 800px) 100vw, 800px\" \/>\t\t\t\t\t\t\t\t\t\t\t\t\t\t\t<\/div>\n\t\t\t\t<div class=\"elementor-element elementor-element-17ade99 elementor-widget elementor-widget-text-editor\" data-id=\"17ade99\" data-element_type=\"widget\" data-widget_type=\"text-editor.default\">\n\t\t\t\t\t\t\t\t\t<h1 style=\"vertical-align: baseline; font-family: Larken; font-size: 32px; outline: 0px; padding: 0px; margin: 0px 0px 25px; border: 0px; line-height: 36px; color: #000000; -webkit-font-smoothing: antialiased; position: relative; text-transform: uppercase;\">PLEXR\u00a0<span style=\"color: #959184; font-family: inherit; font-size: 24px; font-style: inherit; font-weight: var( --e-global-typography-9ecb02f-font-weight );\">MEDICINA EST\u00c9TICA Y FACIAL<\/span><\/h1><p style=\"vertical-align: baseline; font-family: Switzer; font-size: 16px; outline: 0px; padding: 0px 0px 1.5em; margin: 0px; border: 0px; -webkit-font-smoothing: subpixel-antialiased; color: #1b1b1b; line-height: 1.5em;\">El tratamiento Plexr est\u00e1 indicado para tratar las neoformaciones protuyentes benignas tales como las\u00a0<span style=\"vertical-align: baseline; font-weight: 600; font-style: inherit; outline: 0px; padding: 0px; margin: 0px; border: 0px;\">verrugas, xantelasmas, acn\u00e9 activo, cicatrices producidas acn\u00e9<\/span>\u00a0y\u00a0<span style=\"vertical-align: baseline; font-weight: 600; font-style: inherit; outline: 0px; padding: 0px; margin: 0px; border: 0px;\">queloides,\u00a0<\/span>entre otros usos.<\/p><p style=\"vertical-align: baseline; font-family: Switzer; font-size: 16px; outline: 0px; padding: 0px 0px 1.5em; margin: 0px; border: 0px; -webkit-font-smoothing: subpixel-antialiased; color: #1b1b1b; line-height: 1.5em;\"><b>Blefaroplastia superior sin cirug\u00eda<\/b><\/p><p style=\"vertical-align: baseline; font-family: Switzer; font-size: 16px; outline: 0px; padding: 0px 0px 1.5em; margin: 0px; border: 0px; -webkit-font-smoothing: subpixel-antialiased; color: #1b1b1b; line-height: 1.5em;\"><b>Ojos inferiores (lineas finas, para tensar la piel)<\/b><\/p><p style=\"vertical-align: baseline; font-family: Switzer; font-size: 16px; outline: 0px; padding: 0px 0px 1.5em; margin: 0px; border: 0px; -webkit-font-smoothing: subpixel-antialiased; color: #1b1b1b; line-height: 1.5em;\"><b>Linea finas (patas de gallo, c\u00f3digo de barra etc. ) facial y corporal<\/b><\/p><p style=\"vertical-align: baseline; font-family: Switzer; font-size: 16px; outline: 0px; padding: 0px 0px 1.5em; margin: 0px; border: 0px; -webkit-font-smoothing: subpixel-antialiased; color: #1b1b1b; line-height: 1.5em;\"><b>Lunares, Verrugas, Verrugas genitales (facial y corporal)<\/b><\/p><p style=\"vertical-align: baseline; font-family: Switzer; font-size: 16px; outline: 0px; padding: 0px 0px 1.5em; margin: 0px; border: 0px; -webkit-font-smoothing: subpixel-antialiased; color: #1b1b1b; line-height: 1.5em;\"><span style=\"vertical-align: baseline; font-weight: 600; font-style: inherit; outline: 0px; padding: 0px; margin: 0px; border: 0px;\">El sistema Plexr es un generador de plasma<\/span>. Es un dispositivo m\u00e9dico que genera una se\u00f1al pseudo-sinusoidal para generar un fen\u00f3meno f\u00edsico (plasma). Utilizando la diferencia de carga electromagn\u00e9tica entre la punta del man\u00edpulo y la piel del paciente, se produce un rayo de micro-plasma como resultado de la ionizaci\u00f3n \/ excitaci\u00f3n de los \u00e1tomos del gas presente entre la punta del instrumento y el cuerpo. As\u00ed, se consigue un efecto rejuvenecedor sin cirug\u00eda. Act\u00faa frente a las arrugas de la piel mediante quemaduras localizadas y controladas que disminuyen el exceso de piel en zonas como el contorno de ojos. Resulta ser un\u00a0<span style=\"vertical-align: baseline; font-weight: 600; font-style: inherit; outline: 0px; padding: 0px; margin: 0px; border: 0px;\">tratamiento eficaz sustitutivo a la cirug\u00eda,<\/span>\u00a0siempre a valoraci\u00f3n previa del equipo m\u00e9dico.<\/p><p style=\"vertical-align: baseline; font-family: Switzer; font-size: 16px; outline: 0px; padding: 0px 0px 1.5em; margin: 0px; border: 0px; -webkit-font-smoothing: subpixel-antialiased; color: #1b1b1b; line-height: 1.5em;\"><span style=\"vertical-align: baseline; font-family: inherit; font-style: inherit; outline: 0px; padding: 0px; margin: 0px; border: 0px;\">Aunque\u00a0<\/span><span style=\"font-weight: 600;\">los resultados obtenidos con el plasma Plexr pueden variar\u00a0<\/span>seg\u00fan el tratamiento<span style=\"vertical-align: baseline; font-family: inherit; font-style: inherit; outline: 0px; padding: 0px; margin: 0px; border: 0px;\">,\u00a0<\/span>es aconsejable\u00a0<span style=\"vertical-align: baseline; font-family: inherit; font-style: inherit; outline: 0px; padding: 0px; margin: 0px; border: 0px;\">evaluar el estado del tratamiento y mantener un cuidado adecuado de la piel para una mayor duraci\u00f3n.<\/span><\/p><p style=\"vertical-align: baseline; font-family: Switzer; font-size: 16px; outline: 0px; padding: 0px; margin: 0px; border: 0px; -webkit-font-smoothing: subpixel-antialiased; color: #1b1b1b; line-height: 1.5em;\"><span style=\"font-weight: 600;\">La aparatolog\u00eda Plexr es un procedimiento seguro<\/span><span style=\"vertical-align: baseline; font-family: inherit; font-style: inherit; outline: 0px; padding: 0px; margin: 0px; border: 0px;\">\u00a0que requiere anestesia local en el \u00e1rea a tratar 30 minutos antes de comenzar con la t\u00e9cnica, para que el tratamiento sea m\u00e1s c\u00f3modo y sin dolor.<\/span><\/p><p><b>PRECIOS<\/b>:\u00a0 A CONSULTAR<\/p>\t\t\t\t\t\t\t\t<\/div>\n\t\t\t\t\t<\/div>\n\t\t<\/div>\n\t\t\t\t<div class=\"elementor-column elementor-col-50 elementor-top-column elementor-element elementor-element-ac1a05d\" data-id=\"ac1a05d\" data-element_type=\"column\">\n\t\t\t<div class=\"elementor-widget-wrap elementor-element-populated\">\n\t\t\t\t\t\t<section class=\"elementor-section elementor-inner-section elementor-element elementor-element-0449f5b elementor-section-boxed elementor-section-height-default elementor-section-height-default\" data-id=\"0449f5b\" data-element_type=\"section\" data-settings=\"{&quot;background_background&quot;:&quot;classic&quot;,&quot;sticky&quot;:&quot;top&quot;,&quot;sticky_offset&quot;:120,&quot;sticky_parent&quot;:&quot;yes&quot;,&quot;jet_parallax_layout_list&quot;:[],&quot;sticky_on&quot;:[&quot;desktop&quot;,&quot;tablet&quot;,&quot;mobile&quot;],&quot;sticky_effects_offset&quot;:0,&quot;sticky_anchor_link_offset&quot;:0}\">\n\t\t\t\t\t\t<div class=\"elementor-container elementor-column-gap-default\">\n\t\t\t\t\t<div class=\"elementor-column elementor-col-100 elementor-inner-column elementor-element elementor-element-da8d40e\" data-id=\"da8d40e\" data-element_type=\"column\">\n\t\t\t<div class=\"elementor-widget-wrap elementor-element-populated\">\n\t\t\t\t\t\t<div class=\"elementor-element elementor-element-a2091af elementor-widget elementor-widget-heading\" data-id=\"a2091af\" data-element_type=\"widget\" data-widget_type=\"heading.default\">\n\t\t\t\t\t<h2 class=\"elementor-heading-title elementor-size-default\">Precio - A consultar<\/h2>\t\t\t\t<\/div>\n\t\t\t\t<div class=\"elementor-element elementor-element-61f3891 elementor-widget elementor-widget-text-editor\" data-id=\"61f3891\" data-element_type=\"widget\" data-widget_type=\"text-editor.default\">\n\t\t\t\t\t\t\t\t\t<p>Sie k\u00f6nnen uns auch eine Nachricht per WhatsApp schicken.<\/p>\t\t\t\t\t\t\t\t<\/div>\n\t\t\t\t<div class=\"elementor-element elementor-element-03edf27 elementor-widget__width-inherit elementor-mobile-align-justify elementor-widget-mobile__width-inherit elementor-tablet-align-justify elementor-widget-tablet__width-inherit elementor-align-justify elementor-widget elementor-widget-button\" data-id=\"03edf27\" data-element_type=\"widget\" data-widget_type=\"button.default\">\n\t\t\t\t\t\t\t\t\t\t<a class=\"elementor-button elementor-button-link elementor-size-sm\" href=\"https:\/\/api.whatsapp.com\/send?phone=34653620509&#038;text=Hola%20Cl%C3%ADnicas%20IMEBA,%20ponte%20en%20contacto%20conmigo.%20(PShot)%20Muchas%20gracias.%20\">\n\t\t\t\t\t\t<span class=\"elementor-button-content-wrapper\">\n\t\t\t\t\t\t\t\t\t<span class=\"elementor-button-text\">JETZT BUCHEN<\/span>\n\t\t\t\t\t<\/span>\n\t\t\t\t\t<\/a>\n\t\t\t\t\t\t\t\t<\/div>\n\t\t\t\t\t<\/div>\n\t\t<\/div>\n\t\t\t\t\t<\/div>\n\t\t<\/section>\n\t\t\t\t\t<\/div>\n\t\t<\/div>\n\t\t\t\t\t<\/div>\n\t\t<\/section>\n\t\t\t\t<\/div>","protected":false},"excerpt":{"rendered":"<p>Facial PLEXR\u00a0MEDICINA EST\u00c9TICA Y FACIAL El tratamiento Plexr est\u00e1 indicado para tratar las neoformaciones protuyentes benignas tales como las\u00a0verrugas, xantelasmas, acn\u00e9 activo, cicatrices producidas acn\u00e9\u00a0y\u00a0queloides,\u00a0entre otros usos. Blefaroplastia superior sin cirug\u00eda Ojos inferiores (lineas finas, para tensar la piel) Linea finas (patas de gallo, c\u00f3digo de barra etc. ) facial y corporal Lunares, Verrugas, Verrugas [&hellip;]<\/p>","protected":false},"author":2,"featured_media":6882,"parent":1327,"menu_order":1,"comment_status":"closed","ping_status":"closed","template":"elementor_header_footer","meta":{"footnotes":""},"class_list":["post-8002","page","type-page","status-publish","has-post-thumbnail","hentry"],"yoast_head":"<!-- This site is optimized with the Yoast SEO plugin v25.8 - https:\/\/yoast.com\/wordpress\/plugins\/seo\/ -->\n<title>PLEXR\u00ae - Clinicas IMEBA\u00ae<\/title>\n<meta name=\"robots\" content=\"index, follow, max-snippet:-1, max-image-preview:large, max-video-preview:-1\" \/>\n<link rel=\"canonical\" href=\"https:\/\/imeba.clinic\/de\/facial\/plexr\/\" \/>\n<meta property=\"og:locale\" content=\"de_DE\" \/>\n<meta property=\"og:type\" content=\"article\" \/>\n<meta property=\"og:title\" content=\"PLEXR\u00ae - Clinicas IMEBA\u00ae\" \/>\n<meta property=\"og:description\" content=\"Facial PLEXR\u00a0MEDICINA EST\u00c9TICA Y FACIAL El tratamiento Plexr est\u00e1 indicado para tratar las neoformaciones protuyentes benignas tales como las\u00a0verrugas, xantelasmas, acn\u00e9 activo, cicatrices producidas acn\u00e9\u00a0y\u00a0queloides,\u00a0entre otros usos. Blefaroplastia superior sin cirug\u00eda Ojos inferiores (lineas finas, para tensar la piel) Linea finas (patas de gallo, c\u00f3digo de barra etc. ) facial y corporal Lunares, Verrugas, Verrugas [&hellip;]\" \/>\n<meta property=\"og:url\" content=\"https:\/\/imeba.clinic\/de\/facial\/plexr\/\" \/>\n<meta property=\"og:site_name\" content=\"Clinicas IMEBA\u00ae\" \/>\n<meta property=\"article:publisher\" content=\"https:\/\/www.facebook.com\/clinicasimebamallorca\" \/>\n<meta property=\"article:modified_time\" content=\"2025-01-07T15:38:11+00:00\" \/>\n<meta property=\"og:image\" content=\"http:\/\/imeba.clinic\/wp-content\/uploads\/2024\/09\/How-Drastically-Can-Your-Face-Change-Through-Plastic-Surgery-1.jpeg\" \/>\n\t<meta property=\"og:image:width\" content=\"1536\" \/>\n\t<meta property=\"og:image:height\" content=\"1024\" \/>\n\t<meta property=\"og:image:type\" content=\"image\/jpeg\" \/>\n<meta name=\"twitter:card\" content=\"summary_large_image\" \/>\n<meta name=\"twitter:site\" content=\"@IMEBAInfo\" \/>\n<meta name=\"twitter:label1\" content=\"Gesch\u00e4tzte Lesezeit\" \/>\n\t<meta name=\"twitter:data1\" content=\"2\u00a0Minuten\" \/>\n<script type=\"application\/ld+json\" class=\"yoast-schema-graph\">{\"@context\":\"https:\/\/schema.org\",\"@graph\":[{\"@type\":\"WebPage\",\"@id\":\"https:\/\/imeba.clinic\/facial\/plexr\/\",\"url\":\"https:\/\/imeba.clinic\/facial\/plexr\/\",\"name\":\"PLEXR\u00ae - Clinicas IMEBA\u00ae\",\"isPartOf\":{\"@id\":\"https:\/\/imeba.clinic\/#website\"},\"primaryImageOfPage\":{\"@id\":\"https:\/\/imeba.clinic\/facial\/plexr\/#primaryimage\"},\"image\":{\"@id\":\"https:\/\/imeba.clinic\/facial\/plexr\/#primaryimage\"},\"thumbnailUrl\":\"https:\/\/imeba.clinic\/wp-content\/uploads\/2024\/09\/How-Drastically-Can-Your-Face-Change-Through-Plastic-Surgery-1.jpeg\",\"datePublished\":\"2025-01-07T12:27:19+00:00\",\"dateModified\":\"2025-01-07T15:38:11+00:00\",\"breadcrumb\":{\"@id\":\"https:\/\/imeba.clinic\/facial\/plexr\/#breadcrumb\"},\"inLanguage\":\"de\",\"potentialAction\":[{\"@type\":\"ReadAction\",\"target\":[\"https:\/\/imeba.clinic\/facial\/plexr\/\"]}]},{\"@type\":\"ImageObject\",\"inLanguage\":\"de\",\"@id\":\"https:\/\/imeba.clinic\/facial\/plexr\/#primaryimage\",\"url\":\"https:\/\/imeba.clinic\/wp-content\/uploads\/2024\/09\/How-Drastically-Can-Your-Face-Change-Through-Plastic-Surgery-1.jpeg\",\"contentUrl\":\"https:\/\/imeba.clinic\/wp-content\/uploads\/2024\/09\/How-Drastically-Can-Your-Face-Change-Through-Plastic-Surgery-1.jpeg\",\"width\":1536,\"height\":1024},{\"@type\":\"BreadcrumbList\",\"@id\":\"https:\/\/imeba.clinic\/facial\/plexr\/#breadcrumb\",\"itemListElement\":[{\"@type\":\"ListItem\",\"position\":1,\"name\":\"Portada\",\"item\":\"https:\/\/imeba.clinic\/\"},{\"@type\":\"ListItem\",\"position\":2,\"name\":\"Facial\",\"item\":\"https:\/\/imeba.clinic\/facial\/\"},{\"@type\":\"ListItem\",\"position\":3,\"name\":\"PLEXR\u00ae\"}]},{\"@type\":\"WebSite\",\"@id\":\"https:\/\/imeba.clinic\/#website\",\"url\":\"https:\/\/imeba.clinic\/\",\"name\":\"Clinicas IMEBA\u00ae\",\"description\":\"Medicina estetica cirugia facial\",\"publisher\":{\"@id\":\"https:\/\/imeba.clinic\/#organization\"},\"potentialAction\":[{\"@type\":\"SearchAction\",\"target\":{\"@type\":\"EntryPoint\",\"urlTemplate\":\"https:\/\/imeba.clinic\/?s={search_term_string}\"},\"query-input\":{\"@type\":\"PropertyValueSpecification\",\"valueRequired\":true,\"valueName\":\"search_term_string\"}}],\"inLanguage\":\"de\"},{\"@type\":\"Organization\",\"@id\":\"https:\/\/imeba.clinic\/#organization\",\"name\":\"Clinicas IMEBA\u00ae\",\"url\":\"https:\/\/imeba.clinic\/\",\"logo\":{\"@type\":\"ImageObject\",\"inLanguage\":\"de\",\"@id\":\"https:\/\/imeba.clinic\/#\/schema\/logo\/image\/\",\"url\":\"https:\/\/imeba.clinic\/wp-content\/uploads\/2023\/01\/cropped-11722351_740325796094007_2206264894896353109_o.jpg\",\"contentUrl\":\"https:\/\/imeba.clinic\/wp-content\/uploads\/2023\/01\/cropped-11722351_740325796094007_2206264894896353109_o.jpg\",\"width\":1221,\"height\":349,\"caption\":\"Clinicas IMEBA\u00ae\"},\"image\":{\"@id\":\"https:\/\/imeba.clinic\/#\/schema\/logo\/image\/\"},\"sameAs\":[\"https:\/\/www.facebook.com\/clinicasimebamallorca\",\"https:\/\/x.com\/IMEBAInfo\",\"https:\/\/www.youtube.com\/@TorstenMarin\"]}]}<\/script>\n<!-- \/ Yoast SEO plugin. -->","yoast_head_json":{"title":"PLEXR\u00ae - Clinicas IMEBA\u00ae","robots":{"index":"index","follow":"follow","max-snippet":"max-snippet:-1","max-image-preview":"max-image-preview:large","max-video-preview":"max-video-preview:-1"},"canonical":"https:\/\/imeba.clinic\/de\/facial\/plexr\/","og_locale":"de_DE","og_type":"article","og_title":"PLEXR\u00ae - Clinicas IMEBA\u00ae","og_description":"Facial PLEXR\u00a0MEDICINA EST\u00c9TICA Y FACIAL El tratamiento Plexr est\u00e1 indicado para tratar las neoformaciones protuyentes benignas tales como las\u00a0verrugas, xantelasmas, acn\u00e9 activo, cicatrices producidas acn\u00e9\u00a0y\u00a0queloides,\u00a0entre otros usos. Blefaroplastia superior sin cirug\u00eda Ojos inferiores (lineas finas, para tensar la piel) Linea finas (patas de gallo, c\u00f3digo de barra etc. ) facial y corporal Lunares, Verrugas, Verrugas [&hellip;]","og_url":"https:\/\/imeba.clinic\/de\/facial\/plexr\/","og_site_name":"Clinicas IMEBA\u00ae","article_publisher":"https:\/\/www.facebook.com\/clinicasimebamallorca","article_modified_time":"2025-01-07T15:38:11+00:00","og_image":[{"width":1536,"height":1024,"url":"http:\/\/imeba.clinic\/wp-content\/uploads\/2024\/09\/How-Drastically-Can-Your-Face-Change-Through-Plastic-Surgery-1.jpeg","type":"image\/jpeg"}],"twitter_card":"summary_large_image","twitter_site":"@IMEBAInfo","twitter_misc":{"Gesch\u00e4tzte Lesezeit":"2\u00a0Minuten"},"schema":{"@context":"https:\/\/schema.org","@graph":[{"@type":"WebPage","@id":"https:\/\/imeba.clinic\/facial\/plexr\/","url":"https:\/\/imeba.clinic\/facial\/plexr\/","name":"PLEXR\u00ae - Clinicas IMEBA\u00ae","isPartOf":{"@id":"https:\/\/imeba.clinic\/#website"},"primaryImageOfPage":{"@id":"https:\/\/imeba.clinic\/facial\/plexr\/#primaryimage"},"image":{"@id":"https:\/\/imeba.clinic\/facial\/plexr\/#primaryimage"},"thumbnailUrl":"https:\/\/imeba.clinic\/wp-content\/uploads\/2024\/09\/How-Drastically-Can-Your-Face-Change-Through-Plastic-Surgery-1.jpeg","datePublished":"2025-01-07T12:27:19+00:00","dateModified":"2025-01-07T15:38:11+00:00","breadcrumb":{"@id":"https:\/\/imeba.clinic\/facial\/plexr\/#breadcrumb"},"inLanguage":"de","potentialAction":[{"@type":"ReadAction","target":["https:\/\/imeba.clinic\/facial\/plexr\/"]}]},{"@type":"ImageObject","inLanguage":"de","@id":"https:\/\/imeba.clinic\/facial\/plexr\/#primaryimage","url":"https:\/\/imeba.clinic\/wp-content\/uploads\/2024\/09\/How-Drastically-Can-Your-Face-Change-Through-Plastic-Surgery-1.jpeg","contentUrl":"https:\/\/imeba.clinic\/wp-content\/uploads\/2024\/09\/How-Drastically-Can-Your-Face-Change-Through-Plastic-Surgery-1.jpeg","width":1536,"height":1024},{"@type":"BreadcrumbList","@id":"https:\/\/imeba.clinic\/facial\/plexr\/#breadcrumb","itemListElement":[{"@type":"ListItem","position":1,"name":"Portada","item":"https:\/\/imeba.clinic\/"},{"@type":"ListItem","position":2,"name":"Facial","item":"https:\/\/imeba.clinic\/facial\/"},{"@type":"ListItem","position":3,"name":"PLEXR\u00ae"}]},{"@type":"WebSite","@id":"https:\/\/imeba.clinic\/#website","url":"https:\/\/imeba.clinic\/","name":"Clinicas IMEBA\u00ae","description":"Medicina estetica cirugia facial","publisher":{"@id":"https:\/\/imeba.clinic\/#organization"},"potentialAction":[{"@type":"SearchAction","target":{"@type":"EntryPoint","urlTemplate":"https:\/\/imeba.clinic\/?s={search_term_string}"},"query-input":{"@type":"PropertyValueSpecification","valueRequired":true,"valueName":"search_term_string"}}],"inLanguage":"de"},{"@type":"Organization","@id":"https:\/\/imeba.clinic\/#organization","name":"Clinicas IMEBA\u00ae","url":"https:\/\/imeba.clinic\/","logo":{"@type":"ImageObject","inLanguage":"de","@id":"https:\/\/imeba.clinic\/#\/schema\/logo\/image\/","url":"https:\/\/imeba.clinic\/wp-content\/uploads\/2023\/01\/cropped-11722351_740325796094007_2206264894896353109_o.jpg","contentUrl":"https:\/\/imeba.clinic\/wp-content\/uploads\/2023\/01\/cropped-11722351_740325796094007_2206264894896353109_o.jpg","width":1221,"height":349,"caption":"Clinicas IMEBA\u00ae"},"image":{"@id":"https:\/\/imeba.clinic\/#\/schema\/logo\/image\/"},"sameAs":["https:\/\/www.facebook.com\/clinicasimebamallorca","https:\/\/x.com\/IMEBAInfo","https:\/\/www.youtube.com\/@TorstenMarin"]}]}},"_links":{"self":[{"href":"https:\/\/imeba.clinic\/de\/wp-json\/wp\/v2\/pages\/8002","targetHints":{"allow":["GET"]}}],"collection":[{"href":"https:\/\/imeba.clinic\/de\/wp-json\/wp\/v2\/pages"}],"about":[{"href":"https:\/\/imeba.clinic\/de\/wp-json\/wp\/v2\/types\/page"}],"author":[{"embeddable":true,"href":"https:\/\/imeba.clinic\/de\/wp-json\/wp\/v2\/users\/2"}],"replies":[{"embeddable":true,"href":"https:\/\/imeba.clinic\/de\/wp-json\/wp\/v2\/comments?post=8002"}],"version-history":[{"count":0,"href":"https:\/\/imeba.clinic\/de\/wp-json\/wp\/v2\/pages\/8002\/revisions"}],"up":[{"embeddable":true,"href":"https:\/\/imeba.clinic\/de\/wp-json\/wp\/v2\/pages\/1327"}],"wp:featuredmedia":[{"embeddable":true,"href":"https:\/\/imeba.clinic\/de\/wp-json\/wp\/v2\/media\/6882"}],"wp:attachment":[{"href":"https:\/\/imeba.clinic\/de\/wp-json\/wp\/v2\/media?parent=8002"}],"curies":[{"name":"wp","href":"https:\/\/api.w.org\/{rel}","templated":true}]}}