
{"id":694,"date":"2023-01-05T22:06:45","date_gmt":"2023-01-05T22:06:45","guid":{"rendered":"https:\/\/imeba.clinic\/?page_id=694"},"modified":"2023-06-13T16:50:50","modified_gmt":"2023-06-13T15:50:50","slug":"lipolaser","status":"publish","type":"page","link":"https:\/\/imeba.clinic\/de\/corporal\/lipolaser\/","title":{"rendered":"Lipolaser"},"content":{"rendered":"<div data-elementor-type=\"wp-page\" data-elementor-id=\"694\" class=\"elementor elementor-694\" data-elementor-post-type=\"page\">\n\t\t\t\t\t\t<section class=\"elementor-section elementor-top-section elementor-element elementor-element-af5f204 elementor-section-height-min-height elementor-section-boxed elementor-section-height-default elementor-section-items-middle\" data-id=\"af5f204\" data-element_type=\"section\" data-settings=\"{&quot;background_background&quot;:&quot;classic&quot;,&quot;background_motion_fx_motion_fx_scrolling&quot;:&quot;yes&quot;,&quot;background_motion_fx_translateY_effect&quot;:&quot;yes&quot;,&quot;jet_parallax_layout_list&quot;:[],&quot;background_motion_fx_translateY_speed&quot;:{&quot;unit&quot;:&quot;px&quot;,&quot;size&quot;:4,&quot;sizes&quot;:[]},&quot;background_motion_fx_translateY_affectedRange&quot;:{&quot;unit&quot;:&quot;%&quot;,&quot;size&quot;:&quot;&quot;,&quot;sizes&quot;:{&quot;start&quot;:0,&quot;end&quot;:100}},&quot;background_motion_fx_devices&quot;:[&quot;desktop&quot;,&quot;tablet&quot;,&quot;mobile&quot;]}\">\n\t\t\t\t\t\t\t<div class=\"elementor-background-overlay\"><\/div>\n\t\t\t\t\t\t\t<div class=\"elementor-container elementor-column-gap-default\">\n\t\t\t\t\t<div class=\"elementor-column elementor-col-100 elementor-top-column elementor-element elementor-element-971d0ba\" data-id=\"971d0ba\" data-element_type=\"column\">\n\t\t\t<div class=\"elementor-widget-wrap elementor-element-populated\">\n\t\t\t\t\t\t<div class=\"elementor-element elementor-element-54b4eaf elementor-widget elementor-widget-heading\" data-id=\"54b4eaf\" data-element_type=\"widget\" data-widget_type=\"heading.default\">\n\t\t\t\t\t<h2 class=\"elementor-heading-title elementor-size-default\">K\u00f6rper<\/h2>\t\t\t\t<\/div>\n\t\t\t\t\t<\/div>\n\t\t<\/div>\n\t\t\t\t\t<\/div>\n\t\t<\/section>\n\t\t\t\t<section class=\"elementor-section elementor-top-section elementor-element elementor-element-f46b13f elementor-reverse-mobile elementor-section-boxed elementor-section-height-default elementor-section-height-default\" data-id=\"f46b13f\" data-element_type=\"section\" data-settings=\"{&quot;jet_parallax_layout_list&quot;:[]}\">\n\t\t\t\t\t\t<div class=\"elementor-container elementor-column-gap-default\">\n\t\t\t\t\t<div class=\"elementor-column elementor-col-50 elementor-top-column elementor-element elementor-element-adde9af\" data-id=\"adde9af\" data-element_type=\"column\">\n\t\t\t<div class=\"elementor-widget-wrap elementor-element-populated\">\n\t\t\t\t\t\t<div class=\"elementor-element elementor-element-5120022 elementor-widget elementor-widget-heading\" data-id=\"5120022\" data-element_type=\"widget\" data-widget_type=\"heading.default\">\n\t\t\t\t\t<h2 class=\"elementor-heading-title elementor-size-default\">Lipolaser \u2013 lokalisiertes Fett dauerhaft entfernen<\/h2>\t\t\t\t<\/div>\n\t\t\t\t<div class=\"elementor-element elementor-element-11d67d1 elementor-widget elementor-widget-heading\" data-id=\"11d67d1\" data-element_type=\"widget\" data-widget_type=\"heading.default\">\n\t\t\t\t\t<h5 class=\"elementor-heading-title elementor-size-default\">EINF\u00dcHRUNG<\/h5>\t\t\t\t<\/div>\n\t\t\t\t<div class=\"elementor-element elementor-element-fe50b88 advance-lists elementor-widget elementor-widget-text-editor\" data-id=\"fe50b88\" data-element_type=\"widget\" data-widget_type=\"text-editor.default\">\n\t\t\t\t\t\t\t\t\t<ul><li>DIE ABSOLUT NEUESTE TECHNOLOGIE<\/li><li>OHNE CHIRURGIE<\/li><li>OHNE KRANKENHAUSAUFENTHALT<\/li><li>FETTENTFERNUNG BEI GLEICHZEITIGER HAUTSTRAFFUNG<\/li><li>VIELE BEREICHE DES K\u00d6RPERS M\u00d6GLICH<\/li><\/ul>\t\t\t\t\t\t\t\t<\/div>\n\t\t\t\t<div class=\"elementor-element elementor-element-b96dee2 elementor-widget elementor-widget-text-editor\" data-id=\"b96dee2\" data-element_type=\"widget\" data-widget_type=\"text-editor.default\">\n\t\t\t\t\t\t\t\t\tDie Fortschritte in der plastischen und kosmetischen Chirurgie machen immer gr\u00f6\u00dfere Spr\u00fcnge. Jedes Jahr werden neue Techniken entwickelt, die es erm\u00f6glichen, den Ergebnissen und Erwartungen der Patienten fast 100 % n\u00e4her zu kommen.\n\n\t\t\t\t\t\t\t\t<\/div>\n\t\t\t\t<div class=\"elementor-element elementor-element-4dce621 elementor-widget elementor-widget-text-editor\" data-id=\"4dce621\" data-element_type=\"widget\" data-widget_type=\"text-editor.default\">\n\t\t\t\t\t\t\t\t\tIn diesem Bereich sind Technologie und Innovation die neuen Verb\u00fcndeten der Sch\u00f6nheitschirurgie geworden. So entstand der Lipolaser oder die Laserlipolyse als minimalinvasives und hochpr\u00e4zises Verfahren zur Entfernung von Fett an bestimmten K\u00f6rperstellen ohne Operation, was diese Technik zu einer der innovativsten und gefragtesten der letzten Jahre macht.\n\n\t\t\t\t\t\t\t\t<\/div>\n\t\t\t\t<div class=\"elementor-element elementor-element-3e9a900 elementor-widget elementor-widget-heading\" data-id=\"3e9a900\" data-element_type=\"widget\" data-widget_type=\"heading.default\">\n\t\t\t\t\t<h2 class=\"elementor-heading-title elementor-size-default\">Preis<\/h2>\t\t\t\t<\/div>\n\t\t\t\t<div class=\"elementor-element elementor-element-8eab7db Price elementor-widget elementor-widget-heading\" data-id=\"8eab7db\" data-element_type=\"widget\" data-widget_type=\"heading.default\">\n\t\t\t\t\t<h2 class=\"elementor-heading-title elementor-size-default\"><span>ab<\/span> 999<span>\u20ac<\/span><\/h2>\t\t\t\t<\/div>\n\t\t\t\t<div class=\"elementor-element elementor-element-978344f elementor-widget elementor-widget-text-editor\" data-id=\"978344f\" data-element_type=\"widget\" data-widget_type=\"text-editor.default\">\n\t\t\t\t\t\t\t\t\tVorherige kostenfreie Beratung erforderlich. \n\n\t\t\t\t\t\t\t\t<\/div>\n\t\t\t\t<div class=\"elementor-element elementor-element-6a540d4 elementor-widget__width-inherit elementor-mobile-align-justify elementor-widget-mobile__width-inherit elementor-tablet-align-justify elementor-widget-tablet__width-inherit elementor-align-justify elementor-widget elementor-widget-button\" data-id=\"6a540d4\" data-element_type=\"widget\" data-widget_type=\"button.default\">\n\t\t\t\t\t\t\t\t\t\t<a class=\"elementor-button elementor-button-link elementor-size-sm\" href=\"https:\/\/api.whatsapp.com\/send?phone=34653620509&#038;text=Hola%20Cl%C3%ADnicas%20IMEBA,%20ponte%20en%20contacto%20conmigo.%20(Lipol\u00e1ser)%20Muchas%20gracias.%20\" target=\"_blank\">\n\t\t\t\t\t\t<span class=\"elementor-button-content-wrapper\">\n\t\t\t\t\t\t\t\t\t<span class=\"elementor-button-text\">JETZT BUCHEN<\/span>\n\t\t\t\t\t<\/span>\n\t\t\t\t\t<\/a>\n\t\t\t\t\t\t\t\t<\/div>\n\t\t\t\t\t<\/div>\n\t\t<\/div>\n\t\t\t\t<div class=\"elementor-column elementor-col-50 elementor-top-column elementor-element elementor-element-e4efe5a center-divider top\" data-id=\"e4efe5a\" data-element_type=\"column\" data-settings=\"{&quot;background_background&quot;:&quot;classic&quot;}\">\n\t\t\t<div class=\"elementor-widget-wrap elementor-element-populated\">\n\t\t\t\t\t\t<div class=\"elementor-element elementor-element-a96e3e2 divider-symbol--reverse elementor-widget__width-auto elementor-widget elementor-widget-image\" data-id=\"a96e3e2\" data-element_type=\"widget\" data-widget_type=\"image.default\">\n\t\t\t\t\t\t\t\t\t\t\t\t\t\t\t<img fetchpriority=\"high\" decoding=\"async\" width=\"800\" height=\"800\" src=\"https:\/\/imeba.clinic\/wp-content\/uploads\/2022\/12\/divider-symbol.svg\" class=\"attachment-large size-large wp-image-122\" alt=\"\" srcset=\"https:\/\/imeba.clinic\/wp-content\/uploads\/\/2022\/12\/divider-symbol.svg 150w, https:\/\/imeba.clinic\/wp-content\/uploads\/\/2022\/12\/divider-symbol.svg 300w, https:\/\/imeba.clinic\/wp-content\/uploads\/\/2022\/12\/divider-symbol.svg 1024w\" sizes=\"(max-width: 800px) 100vw, 800px\" \/>\t\t\t\t\t\t\t\t\t\t\t\t\t\t\t<\/div>\n\t\t\t\t<div class=\"elementor-element elementor-element-8b9a158 elementor-widget elementor-widget-spacer\" data-id=\"8b9a158\" data-element_type=\"widget\" data-widget_type=\"spacer.default\">\n\t\t\t\t\t\t\t<div class=\"elementor-spacer\">\n\t\t\t<div class=\"elementor-spacer-inner\"><\/div>\n\t\t<\/div>\n\t\t\t\t\t\t<\/div>\n\t\t\t\t\t<\/div>\n\t\t<\/div>\n\t\t\t\t\t<\/div>\n\t\t<\/section>\n\t\t\t\t<section class=\"elementor-section elementor-top-section elementor-element elementor-element-c30ddac elementor-section-boxed elementor-section-height-default elementor-section-height-default\" data-id=\"c30ddac\" data-element_type=\"section\" data-settings=\"{&quot;jet_parallax_layout_list&quot;:[]}\">\n\t\t\t\t\t\t<div class=\"elementor-container elementor-column-gap-default\">\n\t\t\t\t\t<div class=\"elementor-column elementor-col-50 elementor-top-column elementor-element elementor-element-fb481f6 center-divider top\" data-id=\"fb481f6\" data-element_type=\"column\" data-settings=\"{&quot;background_background&quot;:&quot;classic&quot;}\">\n\t\t\t<div class=\"elementor-widget-wrap elementor-element-populated\">\n\t\t\t\t\t\t<div class=\"elementor-element elementor-element-37d24ba divider-symbol elementor-widget__width-auto elementor-widget elementor-widget-image\" data-id=\"37d24ba\" data-element_type=\"widget\" data-widget_type=\"image.default\">\n\t\t\t\t\t\t\t\t\t\t\t\t\t\t\t<img fetchpriority=\"high\" decoding=\"async\" width=\"800\" height=\"800\" src=\"https:\/\/imeba.clinic\/wp-content\/uploads\/2022\/12\/divider-symbol.svg\" class=\"attachment-large size-large wp-image-122\" alt=\"\" srcset=\"https:\/\/imeba.clinic\/wp-content\/uploads\/\/2022\/12\/divider-symbol.svg 150w, https:\/\/imeba.clinic\/wp-content\/uploads\/\/2022\/12\/divider-symbol.svg 300w, https:\/\/imeba.clinic\/wp-content\/uploads\/\/2022\/12\/divider-symbol.svg 1024w\" sizes=\"(max-width: 800px) 100vw, 800px\" \/>\t\t\t\t\t\t\t\t\t\t\t\t\t\t\t<\/div>\n\t\t\t\t<div class=\"elementor-element elementor-element-484cd30 elementor-widget elementor-widget-spacer\" data-id=\"484cd30\" data-element_type=\"widget\" data-widget_type=\"spacer.default\">\n\t\t\t\t\t\t\t<div class=\"elementor-spacer\">\n\t\t\t<div class=\"elementor-spacer-inner\"><\/div>\n\t\t<\/div>\n\t\t\t\t\t\t<\/div>\n\t\t\t\t\t<\/div>\n\t\t<\/div>\n\t\t\t\t<div class=\"elementor-column elementor-col-50 elementor-top-column elementor-element elementor-element-2d7b53b\" data-id=\"2d7b53b\" data-element_type=\"column\">\n\t\t\t<div class=\"elementor-widget-wrap elementor-element-populated\">\n\t\t\t\t\t\t<div class=\"elementor-element elementor-element-abd60cf elementor-widget elementor-widget-heading\" data-id=\"abd60cf\" data-element_type=\"widget\" data-widget_type=\"heading.default\">\n\t\t\t\t\t<h5 class=\"elementor-heading-title elementor-size-default\">LOKALISIERTES FETT DAUERHAFT ENTFERNEN\n<\/h5>\t\t\t\t<\/div>\n\t\t\t\t<div class=\"elementor-element elementor-element-f2f5d7b elementor-widget elementor-widget-heading\" data-id=\"f2f5d7b\" data-element_type=\"widget\" data-widget_type=\"heading.default\">\n\t\t\t\t\t<h2 class=\"elementor-heading-title elementor-size-default\">WAS IST LIPOLASER?\n<\/h2>\t\t\t\t<\/div>\n\t\t\t\t<div class=\"elementor-element elementor-element-3c11380 elementor-widget elementor-widget-text-editor translation-block\" data-id=\"3c11380\" data-element_type=\"widget\" data-widget_type=\"text-editor.default\">Laut den Spezialisten von <strong>Cl\u00ednicas IMEBA\u00ae<\/strong> ist der Lipolaser <strong>ein minimalinvasives Verfahren, das darin besteht, mit einem Diodenlaser lokalisiertes Fett in bestimmten K\u00f6rperbereichen zu entfernen<\/strong>, die aufgrund von Fettansammlungen schlaff oder unregelm\u00e4\u00dfig sind, wie z. B.:<\/div>\n\t\t\t\t<div class=\"elementor-element elementor-element-a7aa1d1 elementor-widget elementor-widget-text-editor\" data-id=\"a7aa1d1\" data-element_type=\"widget\" data-widget_type=\"text-editor.default\">\n\t\t\t\t\t\t\t\t\t<ul><li>Bauch<\/li><li>Knie<\/li><li>Doppelkinn<\/li><li>Ges\u00e4\u00df<\/li><li>Arme<\/li><li>H\u00fcften<\/li><li>Untere Augens\u00e4cke<\/li><li>Oberschenkel, usw.<\/li><\/ul>\t\t\t\t\t\t\t\t<\/div>\n\t\t\t\t<div class=\"elementor-element elementor-element-6f5f2fa elementor-widget elementor-widget-text-editor translation-block\" data-id=\"6f5f2fa\" data-element_type=\"widget\" data-widget_type=\"text-editor.default\">Die Ergebnisse best\u00e4tigen unsere Arbeit. Erfahren Sie mehr unter Cl\u00ednicas IMEBA.<\/div>\n\t\t\t\t<div class=\"elementor-element elementor-element-50c2951 advance-lists elementor-widget elementor-widget-text-editor\" data-id=\"50c2951\" data-element_type=\"widget\" data-widget_type=\"text-editor.default\">\n\t\t\t\t\t\t\t\t\t<ul>\n<li>Mehr als 10 Jahre Erfahrung<\/li>\n<li>Wir \u00e4ndern nicht, wir verbessern nur<\/li>\n<li>Fordern Sie eine kostenfreie Beratung bei IMEBA\u00ae an<\/li>\n<li>Ma\u00dfgeschneiderte Finanzierung in bis zu 36 Monaten<\/li>\n<\/ul>\t\t\t\t\t\t\t\t<\/div>\n\t\t\t\t<div class=\"elementor-element elementor-element-00d66ea elementor-widget elementor-widget-heading\" data-id=\"00d66ea\" data-element_type=\"widget\" data-widget_type=\"heading.default\">\n\t\t\t\t\t<h2 class=\"elementor-heading-title elementor-size-default\">Preis<\/h2>\t\t\t\t<\/div>\n\t\t\t\t<div class=\"elementor-element elementor-element-1731187 Price elementor-widget elementor-widget-heading\" data-id=\"1731187\" data-element_type=\"widget\" data-widget_type=\"heading.default\">\n\t\t\t\t\t<h2 class=\"elementor-heading-title elementor-size-default\"><span>ab<\/span> 999<span>\u20ac<\/span><\/h2>\t\t\t\t<\/div>\n\t\t\t\t<div class=\"elementor-element elementor-element-0867fa6 elementor-widget elementor-widget-text-editor\" data-id=\"0867fa6\" data-element_type=\"widget\" data-widget_type=\"text-editor.default\">\n\t\t\t\t\t\t\t\t\tVorherige kostenfreie Beratung erforderlich. \n\n\t\t\t\t\t\t\t\t<\/div>\n\t\t\t\t<div class=\"elementor-element elementor-element-3205313 elementor-widget__width-inherit elementor-mobile-align-justify elementor-widget-mobile__width-inherit elementor-tablet-align-justify elementor-widget-tablet__width-inherit elementor-align-justify elementor-widget elementor-widget-button\" data-id=\"3205313\" data-element_type=\"widget\" data-widget_type=\"button.default\">\n\t\t\t\t\t\t\t\t\t\t<a class=\"elementor-button elementor-button-link elementor-size-sm\" href=\"https:\/\/api.whatsapp.com\/send?phone=34653620509&#038;text=Hola%20Cl%C3%ADnicas%20IMEBA,%20ponte%20en%20contacto%20conmigo.%20(Lipol\u00e1ser)%20Muchas%20gracias.%20\" target=\"_blank\">\n\t\t\t\t\t\t<span class=\"elementor-button-content-wrapper\">\n\t\t\t\t\t\t\t\t\t<span class=\"elementor-button-text\">JETZT BUCHEN<\/span>\n\t\t\t\t\t<\/span>\n\t\t\t\t\t<\/a>\n\t\t\t\t\t\t\t\t<\/div>\n\t\t\t\t\t<\/div>\n\t\t<\/div>\n\t\t\t\t\t<\/div>\n\t\t<\/section>\n\t\t\t\t<\/div>","protected":false},"excerpt":{"rendered":"<p>Corporal Lipol\u00e1ser \u2013 eliminar grasa localizada para siempre INTRODUCCI\u00d3N \u00daLTIMA TECNOLOG\u00cdA ABSOLUTA SIN CIRUG\u00cdA SIN HOSPITALIZACI\u00d3N ELIMINACI\u00d3N DE GRASA CON ESTIRAMIENTO SIMULT\u00c1NEO DE LA PIEL. MUCHAS \u00c1REAS DEL CUERPO POSIBLES Los avances en cirug\u00eda pl\u00e1stica y est\u00e9tica avanzan a pasos agigantados. Cada a\u00f1o se crean nuevas t\u00e9cnicas que permiten acercarse casi al 100% a los [&hellip;]<\/p>","protected":false},"author":1,"featured_media":700,"parent":920,"menu_order":3,"comment_status":"closed","ping_status":"closed","template":"","meta":{"footnotes":""},"class_list":["post-694","page","type-page","status-publish","has-post-thumbnail","hentry"],"yoast_head":"<!-- This site is optimized with the Yoast SEO plugin v25.8 - https:\/\/yoast.com\/wordpress\/plugins\/seo\/ -->\n<title>Lipol\u00e1ser - Clinicas IMEBA\u00ae<\/title>\n<meta name=\"robots\" content=\"index, follow, max-snippet:-1, max-image-preview:large, max-video-preview:-1\" \/>\n<link rel=\"canonical\" href=\"https:\/\/imeba.clinic\/de\/corporal\/lipolaser\/\" \/>\n<meta property=\"og:locale\" content=\"de_DE\" \/>\n<meta property=\"og:type\" content=\"article\" \/>\n<meta property=\"og:title\" content=\"Lipol\u00e1ser - Clinicas IMEBA\u00ae\" \/>\n<meta property=\"og:description\" content=\"Corporal Lipol\u00e1ser \u2013 eliminar grasa localizada para siempre INTRODUCCI\u00d3N \u00daLTIMA TECNOLOG\u00cdA ABSOLUTA SIN CIRUG\u00cdA SIN HOSPITALIZACI\u00d3N ELIMINACI\u00d3N DE GRASA CON ESTIRAMIENTO SIMULT\u00c1NEO DE LA PIEL. MUCHAS \u00c1REAS DEL CUERPO POSIBLES Los avances en cirug\u00eda pl\u00e1stica y est\u00e9tica avanzan a pasos agigantados. Cada a\u00f1o se crean nuevas t\u00e9cnicas que permiten acercarse casi al 100% a los [&hellip;]\" \/>\n<meta property=\"og:url\" content=\"https:\/\/imeba.clinic\/de\/corporal\/lipolaser\/\" \/>\n<meta property=\"og:site_name\" content=\"Clinicas IMEBA\u00ae\" \/>\n<meta property=\"article:publisher\" content=\"https:\/\/www.facebook.com\/clinicasimebamallorca\" \/>\n<meta property=\"article:modified_time\" content=\"2023-06-13T15:50:50+00:00\" \/>\n<meta property=\"og:image\" content=\"http:\/\/imeba.clinic\/wp-content\/uploads\/2023\/01\/outdoor-close-up-fashion-portrait-pretty-sexy-couple-love-hugs-amazing-tropical-beach-wearing-stylish-swimwear.jpg\" \/>\n\t<meta property=\"og:image:width\" content=\"1000\" \/>\n\t<meta property=\"og:image:height\" content=\"667\" \/>\n\t<meta property=\"og:image:type\" content=\"image\/jpeg\" \/>\n<meta name=\"twitter:card\" content=\"summary_large_image\" \/>\n<meta name=\"twitter:site\" content=\"@IMEBAInfo\" \/>\n<meta name=\"twitter:label1\" content=\"Gesch\u00e4tzte Lesezeit\" \/>\n\t<meta name=\"twitter:data1\" content=\"2\u00a0Minuten\" \/>\n<script type=\"application\/ld+json\" class=\"yoast-schema-graph\">{\"@context\":\"https:\/\/schema.org\",\"@graph\":[{\"@type\":\"WebPage\",\"@id\":\"https:\/\/imeba.clinic\/corporal\/lipolaser\/\",\"url\":\"https:\/\/imeba.clinic\/corporal\/lipolaser\/\",\"name\":\"Lipol\u00e1ser - Clinicas IMEBA\u00ae\",\"isPartOf\":{\"@id\":\"https:\/\/imeba.clinic\/#website\"},\"primaryImageOfPage\":{\"@id\":\"https:\/\/imeba.clinic\/corporal\/lipolaser\/#primaryimage\"},\"image\":{\"@id\":\"https:\/\/imeba.clinic\/corporal\/lipolaser\/#primaryimage\"},\"thumbnailUrl\":\"https:\/\/imeba.clinic\/wp-content\/uploads\/2023\/01\/outdoor-close-up-fashion-portrait-pretty-sexy-couple-love-hugs-amazing-tropical-beach-wearing-stylish-swimwear.jpg\",\"datePublished\":\"2023-01-05T22:06:45+00:00\",\"dateModified\":\"2023-06-13T15:50:50+00:00\",\"breadcrumb\":{\"@id\":\"https:\/\/imeba.clinic\/corporal\/lipolaser\/#breadcrumb\"},\"inLanguage\":\"de\",\"potentialAction\":[{\"@type\":\"ReadAction\",\"target\":[\"https:\/\/imeba.clinic\/corporal\/lipolaser\/\"]}]},{\"@type\":\"ImageObject\",\"inLanguage\":\"de\",\"@id\":\"https:\/\/imeba.clinic\/corporal\/lipolaser\/#primaryimage\",\"url\":\"https:\/\/imeba.clinic\/wp-content\/uploads\/2023\/01\/outdoor-close-up-fashion-portrait-pretty-sexy-couple-love-hugs-amazing-tropical-beach-wearing-stylish-swimwear.jpg\",\"contentUrl\":\"https:\/\/imeba.clinic\/wp-content\/uploads\/2023\/01\/outdoor-close-up-fashion-portrait-pretty-sexy-couple-love-hugs-amazing-tropical-beach-wearing-stylish-swimwear.jpg\",\"width\":1000,\"height\":667},{\"@type\":\"BreadcrumbList\",\"@id\":\"https:\/\/imeba.clinic\/corporal\/lipolaser\/#breadcrumb\",\"itemListElement\":[{\"@type\":\"ListItem\",\"position\":1,\"name\":\"Portada\",\"item\":\"https:\/\/imeba.clinic\/\"},{\"@type\":\"ListItem\",\"position\":2,\"name\":\"Corporal\",\"item\":\"https:\/\/imeba.clinic\/corporal\/\"},{\"@type\":\"ListItem\",\"position\":3,\"name\":\"Lipol\u00e1ser\"}]},{\"@type\":\"WebSite\",\"@id\":\"https:\/\/imeba.clinic\/#website\",\"url\":\"https:\/\/imeba.clinic\/\",\"name\":\"Clinicas IMEBA\u00ae\",\"description\":\"Medicina estetica cirugia facial\",\"publisher\":{\"@id\":\"https:\/\/imeba.clinic\/#organization\"},\"potentialAction\":[{\"@type\":\"SearchAction\",\"target\":{\"@type\":\"EntryPoint\",\"urlTemplate\":\"https:\/\/imeba.clinic\/?s={search_term_string}\"},\"query-input\":{\"@type\":\"PropertyValueSpecification\",\"valueRequired\":true,\"valueName\":\"search_term_string\"}}],\"inLanguage\":\"de\"},{\"@type\":\"Organization\",\"@id\":\"https:\/\/imeba.clinic\/#organization\",\"name\":\"Clinicas IMEBA\u00ae\",\"url\":\"https:\/\/imeba.clinic\/\",\"logo\":{\"@type\":\"ImageObject\",\"inLanguage\":\"de\",\"@id\":\"https:\/\/imeba.clinic\/#\/schema\/logo\/image\/\",\"url\":\"https:\/\/imeba.clinic\/wp-content\/uploads\/2023\/01\/cropped-11722351_740325796094007_2206264894896353109_o.jpg\",\"contentUrl\":\"https:\/\/imeba.clinic\/wp-content\/uploads\/2023\/01\/cropped-11722351_740325796094007_2206264894896353109_o.jpg\",\"width\":1221,\"height\":349,\"caption\":\"Clinicas IMEBA\u00ae\"},\"image\":{\"@id\":\"https:\/\/imeba.clinic\/#\/schema\/logo\/image\/\"},\"sameAs\":[\"https:\/\/www.facebook.com\/clinicasimebamallorca\",\"https:\/\/x.com\/IMEBAInfo\",\"https:\/\/www.youtube.com\/@TorstenMarin\"]}]}<\/script>\n<!-- \/ Yoast SEO plugin. -->","yoast_head_json":{"title":"Lipol\u00e1ser - Clinicas IMEBA\u00ae","robots":{"index":"index","follow":"follow","max-snippet":"max-snippet:-1","max-image-preview":"max-image-preview:large","max-video-preview":"max-video-preview:-1"},"canonical":"https:\/\/imeba.clinic\/de\/corporal\/lipolaser\/","og_locale":"de_DE","og_type":"article","og_title":"Lipol\u00e1ser - Clinicas IMEBA\u00ae","og_description":"Corporal Lipol\u00e1ser \u2013 eliminar grasa localizada para siempre INTRODUCCI\u00d3N \u00daLTIMA TECNOLOG\u00cdA ABSOLUTA SIN CIRUG\u00cdA SIN HOSPITALIZACI\u00d3N ELIMINACI\u00d3N DE GRASA CON ESTIRAMIENTO SIMULT\u00c1NEO DE LA PIEL. MUCHAS \u00c1REAS DEL CUERPO POSIBLES Los avances en cirug\u00eda pl\u00e1stica y est\u00e9tica avanzan a pasos agigantados. Cada a\u00f1o se crean nuevas t\u00e9cnicas que permiten acercarse casi al 100% a los [&hellip;]","og_url":"https:\/\/imeba.clinic\/de\/corporal\/lipolaser\/","og_site_name":"Clinicas IMEBA\u00ae","article_publisher":"https:\/\/www.facebook.com\/clinicasimebamallorca","article_modified_time":"2023-06-13T15:50:50+00:00","og_image":[{"width":1000,"height":667,"url":"http:\/\/imeba.clinic\/wp-content\/uploads\/2023\/01\/outdoor-close-up-fashion-portrait-pretty-sexy-couple-love-hugs-amazing-tropical-beach-wearing-stylish-swimwear.jpg","type":"image\/jpeg"}],"twitter_card":"summary_large_image","twitter_site":"@IMEBAInfo","twitter_misc":{"Gesch\u00e4tzte Lesezeit":"2\u00a0Minuten"},"schema":{"@context":"https:\/\/schema.org","@graph":[{"@type":"WebPage","@id":"https:\/\/imeba.clinic\/corporal\/lipolaser\/","url":"https:\/\/imeba.clinic\/corporal\/lipolaser\/","name":"Lipol\u00e1ser - Clinicas IMEBA\u00ae","isPartOf":{"@id":"https:\/\/imeba.clinic\/#website"},"primaryImageOfPage":{"@id":"https:\/\/imeba.clinic\/corporal\/lipolaser\/#primaryimage"},"image":{"@id":"https:\/\/imeba.clinic\/corporal\/lipolaser\/#primaryimage"},"thumbnailUrl":"https:\/\/imeba.clinic\/wp-content\/uploads\/2023\/01\/outdoor-close-up-fashion-portrait-pretty-sexy-couple-love-hugs-amazing-tropical-beach-wearing-stylish-swimwear.jpg","datePublished":"2023-01-05T22:06:45+00:00","dateModified":"2023-06-13T15:50:50+00:00","breadcrumb":{"@id":"https:\/\/imeba.clinic\/corporal\/lipolaser\/#breadcrumb"},"inLanguage":"de","potentialAction":[{"@type":"ReadAction","target":["https:\/\/imeba.clinic\/corporal\/lipolaser\/"]}]},{"@type":"ImageObject","inLanguage":"de","@id":"https:\/\/imeba.clinic\/corporal\/lipolaser\/#primaryimage","url":"https:\/\/imeba.clinic\/wp-content\/uploads\/2023\/01\/outdoor-close-up-fashion-portrait-pretty-sexy-couple-love-hugs-amazing-tropical-beach-wearing-stylish-swimwear.jpg","contentUrl":"https:\/\/imeba.clinic\/wp-content\/uploads\/2023\/01\/outdoor-close-up-fashion-portrait-pretty-sexy-couple-love-hugs-amazing-tropical-beach-wearing-stylish-swimwear.jpg","width":1000,"height":667},{"@type":"BreadcrumbList","@id":"https:\/\/imeba.clinic\/corporal\/lipolaser\/#breadcrumb","itemListElement":[{"@type":"ListItem","position":1,"name":"Portada","item":"https:\/\/imeba.clinic\/"},{"@type":"ListItem","position":2,"name":"Corporal","item":"https:\/\/imeba.clinic\/corporal\/"},{"@type":"ListItem","position":3,"name":"Lipol\u00e1ser"}]},{"@type":"WebSite","@id":"https:\/\/imeba.clinic\/#website","url":"https:\/\/imeba.clinic\/","name":"Clinicas IMEBA\u00ae","description":"Medicina estetica cirugia facial","publisher":{"@id":"https:\/\/imeba.clinic\/#organization"},"potentialAction":[{"@type":"SearchAction","target":{"@type":"EntryPoint","urlTemplate":"https:\/\/imeba.clinic\/?s={search_term_string}"},"query-input":{"@type":"PropertyValueSpecification","valueRequired":true,"valueName":"search_term_string"}}],"inLanguage":"de"},{"@type":"Organization","@id":"https:\/\/imeba.clinic\/#organization","name":"Clinicas IMEBA\u00ae","url":"https:\/\/imeba.clinic\/","logo":{"@type":"ImageObject","inLanguage":"de","@id":"https:\/\/imeba.clinic\/#\/schema\/logo\/image\/","url":"https:\/\/imeba.clinic\/wp-content\/uploads\/2023\/01\/cropped-11722351_740325796094007_2206264894896353109_o.jpg","contentUrl":"https:\/\/imeba.clinic\/wp-content\/uploads\/2023\/01\/cropped-11722351_740325796094007_2206264894896353109_o.jpg","width":1221,"height":349,"caption":"Clinicas IMEBA\u00ae"},"image":{"@id":"https:\/\/imeba.clinic\/#\/schema\/logo\/image\/"},"sameAs":["https:\/\/www.facebook.com\/clinicasimebamallorca","https:\/\/x.com\/IMEBAInfo","https:\/\/www.youtube.com\/@TorstenMarin"]}]}},"_links":{"self":[{"href":"https:\/\/imeba.clinic\/de\/wp-json\/wp\/v2\/pages\/694","targetHints":{"allow":["GET"]}}],"collection":[{"href":"https:\/\/imeba.clinic\/de\/wp-json\/wp\/v2\/pages"}],"about":[{"href":"https:\/\/imeba.clinic\/de\/wp-json\/wp\/v2\/types\/page"}],"author":[{"embeddable":true,"href":"https:\/\/imeba.clinic\/de\/wp-json\/wp\/v2\/users\/1"}],"replies":[{"embeddable":true,"href":"https:\/\/imeba.clinic\/de\/wp-json\/wp\/v2\/comments?post=694"}],"version-history":[{"count":0,"href":"https:\/\/imeba.clinic\/de\/wp-json\/wp\/v2\/pages\/694\/revisions"}],"up":[{"embeddable":true,"href":"https:\/\/imeba.clinic\/de\/wp-json\/wp\/v2\/pages\/920"}],"wp:featuredmedia":[{"embeddable":true,"href":"https:\/\/imeba.clinic\/de\/wp-json\/wp\/v2\/media\/700"}],"wp:attachment":[{"href":"https:\/\/imeba.clinic\/de\/wp-json\/wp\/v2\/media?parent=694"}],"curies":[{"name":"wp","href":"https:\/\/api.w.org\/{rel}","templated":true}]}}