
{"id":6862,"date":"2024-09-05T09:07:17","date_gmt":"2024-09-05T08:07:17","guid":{"rendered":"https:\/\/imeba.clinic\/?page_id=6862"},"modified":"2024-09-05T10:27:08","modified_gmt":"2024-09-05T09:27:08","slug":"hilos-monofilamento","status":"publish","type":"page","link":"https:\/\/imeba.clinic\/de\/facial\/hilos-monofilamento\/","title":{"rendered":"Hilos Monofilamento"},"content":{"rendered":"<div data-elementor-type=\"wp-page\" data-elementor-id=\"6862\" class=\"elementor elementor-6862\" data-elementor-post-type=\"page\">\n\t\t\t\t\t\t<section class=\"elementor-section elementor-top-section elementor-element elementor-element-14f7ea6 elementor-section-height-min-height elementor-section-boxed elementor-section-height-default elementor-section-items-middle\" data-id=\"14f7ea6\" data-element_type=\"section\" data-settings=\"{&quot;background_background&quot;:&quot;classic&quot;,&quot;background_motion_fx_motion_fx_scrolling&quot;:&quot;yes&quot;,&quot;background_motion_fx_translateY_effect&quot;:&quot;yes&quot;,&quot;jet_parallax_layout_list&quot;:[],&quot;background_motion_fx_translateY_speed&quot;:{&quot;unit&quot;:&quot;px&quot;,&quot;size&quot;:4,&quot;sizes&quot;:[]},&quot;background_motion_fx_translateY_affectedRange&quot;:{&quot;unit&quot;:&quot;%&quot;,&quot;size&quot;:&quot;&quot;,&quot;sizes&quot;:{&quot;start&quot;:0,&quot;end&quot;:100}},&quot;background_motion_fx_devices&quot;:[&quot;desktop&quot;,&quot;tablet&quot;,&quot;mobile&quot;]}\">\n\t\t\t\t\t\t\t<div class=\"elementor-background-overlay\"><\/div>\n\t\t\t\t\t\t\t<div class=\"elementor-container elementor-column-gap-default\">\n\t\t\t\t\t<div class=\"elementor-column elementor-col-100 elementor-top-column elementor-element elementor-element-8578ffc\" data-id=\"8578ffc\" data-element_type=\"column\">\n\t\t\t<div class=\"elementor-widget-wrap elementor-element-populated\">\n\t\t\t\t\t\t<div class=\"elementor-element elementor-element-92078a0 elementor-widget elementor-widget-heading\" data-id=\"92078a0\" data-element_type=\"widget\" data-widget_type=\"heading.default\">\n\t\t\t\t\t<h5 class=\"elementor-heading-title elementor-size-default\">Gesicht<\/h5>\t\t\t\t<\/div>\n\t\t\t\t\t<\/div>\n\t\t<\/div>\n\t\t\t\t\t<\/div>\n\t\t<\/section>\n\t\t\t\t<section class=\"elementor-section elementor-top-section elementor-element elementor-element-6a854a6 elementor-section-boxed elementor-section-height-default elementor-section-height-default\" data-id=\"6a854a6\" data-element_type=\"section\" data-settings=\"{&quot;jet_parallax_layout_list&quot;:[]}\">\n\t\t\t\t\t\t<div class=\"elementor-container elementor-column-gap-default\">\n\t\t\t\t\t<div class=\"elementor-column elementor-col-50 elementor-top-column elementor-element elementor-element-422799f\" data-id=\"422799f\" data-element_type=\"column\">\n\t\t\t<div class=\"elementor-widget-wrap elementor-element-populated\">\n\t\t\t\t\t\t<div class=\"elementor-element elementor-element-82fbfd5 elementor-widget elementor-widget-image\" data-id=\"82fbfd5\" data-element_type=\"widget\" data-widget_type=\"image.default\">\n\t\t\t\t\t\t\t\t\t\t\t\t\t\t\t<img fetchpriority=\"high\" decoding=\"async\" width=\"670\" height=\"454\" src=\"https:\/\/imeba.clinic\/wp-content\/uploads\/2024\/09\/Hilos-PDO.jpg\" class=\"attachment-large size-large wp-image-6864\" alt=\"\" srcset=\"https:\/\/imeba.clinic\/wp-content\/uploads\/2024\/09\/Hilos-PDO.jpg 670w, https:\/\/imeba.clinic\/wp-content\/uploads\/2024\/09\/Hilos-PDO-300x203.jpg 300w, https:\/\/imeba.clinic\/wp-content\/uploads\/2024\/09\/Hilos-PDO-150x102.jpg 150w, https:\/\/imeba.clinic\/wp-content\/uploads\/2024\/09\/Hilos-PDO-18x12.jpg 18w\" sizes=\"(max-width: 670px) 100vw, 670px\" \/>\t\t\t\t\t\t\t\t\t\t\t\t\t\t\t<\/div>\n\t\t\t\t<div class=\"elementor-element elementor-element-0dbd1d9 elementor-widget elementor-widget-heading\" data-id=\"0dbd1d9\" data-element_type=\"widget\" data-widget_type=\"heading.default\">\n\t\t\t\t\t<h2 class=\"elementor-heading-title elementor-size-default\">IMEBA\u00ae HILOS MONOFILAMENTOS -<br>PREVENCI\u00d3N ABSOLUTA<\/h2>\t\t\t\t<\/div>\n\t\t\t\t<div class=\"elementor-element elementor-element-17ade99 elementor-widget__width-initial elementor-widget elementor-widget-text-editor\" data-id=\"17ade99\" data-element_type=\"widget\" data-widget_type=\"text-editor.default\">\n\t\t\t\t\t\t\t\t\t<p>Eines der Zeichen der Zeit, das uns alle am meisten betrifft, ist zweifellos die Erschlaffung der Gesichtshaut. Dieses \u00e4sthetische Problem, das sowohl das Gesicht als auch den K\u00f6rper betrifft, besteht darin, dass die Haut an Festigkeit verliert, weil die Elastin- und Kollagenfasern, die dem Gewebe Elastizit\u00e4t und Widerstandskraft verleihen, abnehmen. Im Laufe der Jahre nimmt die Produktion dieser Proteine unweigerlich ab, aber es gibt auch andere Faktoren, die die gef\u00fcrchtete Hauterschlaffung beg\u00fcnstigen, wie z. B. Lichtalterung, Rauchen, genetische Veranlagung, beschleunigter Gewichtsverlust oder eine sitzende Lebensweise. Und da wir alle die Erschlaffung korrigieren wollen, waren in den letzten Jahren die beliebtesten medizinisch-\u00e4sthetischen Behandlungen diejenigen, die darauf abzielen, ein wohlgeformtes Gesicht zu erreichen und die Auswirkungen der Alterung so weit wie m\u00f6glich zu reduzieren.<\/p>\t\t\t\t\t\t\t\t<\/div>\n\t\t\t\t<div class=\"elementor-element elementor-element-1aac492 elementor-widget elementor-widget-heading\" data-id=\"1aac492\" data-element_type=\"widget\" data-widget_type=\"heading.default\">\n\t\t\t\t\t<h2 class=\"elementor-heading-title elementor-size-default\">\u00bfQu\u00e9 son los Hilos Monofilamentos?<\/h2>\t\t\t\t<\/div>\n\t\t\t\t<div class=\"elementor-element elementor-element-b8a6ba0 elementor-widget elementor-widget-heading\" data-id=\"b8a6ba0\" data-element_type=\"widget\" data-widget_type=\"heading.default\">\n\t\t\t\t\t<h2 class=\"elementor-heading-title elementor-size-default\">Wie viele F\u00e4den werden im Durchschnitt bei einem Fadenlifting verwendet?<\/h2>\t\t\t\t<\/div>\n\t\t\t\t<div class=\"elementor-element elementor-element-9fbdb03 elementor-widget elementor-widget-text-editor\" data-id=\"9fbdb03\" data-element_type=\"widget\" data-widget_type=\"text-editor.default\">\n\t\t\t\t\t\t\t\t\t<p><span style=\"font-weight: var( --e-global-typography-9ecb02f-font-weight ); letter-spacing: var( --e-global-typography-9ecb02f-letter-spacing ); word-spacing: var( --e-global-typography-9ecb02f-word-spacing ); color: #474747; font-family: 'Google Sans', Arial, sans-serif; font-size: 16px;\">Los hilos PDO ( de polidioxanona)\u00a0<\/span><span style=\"font-weight: var( --e-global-typography-9ecb02f-font-weight ); letter-spacing: var( --e-global-typography-9ecb02f-letter-spacing ); word-spacing: var( --e-global-typography-9ecb02f-word-spacing ); background-color: #d3e3fd; color: #040c28; font-family: 'Google Sans', Arial, sans-serif; font-size: 16px;\">son monofilamentos que inducen un proceso de recuperaci\u00f3n al insertar esta sutura en la piel, favoreciendo la mejora general de la piel<\/span><span style=\"font-weight: var( --e-global-typography-9ecb02f-font-weight ); letter-spacing: var( --e-global-typography-9ecb02f-letter-spacing ); word-spacing: var( --e-global-typography-9ecb02f-word-spacing ); color: #474747; font-family: 'Google Sans', Arial, sans-serif; font-size: 16px;\">.<\/span><\/p><p><span style=\"color: #474747; font-family: Google Sans, Arial, sans-serif;\"><span style=\"font-size: 16px;\">El n\u00famero de Hilos PDO Monofilamento que se aplica por sesi\u00f3n var\u00eda dependido de las necesidades de cada paciente. Los resultados definitivos se har\u00e1n visibles a partir del segundo mes, es lo que tarda en inducir y generar y col\u00e1geno elastina. La duraci\u00f3n de este tratamiento es de unos 12 meses.<\/span><\/span><\/p><p><span style=\"font-family: 'Google Sans', Arial, sans-serif; color: #b51f1f;\"><span style=\"font-size: 16px;\"><b>Atenci\u00f3n:<\/b><\/span><\/span><span style=\"color: #474747; font-family: Google Sans, Arial, sans-serif;\"><span style=\"font-size: 16px;\"><b> Por favor no compare los Hilos Monofilamento con los Hilos Tensores. Los Hilos Monofilamentos son para la producci\u00f3n de col\u00e1geno, para mejorar el aspecto de la piel pero no tienen EFECTO LIFTING. Para nosotros los Hilos Monofilamentos son preventivos. Solo los Hilos Tensores, en especial nuestros Mega Hilos Plus son para un lifting facial sin cirug\u00eda<\/b>.<\/span><br \/><\/span><\/p><p><span style=\"color: #474747; font-family: Google Sans, Arial, sans-serif;\"><span style=\"font-size: 16px;\">\u00a0<\/span><\/span><\/p><p><span style=\"color: #474747; font-family: Google Sans, Arial, sans-serif;\"><span style=\"font-size: 16px;\"><b>Preise:<\/b>\u00a0<\/span><\/span><\/p><p><span style=\"color: #474747; font-family: Google Sans, Arial, sans-serif;\"><span style=\"font-size: 16px;\">10 Hilos de cada lado (20 Hilos total) <span style=\"color: #b81616;\"><b>250\u20ac\u00a0 <a href=\"https:\/\/api.whatsapp.com\/send\/?phone=34653620509&amp;text=Hola+Clinicas+IMEBA+%2C+por+favor+ponte+en+contacto+conmigo(20mono%20)+...&amp;app_absent=0\">M\u00f6chte ich haben<\/a><\/b><\/span><\/span><\/span><\/p><p><span style=\"color: #474747; font-family: Google Sans, Arial, sans-serif;\"><span style=\"font-size: 16px;\">15 Hilos de cada lado (30 Hilos total) <span style=\"color: #b81616;\"><b>300\u20ac\u00a0 <a href=\"https:\/\/api.whatsapp.com\/send\/?phone=34653620509&amp;text=Hola+Clinicas+IMEBA+%2C+por+favor+ponte+en+contacto+conmigo(30mono%20)+...&amp;app_absent=0\">M\u00f6chte ich haben<\/a><\/b><\/span><\/span><\/span><\/p><p><span style=\"color: #474747; font-family: Google Sans, Arial, sans-serif;\"><span style=\"font-size: 16px;\">20 Hilos de cada lado (40 Hilos total) <span style=\"color: #b81616;\"><b>375\u20ac. <a href=\"https:\/\/api.whatsapp.com\/send\/?phone=34653620509&amp;text=Hola+Clinicas+IMEBA+%2C+por+favor+ponte+en+contacto+conmigo(40mono%20)+...&amp;app_absent=0\">M\u00f6chte ich haben<\/a><\/b><\/span><\/span><\/span><\/p><p><span style=\"color: #474747; font-family: Google Sans, Arial, sans-serif;\"><span style=\"font-size: 16px;\">\u00a0<\/span><\/span><\/p><p><span style=\"color: #474747; font-family: Google Sans, Arial, sans-serif;\"><span style=\"font-size: 16px;\"><b>Para que \u00e1reas por ejemplo:\u00a0<\/b><\/span><\/span><\/p><p><span style=\"color: #474747; font-family: Google Sans, Arial, sans-serif;\"><span style=\"font-size: 16px;\">contorno facial<\/span><\/span><\/p><p><span style=\"color: #474747; font-family: Google Sans, Arial, sans-serif;\"><span style=\"font-size: 16px;\">mejillas<\/span><\/span><\/p><p><span style=\"color: #474747; font-family: Google Sans, Arial, sans-serif;\"><span style=\"font-size: 16px;\">ojos inferiores<\/span><\/span><\/p><p><span style=\"color: #474747; font-family: Google Sans, Arial, sans-serif;\"><span style=\"font-size: 16px;\">doble ment\u00f3n\u00a0<\/span><\/span><\/p><p><span style=\"color: #474747; font-family: Google Sans, Arial, sans-serif;\"><span style=\"font-size: 16px;\">Hals<\/span><\/span><\/p><p><span style=\"color: #474747; font-family: Google Sans, Arial, sans-serif;\"><span style=\"font-size: 16px;\">escote<\/span><\/span><\/p><p><span style=\"color: #474747; font-family: Google Sans, Arial, sans-serif;\"><span style=\"font-size: 16px;\">Bauch<\/span><\/span><\/p><p>\u00a0<\/p><p><span style=\"color: #474747; font-family: Google Sans, Arial, sans-serif;\"><span style=\"font-size: 16px;\">brazos<\/span><\/span><\/p><p><span style=\"font-weight: var( --e-global-typography-9ecb02f-font-weight ); letter-spacing: var( --e-global-typography-9ecb02f-letter-spacing ); word-spacing: var( --e-global-typography-9ecb02f-word-spacing ); color: #474747; font-family: 'Google Sans', Arial, sans-serif; font-size: 16px;\">\u00a0<\/span><\/p>\t\t\t\t\t\t\t\t<\/div>\n\t\t\t\t<div class=\"elementor-element elementor-element-73e9aa9 elementor-widget elementor-widget-heading\" data-id=\"73e9aa9\" data-element_type=\"widget\" data-widget_type=\"heading.default\">\n\t\t\t\t\t<h2 class=\"elementor-heading-title elementor-size-default\">Erholungszeit und Empfehlungen nach einem Fadenlifting\n\n<\/h2>\t\t\t\t<\/div>\n\t\t\t\t<div class=\"elementor-element elementor-element-8866768 advance-lists elementor-widget elementor-widget-text-editor\" data-id=\"8866768\" data-element_type=\"widget\" data-widget_type=\"text-editor.default\">\n\t\t\t\t\t\t\t\t\t<p>No tienes tiempo de inactividad. Efectos secundarios casa raramente o nunca: hematomas, p\u00e1pulas, efecto tyndall en los ojos inferiores, edemas.\u00a0<\/p>\t\t\t\t\t\t\t\t<\/div>\n\t\t\t\t\t<\/div>\n\t\t<\/div>\n\t\t\t\t<div class=\"elementor-column elementor-col-50 elementor-top-column elementor-element elementor-element-ac1a05d\" data-id=\"ac1a05d\" data-element_type=\"column\">\n\t\t\t<div class=\"elementor-widget-wrap elementor-element-populated\">\n\t\t\t\t\t\t<section class=\"elementor-section elementor-inner-section elementor-element elementor-element-0449f5b elementor-section-boxed elementor-section-height-default elementor-section-height-default\" data-id=\"0449f5b\" data-element_type=\"section\" data-settings=\"{&quot;background_background&quot;:&quot;classic&quot;,&quot;sticky&quot;:&quot;top&quot;,&quot;sticky_offset&quot;:120,&quot;sticky_parent&quot;:&quot;yes&quot;,&quot;jet_parallax_layout_list&quot;:[],&quot;sticky_on&quot;:[&quot;desktop&quot;,&quot;tablet&quot;,&quot;mobile&quot;],&quot;sticky_effects_offset&quot;:0,&quot;sticky_anchor_link_offset&quot;:0}\">\n\t\t\t\t\t\t<div class=\"elementor-container elementor-column-gap-default\">\n\t\t\t\t\t<div class=\"elementor-column elementor-col-100 elementor-inner-column elementor-element elementor-element-da8d40e\" data-id=\"da8d40e\" data-element_type=\"column\">\n\t\t\t<div class=\"elementor-widget-wrap elementor-element-populated\">\n\t\t\t\t\t\t<div class=\"elementor-element elementor-element-a2091af elementor-widget elementor-widget-heading\" data-id=\"a2091af\" data-element_type=\"widget\" data-widget_type=\"heading.default\">\n\t\t\t\t\t<h2 class=\"elementor-heading-title elementor-size-default\">Precios mira de bajo<\/h2>\t\t\t\t<\/div>\n\t\t\t\t<div class=\"elementor-element elementor-element-793aa8e elementor-widget-divider--view-line elementor-widget elementor-widget-divider\" data-id=\"793aa8e\" data-element_type=\"widget\" data-widget_type=\"divider.default\">\n\t\t\t\t\t\t\t<div class=\"elementor-divider\">\n\t\t\t<span class=\"elementor-divider-separator\">\n\t\t\t\t\t\t<\/span>\n\t\t<\/div>\n\t\t\t\t\t\t<\/div>\n\t\t\t\t<div class=\"elementor-element elementor-element-8b1ceb3 elementor-widget elementor-widget-text-editor\" data-id=\"8b1ceb3\" data-element_type=\"widget\" data-widget_type=\"text-editor.default\">\n\t\t\t\t\t\t\t\t\t<p>Sie k\u00f6nnen uns auch eine Nachricht per WhatsApp schicken.<\/p>\t\t\t\t\t\t\t\t<\/div>\n\t\t\t\t<div class=\"elementor-element elementor-element-03edf27 elementor-widget__width-inherit elementor-mobile-align-justify elementor-widget-mobile__width-inherit elementor-tablet-align-justify elementor-widget-tablet__width-inherit elementor-align-justify elementor-widget elementor-widget-button\" data-id=\"03edf27\" data-element_type=\"widget\" data-widget_type=\"button.default\">\n\t\t\t\t\t\t\t\t\t\t<a class=\"elementor-button elementor-button-link elementor-size-sm\" href=\"https:\/\/api.whatsapp.com\/send?phone=34653620509&#038;text=Hola%20Cl%C3%ADnicas%20IMEBA,%20ponte%20en%20contacto%20conmigo.%20(Hilos%20Tensores)%20Muchas%20gracias.%20\">\n\t\t\t\t\t\t<span class=\"elementor-button-content-wrapper\">\n\t\t\t\t\t\t\t\t\t<span class=\"elementor-button-text\">JETZT BUCHEN<\/span>\n\t\t\t\t\t<\/span>\n\t\t\t\t\t<\/a>\n\t\t\t\t\t\t\t\t<\/div>\n\t\t\t\t\t<\/div>\n\t\t<\/div>\n\t\t\t\t\t<\/div>\n\t\t<\/section>\n\t\t\t\t<div class=\"elementor-element elementor-element-78fbac8 elementor-widget elementor-widget-text-editor\" data-id=\"78fbac8\" data-element_type=\"widget\" data-widget_type=\"text-editor.default\">\n\t\t\t\t\t\t\t\t\t<p>4 F\u00e4den auf jeder Seite<\/p>\t\t\t\t\t\t\t\t<\/div>\n\t\t\t\t\t<\/div>\n\t\t<\/div>\n\t\t\t\t\t<\/div>\n\t\t<\/section>\n\t\t\t\t<\/div>","protected":false},"excerpt":{"rendered":"<p>Facial IMEBA\u00ae HILOS MONOFILAMENTOS &#8211;PREVENCI\u00d3N ABSOLUTA Sin duda, uno de los signos del paso del tiempo que m\u00e1s nos preocupa a todos es la flacidez facial. Este problema est\u00e9tico, que afecta tanto al rostro como al cuerpo, consiste en la p\u00e9rdida de firmeza de la piel causada por la disminuci\u00f3n de las fibras de elastina [&hellip;]<\/p>","protected":false},"author":2,"featured_media":2061,"parent":1327,"menu_order":1,"comment_status":"closed","ping_status":"closed","template":"elementor_header_footer","meta":{"footnotes":""},"class_list":["post-6862","page","type-page","status-publish","has-post-thumbnail","hentry"],"yoast_head":"<!-- This site is optimized with the Yoast SEO plugin v25.8 - https:\/\/yoast.com\/wordpress\/plugins\/seo\/ -->\n<title>Hilos Monofilamento - Clinicas IMEBA\u00ae<\/title>\n<meta name=\"robots\" content=\"index, follow, max-snippet:-1, max-image-preview:large, max-video-preview:-1\" \/>\n<link rel=\"canonical\" href=\"https:\/\/imeba.clinic\/de\/facial\/hilos-monofilamento\/\" \/>\n<meta property=\"og:locale\" content=\"de_DE\" \/>\n<meta property=\"og:type\" content=\"article\" \/>\n<meta property=\"og:title\" content=\"Hilos Monofilamento - Clinicas IMEBA\u00ae\" \/>\n<meta property=\"og:description\" content=\"Facial IMEBA\u00ae HILOS MONOFILAMENTOS &#8211;PREVENCI\u00d3N ABSOLUTA Sin duda, uno de los signos del paso del tiempo que m\u00e1s nos preocupa a todos es la flacidez facial. Este problema est\u00e9tico, que afecta tanto al rostro como al cuerpo, consiste en la p\u00e9rdida de firmeza de la piel causada por la disminuci\u00f3n de las fibras de elastina [&hellip;]\" \/>\n<meta property=\"og:url\" content=\"https:\/\/imeba.clinic\/de\/facial\/hilos-monofilamento\/\" \/>\n<meta property=\"og:site_name\" content=\"Clinicas IMEBA\u00ae\" \/>\n<meta property=\"article:publisher\" content=\"https:\/\/www.facebook.com\/clinicasimebamallorca\" \/>\n<meta property=\"article:modified_time\" content=\"2024-09-05T09:27:08+00:00\" \/>\n<meta property=\"og:image\" content=\"http:\/\/imeba.clinic\/wp-content\/uploads\/2023\/01\/threadlift.jpg\" \/>\n\t<meta property=\"og:image:width\" content=\"1499\" \/>\n\t<meta property=\"og:image:height\" content=\"865\" \/>\n\t<meta property=\"og:image:type\" content=\"image\/jpeg\" \/>\n<meta name=\"twitter:card\" content=\"summary_large_image\" \/>\n<meta name=\"twitter:site\" content=\"@IMEBAInfo\" \/>\n<meta name=\"twitter:label1\" content=\"Gesch\u00e4tzte Lesezeit\" \/>\n\t<meta name=\"twitter:data1\" content=\"2\u00a0Minuten\" \/>\n<script type=\"application\/ld+json\" class=\"yoast-schema-graph\">{\"@context\":\"https:\/\/schema.org\",\"@graph\":[{\"@type\":\"WebPage\",\"@id\":\"https:\/\/imeba.clinic\/facial\/hilos-monofilamento\/\",\"url\":\"https:\/\/imeba.clinic\/facial\/hilos-monofilamento\/\",\"name\":\"Hilos Monofilamento - Clinicas IMEBA\u00ae\",\"isPartOf\":{\"@id\":\"https:\/\/imeba.clinic\/#website\"},\"primaryImageOfPage\":{\"@id\":\"https:\/\/imeba.clinic\/facial\/hilos-monofilamento\/#primaryimage\"},\"image\":{\"@id\":\"https:\/\/imeba.clinic\/facial\/hilos-monofilamento\/#primaryimage\"},\"thumbnailUrl\":\"https:\/\/imeba.clinic\/wp-content\/uploads\/2023\/01\/threadlift.jpg\",\"datePublished\":\"2024-09-05T08:07:17+00:00\",\"dateModified\":\"2024-09-05T09:27:08+00:00\",\"breadcrumb\":{\"@id\":\"https:\/\/imeba.clinic\/facial\/hilos-monofilamento\/#breadcrumb\"},\"inLanguage\":\"de\",\"potentialAction\":[{\"@type\":\"ReadAction\",\"target\":[\"https:\/\/imeba.clinic\/facial\/hilos-monofilamento\/\"]}]},{\"@type\":\"ImageObject\",\"inLanguage\":\"de\",\"@id\":\"https:\/\/imeba.clinic\/facial\/hilos-monofilamento\/#primaryimage\",\"url\":\"https:\/\/imeba.clinic\/wp-content\/uploads\/2023\/01\/threadlift.jpg\",\"contentUrl\":\"https:\/\/imeba.clinic\/wp-content\/uploads\/2023\/01\/threadlift.jpg\",\"width\":1499,\"height\":865},{\"@type\":\"BreadcrumbList\",\"@id\":\"https:\/\/imeba.clinic\/facial\/hilos-monofilamento\/#breadcrumb\",\"itemListElement\":[{\"@type\":\"ListItem\",\"position\":1,\"name\":\"Portada\",\"item\":\"https:\/\/imeba.clinic\/\"},{\"@type\":\"ListItem\",\"position\":2,\"name\":\"Facial\",\"item\":\"https:\/\/imeba.clinic\/facial\/\"},{\"@type\":\"ListItem\",\"position\":3,\"name\":\"Hilos Monofilamento\"}]},{\"@type\":\"WebSite\",\"@id\":\"https:\/\/imeba.clinic\/#website\",\"url\":\"https:\/\/imeba.clinic\/\",\"name\":\"Clinicas IMEBA\u00ae\",\"description\":\"Medicina estetica cirugia facial\",\"publisher\":{\"@id\":\"https:\/\/imeba.clinic\/#organization\"},\"potentialAction\":[{\"@type\":\"SearchAction\",\"target\":{\"@type\":\"EntryPoint\",\"urlTemplate\":\"https:\/\/imeba.clinic\/?s={search_term_string}\"},\"query-input\":{\"@type\":\"PropertyValueSpecification\",\"valueRequired\":true,\"valueName\":\"search_term_string\"}}],\"inLanguage\":\"de\"},{\"@type\":\"Organization\",\"@id\":\"https:\/\/imeba.clinic\/#organization\",\"name\":\"Clinicas IMEBA\u00ae\",\"url\":\"https:\/\/imeba.clinic\/\",\"logo\":{\"@type\":\"ImageObject\",\"inLanguage\":\"de\",\"@id\":\"https:\/\/imeba.clinic\/#\/schema\/logo\/image\/\",\"url\":\"https:\/\/imeba.clinic\/wp-content\/uploads\/2023\/01\/cropped-11722351_740325796094007_2206264894896353109_o.jpg\",\"contentUrl\":\"https:\/\/imeba.clinic\/wp-content\/uploads\/2023\/01\/cropped-11722351_740325796094007_2206264894896353109_o.jpg\",\"width\":1221,\"height\":349,\"caption\":\"Clinicas IMEBA\u00ae\"},\"image\":{\"@id\":\"https:\/\/imeba.clinic\/#\/schema\/logo\/image\/\"},\"sameAs\":[\"https:\/\/www.facebook.com\/clinicasimebamallorca\",\"https:\/\/x.com\/IMEBAInfo\",\"https:\/\/www.youtube.com\/@TorstenMarin\"]}]}<\/script>\n<!-- \/ Yoast SEO plugin. -->","yoast_head_json":{"title":"Hilos Monofilamento - Clinicas IMEBA\u00ae","robots":{"index":"index","follow":"follow","max-snippet":"max-snippet:-1","max-image-preview":"max-image-preview:large","max-video-preview":"max-video-preview:-1"},"canonical":"https:\/\/imeba.clinic\/de\/facial\/hilos-monofilamento\/","og_locale":"de_DE","og_type":"article","og_title":"Hilos Monofilamento - Clinicas IMEBA\u00ae","og_description":"Facial IMEBA\u00ae HILOS MONOFILAMENTOS &#8211;PREVENCI\u00d3N ABSOLUTA Sin duda, uno de los signos del paso del tiempo que m\u00e1s nos preocupa a todos es la flacidez facial. Este problema est\u00e9tico, que afecta tanto al rostro como al cuerpo, consiste en la p\u00e9rdida de firmeza de la piel causada por la disminuci\u00f3n de las fibras de elastina [&hellip;]","og_url":"https:\/\/imeba.clinic\/de\/facial\/hilos-monofilamento\/","og_site_name":"Clinicas IMEBA\u00ae","article_publisher":"https:\/\/www.facebook.com\/clinicasimebamallorca","article_modified_time":"2024-09-05T09:27:08+00:00","og_image":[{"width":1499,"height":865,"url":"http:\/\/imeba.clinic\/wp-content\/uploads\/2023\/01\/threadlift.jpg","type":"image\/jpeg"}],"twitter_card":"summary_large_image","twitter_site":"@IMEBAInfo","twitter_misc":{"Gesch\u00e4tzte Lesezeit":"2\u00a0Minuten"},"schema":{"@context":"https:\/\/schema.org","@graph":[{"@type":"WebPage","@id":"https:\/\/imeba.clinic\/facial\/hilos-monofilamento\/","url":"https:\/\/imeba.clinic\/facial\/hilos-monofilamento\/","name":"Hilos Monofilamento - Clinicas IMEBA\u00ae","isPartOf":{"@id":"https:\/\/imeba.clinic\/#website"},"primaryImageOfPage":{"@id":"https:\/\/imeba.clinic\/facial\/hilos-monofilamento\/#primaryimage"},"image":{"@id":"https:\/\/imeba.clinic\/facial\/hilos-monofilamento\/#primaryimage"},"thumbnailUrl":"https:\/\/imeba.clinic\/wp-content\/uploads\/2023\/01\/threadlift.jpg","datePublished":"2024-09-05T08:07:17+00:00","dateModified":"2024-09-05T09:27:08+00:00","breadcrumb":{"@id":"https:\/\/imeba.clinic\/facial\/hilos-monofilamento\/#breadcrumb"},"inLanguage":"de","potentialAction":[{"@type":"ReadAction","target":["https:\/\/imeba.clinic\/facial\/hilos-monofilamento\/"]}]},{"@type":"ImageObject","inLanguage":"de","@id":"https:\/\/imeba.clinic\/facial\/hilos-monofilamento\/#primaryimage","url":"https:\/\/imeba.clinic\/wp-content\/uploads\/2023\/01\/threadlift.jpg","contentUrl":"https:\/\/imeba.clinic\/wp-content\/uploads\/2023\/01\/threadlift.jpg","width":1499,"height":865},{"@type":"BreadcrumbList","@id":"https:\/\/imeba.clinic\/facial\/hilos-monofilamento\/#breadcrumb","itemListElement":[{"@type":"ListItem","position":1,"name":"Portada","item":"https:\/\/imeba.clinic\/"},{"@type":"ListItem","position":2,"name":"Facial","item":"https:\/\/imeba.clinic\/facial\/"},{"@type":"ListItem","position":3,"name":"Hilos Monofilamento"}]},{"@type":"WebSite","@id":"https:\/\/imeba.clinic\/#website","url":"https:\/\/imeba.clinic\/","name":"Clinicas IMEBA\u00ae","description":"Medicina estetica cirugia facial","publisher":{"@id":"https:\/\/imeba.clinic\/#organization"},"potentialAction":[{"@type":"SearchAction","target":{"@type":"EntryPoint","urlTemplate":"https:\/\/imeba.clinic\/?s={search_term_string}"},"query-input":{"@type":"PropertyValueSpecification","valueRequired":true,"valueName":"search_term_string"}}],"inLanguage":"de"},{"@type":"Organization","@id":"https:\/\/imeba.clinic\/#organization","name":"Clinicas IMEBA\u00ae","url":"https:\/\/imeba.clinic\/","logo":{"@type":"ImageObject","inLanguage":"de","@id":"https:\/\/imeba.clinic\/#\/schema\/logo\/image\/","url":"https:\/\/imeba.clinic\/wp-content\/uploads\/2023\/01\/cropped-11722351_740325796094007_2206264894896353109_o.jpg","contentUrl":"https:\/\/imeba.clinic\/wp-content\/uploads\/2023\/01\/cropped-11722351_740325796094007_2206264894896353109_o.jpg","width":1221,"height":349,"caption":"Clinicas IMEBA\u00ae"},"image":{"@id":"https:\/\/imeba.clinic\/#\/schema\/logo\/image\/"},"sameAs":["https:\/\/www.facebook.com\/clinicasimebamallorca","https:\/\/x.com\/IMEBAInfo","https:\/\/www.youtube.com\/@TorstenMarin"]}]}},"_links":{"self":[{"href":"https:\/\/imeba.clinic\/de\/wp-json\/wp\/v2\/pages\/6862","targetHints":{"allow":["GET"]}}],"collection":[{"href":"https:\/\/imeba.clinic\/de\/wp-json\/wp\/v2\/pages"}],"about":[{"href":"https:\/\/imeba.clinic\/de\/wp-json\/wp\/v2\/types\/page"}],"author":[{"embeddable":true,"href":"https:\/\/imeba.clinic\/de\/wp-json\/wp\/v2\/users\/2"}],"replies":[{"embeddable":true,"href":"https:\/\/imeba.clinic\/de\/wp-json\/wp\/v2\/comments?post=6862"}],"version-history":[{"count":0,"href":"https:\/\/imeba.clinic\/de\/wp-json\/wp\/v2\/pages\/6862\/revisions"}],"up":[{"embeddable":true,"href":"https:\/\/imeba.clinic\/de\/wp-json\/wp\/v2\/pages\/1327"}],"wp:featuredmedia":[{"embeddable":true,"href":"https:\/\/imeba.clinic\/de\/wp-json\/wp\/v2\/media\/2061"}],"wp:attachment":[{"href":"https:\/\/imeba.clinic\/de\/wp-json\/wp\/v2\/media?parent=6862"}],"curies":[{"name":"wp","href":"https:\/\/api.w.org\/{rel}","templated":true}]}}