
{"id":5994,"date":"2024-06-18T13:00:18","date_gmt":"2024-06-18T12:00:18","guid":{"rendered":"https:\/\/imeba.clinic\/?page_id=5994"},"modified":"2026-02-09T17:48:45","modified_gmt":"2026-02-09T16:48:45","slug":"pshot-2","status":"publish","type":"page","link":"https:\/\/imeba.clinic\/de\/hombres-especial\/pshot-2\/","title":{"rendered":"P-SHOT &#8211; BOCOX\u2122  (P-SHOT 100)"},"content":{"rendered":"<div data-elementor-type=\"wp-page\" data-elementor-id=\"5994\" class=\"elementor elementor-5994\" data-elementor-post-type=\"page\">\n\t\t\t\t\t\t<section class=\"elementor-section elementor-top-section elementor-element elementor-element-14f7ea6 elementor-section-height-min-height elementor-section-boxed elementor-section-height-default elementor-section-items-middle\" data-id=\"14f7ea6\" data-element_type=\"section\" data-settings=\"{&quot;background_background&quot;:&quot;classic&quot;,&quot;background_motion_fx_motion_fx_scrolling&quot;:&quot;yes&quot;,&quot;background_motion_fx_translateY_effect&quot;:&quot;yes&quot;,&quot;jet_parallax_layout_list&quot;:[],&quot;background_motion_fx_translateY_speed&quot;:{&quot;unit&quot;:&quot;px&quot;,&quot;size&quot;:4,&quot;sizes&quot;:[]},&quot;background_motion_fx_translateY_affectedRange&quot;:{&quot;unit&quot;:&quot;%&quot;,&quot;size&quot;:&quot;&quot;,&quot;sizes&quot;:{&quot;start&quot;:0,&quot;end&quot;:100}},&quot;background_motion_fx_devices&quot;:[&quot;desktop&quot;,&quot;tablet&quot;,&quot;mobile&quot;]}\">\n\t\t\t\t\t\t\t<div class=\"elementor-background-overlay\"><\/div>\n\t\t\t\t\t\t\t<div class=\"elementor-container elementor-column-gap-default\">\n\t\t\t\t\t<div class=\"elementor-column elementor-col-100 elementor-top-column elementor-element elementor-element-8578ffc\" data-id=\"8578ffc\" data-element_type=\"column\">\n\t\t\t<div class=\"elementor-widget-wrap elementor-element-populated\">\n\t\t\t\t\t\t<div class=\"elementor-element elementor-element-92078a0 elementor-widget elementor-widget-heading\" data-id=\"92078a0\" data-element_type=\"widget\" data-widget_type=\"heading.default\">\n\t\t\t\t\t<h5 class=\"elementor-heading-title elementor-size-default\">HOMBRES<\/h5>\t\t\t\t<\/div>\n\t\t\t\t\t<\/div>\n\t\t<\/div>\n\t\t\t\t\t<\/div>\n\t\t<\/section>\n\t\t\t\t<section class=\"elementor-section elementor-top-section elementor-element elementor-element-6a854a6 elementor-section-boxed elementor-section-height-default elementor-section-height-default\" data-id=\"6a854a6\" data-element_type=\"section\" data-settings=\"{&quot;jet_parallax_layout_list&quot;:[]}\">\n\t\t\t\t\t\t<div class=\"elementor-container elementor-column-gap-default\">\n\t\t\t\t\t<div class=\"elementor-column elementor-col-50 elementor-top-column elementor-element elementor-element-422799f\" data-id=\"422799f\" data-element_type=\"column\">\n\t\t\t<div class=\"elementor-widget-wrap elementor-element-populated\">\n\t\t\t\t\t\t<div class=\"elementor-element elementor-element-82fbfd5 elementor-widget elementor-widget-image\" data-id=\"82fbfd5\" data-element_type=\"widget\" data-widget_type=\"image.default\">\n\t\t\t\t\t\t\t\t\t\t\t\t\t\t\t<img decoding=\"async\" src=\"https:\/\/imeba.clinic\/wp-content\/uploads\/2024\/06\/Bildschirmfoto-2024-06-18-um-14.07.58.png\" title=\"Bildschirmfoto 2024-06-18 um 14.07.58\" alt=\"Bildschirmfoto 2024-06-18 um 14.07.58\" loading=\"lazy\" \/>\t\t\t\t\t\t\t\t\t\t\t\t\t\t\t<\/div>\n\t\t\t\t<div class=\"elementor-element elementor-element-0dbd1d9 elementor-widget elementor-widget-heading\" data-id=\"0dbd1d9\" data-element_type=\"widget\" data-widget_type=\"heading.default\">\n\t\t\t\t\t<h2 class=\"elementor-heading-title elementor-size-default\"><b>Varios tratamientos para una erecci\u00f3n m\u00e1s fuerte\/disfunci\u00f3n er\u00e9ctil:<\/b><br><br>1. P-Shot con PRP<br>2. Bocox<span style=\", Helvetica, Arial, sans-serif;font-size: 25.2px;white-space: normal\">\u2122 <\/span>con Botulinumoxin<br>3. P-Shot plus Bocox<span style=\", Helvetica, Arial, sans-serif;font-size: 25.2px;white-space: normal\">\u2122<\/span><br><\/h2>\t\t\t\t<\/div>\n\t\t\t\t<div class=\"elementor-element elementor-element-1aac492 elementor-widget elementor-widget-heading\" data-id=\"1aac492\" data-element_type=\"widget\" data-widget_type=\"heading.default\">\n\t\t\t\t\t<h2 class=\"elementor-heading-title elementor-size-default\"><b>PShot:<\/b> <br><br>Un tratamiento on PRP (Plasma). Le extraeremos sangre y obtendremos entre 12 y 20 ml de plasma mediante una centr&iacute;fuga. Este plasma se inyecta con una aguja muy fina (pr&aacute;cticamente indolora) en dos puntos a cada lado del pene. Hay cuatro tratamientos, un tratamiento cada semana (o cada 2 semanas). Y eso deber&iacute;a ser suficiente. Los resultados son absolutamente convincentes. Los pacientes est&aacute;n m&aacute;s que satisfechos.&lt;br&gt;Bocox&trade;\/PShot 100 es un uso de la toxina botul&iacute;nica A para el tratamiento de la disfunci&oacute;n er&eacute;ctil. Durante el tratamiento se inyectan 100 unidades de toxina botul&iacute;nica A en el tejido er&eacute;ctil del pene. Esto conduce a una relajaci&oacute;n de los m&uacute;sculos de la pared vascular de las arterias del pene y, por tanto, a una mejor circulaci&oacute;n sangu&iacute;nea y una mejor erecci&oacute;n. El tratamiento tambi&eacute;n provoca un alargamiento del pene de aproximadamente 1 cm cuando est&aacute; fl&aacute;cido.El plasma (con factor de crecimiento) crea vasos sangu&iacute;neos nuevos y m&aacute;s fuertes, lo que significa que puede fluir m&aacute;s sangre hacia el pene y, por tanto, puede producirse una erecci&oacute;n dura.<br><br>Preis: <b>499\u20ac<\/b> 4 sesiones (cada mes una sesi\u00f3n)<br><br><br><b>OFERTA LANZAMIENTO<\/b><br><br><\/h2>\t\t\t\t<\/div>\n\t\t\t\t<div class=\"elementor-element elementor-element-3c94033 elementor-widget elementor-widget-heading\" data-id=\"3c94033\" data-element_type=\"widget\" data-widget_type=\"heading.default\">\n\t\t\t\t\t<h2 class=\"elementor-heading-title elementor-size-default\"><b>Bocox<\/b>\u2122 <b>100ui de neuromoduladores (PShot-100)<\/b><\/h2>\t\t\t\t<\/div>\n\t\t\t\t<div class=\"elementor-element elementor-element-2a7bb47 elementor-widget elementor-widget-heading\" data-id=\"2a7bb47\" data-element_type=\"widget\" data-widget_type=\"heading.default\">\n\t\t\t\t\t<h2 class=\"elementor-heading-title elementor-size-default\">En el \u00e1mbito de la medicina moderna, la innovaci\u00f3n no conoce l\u00edmites. Desde cirug\u00edas revolucionarias hasta tratamientos de vanguardia, la ciencia contin\u00faa empujando los l\u00edmites de lo posible. En los \u00faltimos a\u00f1os, ha surgido un procedimiento \u00fanico que promete redefinir el panorama del bienestar \u00edntimo. Presentamos Priapus Toxin\u2122 (BoCox), la fusi\u00f3n revolucionaria de toxina botul\u00ednica y mejora del pene.\n\nImagina una soluci\u00f3n que no solo aborda la disfunci\u00f3n er\u00e9ctil, sino que tambi\u00e9n aumenta la confianza y mejora las experiencias \u00edntimas. Priapus Toxin\u2122 (BoCox) ofrece precisamente eso y m\u00e1s.\n\nDescubriendo Priapus Toxin\u2122 (BoCox)\n\nPriapus Toxin\u2122 (BoCox) no se trata solo de funcionalidad; se trata de empoderamiento. Respaldado por una d\u00e9cada de investigaci\u00f3n y \u00e9xito, este innovador procedimiento combina la eficacia probada del P-Shot\u00ae con el poder terap\u00e9utico de la toxina botul\u00ednica. \u00bfEl resultado? Un enfoque integral para la salud del pene que ofrece resultados tangibles.\n\nLa Ciencia Detr\u00e1s de Priapus Toxin\u2122 (BoCox)<br><br>En el n\u00facleo de Priapus Toxin\u2122 (BoCox) se encuentra una comprensi\u00f3n profunda de la fisiolog\u00eda del pene. Estudios recientes han arrojado luz sobre el mecanismo de acci\u00f3n detr\u00e1s de la efectividad de la toxina botul\u00ednica en el tratamiento de la disfunci\u00f3n er\u00e9ctil. Al relajar las arteriolas de m\u00fasculo liso, la toxina botul\u00ednica promueve un mayor flujo sangu\u00edneo, lo que lleva a erecciones m\u00e1s firmes e incluso a un peque\u00f1o aumento en longitud.\n\nAdem\u00e1s, Priapus Toxin\u2122 (BoCox) ofrece una ventaja \u00fanica para aquellos que han encontrado ineficaces los tratamientos tradicionales como Viagra y Cialis. En ensayos cl\u00ednicos, las inyecciones de toxina botul\u00ednica han mostrado promesa para individuos que experimentan una disminuci\u00f3n en la efectividad de los medicamentos convencionales.\n\nSeguridad y Eficacia\n\nLas preocupaciones sobre la seguridad son naturales al explorar tratamientos innovadores. Sin embargo, Priapus Toxin\u2122 (BoCox) cuenta con un historial impecable que abarca dos d\u00e9cadas. Con dosis cuidadosamente calibradas para asegurar la m\u00e1xima eficacia y el m\u00ednimo riesgo, los pacientes pueden estar seguros de su bienestar durante todo el procedimiento.<br><br>SUPER OFERTA<br><br>Preis: <b>499\u20ac<\/b> \/ sesi\u00f3n (es suficiente cada 6 meses una sesi\u00f3n) <br><br>P<b>osible efecto secundario: el pene fl\u00e1cido puede llegar a crecer hasta 2,5 cm m\u00e1s. Y no duele.<\/b><\/h2>\t\t\t\t<\/div>\n\t\t\t\t<div class=\"elementor-element elementor-element-03e2f44 elementor-widget elementor-widget-heading\" data-id=\"03e2f44\" data-element_type=\"widget\" data-widget_type=\"heading.default\">\n\t\t\t\t\t<h2 class=\"elementor-heading-title elementor-size-default\"><b>Hechos del tratamiento con PShot o Bocox\u2122<\/b><br><br>\nTratamiento: inyecci\u00f3nes (4) <br><br>Anestesia: no con Bocox, solo con P-Shot<br>                        \nDuraci\u00f3n: aprox. 30 minutos<br>                                                            \nTiempo de inactividad: ninguno<br>                                                       \nDuraci\u00f3n del efecto: aprox. 6 meses<br>                                                  \nEfectos secundarios: hematomas temporales ocasionales<br>                <br><\/h2>\t\t\t\t<\/div>\n\t\t\t\t<div class=\"elementor-element elementor-element-661480e elementor-widget elementor-widget-heading\" data-id=\"661480e\" data-element_type=\"widget\" data-widget_type=\"heading.default\">\n\t\t\t\t\t<h2 class=\"elementor-heading-title elementor-size-default\"><b>Paquete contra disfunci\u00f3n er\u00e9ctil.....<\/b><br><br>3 x PShot Plasma<br>1 x Bocox<span style=\", Helvetica, Arial, sans-serif;font-size: 25.2px;white-space: normal\">\u2122 (<\/span>PShot 100 Neuromudladores)<br><br>Con el P-Shot\u00ae-100 se realizan 3 tratamientos P-Shot\u00ae con 4 semanas de diferencia, incluyendo la primera aplicaci\u00f3n la terapia con Botox (PShot 100).<br><br>Oferta del paquete: <b>900\u20ac <\/b>completo<b> <\/b><br><br><\/h2>\t\t\t\t<\/div>\n\t\t\t\t<div class=\"elementor-element elementor-element-6e5da34 elementor-widget elementor-widget-heading\" data-id=\"6e5da34\" data-element_type=\"widget\" data-widget_type=\"heading.default\">\n\t\t\t\t\t<h2 class=\"elementor-heading-title elementor-size-default\">Recomendado: <br><br>Bocox 2 veces al a\u00f1o, cada 6 meses <br><br>P-Shot 3 sesiones, cada mes una sesi\u00f3n,minimo una vez al a\u00f1o<\/h2>\t\t\t\t<\/div>\n\t\t\t\t\t<\/div>\n\t\t<\/div>\n\t\t\t\t<div class=\"elementor-column elementor-col-50 elementor-top-column elementor-element elementor-element-ac1a05d\" data-id=\"ac1a05d\" data-element_type=\"column\">\n\t\t\t<div class=\"elementor-widget-wrap elementor-element-populated\">\n\t\t\t\t\t\t<section class=\"elementor-section elementor-inner-section elementor-element elementor-element-0449f5b elementor-section-boxed elementor-section-height-default elementor-section-height-default\" data-id=\"0449f5b\" data-element_type=\"section\" data-settings=\"{&quot;background_background&quot;:&quot;classic&quot;,&quot;sticky&quot;:&quot;top&quot;,&quot;sticky_offset&quot;:120,&quot;sticky_parent&quot;:&quot;yes&quot;,&quot;jet_parallax_layout_list&quot;:[],&quot;sticky_on&quot;:[&quot;desktop&quot;,&quot;tablet&quot;,&quot;mobile&quot;],&quot;sticky_effects_offset&quot;:0,&quot;sticky_anchor_link_offset&quot;:0}\">\n\t\t\t\t\t\t<div class=\"elementor-container elementor-column-gap-default\">\n\t\t\t\t\t<div class=\"elementor-column elementor-col-100 elementor-inner-column elementor-element elementor-element-da8d40e\" data-id=\"da8d40e\" data-element_type=\"column\">\n\t\t\t<div class=\"elementor-widget-wrap elementor-element-populated\">\n\t\t\t\t\t\t<div class=\"elementor-element elementor-element-a2091af elementor-widget elementor-widget-heading\" data-id=\"a2091af\" data-element_type=\"widget\" data-widget_type=\"heading.default\">\n\t\t\t\t\t<h2 class=\"elementor-heading-title elementor-size-default\">Preis <\/h2>\t\t\t\t<\/div>\n\t\t\t\t<div class=\"elementor-element elementor-element-e14b3aa Price elementor-widget elementor-widget-heading\" data-id=\"e14b3aa\" data-element_type=\"widget\" data-widget_type=\"heading.default\">\n\t\t\t\t\t<h2 class=\"elementor-heading-title elementor-size-default\">499\u20ac\/4 sesiones<\/h2>\t\t\t\t<\/div>\n\t\t\t\t<div class=\"elementor-element elementor-element-84e5796 elementor-widget elementor-widget-text-editor\" data-id=\"84e5796\" data-element_type=\"widget\" data-widget_type=\"text-editor.default\">\n\t\t\t\t\t\t\t\t\t<p><span style=\"color: #ffffff;\">PShot (Precio oferta ahora, regular es 499\u20ac)<\/span><\/p>\t\t\t\t\t\t\t\t<\/div>\n\t\t\t\t<div class=\"elementor-element elementor-element-7fe6895 elementor-widget-divider--view-line elementor-widget elementor-widget-divider\" data-id=\"7fe6895\" data-element_type=\"widget\" data-widget_type=\"divider.default\">\n\t\t\t\t\t\t\t<div class=\"elementor-divider\">\n\t\t\t<span class=\"elementor-divider-separator\">\n\t\t\t\t\t\t<\/span>\n\t\t<\/div>\n\t\t\t\t\t\t<\/div>\n\t\t\t\t<div class=\"elementor-element elementor-element-4efa9d9 Price elementor-widget elementor-widget-heading\" data-id=\"4efa9d9\" data-element_type=\"widget\" data-widget_type=\"heading.default\">\n\t\t\t\t\t<h2 class=\"elementor-heading-title elementor-size-default\">499\u20ac\/sesi\u00f3n<\/h2>\t\t\t\t<\/div>\n\t\t\t\t<div class=\"elementor-element elementor-element-3451e86 elementor-widget elementor-widget-text-editor\" data-id=\"3451e86\" data-element_type=\"widget\" data-widget_type=\"text-editor.default\">\n\t\t\t\t\t\t\t\t\t<p><span style=\"color: #ffffff;\">&nbsp;Bocox \/ PShot-100 (Precio oferta ahora)<\/span><\/p>\t\t\t\t\t\t\t\t<\/div>\n\t\t\t\t<div class=\"elementor-element elementor-element-61f3891 elementor-widget elementor-widget-text-editor\" data-id=\"61f3891\" data-element_type=\"widget\" data-widget_type=\"text-editor.default\">\n\t\t\t\t\t\t\t\t\t<p>Sie k\u00f6nnen uns auch eine Nachricht per WhatsApp schicken.<\/p>\t\t\t\t\t\t\t\t<\/div>\n\t\t\t\t<div class=\"elementor-element elementor-element-03edf27 elementor-widget__width-inherit elementor-mobile-align-justify elementor-widget-mobile__width-inherit elementor-tablet-align-justify elementor-widget-tablet__width-inherit elementor-align-justify elementor-widget elementor-widget-button\" data-id=\"03edf27\" data-element_type=\"widget\" data-widget_type=\"button.default\">\n\t\t\t\t\t\t\t\t\t\t<a class=\"elementor-button elementor-button-link elementor-size-sm\" href=\"https:\/\/api.whatsapp.com\/send?phone=34653620509&#038;text=Hola%20Cl%C3%ADnicas%20IMEBA,%20ponte%20en%20contacto%20conmigo.%20(PShot)%20Muchas%20gracias.%20\">\n\t\t\t\t\t\t<span class=\"elementor-button-content-wrapper\">\n\t\t\t\t\t\t\t\t\t<span class=\"elementor-button-text\">JETZT BUCHEN<\/span>\n\t\t\t\t\t<\/span>\n\t\t\t\t\t<\/a>\n\t\t\t\t\t\t\t\t<\/div>\n\t\t\t\t\t<\/div>\n\t\t<\/div>\n\t\t\t\t\t<\/div>\n\t\t<\/section>\n\t\t\t\t\t<\/div>\n\t\t<\/div>\n\t\t\t\t\t<\/div>\n\t\t<\/section>\n\t\t<div class=\"elementor-element elementor-element-dff49b1 e-flex e-con-boxed e-con e-parent\" data-id=\"dff49b1\" data-element_type=\"container\" data-settings=\"{&quot;jet_parallax_layout_list&quot;:[]}\">\n\t\t\t\t\t<div class=\"e-con-inner\">\n\t\t\t\t\t<\/div>\n\t\t\t\t<\/div>\n\t\t\t\t<\/div>","protected":false},"excerpt":{"rendered":"<p>HOMBRES Varios tratamientos para una erecci\u00f3n m\u00e1s fuerte\/disfunci\u00f3n er\u00e9ctil: 1. P-Shot con PRP2. Bocox\u2122 con Botulinumoxin3. P-Shot plus Bocox\u2122 PShot: Un tratamiento on PRP (Plasma). Le extraeremos sangre y obtendremos entre 12 y 20 ml de plasma mediante una centr\u00edfuga. Este plasma se inyecta con una aguja muy fina (pr\u00e1cticamente indolora) en dos puntos a [&hellip;]<\/p>","protected":false},"author":2,"featured_media":2396,"parent":1298,"menu_order":1,"comment_status":"closed","ping_status":"closed","template":"elementor_header_footer","meta":{"footnotes":""},"class_list":["post-5994","page","type-page","status-publish","has-post-thumbnail","hentry"],"yoast_head":"<!-- This site is optimized with the Yoast SEO plugin v25.8 - https:\/\/yoast.com\/wordpress\/plugins\/seo\/ -->\n<title>P-SHOT - BOCOX\u2122 (P-SHOT 100) - Clinicas IMEBA\u00ae<\/title>\n<meta name=\"robots\" content=\"index, follow, max-snippet:-1, max-image-preview:large, max-video-preview:-1\" \/>\n<link rel=\"canonical\" href=\"https:\/\/imeba.clinic\/de\/hombres-especial\/pshot-2\/\" \/>\n<meta property=\"og:locale\" content=\"de_DE\" \/>\n<meta property=\"og:type\" content=\"article\" \/>\n<meta property=\"og:title\" content=\"P-SHOT - BOCOX\u2122 (P-SHOT 100) - Clinicas IMEBA\u00ae\" \/>\n<meta property=\"og:description\" content=\"HOMBRES Varios tratamientos para una erecci\u00f3n m\u00e1s fuerte\/disfunci\u00f3n er\u00e9ctil: 1. P-Shot con PRP2. Bocox\u2122 con Botulinumoxin3. P-Shot plus Bocox\u2122 PShot: Un tratamiento on PRP (Plasma). Le extraeremos sangre y obtendremos entre 12 y 20 ml de plasma mediante una centr\u00edfuga. Este plasma se inyecta con una aguja muy fina (pr\u00e1cticamente indolora) en dos puntos a [&hellip;]\" \/>\n<meta property=\"og:url\" content=\"https:\/\/imeba.clinic\/de\/hombres-especial\/pshot-2\/\" \/>\n<meta property=\"og:site_name\" content=\"Clinicas IMEBA\u00ae\" \/>\n<meta property=\"article:publisher\" content=\"https:\/\/www.facebook.com\/clinicasimebamallorca\" \/>\n<meta property=\"article:modified_time\" content=\"2026-02-09T16:48:45+00:00\" \/>\n<meta property=\"og:image\" content=\"http:\/\/imeba.clinic\/wp-content\/uploads\/2023\/02\/cirugiaintimamasculina-700x460-1.jpg\" \/>\n\t<meta property=\"og:image:width\" content=\"700\" \/>\n\t<meta property=\"og:image:height\" content=\"460\" \/>\n\t<meta property=\"og:image:type\" content=\"image\/jpeg\" \/>\n<meta name=\"twitter:card\" content=\"summary_large_image\" \/>\n<meta name=\"twitter:site\" content=\"@IMEBAInfo\" \/>\n<meta name=\"twitter:label1\" content=\"Gesch\u00e4tzte Lesezeit\" \/>\n\t<meta name=\"twitter:data1\" content=\"4\u00a0Minuten\" \/>\n<script type=\"application\/ld+json\" class=\"yoast-schema-graph\">{\"@context\":\"https:\/\/schema.org\",\"@graph\":[{\"@type\":\"WebPage\",\"@id\":\"https:\/\/imeba.clinic\/hombres-especial\/pshot-2\/\",\"url\":\"https:\/\/imeba.clinic\/hombres-especial\/pshot-2\/\",\"name\":\"P-SHOT - BOCOX\u2122 (P-SHOT 100) - Clinicas IMEBA\u00ae\",\"isPartOf\":{\"@id\":\"https:\/\/imeba.clinic\/#website\"},\"primaryImageOfPage\":{\"@id\":\"https:\/\/imeba.clinic\/hombres-especial\/pshot-2\/#primaryimage\"},\"image\":{\"@id\":\"https:\/\/imeba.clinic\/hombres-especial\/pshot-2\/#primaryimage\"},\"thumbnailUrl\":\"https:\/\/imeba.clinic\/wp-content\/uploads\/2023\/02\/cirugiaintimamasculina-700x460-1.jpg\",\"datePublished\":\"2024-06-18T12:00:18+00:00\",\"dateModified\":\"2026-02-09T16:48:45+00:00\",\"breadcrumb\":{\"@id\":\"https:\/\/imeba.clinic\/hombres-especial\/pshot-2\/#breadcrumb\"},\"inLanguage\":\"de\",\"potentialAction\":[{\"@type\":\"ReadAction\",\"target\":[\"https:\/\/imeba.clinic\/hombres-especial\/pshot-2\/\"]}]},{\"@type\":\"ImageObject\",\"inLanguage\":\"de\",\"@id\":\"https:\/\/imeba.clinic\/hombres-especial\/pshot-2\/#primaryimage\",\"url\":\"https:\/\/imeba.clinic\/wp-content\/uploads\/2023\/02\/cirugiaintimamasculina-700x460-1.jpg\",\"contentUrl\":\"https:\/\/imeba.clinic\/wp-content\/uploads\/2023\/02\/cirugiaintimamasculina-700x460-1.jpg\",\"width\":700,\"height\":460},{\"@type\":\"BreadcrumbList\",\"@id\":\"https:\/\/imeba.clinic\/hombres-especial\/pshot-2\/#breadcrumb\",\"itemListElement\":[{\"@type\":\"ListItem\",\"position\":1,\"name\":\"Portada\",\"item\":\"https:\/\/imeba.clinic\/\"},{\"@type\":\"ListItem\",\"position\":2,\"name\":\"Hombres especial\",\"item\":\"https:\/\/imeba.clinic\/hombres-especial\/\"},{\"@type\":\"ListItem\",\"position\":3,\"name\":\"P-SHOT &#8211; BOCOX\u2122 (P-SHOT 100)\"}]},{\"@type\":\"WebSite\",\"@id\":\"https:\/\/imeba.clinic\/#website\",\"url\":\"https:\/\/imeba.clinic\/\",\"name\":\"Clinicas IMEBA\u00ae\",\"description\":\"Medicina estetica cirugia facial\",\"publisher\":{\"@id\":\"https:\/\/imeba.clinic\/#organization\"},\"potentialAction\":[{\"@type\":\"SearchAction\",\"target\":{\"@type\":\"EntryPoint\",\"urlTemplate\":\"https:\/\/imeba.clinic\/?s={search_term_string}\"},\"query-input\":{\"@type\":\"PropertyValueSpecification\",\"valueRequired\":true,\"valueName\":\"search_term_string\"}}],\"inLanguage\":\"de\"},{\"@type\":\"Organization\",\"@id\":\"https:\/\/imeba.clinic\/#organization\",\"name\":\"Clinicas IMEBA\u00ae\",\"url\":\"https:\/\/imeba.clinic\/\",\"logo\":{\"@type\":\"ImageObject\",\"inLanguage\":\"de\",\"@id\":\"https:\/\/imeba.clinic\/#\/schema\/logo\/image\/\",\"url\":\"https:\/\/imeba.clinic\/wp-content\/uploads\/2023\/01\/cropped-11722351_740325796094007_2206264894896353109_o.jpg\",\"contentUrl\":\"https:\/\/imeba.clinic\/wp-content\/uploads\/2023\/01\/cropped-11722351_740325796094007_2206264894896353109_o.jpg\",\"width\":1221,\"height\":349,\"caption\":\"Clinicas IMEBA\u00ae\"},\"image\":{\"@id\":\"https:\/\/imeba.clinic\/#\/schema\/logo\/image\/\"},\"sameAs\":[\"https:\/\/www.facebook.com\/clinicasimebamallorca\",\"https:\/\/x.com\/IMEBAInfo\",\"https:\/\/www.youtube.com\/@TorstenMarin\"]}]}<\/script>\n<!-- \/ Yoast SEO plugin. -->","yoast_head_json":{"title":"P-SHOT - BOCOX\u2122 (P-SHOT 100) - Clinicas IMEBA\u00ae","robots":{"index":"index","follow":"follow","max-snippet":"max-snippet:-1","max-image-preview":"max-image-preview:large","max-video-preview":"max-video-preview:-1"},"canonical":"https:\/\/imeba.clinic\/de\/hombres-especial\/pshot-2\/","og_locale":"de_DE","og_type":"article","og_title":"P-SHOT - BOCOX\u2122 (P-SHOT 100) - Clinicas IMEBA\u00ae","og_description":"HOMBRES Varios tratamientos para una erecci\u00f3n m\u00e1s fuerte\/disfunci\u00f3n er\u00e9ctil: 1. P-Shot con PRP2. Bocox\u2122 con Botulinumoxin3. P-Shot plus Bocox\u2122 PShot: Un tratamiento on PRP (Plasma). Le extraeremos sangre y obtendremos entre 12 y 20 ml de plasma mediante una centr\u00edfuga. Este plasma se inyecta con una aguja muy fina (pr\u00e1cticamente indolora) en dos puntos a [&hellip;]","og_url":"https:\/\/imeba.clinic\/de\/hombres-especial\/pshot-2\/","og_site_name":"Clinicas IMEBA\u00ae","article_publisher":"https:\/\/www.facebook.com\/clinicasimebamallorca","article_modified_time":"2026-02-09T16:48:45+00:00","og_image":[{"width":700,"height":460,"url":"http:\/\/imeba.clinic\/wp-content\/uploads\/2023\/02\/cirugiaintimamasculina-700x460-1.jpg","type":"image\/jpeg"}],"twitter_card":"summary_large_image","twitter_site":"@IMEBAInfo","twitter_misc":{"Gesch\u00e4tzte Lesezeit":"4\u00a0Minuten"},"schema":{"@context":"https:\/\/schema.org","@graph":[{"@type":"WebPage","@id":"https:\/\/imeba.clinic\/hombres-especial\/pshot-2\/","url":"https:\/\/imeba.clinic\/hombres-especial\/pshot-2\/","name":"P-SHOT - BOCOX\u2122 (P-SHOT 100) - Clinicas IMEBA\u00ae","isPartOf":{"@id":"https:\/\/imeba.clinic\/#website"},"primaryImageOfPage":{"@id":"https:\/\/imeba.clinic\/hombres-especial\/pshot-2\/#primaryimage"},"image":{"@id":"https:\/\/imeba.clinic\/hombres-especial\/pshot-2\/#primaryimage"},"thumbnailUrl":"https:\/\/imeba.clinic\/wp-content\/uploads\/2023\/02\/cirugiaintimamasculina-700x460-1.jpg","datePublished":"2024-06-18T12:00:18+00:00","dateModified":"2026-02-09T16:48:45+00:00","breadcrumb":{"@id":"https:\/\/imeba.clinic\/hombres-especial\/pshot-2\/#breadcrumb"},"inLanguage":"de","potentialAction":[{"@type":"ReadAction","target":["https:\/\/imeba.clinic\/hombres-especial\/pshot-2\/"]}]},{"@type":"ImageObject","inLanguage":"de","@id":"https:\/\/imeba.clinic\/hombres-especial\/pshot-2\/#primaryimage","url":"https:\/\/imeba.clinic\/wp-content\/uploads\/2023\/02\/cirugiaintimamasculina-700x460-1.jpg","contentUrl":"https:\/\/imeba.clinic\/wp-content\/uploads\/2023\/02\/cirugiaintimamasculina-700x460-1.jpg","width":700,"height":460},{"@type":"BreadcrumbList","@id":"https:\/\/imeba.clinic\/hombres-especial\/pshot-2\/#breadcrumb","itemListElement":[{"@type":"ListItem","position":1,"name":"Portada","item":"https:\/\/imeba.clinic\/"},{"@type":"ListItem","position":2,"name":"Hombres especial","item":"https:\/\/imeba.clinic\/hombres-especial\/"},{"@type":"ListItem","position":3,"name":"P-SHOT &#8211; BOCOX\u2122 (P-SHOT 100)"}]},{"@type":"WebSite","@id":"https:\/\/imeba.clinic\/#website","url":"https:\/\/imeba.clinic\/","name":"Clinicas IMEBA\u00ae","description":"Medicina estetica cirugia facial","publisher":{"@id":"https:\/\/imeba.clinic\/#organization"},"potentialAction":[{"@type":"SearchAction","target":{"@type":"EntryPoint","urlTemplate":"https:\/\/imeba.clinic\/?s={search_term_string}"},"query-input":{"@type":"PropertyValueSpecification","valueRequired":true,"valueName":"search_term_string"}}],"inLanguage":"de"},{"@type":"Organization","@id":"https:\/\/imeba.clinic\/#organization","name":"Clinicas IMEBA\u00ae","url":"https:\/\/imeba.clinic\/","logo":{"@type":"ImageObject","inLanguage":"de","@id":"https:\/\/imeba.clinic\/#\/schema\/logo\/image\/","url":"https:\/\/imeba.clinic\/wp-content\/uploads\/2023\/01\/cropped-11722351_740325796094007_2206264894896353109_o.jpg","contentUrl":"https:\/\/imeba.clinic\/wp-content\/uploads\/2023\/01\/cropped-11722351_740325796094007_2206264894896353109_o.jpg","width":1221,"height":349,"caption":"Clinicas IMEBA\u00ae"},"image":{"@id":"https:\/\/imeba.clinic\/#\/schema\/logo\/image\/"},"sameAs":["https:\/\/www.facebook.com\/clinicasimebamallorca","https:\/\/x.com\/IMEBAInfo","https:\/\/www.youtube.com\/@TorstenMarin"]}]}},"_links":{"self":[{"href":"https:\/\/imeba.clinic\/de\/wp-json\/wp\/v2\/pages\/5994","targetHints":{"allow":["GET"]}}],"collection":[{"href":"https:\/\/imeba.clinic\/de\/wp-json\/wp\/v2\/pages"}],"about":[{"href":"https:\/\/imeba.clinic\/de\/wp-json\/wp\/v2\/types\/page"}],"author":[{"embeddable":true,"href":"https:\/\/imeba.clinic\/de\/wp-json\/wp\/v2\/users\/2"}],"replies":[{"embeddable":true,"href":"https:\/\/imeba.clinic\/de\/wp-json\/wp\/v2\/comments?post=5994"}],"version-history":[{"count":64,"href":"https:\/\/imeba.clinic\/de\/wp-json\/wp\/v2\/pages\/5994\/revisions"}],"predecessor-version":[{"id":11787,"href":"https:\/\/imeba.clinic\/de\/wp-json\/wp\/v2\/pages\/5994\/revisions\/11787"}],"up":[{"embeddable":true,"href":"https:\/\/imeba.clinic\/de\/wp-json\/wp\/v2\/pages\/1298"}],"wp:featuredmedia":[{"embeddable":true,"href":"https:\/\/imeba.clinic\/de\/wp-json\/wp\/v2\/media\/2396"}],"wp:attachment":[{"href":"https:\/\/imeba.clinic\/de\/wp-json\/wp\/v2\/media?parent=5994"}],"curies":[{"name":"wp","href":"https:\/\/api.w.org\/{rel}","templated":true}]}}