
{"id":4969,"date":"2023-11-24T15:23:45","date_gmt":"2023-11-24T14:23:45","guid":{"rendered":"https:\/\/imeba.clinic\/?page_id=4969"},"modified":"2024-04-26T13:49:02","modified_gmt":"2024-04-26T12:49:02","slug":"lemon-bottle","status":"publish","type":"page","link":"https:\/\/imeba.clinic\/de\/facial\/lemon-bottle\/","title":{"rendered":"Lemon Bottle"},"content":{"rendered":"<div data-elementor-type=\"wp-page\" data-elementor-id=\"4969\" class=\"elementor elementor-4969\" data-elementor-post-type=\"page\">\n\t\t\t\t\t\t<section class=\"elementor-section elementor-top-section elementor-element elementor-element-14f7ea6 elementor-section-height-min-height elementor-section-boxed elementor-section-height-default elementor-section-items-middle\" data-id=\"14f7ea6\" data-element_type=\"section\" data-settings=\"{&quot;background_background&quot;:&quot;classic&quot;,&quot;background_motion_fx_motion_fx_scrolling&quot;:&quot;yes&quot;,&quot;background_motion_fx_translateY_effect&quot;:&quot;yes&quot;,&quot;jet_parallax_layout_list&quot;:[],&quot;background_motion_fx_translateY_speed&quot;:{&quot;unit&quot;:&quot;px&quot;,&quot;size&quot;:4,&quot;sizes&quot;:[]},&quot;background_motion_fx_translateY_affectedRange&quot;:{&quot;unit&quot;:&quot;%&quot;,&quot;size&quot;:&quot;&quot;,&quot;sizes&quot;:{&quot;start&quot;:0,&quot;end&quot;:100}},&quot;background_motion_fx_devices&quot;:[&quot;desktop&quot;,&quot;tablet&quot;,&quot;mobile&quot;]}\">\n\t\t\t\t\t\t\t<div class=\"elementor-background-overlay\"><\/div>\n\t\t\t\t\t\t\t<div class=\"elementor-container elementor-column-gap-default\">\n\t\t\t\t\t<div class=\"elementor-column elementor-col-100 elementor-top-column elementor-element elementor-element-8578ffc\" data-id=\"8578ffc\" data-element_type=\"column\">\n\t\t\t<div class=\"elementor-widget-wrap elementor-element-populated\">\n\t\t\t\t\t\t<div class=\"elementor-element elementor-element-92078a0 elementor-widget elementor-widget-heading\" data-id=\"92078a0\" data-element_type=\"widget\" data-widget_type=\"heading.default\">\n\t\t\t\t\t<h5 class=\"elementor-heading-title elementor-size-default\">Gesicht \u00b7 K\u00f6rper<\/h5>\t\t\t\t<\/div>\n\t\t\t\t\t<\/div>\n\t\t<\/div>\n\t\t\t\t\t<\/div>\n\t\t<\/section>\n\t\t\t\t<section class=\"elementor-section elementor-top-section elementor-element elementor-element-6a854a6 elementor-section-boxed elementor-section-height-default elementor-section-height-default\" data-id=\"6a854a6\" data-element_type=\"section\" data-settings=\"{&quot;jet_parallax_layout_list&quot;:[]}\">\n\t\t\t\t\t\t<div class=\"elementor-container elementor-column-gap-default\">\n\t\t\t\t\t<div class=\"elementor-column elementor-col-50 elementor-top-column elementor-element elementor-element-422799f\" data-id=\"422799f\" data-element_type=\"column\">\n\t\t\t<div class=\"elementor-widget-wrap elementor-element-populated\">\n\t\t\t\t\t\t<div class=\"elementor-element elementor-element-82fbfd5 elementor-widget elementor-widget-image\" data-id=\"82fbfd5\" data-element_type=\"widget\" data-widget_type=\"image.default\">\n\t\t\t\t\t\t\t\t\t\t\t\t\t\t\t<img fetchpriority=\"high\" decoding=\"async\" width=\"776\" height=\"521\" src=\"https:\/\/imeba.clinic\/wp-content\/uploads\/2023\/11\/Bildschirmfoto-2023-11-24-um-13.57.29.png\" class=\"attachment-large size-large wp-image-4977\" alt=\"\" srcset=\"https:\/\/imeba.clinic\/wp-content\/uploads\/2023\/11\/Bildschirmfoto-2023-11-24-um-13.57.29.png 776w, https:\/\/imeba.clinic\/wp-content\/uploads\/2023\/11\/Bildschirmfoto-2023-11-24-um-13.57.29-300x201.png 300w, https:\/\/imeba.clinic\/wp-content\/uploads\/2023\/11\/Bildschirmfoto-2023-11-24-um-13.57.29-150x101.png 150w, https:\/\/imeba.clinic\/wp-content\/uploads\/2023\/11\/Bildschirmfoto-2023-11-24-um-13.57.29-768x516.png 768w, https:\/\/imeba.clinic\/wp-content\/uploads\/2023\/11\/Bildschirmfoto-2023-11-24-um-13.57.29-18x12.png 18w\" sizes=\"(max-width: 776px) 100vw, 776px\" \/>\t\t\t\t\t\t\t\t\t\t\t\t\t\t\t<\/div>\n\t\t\t\t<div class=\"elementor-element elementor-element-0dbd1d9 elementor-widget elementor-widget-heading\" data-id=\"0dbd1d9\" data-element_type=\"widget\" data-widget_type=\"heading.default\">\n\t\t\t\t\t<h2 class=\"elementor-heading-title elementor-size-default\">LEMON BOTTLE BY IMEBA\u00ae : EXKLUSIVE FETTAUFL\u00d6SUNG<\/h2>\t\t\t\t<\/div>\n\t\t\t\t<div class=\"elementor-element elementor-element-1aac492 elementor-widget elementor-widget-heading\" data-id=\"1aac492\" data-element_type=\"widget\" data-widget_type=\"heading.default\">\n\t\t\t\t\t<h2 class=\"elementor-heading-title elementor-size-default\">EXKLUSIV MIT IMEBA\u00ae<br>\u00a1ADI\u00d3S GRASA - ADI\u00d3S!<\/h2>\t\t\t\t<\/div>\n\t\t\t\t<div class=\"elementor-element elementor-element-9c651a7 advance-lists elementor-widget__width-initial elementor-widget elementor-widget-text-editor\" data-id=\"9c651a7\" data-element_type=\"widget\" data-widget_type=\"text-editor.default\">\n\t\t\t\t\t\t\t\t\t<div><div><p>IMEBA\u00ae Lemon Bottle: Ihre effektive L\u00f6sung zur gezielten Fettreduktion am ganzen K\u00f6rper. Dieses nat\u00fcrliche Produkt zielt auf unerw\u00fcnschte Fettdepots ab, einschlie\u00dflich Wangen, Fettp\u00f6lsterchen, Bauch, Beinfett und Wangenf\u00fclle. Die einzigartige Formel f\u00f6rdert die langfristige Kollagenproduktion, erh\u00f6ht die Elastizit\u00e4t der Haut und beschleunigt den Abbau von Fettzellen. Dank Inhaltsstoffen wie Riboflavin f\u00fcr einen aktiveren Stoffwechsel, Lecithin f\u00fcr einen beschleunigten Abbau von Fettzellen und Bromelain aus der Ananas f\u00fcr die Reduzierung von Entz\u00fcndungen und die Zerst\u00f6rung von Fettzellmembranen bietet Lemon Bottle eine sichere und nat\u00fcrliche Alternative zur Fettreduktion. Im Gegensatz zu anderen \u00e4hnlichen Produkten enth\u00e4lt es nur nat\u00fcrliche Inhaltsstoffe und kann in gr\u00f6\u00dferen Mengen angewendet werden - vereinbaren Sie noch heute einen Termin und \u00fcberzeugen Sie sich von seiner Wirksamkeit!<\/p><p><img decoding=\"async\" src=\"http:\/\/imeba.clinic\/wp-content\/uploads\/2023\/11\/Bildschirmfoto-2023-11-24-um-13.55.31-300x200.png\" alt=\"\" width=\"413\" height=\"276\" \/><img decoding=\"async\" src=\"http:\/\/imeba.clinic\/wp-content\/uploads\/2023\/11\/Bildschirmfoto-2023-11-24-um-13.58.12-300x200.png\" alt=\"\" width=\"413\" height=\"275\" \/><\/p><\/div><div><b><a href=\"https:\/\/api.whatsapp.com\/send?phone=34653620509&amp;text=Hola%20Cl%C3%ADnicas%20IMEBA,%20ponte%20en%20contacto%20conmigo.%20(IMEBA%20LEMON%20BOTTLE)%20Muchas%20gracias.%20\">LASSEN SIE UNS \u00dcBER WHATSAPP REDEN - HIER KLICKEN<\/a><\/b><\/div><div><b>\u00a0<\/b><\/div><div><b>Behandlungsbereiche und Preise pro Sitzung<\/b><\/div><div>\u00a0<\/div><div><p>Doppelkinn: 10-15 ml pro Sitzung Preis: 120\u20ac-180\u20ac\/Sitzung<\/p><p>Arme: 10-15 ml pro Sitzung Preis: 120\u20ac-180\u20ac\/Sitzung<\/p><p>H\u00fcfte: 15-25 ml ro Sitzung Preis: 180\u20ac-200\u20ac\/Sitzung<\/p><p>Bauch: 30-40 ml pro Sitzung Preis: 250\u20ac-300\u20ac\/Sitzung<\/p><p>Beine: 10-20 ml pro Sitzung: 120\u20ac-240\u20ac\/Sitzung<\/p><p>Nat\u00fcrlich ist es m\u00f6glich, den Preis eines Behandlungspakets zu erfragen.<\/p><\/div><\/div><div><img loading=\"lazy\" decoding=\"async\" src=\"http:\/\/imeba.clinic\/wp-content\/uploads\/2023\/11\/imgpsh_fullsize_anim-8-300x218.png\" alt=\"\" width=\"370\" height=\"269\" \/><img loading=\"lazy\" decoding=\"async\" src=\"http:\/\/imeba.clinic\/wp-content\/uploads\/2023\/11\/Bildschirmfoto-2023-11-24-um-13.56.20-238x300.png\" alt=\"\" width=\"211\" height=\"266\" \/><img loading=\"lazy\" decoding=\"async\" src=\"http:\/\/imeba.clinic\/wp-content\/uploads\/2023\/11\/Bildschirmfoto-2023-11-24-um-13.55.47-300x300.png\" alt=\"\" width=\"253\" height=\"253\" \/><\/div><div><b><a href=\"https:\/\/api.whatsapp.com\/send?phone=34653620509&amp;text=Hola%20Cl%C3%ADnicas%20IMEBA,%20ponte%20en%20contacto%20conmigo.%20(IMEBA%20LEMON%20BOTTLE)%20Muchas%20gracias.%20\">LASSEN SIE UNS \u00dcBER WHATSAPP REDEN - HIER KLICKEN<\/a><\/b><\/div><div>\u00a0<\/div><div><div><b>Was Lemon Bottle einzigartig macht:<br \/><\/b><\/div><div>\u00a0<\/div><div><p>Da es sich um ein Produkt mit sicheren und nat\u00fcrlichen Inhaltsstoffen handelt, k\u00f6nnen Sie eine ausreichende Menge f\u00fcr einen Teil Ihres K\u00f6rpers verwenden.<\/p><p>Keine Schmerzen, keine Schwellung und schnelle Wirkung.<\/p><p>Auch ohne Lidocain treten keine Schmerzen auf, da die pH-Konzentration bereits angepasst ist.<\/p><p>Auch ohne Lipase (Hyaluronidase) ist die lipolytische Wirkung von Lemon Bottle bereits hervorragend.<\/p><p>Es wird kein PPC (Phosphatidylcholin) und kein Natriumdeoxycholat oder Hormone wie Steroide verwendet.<\/p><\/div><\/div><p><img loading=\"lazy\" decoding=\"async\" src=\"http:\/\/imeba.clinic\/wp-content\/uploads\/2023\/11\/Bildschirmfoto-2023-11-24-um-13.57.11-300x180.png\" alt=\"\" width=\"267\" height=\"160\" \/><img loading=\"lazy\" decoding=\"async\" src=\"http:\/\/imeba.clinic\/wp-content\/uploads\/2023\/11\/Bildschirmfoto-2023-11-24-um-13.56.43-300x159.png\" alt=\"\" width=\"300\" height=\"159\" \/><img loading=\"lazy\" decoding=\"async\" src=\"http:\/\/imeba.clinic\/wp-content\/uploads\/2023\/11\/Bildschirmfoto-2023-11-24-um-13.58.44-300x200.png\" alt=\"\" width=\"279\" height=\"186\" \/><\/p><div><div>\u00a0<\/div><div><b><a href=\"https:\/\/api.whatsapp.com\/send?phone=34653620509&amp;text=Hola%20Cl%C3%ADnicas%20IMEBA,%20ponte%20en%20contacto%20conmigo.%20(IMEBA%20LEMON%20BOTTLE)%20Muchas%20gracias.%20\">\u00a0LASSEN SIE UNS \u00dcBER WHATSAPP REDEN - HIER KLICKEN<\/a><\/b><\/div><div><b><a href=\"https:\/\/api.whatsapp.com\/send?phone=34653620509&amp;text=Hola%20Cl%C3%ADnicas%20IMEBA,%20ponte%20en%20contacto%20conmigo.%20(IMEBA%20LEMON%20BOTTLE)%20Muchas%20gracias.%20\">\u00a0<\/a><\/b><\/div><div><b>Fettaufl\u00f6sung:<br \/><\/b><\/div><div>\u00a0<\/div><div><p>Lemon Bottle ist die ideale L\u00f6sung f\u00fcr Erwachsene, die eine gezielte Fettreduktion anstreben, ohne sich auf Di\u00e4ten verlassen zu m\u00fcssen. Die empfohlene Anwendungsdauer betr\u00e4gt drei bis vier Sitzungen pro Monat. Die wichtigsten Inhaltsstoffe sind Bromelain, Lecithin und Riboflavin, die den Fettabbau unterst\u00fctzen. Nebenwirkungen sind selten und k\u00f6nnen leichte Schwellungen und R\u00f6tungen sein, die in der Regel nach 2 bis 3 Tagen verschwinden.<\/p><p><b><a href=\"https:\/\/api.whatsapp.com\/send?phone=34653620509&amp;text=Hola%20Cl%C3%ADnicas%20IMEBA,%20ponte%20en%20contacto%20conmigo.%20(IMEBA%20LEMON%20BOTTLE)%20Muchas%20gracias.%20\">HIER KLICKEN - HIER KLICKEN - HIER KLICKEN<\/a><\/b><\/p><p><b><u>\u00bfQuieres tu plan para ENERO DE\u00a0 2024?<\/u><\/b><\/p><p class=\"translation-block\"><b>Si quieres comenzar con el tratamiento IMEBA Lemon Bottle en enero de 2024,<a href=\"https:\/\/api.whatsapp.com\/send?phone=34653620509&amp;text=HolaClnicasIMEBA,ponteencontactoconmigo.(IMEBALEMONBOTTLE-tratamientoparaelenero2024)Muchasgracias.\" target=\"_self\"> pide tu cita ahora. <\/a>\u00bfPor qu\u00e9? Porque el producto IMEBA\u00ae Lemon Bottle se agota muy r\u00e1pido\u2026 y tenemos que pedir todo lo que podamos o necesitemos.<\/b><\/p><p><b>En este caso, le invitamos a hacer clic aqu\u00ed y hablar con nosotros por WhatsApp. Hablaremos sobre la oferta de precio para usted, dependiendo del \u00e1rea de su cuerpo, y le informaremos cu\u00e1nto debe pagar como pago de reserva. Por favor, comprenda que debemos solicitarlo.<\/b><\/p><p><b><a href=\"https:\/\/api.whatsapp.com\/send?phone=34653620509&amp;text=Hola%20Cl%C3%ADnicas%20IMEBA,%20ponte%20en%20contacto%20conmigo.%20(IMEBA%20LEMON%20BOTTLE-tratamiento%20para%20el%20enero%202024)%20Muchas%20gracias.%20\">Hablamos en WhatsApp &#8211; haga clic aqu\u00ed<\/a><\/b><\/p><\/div><\/div>\t\t\t\t\t\t\t\t<\/div>\n\t\t\t\t\t<\/div>\n\t\t<\/div>\n\t\t\t\t<div class=\"elementor-column elementor-col-50 elementor-top-column elementor-element elementor-element-ac1a05d\" data-id=\"ac1a05d\" data-element_type=\"column\">\n\t\t\t<div class=\"elementor-widget-wrap elementor-element-populated\">\n\t\t\t\t\t\t<section class=\"elementor-section elementor-inner-section elementor-element elementor-element-0449f5b elementor-section-boxed elementor-section-height-default elementor-section-height-default\" data-id=\"0449f5b\" data-element_type=\"section\" data-settings=\"{&quot;background_background&quot;:&quot;classic&quot;,&quot;sticky&quot;:&quot;top&quot;,&quot;sticky_offset&quot;:120,&quot;sticky_parent&quot;:&quot;yes&quot;,&quot;jet_parallax_layout_list&quot;:[],&quot;sticky_on&quot;:[&quot;desktop&quot;,&quot;tablet&quot;,&quot;mobile&quot;],&quot;sticky_effects_offset&quot;:0,&quot;sticky_anchor_link_offset&quot;:0}\">\n\t\t\t\t\t\t<div class=\"elementor-container elementor-column-gap-default\">\n\t\t\t\t\t<div class=\"elementor-column elementor-col-100 elementor-inner-column elementor-element elementor-element-da8d40e\" data-id=\"da8d40e\" data-element_type=\"column\">\n\t\t\t<div class=\"elementor-widget-wrap elementor-element-populated\">\n\t\t\t\t\t\t<div class=\"elementor-element elementor-element-a2091af elementor-widget elementor-widget-heading\" data-id=\"a2091af\" data-element_type=\"widget\" data-widget_type=\"heading.default\">\n\t\t\t\t\t<h2 class=\"elementor-heading-title elementor-size-default\">Preise:<\/h2>\t\t\t\t<\/div>\n\t\t\t\t<div class=\"elementor-element elementor-element-120ebcd Price elementor-widget__width-initial elementor-widget elementor-widget-heading\" data-id=\"120ebcd\" data-element_type=\"widget\" data-widget_type=\"heading.default\">\n\t\t\t\t\t<h2 class=\"elementor-heading-title elementor-size-default\"><span>Siehe im Text<\/span><\/h2>\t\t\t\t<\/div>\n\t\t\t\t<div class=\"elementor-element elementor-element-3cec791 elementor-widget elementor-widget-text-editor\" data-id=\"3cec791\" data-element_type=\"widget\" data-widget_type=\"text-editor.default\">\n\t\t\t\t\t\t\t\t\t<p>\u00a0<\/p><p>Je nach Behandlung, Behandlungsbereich usw.<\/p>\t\t\t\t\t\t\t\t<\/div>\n\t\t\t\t<div class=\"elementor-element elementor-element-03edf27 elementor-widget__width-inherit elementor-mobile-align-justify elementor-widget-mobile__width-inherit elementor-tablet-align-justify elementor-widget-tablet__width-inherit elementor-align-justify elementor-widget elementor-widget-button\" data-id=\"03edf27\" data-element_type=\"widget\" data-widget_type=\"button.default\">\n\t\t\t\t\t\t\t\t\t\t<a class=\"elementor-button elementor-button-link elementor-size-sm\" href=\"https:\/\/api.whatsapp.com\/send?phone=34653620509&#038;text=Hola%20Cl%C3%ADnicas%20IMEBA,%20ponte%20en%20contacto%20conmigo.%20(IMEBA%20LEMON%20BOTTLE)%20Muchas%20gracias.%20\">\n\t\t\t\t\t\t<span class=\"elementor-button-content-wrapper\">\n\t\t\t\t\t\t\t\t\t<span class=\"elementor-button-text\">JETZT BUCHEN<\/span>\n\t\t\t\t\t<\/span>\n\t\t\t\t\t<\/a>\n\t\t\t\t\t\t\t\t<\/div>\n\t\t\t\t<div class=\"elementor-element elementor-element-8b1ceb3 elementor-widget elementor-widget-text-editor\" data-id=\"8b1ceb3\" data-element_type=\"widget\" data-widget_type=\"text-editor.default\">\n\t\t\t\t\t\t\t\t\t<p>Sie k\u00f6nnen uns auch eine Nachricht per WhatsApp schicken.<\/p>\t\t\t\t\t\t\t\t<\/div>\n\t\t\t\t\t<\/div>\n\t\t<\/div>\n\t\t\t\t\t<\/div>\n\t\t<\/section>\n\t\t\t\t\t<\/div>\n\t\t<\/div>\n\t\t\t\t\t<\/div>\n\t\t<\/section>\n\t\t\t\t<\/div>","protected":false},"excerpt":{"rendered":"<p>Facial \u00b7 Corporal LEMON BOTTLE DE IMEBA\u00ae | EXCLUSIVAMENTE DISOLUCI\u00d3N DE GRASA EXCLUSIVAMENTE CON IMEBA\u00ae\u00a1ADI\u00d3S GRASA &#8211; ADI\u00d3S! Lemon Bottle de IMEBA\u00ae: Su soluci\u00f3n efectiva para la reducci\u00f3n espec\u00edfica de grasa en todo el cuerpo. Este producto natural se dirige a los dep\u00f3sitos de grasa no deseados, incluyendo la papada, los \u00abLove Handles\u00bb, la pancita, [&hellip;]<\/p>","protected":false},"author":2,"featured_media":4972,"parent":1327,"menu_order":1,"comment_status":"closed","ping_status":"closed","template":"elementor_header_footer","meta":{"footnotes":""},"class_list":["post-4969","page","type-page","status-publish","has-post-thumbnail","hentry"],"yoast_head":"<!-- This site is optimized with the Yoast SEO plugin v25.8 - https:\/\/yoast.com\/wordpress\/plugins\/seo\/ -->\n<title>Lemon Bottle - Clinicas IMEBA\u00ae<\/title>\n<meta name=\"robots\" content=\"index, follow, max-snippet:-1, max-image-preview:large, max-video-preview:-1\" \/>\n<link rel=\"canonical\" href=\"https:\/\/imeba.clinic\/de\/facial\/lemon-bottle\/\" \/>\n<meta property=\"og:locale\" content=\"de_DE\" \/>\n<meta property=\"og:type\" content=\"article\" \/>\n<meta property=\"og:title\" content=\"Lemon Bottle - Clinicas IMEBA\u00ae\" \/>\n<meta property=\"og:description\" content=\"Facial \u00b7 Corporal LEMON BOTTLE DE IMEBA\u00ae | EXCLUSIVAMENTE DISOLUCI\u00d3N DE GRASA EXCLUSIVAMENTE CON IMEBA\u00ae\u00a1ADI\u00d3S GRASA &#8211; ADI\u00d3S! Lemon Bottle de IMEBA\u00ae: Su soluci\u00f3n efectiva para la reducci\u00f3n espec\u00edfica de grasa en todo el cuerpo. Este producto natural se dirige a los dep\u00f3sitos de grasa no deseados, incluyendo la papada, los \u00abLove Handles\u00bb, la pancita, [&hellip;]\" \/>\n<meta property=\"og:url\" content=\"https:\/\/imeba.clinic\/de\/facial\/lemon-bottle\/\" \/>\n<meta property=\"og:site_name\" content=\"Clinicas IMEBA\u00ae\" \/>\n<meta property=\"article:publisher\" content=\"https:\/\/www.facebook.com\/clinicasimebamallorca\" \/>\n<meta property=\"article:modified_time\" content=\"2024-04-26T12:49:02+00:00\" \/>\n<meta property=\"og:image\" content=\"http:\/\/imeba.clinic\/wp-content\/uploads\/2023\/11\/Bildschirmfoto-2023-11-24-um-13.55.47.png\" \/>\n\t<meta property=\"og:image:width\" content=\"601\" \/>\n\t<meta property=\"og:image:height\" content=\"598\" \/>\n\t<meta property=\"og:image:type\" content=\"image\/png\" \/>\n<meta name=\"twitter:card\" content=\"summary_large_image\" \/>\n<meta name=\"twitter:site\" content=\"@IMEBAInfo\" \/>\n<meta name=\"twitter:label1\" content=\"Gesch\u00e4tzte Lesezeit\" \/>\n\t<meta name=\"twitter:data1\" content=\"5\u00a0Minuten\" \/>\n<script type=\"application\/ld+json\" class=\"yoast-schema-graph\">{\"@context\":\"https:\/\/schema.org\",\"@graph\":[{\"@type\":\"WebPage\",\"@id\":\"https:\/\/imeba.clinic\/facial\/lemon-bottle\/\",\"url\":\"https:\/\/imeba.clinic\/facial\/lemon-bottle\/\",\"name\":\"Lemon Bottle - Clinicas IMEBA\u00ae\",\"isPartOf\":{\"@id\":\"https:\/\/imeba.clinic\/#website\"},\"primaryImageOfPage\":{\"@id\":\"https:\/\/imeba.clinic\/facial\/lemon-bottle\/#primaryimage\"},\"image\":{\"@id\":\"https:\/\/imeba.clinic\/facial\/lemon-bottle\/#primaryimage\"},\"thumbnailUrl\":\"https:\/\/imeba.clinic\/wp-content\/uploads\/2023\/11\/Bildschirmfoto-2023-11-24-um-13.55.47.png\",\"datePublished\":\"2023-11-24T14:23:45+00:00\",\"dateModified\":\"2024-04-26T12:49:02+00:00\",\"breadcrumb\":{\"@id\":\"https:\/\/imeba.clinic\/facial\/lemon-bottle\/#breadcrumb\"},\"inLanguage\":\"de\",\"potentialAction\":[{\"@type\":\"ReadAction\",\"target\":[\"https:\/\/imeba.clinic\/facial\/lemon-bottle\/\"]}]},{\"@type\":\"ImageObject\",\"inLanguage\":\"de\",\"@id\":\"https:\/\/imeba.clinic\/facial\/lemon-bottle\/#primaryimage\",\"url\":\"https:\/\/imeba.clinic\/wp-content\/uploads\/2023\/11\/Bildschirmfoto-2023-11-24-um-13.55.47.png\",\"contentUrl\":\"https:\/\/imeba.clinic\/wp-content\/uploads\/2023\/11\/Bildschirmfoto-2023-11-24-um-13.55.47.png\",\"width\":601,\"height\":598},{\"@type\":\"BreadcrumbList\",\"@id\":\"https:\/\/imeba.clinic\/facial\/lemon-bottle\/#breadcrumb\",\"itemListElement\":[{\"@type\":\"ListItem\",\"position\":1,\"name\":\"Portada\",\"item\":\"https:\/\/imeba.clinic\/\"},{\"@type\":\"ListItem\",\"position\":2,\"name\":\"Facial\",\"item\":\"https:\/\/imeba.clinic\/facial\/\"},{\"@type\":\"ListItem\",\"position\":3,\"name\":\"Lemon Bottle\"}]},{\"@type\":\"WebSite\",\"@id\":\"https:\/\/imeba.clinic\/#website\",\"url\":\"https:\/\/imeba.clinic\/\",\"name\":\"Clinicas IMEBA\u00ae\",\"description\":\"Medicina estetica cirugia facial\",\"publisher\":{\"@id\":\"https:\/\/imeba.clinic\/#organization\"},\"potentialAction\":[{\"@type\":\"SearchAction\",\"target\":{\"@type\":\"EntryPoint\",\"urlTemplate\":\"https:\/\/imeba.clinic\/?s={search_term_string}\"},\"query-input\":{\"@type\":\"PropertyValueSpecification\",\"valueRequired\":true,\"valueName\":\"search_term_string\"}}],\"inLanguage\":\"de\"},{\"@type\":\"Organization\",\"@id\":\"https:\/\/imeba.clinic\/#organization\",\"name\":\"Clinicas IMEBA\u00ae\",\"url\":\"https:\/\/imeba.clinic\/\",\"logo\":{\"@type\":\"ImageObject\",\"inLanguage\":\"de\",\"@id\":\"https:\/\/imeba.clinic\/#\/schema\/logo\/image\/\",\"url\":\"https:\/\/imeba.clinic\/wp-content\/uploads\/2023\/01\/cropped-11722351_740325796094007_2206264894896353109_o.jpg\",\"contentUrl\":\"https:\/\/imeba.clinic\/wp-content\/uploads\/2023\/01\/cropped-11722351_740325796094007_2206264894896353109_o.jpg\",\"width\":1221,\"height\":349,\"caption\":\"Clinicas IMEBA\u00ae\"},\"image\":{\"@id\":\"https:\/\/imeba.clinic\/#\/schema\/logo\/image\/\"},\"sameAs\":[\"https:\/\/www.facebook.com\/clinicasimebamallorca\",\"https:\/\/x.com\/IMEBAInfo\",\"https:\/\/www.youtube.com\/@TorstenMarin\"]}]}<\/script>\n<!-- \/ Yoast SEO plugin. -->","yoast_head_json":{"title":"Lemon Bottle - Clinicas IMEBA\u00ae","robots":{"index":"index","follow":"follow","max-snippet":"max-snippet:-1","max-image-preview":"max-image-preview:large","max-video-preview":"max-video-preview:-1"},"canonical":"https:\/\/imeba.clinic\/de\/facial\/lemon-bottle\/","og_locale":"de_DE","og_type":"article","og_title":"Lemon Bottle - Clinicas IMEBA\u00ae","og_description":"Facial \u00b7 Corporal LEMON BOTTLE DE IMEBA\u00ae | EXCLUSIVAMENTE DISOLUCI\u00d3N DE GRASA EXCLUSIVAMENTE CON IMEBA\u00ae\u00a1ADI\u00d3S GRASA &#8211; ADI\u00d3S! Lemon Bottle de IMEBA\u00ae: Su soluci\u00f3n efectiva para la reducci\u00f3n espec\u00edfica de grasa en todo el cuerpo. Este producto natural se dirige a los dep\u00f3sitos de grasa no deseados, incluyendo la papada, los \u00abLove Handles\u00bb, la pancita, [&hellip;]","og_url":"https:\/\/imeba.clinic\/de\/facial\/lemon-bottle\/","og_site_name":"Clinicas IMEBA\u00ae","article_publisher":"https:\/\/www.facebook.com\/clinicasimebamallorca","article_modified_time":"2024-04-26T12:49:02+00:00","og_image":[{"width":601,"height":598,"url":"http:\/\/imeba.clinic\/wp-content\/uploads\/2023\/11\/Bildschirmfoto-2023-11-24-um-13.55.47.png","type":"image\/png"}],"twitter_card":"summary_large_image","twitter_site":"@IMEBAInfo","twitter_misc":{"Gesch\u00e4tzte Lesezeit":"5\u00a0Minuten"},"schema":{"@context":"https:\/\/schema.org","@graph":[{"@type":"WebPage","@id":"https:\/\/imeba.clinic\/facial\/lemon-bottle\/","url":"https:\/\/imeba.clinic\/facial\/lemon-bottle\/","name":"Lemon Bottle - Clinicas IMEBA\u00ae","isPartOf":{"@id":"https:\/\/imeba.clinic\/#website"},"primaryImageOfPage":{"@id":"https:\/\/imeba.clinic\/facial\/lemon-bottle\/#primaryimage"},"image":{"@id":"https:\/\/imeba.clinic\/facial\/lemon-bottle\/#primaryimage"},"thumbnailUrl":"https:\/\/imeba.clinic\/wp-content\/uploads\/2023\/11\/Bildschirmfoto-2023-11-24-um-13.55.47.png","datePublished":"2023-11-24T14:23:45+00:00","dateModified":"2024-04-26T12:49:02+00:00","breadcrumb":{"@id":"https:\/\/imeba.clinic\/facial\/lemon-bottle\/#breadcrumb"},"inLanguage":"de","potentialAction":[{"@type":"ReadAction","target":["https:\/\/imeba.clinic\/facial\/lemon-bottle\/"]}]},{"@type":"ImageObject","inLanguage":"de","@id":"https:\/\/imeba.clinic\/facial\/lemon-bottle\/#primaryimage","url":"https:\/\/imeba.clinic\/wp-content\/uploads\/2023\/11\/Bildschirmfoto-2023-11-24-um-13.55.47.png","contentUrl":"https:\/\/imeba.clinic\/wp-content\/uploads\/2023\/11\/Bildschirmfoto-2023-11-24-um-13.55.47.png","width":601,"height":598},{"@type":"BreadcrumbList","@id":"https:\/\/imeba.clinic\/facial\/lemon-bottle\/#breadcrumb","itemListElement":[{"@type":"ListItem","position":1,"name":"Portada","item":"https:\/\/imeba.clinic\/"},{"@type":"ListItem","position":2,"name":"Facial","item":"https:\/\/imeba.clinic\/facial\/"},{"@type":"ListItem","position":3,"name":"Lemon Bottle"}]},{"@type":"WebSite","@id":"https:\/\/imeba.clinic\/#website","url":"https:\/\/imeba.clinic\/","name":"Clinicas IMEBA\u00ae","description":"Medicina estetica cirugia facial","publisher":{"@id":"https:\/\/imeba.clinic\/#organization"},"potentialAction":[{"@type":"SearchAction","target":{"@type":"EntryPoint","urlTemplate":"https:\/\/imeba.clinic\/?s={search_term_string}"},"query-input":{"@type":"PropertyValueSpecification","valueRequired":true,"valueName":"search_term_string"}}],"inLanguage":"de"},{"@type":"Organization","@id":"https:\/\/imeba.clinic\/#organization","name":"Clinicas IMEBA\u00ae","url":"https:\/\/imeba.clinic\/","logo":{"@type":"ImageObject","inLanguage":"de","@id":"https:\/\/imeba.clinic\/#\/schema\/logo\/image\/","url":"https:\/\/imeba.clinic\/wp-content\/uploads\/2023\/01\/cropped-11722351_740325796094007_2206264894896353109_o.jpg","contentUrl":"https:\/\/imeba.clinic\/wp-content\/uploads\/2023\/01\/cropped-11722351_740325796094007_2206264894896353109_o.jpg","width":1221,"height":349,"caption":"Clinicas IMEBA\u00ae"},"image":{"@id":"https:\/\/imeba.clinic\/#\/schema\/logo\/image\/"},"sameAs":["https:\/\/www.facebook.com\/clinicasimebamallorca","https:\/\/x.com\/IMEBAInfo","https:\/\/www.youtube.com\/@TorstenMarin"]}]}},"_links":{"self":[{"href":"https:\/\/imeba.clinic\/de\/wp-json\/wp\/v2\/pages\/4969","targetHints":{"allow":["GET"]}}],"collection":[{"href":"https:\/\/imeba.clinic\/de\/wp-json\/wp\/v2\/pages"}],"about":[{"href":"https:\/\/imeba.clinic\/de\/wp-json\/wp\/v2\/types\/page"}],"author":[{"embeddable":true,"href":"https:\/\/imeba.clinic\/de\/wp-json\/wp\/v2\/users\/2"}],"replies":[{"embeddable":true,"href":"https:\/\/imeba.clinic\/de\/wp-json\/wp\/v2\/comments?post=4969"}],"version-history":[{"count":0,"href":"https:\/\/imeba.clinic\/de\/wp-json\/wp\/v2\/pages\/4969\/revisions"}],"up":[{"embeddable":true,"href":"https:\/\/imeba.clinic\/de\/wp-json\/wp\/v2\/pages\/1327"}],"wp:featuredmedia":[{"embeddable":true,"href":"https:\/\/imeba.clinic\/de\/wp-json\/wp\/v2\/media\/4972"}],"wp:attachment":[{"href":"https:\/\/imeba.clinic\/de\/wp-json\/wp\/v2\/media?parent=4969"}],"curies":[{"name":"wp","href":"https:\/\/api.w.org\/{rel}","templated":true}]}}