
{"id":461,"date":"2022-12-25T11:58:43","date_gmt":"2022-12-25T11:58:43","guid":{"rendered":"https:\/\/imeba.clinic\/?page_id=461"},"modified":"2022-12-25T13:07:08","modified_gmt":"2022-12-25T13:07:08","slug":"politica-de-privacidad","status":"publish","type":"page","link":"https:\/\/imeba.clinic\/de\/politica-de-privacidad\/","title":{"rendered":"Pol\u00edtica de privacidad"},"content":{"rendered":"<div data-elementor-type=\"wp-page\" data-elementor-id=\"461\" class=\"elementor elementor-461\" data-elementor-post-type=\"page\">\n\t\t\t\t\t\t<section class=\"elementor-section elementor-top-section elementor-element elementor-element-8d1327c elementor-section-height-min-height elementor-section-boxed elementor-section-height-default elementor-section-items-middle\" data-id=\"8d1327c\" data-element_type=\"section\" data-settings=\"{&quot;background_background&quot;:&quot;classic&quot;,&quot;jet_parallax_layout_list&quot;:[]}\">\n\t\t\t\t\t\t<div class=\"elementor-container elementor-column-gap-default\">\n\t\t\t\t\t<div class=\"elementor-column elementor-col-100 elementor-top-column elementor-element elementor-element-5baf24b\" data-id=\"5baf24b\" data-element_type=\"column\">\n\t\t\t<div class=\"elementor-widget-wrap elementor-element-populated\">\n\t\t\t\t\t\t<div class=\"elementor-element elementor-element-c5e11b9 elementor-widget elementor-widget-heading\" data-id=\"c5e11b9\" data-element_type=\"widget\" data-widget_type=\"heading.default\">\n\t\t\t\t\t<h2 class=\"elementor-heading-title elementor-size-default\">POL\u00cdTICA DE PRIVACIDAD\n<\/h2>\t\t\t\t<\/div>\n\t\t\t\t\t<\/div>\n\t\t<\/div>\n\t\t\t\t\t<\/div>\n\t\t<\/section>\n\t\t\t\t<section class=\"elementor-section elementor-top-section elementor-element elementor-element-df69905 elementor-section-boxed elementor-section-height-default elementor-section-height-default\" data-id=\"df69905\" data-element_type=\"section\" data-settings=\"{&quot;jet_parallax_layout_list&quot;:[]}\">\n\t\t\t\t\t\t<div class=\"elementor-container elementor-column-gap-default\">\n\t\t\t\t\t<div class=\"elementor-column elementor-col-100 elementor-top-column elementor-element elementor-element-71f5e64\" data-id=\"71f5e64\" data-element_type=\"column\">\n\t\t\t<div class=\"elementor-widget-wrap elementor-element-populated\">\n\t\t\t\t\t\t<div class=\"elementor-element elementor-element-6d56602 elementor-widget elementor-widget-heading\" data-id=\"6d56602\" data-element_type=\"widget\" data-widget_type=\"heading.default\">\n\t\t\t\t\t<h2 class=\"elementor-heading-title elementor-size-default\">\u00bfQui\u00e9n es el responsable del tratamiento de sus datos?<\/h2>\t\t\t\t<\/div>\n\t\t\t\t<div class=\"elementor-element elementor-element-bdaf0cb link-hover elementor-widget elementor-widget-text-editor\" data-id=\"bdaf0cb\" data-element_type=\"widget\" data-widget_type=\"text-editor.default\">\n\t\t\t\t\t\t\t\t\t<p><strong>Identidad:<\/strong> Grupo Marin Cl\u00ednicas IMEBA SL<br \/><strong>Direcci\u00f3n postal:<\/strong> C\/ Catalunya 1, 2\u00aa, 07011 Palma de Mallorca<br \/><strong>Correo electr\u00f3nico:<\/strong> <a href=\"mailto:info@clinicas-imeba.com\">info@clinicas-imeba.com<\/a><br \/><strong>Delegado de protecci\u00f3n de datos:<\/strong><a href=\"mailto:info@clinicas-imeba.com\"> info@clinicas-imeba.com<\/a><br \/><strong>Finalidad:<\/strong> Procesar los requerimientos solicitados por los usuarios y realizar una comunicaci\u00f3n comercial.<br \/><strong>Destinatario:<\/strong> Cl\u00ednica IMEBA\u00ae<br \/><strong>Derechos:<\/strong> Acceso, rectificaci\u00f3n, cancelaci\u00f3n, oposici\u00f3n, portabilidad y olvido de sus datos.<\/p>\t\t\t\t\t\t\t\t<\/div>\n\t\t\t\t<div class=\"elementor-element elementor-element-791c5ab elementor-widget elementor-widget-heading\" data-id=\"791c5ab\" data-element_type=\"widget\" data-widget_type=\"heading.default\">\n\t\t\t\t\t<h2 class=\"elementor-heading-title elementor-size-default\">\u00bfQu\u00e9 datos recogemos a trav\u00e9s de esta p\u00e1gina web?\n\n<\/h2>\t\t\t\t<\/div>\n\t\t\t\t<div class=\"elementor-element elementor-element-e2a9c86 elementor-widget elementor-widget-text-editor\" data-id=\"e2a9c86\" data-element_type=\"widget\" data-widget_type=\"text-editor.default\">\n\t\t\t\t\t\t\t\t\tNos ha solicitado informaci\u00f3n acerca de un tratamiento, y para realizar dicho servicio necesitamos su nombre, su tel\u00e9fono, su correo electr\u00f3nico y una breve exposici\u00f3n de su consulta. Le responderemos siempre que acepte las pol\u00edticas y acepte expresamente la posibilidad de enviarle informaci\u00f3n sobre el servicio solicitado u otros servicios relacionados. El paciente ser\u00e1 responsable de la veracidad de los datos facilitados. En el caso de detectar falsas suplantaciones, ser\u00e1 debidamente denunciado en la AGPD, y ser\u00e1n eliminados los datos falsos.\t\t\t\t\t\t\t\t<\/div>\n\t\t\t\t<div class=\"elementor-element elementor-element-739b965 elementor-widget elementor-widget-heading\" data-id=\"739b965\" data-element_type=\"widget\" data-widget_type=\"heading.default\">\n\t\t\t\t\t<h2 class=\"elementor-heading-title elementor-size-default\">\u00bfPara qu\u00e9 usamos sus datos?\n\n\n<\/h2>\t\t\t\t<\/div>\n\t\t\t\t<div class=\"elementor-element elementor-element-85e62db elementor-widget elementor-widget-text-editor\" data-id=\"85e62db\" data-element_type=\"widget\" data-widget_type=\"text-editor.default\">\n\t\t\t\t\t\t\t\t\tEl medio de contacto para enviarle informaci\u00f3n ser\u00e1 mediante correo electr\u00f3nico o tel\u00e9fono. Si nos solicita informaci\u00f3n por Whatsapp, tambi\u00e9n le contestaremos por ese medio. Usaremos sus datos para darle informaci\u00f3n personalizada y ofrecerle los servicios relacionados. En caso de no facilitar los datos necesarios para estas finalidades ser\u00e1 imposible prestarle lo servicios o la informaci\u00f3n solicitada. Si nos deja su tel\u00e9fono, intentaremos contactar con usted para resolver sus dudas o facilitarle una cita.\n\t\t\t\t\t\t\t\t<\/div>\n\t\t\t\t<div class=\"elementor-element elementor-element-1a5ae84 elementor-widget elementor-widget-text-editor\" data-id=\"1a5ae84\" data-element_type=\"widget\" data-widget_type=\"text-editor.default\">\n\t\t\t\t\t\t\t\t\tLos datos de contacto de correo electr\u00f3nico y tel\u00e9fono m\u00f3vil del usuario podr\u00e1n ser utilizados para remitirle anuncios u otras comunicaciones comerciales acerca de nuestros servicios, siempre que lo haya autorizado expresamente con la marcaci\u00f3n de la correspondiente casilla de aceptaci\u00f3n. El uso de su correo electr\u00f3nico y tel\u00e9fono m\u00f3vil en los t\u00e9rminos arriba indicados se realizar\u00e1 con su consentimiento en caso de que marque la casilla correspondiente.\n\n\t\t\t\t\t\t\t\t<\/div>\n\t\t\t\t<div class=\"elementor-element elementor-element-14a697e elementor-widget elementor-widget-heading\" data-id=\"14a697e\" data-element_type=\"widget\" data-widget_type=\"heading.default\">\n\t\t\t\t\t<h2 class=\"elementor-heading-title elementor-size-default\">\u00bfPor cu\u00e1nto tiempo conservamos sus datos?\n\n\n\n<\/h2>\t\t\t\t<\/div>\n\t\t\t\t<div class=\"elementor-element elementor-element-b885595 elementor-widget elementor-widget-text-editor\" data-id=\"b885595\" data-element_type=\"widget\" data-widget_type=\"text-editor.default\">\n\t\t\t\t\t\t\t\t\tLos datos personales proporcionados y obtenidos durante la prestaci\u00f3n de servicios solicitados mientras dure la relaci\u00f3n comercial se conservar\u00e1n durante un plazo de 5 a\u00f1os a partir de la \u00faltima confirmaci\u00f3n de inter\u00e9s por su parte.\n\n\t\t\t\t\t\t\t\t<\/div>\n\t\t\t\t<div class=\"elementor-element elementor-element-2cf34fb elementor-widget elementor-widget-heading\" data-id=\"2cf34fb\" data-element_type=\"widget\" data-widget_type=\"heading.default\">\n\t\t\t\t\t<h2 class=\"elementor-heading-title elementor-size-default\">\u00bfCu\u00e1les son sus derechos?<\/h2>\t\t\t\t<\/div>\n\t\t\t\t<div class=\"elementor-element elementor-element-9595de0 elementor-widget elementor-widget-text-editor\" data-id=\"9595de0\" data-element_type=\"widget\" data-widget_type=\"text-editor.default\">\n\t\t\t\t\t\t\t\t\t<p>La normativa de protecci\u00f3n de datos le confiere los siguientes derechos en relaci\u00f3n con el tratamiento de sus datos:<br \/><strong>Derecho de acceso:<\/strong> Conocer qu\u00e9 tipo de datos estamos tratando y las caracter\u00edsticas del tratamiento que llevamos a cabo.<br \/><strong>Derecho de rectificaci\u00f3n:<\/strong> Puede solicitar la modificaci\u00f3n de sus datos por ser inexactos o no veraces.<br \/><strong>Derecho de cancelaci\u00f3n:<\/strong> Solicitar la supresi\u00f3n de sus datos cuando el tratamiento ya no resulte necesario.<br \/>Derecho a oponerse a la toma de decisiones automatizadas.<br \/><strong>Derecho de portabilidad:<\/strong> Puede obtener una copia de los datos que estamos tratando.<br \/><strong>Derecho a la limitaci\u00f3n del tratamiento:<\/strong> Puede solicitar la limitaci\u00f3n del tratamiento de sus datos en determinadas circunstancias. En este caso \u00fanicamente se conservar\u00e1n los datos para el ejercicio o defensa de reclamaciones.<br \/><strong>Derecho de oposici\u00f3n:<\/strong> Puede oponerse al tratamiento de sus datos en determinadas circunstancias.<br \/>Derecho a revocar el consentimiento prestado.<br \/>Derecho a interponer una reclamaci\u00f3n frente a la autoridad de control (en Espa\u00f1a la Agencia Espa\u00f1ola de Protecci\u00f3n de Datos).<\/p>\t\t\t\t\t\t\t\t<\/div>\n\t\t\t\t<div class=\"elementor-element elementor-element-50758aa elementor-widget elementor-widget-text-editor\" data-id=\"50758aa\" data-element_type=\"widget\" data-widget_type=\"text-editor.default\">\n\t\t\t\t\t\t\t\t\tLos usuarios podr\u00e1n ejercer libremente sus derechos de acceso, rectificaci\u00f3n, cancelaci\u00f3n y oposici\u00f3n al mantenimiento de los datos. Los datos se conservar\u00e1n mientras se mantenga la relaci\u00f3n y no se solicite su supresi\u00f3n y en cualquier caso en cumplimiento de los plazos legales de suscripci\u00f3n que resulten aplicables.\t\t\t\t\t\t\t\t<\/div>\n\t\t\t\t<div class=\"elementor-element elementor-element-5c1b440 elementor-widget elementor-widget-heading\" data-id=\"5c1b440\" data-element_type=\"widget\" data-widget_type=\"heading.default\">\n\t\t\t\t\t<h2 class=\"elementor-heading-title elementor-size-default\">\u00bfC\u00f3mo puedo solicitar los derechos de acceso, rectificaci\u00f3n, cancelaci\u00f3n y oposici\u00f3n?\n\n<\/h2>\t\t\t\t<\/div>\n\t\t\t\t<div class=\"elementor-element elementor-element-f88fb22 link-hover elementor-widget elementor-widget-text-editor\" data-id=\"f88fb22\" data-element_type=\"widget\" data-widget_type=\"text-editor.default\">\n\t\t\t\t\t\t\t\t\t<p><strong>Por correo electr\u00f3nico a:<\/strong> <a href=\"mailto:info@clinicas-imeba.com\">info@clinicas-imeba.com<\/a> y por correo postal a la direcci\u00f3n: C\/ Catalunya 1, 2A, 07011 Palma de Mallorca, con el tema: Protecci\u00f3n de Datos. Le atenderemos lo m\u00e1s r\u00e1pidamente posible, siempre dentro del marco legal. Deber\u00e1 aportar la documentaci\u00f3n que le acredite, normalmente el DNI.<\/p>\t\t\t\t\t\t\t\t<\/div>\n\t\t\t\t<div class=\"elementor-element elementor-element-9f8a232 elementor-widget elementor-widget-heading\" data-id=\"9f8a232\" data-element_type=\"widget\" data-widget_type=\"heading.default\">\n\t\t\t\t\t<h2 class=\"elementor-heading-title elementor-size-default\">\u00bfA QUI\u00c9N COMUNICAREMOS SUS DATOS PERSONALES?\n<\/h2>\t\t\t\t<\/div>\n\t\t\t\t<div class=\"elementor-element elementor-element-563d231 elementor-widget elementor-widget-text-editor\" data-id=\"563d231\" data-element_type=\"widget\" data-widget_type=\"text-editor.default\">\n\t\t\t\t\t\t\t\t\tLos datos podr\u00e1n ser comunicados a otras empresas del grupo Cl\u00ednicas IMEBA para fines administrativos internos, o en caso de ser necesarios para la ejecuci\u00f3n del contrato de prestaci\u00f3n del servicio para el cual el ha facilitado sus datos.\t\t\t\t\t\t\t\t<\/div>\n\t\t\t\t<div class=\"elementor-element elementor-element-690e3ce elementor-widget elementor-widget-heading\" data-id=\"690e3ce\" data-element_type=\"widget\" data-widget_type=\"heading.default\">\n\t\t\t\t\t<h2 class=\"elementor-heading-title elementor-size-default\">OTRAS CONSIDERACIONES\n\n<\/h2>\t\t\t\t<\/div>\n\t\t\t\t<div class=\"elementor-element elementor-element-5e67ded elementor-widget elementor-widget-text-editor\" data-id=\"5e67ded\" data-element_type=\"widget\" data-widget_type=\"text-editor.default\">\n\t\t\t\t\t\t\t\t\tLa copia, reproducci\u00f3n, transmisi\u00f3n, distribuci\u00f3n o publicaci\u00f3n de los contenidos de este sitio web est\u00e1n prohibidos sin el previo consentimiento expreso de Grupo Marin Cl\u00ednicas IMEBA SL.\t\t\t\t\t\t\t\t<\/div>\n\t\t\t\t\t<\/div>\n\t\t<\/div>\n\t\t\t\t\t<\/div>\n\t\t<\/section>\n\t\t\t\t<\/div>","protected":false},"excerpt":{"rendered":"<p>POL\u00cdTICA DE PRIVACIDAD \u00bfQui\u00e9n es el responsable del tratamiento de sus datos? Identidad: Grupo Marin Cl\u00ednicas IMEBA SLDirecci\u00f3n postal: C\/ Catalunya 1, 2\u00aa, 07011 Palma de MallorcaCorreo electr\u00f3nico: info@clinicas-imeba.comDelegado de protecci\u00f3n de datos: info@clinicas-imeba.comFinalidad: Procesar los requerimientos solicitados por los usuarios y realizar una comunicaci\u00f3n comercial.Destinatario: Cl\u00ednica IMEBA\u00aeDerechos: Acceso, rectificaci\u00f3n, cancelaci\u00f3n, oposici\u00f3n, portabilidad y olvido [&hellip;]<\/p>","protected":false},"author":1,"featured_media":0,"parent":0,"menu_order":0,"comment_status":"closed","ping_status":"closed","template":"elementor_header_footer","meta":{"footnotes":""},"class_list":["post-461","page","type-page","status-publish","hentry"],"yoast_head":"<!-- This site is optimized with the Yoast SEO plugin v25.8 - https:\/\/yoast.com\/wordpress\/plugins\/seo\/ -->\n<title>Pol\u00edtica de privacidad - Clinicas IMEBA\u00ae<\/title>\n<meta name=\"robots\" content=\"index, follow, max-snippet:-1, max-image-preview:large, max-video-preview:-1\" \/>\n<link rel=\"canonical\" href=\"https:\/\/imeba.clinic\/de\/politica-de-privacidad\/\" \/>\n<meta property=\"og:locale\" content=\"de_DE\" \/>\n<meta property=\"og:type\" content=\"article\" \/>\n<meta property=\"og:title\" content=\"Pol\u00edtica de privacidad - Clinicas IMEBA\u00ae\" \/>\n<meta property=\"og:description\" content=\"POL\u00cdTICA DE PRIVACIDAD \u00bfQui\u00e9n es el responsable del tratamiento de sus datos? Identidad: Grupo Marin Cl\u00ednicas IMEBA SLDirecci\u00f3n postal: C\/ Catalunya 1, 2\u00aa, 07011 Palma de MallorcaCorreo electr\u00f3nico: info@clinicas-imeba.comDelegado de protecci\u00f3n de datos: info@clinicas-imeba.comFinalidad: Procesar los requerimientos solicitados por los usuarios y realizar una comunicaci\u00f3n comercial.Destinatario: Cl\u00ednica IMEBA\u00aeDerechos: Acceso, rectificaci\u00f3n, cancelaci\u00f3n, oposici\u00f3n, portabilidad y olvido [&hellip;]\" \/>\n<meta property=\"og:url\" content=\"https:\/\/imeba.clinic\/de\/politica-de-privacidad\/\" \/>\n<meta property=\"og:site_name\" content=\"Clinicas IMEBA\u00ae\" \/>\n<meta property=\"article:publisher\" content=\"https:\/\/www.facebook.com\/clinicasimebamallorca\" \/>\n<meta property=\"article:modified_time\" content=\"2022-12-25T13:07:08+00:00\" \/>\n<meta name=\"twitter:card\" content=\"summary_large_image\" \/>\n<meta name=\"twitter:site\" content=\"@IMEBAInfo\" \/>\n<meta name=\"twitter:label1\" content=\"Gesch\u00e4tzte Lesezeit\" \/>\n\t<meta name=\"twitter:data1\" content=\"4\u00a0Minuten\" \/>\n<script type=\"application\/ld+json\" class=\"yoast-schema-graph\">{\"@context\":\"https:\/\/schema.org\",\"@graph\":[{\"@type\":\"WebPage\",\"@id\":\"https:\/\/imeba.clinic\/politica-de-privacidad\/\",\"url\":\"https:\/\/imeba.clinic\/politica-de-privacidad\/\",\"name\":\"Pol\u00edtica de privacidad - Clinicas IMEBA\u00ae\",\"isPartOf\":{\"@id\":\"https:\/\/imeba.clinic\/#website\"},\"datePublished\":\"2022-12-25T11:58:43+00:00\",\"dateModified\":\"2022-12-25T13:07:08+00:00\",\"breadcrumb\":{\"@id\":\"https:\/\/imeba.clinic\/politica-de-privacidad\/#breadcrumb\"},\"inLanguage\":\"de\",\"potentialAction\":[{\"@type\":\"ReadAction\",\"target\":[\"https:\/\/imeba.clinic\/politica-de-privacidad\/\"]}]},{\"@type\":\"BreadcrumbList\",\"@id\":\"https:\/\/imeba.clinic\/politica-de-privacidad\/#breadcrumb\",\"itemListElement\":[{\"@type\":\"ListItem\",\"position\":1,\"name\":\"Portada\",\"item\":\"https:\/\/imeba.clinic\/\"},{\"@type\":\"ListItem\",\"position\":2,\"name\":\"Pol\u00edtica de privacidad\"}]},{\"@type\":\"WebSite\",\"@id\":\"https:\/\/imeba.clinic\/#website\",\"url\":\"https:\/\/imeba.clinic\/\",\"name\":\"Clinicas IMEBA\u00ae\",\"description\":\"Medicina estetica cirugia facial\",\"publisher\":{\"@id\":\"https:\/\/imeba.clinic\/#organization\"},\"potentialAction\":[{\"@type\":\"SearchAction\",\"target\":{\"@type\":\"EntryPoint\",\"urlTemplate\":\"https:\/\/imeba.clinic\/?s={search_term_string}\"},\"query-input\":{\"@type\":\"PropertyValueSpecification\",\"valueRequired\":true,\"valueName\":\"search_term_string\"}}],\"inLanguage\":\"de\"},{\"@type\":\"Organization\",\"@id\":\"https:\/\/imeba.clinic\/#organization\",\"name\":\"Clinicas IMEBA\u00ae\",\"url\":\"https:\/\/imeba.clinic\/\",\"logo\":{\"@type\":\"ImageObject\",\"inLanguage\":\"de\",\"@id\":\"https:\/\/imeba.clinic\/#\/schema\/logo\/image\/\",\"url\":\"https:\/\/imeba.clinic\/wp-content\/uploads\/2023\/01\/cropped-11722351_740325796094007_2206264894896353109_o.jpg\",\"contentUrl\":\"https:\/\/imeba.clinic\/wp-content\/uploads\/2023\/01\/cropped-11722351_740325796094007_2206264894896353109_o.jpg\",\"width\":1221,\"height\":349,\"caption\":\"Clinicas IMEBA\u00ae\"},\"image\":{\"@id\":\"https:\/\/imeba.clinic\/#\/schema\/logo\/image\/\"},\"sameAs\":[\"https:\/\/www.facebook.com\/clinicasimebamallorca\",\"https:\/\/x.com\/IMEBAInfo\",\"https:\/\/www.youtube.com\/@TorstenMarin\"]}]}<\/script>\n<!-- \/ Yoast SEO plugin. -->","yoast_head_json":{"title":"Pol\u00edtica de privacidad - Clinicas IMEBA\u00ae","robots":{"index":"index","follow":"follow","max-snippet":"max-snippet:-1","max-image-preview":"max-image-preview:large","max-video-preview":"max-video-preview:-1"},"canonical":"https:\/\/imeba.clinic\/de\/politica-de-privacidad\/","og_locale":"de_DE","og_type":"article","og_title":"Pol\u00edtica de privacidad - Clinicas IMEBA\u00ae","og_description":"POL\u00cdTICA DE PRIVACIDAD \u00bfQui\u00e9n es el responsable del tratamiento de sus datos? Identidad: Grupo Marin Cl\u00ednicas IMEBA SLDirecci\u00f3n postal: C\/ Catalunya 1, 2\u00aa, 07011 Palma de MallorcaCorreo electr\u00f3nico: info@clinicas-imeba.comDelegado de protecci\u00f3n de datos: info@clinicas-imeba.comFinalidad: Procesar los requerimientos solicitados por los usuarios y realizar una comunicaci\u00f3n comercial.Destinatario: Cl\u00ednica IMEBA\u00aeDerechos: Acceso, rectificaci\u00f3n, cancelaci\u00f3n, oposici\u00f3n, portabilidad y olvido [&hellip;]","og_url":"https:\/\/imeba.clinic\/de\/politica-de-privacidad\/","og_site_name":"Clinicas IMEBA\u00ae","article_publisher":"https:\/\/www.facebook.com\/clinicasimebamallorca","article_modified_time":"2022-12-25T13:07:08+00:00","twitter_card":"summary_large_image","twitter_site":"@IMEBAInfo","twitter_misc":{"Gesch\u00e4tzte Lesezeit":"4\u00a0Minuten"},"schema":{"@context":"https:\/\/schema.org","@graph":[{"@type":"WebPage","@id":"https:\/\/imeba.clinic\/politica-de-privacidad\/","url":"https:\/\/imeba.clinic\/politica-de-privacidad\/","name":"Pol\u00edtica de privacidad - Clinicas IMEBA\u00ae","isPartOf":{"@id":"https:\/\/imeba.clinic\/#website"},"datePublished":"2022-12-25T11:58:43+00:00","dateModified":"2022-12-25T13:07:08+00:00","breadcrumb":{"@id":"https:\/\/imeba.clinic\/politica-de-privacidad\/#breadcrumb"},"inLanguage":"de","potentialAction":[{"@type":"ReadAction","target":["https:\/\/imeba.clinic\/politica-de-privacidad\/"]}]},{"@type":"BreadcrumbList","@id":"https:\/\/imeba.clinic\/politica-de-privacidad\/#breadcrumb","itemListElement":[{"@type":"ListItem","position":1,"name":"Portada","item":"https:\/\/imeba.clinic\/"},{"@type":"ListItem","position":2,"name":"Pol\u00edtica de privacidad"}]},{"@type":"WebSite","@id":"https:\/\/imeba.clinic\/#website","url":"https:\/\/imeba.clinic\/","name":"Clinicas IMEBA\u00ae","description":"Medicina estetica cirugia facial","publisher":{"@id":"https:\/\/imeba.clinic\/#organization"},"potentialAction":[{"@type":"SearchAction","target":{"@type":"EntryPoint","urlTemplate":"https:\/\/imeba.clinic\/?s={search_term_string}"},"query-input":{"@type":"PropertyValueSpecification","valueRequired":true,"valueName":"search_term_string"}}],"inLanguage":"de"},{"@type":"Organization","@id":"https:\/\/imeba.clinic\/#organization","name":"Clinicas IMEBA\u00ae","url":"https:\/\/imeba.clinic\/","logo":{"@type":"ImageObject","inLanguage":"de","@id":"https:\/\/imeba.clinic\/#\/schema\/logo\/image\/","url":"https:\/\/imeba.clinic\/wp-content\/uploads\/2023\/01\/cropped-11722351_740325796094007_2206264894896353109_o.jpg","contentUrl":"https:\/\/imeba.clinic\/wp-content\/uploads\/2023\/01\/cropped-11722351_740325796094007_2206264894896353109_o.jpg","width":1221,"height":349,"caption":"Clinicas IMEBA\u00ae"},"image":{"@id":"https:\/\/imeba.clinic\/#\/schema\/logo\/image\/"},"sameAs":["https:\/\/www.facebook.com\/clinicasimebamallorca","https:\/\/x.com\/IMEBAInfo","https:\/\/www.youtube.com\/@TorstenMarin"]}]}},"_links":{"self":[{"href":"https:\/\/imeba.clinic\/de\/wp-json\/wp\/v2\/pages\/461","targetHints":{"allow":["GET"]}}],"collection":[{"href":"https:\/\/imeba.clinic\/de\/wp-json\/wp\/v2\/pages"}],"about":[{"href":"https:\/\/imeba.clinic\/de\/wp-json\/wp\/v2\/types\/page"}],"author":[{"embeddable":true,"href":"https:\/\/imeba.clinic\/de\/wp-json\/wp\/v2\/users\/1"}],"replies":[{"embeddable":true,"href":"https:\/\/imeba.clinic\/de\/wp-json\/wp\/v2\/comments?post=461"}],"version-history":[{"count":0,"href":"https:\/\/imeba.clinic\/de\/wp-json\/wp\/v2\/pages\/461\/revisions"}],"wp:attachment":[{"href":"https:\/\/imeba.clinic\/de\/wp-json\/wp\/v2\/media?parent=461"}],"curies":[{"name":"wp","href":"https:\/\/api.w.org\/{rel}","templated":true}]}}