
{"id":4467,"date":"2023-10-06T12:41:55","date_gmt":"2023-10-06T11:41:55","guid":{"rendered":"https:\/\/imeba.clinic\/?page_id=4467"},"modified":"2025-01-30T15:42:29","modified_gmt":"2025-01-30T14:42:29","slug":"radiofrecuencia-medica","status":"publish","type":"page","link":"https:\/\/imeba.clinic\/de\/facial\/radiofrecuencia-medica\/","title":{"rendered":"MFR MEDIZINISCHE RADIOFREQUENZ"},"content":{"rendered":"<div data-elementor-type=\"wp-page\" data-elementor-id=\"4467\" class=\"elementor elementor-4467\" data-elementor-post-type=\"page\">\n\t\t\t\t\t\t<section class=\"elementor-section elementor-top-section elementor-element elementor-element-14f7ea6 elementor-section-height-min-height elementor-section-boxed elementor-section-height-default elementor-section-items-middle\" data-id=\"14f7ea6\" data-element_type=\"section\" data-settings=\"{&quot;background_background&quot;:&quot;classic&quot;,&quot;background_motion_fx_motion_fx_scrolling&quot;:&quot;yes&quot;,&quot;background_motion_fx_translateY_effect&quot;:&quot;yes&quot;,&quot;jet_parallax_layout_list&quot;:[],&quot;background_motion_fx_translateY_speed&quot;:{&quot;unit&quot;:&quot;px&quot;,&quot;size&quot;:4,&quot;sizes&quot;:[]},&quot;background_motion_fx_translateY_affectedRange&quot;:{&quot;unit&quot;:&quot;%&quot;,&quot;size&quot;:&quot;&quot;,&quot;sizes&quot;:{&quot;start&quot;:0,&quot;end&quot;:100}},&quot;background_motion_fx_devices&quot;:[&quot;desktop&quot;,&quot;tablet&quot;,&quot;mobile&quot;]}\">\n\t\t\t\t\t\t\t<div class=\"elementor-background-overlay\"><\/div>\n\t\t\t\t\t\t\t<div class=\"elementor-container elementor-column-gap-default\">\n\t\t\t\t\t<div class=\"elementor-column elementor-col-100 elementor-top-column elementor-element elementor-element-8578ffc\" data-id=\"8578ffc\" data-element_type=\"column\">\n\t\t\t<div class=\"elementor-widget-wrap elementor-element-populated\">\n\t\t\t\t\t\t<div class=\"elementor-element elementor-element-92078a0 elementor-widget elementor-widget-heading\" data-id=\"92078a0\" data-element_type=\"widget\" data-widget_type=\"heading.default\">\n\t\t\t\t\t<h5 class=\"elementor-heading-title elementor-size-default\">Gesicht<\/h5>\t\t\t\t<\/div>\n\t\t\t\t\t<\/div>\n\t\t<\/div>\n\t\t\t\t\t<\/div>\n\t\t<\/section>\n\t\t\t\t<section class=\"elementor-section elementor-top-section elementor-element elementor-element-6a854a6 elementor-section-boxed elementor-section-height-default elementor-section-height-default\" data-id=\"6a854a6\" data-element_type=\"section\" data-settings=\"{&quot;jet_parallax_layout_list&quot;:[]}\">\n\t\t\t\t\t\t<div class=\"elementor-container elementor-column-gap-default\">\n\t\t\t\t\t<div class=\"elementor-column elementor-col-50 elementor-top-column elementor-element elementor-element-422799f\" data-id=\"422799f\" data-element_type=\"column\">\n\t\t\t<div class=\"elementor-widget-wrap elementor-element-populated\">\n\t\t\t\t\t\t<div class=\"elementor-element elementor-element-82fbfd5 elementor-widget elementor-widget-image\" data-id=\"82fbfd5\" data-element_type=\"widget\" data-widget_type=\"image.default\">\n\t\t\t\t\t\t\t\t\t\t\t\t\t\t\t<img fetchpriority=\"high\" decoding=\"async\" width=\"800\" height=\"534\" src=\"https:\/\/imeba.clinic\/wp-content\/uploads\/2023\/01\/WITH-A-SINGLE-NON-INVASIVE-TREATMENT-1024x683.jpg\" class=\"attachment-large size-large wp-image-621\" alt=\"\" srcset=\"https:\/\/imeba.clinic\/wp-content\/uploads\/2023\/01\/WITH-A-SINGLE-NON-INVASIVE-TREATMENT-1024x683.jpg 1024w, https:\/\/imeba.clinic\/wp-content\/uploads\/2023\/01\/WITH-A-SINGLE-NON-INVASIVE-TREATMENT-300x200.jpg 300w, https:\/\/imeba.clinic\/wp-content\/uploads\/2023\/01\/WITH-A-SINGLE-NON-INVASIVE-TREATMENT-768x512.jpg 768w, https:\/\/imeba.clinic\/wp-content\/uploads\/2023\/01\/WITH-A-SINGLE-NON-INVASIVE-TREATMENT-1536x1024.jpg 1536w, https:\/\/imeba.clinic\/wp-content\/uploads\/2023\/01\/WITH-A-SINGLE-NON-INVASIVE-TREATMENT-2048x1365.jpg 2048w\" sizes=\"(max-width: 800px) 100vw, 800px\" \/>\t\t\t\t\t\t\t\t\t\t\t\t\t\t\t<\/div>\n\t\t\t\t<div class=\"elementor-element elementor-element-0dbd1d9 elementor-widget elementor-widget-heading\" data-id=\"0dbd1d9\" data-element_type=\"widget\" data-widget_type=\"heading.default\">\n\t\t\t\t\t<h2 class=\"elementor-heading-title elementor-size-default\">IMEBA\u00ae MEDIZINISCHE RADIOFREQUENZ<\/h2>\t\t\t\t<\/div>\n\t\t\t\t<div class=\"elementor-element elementor-element-9c651a7 advance-lists elementor-widget__width-initial elementor-widget elementor-widget-text-editor\" data-id=\"9c651a7\" data-element_type=\"widget\" data-widget_type=\"text-editor.default\">\n\t\t\t\t\t\t\t\t\t<div>\n<div><b>Was ist medizinische Radiofrequenz?<\/b><\/div>\n<div>Die Radiofrequenz besteht aus der Anwendung hochfrequenter elektromagnetischer Wellen auf der Haut, die eine kontrollierte Erw\u00e4rmung der verschiedenen Schichten der Dermis bewirken, was folgendes beg\u00fcnstigt: Die Bildung von neuem Kollagen. Lymphdrainage. Durchblutung der Haut und des Unterhautgewebes.<\/div>\n<div><b>&nbsp;<\/b><\/div>\n<div><b>&nbsp;Was ist Radiofrequenz und was bringt sie?<\/b><\/div>\n<div>Der Hauptnutzen der Radiofrequenz liegt daher in der verj\u00fcngenden Wirkung, die sie durch die Anregung der Zellerneuerung erzielt. Durch die Aktivierung der Kollagen- und Elastinbildung beugt sie der vorzeitigen Hautalterung vor und beseitigt die Zeichen der Hautalterung.<\/div>\n<div>&nbsp;<\/div>\n<div><b>Wie viele Sitzungen Radiofrequenz sind erforderlich, um Ergebnisse zu erzielen?<\/b><\/div>\n<div>Die Anzahl der Radiofrequenz-Sitzungen, die erforderlich sind, um Ergebnisse zu erzielen, h\u00e4ngt von den gew\u00fcnschten Effekten ab. Zur Beseitigung von Hauterschlaffung, Cellulite und zum Abbau von lokalem Fett werden 6 bis 8 Radiofrequenz-Sitzungen empfohlen.<\/div>\n<div>&nbsp;<\/div>\n<div><b>Was ist nach einer Radiofrequenzbehandlung zu tun?<\/b><\/div>\n<div>Setzen Sie sich in den ersten 24-48 Stunden weder W\u00e4rmequellen noch dem Sonnenlicht aus. Befolgen Sie die Empfehlungen des Arztes bez\u00fcglich des Auftragens von Cremes unmittelbar nach dem Ende der Behandlung. Es ist normal, dass in den ersten Stunden nach der Behandlung eine leichte R\u00f6tung auftritt.<\/div>\n<div>&nbsp;<\/div>\n<div><b>Ist die Radiofrequenz Behandlung schmerzhaft?<\/b><\/div>\n<div>Die Radiofrequenz ist ein schmerzlinderndes Verfahren, das darauf abzielt, W\u00e4rme im betroffenen Gewebe zu erzeugen, um Schmerzen zu lindern oder zu beseitigen. Diese Technik wird in der Schmerzambulanz seit mehreren Jahren angewandt, wurde aber in den letzten zehn Jahren vor allem in Bezug auf ihre Wirksamkeit und Sicherheit verfeinert.<\/div>\n<div>&nbsp;<\/div>\n<div><b>VORTEILE DER RADIOFREQUENZ<\/b><\/div>\n<div>Die Radiofrequenz ist eine der erfolgreichsten Behandlungen in der \u00e4sthetischen Medizin, da sie den Patienten zahlreiche und bemerkenswerte Vorteile bietet. Erstens ist sie einfach und schnell anwendbar.<\/div>\n<div>Die verschiedenen Radiofrequenzbehandlungen, die wir anwenden, werden ohne Bet\u00e4ubung durchgef\u00fchrt, so dass der Patient sofort wieder seinem Alltag nachgehen kann.<\/div>\n<div>Die Radiofrequenzbehandlung hat auch gro\u00dfe praktische Vorteile. Sie stimuliert die Bildung von neuem Kollagen, um die Haut zu straffen. Au\u00dferdem f\u00f6rdert sie die Durchblutung der Haut und des Unterhautgewebes.<\/div>\n<div>Die optischen Effekte der Radiofrequenz werden von den Patienten, die eine glattere und verj\u00fcngte Haut zu sch\u00e4tzen wissen, sehr gesch\u00e4tzt.<\/div>\n<div>Ein weiterer Vorteil der von uns angebotenen Radiofrequenz ist, dass sie mit anderen Behandlungen kompatibel ist. Unsere \u00c4rzte f\u00fcr \u00c4sthetik k\u00f6nnen Ihnen die besten Behandlungen zur Bek\u00e4mpfung von Cellulite und zur Verbesserung der Hauterschlaffung vorschlagen, die Sie zusammen mit der Radiofrequenz nutzen k\u00f6nnen, um sp\u00fcrbare und dauerhafte Ergebnisse zu erzielen.<\/div>\n<div>&nbsp;<\/div>\n<div><b>Wie l\u00e4uft die Behandlung ab?<\/b><\/div>\n<div>Diese Technik basiert auf der Erw\u00e4rmung des Gewebes auf eine Au\u00dfentemperatur zwischen 45 und 55 Grad Celsius. Die durch die Radiofrequenz induzierte Gewebeerw\u00e4rmung hat mehrere Auswirkungen:<\/div>\n<div>&nbsp;<\/div>\n<div>Erw\u00e4rmung des Fettgewebes: Die Temperatur stimuliert das lymphatische und arterioven\u00f6se System und verbessert den Stoffwechsel des Fettgewebes, was zu einer Verbesserung der Cellulite-Probleme f\u00fchrt.<\/div>\n<div>Hautkontraktion: Kontrollierte W\u00e4rme kann eine sofortige Kontraktion der Gewebestrukturen auf der Ebene der Dermis und der fibr\u00f6sen Septen der Unterhaut bewirken.<\/div>\n<div>Kollagensynthese: Die so genannte Neokollagenese oder Kollagensynthese wird durch die Freisetzung von HSP-Molek\u00fclen (Hitzeschockproteine) ausgel\u00f6st. Diese Hitzeschockproteine werden bei einem Temperaturanstieg im Gewebe gebildet und leiten die Gewebereparatur mit der Bildung von neuem Kollagen ein.&nbsp;<\/div>\n<\/div>\t\t\t\t\t\t\t\t<\/div>\n\t\t\t\t\t<\/div>\n\t\t<\/div>\n\t\t\t\t<div class=\"elementor-column elementor-col-50 elementor-top-column elementor-element elementor-element-ac1a05d\" data-id=\"ac1a05d\" data-element_type=\"column\">\n\t\t\t<div class=\"elementor-widget-wrap elementor-element-populated\">\n\t\t\t\t\t\t<section class=\"elementor-section elementor-inner-section elementor-element elementor-element-0449f5b elementor-section-boxed elementor-section-height-default elementor-section-height-default\" data-id=\"0449f5b\" data-element_type=\"section\" data-settings=\"{&quot;background_background&quot;:&quot;classic&quot;,&quot;sticky&quot;:&quot;top&quot;,&quot;sticky_offset&quot;:120,&quot;sticky_parent&quot;:&quot;yes&quot;,&quot;jet_parallax_layout_list&quot;:[],&quot;sticky_on&quot;:[&quot;desktop&quot;,&quot;tablet&quot;,&quot;mobile&quot;],&quot;sticky_effects_offset&quot;:0,&quot;sticky_anchor_link_offset&quot;:0}\">\n\t\t\t\t\t\t<div class=\"elementor-container elementor-column-gap-default\">\n\t\t\t\t\t<div class=\"elementor-column elementor-col-100 elementor-inner-column elementor-element elementor-element-da8d40e\" data-id=\"da8d40e\" data-element_type=\"column\">\n\t\t\t<div class=\"elementor-widget-wrap elementor-element-populated\">\n\t\t\t\t\t\t<div class=\"elementor-element elementor-element-a2091af elementor-widget elementor-widget-heading\" data-id=\"a2091af\" data-element_type=\"widget\" data-widget_type=\"heading.default\">\n\t\t\t\t\t<h2 class=\"elementor-heading-title elementor-size-default\">PREIS:<\/h2>\t\t\t\t<\/div>\n\t\t\t\t<div class=\"elementor-element elementor-element-120ebcd Price elementor-widget__width-initial elementor-widget elementor-widget-heading\" data-id=\"120ebcd\" data-element_type=\"widget\" data-widget_type=\"heading.default\">\n\t\t\t\t\t<h2 class=\"elementor-heading-title elementor-size-default\">150\u20ac<span>\/ Sitzung Gesicht<\/span><br><br>750\u20ac<span>\/ 6 Sitzungen Gesicht<\/span><br><\/h2>\t\t\t\t<\/div>\n\t\t\t\t<div class=\"elementor-element elementor-element-3cec791 elementor-widget elementor-widget-text-editor\" data-id=\"3cec791\" data-element_type=\"widget\" data-widget_type=\"text-editor.default\">\n\t\t\t\t\t\t\t\t\t<p>Je nach Behandlung, Behandlungsbereich usw.<\/p>\t\t\t\t\t\t\t\t<\/div>\n\t\t\t\t<div class=\"elementor-element elementor-element-f1c645e elementor-widget-divider--view-line elementor-widget elementor-widget-divider\" data-id=\"f1c645e\" data-element_type=\"widget\" data-widget_type=\"divider.default\">\n\t\t\t\t\t\t\t<div class=\"elementor-divider\">\n\t\t\t<span class=\"elementor-divider-separator\">\n\t\t\t\t\t\t<\/span>\n\t\t<\/div>\n\t\t\t\t\t\t<\/div>\n\t\t\t\t<div class=\"elementor-element elementor-element-1ac18c2 elementor-widget elementor-widget-text-editor\" data-id=\"1ac18c2\" data-element_type=\"widget\" data-widget_type=\"text-editor.default\">\n\t\t\t\t\t\t\t\t\t<p><em>*Alle Behandlungspakete m\u00fcssen innerhalb eines Jahres abgeschlossen werden, da der Anspruch auf die bis zu diesem Zeitpunkt nicht abgeschlossenen Behandlungen nach einem Jahr verf\u00e4llt.<\/em><\/p>\t\t\t\t\t\t\t\t<\/div>\n\t\t\t\t<div class=\"elementor-element elementor-element-78fbac8 elementor-widget elementor-widget-text-editor\" data-id=\"78fbac8\" data-element_type=\"widget\" data-widget_type=\"text-editor.default\">\n\t\t\t\t\t\t\t\t\t<p>Vorherige Beratung erforderlich.<\/p>\t\t\t\t\t\t\t\t<\/div>\n\t\t\t\t<div class=\"elementor-element elementor-element-03edf27 elementor-widget__width-inherit elementor-mobile-align-justify elementor-widget-mobile__width-inherit elementor-tablet-align-justify elementor-widget-tablet__width-inherit elementor-align-justify elementor-widget elementor-widget-button\" data-id=\"03edf27\" data-element_type=\"widget\" data-widget_type=\"button.default\">\n\t\t\t\t\t\t\t\t\t\t<a class=\"elementor-button elementor-button-link elementor-size-sm\" href=\"https:\/\/api.whatsapp.com\/send?phone=34653620509&#038;text=Hola%20Cl%C3%ADnicas%20IMEBA,%20ponte%20en%20contacto%20conmigo.%20(HIFU)%20Muchas%20gracias.%20\">\n\t\t\t\t\t\t<span class=\"elementor-button-content-wrapper\">\n\t\t\t\t\t\t\t\t\t<span class=\"elementor-button-text\">JETZT BUCHEN<\/span>\n\t\t\t\t\t<\/span>\n\t\t\t\t\t<\/a>\n\t\t\t\t\t\t\t\t<\/div>\n\t\t\t\t<div class=\"elementor-element elementor-element-8b1ceb3 elementor-widget elementor-widget-text-editor\" data-id=\"8b1ceb3\" data-element_type=\"widget\" data-widget_type=\"text-editor.default\">\n\t\t\t\t\t\t\t\t\t<p>Sie k\u00f6nnen uns auch eine Nachricht per WhatsApp schicken.<\/p>\t\t\t\t\t\t\t\t<\/div>\n\t\t\t\t\t<\/div>\n\t\t<\/div>\n\t\t\t\t\t<\/div>\n\t\t<\/section>\n\t\t\t\t\t<\/div>\n\t\t<\/div>\n\t\t\t\t\t<\/div>\n\t\t<\/section>\n\t\t\t\t<\/div>","protected":false},"excerpt":{"rendered":"<p>Facial IMEBA\u00ae RADIOFRECUENCIA M\u00c9DICA \u00bfQu\u00e9 es la radiofrecuencia m\u00e9dica? La radiofrecuencia consiste en la aplicaci\u00f3n de ondas electromagn\u00e9ticas de alta frecuencia sobre la piel que provoca el calentamiento controlado de las diferentes capas de la dermis, lo que favorece: La formaci\u00f3n de nuevo col\u00e1geno. El drenaje linf\u00e1tico. La circulaci\u00f3n de la piel y el tejido [&hellip;]<\/p>","protected":false},"author":2,"featured_media":621,"parent":1327,"menu_order":1,"comment_status":"closed","ping_status":"closed","template":"elementor_header_footer","meta":{"footnotes":""},"class_list":["post-4467","page","type-page","status-publish","has-post-thumbnail","hentry"],"yoast_head":"<!-- This site is optimized with the Yoast SEO plugin v25.8 - https:\/\/yoast.com\/wordpress\/plugins\/seo\/ -->\n<title>MFR RADIOFRECUENCIA MEDICA - Clinicas IMEBA\u00ae<\/title>\n<meta name=\"robots\" content=\"index, follow, max-snippet:-1, max-image-preview:large, max-video-preview:-1\" \/>\n<link rel=\"canonical\" href=\"https:\/\/imeba.clinic\/de\/facial\/radiofrecuencia-medica\/\" \/>\n<meta property=\"og:locale\" content=\"de_DE\" \/>\n<meta property=\"og:type\" content=\"article\" \/>\n<meta property=\"og:title\" content=\"MFR RADIOFRECUENCIA MEDICA - Clinicas IMEBA\u00ae\" \/>\n<meta property=\"og:description\" content=\"Facial IMEBA\u00ae RADIOFRECUENCIA M\u00c9DICA \u00bfQu\u00e9 es la radiofrecuencia m\u00e9dica? La radiofrecuencia consiste en la aplicaci\u00f3n de ondas electromagn\u00e9ticas de alta frecuencia sobre la piel que provoca el calentamiento controlado de las diferentes capas de la dermis, lo que favorece: La formaci\u00f3n de nuevo col\u00e1geno. El drenaje linf\u00e1tico. La circulaci\u00f3n de la piel y el tejido [&hellip;]\" \/>\n<meta property=\"og:url\" content=\"https:\/\/imeba.clinic\/de\/facial\/radiofrecuencia-medica\/\" \/>\n<meta property=\"og:site_name\" content=\"Clinicas IMEBA\u00ae\" \/>\n<meta property=\"article:publisher\" content=\"https:\/\/www.facebook.com\/clinicasimebamallorca\" \/>\n<meta property=\"article:modified_time\" content=\"2025-01-30T14:42:29+00:00\" \/>\n<meta property=\"og:image\" content=\"http:\/\/imeba.clinic\/wp-content\/uploads\/2023\/01\/WITH-A-SINGLE-NON-INVASIVE-TREATMENT.jpg\" \/>\n\t<meta property=\"og:image:width\" content=\"2121\" \/>\n\t<meta property=\"og:image:height\" content=\"1414\" \/>\n\t<meta property=\"og:image:type\" content=\"image\/jpeg\" \/>\n<meta name=\"twitter:card\" content=\"summary_large_image\" \/>\n<meta name=\"twitter:site\" content=\"@IMEBAInfo\" \/>\n<meta name=\"twitter:label1\" content=\"Gesch\u00e4tzte Lesezeit\" \/>\n\t<meta name=\"twitter:data1\" content=\"4\u00a0Minuten\" \/>\n<script type=\"application\/ld+json\" class=\"yoast-schema-graph\">{\"@context\":\"https:\/\/schema.org\",\"@graph\":[{\"@type\":\"WebPage\",\"@id\":\"https:\/\/imeba.clinic\/facial\/radiofrecuencia-medica\/\",\"url\":\"https:\/\/imeba.clinic\/facial\/radiofrecuencia-medica\/\",\"name\":\"MFR RADIOFRECUENCIA MEDICA - Clinicas IMEBA\u00ae\",\"isPartOf\":{\"@id\":\"https:\/\/imeba.clinic\/#website\"},\"primaryImageOfPage\":{\"@id\":\"https:\/\/imeba.clinic\/facial\/radiofrecuencia-medica\/#primaryimage\"},\"image\":{\"@id\":\"https:\/\/imeba.clinic\/facial\/radiofrecuencia-medica\/#primaryimage\"},\"thumbnailUrl\":\"https:\/\/imeba.clinic\/wp-content\/uploads\/2023\/01\/WITH-A-SINGLE-NON-INVASIVE-TREATMENT.jpg\",\"datePublished\":\"2023-10-06T11:41:55+00:00\",\"dateModified\":\"2025-01-30T14:42:29+00:00\",\"breadcrumb\":{\"@id\":\"https:\/\/imeba.clinic\/facial\/radiofrecuencia-medica\/#breadcrumb\"},\"inLanguage\":\"de\",\"potentialAction\":[{\"@type\":\"ReadAction\",\"target\":[\"https:\/\/imeba.clinic\/facial\/radiofrecuencia-medica\/\"]}]},{\"@type\":\"ImageObject\",\"inLanguage\":\"de\",\"@id\":\"https:\/\/imeba.clinic\/facial\/radiofrecuencia-medica\/#primaryimage\",\"url\":\"https:\/\/imeba.clinic\/wp-content\/uploads\/2023\/01\/WITH-A-SINGLE-NON-INVASIVE-TREATMENT.jpg\",\"contentUrl\":\"https:\/\/imeba.clinic\/wp-content\/uploads\/2023\/01\/WITH-A-SINGLE-NON-INVASIVE-TREATMENT.jpg\",\"width\":2121,\"height\":1414},{\"@type\":\"BreadcrumbList\",\"@id\":\"https:\/\/imeba.clinic\/facial\/radiofrecuencia-medica\/#breadcrumb\",\"itemListElement\":[{\"@type\":\"ListItem\",\"position\":1,\"name\":\"Portada\",\"item\":\"https:\/\/imeba.clinic\/\"},{\"@type\":\"ListItem\",\"position\":2,\"name\":\"Facial\",\"item\":\"https:\/\/imeba.clinic\/facial\/\"},{\"@type\":\"ListItem\",\"position\":3,\"name\":\"MFR RADIOFRECUENCIA MEDICA\"}]},{\"@type\":\"WebSite\",\"@id\":\"https:\/\/imeba.clinic\/#website\",\"url\":\"https:\/\/imeba.clinic\/\",\"name\":\"Clinicas IMEBA\u00ae\",\"description\":\"Medicina estetica cirugia facial\",\"publisher\":{\"@id\":\"https:\/\/imeba.clinic\/#organization\"},\"potentialAction\":[{\"@type\":\"SearchAction\",\"target\":{\"@type\":\"EntryPoint\",\"urlTemplate\":\"https:\/\/imeba.clinic\/?s={search_term_string}\"},\"query-input\":{\"@type\":\"PropertyValueSpecification\",\"valueRequired\":true,\"valueName\":\"search_term_string\"}}],\"inLanguage\":\"de\"},{\"@type\":\"Organization\",\"@id\":\"https:\/\/imeba.clinic\/#organization\",\"name\":\"Clinicas IMEBA\u00ae\",\"url\":\"https:\/\/imeba.clinic\/\",\"logo\":{\"@type\":\"ImageObject\",\"inLanguage\":\"de\",\"@id\":\"https:\/\/imeba.clinic\/#\/schema\/logo\/image\/\",\"url\":\"https:\/\/imeba.clinic\/wp-content\/uploads\/2023\/01\/cropped-11722351_740325796094007_2206264894896353109_o.jpg\",\"contentUrl\":\"https:\/\/imeba.clinic\/wp-content\/uploads\/2023\/01\/cropped-11722351_740325796094007_2206264894896353109_o.jpg\",\"width\":1221,\"height\":349,\"caption\":\"Clinicas IMEBA\u00ae\"},\"image\":{\"@id\":\"https:\/\/imeba.clinic\/#\/schema\/logo\/image\/\"},\"sameAs\":[\"https:\/\/www.facebook.com\/clinicasimebamallorca\",\"https:\/\/x.com\/IMEBAInfo\",\"https:\/\/www.youtube.com\/@TorstenMarin\"]}]}<\/script>\n<!-- \/ Yoast SEO plugin. -->","yoast_head_json":{"title":"MFR RADIOFRECUENCIA MEDICA - Clinicas IMEBA\u00ae","robots":{"index":"index","follow":"follow","max-snippet":"max-snippet:-1","max-image-preview":"max-image-preview:large","max-video-preview":"max-video-preview:-1"},"canonical":"https:\/\/imeba.clinic\/de\/facial\/radiofrecuencia-medica\/","og_locale":"de_DE","og_type":"article","og_title":"MFR RADIOFRECUENCIA MEDICA - Clinicas IMEBA\u00ae","og_description":"Facial IMEBA\u00ae RADIOFRECUENCIA M\u00c9DICA \u00bfQu\u00e9 es la radiofrecuencia m\u00e9dica? La radiofrecuencia consiste en la aplicaci\u00f3n de ondas electromagn\u00e9ticas de alta frecuencia sobre la piel que provoca el calentamiento controlado de las diferentes capas de la dermis, lo que favorece: La formaci\u00f3n de nuevo col\u00e1geno. El drenaje linf\u00e1tico. La circulaci\u00f3n de la piel y el tejido [&hellip;]","og_url":"https:\/\/imeba.clinic\/de\/facial\/radiofrecuencia-medica\/","og_site_name":"Clinicas IMEBA\u00ae","article_publisher":"https:\/\/www.facebook.com\/clinicasimebamallorca","article_modified_time":"2025-01-30T14:42:29+00:00","og_image":[{"width":2121,"height":1414,"url":"http:\/\/imeba.clinic\/wp-content\/uploads\/2023\/01\/WITH-A-SINGLE-NON-INVASIVE-TREATMENT.jpg","type":"image\/jpeg"}],"twitter_card":"summary_large_image","twitter_site":"@IMEBAInfo","twitter_misc":{"Gesch\u00e4tzte Lesezeit":"4\u00a0Minuten"},"schema":{"@context":"https:\/\/schema.org","@graph":[{"@type":"WebPage","@id":"https:\/\/imeba.clinic\/facial\/radiofrecuencia-medica\/","url":"https:\/\/imeba.clinic\/facial\/radiofrecuencia-medica\/","name":"MFR RADIOFRECUENCIA MEDICA - Clinicas IMEBA\u00ae","isPartOf":{"@id":"https:\/\/imeba.clinic\/#website"},"primaryImageOfPage":{"@id":"https:\/\/imeba.clinic\/facial\/radiofrecuencia-medica\/#primaryimage"},"image":{"@id":"https:\/\/imeba.clinic\/facial\/radiofrecuencia-medica\/#primaryimage"},"thumbnailUrl":"https:\/\/imeba.clinic\/wp-content\/uploads\/2023\/01\/WITH-A-SINGLE-NON-INVASIVE-TREATMENT.jpg","datePublished":"2023-10-06T11:41:55+00:00","dateModified":"2025-01-30T14:42:29+00:00","breadcrumb":{"@id":"https:\/\/imeba.clinic\/facial\/radiofrecuencia-medica\/#breadcrumb"},"inLanguage":"de","potentialAction":[{"@type":"ReadAction","target":["https:\/\/imeba.clinic\/facial\/radiofrecuencia-medica\/"]}]},{"@type":"ImageObject","inLanguage":"de","@id":"https:\/\/imeba.clinic\/facial\/radiofrecuencia-medica\/#primaryimage","url":"https:\/\/imeba.clinic\/wp-content\/uploads\/2023\/01\/WITH-A-SINGLE-NON-INVASIVE-TREATMENT.jpg","contentUrl":"https:\/\/imeba.clinic\/wp-content\/uploads\/2023\/01\/WITH-A-SINGLE-NON-INVASIVE-TREATMENT.jpg","width":2121,"height":1414},{"@type":"BreadcrumbList","@id":"https:\/\/imeba.clinic\/facial\/radiofrecuencia-medica\/#breadcrumb","itemListElement":[{"@type":"ListItem","position":1,"name":"Portada","item":"https:\/\/imeba.clinic\/"},{"@type":"ListItem","position":2,"name":"Facial","item":"https:\/\/imeba.clinic\/facial\/"},{"@type":"ListItem","position":3,"name":"MFR RADIOFRECUENCIA MEDICA"}]},{"@type":"WebSite","@id":"https:\/\/imeba.clinic\/#website","url":"https:\/\/imeba.clinic\/","name":"Clinicas IMEBA\u00ae","description":"Medicina estetica cirugia facial","publisher":{"@id":"https:\/\/imeba.clinic\/#organization"},"potentialAction":[{"@type":"SearchAction","target":{"@type":"EntryPoint","urlTemplate":"https:\/\/imeba.clinic\/?s={search_term_string}"},"query-input":{"@type":"PropertyValueSpecification","valueRequired":true,"valueName":"search_term_string"}}],"inLanguage":"de"},{"@type":"Organization","@id":"https:\/\/imeba.clinic\/#organization","name":"Clinicas IMEBA\u00ae","url":"https:\/\/imeba.clinic\/","logo":{"@type":"ImageObject","inLanguage":"de","@id":"https:\/\/imeba.clinic\/#\/schema\/logo\/image\/","url":"https:\/\/imeba.clinic\/wp-content\/uploads\/2023\/01\/cropped-11722351_740325796094007_2206264894896353109_o.jpg","contentUrl":"https:\/\/imeba.clinic\/wp-content\/uploads\/2023\/01\/cropped-11722351_740325796094007_2206264894896353109_o.jpg","width":1221,"height":349,"caption":"Clinicas IMEBA\u00ae"},"image":{"@id":"https:\/\/imeba.clinic\/#\/schema\/logo\/image\/"},"sameAs":["https:\/\/www.facebook.com\/clinicasimebamallorca","https:\/\/x.com\/IMEBAInfo","https:\/\/www.youtube.com\/@TorstenMarin"]}]}},"_links":{"self":[{"href":"https:\/\/imeba.clinic\/de\/wp-json\/wp\/v2\/pages\/4467","targetHints":{"allow":["GET"]}}],"collection":[{"href":"https:\/\/imeba.clinic\/de\/wp-json\/wp\/v2\/pages"}],"about":[{"href":"https:\/\/imeba.clinic\/de\/wp-json\/wp\/v2\/types\/page"}],"author":[{"embeddable":true,"href":"https:\/\/imeba.clinic\/de\/wp-json\/wp\/v2\/users\/2"}],"replies":[{"embeddable":true,"href":"https:\/\/imeba.clinic\/de\/wp-json\/wp\/v2\/comments?post=4467"}],"version-history":[{"count":0,"href":"https:\/\/imeba.clinic\/de\/wp-json\/wp\/v2\/pages\/4467\/revisions"}],"up":[{"embeddable":true,"href":"https:\/\/imeba.clinic\/de\/wp-json\/wp\/v2\/pages\/1327"}],"wp:featuredmedia":[{"embeddable":true,"href":"https:\/\/imeba.clinic\/de\/wp-json\/wp\/v2\/media\/621"}],"wp:attachment":[{"href":"https:\/\/imeba.clinic\/de\/wp-json\/wp\/v2\/media?parent=4467"}],"curies":[{"name":"wp","href":"https:\/\/api.w.org\/{rel}","templated":true}]}}