
{"id":2629,"date":"2023-02-20T10:24:06","date_gmt":"2023-02-20T10:24:06","guid":{"rendered":"https:\/\/imeba.clinic\/?page_id=2629"},"modified":"2023-02-20T10:27:00","modified_gmt":"2023-02-20T10:27:00","slug":"weekend-peel","status":"publish","type":"page","link":"https:\/\/imeba.clinic\/de\/facial\/weekend-peel\/","title":{"rendered":"Weekend Peel"},"content":{"rendered":"<div data-elementor-type=\"wp-page\" data-elementor-id=\"2629\" class=\"elementor elementor-2629\" data-elementor-post-type=\"page\">\n\t\t\t\t\t\t<section class=\"elementor-section elementor-top-section elementor-element elementor-element-14f7ea6 elementor-section-height-min-height elementor-section-boxed elementor-section-height-default elementor-section-items-middle\" data-id=\"14f7ea6\" data-element_type=\"section\" data-settings=\"{&quot;background_background&quot;:&quot;classic&quot;,&quot;background_motion_fx_motion_fx_scrolling&quot;:&quot;yes&quot;,&quot;background_motion_fx_translateY_effect&quot;:&quot;yes&quot;,&quot;jet_parallax_layout_list&quot;:[],&quot;background_motion_fx_translateY_speed&quot;:{&quot;unit&quot;:&quot;px&quot;,&quot;size&quot;:4,&quot;sizes&quot;:[]},&quot;background_motion_fx_translateY_affectedRange&quot;:{&quot;unit&quot;:&quot;%&quot;,&quot;size&quot;:&quot;&quot;,&quot;sizes&quot;:{&quot;start&quot;:0,&quot;end&quot;:100}},&quot;background_motion_fx_devices&quot;:[&quot;desktop&quot;,&quot;tablet&quot;,&quot;mobile&quot;]}\">\n\t\t\t\t\t\t\t<div class=\"elementor-background-overlay\"><\/div>\n\t\t\t\t\t\t\t<div class=\"elementor-container elementor-column-gap-default\">\n\t\t\t\t\t<div class=\"elementor-column elementor-col-100 elementor-top-column elementor-element elementor-element-8578ffc\" data-id=\"8578ffc\" data-element_type=\"column\">\n\t\t\t<div class=\"elementor-widget-wrap elementor-element-populated\">\n\t\t\t\t\t\t<div class=\"elementor-element elementor-element-92078a0 elementor-widget elementor-widget-heading\" data-id=\"92078a0\" data-element_type=\"widget\" data-widget_type=\"heading.default\">\n\t\t\t\t\t<h5 class=\"elementor-heading-title elementor-size-default\">Gesicht<\/h5>\t\t\t\t<\/div>\n\t\t\t\t\t<\/div>\n\t\t<\/div>\n\t\t\t\t\t<\/div>\n\t\t<\/section>\n\t\t\t\t<section class=\"elementor-section elementor-top-section elementor-element elementor-element-6a854a6 elementor-section-boxed elementor-section-height-default elementor-section-height-default\" data-id=\"6a854a6\" data-element_type=\"section\" data-settings=\"{&quot;jet_parallax_layout_list&quot;:[]}\">\n\t\t\t\t\t\t<div class=\"elementor-container elementor-column-gap-default\">\n\t\t\t\t\t<div class=\"elementor-column elementor-col-50 elementor-top-column elementor-element elementor-element-422799f\" data-id=\"422799f\" data-element_type=\"column\">\n\t\t\t<div class=\"elementor-widget-wrap elementor-element-populated\">\n\t\t\t\t\t\t<div class=\"elementor-element elementor-element-82fbfd5 elementor-widget elementor-widget-image\" data-id=\"82fbfd5\" data-element_type=\"widget\" data-widget_type=\"image.default\">\n\t\t\t\t\t\t\t\t\t\t\t\t\t\t\t<img fetchpriority=\"high\" decoding=\"async\" width=\"800\" height=\"533\" src=\"https:\/\/imeba.clinic\/wp-content\/uploads\/2023\/01\/Rinomodelacion-1024x682.jpg\" class=\"attachment-large size-large wp-image-1521\" alt=\"\" srcset=\"https:\/\/imeba.clinic\/wp-content\/uploads\/2023\/01\/Rinomodelacion-1024x682.jpg 1024w, https:\/\/imeba.clinic\/wp-content\/uploads\/2023\/01\/Rinomodelacion-300x200.jpg 300w, https:\/\/imeba.clinic\/wp-content\/uploads\/2023\/01\/Rinomodelacion-768x512.jpg 768w, https:\/\/imeba.clinic\/wp-content\/uploads\/2023\/01\/Rinomodelacion-1536x1024.jpg 1536w, https:\/\/imeba.clinic\/wp-content\/uploads\/2023\/01\/Rinomodelacion.jpg 2000w\" sizes=\"(max-width: 800px) 100vw, 800px\" \/>\t\t\t\t\t\t\t\t\t\t\t\t\t\t\t<\/div>\n\t\t\t\t<div class=\"elementor-element elementor-element-0dbd1d9 elementor-widget elementor-widget-heading\" data-id=\"0dbd1d9\" data-element_type=\"widget\" data-widget_type=\"heading.default\">\n\t\t\t\t\t<h2 class=\"elementor-heading-title elementor-size-default\">WEEKEND PEEL\n<\/h2>\t\t\t\t<\/div>\n\t\t\t\t<div class=\"elementor-element elementor-element-9c651a7 advance-lists elementor-widget elementor-widget-text-editor\" data-id=\"9c651a7\" data-element_type=\"widget\" data-widget_type=\"text-editor.default\">\n\t\t\t\t\t\t\t\t\t<p>Ein Mikrolaser-Peeling, oft auch als Wochenend-Peeling bezeichnet, ist einer der neuesten Fortschritte in der Hautverj\u00fcngung und wird so genannt, weil es in der Regel an einem Donnerstag oder Freitag durchgef\u00fchrt wird, damit die R\u00f6tungen, die nach der Anwendung auf Ihrem Gesicht auftreten, verschwunden sind, wenn Sie am Montag in Ihren Alltag zur\u00fcckkehren. Nutzen Sie also ein verregnetes Herbstwochenende f\u00fcr ein Wochenendpeeling und erholen Sie sich in aller Ruhe zu Hause, was ab und zu gar nicht so schlecht ist.<\/p>\n<p align=\"JUSTIFY\"><b>Fleckenentfernung und Peeling<\/b><\/p>\n<p align=\"JUSTIFY\">Diese fortschrittliche Laserbehandlung zur Wiederherstellung der Epidermis entfernt pr\u00e4zise die \u00e4u\u00dferste Schicht der Epidermis und tr\u00e4gt zur Gl\u00e4ttung ihrer Oberfl\u00e4che und der eventuell entstandenen Flecken bei. In einer einzigen Sitzung ist es m\u00f6glich, die ungleichm\u00e4\u00dfig pigmentierten braunen Flecken mit unserem Hautton zu verschmelzen, sie zu verwischen, feine Linien zu beseitigen und gleichzeitig Falten zu verbessern.<\/p>\n<p align=\"JUSTIFY\">Es ist ein perfektes System, um die Folgen \u00fcberm\u00e4\u00dfiger Sonneneinstrahlung im Sommer zu mildern. Obwohl es praktisch \u00fcberall am K\u00f6rper angewendet werden kann, sind die beliebtesten Behandlungsbereiche Gesicht, Hals, Brust und H\u00e4nde.<\/p>\n<p align=\"JUSTIFY\"><b>Ma\u00dfgeschneidert f\u00fcr Sie<\/b><\/p>\n<p align=\"JUSTIFY\">Diese hochmoderne Laserbehandlung wurde f\u00fcr Menschen entwickelt, die einen aktiven Lebensstil f\u00fchren und eine deutliche Verbesserung der Hautstruktur und des Hauttons mit geringer oder gar keiner Ausfallzeit anstreben. Von oberfl\u00e4chlichen bis hin zu tieferen Peelings erm\u00f6glicht das einzigartige Micro Laser Peel au\u00dfergew\u00f6hnliche, auf den Patienten zugeschnittene Ergebnisse, die eine breite Palette von Bed\u00fcrfnissen abdecken, von den subtilsten bis hin zu den dramatischsten, mit \u00fcberlegener Gleichm\u00e4\u00dfigkeit und vollst\u00e4ndig ma\u00dfgeschneiderten Behandlungspl\u00e4nen f\u00fcr unvergleichliche Ergebnisse.<\/p>\n<p align=\"JUSTIFY\"><b>Micro-Laser-Peelings k\u00f6nnen helfen bei:<\/b><\/p>\n<ul>\n<li><span style=\"font-family: Verdana, sans-serif; text-align: justify;\">Leichte Falten<\/span><\/li>\n<li><span style=\"font-family: Verdana, sans-serif; text-align: justify;\">Feine Linien<\/span><\/li>\n<li><span style=\"font-family: Verdana, sans-serif; text-align: justify;\">Narben<br><\/span><\/li>\n<li><span style=\"font-family: Verdana, sans-serif; text-align: justify;\">Keratose (Unebenheiten auf der Haut)<\/span><\/li>\n<li><span style=\"font-family: Verdana, sans-serif; text-align: justify;\">Sonnensch\u00e4den (z. B. Sommersprossen)<\/span><\/li>\n<li><span style=\"font-family: Verdana, sans-serif; text-align: justify;\">Textur und Ton<br><\/span><\/li>\n<li><span style=\"font-family: Verdana, sans-serif; text-align: justify;\">Poren<\/span><\/li><\/ul>\t\t\t\t\t\t\t\t<\/div>\n\t\t\t\t<div class=\"elementor-element elementor-element-db5eee9 elementor-widget elementor-widget-text-editor\" data-id=\"db5eee9\" data-element_type=\"widget\" data-widget_type=\"text-editor.default\">\n\t\t\t\t\t\t\t\t\t<p>Micro-Laser-Peelings k\u00f6nnen als Einzelbehandlung oder in Kombination mit anderen Lasern durchgef\u00fchrt werden, um das gew\u00fcnschte Ergebnis zu erzielen. Diese Behandlung hat sich zu einer der beliebtesten und effektivsten Hautbehandlungen entwickelt, die heute verf\u00fcgbar sind.<\/p><p><b>Schmerzfrei und ohne An\u00e4sthesie<\/b><\/p><p>F\u00fcr ein Wochenend-Peeling ist keine besondere Vorbereitung erforderlich. Sie entspannen sich auf der Liege des Teams der Cl\u00ednicas IMEBA\u00ae und lassen den Peeling-Laser passieren.<\/p><p>Am Ende der Sitzung wird eine entspannende Creme auf die behandelte Stelle aufgetragen. Die Verwendung einer Sonnenlotion mit vollst\u00e4ndigem Sonnenschutz wird empfohlen, da die Haut der Sonne ausgesetzt ist und es nicht ratsam w\u00e4re, sie auch an bew\u00f6lkten Tagen der Sonneneinstrahlung auszusetzen.<\/p><p>Nach etwa einer Stunde entsteht ein brennendes und warmes Gef\u00fchl im Gesicht, das innerhalb desselben Zeitraums wieder verschwindet. Nach und nach f\u00e4rbt sich die ger\u00f6tete Haut in ein wundersch\u00f6nes, babyhaftes Rosa.<\/p><p>Trauen Sie sich, Ihre Epidermis f\u00fcr den Herbst zu verbessern und fragen Sie unser Team nach Informationen. Wir warten auf Sie bei Cl\u00ednicas IMEBA\u00ae<\/p>\t\t\t\t\t\t\t\t<\/div>\n\t\t\t\t\t<\/div>\n\t\t<\/div>\n\t\t\t\t<div class=\"elementor-column elementor-col-50 elementor-top-column elementor-element elementor-element-ac1a05d\" data-id=\"ac1a05d\" data-element_type=\"column\">\n\t\t\t<div class=\"elementor-widget-wrap elementor-element-populated\">\n\t\t\t\t\t\t<section class=\"elementor-section elementor-inner-section elementor-element elementor-element-0449f5b elementor-section-boxed elementor-section-height-default elementor-section-height-default\" data-id=\"0449f5b\" data-element_type=\"section\" data-settings=\"{&quot;background_background&quot;:&quot;classic&quot;,&quot;sticky&quot;:&quot;top&quot;,&quot;sticky_offset&quot;:120,&quot;sticky_parent&quot;:&quot;yes&quot;,&quot;jet_parallax_layout_list&quot;:[],&quot;sticky_on&quot;:[&quot;desktop&quot;,&quot;tablet&quot;,&quot;mobile&quot;],&quot;sticky_effects_offset&quot;:0,&quot;sticky_anchor_link_offset&quot;:0}\">\n\t\t\t\t\t\t<div class=\"elementor-container elementor-column-gap-default\">\n\t\t\t\t\t<div class=\"elementor-column elementor-col-100 elementor-inner-column elementor-element elementor-element-da8d40e\" data-id=\"da8d40e\" data-element_type=\"column\">\n\t\t\t<div class=\"elementor-widget-wrap elementor-element-populated\">\n\t\t\t\t\t\t<div class=\"elementor-element elementor-element-a2091af elementor-widget elementor-widget-heading\" data-id=\"a2091af\" data-element_type=\"widget\" data-widget_type=\"heading.default\">\n\t\t\t\t\t<h2 class=\"elementor-heading-title elementor-size-default\">Preis<\/h2>\t\t\t\t<\/div>\n\t\t\t\t<div class=\"elementor-element elementor-element-120ebcd Price elementor-widget elementor-widget-heading\" data-id=\"120ebcd\" data-element_type=\"widget\" data-widget_type=\"heading.default\">\n\t\t\t\t\t<h2 class=\"elementor-heading-title elementor-size-default\">250\u20ac<\/h2>\t\t\t\t<\/div>\n\t\t\t\t<div class=\"elementor-element elementor-element-3cec791 elementor-widget elementor-widget-text-editor\" data-id=\"3cec791\" data-element_type=\"widget\" data-widget_type=\"text-editor.default\">\n\t\t\t\t\t\t\t\t\t<p>Gesicht<\/p>\t\t\t\t\t\t\t\t<\/div>\n\t\t\t\t<div class=\"elementor-element elementor-element-8b1ceb3 elementor-widget elementor-widget-text-editor\" data-id=\"8b1ceb3\" data-element_type=\"widget\" data-widget_type=\"text-editor.default\">\n\t\t\t\t\t\t\t\t\t<p>Sie k\u00f6nnen uns auch eine Nachricht per WhatsApp schicken.<\/p>\t\t\t\t\t\t\t\t<\/div>\n\t\t\t\t<div class=\"elementor-element elementor-element-03edf27 elementor-widget__width-inherit elementor-mobile-align-justify elementor-widget-mobile__width-inherit elementor-tablet-align-justify elementor-widget-tablet__width-inherit elementor-align-justify elementor-widget elementor-widget-button\" data-id=\"03edf27\" data-element_type=\"widget\" data-widget_type=\"button.default\">\n\t\t\t\t\t\t\t\t\t\t<a class=\"elementor-button elementor-button-link elementor-size-sm\" href=\"https:\/\/api.whatsapp.com\/send?phone=34653620509&#038;text=Hola%20Cl%C3%ADnicas%20IMEBA,%20ponte%20en%20contacto%20conmigo.%20(Weekend%20Peel)%20Muchas%20gracias.%20\">\n\t\t\t\t\t\t<span class=\"elementor-button-content-wrapper\">\n\t\t\t\t\t\t\t\t\t<span class=\"elementor-button-text\">JETZT BUCHEN<\/span>\n\t\t\t\t\t<\/span>\n\t\t\t\t\t<\/a>\n\t\t\t\t\t\t\t\t<\/div>\n\t\t\t\t\t<\/div>\n\t\t<\/div>\n\t\t\t\t\t<\/div>\n\t\t<\/section>\n\t\t\t\t\t<\/div>\n\t\t<\/div>\n\t\t\t\t\t<\/div>\n\t\t<\/section>\n\t\t\t\t<\/div>","protected":false},"excerpt":{"rendered":"<p>Facial WEEKEND PEEL Una exfoliaci\u00f3n con micro l\u00e1ser, a menudo denominada \u201cweekend peel\u201d o exfoliaci\u00f3n de fin de semana, es uno de los \u00faltimos avances en el rejuvenecimiento de la piel.Y recibe ese nombre porque habitualmente se realiza los jueves o viernes para que la rojez que va a surgir en la cara tras su [&hellip;]<\/p>","protected":false},"author":2,"featured_media":1521,"parent":1327,"menu_order":1,"comment_status":"closed","ping_status":"closed","template":"elementor_header_footer","meta":{"footnotes":""},"class_list":["post-2629","page","type-page","status-publish","has-post-thumbnail","hentry"],"yoast_head":"<!-- This site is optimized with the Yoast SEO plugin v25.8 - https:\/\/yoast.com\/wordpress\/plugins\/seo\/ -->\n<title>Weekend Peel - Clinicas IMEBA\u00ae<\/title>\n<meta name=\"robots\" content=\"index, follow, max-snippet:-1, max-image-preview:large, max-video-preview:-1\" \/>\n<link rel=\"canonical\" href=\"https:\/\/imeba.clinic\/de\/facial\/weekend-peel\/\" \/>\n<meta property=\"og:locale\" content=\"de_DE\" \/>\n<meta property=\"og:type\" content=\"article\" \/>\n<meta property=\"og:title\" content=\"Weekend Peel - Clinicas IMEBA\u00ae\" \/>\n<meta property=\"og:description\" content=\"Facial WEEKEND PEEL Una exfoliaci\u00f3n con micro l\u00e1ser, a menudo denominada \u201cweekend peel\u201d o exfoliaci\u00f3n de fin de semana, es uno de los \u00faltimos avances en el rejuvenecimiento de la piel.Y recibe ese nombre porque habitualmente se realiza los jueves o viernes para que la rojez que va a surgir en la cara tras su [&hellip;]\" \/>\n<meta property=\"og:url\" content=\"https:\/\/imeba.clinic\/de\/facial\/weekend-peel\/\" \/>\n<meta property=\"og:site_name\" content=\"Clinicas IMEBA\u00ae\" \/>\n<meta property=\"article:publisher\" content=\"https:\/\/www.facebook.com\/clinicasimebamallorca\" \/>\n<meta property=\"article:modified_time\" content=\"2023-02-20T10:27:00+00:00\" \/>\n<meta property=\"og:image\" content=\"http:\/\/imeba.clinic\/wp-content\/uploads\/2023\/01\/Rinomodelacion.jpg\" \/>\n\t<meta property=\"og:image:width\" content=\"2000\" \/>\n\t<meta property=\"og:image:height\" content=\"1333\" \/>\n\t<meta property=\"og:image:type\" content=\"image\/jpeg\" \/>\n<meta name=\"twitter:card\" content=\"summary_large_image\" \/>\n<meta name=\"twitter:site\" content=\"@IMEBAInfo\" \/>\n<meta name=\"twitter:label1\" content=\"Gesch\u00e4tzte Lesezeit\" \/>\n\t<meta name=\"twitter:data1\" content=\"3\u00a0Minuten\" \/>\n<script type=\"application\/ld+json\" class=\"yoast-schema-graph\">{\"@context\":\"https:\/\/schema.org\",\"@graph\":[{\"@type\":\"WebPage\",\"@id\":\"https:\/\/imeba.clinic\/facial\/weekend-peel\/\",\"url\":\"https:\/\/imeba.clinic\/facial\/weekend-peel\/\",\"name\":\"Weekend Peel - Clinicas IMEBA\u00ae\",\"isPartOf\":{\"@id\":\"https:\/\/imeba.clinic\/#website\"},\"primaryImageOfPage\":{\"@id\":\"https:\/\/imeba.clinic\/facial\/weekend-peel\/#primaryimage\"},\"image\":{\"@id\":\"https:\/\/imeba.clinic\/facial\/weekend-peel\/#primaryimage\"},\"thumbnailUrl\":\"https:\/\/imeba.clinic\/wp-content\/uploads\/2023\/01\/Rinomodelacion.jpg\",\"datePublished\":\"2023-02-20T10:24:06+00:00\",\"dateModified\":\"2023-02-20T10:27:00+00:00\",\"breadcrumb\":{\"@id\":\"https:\/\/imeba.clinic\/facial\/weekend-peel\/#breadcrumb\"},\"inLanguage\":\"de\",\"potentialAction\":[{\"@type\":\"ReadAction\",\"target\":[\"https:\/\/imeba.clinic\/facial\/weekend-peel\/\"]}]},{\"@type\":\"ImageObject\",\"inLanguage\":\"de\",\"@id\":\"https:\/\/imeba.clinic\/facial\/weekend-peel\/#primaryimage\",\"url\":\"https:\/\/imeba.clinic\/wp-content\/uploads\/2023\/01\/Rinomodelacion.jpg\",\"contentUrl\":\"https:\/\/imeba.clinic\/wp-content\/uploads\/2023\/01\/Rinomodelacion.jpg\",\"width\":2000,\"height\":1333},{\"@type\":\"BreadcrumbList\",\"@id\":\"https:\/\/imeba.clinic\/facial\/weekend-peel\/#breadcrumb\",\"itemListElement\":[{\"@type\":\"ListItem\",\"position\":1,\"name\":\"Portada\",\"item\":\"https:\/\/imeba.clinic\/\"},{\"@type\":\"ListItem\",\"position\":2,\"name\":\"Facial\",\"item\":\"https:\/\/imeba.clinic\/facial\/\"},{\"@type\":\"ListItem\",\"position\":3,\"name\":\"Weekend Peel\"}]},{\"@type\":\"WebSite\",\"@id\":\"https:\/\/imeba.clinic\/#website\",\"url\":\"https:\/\/imeba.clinic\/\",\"name\":\"Clinicas IMEBA\u00ae\",\"description\":\"Medicina estetica cirugia facial\",\"publisher\":{\"@id\":\"https:\/\/imeba.clinic\/#organization\"},\"potentialAction\":[{\"@type\":\"SearchAction\",\"target\":{\"@type\":\"EntryPoint\",\"urlTemplate\":\"https:\/\/imeba.clinic\/?s={search_term_string}\"},\"query-input\":{\"@type\":\"PropertyValueSpecification\",\"valueRequired\":true,\"valueName\":\"search_term_string\"}}],\"inLanguage\":\"de\"},{\"@type\":\"Organization\",\"@id\":\"https:\/\/imeba.clinic\/#organization\",\"name\":\"Clinicas IMEBA\u00ae\",\"url\":\"https:\/\/imeba.clinic\/\",\"logo\":{\"@type\":\"ImageObject\",\"inLanguage\":\"de\",\"@id\":\"https:\/\/imeba.clinic\/#\/schema\/logo\/image\/\",\"url\":\"https:\/\/imeba.clinic\/wp-content\/uploads\/2023\/01\/cropped-11722351_740325796094007_2206264894896353109_o.jpg\",\"contentUrl\":\"https:\/\/imeba.clinic\/wp-content\/uploads\/2023\/01\/cropped-11722351_740325796094007_2206264894896353109_o.jpg\",\"width\":1221,\"height\":349,\"caption\":\"Clinicas IMEBA\u00ae\"},\"image\":{\"@id\":\"https:\/\/imeba.clinic\/#\/schema\/logo\/image\/\"},\"sameAs\":[\"https:\/\/www.facebook.com\/clinicasimebamallorca\",\"https:\/\/x.com\/IMEBAInfo\",\"https:\/\/www.youtube.com\/@TorstenMarin\"]}]}<\/script>\n<!-- \/ Yoast SEO plugin. -->","yoast_head_json":{"title":"Weekend Peel - Clinicas IMEBA\u00ae","robots":{"index":"index","follow":"follow","max-snippet":"max-snippet:-1","max-image-preview":"max-image-preview:large","max-video-preview":"max-video-preview:-1"},"canonical":"https:\/\/imeba.clinic\/de\/facial\/weekend-peel\/","og_locale":"de_DE","og_type":"article","og_title":"Weekend Peel - Clinicas IMEBA\u00ae","og_description":"Facial WEEKEND PEEL Una exfoliaci\u00f3n con micro l\u00e1ser, a menudo denominada \u201cweekend peel\u201d o exfoliaci\u00f3n de fin de semana, es uno de los \u00faltimos avances en el rejuvenecimiento de la piel.Y recibe ese nombre porque habitualmente se realiza los jueves o viernes para que la rojez que va a surgir en la cara tras su [&hellip;]","og_url":"https:\/\/imeba.clinic\/de\/facial\/weekend-peel\/","og_site_name":"Clinicas IMEBA\u00ae","article_publisher":"https:\/\/www.facebook.com\/clinicasimebamallorca","article_modified_time":"2023-02-20T10:27:00+00:00","og_image":[{"width":2000,"height":1333,"url":"http:\/\/imeba.clinic\/wp-content\/uploads\/2023\/01\/Rinomodelacion.jpg","type":"image\/jpeg"}],"twitter_card":"summary_large_image","twitter_site":"@IMEBAInfo","twitter_misc":{"Gesch\u00e4tzte Lesezeit":"3\u00a0Minuten"},"schema":{"@context":"https:\/\/schema.org","@graph":[{"@type":"WebPage","@id":"https:\/\/imeba.clinic\/facial\/weekend-peel\/","url":"https:\/\/imeba.clinic\/facial\/weekend-peel\/","name":"Weekend Peel - Clinicas IMEBA\u00ae","isPartOf":{"@id":"https:\/\/imeba.clinic\/#website"},"primaryImageOfPage":{"@id":"https:\/\/imeba.clinic\/facial\/weekend-peel\/#primaryimage"},"image":{"@id":"https:\/\/imeba.clinic\/facial\/weekend-peel\/#primaryimage"},"thumbnailUrl":"https:\/\/imeba.clinic\/wp-content\/uploads\/2023\/01\/Rinomodelacion.jpg","datePublished":"2023-02-20T10:24:06+00:00","dateModified":"2023-02-20T10:27:00+00:00","breadcrumb":{"@id":"https:\/\/imeba.clinic\/facial\/weekend-peel\/#breadcrumb"},"inLanguage":"de","potentialAction":[{"@type":"ReadAction","target":["https:\/\/imeba.clinic\/facial\/weekend-peel\/"]}]},{"@type":"ImageObject","inLanguage":"de","@id":"https:\/\/imeba.clinic\/facial\/weekend-peel\/#primaryimage","url":"https:\/\/imeba.clinic\/wp-content\/uploads\/2023\/01\/Rinomodelacion.jpg","contentUrl":"https:\/\/imeba.clinic\/wp-content\/uploads\/2023\/01\/Rinomodelacion.jpg","width":2000,"height":1333},{"@type":"BreadcrumbList","@id":"https:\/\/imeba.clinic\/facial\/weekend-peel\/#breadcrumb","itemListElement":[{"@type":"ListItem","position":1,"name":"Portada","item":"https:\/\/imeba.clinic\/"},{"@type":"ListItem","position":2,"name":"Facial","item":"https:\/\/imeba.clinic\/facial\/"},{"@type":"ListItem","position":3,"name":"Weekend Peel"}]},{"@type":"WebSite","@id":"https:\/\/imeba.clinic\/#website","url":"https:\/\/imeba.clinic\/","name":"Clinicas IMEBA\u00ae","description":"Medicina estetica cirugia facial","publisher":{"@id":"https:\/\/imeba.clinic\/#organization"},"potentialAction":[{"@type":"SearchAction","target":{"@type":"EntryPoint","urlTemplate":"https:\/\/imeba.clinic\/?s={search_term_string}"},"query-input":{"@type":"PropertyValueSpecification","valueRequired":true,"valueName":"search_term_string"}}],"inLanguage":"de"},{"@type":"Organization","@id":"https:\/\/imeba.clinic\/#organization","name":"Clinicas IMEBA\u00ae","url":"https:\/\/imeba.clinic\/","logo":{"@type":"ImageObject","inLanguage":"de","@id":"https:\/\/imeba.clinic\/#\/schema\/logo\/image\/","url":"https:\/\/imeba.clinic\/wp-content\/uploads\/2023\/01\/cropped-11722351_740325796094007_2206264894896353109_o.jpg","contentUrl":"https:\/\/imeba.clinic\/wp-content\/uploads\/2023\/01\/cropped-11722351_740325796094007_2206264894896353109_o.jpg","width":1221,"height":349,"caption":"Clinicas IMEBA\u00ae"},"image":{"@id":"https:\/\/imeba.clinic\/#\/schema\/logo\/image\/"},"sameAs":["https:\/\/www.facebook.com\/clinicasimebamallorca","https:\/\/x.com\/IMEBAInfo","https:\/\/www.youtube.com\/@TorstenMarin"]}]}},"_links":{"self":[{"href":"https:\/\/imeba.clinic\/de\/wp-json\/wp\/v2\/pages\/2629","targetHints":{"allow":["GET"]}}],"collection":[{"href":"https:\/\/imeba.clinic\/de\/wp-json\/wp\/v2\/pages"}],"about":[{"href":"https:\/\/imeba.clinic\/de\/wp-json\/wp\/v2\/types\/page"}],"author":[{"embeddable":true,"href":"https:\/\/imeba.clinic\/de\/wp-json\/wp\/v2\/users\/2"}],"replies":[{"embeddable":true,"href":"https:\/\/imeba.clinic\/de\/wp-json\/wp\/v2\/comments?post=2629"}],"version-history":[{"count":0,"href":"https:\/\/imeba.clinic\/de\/wp-json\/wp\/v2\/pages\/2629\/revisions"}],"up":[{"embeddable":true,"href":"https:\/\/imeba.clinic\/de\/wp-json\/wp\/v2\/pages\/1327"}],"wp:featuredmedia":[{"embeddable":true,"href":"https:\/\/imeba.clinic\/de\/wp-json\/wp\/v2\/media\/1521"}],"wp:attachment":[{"href":"https:\/\/imeba.clinic\/de\/wp-json\/wp\/v2\/media?parent=2629"}],"curies":[{"name":"wp","href":"https:\/\/api.w.org\/{rel}","templated":true}]}}