
{"id":2547,"date":"2023-02-08T13:44:50","date_gmt":"2023-02-08T13:44:50","guid":{"rendered":"https:\/\/imeba.clinic\/?page_id=2547"},"modified":"2023-07-25T14:28:04","modified_gmt":"2023-07-25T13:28:04","slug":"mini-face-lifting","status":"publish","type":"page","link":"https:\/\/imeba.clinic\/de\/cirugia\/mini-face-lifting\/","title":{"rendered":"Mini-Face-Lifting"},"content":{"rendered":"<div data-elementor-type=\"wp-page\" data-elementor-id=\"2547\" class=\"elementor elementor-2547\" data-elementor-post-type=\"page\">\n\t\t\t\t\t\t<section class=\"elementor-section elementor-top-section elementor-element elementor-element-bda6fe1 elementor-section-height-min-height elementor-section-boxed elementor-section-height-default elementor-section-items-middle\" data-id=\"bda6fe1\" data-element_type=\"section\" data-settings=\"{&quot;background_background&quot;:&quot;classic&quot;,&quot;background_motion_fx_motion_fx_scrolling&quot;:&quot;yes&quot;,&quot;background_motion_fx_translateY_effect&quot;:&quot;yes&quot;,&quot;jet_parallax_layout_list&quot;:[],&quot;background_motion_fx_translateY_speed&quot;:{&quot;unit&quot;:&quot;px&quot;,&quot;size&quot;:4,&quot;sizes&quot;:[]},&quot;background_motion_fx_translateY_affectedRange&quot;:{&quot;unit&quot;:&quot;%&quot;,&quot;size&quot;:&quot;&quot;,&quot;sizes&quot;:{&quot;start&quot;:0,&quot;end&quot;:100}},&quot;background_motion_fx_devices&quot;:[&quot;desktop&quot;,&quot;tablet&quot;,&quot;mobile&quot;]}\">\n\t\t\t\t\t\t\t<div class=\"elementor-background-overlay\"><\/div>\n\t\t\t\t\t\t\t<div class=\"elementor-container elementor-column-gap-default\">\n\t\t\t\t\t<div class=\"elementor-column elementor-col-100 elementor-top-column elementor-element elementor-element-4047d78\" data-id=\"4047d78\" data-element_type=\"column\">\n\t\t\t<div class=\"elementor-widget-wrap elementor-element-populated\">\n\t\t\t\t\t\t\t<\/div>\n\t\t<\/div>\n\t\t\t\t\t<\/div>\n\t\t<\/section>\n\t\t\t\t<section class=\"elementor-section elementor-top-section elementor-element elementor-element-86fc8d9 elementor-section-boxed elementor-section-height-default elementor-section-height-default\" data-id=\"86fc8d9\" data-element_type=\"section\" data-settings=\"{&quot;jet_parallax_layout_list&quot;:[]}\">\n\t\t\t\t\t\t<div class=\"elementor-container elementor-column-gap-default\">\n\t\t\t\t\t<div class=\"elementor-column elementor-col-50 elementor-top-column elementor-element elementor-element-06ba101\" data-id=\"06ba101\" data-element_type=\"column\">\n\t\t\t<div class=\"elementor-widget-wrap elementor-element-populated\">\n\t\t\t\t\t\t<div class=\"elementor-element elementor-element-e05810c elementor-widget elementor-widget-image\" data-id=\"e05810c\" data-element_type=\"widget\" data-widget_type=\"image.default\">\n\t\t\t\t\t\t\t\t\t\t\t\t\t\t\t<img fetchpriority=\"high\" decoding=\"async\" width=\"800\" height=\"372\" src=\"https:\/\/imeba.clinic\/wp-content\/uploads\/2023\/02\/minilifting-facial-barcelona.jpg\" class=\"attachment-large size-large wp-image-2548\" alt=\"\" srcset=\"https:\/\/imeba.clinic\/wp-content\/uploads\/2023\/02\/minilifting-facial-barcelona.jpg 1000w, https:\/\/imeba.clinic\/wp-content\/uploads\/2023\/02\/minilifting-facial-barcelona-300x140.jpg 300w, https:\/\/imeba.clinic\/wp-content\/uploads\/2023\/02\/minilifting-facial-barcelona-768x357.jpg 768w, https:\/\/imeba.clinic\/wp-content\/uploads\/2023\/02\/minilifting-facial-barcelona-18x8.jpg 18w\" sizes=\"(max-width: 800px) 100vw, 800px\" \/>\t\t\t\t\t\t\t\t\t\t\t\t\t\t\t<\/div>\n\t\t\t\t<div class=\"elementor-element elementor-element-5db2cb7 elementor-widget elementor-widget-heading\" data-id=\"5db2cb7\" data-element_type=\"widget\" data-widget_type=\"heading.default\">\n\t\t\t\t\t<h2 class=\"elementor-heading-title elementor-size-default\">Was ist ein Mini-Face-Lifting?<\/h2>\t\t\t\t<\/div>\n\t\t\t\t<div class=\"elementor-element elementor-element-f208bc9 elementor-widget elementor-widget-text-editor\" data-id=\"f208bc9\" data-element_type=\"widget\" data-widget_type=\"text-editor.default\">\n\t\t\t\t\t\t\t\t\t<p>Die Minilift-Gesichtschirurgie, auch Minilift oder schnelles Facelift genannt, ist besonders geeignet, um einen Verj\u00fcngungseffekt an Wangen und Kiefer zu erzielen, wenn die Alterungserscheinungen noch nicht sehr ausgepr\u00e4gt sind und das Gewebe nicht \u00fcberm\u00e4\u00dfig erschlafft ist.<\/p>\t\t\t\t\t\t\t\t<\/div>\n\t\t\t\t<div class=\"elementor-element elementor-element-ce6e0df elementor-widget elementor-widget-heading\" data-id=\"ce6e0df\" data-element_type=\"widget\" data-widget_type=\"heading.default\">\n\t\t\t\t\t<h2 class=\"elementor-heading-title elementor-size-default\">In welchen F\u00e4llen ist dieser Eingriff geeignet?<\/h2>\t\t\t\t<\/div>\n\t\t\t\t<div class=\"elementor-element elementor-element-90d276b elementor-widget elementor-widget-text-editor\" data-id=\"90d276b\" data-element_type=\"widget\" data-widget_type=\"text-editor.default\">\n\t\t\t\t\t\t\t\t\t<p>Diese Art von Eingriff ist f\u00fcr relativ junge Patienten mit beginnenden Anzeichen der Gesichtsalterung geeignet, in der Regel zwischen 40 und 50 Jahren. In h\u00f6herem Alter wird in der Regel das normale zervikale Facelifting empfohlen. Es ist daher f\u00fcr diejenigen angezeigt, die die ersten Anzeichen von Alterung und schlaffer Haut korrigieren wollen.<\/p>\t\t\t\t\t\t\t\t<\/div>\n\t\t\t\t<div class=\"elementor-element elementor-element-7de08a6 elementor-widget elementor-widget-heading\" data-id=\"7de08a6\" data-element_type=\"widget\" data-widget_type=\"heading.default\">\n\t\t\t\t\t<h2 class=\"elementor-heading-title elementor-size-default\">Eingriff und postoperativer Zeitraum<\/h2>\t\t\t\t<\/div>\n\t\t\t\t<div class=\"elementor-element elementor-element-689de08 elementor-widget elementor-widget-text-editor\" data-id=\"689de08\" data-element_type=\"widget\" data-widget_type=\"text-editor.default\">\n\t\t\t\t\t\t\t\t\t<p>Der Eingriff kann unter \u00f6rtlicher Bet\u00e4ubung oder Sedierung durchgef\u00fchrt werden. Nach einem Mini-Facelift k\u00f6nnen Sie noch am selben Abend nach Hause gehen. Nach 1 Woche k\u00f6nnen Sie Ihren t\u00e4glichen Aktivit\u00e4ten wieder nachgehen. In den ersten Tagen kann es zu Schwellungen und Bluterg\u00fcssen kommen, die nach und nach verschwinden. Nach einer Woche k\u00f6nnen die F\u00e4den entfernt werden. Die Wirkung des Mini-Liftings ist sehr lang anhaltend, auch wenn es den Alterungsprozess nicht aufh\u00e4lt. Mit der Zeit werden Sie viel besser aussehen, als wenn Sie sich nicht dem Eingriff unterzogen h\u00e4tten.<\/p>\t\t\t\t\t\t\t\t<\/div>\n\t\t\t\t\t<\/div>\n\t\t<\/div>\n\t\t\t\t<div class=\"elementor-column elementor-col-50 elementor-top-column elementor-element elementor-element-2a7a2c0\" data-id=\"2a7a2c0\" data-element_type=\"column\">\n\t\t\t<div class=\"elementor-widget-wrap elementor-element-populated\">\n\t\t\t\t\t\t<section class=\"elementor-section elementor-inner-section elementor-element elementor-element-e2b824f elementor-section-boxed elementor-section-height-default elementor-section-height-default\" data-id=\"e2b824f\" data-element_type=\"section\" data-settings=\"{&quot;background_background&quot;:&quot;classic&quot;,&quot;sticky&quot;:&quot;top&quot;,&quot;sticky_offset&quot;:120,&quot;sticky_parent&quot;:&quot;yes&quot;,&quot;jet_parallax_layout_list&quot;:[],&quot;sticky_on&quot;:[&quot;desktop&quot;,&quot;tablet&quot;,&quot;mobile&quot;],&quot;sticky_effects_offset&quot;:0,&quot;sticky_anchor_link_offset&quot;:0}\">\n\t\t\t\t\t\t<div class=\"elementor-container elementor-column-gap-default\">\n\t\t\t\t\t<div class=\"elementor-column elementor-col-100 elementor-inner-column elementor-element elementor-element-236415d\" data-id=\"236415d\" data-element_type=\"column\">\n\t\t\t<div class=\"elementor-widget-wrap elementor-element-populated\">\n\t\t\t\t\t\t<div class=\"elementor-element elementor-element-15a64fa elementor-widget elementor-widget-heading\" data-id=\"15a64fa\" data-element_type=\"widget\" data-widget_type=\"heading.default\">\n\t\t\t\t\t<h2 class=\"elementor-heading-title elementor-size-default\">Preis<\/h2>\t\t\t\t<\/div>\n\t\t\t\t<div class=\"elementor-element elementor-element-f295770 elementor-widget elementor-widget-text-editor\" data-id=\"f295770\" data-element_type=\"widget\" data-widget_type=\"text-editor.default\">\n\t\t\t\t\t\t\t\t\t<p>Bitte vereinbaren Sie einen Beratungstermin mit unserem Chirurgen, um einen Kostenvoranschlag zu erhalten. Diese Beratung kostet 60\u20ac, die vom Gesamtbetrag abgezogen werden, wenn der Eingriff durchgef\u00fchrt wird.<\/p>\t\t\t\t\t\t\t\t<\/div>\n\t\t\t\t<div class=\"elementor-element elementor-element-0bf8815 elementor-mobile-align-justify elementor-widget-mobile__width-inherit elementor-tablet-align-justify elementor-widget-tablet__width-inherit elementor-align-justify elementor-widget elementor-widget-button\" data-id=\"0bf8815\" data-element_type=\"widget\" data-widget_type=\"button.default\">\n\t\t\t\t\t\t\t\t\t\t<a class=\"elementor-button elementor-button-link elementor-size-sm\" href=\"https:\/\/api.whatsapp.com\/send?phone=34653620509&#038;text=Hola%20Cl%C3%ADnicas%20IMEBA,%20ponte%20en%20contacto%20conmigo.%20(Mini-Face-Lifting)%20Muchas%20gracias.%20\">\n\t\t\t\t\t\t<span class=\"elementor-button-content-wrapper\">\n\t\t\t\t\t\t\t\t\t<span class=\"elementor-button-text\">Beratung<\/span>\n\t\t\t\t\t<\/span>\n\t\t\t\t\t<\/a>\n\t\t\t\t\t\t\t\t<\/div>\n\t\t\t\t<div class=\"elementor-element elementor-element-a5c52ae elementor-widget elementor-widget-text-editor\" data-id=\"a5c52ae\" data-element_type=\"widget\" data-widget_type=\"text-editor.default\">\n\t\t\t\t\t\t\t\t\t<p>Sie k\u00f6nnen uns auch eine Nachricht per WhatsApp senden.<\/p>\t\t\t\t\t\t\t\t<\/div>\n\t\t\t\t\t<\/div>\n\t\t<\/div>\n\t\t\t\t\t<\/div>\n\t\t<\/section>\n\t\t\t\t\t<\/div>\n\t\t<\/div>\n\t\t\t\t\t<\/div>\n\t\t<\/section>\n\t\t\t\t<\/div>","protected":false},"excerpt":{"rendered":"<p>\u00bfQu\u00e9 es el Mini-Face-Lifting? La cirug\u00eda facial con minilifting, tambi\u00e9n llamada minilift o lifting r\u00e1pido, es especialmente adecuado para conseguir un efecto rejuvenecedor en las mejillas y en la l\u00ednea maxilar en aquellos casos en que los signos el envejecimiento sean incipientes y el descolgamiento de los tejidos no sea excesivo. \u00bfEn qu\u00e9 casos est\u00e1 [&hellip;]<\/p>","protected":false},"author":2,"featured_media":2548,"parent":1442,"menu_order":0,"comment_status":"closed","ping_status":"closed","template":"elementor_header_footer","meta":{"footnotes":""},"class_list":["post-2547","page","type-page","status-publish","has-post-thumbnail","hentry"],"yoast_head":"<!-- This site is optimized with the Yoast SEO plugin v25.8 - https:\/\/yoast.com\/wordpress\/plugins\/seo\/ -->\n<title>Mini-Face-Lifting - Clinicas IMEBA\u00ae<\/title>\n<meta name=\"robots\" content=\"index, follow, max-snippet:-1, max-image-preview:large, max-video-preview:-1\" \/>\n<link rel=\"canonical\" href=\"https:\/\/imeba.clinic\/de\/cirugia\/mini-face-lifting\/\" \/>\n<meta property=\"og:locale\" content=\"de_DE\" \/>\n<meta property=\"og:type\" content=\"article\" \/>\n<meta property=\"og:title\" content=\"Mini-Face-Lifting - Clinicas IMEBA\u00ae\" \/>\n<meta property=\"og:description\" content=\"\u00bfQu\u00e9 es el Mini-Face-Lifting? La cirug\u00eda facial con minilifting, tambi\u00e9n llamada minilift o lifting r\u00e1pido, es especialmente adecuado para conseguir un efecto rejuvenecedor en las mejillas y en la l\u00ednea maxilar en aquellos casos en que los signos el envejecimiento sean incipientes y el descolgamiento de los tejidos no sea excesivo. \u00bfEn qu\u00e9 casos est\u00e1 [&hellip;]\" \/>\n<meta property=\"og:url\" content=\"https:\/\/imeba.clinic\/de\/cirugia\/mini-face-lifting\/\" \/>\n<meta property=\"og:site_name\" content=\"Clinicas IMEBA\u00ae\" \/>\n<meta property=\"article:publisher\" content=\"https:\/\/www.facebook.com\/clinicasimebamallorca\" \/>\n<meta property=\"article:modified_time\" content=\"2023-07-25T13:28:04+00:00\" \/>\n<meta property=\"og:image\" content=\"http:\/\/imeba.clinic\/wp-content\/uploads\/2023\/02\/minilifting-facial-barcelona.jpg\" \/>\n\t<meta property=\"og:image:width\" content=\"1000\" \/>\n\t<meta property=\"og:image:height\" content=\"465\" \/>\n\t<meta property=\"og:image:type\" content=\"image\/jpeg\" \/>\n<meta name=\"twitter:card\" content=\"summary_large_image\" \/>\n<meta name=\"twitter:site\" content=\"@IMEBAInfo\" \/>\n<meta name=\"twitter:label1\" content=\"Gesch\u00e4tzte Lesezeit\" \/>\n\t<meta name=\"twitter:data1\" content=\"2\u00a0Minuten\" \/>\n<script type=\"application\/ld+json\" class=\"yoast-schema-graph\">{\"@context\":\"https:\/\/schema.org\",\"@graph\":[{\"@type\":\"WebPage\",\"@id\":\"https:\/\/imeba.clinic\/cirugia\/mini-face-lifting\/\",\"url\":\"https:\/\/imeba.clinic\/cirugia\/mini-face-lifting\/\",\"name\":\"Mini-Face-Lifting - Clinicas IMEBA\u00ae\",\"isPartOf\":{\"@id\":\"https:\/\/imeba.clinic\/#website\"},\"primaryImageOfPage\":{\"@id\":\"https:\/\/imeba.clinic\/cirugia\/mini-face-lifting\/#primaryimage\"},\"image\":{\"@id\":\"https:\/\/imeba.clinic\/cirugia\/mini-face-lifting\/#primaryimage\"},\"thumbnailUrl\":\"https:\/\/imeba.clinic\/wp-content\/uploads\/2023\/02\/minilifting-facial-barcelona.jpg\",\"datePublished\":\"2023-02-08T13:44:50+00:00\",\"dateModified\":\"2023-07-25T13:28:04+00:00\",\"breadcrumb\":{\"@id\":\"https:\/\/imeba.clinic\/cirugia\/mini-face-lifting\/#breadcrumb\"},\"inLanguage\":\"de\",\"potentialAction\":[{\"@type\":\"ReadAction\",\"target\":[\"https:\/\/imeba.clinic\/cirugia\/mini-face-lifting\/\"]}]},{\"@type\":\"ImageObject\",\"inLanguage\":\"de\",\"@id\":\"https:\/\/imeba.clinic\/cirugia\/mini-face-lifting\/#primaryimage\",\"url\":\"https:\/\/imeba.clinic\/wp-content\/uploads\/2023\/02\/minilifting-facial-barcelona.jpg\",\"contentUrl\":\"https:\/\/imeba.clinic\/wp-content\/uploads\/2023\/02\/minilifting-facial-barcelona.jpg\",\"width\":1000,\"height\":465},{\"@type\":\"BreadcrumbList\",\"@id\":\"https:\/\/imeba.clinic\/cirugia\/mini-face-lifting\/#breadcrumb\",\"itemListElement\":[{\"@type\":\"ListItem\",\"position\":1,\"name\":\"Portada\",\"item\":\"https:\/\/imeba.clinic\/\"},{\"@type\":\"ListItem\",\"position\":2,\"name\":\"Cirug\u00eda\",\"item\":\"https:\/\/imeba.clinic\/cirugia\/\"},{\"@type\":\"ListItem\",\"position\":3,\"name\":\"Mini-Face-Lifting\"}]},{\"@type\":\"WebSite\",\"@id\":\"https:\/\/imeba.clinic\/#website\",\"url\":\"https:\/\/imeba.clinic\/\",\"name\":\"Clinicas IMEBA\u00ae\",\"description\":\"Medicina estetica cirugia facial\",\"publisher\":{\"@id\":\"https:\/\/imeba.clinic\/#organization\"},\"potentialAction\":[{\"@type\":\"SearchAction\",\"target\":{\"@type\":\"EntryPoint\",\"urlTemplate\":\"https:\/\/imeba.clinic\/?s={search_term_string}\"},\"query-input\":{\"@type\":\"PropertyValueSpecification\",\"valueRequired\":true,\"valueName\":\"search_term_string\"}}],\"inLanguage\":\"de\"},{\"@type\":\"Organization\",\"@id\":\"https:\/\/imeba.clinic\/#organization\",\"name\":\"Clinicas IMEBA\u00ae\",\"url\":\"https:\/\/imeba.clinic\/\",\"logo\":{\"@type\":\"ImageObject\",\"inLanguage\":\"de\",\"@id\":\"https:\/\/imeba.clinic\/#\/schema\/logo\/image\/\",\"url\":\"https:\/\/imeba.clinic\/wp-content\/uploads\/2023\/01\/cropped-11722351_740325796094007_2206264894896353109_o.jpg\",\"contentUrl\":\"https:\/\/imeba.clinic\/wp-content\/uploads\/2023\/01\/cropped-11722351_740325796094007_2206264894896353109_o.jpg\",\"width\":1221,\"height\":349,\"caption\":\"Clinicas IMEBA\u00ae\"},\"image\":{\"@id\":\"https:\/\/imeba.clinic\/#\/schema\/logo\/image\/\"},\"sameAs\":[\"https:\/\/www.facebook.com\/clinicasimebamallorca\",\"https:\/\/x.com\/IMEBAInfo\",\"https:\/\/www.youtube.com\/@TorstenMarin\"]}]}<\/script>\n<!-- \/ Yoast SEO plugin. -->","yoast_head_json":{"title":"Mini-Face-Lifting - Clinicas IMEBA\u00ae","robots":{"index":"index","follow":"follow","max-snippet":"max-snippet:-1","max-image-preview":"max-image-preview:large","max-video-preview":"max-video-preview:-1"},"canonical":"https:\/\/imeba.clinic\/de\/cirugia\/mini-face-lifting\/","og_locale":"de_DE","og_type":"article","og_title":"Mini-Face-Lifting - Clinicas IMEBA\u00ae","og_description":"\u00bfQu\u00e9 es el Mini-Face-Lifting? La cirug\u00eda facial con minilifting, tambi\u00e9n llamada minilift o lifting r\u00e1pido, es especialmente adecuado para conseguir un efecto rejuvenecedor en las mejillas y en la l\u00ednea maxilar en aquellos casos en que los signos el envejecimiento sean incipientes y el descolgamiento de los tejidos no sea excesivo. \u00bfEn qu\u00e9 casos est\u00e1 [&hellip;]","og_url":"https:\/\/imeba.clinic\/de\/cirugia\/mini-face-lifting\/","og_site_name":"Clinicas IMEBA\u00ae","article_publisher":"https:\/\/www.facebook.com\/clinicasimebamallorca","article_modified_time":"2023-07-25T13:28:04+00:00","og_image":[{"width":1000,"height":465,"url":"http:\/\/imeba.clinic\/wp-content\/uploads\/2023\/02\/minilifting-facial-barcelona.jpg","type":"image\/jpeg"}],"twitter_card":"summary_large_image","twitter_site":"@IMEBAInfo","twitter_misc":{"Gesch\u00e4tzte Lesezeit":"2\u00a0Minuten"},"schema":{"@context":"https:\/\/schema.org","@graph":[{"@type":"WebPage","@id":"https:\/\/imeba.clinic\/cirugia\/mini-face-lifting\/","url":"https:\/\/imeba.clinic\/cirugia\/mini-face-lifting\/","name":"Mini-Face-Lifting - Clinicas IMEBA\u00ae","isPartOf":{"@id":"https:\/\/imeba.clinic\/#website"},"primaryImageOfPage":{"@id":"https:\/\/imeba.clinic\/cirugia\/mini-face-lifting\/#primaryimage"},"image":{"@id":"https:\/\/imeba.clinic\/cirugia\/mini-face-lifting\/#primaryimage"},"thumbnailUrl":"https:\/\/imeba.clinic\/wp-content\/uploads\/2023\/02\/minilifting-facial-barcelona.jpg","datePublished":"2023-02-08T13:44:50+00:00","dateModified":"2023-07-25T13:28:04+00:00","breadcrumb":{"@id":"https:\/\/imeba.clinic\/cirugia\/mini-face-lifting\/#breadcrumb"},"inLanguage":"de","potentialAction":[{"@type":"ReadAction","target":["https:\/\/imeba.clinic\/cirugia\/mini-face-lifting\/"]}]},{"@type":"ImageObject","inLanguage":"de","@id":"https:\/\/imeba.clinic\/cirugia\/mini-face-lifting\/#primaryimage","url":"https:\/\/imeba.clinic\/wp-content\/uploads\/2023\/02\/minilifting-facial-barcelona.jpg","contentUrl":"https:\/\/imeba.clinic\/wp-content\/uploads\/2023\/02\/minilifting-facial-barcelona.jpg","width":1000,"height":465},{"@type":"BreadcrumbList","@id":"https:\/\/imeba.clinic\/cirugia\/mini-face-lifting\/#breadcrumb","itemListElement":[{"@type":"ListItem","position":1,"name":"Portada","item":"https:\/\/imeba.clinic\/"},{"@type":"ListItem","position":2,"name":"Cirug\u00eda","item":"https:\/\/imeba.clinic\/cirugia\/"},{"@type":"ListItem","position":3,"name":"Mini-Face-Lifting"}]},{"@type":"WebSite","@id":"https:\/\/imeba.clinic\/#website","url":"https:\/\/imeba.clinic\/","name":"Clinicas IMEBA\u00ae","description":"Medicina estetica cirugia facial","publisher":{"@id":"https:\/\/imeba.clinic\/#organization"},"potentialAction":[{"@type":"SearchAction","target":{"@type":"EntryPoint","urlTemplate":"https:\/\/imeba.clinic\/?s={search_term_string}"},"query-input":{"@type":"PropertyValueSpecification","valueRequired":true,"valueName":"search_term_string"}}],"inLanguage":"de"},{"@type":"Organization","@id":"https:\/\/imeba.clinic\/#organization","name":"Clinicas IMEBA\u00ae","url":"https:\/\/imeba.clinic\/","logo":{"@type":"ImageObject","inLanguage":"de","@id":"https:\/\/imeba.clinic\/#\/schema\/logo\/image\/","url":"https:\/\/imeba.clinic\/wp-content\/uploads\/2023\/01\/cropped-11722351_740325796094007_2206264894896353109_o.jpg","contentUrl":"https:\/\/imeba.clinic\/wp-content\/uploads\/2023\/01\/cropped-11722351_740325796094007_2206264894896353109_o.jpg","width":1221,"height":349,"caption":"Clinicas IMEBA\u00ae"},"image":{"@id":"https:\/\/imeba.clinic\/#\/schema\/logo\/image\/"},"sameAs":["https:\/\/www.facebook.com\/clinicasimebamallorca","https:\/\/x.com\/IMEBAInfo","https:\/\/www.youtube.com\/@TorstenMarin"]}]}},"_links":{"self":[{"href":"https:\/\/imeba.clinic\/de\/wp-json\/wp\/v2\/pages\/2547","targetHints":{"allow":["GET"]}}],"collection":[{"href":"https:\/\/imeba.clinic\/de\/wp-json\/wp\/v2\/pages"}],"about":[{"href":"https:\/\/imeba.clinic\/de\/wp-json\/wp\/v2\/types\/page"}],"author":[{"embeddable":true,"href":"https:\/\/imeba.clinic\/de\/wp-json\/wp\/v2\/users\/2"}],"replies":[{"embeddable":true,"href":"https:\/\/imeba.clinic\/de\/wp-json\/wp\/v2\/comments?post=2547"}],"version-history":[{"count":0,"href":"https:\/\/imeba.clinic\/de\/wp-json\/wp\/v2\/pages\/2547\/revisions"}],"up":[{"embeddable":true,"href":"https:\/\/imeba.clinic\/de\/wp-json\/wp\/v2\/pages\/1442"}],"wp:featuredmedia":[{"embeddable":true,"href":"https:\/\/imeba.clinic\/de\/wp-json\/wp\/v2\/media\/2548"}],"wp:attachment":[{"href":"https:\/\/imeba.clinic\/de\/wp-json\/wp\/v2\/media?parent=2547"}],"curies":[{"name":"wp","href":"https:\/\/api.w.org\/{rel}","templated":true}]}}