
{"id":2533,"date":"2023-02-08T13:26:08","date_gmt":"2023-02-08T13:26:08","guid":{"rendered":"https:\/\/imeba.clinic\/?page_id=2533"},"modified":"2024-02-27T19:04:21","modified_gmt":"2024-02-27T18:04:21","slug":"mentoplastia","status":"publish","type":"page","link":"https:\/\/imeba.clinic\/de\/cirugia\/mentoplastia\/","title":{"rendered":"Mentoplastik"},"content":{"rendered":"<div data-elementor-type=\"wp-page\" data-elementor-id=\"2533\" class=\"elementor elementor-2533\" data-elementor-post-type=\"page\">\n\t\t\t\t\t\t<section class=\"elementor-section elementor-top-section elementor-element elementor-element-bda6fe1 elementor-section-height-min-height elementor-section-boxed elementor-section-height-default elementor-section-items-middle\" data-id=\"bda6fe1\" data-element_type=\"section\" data-settings=\"{&quot;background_background&quot;:&quot;classic&quot;,&quot;background_motion_fx_motion_fx_scrolling&quot;:&quot;yes&quot;,&quot;background_motion_fx_translateY_effect&quot;:&quot;yes&quot;,&quot;jet_parallax_layout_list&quot;:[],&quot;background_motion_fx_translateY_speed&quot;:{&quot;unit&quot;:&quot;px&quot;,&quot;size&quot;:4,&quot;sizes&quot;:[]},&quot;background_motion_fx_translateY_affectedRange&quot;:{&quot;unit&quot;:&quot;%&quot;,&quot;size&quot;:&quot;&quot;,&quot;sizes&quot;:{&quot;start&quot;:0,&quot;end&quot;:100}},&quot;background_motion_fx_devices&quot;:[&quot;desktop&quot;,&quot;tablet&quot;,&quot;mobile&quot;]}\">\n\t\t\t\t\t\t\t<div class=\"elementor-background-overlay\"><\/div>\n\t\t\t\t\t\t\t<div class=\"elementor-container elementor-column-gap-default\">\n\t\t\t\t\t<div class=\"elementor-column elementor-col-100 elementor-top-column elementor-element elementor-element-4047d78\" data-id=\"4047d78\" data-element_type=\"column\">\n\t\t\t<div class=\"elementor-widget-wrap elementor-element-populated\">\n\t\t\t\t\t\t\t<\/div>\n\t\t<\/div>\n\t\t\t\t\t<\/div>\n\t\t<\/section>\n\t\t\t\t<section class=\"elementor-section elementor-top-section elementor-element elementor-element-86fc8d9 elementor-section-boxed elementor-section-height-default elementor-section-height-default\" data-id=\"86fc8d9\" data-element_type=\"section\" data-settings=\"{&quot;jet_parallax_layout_list&quot;:[]}\">\n\t\t\t\t\t\t<div class=\"elementor-container elementor-column-gap-default\">\n\t\t\t\t\t<div class=\"elementor-column elementor-col-50 elementor-top-column elementor-element elementor-element-06ba101\" data-id=\"06ba101\" data-element_type=\"column\">\n\t\t\t<div class=\"elementor-widget-wrap elementor-element-populated\">\n\t\t\t\t\t\t<div class=\"elementor-element elementor-element-e05810c elementor-widget elementor-widget-image\" data-id=\"e05810c\" data-element_type=\"widget\" data-widget_type=\"image.default\">\n\t\t\t\t\t\t\t\t\t\t\t\t\t\t\t<img fetchpriority=\"high\" decoding=\"async\" width=\"800\" height=\"368\" src=\"https:\/\/imeba.clinic\/wp-content\/uploads\/2023\/02\/precio-implante-de-menton-turquia.png\" class=\"attachment-large size-large wp-image-2536\" alt=\"\" srcset=\"https:\/\/imeba.clinic\/wp-content\/uploads\/2023\/02\/precio-implante-de-menton-turquia.png 850w, https:\/\/imeba.clinic\/wp-content\/uploads\/2023\/02\/precio-implante-de-menton-turquia-300x138.png 300w, https:\/\/imeba.clinic\/wp-content\/uploads\/2023\/02\/precio-implante-de-menton-turquia-768x353.png 768w, https:\/\/imeba.clinic\/wp-content\/uploads\/2023\/02\/precio-implante-de-menton-turquia-18x8.png 18w\" sizes=\"(max-width: 800px) 100vw, 800px\" \/>\t\t\t\t\t\t\t\t\t\t\t\t\t\t\t<\/div>\n\t\t\t\t<div class=\"elementor-element elementor-element-5db2cb7 elementor-widget elementor-widget-heading\" data-id=\"5db2cb7\" data-element_type=\"widget\" data-widget_type=\"heading.default\">\n\t\t\t\t\t<h2 class=\"elementor-heading-title elementor-size-default\">\u00bfQu\u00e9 es la mentoplastia?<\/h2>\t\t\t\t<\/div>\n\t\t\t\t<div class=\"elementor-element elementor-element-f208bc9 elementor-widget elementor-widget-text-editor\" data-id=\"f208bc9\" data-element_type=\"widget\" data-widget_type=\"text-editor.default\">\n\t\t\t\t\t\t\t\t\t<div class=\"et_pb_module et_pb_text et_pb_text_4 et_pb_text_align_left et_pb_bg_layout_light\"><div class=\"et_pb_text_inner\"><p>La mentoplastia es el nombre t\u00e9cnico de la cirug\u00eda que consiste en cambiar la forma del ment\u00f3n\u00a0para conseguir una mejor simetr\u00eda y proporcionalidad.<\/p><p>Se realiza en el caso de personas que tiene mentones demasiado peque\u00f1os o grandes siempre que no presenten otros problemas con la mand\u00edbula.<\/p><\/div><\/div>\t\t\t\t\t\t\t\t<\/div>\n\t\t\t\t<div class=\"elementor-element elementor-element-7de08a6 elementor-widget elementor-widget-heading\" data-id=\"7de08a6\" data-element_type=\"widget\" data-widget_type=\"heading.default\">\n\t\t\t\t\t<h2 class=\"elementor-heading-title elementor-size-default\">Postoperativer Zeitraum<\/h2>\t\t\t\t<\/div>\n\t\t\t\t<div class=\"elementor-element elementor-element-689de08 elementor-widget elementor-widget-text-editor\" data-id=\"689de08\" data-element_type=\"widget\" data-widget_type=\"text-editor.default\">\n\t\t\t\t\t\t\t\t\t<p>La cirug\u00eda de ment\u00f3n tiene un alto grado de satisfacci\u00f3n por parte de los pacientes que se someten a ella, obteniendo en el rostro un perfil y armon\u00eda favorable. El proceso de inflamaci\u00f3n puede llevar de 1 a 2 semanas y depende del proceso de recuperaci\u00f3n f\u00edsica de cada paciente. Es posible que experimente una sensaci\u00f3n de tirantez o disminuya la sensibilidad de la zona debido a la misma inflamaci\u00f3n.<\/p>\n<p>Luego de los primeros 8 &#8211; 10 d\u00edas se podr\u00e1n empezar a ver los resultados finales pero el 90% de la inflamaci\u00f3n no habr\u00e1 desaparecido hasta pasado 1 mes.<\/p>\t\t\t\t\t\t\t\t<\/div>\n\t\t\t\t\t<\/div>\n\t\t<\/div>\n\t\t\t\t<div class=\"elementor-column elementor-col-50 elementor-top-column elementor-element elementor-element-2a7a2c0\" data-id=\"2a7a2c0\" data-element_type=\"column\">\n\t\t\t<div class=\"elementor-widget-wrap elementor-element-populated\">\n\t\t\t\t\t\t<section class=\"elementor-section elementor-inner-section elementor-element elementor-element-e2b824f elementor-section-boxed elementor-section-height-default elementor-section-height-default\" data-id=\"e2b824f\" data-element_type=\"section\" data-settings=\"{&quot;background_background&quot;:&quot;classic&quot;,&quot;sticky&quot;:&quot;top&quot;,&quot;sticky_offset&quot;:120,&quot;sticky_parent&quot;:&quot;yes&quot;,&quot;jet_parallax_layout_list&quot;:[],&quot;sticky_on&quot;:[&quot;desktop&quot;,&quot;tablet&quot;,&quot;mobile&quot;],&quot;sticky_effects_offset&quot;:0,&quot;sticky_anchor_link_offset&quot;:0}\">\n\t\t\t\t\t\t<div class=\"elementor-container elementor-column-gap-default\">\n\t\t\t\t\t<div class=\"elementor-column elementor-col-100 elementor-inner-column elementor-element elementor-element-236415d\" data-id=\"236415d\" data-element_type=\"column\">\n\t\t\t<div class=\"elementor-widget-wrap elementor-element-populated\">\n\t\t\t\t\t\t<div class=\"elementor-element elementor-element-15a64fa elementor-widget elementor-widget-heading\" data-id=\"15a64fa\" data-element_type=\"widget\" data-widget_type=\"heading.default\">\n\t\t\t\t\t<h2 class=\"elementor-heading-title elementor-size-default\">Precio pide consulta<\/h2>\t\t\t\t<\/div>\n\t\t\t\t<div class=\"elementor-element elementor-element-f295770 elementor-widget elementor-widget-text-editor\" data-id=\"f295770\" data-element_type=\"widget\" data-widget_type=\"text-editor.default\">\n\t\t\t\t\t\t\t\t\t<p>Bitte vereinbaren Sie einen Beratungstermin mit unserem Chirurgen, um einen Kostenvoranschlag zu erhalten. Diese Beratung kostet 60\u20ac, die vom Gesamtbetrag abgezogen werden, wenn der Eingriff durchgef\u00fchrt wird.<\/p>\t\t\t\t\t\t\t\t<\/div>\n\t\t\t\t<div class=\"elementor-element elementor-element-0bf8815 elementor-mobile-align-justify elementor-widget-mobile__width-inherit elementor-tablet-align-justify elementor-widget-tablet__width-inherit elementor-align-justify elementor-widget elementor-widget-button\" data-id=\"0bf8815\" data-element_type=\"widget\" data-widget_type=\"button.default\">\n\t\t\t\t\t\t\t\t\t\t<a class=\"elementor-button elementor-button-link elementor-size-sm\" href=\"https:\/\/api.whatsapp.com\/send?phone=34653620509&#038;text=Hola%20Cl%C3%ADnicas%20IMEBA,%20ponte%20en%20contacto%20conmigo.%20(Mentoplastia)%20Muchas%20gracias.%20\">\n\t\t\t\t\t\t<span class=\"elementor-button-content-wrapper\">\n\t\t\t\t\t\t\t\t\t<span class=\"elementor-button-text\">Beratung<\/span>\n\t\t\t\t\t<\/span>\n\t\t\t\t\t<\/a>\n\t\t\t\t\t\t\t\t<\/div>\n\t\t\t\t<div class=\"elementor-element elementor-element-a5c52ae elementor-widget elementor-widget-text-editor\" data-id=\"a5c52ae\" data-element_type=\"widget\" data-widget_type=\"text-editor.default\">\n\t\t\t\t\t\t\t\t\t<p>Sie k\u00f6nnen uns auch eine Nachricht per WhatsApp senden.<\/p>\t\t\t\t\t\t\t\t<\/div>\n\t\t\t\t\t<\/div>\n\t\t<\/div>\n\t\t\t\t\t<\/div>\n\t\t<\/section>\n\t\t\t\t\t<\/div>\n\t\t<\/div>\n\t\t\t\t\t<\/div>\n\t\t<\/section>\n\t\t\t\t<\/div>","protected":false},"excerpt":{"rendered":"<p>\u00bfQu\u00e9 es la mentoplastia? La mentoplastia es el nombre t\u00e9cnico de la cirug\u00eda que consiste en cambiar la forma del ment\u00f3n\u00a0para conseguir una mejor simetr\u00eda y proporcionalidad. Se realiza en el caso de personas que tiene mentones demasiado peque\u00f1os o grandes siempre que no presenten otros problemas con la mand\u00edbula. Postoperatorio La cirug\u00eda de ment\u00f3n [&hellip;]<\/p>","protected":false},"author":2,"featured_media":2536,"parent":1442,"menu_order":0,"comment_status":"closed","ping_status":"closed","template":"elementor_header_footer","meta":{"footnotes":""},"class_list":["post-2533","page","type-page","status-publish","has-post-thumbnail","hentry"],"yoast_head":"<!-- This site is optimized with the Yoast SEO plugin v25.8 - https:\/\/yoast.com\/wordpress\/plugins\/seo\/ -->\n<title>Mentoplastia - Clinicas IMEBA\u00ae<\/title>\n<meta name=\"robots\" content=\"index, follow, max-snippet:-1, max-image-preview:large, max-video-preview:-1\" \/>\n<link rel=\"canonical\" href=\"https:\/\/imeba.clinic\/de\/cirugia\/mentoplastia\/\" \/>\n<meta property=\"og:locale\" content=\"de_DE\" \/>\n<meta property=\"og:type\" content=\"article\" \/>\n<meta property=\"og:title\" content=\"Mentoplastia - Clinicas IMEBA\u00ae\" \/>\n<meta property=\"og:description\" content=\"\u00bfQu\u00e9 es la mentoplastia? La mentoplastia es el nombre t\u00e9cnico de la cirug\u00eda que consiste en cambiar la forma del ment\u00f3n\u00a0para conseguir una mejor simetr\u00eda y proporcionalidad. Se realiza en el caso de personas que tiene mentones demasiado peque\u00f1os o grandes siempre que no presenten otros problemas con la mand\u00edbula. Postoperatorio La cirug\u00eda de ment\u00f3n [&hellip;]\" \/>\n<meta property=\"og:url\" content=\"https:\/\/imeba.clinic\/de\/cirugia\/mentoplastia\/\" \/>\n<meta property=\"og:site_name\" content=\"Clinicas IMEBA\u00ae\" \/>\n<meta property=\"article:publisher\" content=\"https:\/\/www.facebook.com\/clinicasimebamallorca\" \/>\n<meta property=\"article:modified_time\" content=\"2024-02-27T18:04:21+00:00\" \/>\n<meta property=\"og:image\" content=\"http:\/\/imeba.clinic\/wp-content\/uploads\/2023\/02\/precio-implante-de-menton-turquia.png\" \/>\n\t<meta property=\"og:image:width\" content=\"850\" \/>\n\t<meta property=\"og:image:height\" content=\"391\" \/>\n\t<meta property=\"og:image:type\" content=\"image\/png\" \/>\n<meta name=\"twitter:card\" content=\"summary_large_image\" \/>\n<meta name=\"twitter:site\" content=\"@IMEBAInfo\" \/>\n<meta name=\"twitter:label1\" content=\"Gesch\u00e4tzte Lesezeit\" \/>\n\t<meta name=\"twitter:data1\" content=\"2\u00a0Minuten\" \/>\n<script type=\"application\/ld+json\" class=\"yoast-schema-graph\">{\"@context\":\"https:\/\/schema.org\",\"@graph\":[{\"@type\":\"WebPage\",\"@id\":\"https:\/\/imeba.clinic\/cirugia\/mentoplastia\/\",\"url\":\"https:\/\/imeba.clinic\/cirugia\/mentoplastia\/\",\"name\":\"Mentoplastia - Clinicas IMEBA\u00ae\",\"isPartOf\":{\"@id\":\"https:\/\/imeba.clinic\/#website\"},\"primaryImageOfPage\":{\"@id\":\"https:\/\/imeba.clinic\/cirugia\/mentoplastia\/#primaryimage\"},\"image\":{\"@id\":\"https:\/\/imeba.clinic\/cirugia\/mentoplastia\/#primaryimage\"},\"thumbnailUrl\":\"https:\/\/imeba.clinic\/wp-content\/uploads\/2023\/02\/precio-implante-de-menton-turquia.png\",\"datePublished\":\"2023-02-08T13:26:08+00:00\",\"dateModified\":\"2024-02-27T18:04:21+00:00\",\"breadcrumb\":{\"@id\":\"https:\/\/imeba.clinic\/cirugia\/mentoplastia\/#breadcrumb\"},\"inLanguage\":\"de\",\"potentialAction\":[{\"@type\":\"ReadAction\",\"target\":[\"https:\/\/imeba.clinic\/cirugia\/mentoplastia\/\"]}]},{\"@type\":\"ImageObject\",\"inLanguage\":\"de\",\"@id\":\"https:\/\/imeba.clinic\/cirugia\/mentoplastia\/#primaryimage\",\"url\":\"https:\/\/imeba.clinic\/wp-content\/uploads\/2023\/02\/precio-implante-de-menton-turquia.png\",\"contentUrl\":\"https:\/\/imeba.clinic\/wp-content\/uploads\/2023\/02\/precio-implante-de-menton-turquia.png\",\"width\":850,\"height\":391},{\"@type\":\"BreadcrumbList\",\"@id\":\"https:\/\/imeba.clinic\/cirugia\/mentoplastia\/#breadcrumb\",\"itemListElement\":[{\"@type\":\"ListItem\",\"position\":1,\"name\":\"Portada\",\"item\":\"https:\/\/imeba.clinic\/\"},{\"@type\":\"ListItem\",\"position\":2,\"name\":\"Cirug\u00eda\",\"item\":\"https:\/\/imeba.clinic\/cirugia\/\"},{\"@type\":\"ListItem\",\"position\":3,\"name\":\"Mentoplastia\"}]},{\"@type\":\"WebSite\",\"@id\":\"https:\/\/imeba.clinic\/#website\",\"url\":\"https:\/\/imeba.clinic\/\",\"name\":\"Clinicas IMEBA\u00ae\",\"description\":\"Medicina estetica cirugia facial\",\"publisher\":{\"@id\":\"https:\/\/imeba.clinic\/#organization\"},\"potentialAction\":[{\"@type\":\"SearchAction\",\"target\":{\"@type\":\"EntryPoint\",\"urlTemplate\":\"https:\/\/imeba.clinic\/?s={search_term_string}\"},\"query-input\":{\"@type\":\"PropertyValueSpecification\",\"valueRequired\":true,\"valueName\":\"search_term_string\"}}],\"inLanguage\":\"de\"},{\"@type\":\"Organization\",\"@id\":\"https:\/\/imeba.clinic\/#organization\",\"name\":\"Clinicas IMEBA\u00ae\",\"url\":\"https:\/\/imeba.clinic\/\",\"logo\":{\"@type\":\"ImageObject\",\"inLanguage\":\"de\",\"@id\":\"https:\/\/imeba.clinic\/#\/schema\/logo\/image\/\",\"url\":\"https:\/\/imeba.clinic\/wp-content\/uploads\/2023\/01\/cropped-11722351_740325796094007_2206264894896353109_o.jpg\",\"contentUrl\":\"https:\/\/imeba.clinic\/wp-content\/uploads\/2023\/01\/cropped-11722351_740325796094007_2206264894896353109_o.jpg\",\"width\":1221,\"height\":349,\"caption\":\"Clinicas IMEBA\u00ae\"},\"image\":{\"@id\":\"https:\/\/imeba.clinic\/#\/schema\/logo\/image\/\"},\"sameAs\":[\"https:\/\/www.facebook.com\/clinicasimebamallorca\",\"https:\/\/x.com\/IMEBAInfo\",\"https:\/\/www.youtube.com\/@TorstenMarin\"]}]}<\/script>\n<!-- \/ Yoast SEO plugin. -->","yoast_head_json":{"title":"Mentoplastia - Clinicas IMEBA\u00ae","robots":{"index":"index","follow":"follow","max-snippet":"max-snippet:-1","max-image-preview":"max-image-preview:large","max-video-preview":"max-video-preview:-1"},"canonical":"https:\/\/imeba.clinic\/de\/cirugia\/mentoplastia\/","og_locale":"de_DE","og_type":"article","og_title":"Mentoplastia - Clinicas IMEBA\u00ae","og_description":"\u00bfQu\u00e9 es la mentoplastia? La mentoplastia es el nombre t\u00e9cnico de la cirug\u00eda que consiste en cambiar la forma del ment\u00f3n\u00a0para conseguir una mejor simetr\u00eda y proporcionalidad. Se realiza en el caso de personas que tiene mentones demasiado peque\u00f1os o grandes siempre que no presenten otros problemas con la mand\u00edbula. Postoperatorio La cirug\u00eda de ment\u00f3n [&hellip;]","og_url":"https:\/\/imeba.clinic\/de\/cirugia\/mentoplastia\/","og_site_name":"Clinicas IMEBA\u00ae","article_publisher":"https:\/\/www.facebook.com\/clinicasimebamallorca","article_modified_time":"2024-02-27T18:04:21+00:00","og_image":[{"width":850,"height":391,"url":"http:\/\/imeba.clinic\/wp-content\/uploads\/2023\/02\/precio-implante-de-menton-turquia.png","type":"image\/png"}],"twitter_card":"summary_large_image","twitter_site":"@IMEBAInfo","twitter_misc":{"Gesch\u00e4tzte Lesezeit":"2\u00a0Minuten"},"schema":{"@context":"https:\/\/schema.org","@graph":[{"@type":"WebPage","@id":"https:\/\/imeba.clinic\/cirugia\/mentoplastia\/","url":"https:\/\/imeba.clinic\/cirugia\/mentoplastia\/","name":"Mentoplastia - Clinicas IMEBA\u00ae","isPartOf":{"@id":"https:\/\/imeba.clinic\/#website"},"primaryImageOfPage":{"@id":"https:\/\/imeba.clinic\/cirugia\/mentoplastia\/#primaryimage"},"image":{"@id":"https:\/\/imeba.clinic\/cirugia\/mentoplastia\/#primaryimage"},"thumbnailUrl":"https:\/\/imeba.clinic\/wp-content\/uploads\/2023\/02\/precio-implante-de-menton-turquia.png","datePublished":"2023-02-08T13:26:08+00:00","dateModified":"2024-02-27T18:04:21+00:00","breadcrumb":{"@id":"https:\/\/imeba.clinic\/cirugia\/mentoplastia\/#breadcrumb"},"inLanguage":"de","potentialAction":[{"@type":"ReadAction","target":["https:\/\/imeba.clinic\/cirugia\/mentoplastia\/"]}]},{"@type":"ImageObject","inLanguage":"de","@id":"https:\/\/imeba.clinic\/cirugia\/mentoplastia\/#primaryimage","url":"https:\/\/imeba.clinic\/wp-content\/uploads\/2023\/02\/precio-implante-de-menton-turquia.png","contentUrl":"https:\/\/imeba.clinic\/wp-content\/uploads\/2023\/02\/precio-implante-de-menton-turquia.png","width":850,"height":391},{"@type":"BreadcrumbList","@id":"https:\/\/imeba.clinic\/cirugia\/mentoplastia\/#breadcrumb","itemListElement":[{"@type":"ListItem","position":1,"name":"Portada","item":"https:\/\/imeba.clinic\/"},{"@type":"ListItem","position":2,"name":"Cirug\u00eda","item":"https:\/\/imeba.clinic\/cirugia\/"},{"@type":"ListItem","position":3,"name":"Mentoplastia"}]},{"@type":"WebSite","@id":"https:\/\/imeba.clinic\/#website","url":"https:\/\/imeba.clinic\/","name":"Clinicas IMEBA\u00ae","description":"Medicina estetica cirugia facial","publisher":{"@id":"https:\/\/imeba.clinic\/#organization"},"potentialAction":[{"@type":"SearchAction","target":{"@type":"EntryPoint","urlTemplate":"https:\/\/imeba.clinic\/?s={search_term_string}"},"query-input":{"@type":"PropertyValueSpecification","valueRequired":true,"valueName":"search_term_string"}}],"inLanguage":"de"},{"@type":"Organization","@id":"https:\/\/imeba.clinic\/#organization","name":"Clinicas IMEBA\u00ae","url":"https:\/\/imeba.clinic\/","logo":{"@type":"ImageObject","inLanguage":"de","@id":"https:\/\/imeba.clinic\/#\/schema\/logo\/image\/","url":"https:\/\/imeba.clinic\/wp-content\/uploads\/2023\/01\/cropped-11722351_740325796094007_2206264894896353109_o.jpg","contentUrl":"https:\/\/imeba.clinic\/wp-content\/uploads\/2023\/01\/cropped-11722351_740325796094007_2206264894896353109_o.jpg","width":1221,"height":349,"caption":"Clinicas IMEBA\u00ae"},"image":{"@id":"https:\/\/imeba.clinic\/#\/schema\/logo\/image\/"},"sameAs":["https:\/\/www.facebook.com\/clinicasimebamallorca","https:\/\/x.com\/IMEBAInfo","https:\/\/www.youtube.com\/@TorstenMarin"]}]}},"_links":{"self":[{"href":"https:\/\/imeba.clinic\/de\/wp-json\/wp\/v2\/pages\/2533","targetHints":{"allow":["GET"]}}],"collection":[{"href":"https:\/\/imeba.clinic\/de\/wp-json\/wp\/v2\/pages"}],"about":[{"href":"https:\/\/imeba.clinic\/de\/wp-json\/wp\/v2\/types\/page"}],"author":[{"embeddable":true,"href":"https:\/\/imeba.clinic\/de\/wp-json\/wp\/v2\/users\/2"}],"replies":[{"embeddable":true,"href":"https:\/\/imeba.clinic\/de\/wp-json\/wp\/v2\/comments?post=2533"}],"version-history":[{"count":0,"href":"https:\/\/imeba.clinic\/de\/wp-json\/wp\/v2\/pages\/2533\/revisions"}],"up":[{"embeddable":true,"href":"https:\/\/imeba.clinic\/de\/wp-json\/wp\/v2\/pages\/1442"}],"wp:featuredmedia":[{"embeddable":true,"href":"https:\/\/imeba.clinic\/de\/wp-json\/wp\/v2\/media\/2536"}],"wp:attachment":[{"href":"https:\/\/imeba.clinic\/de\/wp-json\/wp\/v2\/media?parent=2533"}],"curies":[{"name":"wp","href":"https:\/\/api.w.org\/{rel}","templated":true}]}}