
{"id":2428,"date":"2023-02-06T08:40:07","date_gmt":"2023-02-06T08:40:07","guid":{"rendered":"https:\/\/imeba.clinic\/?page_id=2428"},"modified":"2024-07-19T11:44:35","modified_gmt":"2024-07-19T10:44:35","slug":"papulasperladas","status":"publish","type":"page","link":"https:\/\/imeba.clinic\/de\/hombres-especial\/papulasperladas\/","title":{"rendered":"PAPULAS PERLADAS"},"content":{"rendered":"<div data-elementor-type=\"wp-page\" data-elementor-id=\"2428\" class=\"elementor elementor-2428\" data-elementor-post-type=\"page\">\n\t\t\t\t\t\t<section class=\"elementor-section elementor-top-section elementor-element elementor-element-14f7ea6 elementor-section-height-min-height elementor-section-boxed elementor-section-height-default elementor-section-items-middle\" data-id=\"14f7ea6\" data-element_type=\"section\" data-settings=\"{&quot;background_background&quot;:&quot;classic&quot;,&quot;background_motion_fx_motion_fx_scrolling&quot;:&quot;yes&quot;,&quot;background_motion_fx_translateY_effect&quot;:&quot;yes&quot;,&quot;jet_parallax_layout_list&quot;:[],&quot;background_motion_fx_translateY_speed&quot;:{&quot;unit&quot;:&quot;px&quot;,&quot;size&quot;:4,&quot;sizes&quot;:[]},&quot;background_motion_fx_translateY_affectedRange&quot;:{&quot;unit&quot;:&quot;%&quot;,&quot;size&quot;:&quot;&quot;,&quot;sizes&quot;:{&quot;start&quot;:0,&quot;end&quot;:100}},&quot;background_motion_fx_devices&quot;:[&quot;desktop&quot;,&quot;tablet&quot;,&quot;mobile&quot;]}\">\n\t\t\t\t\t\t\t<div class=\"elementor-background-overlay\"><\/div>\n\t\t\t\t\t\t\t<div class=\"elementor-container elementor-column-gap-default\">\n\t\t\t\t\t<div class=\"elementor-column elementor-col-100 elementor-top-column elementor-element elementor-element-8578ffc\" data-id=\"8578ffc\" data-element_type=\"column\">\n\t\t\t<div class=\"elementor-widget-wrap elementor-element-populated\">\n\t\t\t\t\t\t<div class=\"elementor-element elementor-element-92078a0 elementor-widget elementor-widget-heading\" data-id=\"92078a0\" data-element_type=\"widget\" data-widget_type=\"heading.default\">\n\t\t\t\t\t<h5 class=\"elementor-heading-title elementor-size-default\">Gesicht<\/h5>\t\t\t\t<\/div>\n\t\t\t\t\t<\/div>\n\t\t<\/div>\n\t\t\t\t\t<\/div>\n\t\t<\/section>\n\t\t\t\t<section class=\"elementor-section elementor-top-section elementor-element elementor-element-6a854a6 elementor-section-boxed elementor-section-height-default elementor-section-height-default\" data-id=\"6a854a6\" data-element_type=\"section\" data-settings=\"{&quot;jet_parallax_layout_list&quot;:[]}\">\n\t\t\t\t\t\t<div class=\"elementor-container elementor-column-gap-default\">\n\t\t\t\t\t<div class=\"elementor-column elementor-col-50 elementor-top-column elementor-element elementor-element-422799f\" data-id=\"422799f\" data-element_type=\"column\">\n\t\t\t<div class=\"elementor-widget-wrap elementor-element-populated\">\n\t\t\t\t\t\t<div class=\"elementor-element elementor-element-82fbfd5 elementor-widget elementor-widget-image\" data-id=\"82fbfd5\" data-element_type=\"widget\" data-widget_type=\"image.default\">\n\t\t\t\t\t\t\t\t\t\t\t\t\t\t\t<img fetchpriority=\"high\" decoding=\"async\" width=\"800\" height=\"450\" src=\"https:\/\/imeba.clinic\/wp-content\/uploads\/2024\/07\/photo-output-2-1024x576.jpeg\" class=\"attachment-large size-large wp-image-6626\" alt=\"\" srcset=\"https:\/\/imeba.clinic\/wp-content\/uploads\/2024\/07\/photo-output-2-1024x576.jpeg 1024w, https:\/\/imeba.clinic\/wp-content\/uploads\/2024\/07\/photo-output-2-300x169.jpeg 300w, https:\/\/imeba.clinic\/wp-content\/uploads\/2024\/07\/photo-output-2-150x84.jpeg 150w, https:\/\/imeba.clinic\/wp-content\/uploads\/2024\/07\/photo-output-2-768x432.jpeg 768w, https:\/\/imeba.clinic\/wp-content\/uploads\/2024\/07\/photo-output-2-1536x864.jpeg 1536w, https:\/\/imeba.clinic\/wp-content\/uploads\/2024\/07\/photo-output-2-18x10.jpeg 18w, https:\/\/imeba.clinic\/wp-content\/uploads\/2024\/07\/photo-output-2.jpeg 2048w\" sizes=\"(max-width: 800px) 100vw, 800px\" \/>\t\t\t\t\t\t\t\t\t\t\t\t\t\t\t<\/div>\n\t\t\t\t<div class=\"elementor-element elementor-element-17ade99 elementor-widget elementor-widget-text-editor\" data-id=\"17ade99\" data-element_type=\"widget\" data-widget_type=\"text-editor.default\">\n\t\t\t\t\t\t\t\t\t<p><b>P\u00e1pulas Perladas del Pene,\u00a0<span style=\"color: var( --e-global-color-secondary ); font-family: var( --e-global-typography-9ecb02f-font-family ), Sans-serif; font-size: var( --e-global-typography-9ecb02f-font-size ); letter-spacing: var( --e-global-typography-9ecb02f-letter-spacing ); word-spacing: var( --e-global-typography-9ecb02f-word-spacing );\">benigno pero no est\u00e9ticamente hermoso.<\/span><\/b><\/p><p>\u00a0<\/p><p>\u00bf<b>Qu\u00e9 son las P\u00e1pulas perladas?<\/b><\/p><p>Las P\u00e1pulas perladas son lesiones benignas que se distribuyen formando una o dos hileras uniformes alrededor de la corona del glande. Se trata de excrecencias milim\u00e9tricas de coloraci\u00f3n rosada, blanquecina o incluso transl\u00facida. Son un proceso benigno, no relacionado con el virus del papiloma humano (VPH) y por lo tanto no transmisible.<\/p><p><span style=\"color: var( --e-global-color-secondary ); font-family: var( --e-global-typography-9ecb02f-font-family ), Sans-serif; font-size: var( --e-global-typography-9ecb02f-font-size ); font-weight: var( --e-global-typography-9ecb02f-font-weight ); letter-spacing: var( --e-global-typography-9ecb02f-letter-spacing ); word-spacing: var( --e-global-typography-9ecb02f-word-spacing );\">Se calcula que aproximadamente entre el 14 y el 48% de los varones\u00a0 presentan p\u00e1pulas perladas y que existe una predisposici\u00f3n gen\u00e9tica familiar.<\/span><\/p><p><span style=\"color: var( --e-global-color-secondary ); font-family: var( --e-global-typography-9ecb02f-font-family ), Sans-serif; font-size: var( --e-global-typography-9ecb02f-font-size ); font-weight: var( --e-global-typography-9ecb02f-font-weight ); letter-spacing: var( --e-global-typography-9ecb02f-letter-spacing ); word-spacing: var( --e-global-typography-9ecb02f-word-spacing );\">Aparecen en la pubertad, casi siempre antes de que los pacientes hayan tenido relaciones sexuales. En ning\u00fan caso se trata de una infecci\u00f3n de transmisi\u00f3n sexual; sin embargo, puede resultar molesto al roce y provocar problemas en la imagen desde el punto de vista est\u00e9tico o dudas en la pareja.<\/span><\/p><p><span style=\"color: var( --e-global-color-secondary ); font-family: var( --e-global-typography-9ecb02f-font-family ), Sans-serif; font-size: var( --e-global-typography-9ecb02f-font-size ); font-weight: var( --e-global-typography-9ecb02f-font-weight ); letter-spacing: var( --e-global-typography-9ecb02f-letter-spacing ); word-spacing: var( --e-global-typography-9ecb02f-word-spacing );\">granos pene<\/span><\/p><p><b>PROCEDIMIENTO<\/b><\/p><p><span style=\"color: var( --e-global-color-secondary ); font-family: var( --e-global-typography-9ecb02f-font-family ), Sans-serif; font-size: var( --e-global-typography-9ecb02f-font-size ); font-weight: var( --e-global-typography-9ecb02f-font-weight ); letter-spacing: var( --e-global-typography-9ecb02f-letter-spacing ); word-spacing: var( --e-global-typography-9ecb02f-word-spacing );\">La \u00fanica manera de que desaparezcan las p\u00e1pulas perladas es eliminar el tejido prominente. La mejor opci\u00f3n de tratamiento de las p\u00e1pulas perladas es la ablaci\u00f3n con el Fibroblast \/ Plasma \/ Plexr\u00a0 lesiones que se desean eliminar con la m\u00e1xima precisi\u00f3n. Esta t\u00e9cnica disminuye de manera importante el riego de da\u00f1ar la piel del pene y as\u00ed la posibilidad de desarrollar cicatrices en el \u00e1rea tratada.<\/span><\/p><p><span style=\"color: var( --e-global-color-secondary ); font-family: var( --e-global-typography-9ecb02f-font-family ), Sans-serif; font-size: var( --e-global-typography-9ecb02f-font-size ); font-weight: var( --e-global-typography-9ecb02f-font-weight ); letter-spacing: var( --e-global-typography-9ecb02f-letter-spacing ); word-spacing: var( --e-global-typography-9ecb02f-word-spacing );\">El tratamiento de p\u00e1pulas perladas se realiza en nuestra UNIDAD L\u00c1SER dotada con un innovador y diverso abanico de sistemas de luz y equipamientos de l\u00e1ser.<\/span><\/p><p><span style=\"color: var( --e-global-color-secondary ); font-family: var( --e-global-typography-9ecb02f-font-family ), Sans-serif; font-size: var( --e-global-typography-9ecb02f-font-size ); letter-spacing: var( --e-global-typography-9ecb02f-letter-spacing ); word-spacing: var( --e-global-typography-9ecb02f-word-spacing );\"><b>PAUTAS A SEGUIR TRAS EL TRATAMIENTO DE P\u00c1PULAS PERLADAS<\/b><\/span><\/p><p><span style=\"color: var( --e-global-color-secondary ); font-family: var( --e-global-typography-9ecb02f-font-family ), Sans-serif; font-size: var( --e-global-typography-9ecb02f-font-size ); font-weight: var( --e-global-typography-9ecb02f-font-weight ); letter-spacing: var( --e-global-typography-9ecb02f-letter-spacing ); word-spacing: var( --e-global-typography-9ecb02f-word-spacing );\">1. Despu\u00e9s del tratamiento, aunque no es lo habitual,\u00a0 si se siente alguna molestia, o incluso para prevenirlas, el paciente puede tomar alg\u00fan analg\u00e9sico: Paracetamol 1 gramo\u00a0 cada 8 horas \u00f3\u00a0 Ibuprofeno 600mg (cada 8 horas)<\/span><\/p><p><span style=\"color: var( --e-global-color-secondary ); font-family: var( --e-global-typography-9ecb02f-font-family ), Sans-serif; font-size: var( --e-global-typography-9ecb02f-font-size ); font-weight: var( --e-global-typography-9ecb02f-font-weight ); letter-spacing: var( --e-global-typography-9ecb02f-letter-spacing ); word-spacing: var( --e-global-typography-9ecb02f-word-spacing );\">2. El cuidado adecuado de la zona requiere que , cada 12 horas (ma\u00f1ana\u00a0 y noche), el paciente se lave la zona con un jab\u00f3n adecuado para la higiene \u00edntima: Avenamit Geni.La Roche Posay \u00ae \u00f3 Sugella Uomo\u00ae<\/span><\/p><p><span style=\"color: var( --e-global-color-secondary ); font-family: var( --e-global-typography-9ecb02f-font-family ), Sans-serif; font-size: var( --e-global-typography-9ecb02f-font-size ); font-weight: var( --e-global-typography-9ecb02f-font-weight ); letter-spacing: var( --e-global-typography-9ecb02f-letter-spacing ); word-spacing: var( --e-global-typography-9ecb02f-word-spacing );\">3. Inmediatamente despu\u00e9s se recomienda la aplicaci\u00f3n de un antibi\u00f3tico t\u00f3pico para prevenir infecciones: Fucidine pomada\u00ae \u00f3 Mupirocina Isdin pomada\u00ae<\/span><\/p><p><span style=\"color: var( --e-global-color-secondary ); font-family: var( --e-global-typography-9ecb02f-font-family ), Sans-serif; font-size: var( --e-global-typography-9ecb02f-font-size ); font-weight: var( --e-global-typography-9ecb02f-font-weight ); letter-spacing: var( --e-global-typography-9ecb02f-letter-spacing ); word-spacing: var( --e-global-typography-9ecb02f-word-spacing );\">Las peque\u00f1as erosiones secundarias al tratamiento ir\u00e1n cicatrizando progresivamente en un per\u00edodo de aproximadamente 3-7 d\u00edas dependiendo del paciente y de la extensi\u00f3n de la zona tratada. Una vez cicatrizado, se recomienda suspender la aplicaci\u00f3n de la pomada antibi\u00f3tica.<\/span><\/p><p><span style=\"color: var( --e-global-color-secondary ); font-family: var( --e-global-typography-9ecb02f-font-family ), Sans-serif; font-size: var( --e-global-typography-9ecb02f-font-size ); font-weight: var( --e-global-typography-9ecb02f-font-weight ); letter-spacing: var( --e-global-typography-9ecb02f-letter-spacing ); word-spacing: var( --e-global-typography-9ecb02f-word-spacing );\">La actividad sexual podr\u00e1 retomarse en el momento en que todas las erosiones hayan cicatrizado, ( aproximadamente 7 d\u00edas)<\/span><\/p><p>\u00a0<\/p>\t\t\t\t\t\t\t\t<\/div>\n\t\t\t\t\t<\/div>\n\t\t<\/div>\n\t\t\t\t<div class=\"elementor-column elementor-col-50 elementor-top-column elementor-element elementor-element-ac1a05d\" data-id=\"ac1a05d\" data-element_type=\"column\">\n\t\t\t<div class=\"elementor-widget-wrap elementor-element-populated\">\n\t\t\t\t\t\t<section class=\"elementor-section elementor-inner-section elementor-element elementor-element-0449f5b elementor-section-boxed elementor-section-height-default elementor-section-height-default\" data-id=\"0449f5b\" data-element_type=\"section\" data-settings=\"{&quot;background_background&quot;:&quot;classic&quot;,&quot;sticky&quot;:&quot;top&quot;,&quot;sticky_offset&quot;:120,&quot;sticky_parent&quot;:&quot;yes&quot;,&quot;jet_parallax_layout_list&quot;:[],&quot;sticky_on&quot;:[&quot;desktop&quot;,&quot;tablet&quot;,&quot;mobile&quot;],&quot;sticky_effects_offset&quot;:0,&quot;sticky_anchor_link_offset&quot;:0}\">\n\t\t\t\t\t\t<div class=\"elementor-container elementor-column-gap-default\">\n\t\t\t\t\t<div class=\"elementor-column elementor-col-100 elementor-inner-column elementor-element elementor-element-da8d40e\" data-id=\"da8d40e\" data-element_type=\"column\">\n\t\t\t<div class=\"elementor-widget-wrap elementor-element-populated\">\n\t\t\t\t\t\t<div class=\"elementor-element elementor-element-a2091af elementor-widget elementor-widget-heading\" data-id=\"a2091af\" data-element_type=\"widget\" data-widget_type=\"heading.default\">\n\t\t\t\t\t<h2 class=\"elementor-heading-title elementor-size-default\">Precio - OFERTA ACTUAL<\/h2>\t\t\t\t<\/div>\n\t\t\t\t<div class=\"elementor-element elementor-element-e14b3aa Price elementor-widget elementor-widget-heading\" data-id=\"e14b3aa\" data-element_type=\"widget\" data-widget_type=\"heading.default\">\n\t\t\t\t\t<h2 class=\"elementor-heading-title elementor-size-default\">699\u20ac<\/h2>\t\t\t\t<\/div>\n\t\t\t\t<div class=\"elementor-element elementor-element-61f3891 elementor-widget elementor-widget-text-editor\" data-id=\"61f3891\" data-element_type=\"widget\" data-widget_type=\"text-editor.default\">\n\t\t\t\t\t\t\t\t\t<p>Sie k\u00f6nnen uns auch eine Nachricht per WhatsApp schicken.<\/p>\t\t\t\t\t\t\t\t<\/div>\n\t\t\t\t<div class=\"elementor-element elementor-element-03edf27 elementor-widget__width-inherit elementor-mobile-align-justify elementor-widget-mobile__width-inherit elementor-tablet-align-justify elementor-widget-tablet__width-inherit elementor-align-justify elementor-widget elementor-widget-button\" data-id=\"03edf27\" data-element_type=\"widget\" data-widget_type=\"button.default\">\n\t\t\t\t\t\t\t\t\t\t<a class=\"elementor-button elementor-button-link elementor-size-sm\" href=\"https:\/\/api.whatsapp.com\/send?phone=34653620509&#038;text=Hola%20Cl%C3%ADnicas%20IMEBA,%20ponte%20en%20contacto%20conmigo.%20(PShot)%20Muchas%20gracias.%20\">\n\t\t\t\t\t\t<span class=\"elementor-button-content-wrapper\">\n\t\t\t\t\t\t\t\t\t<span class=\"elementor-button-text\">JETZT BUCHEN<\/span>\n\t\t\t\t\t<\/span>\n\t\t\t\t\t<\/a>\n\t\t\t\t\t\t\t\t<\/div>\n\t\t\t\t\t<\/div>\n\t\t<\/div>\n\t\t\t\t\t<\/div>\n\t\t<\/section>\n\t\t\t\t\t<\/div>\n\t\t<\/div>\n\t\t\t\t\t<\/div>\n\t\t<\/section>\n\t\t\t\t<\/div>","protected":false},"excerpt":{"rendered":"<p>Facial P\u00e1pulas Perladas del Pene,\u00a0benigno pero no est\u00e9ticamente hermoso. \u00a0 \u00bfQu\u00e9 son las P\u00e1pulas perladas? Las P\u00e1pulas perladas son lesiones benignas que se distribuyen formando una o dos hileras uniformes alrededor de la corona del glande. Se trata de excrecencias milim\u00e9tricas de coloraci\u00f3n rosada, blanquecina o incluso transl\u00facida. Son un proceso benigno, no relacionado con [&hellip;]<\/p>","protected":false},"author":2,"featured_media":2396,"parent":1298,"menu_order":1,"comment_status":"closed","ping_status":"closed","template":"elementor_header_footer","meta":{"footnotes":""},"class_list":["post-2428","page","type-page","status-publish","has-post-thumbnail","hentry"],"yoast_head":"<!-- This site is optimized with the Yoast SEO plugin v25.8 - https:\/\/yoast.com\/wordpress\/plugins\/seo\/ -->\n<title>PAPULAS PERLADAS - Clinicas IMEBA\u00ae<\/title>\n<meta name=\"robots\" content=\"index, follow, max-snippet:-1, max-image-preview:large, max-video-preview:-1\" \/>\n<link rel=\"canonical\" href=\"https:\/\/imeba.clinic\/de\/hombres-especial\/papulasperladas\/\" \/>\n<meta property=\"og:locale\" content=\"de_DE\" \/>\n<meta property=\"og:type\" content=\"article\" \/>\n<meta property=\"og:title\" content=\"PAPULAS PERLADAS - Clinicas IMEBA\u00ae\" \/>\n<meta property=\"og:description\" content=\"Facial P\u00e1pulas Perladas del Pene,\u00a0benigno pero no est\u00e9ticamente hermoso. \u00a0 \u00bfQu\u00e9 son las P\u00e1pulas perladas? Las P\u00e1pulas perladas son lesiones benignas que se distribuyen formando una o dos hileras uniformes alrededor de la corona del glande. Se trata de excrecencias milim\u00e9tricas de coloraci\u00f3n rosada, blanquecina o incluso transl\u00facida. Son un proceso benigno, no relacionado con [&hellip;]\" \/>\n<meta property=\"og:url\" content=\"https:\/\/imeba.clinic\/de\/hombres-especial\/papulasperladas\/\" \/>\n<meta property=\"og:site_name\" content=\"Clinicas IMEBA\u00ae\" \/>\n<meta property=\"article:publisher\" content=\"https:\/\/www.facebook.com\/clinicasimebamallorca\" \/>\n<meta property=\"article:modified_time\" content=\"2024-07-19T10:44:35+00:00\" \/>\n<meta property=\"og:image\" content=\"http:\/\/imeba.clinic\/wp-content\/uploads\/2023\/02\/cirugiaintimamasculina-700x460-1.jpg\" \/>\n\t<meta property=\"og:image:width\" content=\"700\" \/>\n\t<meta property=\"og:image:height\" content=\"460\" \/>\n\t<meta property=\"og:image:type\" content=\"image\/jpeg\" \/>\n<meta name=\"twitter:card\" content=\"summary_large_image\" \/>\n<meta name=\"twitter:site\" content=\"@IMEBAInfo\" \/>\n<meta name=\"twitter:label1\" content=\"Gesch\u00e4tzte Lesezeit\" \/>\n\t<meta name=\"twitter:data1\" content=\"3\u00a0Minuten\" \/>\n<script type=\"application\/ld+json\" class=\"yoast-schema-graph\">{\"@context\":\"https:\/\/schema.org\",\"@graph\":[{\"@type\":\"WebPage\",\"@id\":\"https:\/\/imeba.clinic\/hombres-especial\/papulasperladas\/\",\"url\":\"https:\/\/imeba.clinic\/hombres-especial\/papulasperladas\/\",\"name\":\"PAPULAS PERLADAS - Clinicas IMEBA\u00ae\",\"isPartOf\":{\"@id\":\"https:\/\/imeba.clinic\/#website\"},\"primaryImageOfPage\":{\"@id\":\"https:\/\/imeba.clinic\/hombres-especial\/papulasperladas\/#primaryimage\"},\"image\":{\"@id\":\"https:\/\/imeba.clinic\/hombres-especial\/papulasperladas\/#primaryimage\"},\"thumbnailUrl\":\"https:\/\/imeba.clinic\/wp-content\/uploads\/2023\/02\/cirugiaintimamasculina-700x460-1.jpg\",\"datePublished\":\"2023-02-06T08:40:07+00:00\",\"dateModified\":\"2024-07-19T10:44:35+00:00\",\"breadcrumb\":{\"@id\":\"https:\/\/imeba.clinic\/hombres-especial\/papulasperladas\/#breadcrumb\"},\"inLanguage\":\"de\",\"potentialAction\":[{\"@type\":\"ReadAction\",\"target\":[\"https:\/\/imeba.clinic\/hombres-especial\/papulasperladas\/\"]}]},{\"@type\":\"ImageObject\",\"inLanguage\":\"de\",\"@id\":\"https:\/\/imeba.clinic\/hombres-especial\/papulasperladas\/#primaryimage\",\"url\":\"https:\/\/imeba.clinic\/wp-content\/uploads\/2023\/02\/cirugiaintimamasculina-700x460-1.jpg\",\"contentUrl\":\"https:\/\/imeba.clinic\/wp-content\/uploads\/2023\/02\/cirugiaintimamasculina-700x460-1.jpg\",\"width\":700,\"height\":460},{\"@type\":\"BreadcrumbList\",\"@id\":\"https:\/\/imeba.clinic\/hombres-especial\/papulasperladas\/#breadcrumb\",\"itemListElement\":[{\"@type\":\"ListItem\",\"position\":1,\"name\":\"Portada\",\"item\":\"https:\/\/imeba.clinic\/\"},{\"@type\":\"ListItem\",\"position\":2,\"name\":\"Hombres especial\",\"item\":\"https:\/\/imeba.clinic\/hombres-especial\/\"},{\"@type\":\"ListItem\",\"position\":3,\"name\":\"PAPULAS PERLADAS\"}]},{\"@type\":\"WebSite\",\"@id\":\"https:\/\/imeba.clinic\/#website\",\"url\":\"https:\/\/imeba.clinic\/\",\"name\":\"Clinicas IMEBA\u00ae\",\"description\":\"Medicina estetica cirugia facial\",\"publisher\":{\"@id\":\"https:\/\/imeba.clinic\/#organization\"},\"potentialAction\":[{\"@type\":\"SearchAction\",\"target\":{\"@type\":\"EntryPoint\",\"urlTemplate\":\"https:\/\/imeba.clinic\/?s={search_term_string}\"},\"query-input\":{\"@type\":\"PropertyValueSpecification\",\"valueRequired\":true,\"valueName\":\"search_term_string\"}}],\"inLanguage\":\"de\"},{\"@type\":\"Organization\",\"@id\":\"https:\/\/imeba.clinic\/#organization\",\"name\":\"Clinicas IMEBA\u00ae\",\"url\":\"https:\/\/imeba.clinic\/\",\"logo\":{\"@type\":\"ImageObject\",\"inLanguage\":\"de\",\"@id\":\"https:\/\/imeba.clinic\/#\/schema\/logo\/image\/\",\"url\":\"https:\/\/imeba.clinic\/wp-content\/uploads\/2023\/01\/cropped-11722351_740325796094007_2206264894896353109_o.jpg\",\"contentUrl\":\"https:\/\/imeba.clinic\/wp-content\/uploads\/2023\/01\/cropped-11722351_740325796094007_2206264894896353109_o.jpg\",\"width\":1221,\"height\":349,\"caption\":\"Clinicas IMEBA\u00ae\"},\"image\":{\"@id\":\"https:\/\/imeba.clinic\/#\/schema\/logo\/image\/\"},\"sameAs\":[\"https:\/\/www.facebook.com\/clinicasimebamallorca\",\"https:\/\/x.com\/IMEBAInfo\",\"https:\/\/www.youtube.com\/@TorstenMarin\"]}]}<\/script>\n<!-- \/ Yoast SEO plugin. -->","yoast_head_json":{"title":"PAPULAS PERLADAS - Clinicas IMEBA\u00ae","robots":{"index":"index","follow":"follow","max-snippet":"max-snippet:-1","max-image-preview":"max-image-preview:large","max-video-preview":"max-video-preview:-1"},"canonical":"https:\/\/imeba.clinic\/de\/hombres-especial\/papulasperladas\/","og_locale":"de_DE","og_type":"article","og_title":"PAPULAS PERLADAS - Clinicas IMEBA\u00ae","og_description":"Facial P\u00e1pulas Perladas del Pene,\u00a0benigno pero no est\u00e9ticamente hermoso. \u00a0 \u00bfQu\u00e9 son las P\u00e1pulas perladas? Las P\u00e1pulas perladas son lesiones benignas que se distribuyen formando una o dos hileras uniformes alrededor de la corona del glande. Se trata de excrecencias milim\u00e9tricas de coloraci\u00f3n rosada, blanquecina o incluso transl\u00facida. Son un proceso benigno, no relacionado con [&hellip;]","og_url":"https:\/\/imeba.clinic\/de\/hombres-especial\/papulasperladas\/","og_site_name":"Clinicas IMEBA\u00ae","article_publisher":"https:\/\/www.facebook.com\/clinicasimebamallorca","article_modified_time":"2024-07-19T10:44:35+00:00","og_image":[{"width":700,"height":460,"url":"http:\/\/imeba.clinic\/wp-content\/uploads\/2023\/02\/cirugiaintimamasculina-700x460-1.jpg","type":"image\/jpeg"}],"twitter_card":"summary_large_image","twitter_site":"@IMEBAInfo","twitter_misc":{"Gesch\u00e4tzte Lesezeit":"3\u00a0Minuten"},"schema":{"@context":"https:\/\/schema.org","@graph":[{"@type":"WebPage","@id":"https:\/\/imeba.clinic\/hombres-especial\/papulasperladas\/","url":"https:\/\/imeba.clinic\/hombres-especial\/papulasperladas\/","name":"PAPULAS PERLADAS - Clinicas IMEBA\u00ae","isPartOf":{"@id":"https:\/\/imeba.clinic\/#website"},"primaryImageOfPage":{"@id":"https:\/\/imeba.clinic\/hombres-especial\/papulasperladas\/#primaryimage"},"image":{"@id":"https:\/\/imeba.clinic\/hombres-especial\/papulasperladas\/#primaryimage"},"thumbnailUrl":"https:\/\/imeba.clinic\/wp-content\/uploads\/2023\/02\/cirugiaintimamasculina-700x460-1.jpg","datePublished":"2023-02-06T08:40:07+00:00","dateModified":"2024-07-19T10:44:35+00:00","breadcrumb":{"@id":"https:\/\/imeba.clinic\/hombres-especial\/papulasperladas\/#breadcrumb"},"inLanguage":"de","potentialAction":[{"@type":"ReadAction","target":["https:\/\/imeba.clinic\/hombres-especial\/papulasperladas\/"]}]},{"@type":"ImageObject","inLanguage":"de","@id":"https:\/\/imeba.clinic\/hombres-especial\/papulasperladas\/#primaryimage","url":"https:\/\/imeba.clinic\/wp-content\/uploads\/2023\/02\/cirugiaintimamasculina-700x460-1.jpg","contentUrl":"https:\/\/imeba.clinic\/wp-content\/uploads\/2023\/02\/cirugiaintimamasculina-700x460-1.jpg","width":700,"height":460},{"@type":"BreadcrumbList","@id":"https:\/\/imeba.clinic\/hombres-especial\/papulasperladas\/#breadcrumb","itemListElement":[{"@type":"ListItem","position":1,"name":"Portada","item":"https:\/\/imeba.clinic\/"},{"@type":"ListItem","position":2,"name":"Hombres especial","item":"https:\/\/imeba.clinic\/hombres-especial\/"},{"@type":"ListItem","position":3,"name":"PAPULAS PERLADAS"}]},{"@type":"WebSite","@id":"https:\/\/imeba.clinic\/#website","url":"https:\/\/imeba.clinic\/","name":"Clinicas IMEBA\u00ae","description":"Medicina estetica cirugia facial","publisher":{"@id":"https:\/\/imeba.clinic\/#organization"},"potentialAction":[{"@type":"SearchAction","target":{"@type":"EntryPoint","urlTemplate":"https:\/\/imeba.clinic\/?s={search_term_string}"},"query-input":{"@type":"PropertyValueSpecification","valueRequired":true,"valueName":"search_term_string"}}],"inLanguage":"de"},{"@type":"Organization","@id":"https:\/\/imeba.clinic\/#organization","name":"Clinicas IMEBA\u00ae","url":"https:\/\/imeba.clinic\/","logo":{"@type":"ImageObject","inLanguage":"de","@id":"https:\/\/imeba.clinic\/#\/schema\/logo\/image\/","url":"https:\/\/imeba.clinic\/wp-content\/uploads\/2023\/01\/cropped-11722351_740325796094007_2206264894896353109_o.jpg","contentUrl":"https:\/\/imeba.clinic\/wp-content\/uploads\/2023\/01\/cropped-11722351_740325796094007_2206264894896353109_o.jpg","width":1221,"height":349,"caption":"Clinicas IMEBA\u00ae"},"image":{"@id":"https:\/\/imeba.clinic\/#\/schema\/logo\/image\/"},"sameAs":["https:\/\/www.facebook.com\/clinicasimebamallorca","https:\/\/x.com\/IMEBAInfo","https:\/\/www.youtube.com\/@TorstenMarin"]}]}},"_links":{"self":[{"href":"https:\/\/imeba.clinic\/de\/wp-json\/wp\/v2\/pages\/2428","targetHints":{"allow":["GET"]}}],"collection":[{"href":"https:\/\/imeba.clinic\/de\/wp-json\/wp\/v2\/pages"}],"about":[{"href":"https:\/\/imeba.clinic\/de\/wp-json\/wp\/v2\/types\/page"}],"author":[{"embeddable":true,"href":"https:\/\/imeba.clinic\/de\/wp-json\/wp\/v2\/users\/2"}],"replies":[{"embeddable":true,"href":"https:\/\/imeba.clinic\/de\/wp-json\/wp\/v2\/comments?post=2428"}],"version-history":[{"count":0,"href":"https:\/\/imeba.clinic\/de\/wp-json\/wp\/v2\/pages\/2428\/revisions"}],"up":[{"embeddable":true,"href":"https:\/\/imeba.clinic\/de\/wp-json\/wp\/v2\/pages\/1298"}],"wp:featuredmedia":[{"embeddable":true,"href":"https:\/\/imeba.clinic\/de\/wp-json\/wp\/v2\/media\/2396"}],"wp:attachment":[{"href":"https:\/\/imeba.clinic\/de\/wp-json\/wp\/v2\/media?parent=2428"}],"curies":[{"name":"wp","href":"https:\/\/api.w.org\/{rel}","templated":true}]}}