
{"id":2058,"date":"2023-01-30T09:19:04","date_gmt":"2023-01-30T09:19:04","guid":{"rendered":"https:\/\/imeba.clinic\/?page_id=2058"},"modified":"2023-06-12T13:21:14","modified_gmt":"2023-06-12T12:21:14","slug":"mega-hilos","status":"publish","type":"page","link":"https:\/\/imeba.clinic\/de\/facial\/mega-hilos\/","title":{"rendered":"Mega F\u00e4den"},"content":{"rendered":"<div data-elementor-type=\"wp-page\" data-elementor-id=\"2058\" class=\"elementor elementor-2058\" data-elementor-post-type=\"page\">\n\t\t\t\t\t\t<section class=\"elementor-section elementor-top-section elementor-element elementor-element-14f7ea6 elementor-section-height-min-height elementor-section-boxed elementor-section-height-default elementor-section-items-middle\" data-id=\"14f7ea6\" data-element_type=\"section\" data-settings=\"{&quot;background_background&quot;:&quot;classic&quot;,&quot;background_motion_fx_motion_fx_scrolling&quot;:&quot;yes&quot;,&quot;background_motion_fx_translateY_effect&quot;:&quot;yes&quot;,&quot;jet_parallax_layout_list&quot;:[],&quot;background_motion_fx_translateY_speed&quot;:{&quot;unit&quot;:&quot;px&quot;,&quot;size&quot;:4,&quot;sizes&quot;:[]},&quot;background_motion_fx_translateY_affectedRange&quot;:{&quot;unit&quot;:&quot;%&quot;,&quot;size&quot;:&quot;&quot;,&quot;sizes&quot;:{&quot;start&quot;:0,&quot;end&quot;:100}},&quot;background_motion_fx_devices&quot;:[&quot;desktop&quot;,&quot;tablet&quot;,&quot;mobile&quot;]}\">\n\t\t\t\t\t\t\t<div class=\"elementor-background-overlay\"><\/div>\n\t\t\t\t\t\t\t<div class=\"elementor-container elementor-column-gap-default\">\n\t\t\t\t\t<div class=\"elementor-column elementor-col-100 elementor-top-column elementor-element elementor-element-8578ffc\" data-id=\"8578ffc\" data-element_type=\"column\">\n\t\t\t<div class=\"elementor-widget-wrap elementor-element-populated\">\n\t\t\t\t\t\t<div class=\"elementor-element elementor-element-92078a0 elementor-widget elementor-widget-heading\" data-id=\"92078a0\" data-element_type=\"widget\" data-widget_type=\"heading.default\">\n\t\t\t\t\t<h5 class=\"elementor-heading-title elementor-size-default\">Gesicht<\/h5>\t\t\t\t<\/div>\n\t\t\t\t\t<\/div>\n\t\t<\/div>\n\t\t\t\t\t<\/div>\n\t\t<\/section>\n\t\t\t\t<section class=\"elementor-section elementor-top-section elementor-element elementor-element-6a854a6 elementor-section-boxed elementor-section-height-default elementor-section-height-default\" data-id=\"6a854a6\" data-element_type=\"section\" data-settings=\"{&quot;jet_parallax_layout_list&quot;:[]}\">\n\t\t\t\t\t\t<div class=\"elementor-container elementor-column-gap-default\">\n\t\t\t\t\t<div class=\"elementor-column elementor-col-50 elementor-top-column elementor-element elementor-element-422799f\" data-id=\"422799f\" data-element_type=\"column\">\n\t\t\t<div class=\"elementor-widget-wrap elementor-element-populated\">\n\t\t\t\t\t\t<div class=\"elementor-element elementor-element-82fbfd5 elementor-widget elementor-widget-image\" data-id=\"82fbfd5\" data-element_type=\"widget\" data-widget_type=\"image.default\">\n\t\t\t\t\t\t\t\t\t\t\t\t\t\t\t<img fetchpriority=\"high\" decoding=\"async\" width=\"800\" height=\"462\" src=\"https:\/\/imeba.clinic\/wp-content\/uploads\/2023\/01\/threadlift-1024x591.jpg\" class=\"attachment-large size-large wp-image-2061\" alt=\"\" srcset=\"https:\/\/imeba.clinic\/wp-content\/uploads\/2023\/01\/threadlift-1024x591.jpg 1024w, https:\/\/imeba.clinic\/wp-content\/uploads\/2023\/01\/threadlift-300x173.jpg 300w, https:\/\/imeba.clinic\/wp-content\/uploads\/2023\/01\/threadlift-768x443.jpg 768w, https:\/\/imeba.clinic\/wp-content\/uploads\/2023\/01\/threadlift-18x10.jpg 18w, https:\/\/imeba.clinic\/wp-content\/uploads\/2023\/01\/threadlift.jpg 1499w\" sizes=\"(max-width: 800px) 100vw, 800px\" \/>\t\t\t\t\t\t\t\t\t\t\t\t\t\t\t<\/div>\n\t\t\t\t<div class=\"elementor-element elementor-element-0dbd1d9 elementor-widget elementor-widget-heading\" data-id=\"0dbd1d9\" data-element_type=\"widget\" data-widget_type=\"heading.default\">\n\t\t\t\t\t<h2 class=\"elementor-heading-title elementor-size-default\">MEGA F\u00c4DEN\n<\/h2>\t\t\t\t<\/div>\n\t\t\t\t<div class=\"elementor-element elementor-element-17ade99 elementor-widget elementor-widget-text-editor\" data-id=\"17ade99\" data-element_type=\"widget\" data-widget_type=\"text-editor.default\">\n\t\t\t\t\t\t\t\t\t<p>Einer der besten resorbierbaren F\u00e4den mit einer Haltbarkeit von bis zu 2 Jahren.<\/p>\t\t\t\t\t\t\t\t<\/div>\n\t\t\t\t<div class=\"elementor-element elementor-element-1aac492 elementor-widget elementor-widget-heading\" data-id=\"1aac492\" data-element_type=\"widget\" data-widget_type=\"heading.default\">\n\t\t\t\t\t<h2 class=\"elementor-heading-title elementor-size-default\">Was sind die MEGA F\u00c4DEN von IMEBA\u00ae?\n<\/h2>\t\t\t\t<\/div>\n\t\t\t\t<div class=\"elementor-element elementor-element-9fbdb03 elementor-widget elementor-widget-text-editor\" data-id=\"9fbdb03\" data-element_type=\"widget\" data-widget_type=\"text-editor.default\">\n\t\t\t\t\t\t\t\t\t<p>IMEBA\u00ae MEGA F\u00c4DEN sind eine sehr minimalinvasive Behandlung, die ohne Operation den Effekt simuliert, den wir mit einem chirurgischen Facelifting erreichen k\u00f6nnen. Wenn wir \u00fcber die Verbesserung der Hauterschlaffung und der Erschlaffung der Gesichtsstrukturen sprechen, denken wir normalerweise an ein chirurgisches Facelifting. Bei bestimmten Patienten kann dies die einzige L\u00f6sung sein, um dieses gealterte Aussehen zu verbessern. Wenn die Hauterschlaffung jedoch nur m\u00e4\u00dfig ausgepr\u00e4gt ist und Sie sich keinem chirurgischen Eingriff unterziehen m\u00f6chten, gibt es auch nicht-chirurgische und weniger invasive L\u00f6sungen wie das Fadenlifting. Die F\u00e4den reduzieren die Hauterschlaffung im mittleren oder unteren Gesichtsdrittel und sogar im Halsbereich ohne F\u00fcller und ohne chirurgischen Eingriff.<\/p><p>Die Technik der Fadenstraffung besteht darin, sehr feine F\u00e4den mit kleinen Kegeln oder Knoten auf der Oberfl\u00e4che unter die Haut im mittleren und unteren Teil des Gesichts und des Halses zu legen. Dank dieser Beschaffenheit kann der Faden, sobald er eingef\u00fchrt ist, nicht mehr zur\u00fcckgef\u00fchrt werden. Durch den Zug in eine Richtung, der durch das Relief des Fadens verursacht wird, wird die Haut in ihrer Gesamtheit gestrafft und gedehnt, wodurch sie in eine neue, h\u00f6here Position gebracht wird. Der Faden wird dann an einer unbeweglichen Stelle des Gesichts fixiert, so dass sich der Faden nicht l\u00f6sen kann und der gew\u00fcnschte Effekt erhalten bleibt.<\/p>\t\t\t\t\t\t\t\t<\/div>\n\t\t\t\t<div class=\"elementor-element elementor-element-3eafc6c elementor-widget elementor-widget-heading\" data-id=\"3eafc6c\" data-element_type=\"widget\" data-widget_type=\"heading.default\">\n\t\t\t\t\t<h2 class=\"elementor-heading-title elementor-size-default\">Vorteile der MEGA F\u00c4DEN von IMEBA\u00ae f\u00fcr ein nicht-chirurgisches Lifting\n<\/h2>\t\t\t\t<\/div>\n\t\t\t\t<div class=\"elementor-element elementor-element-9c651a7 advance-lists elementor-widget elementor-widget-text-editor\" data-id=\"9c651a7\" data-element_type=\"widget\" data-widget_type=\"text-editor.default\">\n\t\t\t\t\t\t\t\t\t<ul>\n<li>Sofortige und nat\u00fcrliche Ergebnisse.<\/li>\n<li>Verleiht dem Gesicht eher Projektion als Volumen.<\/li>\n<li>Der Eingriff wird unter \u00f6rtlicher Bet\u00e4ubung durchgef\u00fchrt, und der Patient wird sofort wieder entlassen.<\/li>\n<li>Es handelt sich um eine resorbierbare Behandlung, die in regelm\u00e4\u00dfigen Abst\u00e4nden wiederholt werden kann.<\/li>\n<li>Sie hinterl\u00e4sst keine Narben, nur ein paar kleine Punkte, die nach ein paar Tagen verschwinden.<\/li>\n<li>Sie kann mit anderen Behandlungen kombiniert werden, z. B. mit einer Anti-Mimikfalten Behandlung oder Hyalurons\u00e4ure-F\u00fcllern.<\/li>\n<li>Ein g\u00fcnstigerer Preis als eine Facelift-Operation.<\/li>\n<\/ul>\t\t\t\t\t\t\t\t<\/div>\n\t\t\t\t<div class=\"elementor-element elementor-element-3c94033 elementor-widget elementor-widget-heading\" data-id=\"3c94033\" data-element_type=\"widget\" data-widget_type=\"heading.default\">\n\t\t\t\t\t<h2 class=\"elementor-heading-title elementor-size-default\">Wie viele Mega F\u00e4den von IMEBA\u00ae werden platziert und wo?\n<\/h2>\t\t\t\t<\/div>\n\t\t\t\t<div class=\"elementor-element elementor-element-36bb287 advance-lists elementor-widget elementor-widget-text-editor\" data-id=\"36bb287\" data-element_type=\"widget\" data-widget_type=\"text-editor.default\">\n\t\t\t\t\t\t\t\t\t<p>In der Regel werden vier F\u00e4den (pro Seite) eingef\u00fchrt. Je nach den Bed\u00fcrfnissen des Patienten kann die Anzahl jedoch variieren und es k\u00f6nnen bis zu f\u00fcnf F\u00e4den (pro Seite) erforderlich sein, um den gew\u00fcnschten Effekt zu erzielen. Hals, Kiefer, Wangenknochen und um die Augenbrauen herum sind die h\u00e4ufigsten Bereiche, in denen F\u00e4den verwendet werden.<\/p>\t\t\t\t\t\t\t\t<\/div>\n\t\t\t\t<div class=\"elementor-element elementor-element-d275501 elementor-widget elementor-widget-heading\" data-id=\"d275501\" data-element_type=\"widget\" data-widget_type=\"heading.default\">\n\t\t\t\t\t<h2 class=\"elementor-heading-title elementor-size-default\">Aus was sind die Mega F\u00e4den von IMEBA\u00ae hergestellt?<\/h2>\t\t\t\t<\/div>\n\t\t\t\t<div class=\"elementor-element elementor-element-7d18895 advance-lists elementor-widget elementor-widget-text-editor\" data-id=\"7d18895\" data-element_type=\"widget\" data-widget_type=\"text-editor.default\">\n\t\t\t\t\t\t\t\t\t<p>Bei Cl\u00ednica IMEBA\u00ae setzen wir auf Mega F\u00e4den. Sie bestehen aus vollst\u00e4ndig biokompatiblen Materialien, die vom K\u00f6rper des Patienten resorbiert werden. Auf diese Weise st\u00f6\u00dft Ihr K\u00f6rper die F\u00e4den nicht ab und ruft keine allergischen Reaktionen hervor. Da sie aus Coaprolacton und Polymilchs\u00e4ure hergestellt werden, regen sie au\u00dferdem die nat\u00fcrliche Kollagenbildung der Haut an. IMEBA\u00ae MEGA F\u00c4DEN k\u00f6nnen die Zeichen der Hautalterung kaschieren und eine harmonische Gesichtskontur erzielen. Ohne chirurgischen Eingriff k\u00f6nnen sie ein jugendliches Aussehen erhalten. Aus diesem Grund ist auch die Genesung schnell und der Patient kann sofort wieder an seinen Arbeitsplatz zur\u00fcckkehren. Die Dauer der Wirkung von IMEBA\u00ae MEGA F\u00c4DEN ist vor\u00fcbergehend, verz\u00f6gert aber die Notwendigkeit einer chirurgischen Alternative zur Gesichtsverj\u00fcngung um mehrere Jahre. Sie eignen sich vor allem f\u00fcr die Korrektur von Erschlaffungen und Falten in der Nasolabialfalte, den Marionettenfalten oder am Hals.<\/p>\t\t\t\t\t\t\t\t<\/div>\n\t\t\t\t<div class=\"elementor-element elementor-element-9cde4f6 elementor-widget elementor-widget-heading\" data-id=\"9cde4f6\" data-element_type=\"widget\" data-widget_type=\"heading.default\">\n\t\t\t\t\t<h2 class=\"elementor-heading-title elementor-size-default\">M\u00f6gliche Komplikationen nach der Platzierung\n<\/h2>\t\t\t\t<\/div>\n\t\t\t\t<div class=\"elementor-element elementor-element-573045f advance-lists elementor-widget elementor-widget-text-editor\" data-id=\"573045f\" data-element_type=\"widget\" data-widget_type=\"text-editor.default\">\n\t\t\t\t\t\t\t\t\t<div>Obwohl das Auftreten von Komplikationen minimal ist, da alle Kontraindikationen in der vorherigen Beratung ausgeschlossen werden, kann die Anwendung manchmal Komplikationen verursachen:<\/div><div>\u00a0<\/div><ul><li>Minimale Schwellungen, \u00d6deme oder Infektionen.<\/li><li>Auftreten von blauen Flecken oder Schmerzen.<\/li><li>Personen, die allergisch auf Biomaterialien reagieren, sollten die F\u00e4den nicht anwenden.<\/li><li>Sie sind kontraindiziert f\u00fcr schwangere, stillende und minderj\u00e4hrige Patienten.<\/li><\/ul>\t\t\t\t\t\t\t\t<\/div>\n\t\t\t\t\t<\/div>\n\t\t<\/div>\n\t\t\t\t<div class=\"elementor-column elementor-col-50 elementor-top-column elementor-element elementor-element-ac1a05d\" data-id=\"ac1a05d\" data-element_type=\"column\">\n\t\t\t<div class=\"elementor-widget-wrap elementor-element-populated\">\n\t\t\t\t\t\t<section class=\"elementor-section elementor-inner-section elementor-element elementor-element-0449f5b elementor-section-boxed elementor-section-height-default elementor-section-height-default\" data-id=\"0449f5b\" data-element_type=\"section\" data-settings=\"{&quot;background_background&quot;:&quot;classic&quot;,&quot;sticky&quot;:&quot;top&quot;,&quot;sticky_offset&quot;:120,&quot;sticky_parent&quot;:&quot;yes&quot;,&quot;jet_parallax_layout_list&quot;:[],&quot;sticky_on&quot;:[&quot;desktop&quot;,&quot;tablet&quot;,&quot;mobile&quot;],&quot;sticky_effects_offset&quot;:0,&quot;sticky_anchor_link_offset&quot;:0}\">\n\t\t\t\t\t\t<div class=\"elementor-container elementor-column-gap-default\">\n\t\t\t\t\t<div class=\"elementor-column elementor-col-100 elementor-inner-column elementor-element elementor-element-da8d40e\" data-id=\"da8d40e\" data-element_type=\"column\">\n\t\t\t<div class=\"elementor-widget-wrap elementor-element-populated\">\n\t\t\t\t\t\t<div class=\"elementor-element elementor-element-a2091af elementor-widget elementor-widget-heading\" data-id=\"a2091af\" data-element_type=\"widget\" data-widget_type=\"heading.default\">\n\t\t\t\t\t<h2 class=\"elementor-heading-title elementor-size-default\">Preis<\/h2>\t\t\t\t<\/div>\n\t\t\t\t<div class=\"elementor-element elementor-element-120ebcd Price elementor-widget elementor-widget-heading\" data-id=\"120ebcd\" data-element_type=\"widget\" data-widget_type=\"heading.default\">\n\t\t\t\t\t<h2 class=\"elementor-heading-title elementor-size-default\">990\u20ac<span>\/ 10 F\u00e4den<\/span><\/h2>\t\t\t\t<\/div>\n\t\t\t\t<div class=\"elementor-element elementor-element-3cec791 elementor-widget elementor-widget-text-editor\" data-id=\"3cec791\" data-element_type=\"widget\" data-widget_type=\"text-editor.default\">\n\t\t\t\t\t\t\t\t\t<p>Mega F\u00e4den Soft<\/p><p>(5 auf jeder Seite im mittleren und unteren Gesichtsdrittel)<\/p>\t\t\t\t\t\t\t\t<\/div>\n\t\t\t\t<div class=\"elementor-element elementor-element-793aa8e elementor-widget-divider--view-line elementor-widget elementor-widget-divider\" data-id=\"793aa8e\" data-element_type=\"widget\" data-widget_type=\"divider.default\">\n\t\t\t\t\t\t\t<div class=\"elementor-divider\">\n\t\t\t<span class=\"elementor-divider-separator\">\n\t\t\t\t\t\t<\/span>\n\t\t<\/div>\n\t\t\t\t\t\t<\/div>\n\t\t\t\t<div class=\"elementor-element elementor-element-433a3e1 Price elementor-widget elementor-widget-heading\" data-id=\"433a3e1\" data-element_type=\"widget\" data-widget_type=\"heading.default\">\n\t\t\t\t\t<h2 class=\"elementor-heading-title elementor-size-default\">1.290\u20ac<span>\/ 10 F\u00e4den<\/span><\/h2>\t\t\t\t<\/div>\n\t\t\t\t<div class=\"elementor-element elementor-element-78fbac8 elementor-widget elementor-widget-text-editor\" data-id=\"78fbac8\" data-element_type=\"widget\" data-widget_type=\"text-editor.default\">\n\t\t\t\t\t\t\t\t\t<p>Mega F\u00e4den Plus (st\u00e4rker und l\u00e4nger anhaltend)<\/p><p>(5 auf jeder Seite im mittleren und unteren Gesichtsdrittel)<\/p>\t\t\t\t\t\t\t\t<\/div>\n\t\t\t\t<div class=\"elementor-element elementor-element-8b1ceb3 elementor-widget elementor-widget-text-editor\" data-id=\"8b1ceb3\" data-element_type=\"widget\" data-widget_type=\"text-editor.default\">\n\t\t\t\t\t\t\t\t\t<p>Sie k\u00f6nnen uns auch eine Nachricht per WhatsApp schicken.<\/p>\t\t\t\t\t\t\t\t<\/div>\n\t\t\t\t<div class=\"elementor-element elementor-element-03edf27 elementor-widget__width-inherit elementor-mobile-align-justify elementor-widget-mobile__width-inherit elementor-tablet-align-justify elementor-widget-tablet__width-inherit elementor-align-justify elementor-widget elementor-widget-button\" data-id=\"03edf27\" data-element_type=\"widget\" data-widget_type=\"button.default\">\n\t\t\t\t\t\t\t\t\t\t<a class=\"elementor-button elementor-button-link elementor-size-sm\" href=\"https:\/\/api.whatsapp.com\/send?phone=34653620509&#038;text=Hola%20Cl%C3%ADnicas%20IMEBA,%20ponte%20en%20contacto%20conmigo.%20(Mega%20Hilos)%20Muchas%20gracias.%20\">\n\t\t\t\t\t\t<span class=\"elementor-button-content-wrapper\">\n\t\t\t\t\t\t\t\t\t<span class=\"elementor-button-text\">JETZT BUCHEN<\/span>\n\t\t\t\t\t<\/span>\n\t\t\t\t\t<\/a>\n\t\t\t\t\t\t\t\t<\/div>\n\t\t\t\t\t<\/div>\n\t\t<\/div>\n\t\t\t\t\t<\/div>\n\t\t<\/section>\n\t\t\t\t\t<\/div>\n\t\t<\/div>\n\t\t\t\t\t<\/div>\n\t\t<\/section>\n\t\t\t\t<\/div>","protected":false},"excerpt":{"rendered":"<p>Facial MEGA HILOS Uno de los mejores hilos absorbibles con una durabiliad de hasta 2 a\u00f1os. \u00bfQu\u00e9 son los MEGA HILOS de IMEBA\u00ae? Los MEGA HILOS de IMEBA\u00ae son un tratamiento muy poco invasivo que simula sin cirug\u00eda el efecto que podemos conseguir con un lifting quir\u00fargico. Cuando hablamos de mejorar la flacidez en la [&hellip;]<\/p>","protected":false},"author":2,"featured_media":2061,"parent":1327,"menu_order":1,"comment_status":"closed","ping_status":"closed","template":"elementor_header_footer","meta":{"footnotes":""},"class_list":["post-2058","page","type-page","status-publish","has-post-thumbnail","hentry"],"yoast_head":"<!-- This site is optimized with the Yoast SEO plugin v25.8 - https:\/\/yoast.com\/wordpress\/plugins\/seo\/ -->\n<title>Mega Hilos - Clinicas IMEBA\u00ae<\/title>\n<meta name=\"robots\" content=\"index, follow, max-snippet:-1, max-image-preview:large, max-video-preview:-1\" \/>\n<link rel=\"canonical\" href=\"https:\/\/imeba.clinic\/de\/facial\/mega-hilos\/\" \/>\n<meta property=\"og:locale\" content=\"de_DE\" \/>\n<meta property=\"og:type\" content=\"article\" \/>\n<meta property=\"og:title\" content=\"Mega Hilos - Clinicas IMEBA\u00ae\" \/>\n<meta property=\"og:description\" content=\"Facial MEGA HILOS Uno de los mejores hilos absorbibles con una durabiliad de hasta 2 a\u00f1os. \u00bfQu\u00e9 son los MEGA HILOS de IMEBA\u00ae? Los MEGA HILOS de IMEBA\u00ae son un tratamiento muy poco invasivo que simula sin cirug\u00eda el efecto que podemos conseguir con un lifting quir\u00fargico. Cuando hablamos de mejorar la flacidez en la [&hellip;]\" \/>\n<meta property=\"og:url\" content=\"https:\/\/imeba.clinic\/de\/facial\/mega-hilos\/\" \/>\n<meta property=\"og:site_name\" content=\"Clinicas IMEBA\u00ae\" \/>\n<meta property=\"article:publisher\" content=\"https:\/\/www.facebook.com\/clinicasimebamallorca\" \/>\n<meta property=\"article:modified_time\" content=\"2023-06-12T12:21:14+00:00\" \/>\n<meta property=\"og:image\" content=\"http:\/\/imeba.clinic\/wp-content\/uploads\/2023\/01\/threadlift.jpg\" \/>\n\t<meta property=\"og:image:width\" content=\"1499\" \/>\n\t<meta property=\"og:image:height\" content=\"865\" \/>\n\t<meta property=\"og:image:type\" content=\"image\/jpeg\" \/>\n<meta name=\"twitter:card\" content=\"summary_large_image\" \/>\n<meta name=\"twitter:site\" content=\"@IMEBAInfo\" \/>\n<meta name=\"twitter:label1\" content=\"Gesch\u00e4tzte Lesezeit\" \/>\n\t<meta name=\"twitter:data1\" content=\"4\u00a0Minuten\" \/>\n<script type=\"application\/ld+json\" class=\"yoast-schema-graph\">{\"@context\":\"https:\/\/schema.org\",\"@graph\":[{\"@type\":\"WebPage\",\"@id\":\"https:\/\/imeba.clinic\/facial\/mega-hilos\/\",\"url\":\"https:\/\/imeba.clinic\/facial\/mega-hilos\/\",\"name\":\"Mega Hilos - Clinicas IMEBA\u00ae\",\"isPartOf\":{\"@id\":\"https:\/\/imeba.clinic\/#website\"},\"primaryImageOfPage\":{\"@id\":\"https:\/\/imeba.clinic\/facial\/mega-hilos\/#primaryimage\"},\"image\":{\"@id\":\"https:\/\/imeba.clinic\/facial\/mega-hilos\/#primaryimage\"},\"thumbnailUrl\":\"https:\/\/imeba.clinic\/wp-content\/uploads\/2023\/01\/threadlift.jpg\",\"datePublished\":\"2023-01-30T09:19:04+00:00\",\"dateModified\":\"2023-06-12T12:21:14+00:00\",\"breadcrumb\":{\"@id\":\"https:\/\/imeba.clinic\/facial\/mega-hilos\/#breadcrumb\"},\"inLanguage\":\"de\",\"potentialAction\":[{\"@type\":\"ReadAction\",\"target\":[\"https:\/\/imeba.clinic\/facial\/mega-hilos\/\"]}]},{\"@type\":\"ImageObject\",\"inLanguage\":\"de\",\"@id\":\"https:\/\/imeba.clinic\/facial\/mega-hilos\/#primaryimage\",\"url\":\"https:\/\/imeba.clinic\/wp-content\/uploads\/2023\/01\/threadlift.jpg\",\"contentUrl\":\"https:\/\/imeba.clinic\/wp-content\/uploads\/2023\/01\/threadlift.jpg\",\"width\":1499,\"height\":865},{\"@type\":\"BreadcrumbList\",\"@id\":\"https:\/\/imeba.clinic\/facial\/mega-hilos\/#breadcrumb\",\"itemListElement\":[{\"@type\":\"ListItem\",\"position\":1,\"name\":\"Portada\",\"item\":\"https:\/\/imeba.clinic\/\"},{\"@type\":\"ListItem\",\"position\":2,\"name\":\"Facial\",\"item\":\"https:\/\/imeba.clinic\/facial\/\"},{\"@type\":\"ListItem\",\"position\":3,\"name\":\"Mega Hilos\"}]},{\"@type\":\"WebSite\",\"@id\":\"https:\/\/imeba.clinic\/#website\",\"url\":\"https:\/\/imeba.clinic\/\",\"name\":\"Clinicas IMEBA\u00ae\",\"description\":\"Medicina estetica cirugia facial\",\"publisher\":{\"@id\":\"https:\/\/imeba.clinic\/#organization\"},\"potentialAction\":[{\"@type\":\"SearchAction\",\"target\":{\"@type\":\"EntryPoint\",\"urlTemplate\":\"https:\/\/imeba.clinic\/?s={search_term_string}\"},\"query-input\":{\"@type\":\"PropertyValueSpecification\",\"valueRequired\":true,\"valueName\":\"search_term_string\"}}],\"inLanguage\":\"de\"},{\"@type\":\"Organization\",\"@id\":\"https:\/\/imeba.clinic\/#organization\",\"name\":\"Clinicas IMEBA\u00ae\",\"url\":\"https:\/\/imeba.clinic\/\",\"logo\":{\"@type\":\"ImageObject\",\"inLanguage\":\"de\",\"@id\":\"https:\/\/imeba.clinic\/#\/schema\/logo\/image\/\",\"url\":\"https:\/\/imeba.clinic\/wp-content\/uploads\/2023\/01\/cropped-11722351_740325796094007_2206264894896353109_o.jpg\",\"contentUrl\":\"https:\/\/imeba.clinic\/wp-content\/uploads\/2023\/01\/cropped-11722351_740325796094007_2206264894896353109_o.jpg\",\"width\":1221,\"height\":349,\"caption\":\"Clinicas IMEBA\u00ae\"},\"image\":{\"@id\":\"https:\/\/imeba.clinic\/#\/schema\/logo\/image\/\"},\"sameAs\":[\"https:\/\/www.facebook.com\/clinicasimebamallorca\",\"https:\/\/x.com\/IMEBAInfo\",\"https:\/\/www.youtube.com\/@TorstenMarin\"]}]}<\/script>\n<!-- \/ Yoast SEO plugin. -->","yoast_head_json":{"title":"Mega Hilos - Clinicas IMEBA\u00ae","robots":{"index":"index","follow":"follow","max-snippet":"max-snippet:-1","max-image-preview":"max-image-preview:large","max-video-preview":"max-video-preview:-1"},"canonical":"https:\/\/imeba.clinic\/de\/facial\/mega-hilos\/","og_locale":"de_DE","og_type":"article","og_title":"Mega Hilos - Clinicas IMEBA\u00ae","og_description":"Facial MEGA HILOS Uno de los mejores hilos absorbibles con una durabiliad de hasta 2 a\u00f1os. \u00bfQu\u00e9 son los MEGA HILOS de IMEBA\u00ae? Los MEGA HILOS de IMEBA\u00ae son un tratamiento muy poco invasivo que simula sin cirug\u00eda el efecto que podemos conseguir con un lifting quir\u00fargico. Cuando hablamos de mejorar la flacidez en la [&hellip;]","og_url":"https:\/\/imeba.clinic\/de\/facial\/mega-hilos\/","og_site_name":"Clinicas IMEBA\u00ae","article_publisher":"https:\/\/www.facebook.com\/clinicasimebamallorca","article_modified_time":"2023-06-12T12:21:14+00:00","og_image":[{"width":1499,"height":865,"url":"http:\/\/imeba.clinic\/wp-content\/uploads\/2023\/01\/threadlift.jpg","type":"image\/jpeg"}],"twitter_card":"summary_large_image","twitter_site":"@IMEBAInfo","twitter_misc":{"Gesch\u00e4tzte Lesezeit":"4\u00a0Minuten"},"schema":{"@context":"https:\/\/schema.org","@graph":[{"@type":"WebPage","@id":"https:\/\/imeba.clinic\/facial\/mega-hilos\/","url":"https:\/\/imeba.clinic\/facial\/mega-hilos\/","name":"Mega Hilos - Clinicas IMEBA\u00ae","isPartOf":{"@id":"https:\/\/imeba.clinic\/#website"},"primaryImageOfPage":{"@id":"https:\/\/imeba.clinic\/facial\/mega-hilos\/#primaryimage"},"image":{"@id":"https:\/\/imeba.clinic\/facial\/mega-hilos\/#primaryimage"},"thumbnailUrl":"https:\/\/imeba.clinic\/wp-content\/uploads\/2023\/01\/threadlift.jpg","datePublished":"2023-01-30T09:19:04+00:00","dateModified":"2023-06-12T12:21:14+00:00","breadcrumb":{"@id":"https:\/\/imeba.clinic\/facial\/mega-hilos\/#breadcrumb"},"inLanguage":"de","potentialAction":[{"@type":"ReadAction","target":["https:\/\/imeba.clinic\/facial\/mega-hilos\/"]}]},{"@type":"ImageObject","inLanguage":"de","@id":"https:\/\/imeba.clinic\/facial\/mega-hilos\/#primaryimage","url":"https:\/\/imeba.clinic\/wp-content\/uploads\/2023\/01\/threadlift.jpg","contentUrl":"https:\/\/imeba.clinic\/wp-content\/uploads\/2023\/01\/threadlift.jpg","width":1499,"height":865},{"@type":"BreadcrumbList","@id":"https:\/\/imeba.clinic\/facial\/mega-hilos\/#breadcrumb","itemListElement":[{"@type":"ListItem","position":1,"name":"Portada","item":"https:\/\/imeba.clinic\/"},{"@type":"ListItem","position":2,"name":"Facial","item":"https:\/\/imeba.clinic\/facial\/"},{"@type":"ListItem","position":3,"name":"Mega Hilos"}]},{"@type":"WebSite","@id":"https:\/\/imeba.clinic\/#website","url":"https:\/\/imeba.clinic\/","name":"Clinicas IMEBA\u00ae","description":"Medicina estetica cirugia facial","publisher":{"@id":"https:\/\/imeba.clinic\/#organization"},"potentialAction":[{"@type":"SearchAction","target":{"@type":"EntryPoint","urlTemplate":"https:\/\/imeba.clinic\/?s={search_term_string}"},"query-input":{"@type":"PropertyValueSpecification","valueRequired":true,"valueName":"search_term_string"}}],"inLanguage":"de"},{"@type":"Organization","@id":"https:\/\/imeba.clinic\/#organization","name":"Clinicas IMEBA\u00ae","url":"https:\/\/imeba.clinic\/","logo":{"@type":"ImageObject","inLanguage":"de","@id":"https:\/\/imeba.clinic\/#\/schema\/logo\/image\/","url":"https:\/\/imeba.clinic\/wp-content\/uploads\/2023\/01\/cropped-11722351_740325796094007_2206264894896353109_o.jpg","contentUrl":"https:\/\/imeba.clinic\/wp-content\/uploads\/2023\/01\/cropped-11722351_740325796094007_2206264894896353109_o.jpg","width":1221,"height":349,"caption":"Clinicas IMEBA\u00ae"},"image":{"@id":"https:\/\/imeba.clinic\/#\/schema\/logo\/image\/"},"sameAs":["https:\/\/www.facebook.com\/clinicasimebamallorca","https:\/\/x.com\/IMEBAInfo","https:\/\/www.youtube.com\/@TorstenMarin"]}]}},"_links":{"self":[{"href":"https:\/\/imeba.clinic\/de\/wp-json\/wp\/v2\/pages\/2058","targetHints":{"allow":["GET"]}}],"collection":[{"href":"https:\/\/imeba.clinic\/de\/wp-json\/wp\/v2\/pages"}],"about":[{"href":"https:\/\/imeba.clinic\/de\/wp-json\/wp\/v2\/types\/page"}],"author":[{"embeddable":true,"href":"https:\/\/imeba.clinic\/de\/wp-json\/wp\/v2\/users\/2"}],"replies":[{"embeddable":true,"href":"https:\/\/imeba.clinic\/de\/wp-json\/wp\/v2\/comments?post=2058"}],"version-history":[{"count":0,"href":"https:\/\/imeba.clinic\/de\/wp-json\/wp\/v2\/pages\/2058\/revisions"}],"up":[{"embeddable":true,"href":"https:\/\/imeba.clinic\/de\/wp-json\/wp\/v2\/pages\/1327"}],"wp:featuredmedia":[{"embeddable":true,"href":"https:\/\/imeba.clinic\/de\/wp-json\/wp\/v2\/media\/2061"}],"wp:attachment":[{"href":"https:\/\/imeba.clinic\/de\/wp-json\/wp\/v2\/media?parent=2058"}],"curies":[{"name":"wp","href":"https:\/\/api.w.org\/{rel}","templated":true}]}}