
{"id":2040,"date":"2023-01-27T14:40:55","date_gmt":"2023-01-27T14:40:55","guid":{"rendered":"https:\/\/imeba.clinic\/?page_id=2040"},"modified":"2023-02-09T14:58:08","modified_gmt":"2023-02-09T14:58:08","slug":"micropigmentacion-medica","status":"publish","type":"page","link":"https:\/\/imeba.clinic\/de\/micropigmentacion-medica\/","title":{"rendered":"Medizinische Mikropigmentierung"},"content":{"rendered":"<div data-elementor-type=\"wp-page\" data-elementor-id=\"2040\" class=\"elementor elementor-2040\" data-elementor-post-type=\"page\">\n\t\t\t\t\t\t<section class=\"elementor-section elementor-top-section elementor-element elementor-element-14f7ea6 elementor-section-height-min-height elementor-section-boxed elementor-section-height-default elementor-section-items-middle\" data-id=\"14f7ea6\" data-element_type=\"section\" data-settings=\"{&quot;background_background&quot;:&quot;classic&quot;,&quot;background_motion_fx_motion_fx_scrolling&quot;:&quot;yes&quot;,&quot;background_motion_fx_translateY_effect&quot;:&quot;yes&quot;,&quot;jet_parallax_layout_list&quot;:[],&quot;background_motion_fx_translateY_speed&quot;:{&quot;unit&quot;:&quot;px&quot;,&quot;size&quot;:4,&quot;sizes&quot;:[]},&quot;background_motion_fx_translateY_affectedRange&quot;:{&quot;unit&quot;:&quot;%&quot;,&quot;size&quot;:&quot;&quot;,&quot;sizes&quot;:{&quot;start&quot;:0,&quot;end&quot;:100}},&quot;background_motion_fx_devices&quot;:[&quot;desktop&quot;,&quot;tablet&quot;,&quot;mobile&quot;]}\">\n\t\t\t\t\t\t\t<div class=\"elementor-background-overlay\"><\/div>\n\t\t\t\t\t\t\t<div class=\"elementor-container elementor-column-gap-default\">\n\t\t\t\t\t<div class=\"elementor-column elementor-col-100 elementor-top-column elementor-element elementor-element-8578ffc\" data-id=\"8578ffc\" data-element_type=\"column\">\n\t\t\t<div class=\"elementor-widget-wrap elementor-element-populated\">\n\t\t\t\t\t\t<div class=\"elementor-element elementor-element-92078a0 elementor-widget elementor-widget-heading\" data-id=\"92078a0\" data-element_type=\"widget\" data-widget_type=\"heading.default\">\n\t\t\t\t\t<h5 class=\"elementor-heading-title elementor-size-default\">Gesicht<\/h5>\t\t\t\t<\/div>\n\t\t\t\t\t<\/div>\n\t\t<\/div>\n\t\t\t\t\t<\/div>\n\t\t<\/section>\n\t\t\t\t<section class=\"elementor-section elementor-top-section elementor-element elementor-element-6a854a6 elementor-section-boxed elementor-section-height-default elementor-section-height-default\" data-id=\"6a854a6\" data-element_type=\"section\" data-settings=\"{&quot;jet_parallax_layout_list&quot;:[]}\">\n\t\t\t\t\t\t<div class=\"elementor-container elementor-column-gap-default\">\n\t\t\t\t\t<div class=\"elementor-column elementor-col-50 elementor-top-column elementor-element elementor-element-422799f\" data-id=\"422799f\" data-element_type=\"column\">\n\t\t\t<div class=\"elementor-widget-wrap elementor-element-populated\">\n\t\t\t\t\t\t<div class=\"elementor-element elementor-element-82fbfd5 elementor-widget elementor-widget-image\" data-id=\"82fbfd5\" data-element_type=\"widget\" data-widget_type=\"image.default\">\n\t\t\t\t\t\t\t\t\t\t\t\t\t\t\t<img fetchpriority=\"high\" decoding=\"async\" width=\"800\" height=\"432\" src=\"https:\/\/imeba.clinic\/wp-content\/uploads\/2023\/01\/micropigmentacion-capilar-sevilla-1-1-1024x553.jpg\" class=\"attachment-large size-large wp-image-2044\" alt=\"\" srcset=\"https:\/\/imeba.clinic\/wp-content\/uploads\/2023\/01\/micropigmentacion-capilar-sevilla-1-1-1024x553.jpg 1024w, https:\/\/imeba.clinic\/wp-content\/uploads\/2023\/01\/micropigmentacion-capilar-sevilla-1-1-300x162.jpg 300w, https:\/\/imeba.clinic\/wp-content\/uploads\/2023\/01\/micropigmentacion-capilar-sevilla-1-1-768x415.jpg 768w, https:\/\/imeba.clinic\/wp-content\/uploads\/2023\/01\/micropigmentacion-capilar-sevilla-1-1-18x10.jpg 18w, https:\/\/imeba.clinic\/wp-content\/uploads\/2023\/01\/micropigmentacion-capilar-sevilla-1-1.jpg 1200w\" sizes=\"(max-width: 800px) 100vw, 800px\" \/>\t\t\t\t\t\t\t\t\t\t\t\t\t\t\t<\/div>\n\t\t\t\t<div class=\"elementor-element elementor-element-0dbd1d9 elementor-widget elementor-widget-heading\" data-id=\"0dbd1d9\" data-element_type=\"widget\" data-widget_type=\"heading.default\">\n\t\t\t\t\t<h2 class=\"elementor-heading-title elementor-size-default\">IMEBA\u00ae MEDIZINISCHE MIKROPIGMENTIERUNG<\/h2>\t\t\t\t<\/div>\n\t\t\t\t<div class=\"elementor-element elementor-element-26317e6 advance-lists elementor-widget elementor-widget-text-editor\" data-id=\"26317e6\" data-element_type=\"widget\" data-widget_type=\"text-editor.default\">\n\t\t\t\t\t\t\t\t\t<p>Die Anwendungen von Permanent Make-up oder Mikropigmentierung sind nicht auf den Gesichtsbereich beschr\u00e4nkt, sondern haben auch andere medizinische Anwendungen. Im Folgenden beschreiben wir die h\u00e4ufigsten F\u00e4lle, die behandelt werden k\u00f6nnen:<\/p>\n<ul>\n<li><strong><span id=\"result_box\" class=\"short_text\" lang=\"es\" tabindex=\"-1\"><span class=\"\">BRUSTWARZEN<\/span><\/span><\/strong><\/li>\n<\/ul>\n<p>Bei Brustwarzen, die nach einer Mastektomie verschwunden sind, bei Narben, die durch eine Brustvergr\u00f6\u00dferung oder -verkleinerung entstanden sind, und bei anderen.<\/p>\n<ul>\n<li><strong><span id=\"result_box\" class=\"\" lang=\"es\" tabindex=\"-1\">NARBEN<\/span><\/strong><\/li>\n<\/ul>\n<p>Bei Narben, die eine sehr unterschiedliche Farbe zur Haut haben. Dabei handelt es sich jedoch in der Regel um kompliziertere F\u00e4lle, die nicht immer durchgef\u00fchrt werden k\u00f6nnen oder bei denen kein v\u00f6llig zufriedenstellendes Ergebnis erzielt wird.<\/p>\n<ul>\n<li><strong><span id=\"result_box\" class=\"short_text\" lang=\"es\" tabindex=\"-1\"><span class=\"\">KOPF<\/span><\/span><\/strong><\/li>\n<\/ul>\n<p>Im Falle von Kopfhautbereichen mit Narben oder Kahlheit (Alopezie) kann sie getarnt werden, so dass der optische Effekt eines rasierten Kopfes entsteht, jedoch mit normaler Haardichte. Bei fortgeschrittener Kahlheit und auf einer sehr ausgedehnten Fl\u00e4che ist es nicht geeignet.<\/p>\t\t\t\t\t\t\t\t<\/div>\n\t\t\t\t<div class=\"elementor-element elementor-element-3c94033 elementor-widget elementor-widget-heading\" data-id=\"3c94033\" data-element_type=\"widget\" data-widget_type=\"heading.default\">\n\t\t\t\t\t<h2 class=\"elementor-heading-title elementor-size-default\">IMEBA\u00ae Permanent Make-up ohne Nebenwirkungen. Denn wir sind Profis.<\/h2>\t\t\t\t<\/div>\n\t\t\t\t<div class=\"elementor-element elementor-element-36bb287 advance-lists elementor-widget elementor-widget-text-editor\" data-id=\"36bb287\" data-element_type=\"widget\" data-widget_type=\"text-editor.default\">\n\t\t\t\t\t\t\t\t\t<ul><li><strong>Team<\/strong><\/li><\/ul><p>Hochwertige Ausstattung \/ die beste Pigmentiermaschine weltweit, deutsche Pr\u00e4zisionsarbeit mit patentiertem Mikroprozessor.<\/p><ul><li><strong>Klinik<\/strong><\/li><\/ul><p>Unsere Eingriffe werden in einer zertifizierten und professionellen medizinischen Klinik durchgef\u00fchrt, die regelm\u00e4\u00dfig und streng vom Gesundheitsministerium kontrolliert wird. Vergessen Sie die Hinterzimmerumgebung oder schmutzige Einrichtungen. Das sollte es Ihnen wert sein.<\/p><ul><li><strong>Technik<\/strong><\/li><\/ul><p>Eine Technik, die im Laufe der Jahre entwickelt wurde und weiter entwickelt wird, um die ideale Form und Farbe f\u00fcr jeden Kunden zu garantieren.<\/p><ul><li><strong>Stylisten<\/strong><\/li><\/ul><p class=\"translation-block\"><span class=\"\">Todos los estilistas est\u00e1n capacitados profesionalmente y tienen experiencia.<\/span>&nbsp;<span class=\"\">Los estilistas de IMEBA\u00ae \u00fanicamente est\u00e1n capacitados para realizar el maquillaje permanente en clientes al estar certificados. Y lo est\u00e1n.<\/span><\/p>\t\t\t\t\t\t\t\t<\/div>\n\t\t\t\t\t<\/div>\n\t\t<\/div>\n\t\t\t\t<div class=\"elementor-column elementor-col-50 elementor-top-column elementor-element elementor-element-ac1a05d\" data-id=\"ac1a05d\" data-element_type=\"column\">\n\t\t\t<div class=\"elementor-widget-wrap elementor-element-populated\">\n\t\t\t\t\t\t<section class=\"elementor-section elementor-inner-section elementor-element elementor-element-0449f5b elementor-section-boxed elementor-section-height-default elementor-section-height-default\" data-id=\"0449f5b\" data-element_type=\"section\" data-settings=\"{&quot;background_background&quot;:&quot;classic&quot;,&quot;sticky&quot;:&quot;top&quot;,&quot;sticky_offset&quot;:120,&quot;sticky_parent&quot;:&quot;yes&quot;,&quot;jet_parallax_layout_list&quot;:[],&quot;sticky_on&quot;:[&quot;desktop&quot;,&quot;tablet&quot;,&quot;mobile&quot;],&quot;sticky_effects_offset&quot;:0,&quot;sticky_anchor_link_offset&quot;:0}\">\n\t\t\t\t\t\t<div class=\"elementor-container elementor-column-gap-default\">\n\t\t\t\t\t<div class=\"elementor-column elementor-col-100 elementor-inner-column elementor-element elementor-element-da8d40e\" data-id=\"da8d40e\" data-element_type=\"column\">\n\t\t\t<div class=\"elementor-widget-wrap elementor-element-populated\">\n\t\t\t\t\t\t<div class=\"elementor-element elementor-element-a2091af elementor-widget elementor-widget-heading\" data-id=\"a2091af\" data-element_type=\"widget\" data-widget_type=\"heading.default\">\n\t\t\t\t\t<h2 class=\"elementor-heading-title elementor-size-default\">Preis<\/h2>\t\t\t\t<\/div>\n\t\t\t\t<div class=\"elementor-element elementor-element-120ebcd Price elementor-widget elementor-widget-heading\" data-id=\"120ebcd\" data-element_type=\"widget\" data-widget_type=\"heading.default\">\n\t\t\t\t\t<h2 class=\"elementor-heading-title elementor-size-default\">Nur mit Beratung<\/h2>\t\t\t\t<\/div>\n\t\t\t\t<div class=\"elementor-element elementor-element-3cec791 elementor-widget elementor-widget-text-editor\" data-id=\"3cec791\" data-element_type=\"widget\" data-widget_type=\"text-editor.default\">\n\t\t\t\t\t\t\t\t\t<p>Je nach Behandlung, Behandlungsbereich usw.<\/p><p>Vorherige Beratung erforderlich.<\/p>\t\t\t\t\t\t\t\t<\/div>\n\t\t\t\t<div class=\"elementor-element elementor-element-03edf27 elementor-widget__width-inherit elementor-mobile-align-justify elementor-widget-mobile__width-inherit elementor-tablet-align-justify elementor-widget-tablet__width-inherit elementor-align-justify elementor-widget elementor-widget-button\" data-id=\"03edf27\" data-element_type=\"widget\" data-widget_type=\"button.default\">\n\t\t\t\t\t\t\t\t\t\t<a class=\"elementor-button elementor-button-link elementor-size-sm\" href=\"https:\/\/api.whatsapp.com\/send?phone=34653620509&#038;text=Hola,%20Clinicas%20IMEBA,%20ponte%20en%20contacto%20conmigo.%20(Micropigmentaci\u00f3n%20m\u00e9dica)%20Muchas%20gracias...%20\">\n\t\t\t\t\t\t<span class=\"elementor-button-content-wrapper\">\n\t\t\t\t\t\t\t\t\t<span class=\"elementor-button-text\">JETZT BUCHEN<\/span>\n\t\t\t\t\t<\/span>\n\t\t\t\t\t<\/a>\n\t\t\t\t\t\t\t\t<\/div>\n\t\t\t\t<div class=\"elementor-element elementor-element-8b1ceb3 elementor-widget elementor-widget-text-editor\" data-id=\"8b1ceb3\" data-element_type=\"widget\" data-widget_type=\"text-editor.default\">\n\t\t\t\t\t\t\t\t\t<p>Sie k\u00f6nnen uns auch eine Nachricht per WhatsApp schicken.<\/p>\t\t\t\t\t\t\t\t<\/div>\n\t\t\t\t\t<\/div>\n\t\t<\/div>\n\t\t\t\t\t<\/div>\n\t\t<\/section>\n\t\t\t\t\t<\/div>\n\t\t<\/div>\n\t\t\t\t\t<\/div>\n\t\t<\/section>\n\t\t\t\t<\/div>","protected":false},"excerpt":{"rendered":"<p>Facial IMEBA\u00ae MICROPIGMENTACI\u00d3N M\u00c9DICA Las aplicaciones del maquillaje permanente o micropigmentaci\u00f3n no se limitan a la zona de la cara, sino que adem\u00e1s tiene otras aplicaciones m\u00e9dicas. A continuaci\u00f3n describimos los casos m\u00e1s comunes que pueden tratarse: AREOLAS MAMARIAS En el caso de areolas que han desaparecido tras una mastectom\u00eda, cicatrices causadas por una cirug\u00eda [&hellip;]<\/p>","protected":false},"author":2,"featured_media":2044,"parent":0,"menu_order":1,"comment_status":"closed","ping_status":"closed","template":"elementor_header_footer","meta":{"footnotes":""},"class_list":["post-2040","page","type-page","status-publish","has-post-thumbnail","hentry"],"yoast_head":"<!-- This site is optimized with the Yoast SEO plugin v25.8 - https:\/\/yoast.com\/wordpress\/plugins\/seo\/ -->\n<title>Micropigmentaci\u00f3n m\u00e9dica - Clinicas IMEBA\u00ae<\/title>\n<meta name=\"robots\" content=\"index, follow, max-snippet:-1, max-image-preview:large, max-video-preview:-1\" \/>\n<link rel=\"canonical\" href=\"https:\/\/imeba.clinic\/de\/micropigmentacion-medica\/\" \/>\n<meta property=\"og:locale\" content=\"de_DE\" \/>\n<meta property=\"og:type\" content=\"article\" \/>\n<meta property=\"og:title\" content=\"Micropigmentaci\u00f3n m\u00e9dica - Clinicas IMEBA\u00ae\" \/>\n<meta property=\"og:description\" content=\"Facial IMEBA\u00ae MICROPIGMENTACI\u00d3N M\u00c9DICA Las aplicaciones del maquillaje permanente o micropigmentaci\u00f3n no se limitan a la zona de la cara, sino que adem\u00e1s tiene otras aplicaciones m\u00e9dicas. A continuaci\u00f3n describimos los casos m\u00e1s comunes que pueden tratarse: AREOLAS MAMARIAS En el caso de areolas que han desaparecido tras una mastectom\u00eda, cicatrices causadas por una cirug\u00eda [&hellip;]\" \/>\n<meta property=\"og:url\" content=\"https:\/\/imeba.clinic\/de\/micropigmentacion-medica\/\" \/>\n<meta property=\"og:site_name\" content=\"Clinicas IMEBA\u00ae\" \/>\n<meta property=\"article:publisher\" content=\"https:\/\/www.facebook.com\/clinicasimebamallorca\" \/>\n<meta property=\"article:modified_time\" content=\"2023-02-09T14:58:08+00:00\" \/>\n<meta property=\"og:image\" content=\"http:\/\/imeba.clinic\/wp-content\/uploads\/2023\/01\/micropigmentacion-capilar-sevilla-1-1.jpg\" \/>\n\t<meta property=\"og:image:width\" content=\"1200\" \/>\n\t<meta property=\"og:image:height\" content=\"648\" \/>\n\t<meta property=\"og:image:type\" content=\"image\/jpeg\" \/>\n<meta name=\"twitter:card\" content=\"summary_large_image\" \/>\n<meta name=\"twitter:site\" content=\"@IMEBAInfo\" \/>\n<meta name=\"twitter:label1\" content=\"Gesch\u00e4tzte Lesezeit\" \/>\n\t<meta name=\"twitter:data1\" content=\"2\u00a0Minuten\" \/>\n<script type=\"application\/ld+json\" class=\"yoast-schema-graph\">{\"@context\":\"https:\/\/schema.org\",\"@graph\":[{\"@type\":\"WebPage\",\"@id\":\"https:\/\/imeba.clinic\/micropigmentacion-medica\/\",\"url\":\"https:\/\/imeba.clinic\/micropigmentacion-medica\/\",\"name\":\"Micropigmentaci\u00f3n m\u00e9dica - Clinicas IMEBA\u00ae\",\"isPartOf\":{\"@id\":\"https:\/\/imeba.clinic\/#website\"},\"primaryImageOfPage\":{\"@id\":\"https:\/\/imeba.clinic\/micropigmentacion-medica\/#primaryimage\"},\"image\":{\"@id\":\"https:\/\/imeba.clinic\/micropigmentacion-medica\/#primaryimage\"},\"thumbnailUrl\":\"https:\/\/imeba.clinic\/wp-content\/uploads\/2023\/01\/micropigmentacion-capilar-sevilla-1-1.jpg\",\"datePublished\":\"2023-01-27T14:40:55+00:00\",\"dateModified\":\"2023-02-09T14:58:08+00:00\",\"breadcrumb\":{\"@id\":\"https:\/\/imeba.clinic\/micropigmentacion-medica\/#breadcrumb\"},\"inLanguage\":\"de\",\"potentialAction\":[{\"@type\":\"ReadAction\",\"target\":[\"https:\/\/imeba.clinic\/micropigmentacion-medica\/\"]}]},{\"@type\":\"ImageObject\",\"inLanguage\":\"de\",\"@id\":\"https:\/\/imeba.clinic\/micropigmentacion-medica\/#primaryimage\",\"url\":\"https:\/\/imeba.clinic\/wp-content\/uploads\/2023\/01\/micropigmentacion-capilar-sevilla-1-1.jpg\",\"contentUrl\":\"https:\/\/imeba.clinic\/wp-content\/uploads\/2023\/01\/micropigmentacion-capilar-sevilla-1-1.jpg\",\"width\":1200,\"height\":648},{\"@type\":\"BreadcrumbList\",\"@id\":\"https:\/\/imeba.clinic\/micropigmentacion-medica\/#breadcrumb\",\"itemListElement\":[{\"@type\":\"ListItem\",\"position\":1,\"name\":\"Portada\",\"item\":\"https:\/\/imeba.clinic\/\"},{\"@type\":\"ListItem\",\"position\":2,\"name\":\"Micropigmentaci\u00f3n m\u00e9dica\"}]},{\"@type\":\"WebSite\",\"@id\":\"https:\/\/imeba.clinic\/#website\",\"url\":\"https:\/\/imeba.clinic\/\",\"name\":\"Clinicas IMEBA\u00ae\",\"description\":\"Medicina estetica cirugia facial\",\"publisher\":{\"@id\":\"https:\/\/imeba.clinic\/#organization\"},\"potentialAction\":[{\"@type\":\"SearchAction\",\"target\":{\"@type\":\"EntryPoint\",\"urlTemplate\":\"https:\/\/imeba.clinic\/?s={search_term_string}\"},\"query-input\":{\"@type\":\"PropertyValueSpecification\",\"valueRequired\":true,\"valueName\":\"search_term_string\"}}],\"inLanguage\":\"de\"},{\"@type\":\"Organization\",\"@id\":\"https:\/\/imeba.clinic\/#organization\",\"name\":\"Clinicas IMEBA\u00ae\",\"url\":\"https:\/\/imeba.clinic\/\",\"logo\":{\"@type\":\"ImageObject\",\"inLanguage\":\"de\",\"@id\":\"https:\/\/imeba.clinic\/#\/schema\/logo\/image\/\",\"url\":\"https:\/\/imeba.clinic\/wp-content\/uploads\/2023\/01\/cropped-11722351_740325796094007_2206264894896353109_o.jpg\",\"contentUrl\":\"https:\/\/imeba.clinic\/wp-content\/uploads\/2023\/01\/cropped-11722351_740325796094007_2206264894896353109_o.jpg\",\"width\":1221,\"height\":349,\"caption\":\"Clinicas IMEBA\u00ae\"},\"image\":{\"@id\":\"https:\/\/imeba.clinic\/#\/schema\/logo\/image\/\"},\"sameAs\":[\"https:\/\/www.facebook.com\/clinicasimebamallorca\",\"https:\/\/x.com\/IMEBAInfo\",\"https:\/\/www.youtube.com\/@TorstenMarin\"]}]}<\/script>\n<!-- \/ Yoast SEO plugin. -->","yoast_head_json":{"title":"Micropigmentaci\u00f3n m\u00e9dica - Clinicas IMEBA\u00ae","robots":{"index":"index","follow":"follow","max-snippet":"max-snippet:-1","max-image-preview":"max-image-preview:large","max-video-preview":"max-video-preview:-1"},"canonical":"https:\/\/imeba.clinic\/de\/micropigmentacion-medica\/","og_locale":"de_DE","og_type":"article","og_title":"Micropigmentaci\u00f3n m\u00e9dica - Clinicas IMEBA\u00ae","og_description":"Facial IMEBA\u00ae MICROPIGMENTACI\u00d3N M\u00c9DICA Las aplicaciones del maquillaje permanente o micropigmentaci\u00f3n no se limitan a la zona de la cara, sino que adem\u00e1s tiene otras aplicaciones m\u00e9dicas. A continuaci\u00f3n describimos los casos m\u00e1s comunes que pueden tratarse: AREOLAS MAMARIAS En el caso de areolas que han desaparecido tras una mastectom\u00eda, cicatrices causadas por una cirug\u00eda [&hellip;]","og_url":"https:\/\/imeba.clinic\/de\/micropigmentacion-medica\/","og_site_name":"Clinicas IMEBA\u00ae","article_publisher":"https:\/\/www.facebook.com\/clinicasimebamallorca","article_modified_time":"2023-02-09T14:58:08+00:00","og_image":[{"width":1200,"height":648,"url":"http:\/\/imeba.clinic\/wp-content\/uploads\/2023\/01\/micropigmentacion-capilar-sevilla-1-1.jpg","type":"image\/jpeg"}],"twitter_card":"summary_large_image","twitter_site":"@IMEBAInfo","twitter_misc":{"Gesch\u00e4tzte Lesezeit":"2\u00a0Minuten"},"schema":{"@context":"https:\/\/schema.org","@graph":[{"@type":"WebPage","@id":"https:\/\/imeba.clinic\/micropigmentacion-medica\/","url":"https:\/\/imeba.clinic\/micropigmentacion-medica\/","name":"Micropigmentaci\u00f3n m\u00e9dica - Clinicas IMEBA\u00ae","isPartOf":{"@id":"https:\/\/imeba.clinic\/#website"},"primaryImageOfPage":{"@id":"https:\/\/imeba.clinic\/micropigmentacion-medica\/#primaryimage"},"image":{"@id":"https:\/\/imeba.clinic\/micropigmentacion-medica\/#primaryimage"},"thumbnailUrl":"https:\/\/imeba.clinic\/wp-content\/uploads\/2023\/01\/micropigmentacion-capilar-sevilla-1-1.jpg","datePublished":"2023-01-27T14:40:55+00:00","dateModified":"2023-02-09T14:58:08+00:00","breadcrumb":{"@id":"https:\/\/imeba.clinic\/micropigmentacion-medica\/#breadcrumb"},"inLanguage":"de","potentialAction":[{"@type":"ReadAction","target":["https:\/\/imeba.clinic\/micropigmentacion-medica\/"]}]},{"@type":"ImageObject","inLanguage":"de","@id":"https:\/\/imeba.clinic\/micropigmentacion-medica\/#primaryimage","url":"https:\/\/imeba.clinic\/wp-content\/uploads\/2023\/01\/micropigmentacion-capilar-sevilla-1-1.jpg","contentUrl":"https:\/\/imeba.clinic\/wp-content\/uploads\/2023\/01\/micropigmentacion-capilar-sevilla-1-1.jpg","width":1200,"height":648},{"@type":"BreadcrumbList","@id":"https:\/\/imeba.clinic\/micropigmentacion-medica\/#breadcrumb","itemListElement":[{"@type":"ListItem","position":1,"name":"Portada","item":"https:\/\/imeba.clinic\/"},{"@type":"ListItem","position":2,"name":"Micropigmentaci\u00f3n m\u00e9dica"}]},{"@type":"WebSite","@id":"https:\/\/imeba.clinic\/#website","url":"https:\/\/imeba.clinic\/","name":"Clinicas IMEBA\u00ae","description":"Medicina estetica cirugia facial","publisher":{"@id":"https:\/\/imeba.clinic\/#organization"},"potentialAction":[{"@type":"SearchAction","target":{"@type":"EntryPoint","urlTemplate":"https:\/\/imeba.clinic\/?s={search_term_string}"},"query-input":{"@type":"PropertyValueSpecification","valueRequired":true,"valueName":"search_term_string"}}],"inLanguage":"de"},{"@type":"Organization","@id":"https:\/\/imeba.clinic\/#organization","name":"Clinicas IMEBA\u00ae","url":"https:\/\/imeba.clinic\/","logo":{"@type":"ImageObject","inLanguage":"de","@id":"https:\/\/imeba.clinic\/#\/schema\/logo\/image\/","url":"https:\/\/imeba.clinic\/wp-content\/uploads\/2023\/01\/cropped-11722351_740325796094007_2206264894896353109_o.jpg","contentUrl":"https:\/\/imeba.clinic\/wp-content\/uploads\/2023\/01\/cropped-11722351_740325796094007_2206264894896353109_o.jpg","width":1221,"height":349,"caption":"Clinicas IMEBA\u00ae"},"image":{"@id":"https:\/\/imeba.clinic\/#\/schema\/logo\/image\/"},"sameAs":["https:\/\/www.facebook.com\/clinicasimebamallorca","https:\/\/x.com\/IMEBAInfo","https:\/\/www.youtube.com\/@TorstenMarin"]}]}},"_links":{"self":[{"href":"https:\/\/imeba.clinic\/de\/wp-json\/wp\/v2\/pages\/2040","targetHints":{"allow":["GET"]}}],"collection":[{"href":"https:\/\/imeba.clinic\/de\/wp-json\/wp\/v2\/pages"}],"about":[{"href":"https:\/\/imeba.clinic\/de\/wp-json\/wp\/v2\/types\/page"}],"author":[{"embeddable":true,"href":"https:\/\/imeba.clinic\/de\/wp-json\/wp\/v2\/users\/2"}],"replies":[{"embeddable":true,"href":"https:\/\/imeba.clinic\/de\/wp-json\/wp\/v2\/comments?post=2040"}],"version-history":[{"count":0,"href":"https:\/\/imeba.clinic\/de\/wp-json\/wp\/v2\/pages\/2040\/revisions"}],"wp:featuredmedia":[{"embeddable":true,"href":"https:\/\/imeba.clinic\/de\/wp-json\/wp\/v2\/media\/2044"}],"wp:attachment":[{"href":"https:\/\/imeba.clinic\/de\/wp-json\/wp\/v2\/media?parent=2040"}],"curies":[{"name":"wp","href":"https:\/\/api.w.org\/{rel}","templated":true}]}}