
{"id":2032,"date":"2023-01-27T14:24:07","date_gmt":"2023-01-27T14:24:07","guid":{"rendered":"https:\/\/imeba.clinic\/?page_id=2032"},"modified":"2023-11-08T19:10:14","modified_gmt":"2023-11-08T18:10:14","slug":"labios","status":"publish","type":"page","link":"https:\/\/imeba.clinic\/de\/labios\/","title":{"rendered":"Lippen"},"content":{"rendered":"<div data-elementor-type=\"wp-page\" data-elementor-id=\"2032\" class=\"elementor elementor-2032\" data-elementor-post-type=\"page\">\n\t\t\t\t\t\t<section class=\"elementor-section elementor-top-section elementor-element elementor-element-14f7ea6 elementor-section-height-min-height elementor-section-boxed elementor-section-height-default elementor-section-items-middle\" data-id=\"14f7ea6\" data-element_type=\"section\" data-settings=\"{&quot;background_background&quot;:&quot;classic&quot;,&quot;background_motion_fx_motion_fx_scrolling&quot;:&quot;yes&quot;,&quot;background_motion_fx_translateY_effect&quot;:&quot;yes&quot;,&quot;jet_parallax_layout_list&quot;:[],&quot;background_motion_fx_translateY_speed&quot;:{&quot;unit&quot;:&quot;px&quot;,&quot;size&quot;:4,&quot;sizes&quot;:[]},&quot;background_motion_fx_translateY_affectedRange&quot;:{&quot;unit&quot;:&quot;%&quot;,&quot;size&quot;:&quot;&quot;,&quot;sizes&quot;:{&quot;start&quot;:0,&quot;end&quot;:100}},&quot;background_motion_fx_devices&quot;:[&quot;desktop&quot;,&quot;tablet&quot;,&quot;mobile&quot;]}\">\n\t\t\t\t\t\t\t<div class=\"elementor-background-overlay\"><\/div>\n\t\t\t\t\t\t\t<div class=\"elementor-container elementor-column-gap-default\">\n\t\t\t\t\t<div class=\"elementor-column elementor-col-100 elementor-top-column elementor-element elementor-element-8578ffc\" data-id=\"8578ffc\" data-element_type=\"column\">\n\t\t\t<div class=\"elementor-widget-wrap elementor-element-populated\">\n\t\t\t\t\t\t<div class=\"elementor-element elementor-element-92078a0 elementor-widget elementor-widget-heading\" data-id=\"92078a0\" data-element_type=\"widget\" data-widget_type=\"heading.default\">\n\t\t\t\t\t<h5 class=\"elementor-heading-title elementor-size-default\">Gesicht<\/h5>\t\t\t\t<\/div>\n\t\t\t\t\t<\/div>\n\t\t<\/div>\n\t\t\t\t\t<\/div>\n\t\t<\/section>\n\t\t\t\t<section class=\"elementor-section elementor-top-section elementor-element elementor-element-6a854a6 elementor-section-boxed elementor-section-height-default elementor-section-height-default\" data-id=\"6a854a6\" data-element_type=\"section\" data-settings=\"{&quot;jet_parallax_layout_list&quot;:[]}\">\n\t\t\t\t\t\t<div class=\"elementor-container elementor-column-gap-default\">\n\t\t\t\t\t<div class=\"elementor-column elementor-col-50 elementor-top-column elementor-element elementor-element-422799f\" data-id=\"422799f\" data-element_type=\"column\">\n\t\t\t<div class=\"elementor-widget-wrap elementor-element-populated\">\n\t\t\t\t\t\t<div class=\"elementor-element elementor-element-82fbfd5 elementor-widget elementor-widget-image\" data-id=\"82fbfd5\" data-element_type=\"widget\" data-widget_type=\"image.default\">\n\t\t\t\t\t\t\t\t\t\t\t\t\t\t\t<img fetchpriority=\"high\" decoding=\"async\" width=\"800\" height=\"450\" src=\"https:\/\/imeba.clinic\/wp-content\/uploads\/2023\/01\/PermanentMakeupLipColorLipBlushing-1024x576.jpeg\" class=\"attachment-large size-large wp-image-2034\" alt=\"\" srcset=\"https:\/\/imeba.clinic\/wp-content\/uploads\/2023\/01\/PermanentMakeupLipColorLipBlushing-1024x576.jpeg 1024w, https:\/\/imeba.clinic\/wp-content\/uploads\/2023\/01\/PermanentMakeupLipColorLipBlushing-300x169.jpeg 300w, https:\/\/imeba.clinic\/wp-content\/uploads\/2023\/01\/PermanentMakeupLipColorLipBlushing-768x432.jpeg 768w, https:\/\/imeba.clinic\/wp-content\/uploads\/2023\/01\/PermanentMakeupLipColorLipBlushing-18x10.jpeg 18w, https:\/\/imeba.clinic\/wp-content\/uploads\/2023\/01\/PermanentMakeupLipColorLipBlushing.jpeg 1500w\" sizes=\"(max-width: 800px) 100vw, 800px\" \/>\t\t\t\t\t\t\t\t\t\t\t\t\t\t\t<\/div>\n\t\t\t\t<div class=\"elementor-element elementor-element-0dbd1d9 elementor-widget elementor-widget-heading\" data-id=\"0dbd1d9\" data-element_type=\"widget\" data-widget_type=\"heading.default\">\n\t\t\t\t\t<h2 class=\"elementor-heading-title elementor-size-default\">IMEBA\u00ae PERMANENT MAKE-UP LIPPEN<\/h2>\t\t\t\t<\/div>\n\t\t\t\t<div class=\"elementor-element elementor-element-17ade99 elementor-widget elementor-widget-text-editor\" data-id=\"17ade99\" data-element_type=\"widget\" data-widget_type=\"text-editor.default\">\n\t\t\t\t\t\t\t\t\t<p><span style=\"color: #ff0000;\">\u00bfNuestra ventaja como parte de una cl\u00ednica? Nuestros m\u00e9dicos siempre pueden utilizar anestesia local. Esto no est\u00e1 permitido en estudios o centros.<\/span><\/p><p>IMEBA\u00ae Permanent Make-up f\u00fcr die Lippen, egal ob nur die Kontur oder die vollen Lippen, l\u00e4sst Ihre Lippen voller und sinnlicher aussehen, ohne dass eine Lippenvergr\u00f6\u00dferung durchgef\u00fchrt wurde. Wir korrigieren Ihre Lippen, machen sie symmetrisch, und mit den richtigen Farben geben wir Ihren Lippen das Aussehen, das Sie sich w\u00fcnschen. Volle und sinnliche Lippen dr\u00fccken Jugend und Sinnlichkeit aus, das ist mit Cl\u00ednica IMEBA\u00ae m\u00f6glich.<\/p><p>Die Lippen spielen eine wichtige Rolle in unserem physischen und emotionalen Leben: Sie geh\u00f6ren zu den ersten Dingen, die man sieht: Sie umrahmen das L\u00e4cheln und dr\u00fccken Attraktivit\u00e4t und Jugendlichkeit aus.<\/p><p>Der Preis beinhaltet eine Auffrischung bis zu 2 Monate nach der Behandlung.<\/p><p>Eine Auffrischung ab einem Jahr kostet 180\u20ac f\u00fcr Konturlippen, 250\u20ac f\u00fcr Konturlippen + etwas Schattierung, 350\u20ac f\u00fcr volle Lippen (alle ohne weitere Auffrischung).<\/p><p>Ab 2 Jahren handelt es sich um eine v\u00f6llig neue Behandlung.<\/p>\t\t\t\t\t\t\t\t<\/div>\n\t\t\t\t<div class=\"elementor-element elementor-element-3c94033 elementor-widget elementor-widget-heading\" data-id=\"3c94033\" data-element_type=\"widget\" data-widget_type=\"heading.default\">\n\t\t\t\t\t<h2 class=\"elementor-heading-title elementor-size-default\">IMEBA\u00ae Permanent Make-up ohne Nebenwirkungen. Denn wir sind Profis.<\/h2>\t\t\t\t<\/div>\n\t\t\t\t<div class=\"elementor-element elementor-element-36bb287 advance-lists elementor-widget elementor-widget-text-editor\" data-id=\"36bb287\" data-element_type=\"widget\" data-widget_type=\"text-editor.default\">\n\t\t\t\t\t\t\t\t\t<ul><li><strong>SCHRITT 1: DAS DESIGN<\/strong><\/li><\/ul><p>Ihre Lippen werden nach Ihrem pers\u00f6nlichen Stil gestaltet. Es wird genau Ma\u00df genommen und die Lippen werden zu Ihrer Genehmigung gezeichnet. Ihre Lippen k\u00f6nnen v\u00f6llig neu geformt werden und voller erscheinen.<\/p><ul><li><strong>SCHRITT 2: DIE FARBE<\/strong><\/li><\/ul><p class=\"translation-block\">Wir helfen Ihnen bei der Auswahl der f\u00fcr Sie nat\u00fcrlichsten Farbe. Unsere Farben sind individuell gemischt, ungiftig, dermatologisch getestet und mit nat\u00fcrlichen Mineralpigmenten hergestellt.<\/p><ul><li><strong>SCHRITT 3: DIE PIGMENTIERUNG<\/strong><\/li><\/ul><p class=\"translation-block\">Das Pigment wird in d\u00fcnnen Schichten pr\u00e4zise aufgetragen, bis die ideale Farbe und Form erreicht ist und ein v\u00f6llig nat\u00fcrliches Aussehen entsteht. Bei der ersten Sitzung sind wir eher vorsichtig. Weniger ist mehr. Bei dieser Sitzung geht es darum, eine gute Basis zu schaffen, die Detailarbeit erfolgt beim zweiten Termin.<\/p><ul><li><strong>SCHRITT 4: DIE RETUSCHE<\/strong><\/li><\/ul><p>3 bis 4 Wochen bis maximal zwei Monate nach der ersten Sitzung kommen Sie zu einem Auffrischungstermin, um Farbe und Form mit Ihrem Stylisten zu \u00fcberpr\u00fcfen und gegebenenfalls anzupassen, um sicherzustellen, dass Sie Ihr gew\u00fcnschtes Aussehen erhalten.<\/p>\t\t\t\t\t\t\t\t<\/div>\n\t\t\t\t<div class=\"elementor-element elementor-element-8cf6f69 elementor-widget elementor-widget-heading\" data-id=\"8cf6f69\" data-element_type=\"widget\" data-widget_type=\"heading.default\">\n\t\t\t\t\t<h2 class=\"elementor-heading-title elementor-size-default\">H\u00e4ufig gestellte Fragen\n<\/h2>\t\t\t\t<\/div>\n\t\t\t\t<div class=\"elementor-element elementor-element-4fad1f7 advance-lists elementor-widget elementor-widget-text-editor\" data-id=\"4fad1f7\" data-element_type=\"widget\" data-widget_type=\"text-editor.default\">\n\t\t\t\t\t\t\t\t\t<ul><li><strong>Werden meine Lippen am n\u00e4chsten Tag normal aussehen?<\/strong><\/li><\/ul><p>Direkt nach dem Eingriff werden Ihre Lippen geschwollen sein. Das Ausma\u00df dieser Schwellung ist von Person zu Person unterschiedlich. Bei den meisten Kunden geht die Schwellung innerhalb von ein paar Stunden zur\u00fcck. Die Lippen werden einige Tage nach dem Eingriff heller erscheinen und die Farbe wird sich aufhellen.<\/p><ul><li><strong><span class=\"\">Kann das Cl\u00ednica IMEBA\u00ae Permanent Make-up ungleichm\u00e4\u00dfige Lippen korrigieren?<\/span><\/strong><\/li><\/ul><p class=\"translation-block\">Ja! Wir k\u00f6nnen Ihren Lippen ein volleres und\/oder symmetrischeres Aussehen geben.<\/p><ul><li><strong><span class=\"\">K\u00f6nnen meine Lippen gr\u00f6\u00dfer gemacht werden?<\/span><\/strong><\/li><\/ul><p class=\"translation-block\">Ja, der Stylist entwirft die Form Ihrer Lippen, bevor er mit dem Eingriff beginnt, damit Sie genau die Form und Gr\u00f6\u00dfe erhalten, die Sie w\u00fcnschen. Vollere, sch\u00f6ne und sinnliche Lippen ohne Lippenvergr\u00f6\u00dferung.<\/p>\t\t\t\t\t\t\t\t<\/div>\n\t\t\t\t\t<\/div>\n\t\t<\/div>\n\t\t\t\t<div class=\"elementor-column elementor-col-50 elementor-top-column elementor-element elementor-element-ac1a05d\" data-id=\"ac1a05d\" data-element_type=\"column\">\n\t\t\t<div class=\"elementor-widget-wrap elementor-element-populated\">\n\t\t\t\t\t\t<section class=\"elementor-section elementor-inner-section elementor-element elementor-element-0449f5b elementor-section-boxed elementor-section-height-default elementor-section-height-default\" data-id=\"0449f5b\" data-element_type=\"section\" data-settings=\"{&quot;background_background&quot;:&quot;classic&quot;,&quot;sticky&quot;:&quot;top&quot;,&quot;sticky_offset&quot;:120,&quot;sticky_parent&quot;:&quot;yes&quot;,&quot;jet_parallax_layout_list&quot;:[],&quot;sticky_on&quot;:[&quot;desktop&quot;,&quot;tablet&quot;,&quot;mobile&quot;],&quot;sticky_effects_offset&quot;:0,&quot;sticky_anchor_link_offset&quot;:0}\">\n\t\t\t\t\t\t<div class=\"elementor-container elementor-column-gap-default\">\n\t\t\t\t\t<div class=\"elementor-column elementor-col-100 elementor-inner-column elementor-element elementor-element-da8d40e\" data-id=\"da8d40e\" data-element_type=\"column\">\n\t\t\t<div class=\"elementor-widget-wrap elementor-element-populated\">\n\t\t\t\t\t\t<div class=\"elementor-element elementor-element-a2091af elementor-widget elementor-widget-heading\" data-id=\"a2091af\" data-element_type=\"widget\" data-widget_type=\"heading.default\">\n\t\t\t\t\t<h2 class=\"elementor-heading-title elementor-size-default\">Preis<\/h2>\t\t\t\t<\/div>\n\t\t\t\t<div class=\"elementor-element elementor-element-120ebcd Price elementor-widget elementor-widget-heading\" data-id=\"120ebcd\" data-element_type=\"widget\" data-widget_type=\"heading.default\">\n\t\t\t\t\t<h2 class=\"elementor-heading-title elementor-size-default\">280\u20ac<\/h2>\t\t\t\t<\/div>\n\t\t\t\t<div class=\"elementor-element elementor-element-3cec791 elementor-widget elementor-widget-text-editor\" data-id=\"3cec791\" data-element_type=\"widget\" data-widget_type=\"text-editor.default\">\n\t\t\t\t\t\t\t\t\t<p>Kontur<\/p>\t\t\t\t\t\t\t\t<\/div>\n\t\t\t\t<div class=\"elementor-element elementor-element-793aa8e elementor-widget-divider--view-line elementor-widget elementor-widget-divider\" data-id=\"793aa8e\" data-element_type=\"widget\" data-widget_type=\"divider.default\">\n\t\t\t\t\t\t\t<div class=\"elementor-divider\">\n\t\t\t<span class=\"elementor-divider-separator\">\n\t\t\t\t\t\t<\/span>\n\t\t<\/div>\n\t\t\t\t\t\t<\/div>\n\t\t\t\t<div class=\"elementor-element elementor-element-433a3e1 Price elementor-widget elementor-widget-heading\" data-id=\"433a3e1\" data-element_type=\"widget\" data-widget_type=\"heading.default\">\n\t\t\t\t\t<h2 class=\"elementor-heading-title elementor-size-default\">380\u20ac<\/h2>\t\t\t\t<\/div>\n\t\t\t\t<div class=\"elementor-element elementor-element-78fbac8 elementor-widget elementor-widget-text-editor\" data-id=\"78fbac8\" data-element_type=\"widget\" data-widget_type=\"text-editor.default\">\n\t\t\t\t\t\t\t\t\t<p>Kontur mit ein wenig Schattierung<\/p>\t\t\t\t\t\t\t\t<\/div>\n\t\t\t\t<div class=\"elementor-element elementor-element-d29adc4 elementor-widget-divider--view-line elementor-widget elementor-widget-divider\" data-id=\"d29adc4\" data-element_type=\"widget\" data-widget_type=\"divider.default\">\n\t\t\t\t\t\t\t<div class=\"elementor-divider\">\n\t\t\t<span class=\"elementor-divider-separator\">\n\t\t\t\t\t\t<\/span>\n\t\t<\/div>\n\t\t\t\t\t\t<\/div>\n\t\t\t\t<div class=\"elementor-element elementor-element-374b283 Price elementor-widget elementor-widget-heading\" data-id=\"374b283\" data-element_type=\"widget\" data-widget_type=\"heading.default\">\n\t\t\t\t\t<h2 class=\"elementor-heading-title elementor-size-default\">450\u20ac<\/h2>\t\t\t\t<\/div>\n\t\t\t\t<div class=\"elementor-element elementor-element-9ec8b88 elementor-widget elementor-widget-text-editor\" data-id=\"9ec8b88\" data-element_type=\"widget\" data-widget_type=\"text-editor.default\">\n\t\t\t\t\t\t\t\t\t<p>Komplett<\/p>\t\t\t\t\t\t\t\t<\/div>\n\t\t\t\t<div class=\"elementor-element elementor-element-03edf27 elementor-widget__width-inherit elementor-mobile-align-justify elementor-widget-mobile__width-inherit elementor-tablet-align-justify elementor-widget-tablet__width-inherit elementor-align-justify elementor-widget elementor-widget-button\" data-id=\"03edf27\" data-element_type=\"widget\" data-widget_type=\"button.default\">\n\t\t\t\t\t\t\t\t\t\t<a class=\"elementor-button elementor-button-link elementor-size-sm\" href=\"https:\/\/api.whatsapp.com\/send?phone=34653620509&#038;text=Hola,%20Clinicas%20IMEBA,%20ponte%20en%20contacto%20conmigo.%20(MP%20Labios)%20Muchas%20gracias...%20\">\n\t\t\t\t\t\t<span class=\"elementor-button-content-wrapper\">\n\t\t\t\t\t\t\t\t\t<span class=\"elementor-button-text\">JETZT BUCHEN<\/span>\n\t\t\t\t\t<\/span>\n\t\t\t\t\t<\/a>\n\t\t\t\t\t\t\t\t<\/div>\n\t\t\t\t<div class=\"elementor-element elementor-element-8b1ceb3 elementor-widget elementor-widget-text-editor\" data-id=\"8b1ceb3\" data-element_type=\"widget\" data-widget_type=\"text-editor.default\">\n\t\t\t\t\t\t\t\t\t<p>Sie k\u00f6nnen uns auch eine Nachricht per WhatsApp schicken.<\/p>\t\t\t\t\t\t\t\t<\/div>\n\t\t\t\t\t<\/div>\n\t\t<\/div>\n\t\t\t\t\t<\/div>\n\t\t<\/section>\n\t\t\t\t\t<\/div>\n\t\t<\/div>\n\t\t\t\t\t<\/div>\n\t\t<\/section>\n\t\t\t\t<\/div>","protected":false},"excerpt":{"rendered":"<p>Facial IMEBA\u00ae MAQUILLAJE PERMANENTE LABIOS \u00bfNuestra ventaja como parte de una cl\u00ednica? Nuestros m\u00e9dicos siempre pueden utilizar anestesia local. Esto no est\u00e1 permitido en estudios o centros. IMEBA\u00ae Maquillaje Permanente de los labios, sin importar si solo el contorno o los labios completos, hace que sus labios tengan un aspecto m\u00e1s lleno y m\u00e1s sensual [&hellip;]<\/p>","protected":false},"author":2,"featured_media":2034,"parent":0,"menu_order":1,"comment_status":"closed","ping_status":"closed","template":"elementor_header_footer","meta":{"footnotes":""},"class_list":["post-2032","page","type-page","status-publish","has-post-thumbnail","hentry"],"yoast_head":"<!-- This site is optimized with the Yoast SEO plugin v25.8 - https:\/\/yoast.com\/wordpress\/plugins\/seo\/ -->\n<title>Labios - Clinicas IMEBA\u00ae<\/title>\n<meta name=\"robots\" content=\"index, follow, max-snippet:-1, max-image-preview:large, max-video-preview:-1\" \/>\n<link rel=\"canonical\" href=\"https:\/\/imeba.clinic\/de\/labios\/\" \/>\n<meta property=\"og:locale\" content=\"de_DE\" \/>\n<meta property=\"og:type\" content=\"article\" \/>\n<meta property=\"og:title\" content=\"Labios - Clinicas IMEBA\u00ae\" \/>\n<meta property=\"og:description\" content=\"Facial IMEBA\u00ae MAQUILLAJE PERMANENTE LABIOS \u00bfNuestra ventaja como parte de una cl\u00ednica? Nuestros m\u00e9dicos siempre pueden utilizar anestesia local. Esto no est\u00e1 permitido en estudios o centros. IMEBA\u00ae Maquillaje Permanente de los labios, sin importar si solo el contorno o los labios completos, hace que sus labios tengan un aspecto m\u00e1s lleno y m\u00e1s sensual [&hellip;]\" \/>\n<meta property=\"og:url\" content=\"https:\/\/imeba.clinic\/de\/labios\/\" \/>\n<meta property=\"og:site_name\" content=\"Clinicas IMEBA\u00ae\" \/>\n<meta property=\"article:publisher\" content=\"https:\/\/www.facebook.com\/clinicasimebamallorca\" \/>\n<meta property=\"article:modified_time\" content=\"2023-11-08T18:10:14+00:00\" \/>\n<meta property=\"og:image\" content=\"http:\/\/imeba.clinic\/wp-content\/uploads\/2023\/01\/PermanentMakeupLipColorLipBlushing.jpeg\" \/>\n\t<meta property=\"og:image:width\" content=\"1500\" \/>\n\t<meta property=\"og:image:height\" content=\"844\" \/>\n\t<meta property=\"og:image:type\" content=\"image\/jpeg\" \/>\n<meta name=\"twitter:card\" content=\"summary_large_image\" \/>\n<meta name=\"twitter:site\" content=\"@IMEBAInfo\" \/>\n<meta name=\"twitter:label1\" content=\"Gesch\u00e4tzte Lesezeit\" \/>\n\t<meta name=\"twitter:data1\" content=\"3\u00a0Minuten\" \/>\n<script type=\"application\/ld+json\" class=\"yoast-schema-graph\">{\"@context\":\"https:\/\/schema.org\",\"@graph\":[{\"@type\":\"WebPage\",\"@id\":\"https:\/\/imeba.clinic\/labios\/\",\"url\":\"https:\/\/imeba.clinic\/labios\/\",\"name\":\"Labios - Clinicas IMEBA\u00ae\",\"isPartOf\":{\"@id\":\"https:\/\/imeba.clinic\/#website\"},\"primaryImageOfPage\":{\"@id\":\"https:\/\/imeba.clinic\/labios\/#primaryimage\"},\"image\":{\"@id\":\"https:\/\/imeba.clinic\/labios\/#primaryimage\"},\"thumbnailUrl\":\"https:\/\/imeba.clinic\/wp-content\/uploads\/2023\/01\/PermanentMakeupLipColorLipBlushing.jpeg\",\"datePublished\":\"2023-01-27T14:24:07+00:00\",\"dateModified\":\"2023-11-08T18:10:14+00:00\",\"breadcrumb\":{\"@id\":\"https:\/\/imeba.clinic\/labios\/#breadcrumb\"},\"inLanguage\":\"de\",\"potentialAction\":[{\"@type\":\"ReadAction\",\"target\":[\"https:\/\/imeba.clinic\/labios\/\"]}]},{\"@type\":\"ImageObject\",\"inLanguage\":\"de\",\"@id\":\"https:\/\/imeba.clinic\/labios\/#primaryimage\",\"url\":\"https:\/\/imeba.clinic\/wp-content\/uploads\/2023\/01\/PermanentMakeupLipColorLipBlushing.jpeg\",\"contentUrl\":\"https:\/\/imeba.clinic\/wp-content\/uploads\/2023\/01\/PermanentMakeupLipColorLipBlushing.jpeg\",\"width\":1500,\"height\":844},{\"@type\":\"BreadcrumbList\",\"@id\":\"https:\/\/imeba.clinic\/labios\/#breadcrumb\",\"itemListElement\":[{\"@type\":\"ListItem\",\"position\":1,\"name\":\"Portada\",\"item\":\"https:\/\/imeba.clinic\/\"},{\"@type\":\"ListItem\",\"position\":2,\"name\":\"Labios\"}]},{\"@type\":\"WebSite\",\"@id\":\"https:\/\/imeba.clinic\/#website\",\"url\":\"https:\/\/imeba.clinic\/\",\"name\":\"Clinicas IMEBA\u00ae\",\"description\":\"Medicina estetica cirugia facial\",\"publisher\":{\"@id\":\"https:\/\/imeba.clinic\/#organization\"},\"potentialAction\":[{\"@type\":\"SearchAction\",\"target\":{\"@type\":\"EntryPoint\",\"urlTemplate\":\"https:\/\/imeba.clinic\/?s={search_term_string}\"},\"query-input\":{\"@type\":\"PropertyValueSpecification\",\"valueRequired\":true,\"valueName\":\"search_term_string\"}}],\"inLanguage\":\"de\"},{\"@type\":\"Organization\",\"@id\":\"https:\/\/imeba.clinic\/#organization\",\"name\":\"Clinicas IMEBA\u00ae\",\"url\":\"https:\/\/imeba.clinic\/\",\"logo\":{\"@type\":\"ImageObject\",\"inLanguage\":\"de\",\"@id\":\"https:\/\/imeba.clinic\/#\/schema\/logo\/image\/\",\"url\":\"https:\/\/imeba.clinic\/wp-content\/uploads\/2023\/01\/cropped-11722351_740325796094007_2206264894896353109_o.jpg\",\"contentUrl\":\"https:\/\/imeba.clinic\/wp-content\/uploads\/2023\/01\/cropped-11722351_740325796094007_2206264894896353109_o.jpg\",\"width\":1221,\"height\":349,\"caption\":\"Clinicas IMEBA\u00ae\"},\"image\":{\"@id\":\"https:\/\/imeba.clinic\/#\/schema\/logo\/image\/\"},\"sameAs\":[\"https:\/\/www.facebook.com\/clinicasimebamallorca\",\"https:\/\/x.com\/IMEBAInfo\",\"https:\/\/www.youtube.com\/@TorstenMarin\"]}]}<\/script>\n<!-- \/ Yoast SEO plugin. -->","yoast_head_json":{"title":"Labios - Clinicas IMEBA\u00ae","robots":{"index":"index","follow":"follow","max-snippet":"max-snippet:-1","max-image-preview":"max-image-preview:large","max-video-preview":"max-video-preview:-1"},"canonical":"https:\/\/imeba.clinic\/de\/labios\/","og_locale":"de_DE","og_type":"article","og_title":"Labios - Clinicas IMEBA\u00ae","og_description":"Facial IMEBA\u00ae MAQUILLAJE PERMANENTE LABIOS \u00bfNuestra ventaja como parte de una cl\u00ednica? Nuestros m\u00e9dicos siempre pueden utilizar anestesia local. Esto no est\u00e1 permitido en estudios o centros. IMEBA\u00ae Maquillaje Permanente de los labios, sin importar si solo el contorno o los labios completos, hace que sus labios tengan un aspecto m\u00e1s lleno y m\u00e1s sensual [&hellip;]","og_url":"https:\/\/imeba.clinic\/de\/labios\/","og_site_name":"Clinicas IMEBA\u00ae","article_publisher":"https:\/\/www.facebook.com\/clinicasimebamallorca","article_modified_time":"2023-11-08T18:10:14+00:00","og_image":[{"width":1500,"height":844,"url":"http:\/\/imeba.clinic\/wp-content\/uploads\/2023\/01\/PermanentMakeupLipColorLipBlushing.jpeg","type":"image\/jpeg"}],"twitter_card":"summary_large_image","twitter_site":"@IMEBAInfo","twitter_misc":{"Gesch\u00e4tzte Lesezeit":"3\u00a0Minuten"},"schema":{"@context":"https:\/\/schema.org","@graph":[{"@type":"WebPage","@id":"https:\/\/imeba.clinic\/labios\/","url":"https:\/\/imeba.clinic\/labios\/","name":"Labios - Clinicas IMEBA\u00ae","isPartOf":{"@id":"https:\/\/imeba.clinic\/#website"},"primaryImageOfPage":{"@id":"https:\/\/imeba.clinic\/labios\/#primaryimage"},"image":{"@id":"https:\/\/imeba.clinic\/labios\/#primaryimage"},"thumbnailUrl":"https:\/\/imeba.clinic\/wp-content\/uploads\/2023\/01\/PermanentMakeupLipColorLipBlushing.jpeg","datePublished":"2023-01-27T14:24:07+00:00","dateModified":"2023-11-08T18:10:14+00:00","breadcrumb":{"@id":"https:\/\/imeba.clinic\/labios\/#breadcrumb"},"inLanguage":"de","potentialAction":[{"@type":"ReadAction","target":["https:\/\/imeba.clinic\/labios\/"]}]},{"@type":"ImageObject","inLanguage":"de","@id":"https:\/\/imeba.clinic\/labios\/#primaryimage","url":"https:\/\/imeba.clinic\/wp-content\/uploads\/2023\/01\/PermanentMakeupLipColorLipBlushing.jpeg","contentUrl":"https:\/\/imeba.clinic\/wp-content\/uploads\/2023\/01\/PermanentMakeupLipColorLipBlushing.jpeg","width":1500,"height":844},{"@type":"BreadcrumbList","@id":"https:\/\/imeba.clinic\/labios\/#breadcrumb","itemListElement":[{"@type":"ListItem","position":1,"name":"Portada","item":"https:\/\/imeba.clinic\/"},{"@type":"ListItem","position":2,"name":"Labios"}]},{"@type":"WebSite","@id":"https:\/\/imeba.clinic\/#website","url":"https:\/\/imeba.clinic\/","name":"Clinicas IMEBA\u00ae","description":"Medicina estetica cirugia facial","publisher":{"@id":"https:\/\/imeba.clinic\/#organization"},"potentialAction":[{"@type":"SearchAction","target":{"@type":"EntryPoint","urlTemplate":"https:\/\/imeba.clinic\/?s={search_term_string}"},"query-input":{"@type":"PropertyValueSpecification","valueRequired":true,"valueName":"search_term_string"}}],"inLanguage":"de"},{"@type":"Organization","@id":"https:\/\/imeba.clinic\/#organization","name":"Clinicas IMEBA\u00ae","url":"https:\/\/imeba.clinic\/","logo":{"@type":"ImageObject","inLanguage":"de","@id":"https:\/\/imeba.clinic\/#\/schema\/logo\/image\/","url":"https:\/\/imeba.clinic\/wp-content\/uploads\/2023\/01\/cropped-11722351_740325796094007_2206264894896353109_o.jpg","contentUrl":"https:\/\/imeba.clinic\/wp-content\/uploads\/2023\/01\/cropped-11722351_740325796094007_2206264894896353109_o.jpg","width":1221,"height":349,"caption":"Clinicas IMEBA\u00ae"},"image":{"@id":"https:\/\/imeba.clinic\/#\/schema\/logo\/image\/"},"sameAs":["https:\/\/www.facebook.com\/clinicasimebamallorca","https:\/\/x.com\/IMEBAInfo","https:\/\/www.youtube.com\/@TorstenMarin"]}]}},"_links":{"self":[{"href":"https:\/\/imeba.clinic\/de\/wp-json\/wp\/v2\/pages\/2032","targetHints":{"allow":["GET"]}}],"collection":[{"href":"https:\/\/imeba.clinic\/de\/wp-json\/wp\/v2\/pages"}],"about":[{"href":"https:\/\/imeba.clinic\/de\/wp-json\/wp\/v2\/types\/page"}],"author":[{"embeddable":true,"href":"https:\/\/imeba.clinic\/de\/wp-json\/wp\/v2\/users\/2"}],"replies":[{"embeddable":true,"href":"https:\/\/imeba.clinic\/de\/wp-json\/wp\/v2\/comments?post=2032"}],"version-history":[{"count":0,"href":"https:\/\/imeba.clinic\/de\/wp-json\/wp\/v2\/pages\/2032\/revisions"}],"wp:featuredmedia":[{"embeddable":true,"href":"https:\/\/imeba.clinic\/de\/wp-json\/wp\/v2\/media\/2034"}],"wp:attachment":[{"href":"https:\/\/imeba.clinic\/de\/wp-json\/wp\/v2\/media?parent=2032"}],"curies":[{"name":"wp","href":"https:\/\/api.w.org\/{rel}","templated":true}]}}