
{"id":2017,"date":"2023-01-27T11:40:15","date_gmt":"2023-01-27T11:40:15","guid":{"rendered":"https:\/\/imeba.clinic\/?page_id=2017"},"modified":"2023-11-08T19:12:52","modified_gmt":"2023-11-08T18:12:52","slug":"ojos","status":"publish","type":"page","link":"https:\/\/imeba.clinic\/de\/ojos\/","title":{"rendered":"Augen (oben \/ unten)"},"content":{"rendered":"<div data-elementor-type=\"wp-page\" data-elementor-id=\"2017\" class=\"elementor elementor-2017\" data-elementor-post-type=\"page\">\n\t\t\t\t\t\t<section class=\"elementor-section elementor-top-section elementor-element elementor-element-14f7ea6 elementor-section-height-min-height elementor-section-boxed elementor-section-height-default elementor-section-items-middle\" data-id=\"14f7ea6\" data-element_type=\"section\" data-settings=\"{&quot;background_background&quot;:&quot;classic&quot;,&quot;background_motion_fx_motion_fx_scrolling&quot;:&quot;yes&quot;,&quot;background_motion_fx_translateY_effect&quot;:&quot;yes&quot;,&quot;jet_parallax_layout_list&quot;:[],&quot;background_motion_fx_translateY_speed&quot;:{&quot;unit&quot;:&quot;px&quot;,&quot;size&quot;:4,&quot;sizes&quot;:[]},&quot;background_motion_fx_translateY_affectedRange&quot;:{&quot;unit&quot;:&quot;%&quot;,&quot;size&quot;:&quot;&quot;,&quot;sizes&quot;:{&quot;start&quot;:0,&quot;end&quot;:100}},&quot;background_motion_fx_devices&quot;:[&quot;desktop&quot;,&quot;tablet&quot;,&quot;mobile&quot;]}\">\n\t\t\t\t\t\t\t<div class=\"elementor-background-overlay\"><\/div>\n\t\t\t\t\t\t\t<div class=\"elementor-container elementor-column-gap-default\">\n\t\t\t\t\t<div class=\"elementor-column elementor-col-100 elementor-top-column elementor-element elementor-element-8578ffc\" data-id=\"8578ffc\" data-element_type=\"column\">\n\t\t\t<div class=\"elementor-widget-wrap elementor-element-populated\">\n\t\t\t\t\t\t<div class=\"elementor-element elementor-element-92078a0 elementor-widget elementor-widget-heading\" data-id=\"92078a0\" data-element_type=\"widget\" data-widget_type=\"heading.default\">\n\t\t\t\t\t<h5 class=\"elementor-heading-title elementor-size-default\">Gesicht<\/h5>\t\t\t\t<\/div>\n\t\t\t\t\t<\/div>\n\t\t<\/div>\n\t\t\t\t\t<\/div>\n\t\t<\/section>\n\t\t\t\t<section class=\"elementor-section elementor-top-section elementor-element elementor-element-6a854a6 elementor-section-boxed elementor-section-height-default elementor-section-height-default\" data-id=\"6a854a6\" data-element_type=\"section\" data-settings=\"{&quot;jet_parallax_layout_list&quot;:[]}\">\n\t\t\t\t\t\t<div class=\"elementor-container elementor-column-gap-default\">\n\t\t\t\t\t<div class=\"elementor-column elementor-col-50 elementor-top-column elementor-element elementor-element-422799f\" data-id=\"422799f\" data-element_type=\"column\">\n\t\t\t<div class=\"elementor-widget-wrap elementor-element-populated\">\n\t\t\t\t\t\t<div class=\"elementor-element elementor-element-82fbfd5 elementor-widget elementor-widget-image\" data-id=\"82fbfd5\" data-element_type=\"widget\" data-widget_type=\"image.default\">\n\t\t\t\t\t\t\t\t\t\t\t\t\t\t\t<img fetchpriority=\"high\" decoding=\"async\" width=\"696\" height=\"358\" src=\"https:\/\/imeba.clinic\/wp-content\/uploads\/2023\/01\/Eyeliner.jpg\" class=\"attachment-large size-large wp-image-2027\" alt=\"\" srcset=\"https:\/\/imeba.clinic\/wp-content\/uploads\/2023\/01\/Eyeliner.jpg 696w, https:\/\/imeba.clinic\/wp-content\/uploads\/2023\/01\/Eyeliner-300x154.jpg 300w, https:\/\/imeba.clinic\/wp-content\/uploads\/2023\/01\/Eyeliner-18x9.jpg 18w\" sizes=\"(max-width: 696px) 100vw, 696px\" \/>\t\t\t\t\t\t\t\t\t\t\t\t\t\t\t<\/div>\n\t\t\t\t<div class=\"elementor-element elementor-element-0dbd1d9 elementor-widget elementor-widget-heading\" data-id=\"0dbd1d9\" data-element_type=\"widget\" data-widget_type=\"heading.default\">\n\t\t\t\t\t<h2 class=\"elementor-heading-title elementor-size-default\">IMEBA\u00ae PERMANENT MAKE-UP AUGEN<\/h2>\t\t\t\t<\/div>\n\t\t\t\t<div class=\"elementor-element elementor-element-17ade99 elementor-widget elementor-widget-text-editor\" data-id=\"17ade99\" data-element_type=\"widget\" data-widget_type=\"text-editor.default\">\n\t\t\t\t\t\t\t\t\t<p><span style=\"color: #ff0000;\">\u00bfNuestra ventaja como parte de una cl\u00ednica? Nuestros m\u00e9dicos siempre pueden utilizar anestesia local. Esto no est\u00e1 permitido en estudios o centros.<\/span><\/p><p>Hochwertiges Permanent Make-up mit einem hervorragenden Preis-Leistungs-Verh\u00e4ltnis. Die Augen sind der Spiegel der Seele. Mit Permanent Make-up (Eyeliner oben und\/oder unten) werden Ihre Augen zum Blickfang. Die Augen wirken heller, gr\u00f6\u00dfer, strahlender und lassen Sie j\u00fcnger und weniger m\u00fcde aussehen. Die Augen k\u00f6nnen mit einer Kajaltechnik schattiert oder mit einer Wimpernverst\u00e4rkung dichter gemacht werden.<\/p><p>Die meisten von uns sind nicht mit Augen gesegnet, die ohne Eyeliner hervorstechen. Wenn Ihr Eyeliner jedoch nicht ganz perfekt ist, f\u00fchrt er zu einem vorzeitigen Alterungseffekt. IMEBA\u00ae Eyeliner sorgt f\u00fcr definierte, nat\u00fcrlich aussehende Augen, 24 Stunden am Tag, jeden Tag, egal, was Sie gerade tun. Bleistift-Eyeliner sind so unangenehm, verschmieren st\u00e4ndig und k\u00f6nnen in keiner Situation verwendet werden, in der Wasser, Schwei\u00df oder Feuchtigkeit im Spiel sind.<\/p><p>Der Preis beinhaltet eine Auffrischung bis zu 2 Monate nach der Behandlung.<\/p><p>Eine Retusche ab einem Jahr kostet 150\u20ac (ohne Retusche) f\u00fcr Ober- oder Unteraugen, oder 300\u20ac f\u00fcr Ober- und Unteraugen.<\/p><p>Ab 2 Jahren handelt es sich um eine v\u00f6llig neue Behandlung.<\/p>\t\t\t\t\t\t\t\t<\/div>\n\t\t\t\t<div class=\"elementor-element elementor-element-1aac492 elementor-widget elementor-widget-heading\" data-id=\"1aac492\" data-element_type=\"widget\" data-widget_type=\"heading.default\">\n\t\t\t\t\t<h2 class=\"elementor-heading-title elementor-size-default\">Das Verfahren\n<\/h2>\t\t\t\t<\/div>\n\t\t\t\t<div class=\"elementor-element elementor-element-9c651a7 advance-lists elementor-widget elementor-widget-text-editor\" data-id=\"9c651a7\" data-element_type=\"widget\" data-widget_type=\"text-editor.default\">\n\t\t\t\t\t\t\t\t\t<ul><li><h5><span lang=\"es\" tabindex=\"-1\">DAS DESIGN<\/span><\/h5><\/li><\/ul><div><p>Ihre Augen werden detailliert vermessen, damit Sie die Form sehen, anpassen und optimieren k\u00f6nnen, bevor die Mikropigmentierung beginnt und Sie den Look erhalten, den Sie lieben werden. Alle unsere Arbeiten sind ma\u00dfgeschneidert, damit wir genau den Look kreieren k\u00f6nnen, den Sie erreichen m\u00f6chten. Ihr Stylist bespricht mit Ihnen Ihre individuellen Bed\u00fcrfnisse und den Stil, den Sie erreichen m\u00f6chten.<\/p><\/div><ul><li><h5><span id=\"result_box\" class=\"short_text\" lang=\"es\" tabindex=\"-1\">DIE FARBE<\/span><\/h5><\/li><\/ul><div><p>Unsere Stylisten beraten Sie bei der Auswahl der f\u00fcr Sie geeigneten Farbe.<\/p><\/div><ul><li><h5><span id=\"result_box\" class=\"short_text\" lang=\"es\" tabindex=\"-1\"><span class=\"\">RETUSCHE<\/span><\/span><\/h5><\/li><\/ul><div>Alle unsere Preise beinhalten immer einen Auffrischungstermin, der innerhalb der ersten zwei Monate nach der ersten Pigmentierung kostenlos ist.<\/div><div>\u00a0<\/div><ul><li><h5><span id=\"result_box\" class=\"short_text\" lang=\"es\" tabindex=\"-1\">ERFAHRENE STYLISTEN<\/span><\/h5><\/li><\/ul><div>Alle Stylisten bei IMEBA\u00ae sind zertifiziert. Jeder Stylist hat ein monatelanges Studium und Training absolviert, bevor er seine Zertifizierung und die Erlaubnis zur Arbeit mit Kunden erhielt.<\/div>\t\t\t\t\t\t\t\t<\/div>\n\t\t\t\t<div class=\"elementor-element elementor-element-3c94033 elementor-widget elementor-widget-heading\" data-id=\"3c94033\" data-element_type=\"widget\" data-widget_type=\"heading.default\">\n\t\t\t\t\t<h2 class=\"elementor-heading-title elementor-size-default\">IMEBA\u00ae Permanent Make-up ohne Nebenwirkungen. Denn wir sind Profis.<\/h2>\t\t\t\t<\/div>\n\t\t\t\t<div class=\"elementor-element elementor-element-36bb287 advance-lists elementor-widget elementor-widget-text-editor\" data-id=\"36bb287\" data-element_type=\"widget\" data-widget_type=\"text-editor.default\">\n\t\t\t\t\t\t\t\t\t<ul><li><strong>Team<\/strong><\/li><\/ul><p>Hochwertige Ausstattung \/ die beste Pigmentiermaschine weltweit, deutsche Pr\u00e4zisionsarbeit mit patentiertem Mikroprozessor.<\/p><ul><li><strong>Klinik<\/strong><\/li><\/ul><p>Unsere Eingriffe werden in einer zertifizierten und professionellen medizinischen Klinik durchgef\u00fchrt, die regelm\u00e4\u00dfig und streng vom Gesundheitsministerium kontrolliert wird. Vergessen Sie die Hinterzimmerumgebung oder schmutzige Einrichtungen. Das sollte es Ihnen wert sein.<\/p><ul><li><strong>Technik<\/strong><\/li><\/ul><p>Eine Technik, die im Laufe der Jahre entwickelt wurde und weiter entwickelt wird, um die ideale Form und Farbe f\u00fcr jeden Kunden zu garantieren.<\/p><ul><li><strong>Stylisten<\/strong><\/li><\/ul><p class=\"translation-block\"><span class=\"\">Todos los estilistas est\u00e1n capacitados profesionalmente y tienen experiencia.<\/span>&nbsp;<span class=\"\">Los estilistas de IMEBA\u00ae \u00fanicamente est\u00e1n capacitados para realizar el maquillaje permanente en clientes al estar certificados. Y lo est\u00e1n.<\/span><\/p>\t\t\t\t\t\t\t\t<\/div>\n\t\t\t\t<div class=\"elementor-element elementor-element-8cf6f69 elementor-widget elementor-widget-heading\" data-id=\"8cf6f69\" data-element_type=\"widget\" data-widget_type=\"heading.default\">\n\t\t\t\t\t<h2 class=\"elementor-heading-title elementor-size-default\">H\u00e4ufig gestellte Fragen\n<\/h2>\t\t\t\t<\/div>\n\t\t\t\t<div class=\"elementor-element elementor-element-4fad1f7 advance-lists elementor-widget elementor-widget-text-editor\" data-id=\"4fad1f7\" data-element_type=\"widget\" data-widget_type=\"text-editor.default\">\n\t\t\t\t\t\t\t\t\t<ul><li><strong><span id=\"result_box\" class=\"short_text\" lang=\"es\" tabindex=\"-1\"><span class=\"\">Wird mein Eyeliner am n\u00e4chsten Tag normal aussehen?<\/span><\/span><\/strong><\/li><\/ul><p class=\"translation-block\"><span class=\"\">S\u00ed, habr\u00e1 una leve hinchaz\u00f3n inmediatamente despu\u00e9s del procedimiento.<\/span>&nbsp;<span class=\"\">La hinchaz\u00f3n comienza de inmediato y en la mayor\u00eda de las personas, vuelve a la normalidad a la ma\u00f1ana siguiente.<\/span><\/p><ul><li><strong><span id=\"result_box\" class=\"\" lang=\"es\" tabindex=\"-1\">Darf ich nach dem Eingriff noch Auto fahren?<\/span><\/strong><\/li><\/ul><p>Ja, wir verwenden eine Creme zur \u00f6rtlichen Bet\u00e4ubung, um das Unbehagen zu lindern, aber das beeintr\u00e4chtigt die motorischen F\u00e4higkeiten nicht und verschwindet, sobald der Eingriff abgeschlossen ist.<\/p><ul><li><strong><span id=\"result_box\" class=\"short_text\" lang=\"es\" tabindex=\"-1\"><span class=\"\">Tut das Eyeliner-Verfahren weh?<\/span><\/span><\/strong><\/li><\/ul><p>Die meisten Kundinnen und Kunden ertragen den Eyeliner oder den Wimpernkranz ohne Probleme. Vor der Pigmentierung wird eine Creme zur \u00f6rtlichen Bet\u00e4ubung aufgetragen, die w\u00e4hrend des Eingriffs erneut aufgetragen wird.<\/p>\t\t\t\t\t\t\t\t<\/div>\n\t\t\t\t\t<\/div>\n\t\t<\/div>\n\t\t\t\t<div class=\"elementor-column elementor-col-50 elementor-top-column elementor-element elementor-element-ac1a05d\" data-id=\"ac1a05d\" data-element_type=\"column\">\n\t\t\t<div class=\"elementor-widget-wrap elementor-element-populated\">\n\t\t\t\t\t\t<section class=\"elementor-section elementor-inner-section elementor-element elementor-element-0449f5b elementor-section-boxed elementor-section-height-default elementor-section-height-default\" data-id=\"0449f5b\" data-element_type=\"section\" data-settings=\"{&quot;background_background&quot;:&quot;classic&quot;,&quot;sticky&quot;:&quot;top&quot;,&quot;sticky_offset&quot;:120,&quot;sticky_parent&quot;:&quot;yes&quot;,&quot;jet_parallax_layout_list&quot;:[],&quot;sticky_on&quot;:[&quot;desktop&quot;,&quot;tablet&quot;,&quot;mobile&quot;],&quot;sticky_effects_offset&quot;:0,&quot;sticky_anchor_link_offset&quot;:0}\">\n\t\t\t\t\t\t<div class=\"elementor-container elementor-column-gap-default\">\n\t\t\t\t\t<div class=\"elementor-column elementor-col-100 elementor-inner-column elementor-element elementor-element-da8d40e\" data-id=\"da8d40e\" data-element_type=\"column\">\n\t\t\t<div class=\"elementor-widget-wrap elementor-element-populated\">\n\t\t\t\t\t\t<div class=\"elementor-element elementor-element-a2091af elementor-widget elementor-widget-heading\" data-id=\"a2091af\" data-element_type=\"widget\" data-widget_type=\"heading.default\">\n\t\t\t\t\t<h2 class=\"elementor-heading-title elementor-size-default\">Preis<\/h2>\t\t\t\t<\/div>\n\t\t\t\t<div class=\"elementor-element elementor-element-120ebcd Price elementor-widget elementor-widget-heading\" data-id=\"120ebcd\" data-element_type=\"widget\" data-widget_type=\"heading.default\">\n\t\t\t\t\t<h2 class=\"elementor-heading-title elementor-size-default\">250\u20ac<\/h2>\t\t\t\t<\/div>\n\t\t\t\t<div class=\"elementor-element elementor-element-3cec791 elementor-widget elementor-widget-text-editor\" data-id=\"3cec791\" data-element_type=\"widget\" data-widget_type=\"text-editor.default\">\n\t\t\t\t\t\t\t\t\t<p>Oben oder unten<\/p>\t\t\t\t\t\t\t\t<\/div>\n\t\t\t\t<div class=\"elementor-element elementor-element-793aa8e elementor-widget-divider--view-line elementor-widget elementor-widget-divider\" data-id=\"793aa8e\" data-element_type=\"widget\" data-widget_type=\"divider.default\">\n\t\t\t\t\t\t\t<div class=\"elementor-divider\">\n\t\t\t<span class=\"elementor-divider-separator\">\n\t\t\t\t\t\t<\/span>\n\t\t<\/div>\n\t\t\t\t\t\t<\/div>\n\t\t\t\t<div class=\"elementor-element elementor-element-433a3e1 Price elementor-widget elementor-widget-heading\" data-id=\"433a3e1\" data-element_type=\"widget\" data-widget_type=\"heading.default\">\n\t\t\t\t\t<h2 class=\"elementor-heading-title elementor-size-default\">400\u20ac<\/h2>\t\t\t\t<\/div>\n\t\t\t\t<div class=\"elementor-element elementor-element-78fbac8 elementor-widget elementor-widget-text-editor\" data-id=\"78fbac8\" data-element_type=\"widget\" data-widget_type=\"text-editor.default\">\n\t\t\t\t\t\t\t\t\t<p>Oben + unten<\/p>\t\t\t\t\t\t\t\t<\/div>\n\t\t\t\t<div class=\"elementor-element elementor-element-03edf27 elementor-widget__width-inherit elementor-mobile-align-justify elementor-widget-mobile__width-inherit elementor-tablet-align-justify elementor-widget-tablet__width-inherit elementor-align-justify elementor-widget elementor-widget-button\" data-id=\"03edf27\" data-element_type=\"widget\" data-widget_type=\"button.default\">\n\t\t\t\t\t\t\t\t\t\t<a class=\"elementor-button elementor-button-link elementor-size-sm\" href=\"https:\/\/api.whatsapp.com\/send?phone=34653620509&#038;text=Hola,%20Clinicas%20IMEBA,%20ponte%20en%20contacto%20conmigo.%20(MP%20Ojos)%20Muchas%20gracias...%20\">\n\t\t\t\t\t\t<span class=\"elementor-button-content-wrapper\">\n\t\t\t\t\t\t\t\t\t<span class=\"elementor-button-text\">JETZT BUCHEN<\/span>\n\t\t\t\t\t<\/span>\n\t\t\t\t\t<\/a>\n\t\t\t\t\t\t\t\t<\/div>\n\t\t\t\t<div class=\"elementor-element elementor-element-8b1ceb3 elementor-widget elementor-widget-text-editor\" data-id=\"8b1ceb3\" data-element_type=\"widget\" data-widget_type=\"text-editor.default\">\n\t\t\t\t\t\t\t\t\t<p>Sie k\u00f6nnen uns auch eine Nachricht per WhatsApp schicken.<\/p>\t\t\t\t\t\t\t\t<\/div>\n\t\t\t\t\t<\/div>\n\t\t<\/div>\n\t\t\t\t\t<\/div>\n\t\t<\/section>\n\t\t\t\t\t<\/div>\n\t\t<\/div>\n\t\t\t\t\t<\/div>\n\t\t<\/section>\n\t\t\t\t<\/div>","protected":false},"excerpt":{"rendered":"<p>Facial IMEBA\u00ae MAQUILLAJE PERMANENTE DE OJOS \u00bfNuestra ventaja como parte de una cl\u00ednica? Nuestros m\u00e9dicos siempre pueden utilizar anestesia local. Esto no est\u00e1 permitido en estudios o centros. Maquillaje permanente de alta calidad con una relaci\u00f3n calidad-precio excelente. Los ojos son el espejo del alma. Con un maquillaje permanente de los ojos (eyeliner arriba y\/o [&hellip;]<\/p>","protected":false},"author":2,"featured_media":2027,"parent":0,"menu_order":1,"comment_status":"closed","ping_status":"closed","template":"elementor_header_footer","meta":{"footnotes":""},"class_list":["post-2017","page","type-page","status-publish","has-post-thumbnail","hentry"],"yoast_head":"<!-- This site is optimized with the Yoast SEO plugin v25.8 - https:\/\/yoast.com\/wordpress\/plugins\/seo\/ -->\n<title>Ojos (superior \/ inferior) - Clinicas IMEBA\u00ae<\/title>\n<meta name=\"robots\" content=\"index, follow, max-snippet:-1, max-image-preview:large, max-video-preview:-1\" \/>\n<link rel=\"canonical\" href=\"https:\/\/imeba.clinic\/de\/ojos\/\" \/>\n<meta property=\"og:locale\" content=\"de_DE\" \/>\n<meta property=\"og:type\" content=\"article\" \/>\n<meta property=\"og:title\" content=\"Ojos (superior \/ inferior) - Clinicas IMEBA\u00ae\" \/>\n<meta property=\"og:description\" content=\"Facial IMEBA\u00ae MAQUILLAJE PERMANENTE DE OJOS \u00bfNuestra ventaja como parte de una cl\u00ednica? Nuestros m\u00e9dicos siempre pueden utilizar anestesia local. Esto no est\u00e1 permitido en estudios o centros. Maquillaje permanente de alta calidad con una relaci\u00f3n calidad-precio excelente. Los ojos son el espejo del alma. Con un maquillaje permanente de los ojos (eyeliner arriba y\/o [&hellip;]\" \/>\n<meta property=\"og:url\" content=\"https:\/\/imeba.clinic\/de\/ojos\/\" \/>\n<meta property=\"og:site_name\" content=\"Clinicas IMEBA\u00ae\" \/>\n<meta property=\"article:publisher\" content=\"https:\/\/www.facebook.com\/clinicasimebamallorca\" \/>\n<meta property=\"article:modified_time\" content=\"2023-11-08T18:12:52+00:00\" \/>\n<meta property=\"og:image\" content=\"http:\/\/imeba.clinic\/wp-content\/uploads\/2023\/01\/Eyeliner.jpg\" \/>\n\t<meta property=\"og:image:width\" content=\"696\" \/>\n\t<meta property=\"og:image:height\" content=\"358\" \/>\n\t<meta property=\"og:image:type\" content=\"image\/jpeg\" \/>\n<meta name=\"twitter:card\" content=\"summary_large_image\" \/>\n<meta name=\"twitter:site\" content=\"@IMEBAInfo\" \/>\n<meta name=\"twitter:label1\" content=\"Gesch\u00e4tzte Lesezeit\" \/>\n\t<meta name=\"twitter:data1\" content=\"4\u00a0Minuten\" \/>\n<script type=\"application\/ld+json\" class=\"yoast-schema-graph\">{\"@context\":\"https:\/\/schema.org\",\"@graph\":[{\"@type\":\"WebPage\",\"@id\":\"https:\/\/imeba.clinic\/ojos\/\",\"url\":\"https:\/\/imeba.clinic\/ojos\/\",\"name\":\"Ojos (superior \/ inferior) - Clinicas IMEBA\u00ae\",\"isPartOf\":{\"@id\":\"https:\/\/imeba.clinic\/#website\"},\"primaryImageOfPage\":{\"@id\":\"https:\/\/imeba.clinic\/ojos\/#primaryimage\"},\"image\":{\"@id\":\"https:\/\/imeba.clinic\/ojos\/#primaryimage\"},\"thumbnailUrl\":\"https:\/\/imeba.clinic\/wp-content\/uploads\/2023\/01\/Eyeliner.jpg\",\"datePublished\":\"2023-01-27T11:40:15+00:00\",\"dateModified\":\"2023-11-08T18:12:52+00:00\",\"breadcrumb\":{\"@id\":\"https:\/\/imeba.clinic\/ojos\/#breadcrumb\"},\"inLanguage\":\"de\",\"potentialAction\":[{\"@type\":\"ReadAction\",\"target\":[\"https:\/\/imeba.clinic\/ojos\/\"]}]},{\"@type\":\"ImageObject\",\"inLanguage\":\"de\",\"@id\":\"https:\/\/imeba.clinic\/ojos\/#primaryimage\",\"url\":\"https:\/\/imeba.clinic\/wp-content\/uploads\/2023\/01\/Eyeliner.jpg\",\"contentUrl\":\"https:\/\/imeba.clinic\/wp-content\/uploads\/2023\/01\/Eyeliner.jpg\",\"width\":696,\"height\":358},{\"@type\":\"BreadcrumbList\",\"@id\":\"https:\/\/imeba.clinic\/ojos\/#breadcrumb\",\"itemListElement\":[{\"@type\":\"ListItem\",\"position\":1,\"name\":\"Portada\",\"item\":\"https:\/\/imeba.clinic\/\"},{\"@type\":\"ListItem\",\"position\":2,\"name\":\"Ojos (superior \/ inferior)\"}]},{\"@type\":\"WebSite\",\"@id\":\"https:\/\/imeba.clinic\/#website\",\"url\":\"https:\/\/imeba.clinic\/\",\"name\":\"Clinicas IMEBA\u00ae\",\"description\":\"Medicina estetica cirugia facial\",\"publisher\":{\"@id\":\"https:\/\/imeba.clinic\/#organization\"},\"potentialAction\":[{\"@type\":\"SearchAction\",\"target\":{\"@type\":\"EntryPoint\",\"urlTemplate\":\"https:\/\/imeba.clinic\/?s={search_term_string}\"},\"query-input\":{\"@type\":\"PropertyValueSpecification\",\"valueRequired\":true,\"valueName\":\"search_term_string\"}}],\"inLanguage\":\"de\"},{\"@type\":\"Organization\",\"@id\":\"https:\/\/imeba.clinic\/#organization\",\"name\":\"Clinicas IMEBA\u00ae\",\"url\":\"https:\/\/imeba.clinic\/\",\"logo\":{\"@type\":\"ImageObject\",\"inLanguage\":\"de\",\"@id\":\"https:\/\/imeba.clinic\/#\/schema\/logo\/image\/\",\"url\":\"https:\/\/imeba.clinic\/wp-content\/uploads\/2023\/01\/cropped-11722351_740325796094007_2206264894896353109_o.jpg\",\"contentUrl\":\"https:\/\/imeba.clinic\/wp-content\/uploads\/2023\/01\/cropped-11722351_740325796094007_2206264894896353109_o.jpg\",\"width\":1221,\"height\":349,\"caption\":\"Clinicas IMEBA\u00ae\"},\"image\":{\"@id\":\"https:\/\/imeba.clinic\/#\/schema\/logo\/image\/\"},\"sameAs\":[\"https:\/\/www.facebook.com\/clinicasimebamallorca\",\"https:\/\/x.com\/IMEBAInfo\",\"https:\/\/www.youtube.com\/@TorstenMarin\"]}]}<\/script>\n<!-- \/ Yoast SEO plugin. -->","yoast_head_json":{"title":"Ojos (superior \/ inferior) - Clinicas IMEBA\u00ae","robots":{"index":"index","follow":"follow","max-snippet":"max-snippet:-1","max-image-preview":"max-image-preview:large","max-video-preview":"max-video-preview:-1"},"canonical":"https:\/\/imeba.clinic\/de\/ojos\/","og_locale":"de_DE","og_type":"article","og_title":"Ojos (superior \/ inferior) - Clinicas IMEBA\u00ae","og_description":"Facial IMEBA\u00ae MAQUILLAJE PERMANENTE DE OJOS \u00bfNuestra ventaja como parte de una cl\u00ednica? Nuestros m\u00e9dicos siempre pueden utilizar anestesia local. Esto no est\u00e1 permitido en estudios o centros. Maquillaje permanente de alta calidad con una relaci\u00f3n calidad-precio excelente. Los ojos son el espejo del alma. Con un maquillaje permanente de los ojos (eyeliner arriba y\/o [&hellip;]","og_url":"https:\/\/imeba.clinic\/de\/ojos\/","og_site_name":"Clinicas IMEBA\u00ae","article_publisher":"https:\/\/www.facebook.com\/clinicasimebamallorca","article_modified_time":"2023-11-08T18:12:52+00:00","og_image":[{"width":696,"height":358,"url":"http:\/\/imeba.clinic\/wp-content\/uploads\/2023\/01\/Eyeliner.jpg","type":"image\/jpeg"}],"twitter_card":"summary_large_image","twitter_site":"@IMEBAInfo","twitter_misc":{"Gesch\u00e4tzte Lesezeit":"4\u00a0Minuten"},"schema":{"@context":"https:\/\/schema.org","@graph":[{"@type":"WebPage","@id":"https:\/\/imeba.clinic\/ojos\/","url":"https:\/\/imeba.clinic\/ojos\/","name":"Ojos (superior \/ inferior) - Clinicas IMEBA\u00ae","isPartOf":{"@id":"https:\/\/imeba.clinic\/#website"},"primaryImageOfPage":{"@id":"https:\/\/imeba.clinic\/ojos\/#primaryimage"},"image":{"@id":"https:\/\/imeba.clinic\/ojos\/#primaryimage"},"thumbnailUrl":"https:\/\/imeba.clinic\/wp-content\/uploads\/2023\/01\/Eyeliner.jpg","datePublished":"2023-01-27T11:40:15+00:00","dateModified":"2023-11-08T18:12:52+00:00","breadcrumb":{"@id":"https:\/\/imeba.clinic\/ojos\/#breadcrumb"},"inLanguage":"de","potentialAction":[{"@type":"ReadAction","target":["https:\/\/imeba.clinic\/ojos\/"]}]},{"@type":"ImageObject","inLanguage":"de","@id":"https:\/\/imeba.clinic\/ojos\/#primaryimage","url":"https:\/\/imeba.clinic\/wp-content\/uploads\/2023\/01\/Eyeliner.jpg","contentUrl":"https:\/\/imeba.clinic\/wp-content\/uploads\/2023\/01\/Eyeliner.jpg","width":696,"height":358},{"@type":"BreadcrumbList","@id":"https:\/\/imeba.clinic\/ojos\/#breadcrumb","itemListElement":[{"@type":"ListItem","position":1,"name":"Portada","item":"https:\/\/imeba.clinic\/"},{"@type":"ListItem","position":2,"name":"Ojos (superior \/ inferior)"}]},{"@type":"WebSite","@id":"https:\/\/imeba.clinic\/#website","url":"https:\/\/imeba.clinic\/","name":"Clinicas IMEBA\u00ae","description":"Medicina estetica cirugia facial","publisher":{"@id":"https:\/\/imeba.clinic\/#organization"},"potentialAction":[{"@type":"SearchAction","target":{"@type":"EntryPoint","urlTemplate":"https:\/\/imeba.clinic\/?s={search_term_string}"},"query-input":{"@type":"PropertyValueSpecification","valueRequired":true,"valueName":"search_term_string"}}],"inLanguage":"de"},{"@type":"Organization","@id":"https:\/\/imeba.clinic\/#organization","name":"Clinicas IMEBA\u00ae","url":"https:\/\/imeba.clinic\/","logo":{"@type":"ImageObject","inLanguage":"de","@id":"https:\/\/imeba.clinic\/#\/schema\/logo\/image\/","url":"https:\/\/imeba.clinic\/wp-content\/uploads\/2023\/01\/cropped-11722351_740325796094007_2206264894896353109_o.jpg","contentUrl":"https:\/\/imeba.clinic\/wp-content\/uploads\/2023\/01\/cropped-11722351_740325796094007_2206264894896353109_o.jpg","width":1221,"height":349,"caption":"Clinicas IMEBA\u00ae"},"image":{"@id":"https:\/\/imeba.clinic\/#\/schema\/logo\/image\/"},"sameAs":["https:\/\/www.facebook.com\/clinicasimebamallorca","https:\/\/x.com\/IMEBAInfo","https:\/\/www.youtube.com\/@TorstenMarin"]}]}},"_links":{"self":[{"href":"https:\/\/imeba.clinic\/de\/wp-json\/wp\/v2\/pages\/2017","targetHints":{"allow":["GET"]}}],"collection":[{"href":"https:\/\/imeba.clinic\/de\/wp-json\/wp\/v2\/pages"}],"about":[{"href":"https:\/\/imeba.clinic\/de\/wp-json\/wp\/v2\/types\/page"}],"author":[{"embeddable":true,"href":"https:\/\/imeba.clinic\/de\/wp-json\/wp\/v2\/users\/2"}],"replies":[{"embeddable":true,"href":"https:\/\/imeba.clinic\/de\/wp-json\/wp\/v2\/comments?post=2017"}],"version-history":[{"count":0,"href":"https:\/\/imeba.clinic\/de\/wp-json\/wp\/v2\/pages\/2017\/revisions"}],"wp:featuredmedia":[{"embeddable":true,"href":"https:\/\/imeba.clinic\/de\/wp-json\/wp\/v2\/media\/2027"}],"wp:attachment":[{"href":"https:\/\/imeba.clinic\/de\/wp-json\/wp\/v2\/media?parent=2017"}],"curies":[{"name":"wp","href":"https:\/\/api.w.org\/{rel}","templated":true}]}}