
{"id":1998,"date":"2023-01-27T08:59:42","date_gmt":"2023-01-27T08:59:42","guid":{"rendered":"https:\/\/imeba.clinic\/?page_id=1998"},"modified":"2023-11-08T19:08:51","modified_gmt":"2023-11-08T18:08:51","slug":"cejas-ombre-microlining","status":"publish","type":"page","link":"https:\/\/imeba.clinic\/de\/cejas-ombre-microlining\/","title":{"rendered":"Augenbrauen \/ \u00d3mbre \/ Microlining"},"content":{"rendered":"<div data-elementor-type=\"wp-page\" data-elementor-id=\"1998\" class=\"elementor elementor-1998\" data-elementor-post-type=\"page\">\n\t\t\t\t\t\t<section class=\"elementor-section elementor-top-section elementor-element elementor-element-14f7ea6 elementor-section-height-min-height elementor-section-boxed elementor-section-height-default elementor-section-items-middle\" data-id=\"14f7ea6\" data-element_type=\"section\" data-settings=\"{&quot;background_background&quot;:&quot;classic&quot;,&quot;background_motion_fx_motion_fx_scrolling&quot;:&quot;yes&quot;,&quot;background_motion_fx_translateY_effect&quot;:&quot;yes&quot;,&quot;jet_parallax_layout_list&quot;:[],&quot;background_motion_fx_translateY_speed&quot;:{&quot;unit&quot;:&quot;px&quot;,&quot;size&quot;:4,&quot;sizes&quot;:[]},&quot;background_motion_fx_translateY_affectedRange&quot;:{&quot;unit&quot;:&quot;%&quot;,&quot;size&quot;:&quot;&quot;,&quot;sizes&quot;:{&quot;start&quot;:0,&quot;end&quot;:100}},&quot;background_motion_fx_devices&quot;:[&quot;desktop&quot;,&quot;tablet&quot;,&quot;mobile&quot;]}\">\n\t\t\t\t\t\t\t<div class=\"elementor-background-overlay\"><\/div>\n\t\t\t\t\t\t\t<div class=\"elementor-container elementor-column-gap-default\">\n\t\t\t\t\t<div class=\"elementor-column elementor-col-100 elementor-top-column elementor-element elementor-element-8578ffc\" data-id=\"8578ffc\" data-element_type=\"column\">\n\t\t\t<div class=\"elementor-widget-wrap elementor-element-populated\">\n\t\t\t\t\t\t<div class=\"elementor-element elementor-element-92078a0 elementor-widget elementor-widget-heading\" data-id=\"92078a0\" data-element_type=\"widget\" data-widget_type=\"heading.default\">\n\t\t\t\t\t<h5 class=\"elementor-heading-title elementor-size-default\">Gesicht<\/h5>\t\t\t\t<\/div>\n\t\t\t\t\t<\/div>\n\t\t<\/div>\n\t\t\t\t\t<\/div>\n\t\t<\/section>\n\t\t\t\t<section class=\"elementor-section elementor-top-section elementor-element elementor-element-6a854a6 elementor-section-boxed elementor-section-height-default elementor-section-height-default\" data-id=\"6a854a6\" data-element_type=\"section\" data-settings=\"{&quot;jet_parallax_layout_list&quot;:[]}\">\n\t\t\t\t\t\t<div class=\"elementor-container elementor-column-gap-default\">\n\t\t\t\t\t<div class=\"elementor-column elementor-col-50 elementor-top-column elementor-element elementor-element-422799f\" data-id=\"422799f\" data-element_type=\"column\">\n\t\t\t<div class=\"elementor-widget-wrap elementor-element-populated\">\n\t\t\t\t\t\t<div class=\"elementor-element elementor-element-82fbfd5 elementor-widget elementor-widget-image\" data-id=\"82fbfd5\" data-element_type=\"widget\" data-widget_type=\"image.default\">\n\t\t\t\t\t\t\t\t\t\t\t\t\t\t\t<img decoding=\"async\" src=\"http:\/\/imeba.clinic\/wp-content\/uploads\/2023\/09\/PM2.png\" title=\"\" alt=\"\" loading=\"lazy\" \/>\t\t\t\t\t\t\t\t\t\t\t\t\t\t\t<\/div>\n\t\t\t\t<div class=\"elementor-element elementor-element-0dbd1d9 elementor-widget elementor-widget-heading\" data-id=\"0dbd1d9\" data-element_type=\"widget\" data-widget_type=\"heading.default\">\n\t\t\t\t\t<h2 class=\"elementor-heading-title elementor-size-default\">IMEBA\u00ae PERMANENT MAKE-UP AUGENBRAUEN\n<\/h2>\t\t\t\t<\/div>\n\t\t\t\t<div class=\"elementor-element elementor-element-17ade99 elementor-widget elementor-widget-text-editor\" data-id=\"17ade99\" data-element_type=\"widget\" data-widget_type=\"text-editor.default\">\n\t\t\t\t\t\t\t\t\t<p><span style=\"color: #ff0000;\">\u00bfNuestra ventaja como parte de una cl\u00ednica? Nuestros m\u00e9dicos siempre pueden utilizar anestesia local. Esto no est\u00e1 permitido en estudios o centros.<\/span><\/p><p>\u00a0<\/p><p>Die permanenten Augenbrauen von IMEBA\u00ae halten bis zu drei Jahre, so dass Sie mit zunehmender Hautalterung und wechselnder Mode die M\u00f6glichkeit haben, Ihre Augenbrauen neu zu gestalten, um ein jugendlicheres Aussehen oder einen anderen Stil zu erzielen. Der Eingriff dauert nur eine Stunde und erfordert keine Ausfallzeiten. IMEBA\u00ae-Kundinnen und -Kunden werden bei der Gestaltung des gew\u00fcnschten Aussehens, der Form und der Farbe vollst\u00e4ndig einbezogen. Die Farben werden f\u00fcr jeden Kunden individuell angepasst und gemischt, so dass jedes Verfahren einzigartig ist, genau wie unsere Kunden.<\/p><p>Der Preis beinhaltet eine Auffrischung bis zu 2 Monate nach der Behandlung.<\/p><p>Eine Auffrischung nach einem Jahr kostet 150\u20ac (ohne Auffrischung) f\u00fcr Augenbrauen.<\/p><p>Ab 2 Jahren handelt es sich um eine v\u00f6llig neue Behandlung.<\/p>\t\t\t\t\t\t\t\t<\/div>\n\t\t\t\t<div class=\"elementor-element elementor-element-1aac492 elementor-widget elementor-widget-heading\" data-id=\"1aac492\" data-element_type=\"widget\" data-widget_type=\"heading.default\">\n\t\t\t\t\t<h2 class=\"elementor-heading-title elementor-size-default\">Was geschieht w\u00e4hrend des Verfahrens?\n<\/h2>\t\t\t\t<\/div>\n\t\t\t\t<div class=\"elementor-element elementor-element-9c651a7 advance-lists elementor-widget elementor-widget-text-editor\" data-id=\"9c651a7\" data-element_type=\"widget\" data-widget_type=\"text-editor.default\">\n\t\t\t\t\t\t\t\t\t<ul><li><h5><span lang=\"es\" tabindex=\"-1\">SCHRITT 1: DAS DESIGN<\/span><\/h5><\/li><\/ul><div><p>Ihre Augenbrauen werden entsprechend Ihrer Knochen- und Muskelstruktur, der Form Ihrer Augen, Ihrer Nase und Ihres Gesichts sowie Ihrem pers\u00f6nlichen Stil gestaltet. Es werden detaillierte Ma\u00dfe genommen und die Augenbrauen werden zu Ihrer Genehmigung gezeichnet. Ihre Augenbrauen k\u00f6nnen komplett neu geformt werden, um Ihre Augen perfekt zu umrahmen.<\/p><p>\u00a0<\/p><\/div><ul><li><h5><span id=\"result_box\" class=\"short_text\" lang=\"es\" tabindex=\"-1\">SCHRITT 2: DIE FARBE<\/span><\/h5><\/li><\/ul><div><p>Wir helfen Ihnen bei der Auswahl der f\u00fcr Sie nat\u00fcrlichsten Farbe. Unsere Farben sind individuell gemischt, ungiftig, dermatologisch getestet und mit nat\u00fcrlichen Mineralpigmenten hergestellt.<\/p><p>\u00a0<\/p><\/div><ul><li><h5><span id=\"result_box\" class=\"short_text\" lang=\"es\" tabindex=\"-1\"><span class=\"\">SCHRITT 3: DIE PIGMENTIERUNG<\/span><\/span><\/h5><\/li><\/ul><div>Einzelne 3D-Haarstr\u00e4hnen werden \u00fcbereinander geschichtet. IMEBA\u00ae verwendet eine patentierte Technologie und ein System, das das Aussehen von normalem Haar nachahmt. Unser Ger\u00e4t verwendet eine einzige Nadel, die sanft \u00fcber die Hautschichten vibriert und die Mineralpigmente in die Haut einbringt. Das Pigment wird in d\u00fcnnen Schichten pr\u00e4zise aufgetragen, um die optimale Farbe und Form zu erzielen und ein v\u00f6llig nat\u00fcrliches Ergebnis zu erzielen. Bei der ersten Sitzung gehen wir auf Nummer sicher. Weniger ist mehr. In dieser Sitzung geht es nur darum, eine gute Basis zu schaffen, die Details werden in der zweiten Sitzung nachgearbeitet.<\/div><div>\u00a0<\/div><ul><li><h5><span id=\"result_box\" class=\"short_text\" lang=\"es\" tabindex=\"-1\">SCHRITT 4: DIE RETUSCHE<\/span><\/h5><\/li><\/ul><div>3 bis 4 Wochen bis maximal zwei Monate nach der ersten Sitzung kommen Sie zu einem Auffrischungstermin, um Farbe und Form mit Ihrem Stylisten zu \u00fcberpr\u00fcfen und gegebenenfalls anzupassen, um sicherzustellen, dass Sie Ihr gew\u00fcnschtes Aussehen erhalten.<\/div>\t\t\t\t\t\t\t\t<\/div>\n\t\t\t\t<div class=\"elementor-element elementor-element-3c94033 elementor-widget elementor-widget-heading\" data-id=\"3c94033\" data-element_type=\"widget\" data-widget_type=\"heading.default\">\n\t\t\t\t\t<h2 class=\"elementor-heading-title elementor-size-default\">H\u00e4ufig gestellte Fragen\n<\/h2>\t\t\t\t<\/div>\n\t\t\t\t<div class=\"elementor-element elementor-element-36bb287 advance-lists elementor-widget elementor-widget-text-editor\" data-id=\"36bb287\" data-element_type=\"widget\" data-widget_type=\"text-editor.default\">\n\t\t\t\t\t\t\t\t\t<ul><li><strong>Werden meine Augenbrauen am n\u00e4chsten Tag bei der Arbeit normal aussehen?<\/strong><\/li><\/ul><p>Ja, es kommt zu einer leichten R\u00f6tung, die aber in der Regel niemandem oder fast niemandem auff\u00e4llt. Aber Ihre Augenbrauen werden sofort sch\u00f6n und nat\u00fcrlich aussehen.<\/p><p>\u00a0<\/p><ul><li><strong>Kann ich dem Stylisten sagen, was ich m\u00f6chte?<\/strong><\/li><\/ul><p>Ja, Ihr Stylist bespricht mit Ihnen die Form und Farbe, die Sie erreichen m\u00f6chten.<\/p><p>\u00a0<\/p><ul><li><strong>Was ist, wenn ich einen dramatischeren Look f\u00fcr meine Augenbrauen haben m\u00f6chte?<\/strong><\/li><\/ul><p>Alle unsere Arbeiten werden individuell angepasst, so dass wir auf Wunsch unserer Kunden einen dramatischeren Look erzielen k\u00f6nnen. Gelegentlich sind jedoch zus\u00e4tzliche Sitzungen erforderlich, um dies zu erreichen.<\/p>\t\t\t\t\t\t\t\t<\/div>\n\t\t\t\t\t<\/div>\n\t\t<\/div>\n\t\t\t\t<div class=\"elementor-column elementor-col-50 elementor-top-column elementor-element elementor-element-ac1a05d\" data-id=\"ac1a05d\" data-element_type=\"column\">\n\t\t\t<div class=\"elementor-widget-wrap elementor-element-populated\">\n\t\t\t\t\t\t<section class=\"elementor-section elementor-inner-section elementor-element elementor-element-0449f5b elementor-section-boxed elementor-section-height-default elementor-section-height-default\" data-id=\"0449f5b\" data-element_type=\"section\" data-settings=\"{&quot;background_background&quot;:&quot;classic&quot;,&quot;sticky&quot;:&quot;top&quot;,&quot;sticky_offset&quot;:120,&quot;sticky_parent&quot;:&quot;yes&quot;,&quot;jet_parallax_layout_list&quot;:[],&quot;sticky_on&quot;:[&quot;desktop&quot;,&quot;tablet&quot;,&quot;mobile&quot;],&quot;sticky_effects_offset&quot;:0,&quot;sticky_anchor_link_offset&quot;:0}\">\n\t\t\t\t\t\t<div class=\"elementor-container elementor-column-gap-default\">\n\t\t\t\t\t<div class=\"elementor-column elementor-col-100 elementor-inner-column elementor-element elementor-element-da8d40e\" data-id=\"da8d40e\" data-element_type=\"column\">\n\t\t\t<div class=\"elementor-widget-wrap elementor-element-populated\">\n\t\t\t\t\t\t<div class=\"elementor-element elementor-element-a2091af elementor-widget elementor-widget-heading\" data-id=\"a2091af\" data-element_type=\"widget\" data-widget_type=\"heading.default\">\n\t\t\t\t\t<h2 class=\"elementor-heading-title elementor-size-default\">Preis<\/h2>\t\t\t\t<\/div>\n\t\t\t\t<div class=\"elementor-element elementor-element-120ebcd Price elementor-widget elementor-widget-heading\" data-id=\"120ebcd\" data-element_type=\"widget\" data-widget_type=\"heading.default\">\n\t\t\t\t\t<h2 class=\"elementor-heading-title elementor-size-default\">200\u20ac sin retoque<br><br>250\u20ac con <br>un retoque<\/h2>\t\t\t\t<\/div>\n\t\t\t\t<div class=\"elementor-element elementor-element-3cec791 elementor-widget elementor-widget-text-editor\" data-id=\"3cec791\" data-element_type=\"widget\" data-widget_type=\"text-editor.default\">\n\t\t\t\t\t\t\t\t\t<p>Augenbrauen Microlining<\/p>\t\t\t\t\t\t\t\t<\/div>\n\t\t\t\t<div class=\"elementor-element elementor-element-793aa8e elementor-widget-divider--view-line elementor-widget elementor-widget-divider\" data-id=\"793aa8e\" data-element_type=\"widget\" data-widget_type=\"divider.default\">\n\t\t\t\t\t\t\t<div class=\"elementor-divider\">\n\t\t\t<span class=\"elementor-divider-separator\">\n\t\t\t\t\t\t<\/span>\n\t\t<\/div>\n\t\t\t\t\t\t<\/div>\n\t\t\t\t<div class=\"elementor-element elementor-element-03edf27 elementor-widget__width-inherit elementor-mobile-align-justify elementor-widget-mobile__width-inherit elementor-tablet-align-justify elementor-widget-tablet__width-inherit elementor-align-justify elementor-widget elementor-widget-button\" data-id=\"03edf27\" data-element_type=\"widget\" data-widget_type=\"button.default\">\n\t\t\t\t\t\t\t\t\t\t<a class=\"elementor-button elementor-button-link elementor-size-sm\" href=\"https:\/\/api.whatsapp.com\/send?phone=34653620509&#038;text=Hola,%20Clinicas%20IMEBA,%20ponte%20en%20contacto%20conmigo.%20(MP%20Cejas)%20Muchas%20gracias...%20\">\n\t\t\t\t\t\t<span class=\"elementor-button-content-wrapper\">\n\t\t\t\t\t\t\t\t\t<span class=\"elementor-button-text\">JETZT BUCHEN<\/span>\n\t\t\t\t\t<\/span>\n\t\t\t\t\t<\/a>\n\t\t\t\t\t\t\t\t<\/div>\n\t\t\t\t<div class=\"elementor-element elementor-element-8b1ceb3 elementor-widget elementor-widget-text-editor\" data-id=\"8b1ceb3\" data-element_type=\"widget\" data-widget_type=\"text-editor.default\">\n\t\t\t\t\t\t\t\t\t<p>Sie k\u00f6nnen uns auch eine Nachricht per WhatsApp schicken.<\/p>\t\t\t\t\t\t\t\t<\/div>\n\t\t\t\t\t<\/div>\n\t\t<\/div>\n\t\t\t\t\t<\/div>\n\t\t<\/section>\n\t\t\t\t\t<\/div>\n\t\t<\/div>\n\t\t\t\t\t<\/div>\n\t\t<\/section>\n\t\t\t\t<\/div>","protected":false},"excerpt":{"rendered":"<p>Facial IMEBA\u00ae MAQUILLAJE PERMANENTE DE CEJAS \u00bfNuestra ventaja como parte de una cl\u00ednica? Nuestros m\u00e9dicos siempre pueden utilizar anestesia local. Esto no est\u00e1 permitido en estudios o centros. \u00a0 Las cejas permanentes de IMEBA\u00ae tienen una durabilidad de hasta tres a\u00f1os, por lo que, a medida que la piel envejece y las modas cambian, tiene [&hellip;]<\/p>","protected":false},"author":2,"featured_media":2023,"parent":0,"menu_order":1,"comment_status":"closed","ping_status":"closed","template":"elementor_header_footer","meta":{"footnotes":""},"class_list":["post-1998","page","type-page","status-publish","has-post-thumbnail","hentry"],"yoast_head":"<!-- This site is optimized with the Yoast SEO plugin v25.8 - https:\/\/yoast.com\/wordpress\/plugins\/seo\/ -->\n<title>Cejas \/ \u00d3mbre \/ Microlining - Clinicas IMEBA\u00ae<\/title>\n<meta name=\"robots\" content=\"index, follow, max-snippet:-1, max-image-preview:large, max-video-preview:-1\" \/>\n<link rel=\"canonical\" href=\"https:\/\/imeba.clinic\/de\/cejas-ombre-microlining\/\" \/>\n<meta property=\"og:locale\" content=\"de_DE\" \/>\n<meta property=\"og:type\" content=\"article\" \/>\n<meta property=\"og:title\" content=\"Cejas \/ \u00d3mbre \/ Microlining - Clinicas IMEBA\u00ae\" \/>\n<meta property=\"og:description\" content=\"Facial IMEBA\u00ae MAQUILLAJE PERMANENTE DE CEJAS \u00bfNuestra ventaja como parte de una cl\u00ednica? Nuestros m\u00e9dicos siempre pueden utilizar anestesia local. Esto no est\u00e1 permitido en estudios o centros. \u00a0 Las cejas permanentes de IMEBA\u00ae tienen una durabilidad de hasta tres a\u00f1os, por lo que, a medida que la piel envejece y las modas cambian, tiene [&hellip;]\" \/>\n<meta property=\"og:url\" content=\"https:\/\/imeba.clinic\/de\/cejas-ombre-microlining\/\" \/>\n<meta property=\"og:site_name\" content=\"Clinicas IMEBA\u00ae\" \/>\n<meta property=\"article:publisher\" content=\"https:\/\/www.facebook.com\/clinicasimebamallorca\" \/>\n<meta property=\"article:modified_time\" content=\"2023-11-08T18:08:51+00:00\" \/>\n<meta property=\"og:image\" content=\"http:\/\/imeba.clinic\/wp-content\/uploads\/2023\/01\/rinomodelacion-imeba-mallorca-SLIDER-1024x320-1.jpg\" \/>\n\t<meta property=\"og:image:width\" content=\"1024\" \/>\n\t<meta property=\"og:image:height\" content=\"320\" \/>\n\t<meta property=\"og:image:type\" content=\"image\/jpeg\" \/>\n<meta name=\"twitter:card\" content=\"summary_large_image\" \/>\n<meta name=\"twitter:site\" content=\"@IMEBAInfo\" \/>\n<meta name=\"twitter:label1\" content=\"Gesch\u00e4tzte Lesezeit\" \/>\n\t<meta name=\"twitter:data1\" content=\"3\u00a0Minuten\" \/>\n<script type=\"application\/ld+json\" class=\"yoast-schema-graph\">{\"@context\":\"https:\/\/schema.org\",\"@graph\":[{\"@type\":\"WebPage\",\"@id\":\"https:\/\/imeba.clinic\/cejas-ombre-microlining\/\",\"url\":\"https:\/\/imeba.clinic\/cejas-ombre-microlining\/\",\"name\":\"Cejas \/ \u00d3mbre \/ Microlining - Clinicas IMEBA\u00ae\",\"isPartOf\":{\"@id\":\"https:\/\/imeba.clinic\/#website\"},\"primaryImageOfPage\":{\"@id\":\"https:\/\/imeba.clinic\/cejas-ombre-microlining\/#primaryimage\"},\"image\":{\"@id\":\"https:\/\/imeba.clinic\/cejas-ombre-microlining\/#primaryimage\"},\"thumbnailUrl\":\"https:\/\/imeba.clinic\/wp-content\/uploads\/2023\/01\/rinomodelacion-imeba-mallorca-SLIDER-1024x320-1.jpg\",\"datePublished\":\"2023-01-27T08:59:42+00:00\",\"dateModified\":\"2023-11-08T18:08:51+00:00\",\"breadcrumb\":{\"@id\":\"https:\/\/imeba.clinic\/cejas-ombre-microlining\/#breadcrumb\"},\"inLanguage\":\"de\",\"potentialAction\":[{\"@type\":\"ReadAction\",\"target\":[\"https:\/\/imeba.clinic\/cejas-ombre-microlining\/\"]}]},{\"@type\":\"ImageObject\",\"inLanguage\":\"de\",\"@id\":\"https:\/\/imeba.clinic\/cejas-ombre-microlining\/#primaryimage\",\"url\":\"https:\/\/imeba.clinic\/wp-content\/uploads\/2023\/01\/rinomodelacion-imeba-mallorca-SLIDER-1024x320-1.jpg\",\"contentUrl\":\"https:\/\/imeba.clinic\/wp-content\/uploads\/2023\/01\/rinomodelacion-imeba-mallorca-SLIDER-1024x320-1.jpg\",\"width\":1024,\"height\":320},{\"@type\":\"BreadcrumbList\",\"@id\":\"https:\/\/imeba.clinic\/cejas-ombre-microlining\/#breadcrumb\",\"itemListElement\":[{\"@type\":\"ListItem\",\"position\":1,\"name\":\"Portada\",\"item\":\"https:\/\/imeba.clinic\/\"},{\"@type\":\"ListItem\",\"position\":2,\"name\":\"Cejas \/ \u00d3mbre \/ Microlining\"}]},{\"@type\":\"WebSite\",\"@id\":\"https:\/\/imeba.clinic\/#website\",\"url\":\"https:\/\/imeba.clinic\/\",\"name\":\"Clinicas IMEBA\u00ae\",\"description\":\"Medicina estetica cirugia facial\",\"publisher\":{\"@id\":\"https:\/\/imeba.clinic\/#organization\"},\"potentialAction\":[{\"@type\":\"SearchAction\",\"target\":{\"@type\":\"EntryPoint\",\"urlTemplate\":\"https:\/\/imeba.clinic\/?s={search_term_string}\"},\"query-input\":{\"@type\":\"PropertyValueSpecification\",\"valueRequired\":true,\"valueName\":\"search_term_string\"}}],\"inLanguage\":\"de\"},{\"@type\":\"Organization\",\"@id\":\"https:\/\/imeba.clinic\/#organization\",\"name\":\"Clinicas IMEBA\u00ae\",\"url\":\"https:\/\/imeba.clinic\/\",\"logo\":{\"@type\":\"ImageObject\",\"inLanguage\":\"de\",\"@id\":\"https:\/\/imeba.clinic\/#\/schema\/logo\/image\/\",\"url\":\"https:\/\/imeba.clinic\/wp-content\/uploads\/2023\/01\/cropped-11722351_740325796094007_2206264894896353109_o.jpg\",\"contentUrl\":\"https:\/\/imeba.clinic\/wp-content\/uploads\/2023\/01\/cropped-11722351_740325796094007_2206264894896353109_o.jpg\",\"width\":1221,\"height\":349,\"caption\":\"Clinicas IMEBA\u00ae\"},\"image\":{\"@id\":\"https:\/\/imeba.clinic\/#\/schema\/logo\/image\/\"},\"sameAs\":[\"https:\/\/www.facebook.com\/clinicasimebamallorca\",\"https:\/\/x.com\/IMEBAInfo\",\"https:\/\/www.youtube.com\/@TorstenMarin\"]}]}<\/script>\n<!-- \/ Yoast SEO plugin. -->","yoast_head_json":{"title":"Cejas \/ \u00d3mbre \/ Microlining - Clinicas IMEBA\u00ae","robots":{"index":"index","follow":"follow","max-snippet":"max-snippet:-1","max-image-preview":"max-image-preview:large","max-video-preview":"max-video-preview:-1"},"canonical":"https:\/\/imeba.clinic\/de\/cejas-ombre-microlining\/","og_locale":"de_DE","og_type":"article","og_title":"Cejas \/ \u00d3mbre \/ Microlining - Clinicas IMEBA\u00ae","og_description":"Facial IMEBA\u00ae MAQUILLAJE PERMANENTE DE CEJAS \u00bfNuestra ventaja como parte de una cl\u00ednica? Nuestros m\u00e9dicos siempre pueden utilizar anestesia local. Esto no est\u00e1 permitido en estudios o centros. \u00a0 Las cejas permanentes de IMEBA\u00ae tienen una durabilidad de hasta tres a\u00f1os, por lo que, a medida que la piel envejece y las modas cambian, tiene [&hellip;]","og_url":"https:\/\/imeba.clinic\/de\/cejas-ombre-microlining\/","og_site_name":"Clinicas IMEBA\u00ae","article_publisher":"https:\/\/www.facebook.com\/clinicasimebamallorca","article_modified_time":"2023-11-08T18:08:51+00:00","og_image":[{"width":1024,"height":320,"url":"http:\/\/imeba.clinic\/wp-content\/uploads\/2023\/01\/rinomodelacion-imeba-mallorca-SLIDER-1024x320-1.jpg","type":"image\/jpeg"}],"twitter_card":"summary_large_image","twitter_site":"@IMEBAInfo","twitter_misc":{"Gesch\u00e4tzte Lesezeit":"3\u00a0Minuten"},"schema":{"@context":"https:\/\/schema.org","@graph":[{"@type":"WebPage","@id":"https:\/\/imeba.clinic\/cejas-ombre-microlining\/","url":"https:\/\/imeba.clinic\/cejas-ombre-microlining\/","name":"Cejas \/ \u00d3mbre \/ Microlining - Clinicas IMEBA\u00ae","isPartOf":{"@id":"https:\/\/imeba.clinic\/#website"},"primaryImageOfPage":{"@id":"https:\/\/imeba.clinic\/cejas-ombre-microlining\/#primaryimage"},"image":{"@id":"https:\/\/imeba.clinic\/cejas-ombre-microlining\/#primaryimage"},"thumbnailUrl":"https:\/\/imeba.clinic\/wp-content\/uploads\/2023\/01\/rinomodelacion-imeba-mallorca-SLIDER-1024x320-1.jpg","datePublished":"2023-01-27T08:59:42+00:00","dateModified":"2023-11-08T18:08:51+00:00","breadcrumb":{"@id":"https:\/\/imeba.clinic\/cejas-ombre-microlining\/#breadcrumb"},"inLanguage":"de","potentialAction":[{"@type":"ReadAction","target":["https:\/\/imeba.clinic\/cejas-ombre-microlining\/"]}]},{"@type":"ImageObject","inLanguage":"de","@id":"https:\/\/imeba.clinic\/cejas-ombre-microlining\/#primaryimage","url":"https:\/\/imeba.clinic\/wp-content\/uploads\/2023\/01\/rinomodelacion-imeba-mallorca-SLIDER-1024x320-1.jpg","contentUrl":"https:\/\/imeba.clinic\/wp-content\/uploads\/2023\/01\/rinomodelacion-imeba-mallorca-SLIDER-1024x320-1.jpg","width":1024,"height":320},{"@type":"BreadcrumbList","@id":"https:\/\/imeba.clinic\/cejas-ombre-microlining\/#breadcrumb","itemListElement":[{"@type":"ListItem","position":1,"name":"Portada","item":"https:\/\/imeba.clinic\/"},{"@type":"ListItem","position":2,"name":"Cejas \/ \u00d3mbre \/ Microlining"}]},{"@type":"WebSite","@id":"https:\/\/imeba.clinic\/#website","url":"https:\/\/imeba.clinic\/","name":"Clinicas IMEBA\u00ae","description":"Medicina estetica cirugia facial","publisher":{"@id":"https:\/\/imeba.clinic\/#organization"},"potentialAction":[{"@type":"SearchAction","target":{"@type":"EntryPoint","urlTemplate":"https:\/\/imeba.clinic\/?s={search_term_string}"},"query-input":{"@type":"PropertyValueSpecification","valueRequired":true,"valueName":"search_term_string"}}],"inLanguage":"de"},{"@type":"Organization","@id":"https:\/\/imeba.clinic\/#organization","name":"Clinicas IMEBA\u00ae","url":"https:\/\/imeba.clinic\/","logo":{"@type":"ImageObject","inLanguage":"de","@id":"https:\/\/imeba.clinic\/#\/schema\/logo\/image\/","url":"https:\/\/imeba.clinic\/wp-content\/uploads\/2023\/01\/cropped-11722351_740325796094007_2206264894896353109_o.jpg","contentUrl":"https:\/\/imeba.clinic\/wp-content\/uploads\/2023\/01\/cropped-11722351_740325796094007_2206264894896353109_o.jpg","width":1221,"height":349,"caption":"Clinicas IMEBA\u00ae"},"image":{"@id":"https:\/\/imeba.clinic\/#\/schema\/logo\/image\/"},"sameAs":["https:\/\/www.facebook.com\/clinicasimebamallorca","https:\/\/x.com\/IMEBAInfo","https:\/\/www.youtube.com\/@TorstenMarin"]}]}},"_links":{"self":[{"href":"https:\/\/imeba.clinic\/de\/wp-json\/wp\/v2\/pages\/1998","targetHints":{"allow":["GET"]}}],"collection":[{"href":"https:\/\/imeba.clinic\/de\/wp-json\/wp\/v2\/pages"}],"about":[{"href":"https:\/\/imeba.clinic\/de\/wp-json\/wp\/v2\/types\/page"}],"author":[{"embeddable":true,"href":"https:\/\/imeba.clinic\/de\/wp-json\/wp\/v2\/users\/2"}],"replies":[{"embeddable":true,"href":"https:\/\/imeba.clinic\/de\/wp-json\/wp\/v2\/comments?post=1998"}],"version-history":[{"count":0,"href":"https:\/\/imeba.clinic\/de\/wp-json\/wp\/v2\/pages\/1998\/revisions"}],"wp:featuredmedia":[{"embeddable":true,"href":"https:\/\/imeba.clinic\/de\/wp-json\/wp\/v2\/media\/2023"}],"wp:attachment":[{"href":"https:\/\/imeba.clinic\/de\/wp-json\/wp\/v2\/media?parent=1998"}],"curies":[{"name":"wp","href":"https:\/\/api.w.org\/{rel}","templated":true}]}}