
{"id":1337,"date":"2023-01-15T07:02:51","date_gmt":"2023-01-15T07:02:51","guid":{"rendered":"https:\/\/imeba.clinic\/?page_id=1337"},"modified":"2026-03-17T08:04:38","modified_gmt":"2026-03-17T07:04:38","slug":"aumento-de-labios-2","status":"publish","type":"page","link":"https:\/\/imeba.clinic\/de\/facial\/aumento-de-labios-2\/","title":{"rendered":"Lippenvergr\u00f6\u00dferung"},"content":{"rendered":"<div data-elementor-type=\"wp-page\" data-elementor-id=\"1337\" class=\"elementor elementor-1337\" data-elementor-post-type=\"page\">\n\t\t\t\t\t\t<section class=\"elementor-section elementor-top-section elementor-element elementor-element-14f7ea6 elementor-section-height-min-height elementor-section-boxed elementor-section-height-default elementor-section-items-middle\" data-id=\"14f7ea6\" data-element_type=\"section\" data-settings=\"{&quot;background_background&quot;:&quot;classic&quot;,&quot;background_motion_fx_motion_fx_scrolling&quot;:&quot;yes&quot;,&quot;background_motion_fx_translateY_effect&quot;:&quot;yes&quot;,&quot;jet_parallax_layout_list&quot;:[],&quot;background_motion_fx_translateY_speed&quot;:{&quot;unit&quot;:&quot;px&quot;,&quot;size&quot;:4,&quot;sizes&quot;:[]},&quot;background_motion_fx_translateY_affectedRange&quot;:{&quot;unit&quot;:&quot;%&quot;,&quot;size&quot;:&quot;&quot;,&quot;sizes&quot;:{&quot;start&quot;:0,&quot;end&quot;:100}},&quot;background_motion_fx_devices&quot;:[&quot;desktop&quot;,&quot;tablet&quot;,&quot;mobile&quot;]}\">\n\t\t\t\t\t\t\t<div class=\"elementor-background-overlay\"><\/div>\n\t\t\t\t\t\t\t<div class=\"elementor-container elementor-column-gap-default\">\n\t\t\t\t\t<div class=\"elementor-column elementor-col-100 elementor-top-column elementor-element elementor-element-8578ffc\" data-id=\"8578ffc\" data-element_type=\"column\">\n\t\t\t<div class=\"elementor-widget-wrap elementor-element-populated\">\n\t\t\t\t\t\t<div class=\"elementor-element elementor-element-92078a0 elementor-widget elementor-widget-heading\" data-id=\"92078a0\" data-element_type=\"widget\" data-widget_type=\"heading.default\">\n\t\t\t\t\t<h5 class=\"elementor-heading-title elementor-size-default\">Gesicht<\/h5>\t\t\t\t<\/div>\n\t\t\t\t\t<\/div>\n\t\t<\/div>\n\t\t\t\t\t<\/div>\n\t\t<\/section>\n\t\t\t\t<section class=\"elementor-section elementor-top-section elementor-element elementor-element-6a854a6 elementor-section-boxed elementor-section-height-default elementor-section-height-default\" data-id=\"6a854a6\" data-element_type=\"section\" data-settings=\"{&quot;jet_parallax_layout_list&quot;:[]}\">\n\t\t\t\t\t\t<div class=\"elementor-container elementor-column-gap-default\">\n\t\t\t\t\t<div class=\"elementor-column elementor-col-50 elementor-top-column elementor-element elementor-element-422799f\" data-id=\"422799f\" data-element_type=\"column\">\n\t\t\t<div class=\"elementor-widget-wrap elementor-element-populated\">\n\t\t\t\t\t\t<div class=\"elementor-element elementor-element-82fbfd5 elementor-widget elementor-widget-image\" data-id=\"82fbfd5\" data-element_type=\"widget\" data-widget_type=\"image.default\">\n\t\t\t\t\t\t\t\t\t\t\t\t\t\t\t<img fetchpriority=\"high\" decoding=\"async\" width=\"800\" height=\"421\" src=\"https:\/\/imeba.clinic\/wp-content\/uploads\/2023\/01\/lip-augmentation-1024x539.jpg\" class=\"attachment-large size-large wp-image-1487\" alt=\"\" srcset=\"https:\/\/imeba.clinic\/wp-content\/uploads\/2023\/01\/lip-augmentation-1024x539.jpg 1024w, https:\/\/imeba.clinic\/wp-content\/uploads\/2023\/01\/lip-augmentation-300x158.jpg 300w, https:\/\/imeba.clinic\/wp-content\/uploads\/2023\/01\/lip-augmentation-768x404.jpg 768w, https:\/\/imeba.clinic\/wp-content\/uploads\/2023\/01\/lip-augmentation-1536x809.jpg 1536w, https:\/\/imeba.clinic\/wp-content\/uploads\/2023\/01\/lip-augmentation.jpg 2000w\" sizes=\"(max-width: 800px) 100vw, 800px\" \/>\t\t\t\t\t\t\t\t\t\t\t\t\t\t\t<\/div>\n\t\t\t\t<div class=\"elementor-element elementor-element-0dbd1d9 elementor-widget elementor-widget-heading\" data-id=\"0dbd1d9\" data-element_type=\"widget\" data-widget_type=\"heading.default\">\n\t\t\t\t\t<h2 class=\"elementor-heading-title elementor-size-default\">LIPPENVERGR\u00d6SSERUNG\n<\/h2>\t\t\t\t<\/div>\n\t\t\t\t<div class=\"elementor-element elementor-element-17ade99 elementor-widget elementor-widget-text-editor\" data-id=\"17ade99\" data-element_type=\"widget\" data-widget_type=\"text-editor.default\">\n\t\t\t\t\t\t\t\t\tDurch die Technik des Auff\u00fcllens oder Vergr\u00f6\u00dferns des Lippenvolumens k\u00f6nnen vollere und attraktivere Lippen erzielt werden, wobei man gleichzeitig ein sehr nat\u00fcrliches Ergebnis hat.\t\t\t\t\t\t\t\t<\/div>\n\t\t\t\t<div class=\"elementor-element elementor-element-1aac492 elementor-widget elementor-widget-heading\" data-id=\"1aac492\" data-element_type=\"widget\" data-widget_type=\"heading.default\">\n\t\t\t\t\t<h2 class=\"elementor-heading-title elementor-size-default\">Lippenf\u00fcller\n<\/h2>\t\t\t\t<\/div>\n\t\t\t\t<div class=\"elementor-element elementor-element-9fbdb03 elementor-widget elementor-widget-text-editor translation-block\" data-id=\"9fbdb03\" data-element_type=\"widget\" data-widget_type=\"text-editor.default\">Es gibt verschiedene Produkte, die bei einer Behandlung zur Lippenvergr\u00f6\u00dferung als F\u00fcllstoffe verwendet werden k\u00f6nnen.<\/div>\n\t\t\t\t<div class=\"elementor-element elementor-element-388a7d7 elementor-widget elementor-widget-text-editor\" data-id=\"388a7d7\" data-element_type=\"widget\" data-widget_type=\"text-editor.default\">\n\t\t\t\t\t\t\t\t\tEs gibt zwei gro\u00dfe Klassifizierungen:\n\n\t\t\t\t\t\t\t\t<\/div>\n\t\t\t\t<div class=\"elementor-element elementor-element-9c651a7 advance-lists elementor-widget elementor-widget-text-editor\" data-id=\"9c651a7\" data-element_type=\"widget\" data-widget_type=\"text-editor.default\">\n\t\t\t\t\t\t\t\t\t<ul>\n \t<li>Permanente Materialien<\/li>\n \t<li>Absorbierbare Materialien (verschwinden nach einiger Zeit)<\/li>\n<\/ul>\t\t\t\t\t\t\t\t<\/div>\n\t\t\t\t<div class=\"elementor-element elementor-element-86d2739 advance-lists elementor-widget elementor-widget-text-editor translation-block\" data-id=\"86d2739\" data-element_type=\"widget\" data-widget_type=\"text-editor.default\">F\u00fcr die <strong>Lippenvergr\u00f6\u00dferung<\/strong> verwenden wir keine synthetischen permanenten Materialien (Silikon, Polyalkylamid und Polyacrylamid), da ein hoher Prozentsatz der Nebenwirkungen schwer zu beheben ist. Unter den absorbierbaren Materialien verwenden wir vorzugsweise <strong>Hyalurons\u00e4ure<\/strong>, da sie nachweislich die wenigsten unerw\u00fcnschten Wirkungen hervorruft, n\u00e4mlich praktisch keine, da sie einfach anzuwenden ist und sehr gute Ergebnisse erzielt.<\/div>\n\t\t\t\t<div class=\"elementor-element elementor-element-cbd661c advance-lists elementor-widget elementor-widget-text-editor translation-block\" data-id=\"cbd661c\" data-element_type=\"widget\" data-widget_type=\"text-editor.default\"><strong>Hyalurons\u00e4ure<\/strong> hat den Nachteil, dass sie nicht dauerhaft ist, aber die Vorteile haben dazu gef\u00fchrt, dass sie von den meisten \u00c4rzten bei der <strong>Lippenvergr\u00f6\u00dferung<\/strong> am h\u00e4ufigsten verwendet wird.<\/div>\n\t\t\t\t<div class=\"elementor-element elementor-element-5e9dba2 advance-lists elementor-widget elementor-widget-text-editor translation-block\" data-id=\"5e9dba2\" data-element_type=\"widget\" data-widget_type=\"text-editor.default\">Eine <strong>Lippenvergr\u00f6\u00dferung<\/strong> bei Personen mit d\u00fcnnen Lippen f\u00fchrt zu einem jugendlicheren \u00e4sthetischen Aussehen und muss nicht \u00fcbertrieben volumin\u00f6s sein. Wir alle haben Prominente vor Augen, die eine unverh\u00e4ltnism\u00e4\u00dfige Lippenvergr\u00f6\u00dferung hatten, aber wenn die injizierten Mengen moderat sind, k\u00f6nnen sehr nat\u00fcrliche Ergebnisse erzielt werden.<\/div>\n\t\t\t\t<div class=\"elementor-element elementor-element-3c94033 elementor-widget elementor-widget-heading\" data-id=\"3c94033\" data-element_type=\"widget\" data-widget_type=\"heading.default\">\n\t\t\t\t\t<h2 class=\"elementor-heading-title elementor-size-default\">Die Technik der Lippenvergr\u00f6\u00dferung\n\n<\/h2>\t\t\t\t<\/div>\n\t\t\t\t<div class=\"elementor-element elementor-element-36bb287 advance-lists elementor-widget elementor-widget-text-editor\" data-id=\"36bb287\" data-element_type=\"widget\" data-widget_type=\"text-editor.default\">\n\t\t\t\t\t\t\t\t\t<div class=\"translation-block\">Die Lippen werden zun\u00e4chst durch eine \u00f6rtliche Bet\u00e4ubung auf H\u00f6he der Nerven bet\u00e4ubt, die f\u00fcr die Empfindlichkeit der Ober- und Unterlippe verantwortlich sind. Sobald die Lippen bet\u00e4ubt sind, wird die F\u00fcllsubstanz, meist <strong>Hyalurons\u00e4ure<\/strong>, mit einer sehr feinen Nadel injiziert. Die Hersteller produzieren <strong>Hyalurons\u00e4uren<\/strong>, die speziell f\u00fcr die Lippen entwickelt wurden und andere Eigenschaften haben als die, die in anderen K\u00f6rperregionen verwendet werden.<\/div><div>\u00a0<\/div><ul><li><strong>Mehr Volumen<\/strong><\/li><li><strong>Konturierung<\/strong><\/li><li><strong>Russische Lippen<\/strong><\/li><li><strong>Hydratation<\/strong><\/li><\/ul>\t\t\t\t\t\t\t\t<\/div>\n\t\t\t\t<div class=\"elementor-element elementor-element-9cde4f6 elementor-widget elementor-widget-heading\" data-id=\"9cde4f6\" data-element_type=\"widget\" data-widget_type=\"heading.default\">\n\t\t\t\t\t<h2 class=\"elementor-heading-title elementor-size-default\">Und nach der Lippenvergr\u00f6\u00dferung?\n\n\n<\/h2>\t\t\t\t<\/div>\n\t\t\t\t<div class=\"elementor-element elementor-element-0fe4957 elementor-widget elementor-widget-text-editor\" data-id=\"0fe4957\" data-element_type=\"widget\" data-widget_type=\"text-editor.default\">\n\t\t\t\t\t\t\t\t\t<p>Despu\u00e9s del tratamiento de\u00a0<strong>aumento de labios<\/strong> es normal la aparici\u00f3n de cierto grado de inflamaci\u00f3n, por lo que los labios van a estar algo m\u00e1s gruesos de como quedaran. A los 2 o 3 d\u00edas se alcanza el volumen que quedar\u00e1, ya que pr\u00e1cticamente habr\u00e1 desaparecido la inflamaci\u00f3n. No obstante, es prudente esperar unos 14 d\u00edas para valorar el resultado<\/p>\t\t\t\t\t\t\t\t<\/div>\n\t\t\t\t<div class=\"elementor-element elementor-element-db5eee9 elementor-widget elementor-widget-text-editor translation-block\" data-id=\"db5eee9\" data-element_type=\"widget\" data-widget_type=\"text-editor.default\">Die <strong>Wirkung einer Lippenvergr\u00f6\u00dferung<\/strong> h\u00e4lt im Durchschnitt <strong>etwa ein halbes Jahr<\/strong> an. Das bedeutet, dass wir, wenn wir das Volumen beibehalten wollen, jedes Jahr neue Behandlungen durchf\u00fchren lassen m\u00fcssen. Die meisten \u00c4rzte sind jedoch der Meinung, dass dies vorzuziehen ist, um keine Folgen wie Deformierungen, Ausbeulungen, Schwellungen oder andere Absto\u00dfungs- oder Unvertr\u00e4glichkeitsreaktionen bei der Verwendung dauerhafter Produkte zu riskieren. Es wurde auch festgestellt, dass bei aufeinander folgenden Behandlungen weniger <strong>Hyalurons\u00e4ure<\/strong> ben\u00f6tigt wird, d. h. die Wirkung h\u00e4lt l\u00e4nger an.<\/div>\n\t\t\t\t\t<\/div>\n\t\t<\/div>\n\t\t\t\t<div class=\"elementor-column elementor-col-50 elementor-top-column elementor-element elementor-element-ac1a05d\" data-id=\"ac1a05d\" data-element_type=\"column\">\n\t\t\t<div class=\"elementor-widget-wrap elementor-element-populated\">\n\t\t\t\t\t\t<section class=\"elementor-section elementor-inner-section elementor-element elementor-element-0449f5b elementor-section-boxed elementor-section-height-default elementor-section-height-default\" data-id=\"0449f5b\" data-element_type=\"section\" data-settings=\"{&quot;background_background&quot;:&quot;classic&quot;,&quot;sticky&quot;:&quot;top&quot;,&quot;sticky_offset&quot;:120,&quot;sticky_parent&quot;:&quot;yes&quot;,&quot;jet_parallax_layout_list&quot;:[],&quot;sticky_on&quot;:[&quot;desktop&quot;,&quot;tablet&quot;,&quot;mobile&quot;],&quot;sticky_effects_offset&quot;:0,&quot;sticky_anchor_link_offset&quot;:0}\">\n\t\t\t\t\t\t<div class=\"elementor-container elementor-column-gap-default\">\n\t\t\t\t\t<div class=\"elementor-column elementor-col-100 elementor-inner-column elementor-element elementor-element-da8d40e\" data-id=\"da8d40e\" data-element_type=\"column\">\n\t\t\t<div class=\"elementor-widget-wrap elementor-element-populated\">\n\t\t\t\t\t\t<div class=\"elementor-element elementor-element-a2091af elementor-widget elementor-widget-heading\" data-id=\"a2091af\" data-element_type=\"widget\" data-widget_type=\"heading.default\">\n\t\t\t\t\t<h2 class=\"elementor-heading-title elementor-size-default\">Preis<\/h2>\t\t\t\t<\/div>\n\t\t\t\t<div class=\"elementor-element elementor-element-120ebcd Price elementor-widget elementor-widget-heading\" data-id=\"120ebcd\" data-element_type=\"widget\" data-widget_type=\"heading.default\">\n\t\t\t\t\t<h2 class=\"elementor-heading-title elementor-size-default\">Lucky Lips<br>295\u20ac<span>\/1 vial<\/span><\/h2>\t\t\t\t<\/div>\n\t\t\t\t<div class=\"elementor-element elementor-element-3cec791 elementor-widget elementor-widget-text-editor\" data-id=\"3cec791\" data-element_type=\"widget\" data-widget_type=\"text-editor.default\">\n\t\t\t\t\t\t\t\t\tHyalurons\u00e4ure\t\t\t\t\t\t\t\t<\/div>\n\t\t\t\t<div class=\"elementor-element elementor-element-793aa8e elementor-widget-divider--view-line elementor-widget elementor-widget-divider\" data-id=\"793aa8e\" data-element_type=\"widget\" data-widget_type=\"divider.default\">\n\t\t\t\t\t\t\t<div class=\"elementor-divider\">\n\t\t\t<span class=\"elementor-divider-separator\">\n\t\t\t\t\t\t<\/span>\n\t\t<\/div>\n\t\t\t\t\t\t<\/div>\n\t\t\t\t<div class=\"elementor-element elementor-element-433a3e1 Price elementor-widget elementor-widget-heading\" data-id=\"433a3e1\" data-element_type=\"widget\" data-widget_type=\"heading.default\">\n\t\t\t\t\t<h2 class=\"elementor-heading-title elementor-size-default\">Luxury Lips 345\u20ac<span>\/1 vial<\/span><\/h2>\t\t\t\t<\/div>\n\t\t\t\t<div class=\"elementor-element elementor-element-78fbac8 elementor-widget elementor-widget-text-editor\" data-id=\"78fbac8\" data-element_type=\"widget\" data-widget_type=\"text-editor.default\">\n\t\t\t\t\t\t\t\t\t<p>Aliaxin \/ Maili<\/p>\t\t\t\t\t\t\t\t<\/div>\n\t\t\t\t<div class=\"elementor-element elementor-element-8b1ceb3 elementor-widget elementor-widget-text-editor\" data-id=\"8b1ceb3\" data-element_type=\"widget\" data-widget_type=\"text-editor.default\">\n\t\t\t\t\t\t\t\t\t<p>Sie k\u00f6nnen uns auch eine Nachricht per WhatsApp schicken.<\/p>\t\t\t\t\t\t\t\t<\/div>\n\t\t\t\t<div class=\"elementor-element elementor-element-03edf27 elementor-widget__width-inherit elementor-mobile-align-justify elementor-widget-mobile__width-inherit elementor-tablet-align-justify elementor-widget-tablet__width-inherit elementor-align-justify elementor-widget elementor-widget-button\" data-id=\"03edf27\" data-element_type=\"widget\" data-widget_type=\"button.default\">\n\t\t\t\t\t\t\t\t\t\t<a class=\"elementor-button elementor-button-link elementor-size-sm\" href=\"https:\/\/api.whatsapp.com\/send?phone=34653620509&#038;text=Hola%20Cl%C3%ADnicas%20IMEBA,%20ponte%20en%20contacto%20conmigo.%20(Aumento%20de%20labios)%20Muchas%20gracias.%20\">\n\t\t\t\t\t\t<span class=\"elementor-button-content-wrapper\">\n\t\t\t\t\t\t\t\t\t<span class=\"elementor-button-text\">JETZT BUCHEN<\/span>\n\t\t\t\t\t<\/span>\n\t\t\t\t\t<\/a>\n\t\t\t\t\t\t\t\t<\/div>\n\t\t\t\t\t<\/div>\n\t\t<\/div>\n\t\t\t\t\t<\/div>\n\t\t<\/section>\n\t\t\t\t\t<\/div>\n\t\t<\/div>\n\t\t\t\t\t<\/div>\n\t\t<\/section>\n\t\t\t\t<\/div>","protected":false},"excerpt":{"rendered":"<p>Facial AUMENTO DE LABIOS Mediante la t\u00e9cnica de relleno o aumento de volumen de los labios se pueden conseguir unos labios m\u00e1s carnosos y atractivos, obteni\u00e9ndose a la vez unos resultados muy naturales. Sustancias de relleno para los labios Existen diferentes productos que pueden ser utilizados como sustancias de relleno en un tratamiento de\u00a0aumento de [&hellip;]<\/p>","protected":false},"author":1,"featured_media":1487,"parent":1327,"menu_order":1,"comment_status":"closed","ping_status":"closed","template":"elementor_header_footer","meta":{"footnotes":""},"class_list":["post-1337","page","type-page","status-publish","has-post-thumbnail","hentry"],"yoast_head":"<!-- This site is optimized with the Yoast SEO plugin v25.8 - https:\/\/yoast.com\/wordpress\/plugins\/seo\/ -->\n<title>Aumento de labios - Clinicas IMEBA\u00ae<\/title>\n<meta name=\"robots\" content=\"index, follow, max-snippet:-1, max-image-preview:large, max-video-preview:-1\" \/>\n<link rel=\"canonical\" href=\"https:\/\/imeba.clinic\/de\/facial\/aumento-de-labios-2\/\" \/>\n<meta property=\"og:locale\" content=\"de_DE\" \/>\n<meta property=\"og:type\" content=\"article\" \/>\n<meta property=\"og:title\" content=\"Aumento de labios - Clinicas IMEBA\u00ae\" \/>\n<meta property=\"og:description\" content=\"Facial AUMENTO DE LABIOS Mediante la t\u00e9cnica de relleno o aumento de volumen de los labios se pueden conseguir unos labios m\u00e1s carnosos y atractivos, obteni\u00e9ndose a la vez unos resultados muy naturales. Sustancias de relleno para los labios Existen diferentes productos que pueden ser utilizados como sustancias de relleno en un tratamiento de\u00a0aumento de [&hellip;]\" \/>\n<meta property=\"og:url\" content=\"https:\/\/imeba.clinic\/de\/facial\/aumento-de-labios-2\/\" \/>\n<meta property=\"og:site_name\" content=\"Clinicas IMEBA\u00ae\" \/>\n<meta property=\"article:publisher\" content=\"https:\/\/www.facebook.com\/clinicasimebamallorca\" \/>\n<meta property=\"article:modified_time\" content=\"2026-03-17T07:04:38+00:00\" \/>\n<meta property=\"og:image\" content=\"http:\/\/imeba.clinic\/wp-content\/uploads\/2023\/01\/lip-augmentation.jpg\" \/>\n\t<meta property=\"og:image:width\" content=\"2000\" \/>\n\t<meta property=\"og:image:height\" content=\"1053\" \/>\n\t<meta property=\"og:image:type\" content=\"image\/jpeg\" \/>\n<meta name=\"twitter:card\" content=\"summary_large_image\" \/>\n<meta name=\"twitter:site\" content=\"@IMEBAInfo\" \/>\n<meta name=\"twitter:label1\" content=\"Gesch\u00e4tzte Lesezeit\" \/>\n\t<meta name=\"twitter:data1\" content=\"3\u00a0Minuten\" \/>\n<script type=\"application\/ld+json\" class=\"yoast-schema-graph\">{\"@context\":\"https:\/\/schema.org\",\"@graph\":[{\"@type\":\"WebPage\",\"@id\":\"https:\/\/imeba.clinic\/facial\/aumento-de-labios-2\/\",\"url\":\"https:\/\/imeba.clinic\/facial\/aumento-de-labios-2\/\",\"name\":\"Aumento de labios - Clinicas IMEBA\u00ae\",\"isPartOf\":{\"@id\":\"https:\/\/imeba.clinic\/#website\"},\"primaryImageOfPage\":{\"@id\":\"https:\/\/imeba.clinic\/facial\/aumento-de-labios-2\/#primaryimage\"},\"image\":{\"@id\":\"https:\/\/imeba.clinic\/facial\/aumento-de-labios-2\/#primaryimage\"},\"thumbnailUrl\":\"https:\/\/imeba.clinic\/wp-content\/uploads\/2023\/01\/lip-augmentation.jpg\",\"datePublished\":\"2023-01-15T07:02:51+00:00\",\"dateModified\":\"2026-03-17T07:04:38+00:00\",\"breadcrumb\":{\"@id\":\"https:\/\/imeba.clinic\/facial\/aumento-de-labios-2\/#breadcrumb\"},\"inLanguage\":\"de\",\"potentialAction\":[{\"@type\":\"ReadAction\",\"target\":[\"https:\/\/imeba.clinic\/facial\/aumento-de-labios-2\/\"]}]},{\"@type\":\"ImageObject\",\"inLanguage\":\"de\",\"@id\":\"https:\/\/imeba.clinic\/facial\/aumento-de-labios-2\/#primaryimage\",\"url\":\"https:\/\/imeba.clinic\/wp-content\/uploads\/2023\/01\/lip-augmentation.jpg\",\"contentUrl\":\"https:\/\/imeba.clinic\/wp-content\/uploads\/2023\/01\/lip-augmentation.jpg\",\"width\":2000,\"height\":1053},{\"@type\":\"BreadcrumbList\",\"@id\":\"https:\/\/imeba.clinic\/facial\/aumento-de-labios-2\/#breadcrumb\",\"itemListElement\":[{\"@type\":\"ListItem\",\"position\":1,\"name\":\"Portada\",\"item\":\"https:\/\/imeba.clinic\/\"},{\"@type\":\"ListItem\",\"position\":2,\"name\":\"Facial\",\"item\":\"https:\/\/imeba.clinic\/facial\/\"},{\"@type\":\"ListItem\",\"position\":3,\"name\":\"Aumento de labios\"}]},{\"@type\":\"WebSite\",\"@id\":\"https:\/\/imeba.clinic\/#website\",\"url\":\"https:\/\/imeba.clinic\/\",\"name\":\"Clinicas IMEBA\u00ae\",\"description\":\"Medicina estetica cirugia facial\",\"publisher\":{\"@id\":\"https:\/\/imeba.clinic\/#organization\"},\"potentialAction\":[{\"@type\":\"SearchAction\",\"target\":{\"@type\":\"EntryPoint\",\"urlTemplate\":\"https:\/\/imeba.clinic\/?s={search_term_string}\"},\"query-input\":{\"@type\":\"PropertyValueSpecification\",\"valueRequired\":true,\"valueName\":\"search_term_string\"}}],\"inLanguage\":\"de\"},{\"@type\":\"Organization\",\"@id\":\"https:\/\/imeba.clinic\/#organization\",\"name\":\"Clinicas IMEBA\u00ae\",\"url\":\"https:\/\/imeba.clinic\/\",\"logo\":{\"@type\":\"ImageObject\",\"inLanguage\":\"de\",\"@id\":\"https:\/\/imeba.clinic\/#\/schema\/logo\/image\/\",\"url\":\"https:\/\/imeba.clinic\/wp-content\/uploads\/2023\/01\/cropped-11722351_740325796094007_2206264894896353109_o.jpg\",\"contentUrl\":\"https:\/\/imeba.clinic\/wp-content\/uploads\/2023\/01\/cropped-11722351_740325796094007_2206264894896353109_o.jpg\",\"width\":1221,\"height\":349,\"caption\":\"Clinicas IMEBA\u00ae\"},\"image\":{\"@id\":\"https:\/\/imeba.clinic\/#\/schema\/logo\/image\/\"},\"sameAs\":[\"https:\/\/www.facebook.com\/clinicasimebamallorca\",\"https:\/\/x.com\/IMEBAInfo\",\"https:\/\/www.youtube.com\/@TorstenMarin\"]}]}<\/script>\n<!-- \/ Yoast SEO plugin. -->","yoast_head_json":{"title":"Aumento de labios - Clinicas IMEBA\u00ae","robots":{"index":"index","follow":"follow","max-snippet":"max-snippet:-1","max-image-preview":"max-image-preview:large","max-video-preview":"max-video-preview:-1"},"canonical":"https:\/\/imeba.clinic\/de\/facial\/aumento-de-labios-2\/","og_locale":"de_DE","og_type":"article","og_title":"Aumento de labios - Clinicas IMEBA\u00ae","og_description":"Facial AUMENTO DE LABIOS Mediante la t\u00e9cnica de relleno o aumento de volumen de los labios se pueden conseguir unos labios m\u00e1s carnosos y atractivos, obteni\u00e9ndose a la vez unos resultados muy naturales. Sustancias de relleno para los labios Existen diferentes productos que pueden ser utilizados como sustancias de relleno en un tratamiento de\u00a0aumento de [&hellip;]","og_url":"https:\/\/imeba.clinic\/de\/facial\/aumento-de-labios-2\/","og_site_name":"Clinicas IMEBA\u00ae","article_publisher":"https:\/\/www.facebook.com\/clinicasimebamallorca","article_modified_time":"2026-03-17T07:04:38+00:00","og_image":[{"width":2000,"height":1053,"url":"http:\/\/imeba.clinic\/wp-content\/uploads\/2023\/01\/lip-augmentation.jpg","type":"image\/jpeg"}],"twitter_card":"summary_large_image","twitter_site":"@IMEBAInfo","twitter_misc":{"Gesch\u00e4tzte Lesezeit":"3\u00a0Minuten"},"schema":{"@context":"https:\/\/schema.org","@graph":[{"@type":"WebPage","@id":"https:\/\/imeba.clinic\/facial\/aumento-de-labios-2\/","url":"https:\/\/imeba.clinic\/facial\/aumento-de-labios-2\/","name":"Aumento de labios - Clinicas IMEBA\u00ae","isPartOf":{"@id":"https:\/\/imeba.clinic\/#website"},"primaryImageOfPage":{"@id":"https:\/\/imeba.clinic\/facial\/aumento-de-labios-2\/#primaryimage"},"image":{"@id":"https:\/\/imeba.clinic\/facial\/aumento-de-labios-2\/#primaryimage"},"thumbnailUrl":"https:\/\/imeba.clinic\/wp-content\/uploads\/2023\/01\/lip-augmentation.jpg","datePublished":"2023-01-15T07:02:51+00:00","dateModified":"2026-03-17T07:04:38+00:00","breadcrumb":{"@id":"https:\/\/imeba.clinic\/facial\/aumento-de-labios-2\/#breadcrumb"},"inLanguage":"de","potentialAction":[{"@type":"ReadAction","target":["https:\/\/imeba.clinic\/facial\/aumento-de-labios-2\/"]}]},{"@type":"ImageObject","inLanguage":"de","@id":"https:\/\/imeba.clinic\/facial\/aumento-de-labios-2\/#primaryimage","url":"https:\/\/imeba.clinic\/wp-content\/uploads\/2023\/01\/lip-augmentation.jpg","contentUrl":"https:\/\/imeba.clinic\/wp-content\/uploads\/2023\/01\/lip-augmentation.jpg","width":2000,"height":1053},{"@type":"BreadcrumbList","@id":"https:\/\/imeba.clinic\/facial\/aumento-de-labios-2\/#breadcrumb","itemListElement":[{"@type":"ListItem","position":1,"name":"Portada","item":"https:\/\/imeba.clinic\/"},{"@type":"ListItem","position":2,"name":"Facial","item":"https:\/\/imeba.clinic\/facial\/"},{"@type":"ListItem","position":3,"name":"Aumento de labios"}]},{"@type":"WebSite","@id":"https:\/\/imeba.clinic\/#website","url":"https:\/\/imeba.clinic\/","name":"Clinicas IMEBA\u00ae","description":"Medicina estetica cirugia facial","publisher":{"@id":"https:\/\/imeba.clinic\/#organization"},"potentialAction":[{"@type":"SearchAction","target":{"@type":"EntryPoint","urlTemplate":"https:\/\/imeba.clinic\/?s={search_term_string}"},"query-input":{"@type":"PropertyValueSpecification","valueRequired":true,"valueName":"search_term_string"}}],"inLanguage":"de"},{"@type":"Organization","@id":"https:\/\/imeba.clinic\/#organization","name":"Clinicas IMEBA\u00ae","url":"https:\/\/imeba.clinic\/","logo":{"@type":"ImageObject","inLanguage":"de","@id":"https:\/\/imeba.clinic\/#\/schema\/logo\/image\/","url":"https:\/\/imeba.clinic\/wp-content\/uploads\/2023\/01\/cropped-11722351_740325796094007_2206264894896353109_o.jpg","contentUrl":"https:\/\/imeba.clinic\/wp-content\/uploads\/2023\/01\/cropped-11722351_740325796094007_2206264894896353109_o.jpg","width":1221,"height":349,"caption":"Clinicas IMEBA\u00ae"},"image":{"@id":"https:\/\/imeba.clinic\/#\/schema\/logo\/image\/"},"sameAs":["https:\/\/www.facebook.com\/clinicasimebamallorca","https:\/\/x.com\/IMEBAInfo","https:\/\/www.youtube.com\/@TorstenMarin"]}]}},"_links":{"self":[{"href":"https:\/\/imeba.clinic\/de\/wp-json\/wp\/v2\/pages\/1337","targetHints":{"allow":["GET"]}}],"collection":[{"href":"https:\/\/imeba.clinic\/de\/wp-json\/wp\/v2\/pages"}],"about":[{"href":"https:\/\/imeba.clinic\/de\/wp-json\/wp\/v2\/types\/page"}],"author":[{"embeddable":true,"href":"https:\/\/imeba.clinic\/de\/wp-json\/wp\/v2\/users\/1"}],"replies":[{"embeddable":true,"href":"https:\/\/imeba.clinic\/de\/wp-json\/wp\/v2\/comments?post=1337"}],"version-history":[{"count":3,"href":"https:\/\/imeba.clinic\/de\/wp-json\/wp\/v2\/pages\/1337\/revisions"}],"predecessor-version":[{"id":12250,"href":"https:\/\/imeba.clinic\/de\/wp-json\/wp\/v2\/pages\/1337\/revisions\/12250"}],"up":[{"embeddable":true,"href":"https:\/\/imeba.clinic\/de\/wp-json\/wp\/v2\/pages\/1327"}],"wp:featuredmedia":[{"embeddable":true,"href":"https:\/\/imeba.clinic\/de\/wp-json\/wp\/v2\/media\/1487"}],"wp:attachment":[{"href":"https:\/\/imeba.clinic\/de\/wp-json\/wp\/v2\/media?parent=1337"}],"curies":[{"name":"wp","href":"https:\/\/api.w.org\/{rel}","templated":true}]}}